{"id":314,"date":"2025-03-22T13:35:44","date_gmt":"2025-03-22T13:35:44","guid":{"rendered":"https:\/\/teflonx.com\/?post_type=product&#038;p=314"},"modified":"2026-01-01T13:04:17","modified_gmt":"2026-01-01T13:04:17","slug":"przezroczysta-rura-karbowana-ptfe","status":"publish","type":"product","link":"https:\/\/teflonx.com\/pl\/product\/przezroczysta-rura-karbowana-ptfe\/","title":{"rendered":"Rura karbowana PTFE o niestandardowym rozmiarze, przeznaczona do wysokich ci\u015bnie\u0144 i ciep\u0142a"},"content":{"rendered":"<h1>Przezroczysta rura karbowana PTFE o niestandardowym rozmiarze do wysokich ci\u015bnie\u0144 i wysokich temperatur<\/h1>\n<p>Witamy w <strong>Teflon X<\/strong>, Pa\u0144stwa g\u0142\u00f3wne \u017ar\u00f3d\u0142o zaawansowanych rozwi\u0105za\u0144 fluoropolimerowych. Z dum\u0105 przedstawiamy nasz flagowy produkt <strong>Transparentna rura karbowana PTFE o niestandardowym rozmiarze<\/strong>, rewolucyjny produkt zaprojektowany z my\u015bl\u0105 o rygorystycznych wymaganiach nowoczesnego przemys\u0142u. Niezale\u017cnie od tego, czy maj\u0105 Pa\u0144stwo do czynienia z agresywnymi chemikaliami, ekstremalnymi temperaturami czy \u015brodowiskami wysokoci\u015bnieniowymi, nasze <strong>rura ptfe<\/strong> rozwi\u0105zania s\u0105 zaprojektowane tak, aby zapewnia\u0107 niezr\u00f3wnan\u0105 wydajno\u015b\u0107 i bezpiecze\u0144stwo.<\/p>\n<h2>Przegl\u0105d produktu<\/h2>\n<p>Nasz <strong>Transparentna rura karbowana PTFE o niestandardowym rozmiarze<\/strong> nie jest tylko standardowym rozwi\u0105zaniem w zakresie przewod\u00f3w; to krytyczny komponent system\u00f3w, w kt\u00f3rych awaria nie wchodzi w gr\u0119. Wykonany z wysokiej klasy politetrafluoroetylenu (PTFE), produkt ten <strong>rura teflonowa<\/strong> \u0142\u0105czy elastyczno\u015b\u0107 z legendarn\u0105 oboj\u0119tno\u015bci\u0105 chemiczn\u0105 PTFE. Unikalna karbowana konstrukcja pozwala na ma\u0142y promie\u0144 gi\u0119cia bez za\u0142ama\u0144, co czyni go idealnym wyborem do skomplikowanego prowadzenia przewod\u00f3w w ograniczonych przestrzeniach.<\/p>\n<p>Jedn\u0105 z wyr\u00f3\u017cniaj\u0105cych cech tego produktu <strong>w\u0105\u017c ptfe<\/strong> jest jego przezroczysto\u015b\u0107. W przeciwie\u0144stwie do standardowych, nieprzezroczystych w\u0119\u017cy, nasza transparentna konstrukcja umo\u017cliwia operatorom wizualne monitorowanie przep\u0142ywu, zator\u00f3w lub p\u0119cherzyk\u00f3w powietrza w czasie rzeczywistym, co znacz\u0105co podnosi bezpiecze\u0144stwo i wydajno\u015b\u0107 operacyjn\u0105.<\/p>\n<h3>G\u0142\u00f3wne cechy i korzy\u015bci<\/h3>\n<ul>\n<li><strong>Odporno\u015b\u0107 na ekstremalne temperatury:<\/strong> Zdolny do pracy w \u015brodowiskach o temperaturach od kriogenicznych -200\u00b0C do ekstremalnych 260\u00b0C.<\/li>\n<li><strong>Doskona\u0142a oboj\u0119tno\u015b\u0107 chemiczna:<\/strong> Odporny na niemal wszystkie przemys\u0142owe chemikalia, rozpuszczalniki i \u015brodki korozyjne, co czyni go niezawodnym <strong>rura ptfe<\/strong> w wymagaj\u0105cych procesach.<\/li>\n<li><strong>Odporno\u015b\u0107 na wysokie ci\u015bnienie:<\/strong> Zaprojektowany tak, aby funkcjonowa\u0142 jako solidny <strong>w\u0105\u017c teflonowy wysokoci\u015bnieniowy<\/strong>, zapewniaj\u0105cy stabilno\u015b\u0107 pod obci\u0105\u017ceniem.<\/li>\n<li><strong>Powierzchnia nieprzywieraj\u0105ca:<\/strong> Niski wsp\u00f3\u0142czynnik tarcia gwarantuje p\u0142ynny przep\u0142yw i zapobiega gromadzeniu si\u0119 osad\u00f3w, co upraszcza czyszczenie i konserwacj\u0119.<\/li>\n<li><strong>Elastyczno\u015b\u0107 i trwa\u0142o\u015b\u0107:<\/strong> Spiralna konstrukcja karb\u00f3w zapewnia doskona\u0142\u0105 elastyczno\u015b\u0107 i t\u0142umienie drga\u0144.<\/li>\n<\/ul>\n<h2>Szczeg\u00f3\u0142owe specyfikacje techniczne<\/h2>\n<p>Na <strong>Teflon X<\/strong>, rozumiemy, \u017ce precyzja jest kluczem. Poni\u017cej znajduj\u0105 si\u0119 szczeg\u00f3\u0142owe parametry dla naszych <strong>Transparentna rura karbowana PTFE o niestandardowym rozmiarze<\/strong>. Prosimy o ich przejrzenie w celu zapewnienia kompatybilno\u015bci z Pa\u0144stwa systemem.<\/p>\n<table style=\"width: 100%; border-collapse: collapse; border: 1px solid #ddd;\" border=\"1\" cellspacing=\"0\" cellpadding=\"10\">\n<thead style=\"background-color: #f2f2f2;\">\n<tr>\n<th>Parametr<\/th>\n<th>Specyfikacja<\/th>\n<\/tr>\n<\/thead>\n<tbody>\n<tr>\n<td><strong>Nazwa produktu<\/strong><\/td>\n<td>Transparentna rura karbowana PTFE o niestandardowym rozmiarze<\/td>\n<\/tr>\n<tr>\n<td><strong>Tworzywo<\/strong><\/td>\n<td>100% Pierwotny PTFE (Politetrafluoroetylen)<\/td>\n<\/tr>\n<tr>\n<td><strong>Zakres temperatur<\/strong><\/td>\n<td>-200\u00b0C do +260\u00b0C (-328\u00b0F do +500\u00b0F)<\/td>\n<\/tr>\n<tr>\n<td><strong>Ocena ci\u015bnienia<\/strong><\/td>\n<td>Zaprojektowany do zastosowa\u0144 wysokoci\u015bnieniowych (konkretne parametry zale\u017c\u0105 od grubo\u015bci \u015bcianki i \u015brednicy)<\/td>\n<\/tr>\n<tr>\n<td><strong>Wygl\u0105d<\/strong><\/td>\n<td>Przezroczysty \/ P\u00f3\u0142przezroczysty dla wizualnego monitorowania przep\u0142ywu<\/td>\n<\/tr>\n<tr>\n<td><strong>Struktura<\/strong><\/td>\n<td>Karbowany (fa\u0142dowany) dla zwi\u0119kszonej elastyczno\u015bci<\/td>\n<\/tr>\n<tr>\n<td><strong>Mo\u017cliwo\u015b\u0107 dostosowania<\/strong><\/td>\n<td>Dost\u0119pny w r\u00f3\u017cnych \u015brednicach, d\u0142ugo\u015bciach i grubo\u015bciach \u015bcianek<\/td>\n<\/tr>\n<\/tbody>\n<\/table>\n<h2>Zastosowania naszych wysokoci\u015bnieniowych w\u0119\u017cy teflonowych<\/h2>\n<p>Wszechstronno\u015b\u0107 naszej <strong>w\u0105\u017c ptfe<\/strong> sprawia, \u017ce jest to podstawowy produkt w r\u00f3\u017cnych sektorach. Bran\u017ce, kt\u00f3re polegaj\u0105 na czysto\u015bci i trwa\u0142o\u015bci wysokiej jako\u015bci <strong>rura teflonowa<\/strong> obejmuj\u0105:<\/p>\n<ol>\n<li><strong>Przetwarzanie chemiczne:<\/strong> Bezpieczny transfer kwas\u00f3w, zasad i rozpuszczalnik\u00f3w, w przypadku kt\u00f3rych standardowe w\u0119\u017ce gumowe uleg\u0142yby uszkodzeniu.<\/li>\n<li><strong>Ropa i gaz:<\/strong> wykorzystywany jako niezawodny <strong>w\u0105\u017c teflonowy wysokoci\u015bnieniowy<\/strong> w urz\u0105dzeniach wydobywczych i rafineryjnych.<\/li>\n<li><strong>Produkcja p\u00f3\u0142przewodnik\u00f3w:<\/strong> Wysoka czysto\u015b\u0107 naszego <strong>rura ptfe<\/strong> zapewnia brak zanieczyszcze\u0144 w wra\u017cliwych procesach produkcji chip\u00f3w.<\/li>\n<li><strong>Bran\u017ca farmaceutyczna i spo\u017cywcza:<\/strong> Zgodny z normami higienicznymi, zapewniaj\u0105cy czysto\u015b\u0107 i niezmienno\u015b\u0107 przesy\u0142anych medi\u00f3w.<\/li>\n<li><strong>Bran\u017ca motoryzacyjna i lotnicza:<\/strong> Stosowany w przewodach paliwowych i uk\u0142adach hamulcowych, gdzie odporno\u015b\u0107 na wysok\u0105 temperatur\u0119 i ci\u015bnienie ma kluczowe znaczenie.<\/li>\n<\/ol>\n<h2>Dlaczego warto wybra\u0107 Teflon X?<\/h2>\n<p>Podczas poszukiwania dostawcy \u201e<strong>rura teflonowa<\/strong>\u201d lub \u201e<strong>w\u0105\u017c ptfe<\/strong>\u201d, zapewnienie jako\u015bci jest kwesti\u0105 nadrz\u0119dn\u0105. <strong>Teflon X<\/strong> wykorzystuje najnowocze\u015bniejsz\u0105 technologi\u0119 wyt\u0142aczania i karbowania do produkcji rur spe\u0142niaj\u0105cych rygorystyczne normy mi\u0119dzynarodowe. Nasze zaanga\u017cowanie w dostosowywanie produkt\u00f3w oznacza, \u017ce nie sprzedajemy jedynie gotowych wyrob\u00f3w; dostosowujemy nasze <strong>w\u0105\u017c teflonowy wysokoci\u015bnieniowy<\/strong> do Twoich konkretnych wymaga\u0144 w zakresie d\u0142ugo\u015bci i \u015brednicy.<\/p>\n<p>Ten <strong>Transparentna rura karbowana PTFE o niestandardowym rozmiarze<\/strong> oferuje wyj\u0105tkow\u0105 odporno\u015b\u0107 chemiczn\u0105 i stabilno\u015b\u0107 termiczn\u0105 (-200\u00b0C do 260\u00b0C), co czyni produkt idealnym dla wysokoci\u015bnieniowych zastosowa\u0144 przemys\u0142owych. Przezroczysta konstrukcja umo\u017cliwia monitorowanie w czasie rzeczywistym, a niestandardowe rozmiary zapewniaj\u0105 precyzyjne dopasowanie. Idealne do przetw\u00f3rstwa chemicznego, sektora ropy i gazu oraz \u015brodowisk o ekstremalnych temperaturach.<\/p>\n<h2>Zapraszamy do kontaktu w celu uzyskania rozwi\u0105za\u0144 niestandardowych<\/h2>\n<p>Czy jeste\u015b gotowy, aby ulepszy\u0107 swoje systemy przesy\u0142u p\u0142yn\u00f3w za pomoc\u0105 najlepszych <strong>rura ptfe<\/strong> na rynku? Niezale\u017cnie od tego, czy potrzebujesz standardowego rozmiaru, czy w pe\u0142ni spersonalizowanego <strong>w\u0105\u017c teflonowy wysokoci\u015bnieniowy<\/strong> rozwi\u0105zania, nasz zesp\u00f3\u0142 in\u017cynier\u00f3w jest gotowy, aby Ci pom\u00f3c.<\/p>\n<p>W przypadku zapyta\u0144, wycen lub wsparcia technicznego dotycz\u0105cego naszych <strong>w\u0105\u017c ptfe<\/strong> produkt\u00f3w, prosimy o kontakt:<\/p>\n<ul>\n<li><strong>Odwied\u017a nasz\u0105 stron\u0119 internetow\u0105:<\/strong> <a href=\"https:\/\/teflonx.com\/pl\/\" target=\"_blank\" rel=\"noopener\">https:\/\/teflonx.com\/<\/a><\/li>\n<li><strong>Strona kontaktowa:<\/strong> <a href=\"https:\/\/teflonx.com\/pl\/skontaktuj-sie-z-nami\/\" target=\"_blank\" rel=\"noopener\">Uzyskaj wycen\u0119<\/a><\/li>\n<li><strong>E-mail do dzia\u0142u sprzeda\u017cy:<\/strong> <a href=\"mailto:allison.ye@teflonx.com\">allison.ye@teflonx.com<\/a><\/li>\n<\/ul>\n<p>Wybierz <strong>Teflon X<\/strong> za niezawodno\u015b\u0107, przejrzysto\u015b\u0107 i wydajno\u015b\u0107 w ka\u017cdym dostarczonym metrze rury.<\/p>","protected":false},"excerpt":{"rendered":"<p>Ten <strong>Rura karbowana PTFE<\/strong> oferuje wyj\u0105tkowe <strong>odporno\u015b\u0107 chemiczna<\/strong> I <strong>stabilno\u015b\u0107 cieplna<\/strong> (-200\u00b0C do 260\u00b0C), idealny do zastosowa\u0144 przemys\u0142owych przy wysokim ci\u015bnieniu. <strong>przejrzysty projekt<\/strong> umo\u017cliwia monitorowanie w czasie rzeczywistym, podczas gdy <strong>rozmiary niestandardowe<\/strong>\u00a0zapewniaj\u0105 precyzyjn\u0105 kompatybilno\u015b\u0107. Idealne do przetwarzania chemicznego, ropy i gazu oraz \u015brodowisk o ekstremalnych temperaturach.<\/p>","protected":false},"featured_media":326,"comment_status":"open","ping_status":"closed","template":"","meta":{"site-sidebar-layout":"default","site-content-layout":"","ast-site-content-layout":"default","site-content-style":"default","site-sidebar-style":"default","ast-global-header-display":"","ast-banner-title-visibility":"","ast-main-header-display":"","ast-hfb-above-header-display":"","ast-hfb-below-header-display":"","ast-hfb-mobile-header-display":"","site-post-title":"","ast-breadcrumbs-content":"","ast-featured-img":"","footer-sml-layout":"","ast-disable-related-posts":"","theme-transparent-header-meta":"default","adv-header-id-meta":"","stick-header-meta":"","header-above-stick-meta":"","header-main-stick-meta":"","header-below-stick-meta":"","astra-migrate-meta-layouts":"set","ast-page-background-enabled":"default","ast-page-background-meta":{"desktop":{"background-color":"var(--ast-global-color-5)","background-image":"","background-repeat":"repeat","background-position":"center center","background-size":"auto","background-attachment":"scroll","background-type":"","background-media":"","overlay-type":"","overlay-color":"","overlay-opacity":"","overlay-gradient":""},"tablet":{"background-color":"","background-image":"","background-repeat":"repeat","background-position":"center center","background-size":"auto","background-attachment":"scroll","background-type":"","background-media":"","overlay-type":"","overlay-color":"","overlay-opacity":"","overlay-gradient":""},"mobile":{"background-color":"","background-image":"","background-repeat":"repeat","background-position":"center center","background-size":"auto","background-attachment":"scroll","background-type":"","background-media":"","overlay-type":"","overlay-color":"","overlay-opacity":"","overlay-gradient":""}},"ast-content-background-meta":{"desktop":{"background-color":"var(--ast-global-color-4)","background-image":"","background-repeat":"repeat","background-position":"center center","background-size":"auto","background-attachment":"scroll","background-type":"","background-media":"","overlay-type":"","overlay-color":"","overlay-opacity":"","overlay-gradient":""},"tablet":{"background-color":"var(--ast-global-color-4)","background-image":"","background-repeat":"repeat","background-position":"center center","background-size":"auto","background-attachment":"scroll","background-type":"","background-media":"","overlay-type":"","overlay-color":"","overlay-opacity":"","overlay-gradient":""},"mobile":{"background-color":"var(--ast-global-color-4)","background-image":"","background-repeat":"repeat","background-position":"center center","background-size":"auto","background-attachment":"scroll","background-type":"","background-media":"","overlay-type":"","overlay-color":"","overlay-opacity":"","overlay-gradient":""}}},"product_brand":[290],"product_cat":[42],"product_tag":[63,62,60,61],"class_list":{"0":"post-314","1":"product","2":"type-product","3":"status-publish","4":"has-post-thumbnail","6":"product_brand-teflon-x","7":"product_cat-ptfe-corrugated-hoses","8":"product_tag-high-pressure-teflon-hose","9":"product_tag-ptfe-hose-pipe","10":"product_tag-ptfe-pipe","11":"product_tag-teflon-pipe","12":"desktop-align-left","13":"tablet-align-left","14":"mobile-align-left","16":"first","17":"instock","18":"shipping-taxable","19":"product-type-simple"},"_links":{"self":[{"href":"https:\/\/teflonx.com\/pl\/wp-json\/wp\/v2\/product\/314","targetHints":{"allow":["GET"]}}],"collection":[{"href":"https:\/\/teflonx.com\/pl\/wp-json\/wp\/v2\/product"}],"about":[{"href":"https:\/\/teflonx.com\/pl\/wp-json\/wp\/v2\/types\/product"}],"replies":[{"embeddable":true,"href":"https:\/\/teflonx.com\/pl\/wp-json\/wp\/v2\/comments?post=314"}],"wp:featuredmedia":[{"embeddable":true,"href":"https:\/\/teflonx.com\/pl\/wp-json\/wp\/v2\/media\/326"}],"wp:attachment":[{"href":"https:\/\/teflonx.com\/pl\/wp-json\/wp\/v2\/media?parent=314"}],"wp:term":[{"taxonomy":"product_brand","embeddable":true,"href":"https:\/\/teflonx.com\/pl\/wp-json\/wp\/v2\/product_brand?post=314"},{"taxonomy":"product_cat","embeddable":true,"href":"https:\/\/teflonx.com\/pl\/wp-json\/wp\/v2\/product_cat?post=314"},{"taxonomy":"product_tag","embeddable":true,"href":"https:\/\/teflonx.com\/pl\/wp-json\/wp\/v2\/product_tag?post=314"}],"curies":[{"name":"WP","href":"https:\/\/api.w.org\/{rel}","templated":true}]}}