{"id":368,"date":"2025-03-25T13:45:14","date_gmt":"2025-03-25T13:45:14","guid":{"rendered":"https:\/\/teflonx.com\/?post_type=product&#038;p=368"},"modified":"2025-12-29T19:05:12","modified_gmt":"2025-12-29T19:05:12","slug":"rurki-termokurczliwe","status":"publish","type":"product","link":"https:\/\/teflonx.com\/pl\/product\/rurki-termokurczliwe\/","title":{"rendered":"Rurki termokurczliwe o wysokiej przejrzysto\u015bci do okablowania przemys\u0142owego \u2013 niskie tarcie"},"content":{"rendered":"<h2 id=\"product-overview\">Przegl\u0105d produktu<\/h2>\n<p>Do\u015bwiadcz bezkonkurencyjnej ochrony dzi\u0119ki produktom Teflon X <strong>rurka termokurczliwa<\/strong>, charakteryzuj\u0105cym si\u0119 konstrukcj\u0105 z PFA o wysokiej klarowno\u015bci, zapewniaj\u0105c\u0105 doskona\u0142\u0105 przezroczysto\u015b\u0107 optyczn\u0105 i wydajno\u015b\u0107 klasy przemys\u0142owej. Nasze <strong>rurka termokurczliwa<\/strong> zosta\u0142o skrupulatnie zaprojektowane z my\u015bl\u0105 o niskim tarciu i wyj\u0105tkowej odporno\u015bci chemicznej, zabezpieczaj\u0105c przewody i po\u0142\u0105czenia w najbardziej wymagaj\u0105cych \u015brodowiskach. W\u0142a\u015bciwo\u015bci antyadhezyjne tego <strong>rurka termokurczliwa<\/strong> skutecznie zapobiegaj\u0105 przywieraniu zanieczyszcze\u0144, co czyni go niezb\u0119dnym rozwi\u0105zaniem w przetw\u00f3rstwie spo\u017cywczym, sprz\u0119cie medycznym i nie tylko. Dzi\u0119ki certyfikatowi UL zapewniaj\u0105cemu bezpiecze\u0144stwo i niezawodno\u015b\u0107, produkty Teflon X <strong>rurka termokurczliwa<\/strong> zapewniaj\u0105 solidn\u0105 izolacj\u0119, zachowuj\u0105c jednocze\u015bnie krystalicznie czyst\u0105 widoczno\u015b\u0107 dla bezproblemowych przegl\u0105d\u00f3w i konserwacji.<\/p>\n<p>Jako lider w dziedzinie innowacji fluoropolimerowych, Teflon X dostarcza najwy\u017cszej jako\u015bci <strong>rurka termokurczliwa<\/strong> , kt\u00f3re doskonale sprawdzaj\u0105 si\u0119 w trudnych warunkach, od ekstremalnych temperatur po nara\u017cenie na substancje korozyjne. Odkryj nasz\u0105 pe\u0142n\u0105 ofert\u0119 pod adresem <a href=\"https:\/\/teflonx.com\/pl\/\" target=\"_blank\" rel=\"noopener\">https:\/\/teflonx.com\/<\/a>, lub skontaktuj si\u0119 z naszym zespo\u0142em za po\u015brednictwem <a href=\"https:\/\/teflonx.com\/pl\/skontaktuj-sie-z-nami\/\" target=\"_blank\" rel=\"noopener\">Strona kontaktowa<\/a> lub poczt\u0105 elektroniczn\u0105 pod adresem <a href=\"mailto:Allison.Ye@teflonx.com\" target=\"_blank\" rel=\"noopener\"><strong>Allison.Ye@teflonx.com<\/strong><\/a> w celu uzyskania spersonalizowanych rekomendacji dotycz\u0105cych <strong>rurka termokurczliwa<\/strong> Aplikacje.<\/p>\n<h2 id=\"key-features\">G\u0142\u00f3wne cechy<\/h2>\n<ul>\n<li><strong>Wyj\u0105tkowa Wysoka Klarowno\u015b\u0107<\/strong>: Zapewnia niezr\u00f3wnan\u0105 przezroczysto\u015b\u0107 optyczn\u0105 w <strong>rurka termokurczliwa<\/strong> w celu precyzyjnego monitorowania wizualnego okablowania i komponent\u00f3w.<\/li>\n<li><strong>Konstrukcja o Niskim Tarciu<\/strong>: Zapewnia sprawn\u0105 instalacj\u0119 i mniejsze zu\u017cycie, co jest kluczow\u0105 zalet\u0105 naszych zaawansowanych <strong>rurka termokurczliwa<\/strong>.<\/li>\n<li><strong>Doskona\u0142a odporno\u015b\u0107 chemiczna<\/strong>: Chroni przed kwasami, rozpuszczalnikami i substancjami \u017cr\u0105cymi, przed\u0142u\u017caj\u0105c \u017cywotno\u015b\u0107 chronionych przewod\u00f3w dzi\u0119ki niezawodnej <strong>rurka termokurczliwa<\/strong>.<\/li>\n<li><strong>Powierzchnia nieprzywieraj\u0105ca<\/strong>: Zapobiega gromadzeniu si\u0119 zanieczyszcze\u0144 i upraszcza czyszczenie, idealne dla \u015brodowisk higienicznych wykorzystuj\u0105cych <strong>rurka termokurczliwa<\/strong>.<\/li>\n<li><strong>Szeroki Zakres Temperatur<\/strong>: Pracuje w spos\u00f3b ci\u0105g\u0142y w temperaturach od -200\u00b0C do +260\u00b0C, z kr\u00f3tkotrwa\u0142ymi skokami do 300\u00b0C, co zapewnia wszechstronne <strong>rurka termokurczliwa<\/strong> u\u017cycie.<\/li>\n<li><strong>Bezpiecze\u0144stwo Potwierdzone Certyfikatem UL<\/strong>: Spe\u0142nia surowe normy dotycz\u0105ce palno\u015bci i parametr\u00f3w elektrycznych w <strong>rurka termokurczliwa<\/strong> dla okablowania przemys\u0142owego.<\/li>\n<li><strong>Doskona\u0142a izolacja elektryczna<\/strong>: Wysoka wytrzyma\u0142o\u015b\u0107 dielektryczna chroni przed zwarciami i zwi\u0119ksza bezpiecze\u0144stwo w <strong>rurka termokurczliwa<\/strong> Aplikacje.<\/li>\n<li><strong>Odporno\u015b\u0107 na promieniowanie UV i \u015bcieranie<\/strong>: Zachowuje integralno\u015b\u0107 w warunkach zewn\u0119trznych i przy du\u017cym zu\u017cyciu, wspieraj\u0105c trwa\u0142e <strong>rurka termokurczliwa<\/strong> instalacje.<\/li>\n<li><strong>Elastyczny wsp\u00f3\u0142czynnik skurczu<\/strong>: Skurcz w stosunku 2:1 pozwala na bezpieczne dopasowanie do nieregularnych kszta\u0142t\u00f3w dzi\u0119ki naszym <strong>rurka termokurczliwa<\/strong>.<\/li>\n<\/ul>\n<h2 id=\"technical-specifications\">Dane techniczne<\/h2>\n<p>Teflonowe X-y <strong>rurka termokurczliwa<\/strong> jest zgodny z wiod\u0105cymi standardami bran\u017cowymi w zakresie jako\u015bci i wydajno\u015bci. Poni\u017cej znajduje si\u0119 kompleksowa tabela kluczowych parametr\u00f3w:<\/p>\n<table>\n<thead>\n<tr>\n<th>Parametr<\/th>\n<th>Specyfikacja<\/th>\n<th>Notatki<\/th>\n<\/tr>\n<\/thead>\n<tbody>\n<tr>\n<td><strong>Tworzywo<\/strong><\/td>\n<td>Perfluoroalkoksy (PFA)<\/td>\n<td>Fluoropolimer zapewniaj\u0105cy doskona\u0142\u0105 wydajno\u015b\u0107<\/td>\n<\/tr>\n<tr>\n<td><strong>Kolor<\/strong><\/td>\n<td>Przezroczysty \/ Transparentny<\/td>\n<td>Wysoka klarowno\u015b\u0107 optyczna umo\u017cliwiaj\u0105ca kontrol\u0119 wizualn\u0105<\/td>\n<\/tr>\n<tr>\n<td><strong>Wsp\u00f3\u0142czynnik skurczu<\/strong><\/td>\n<td>2:1<\/td>\n<td>Rozszerza si\u0119, aby pasowa\u0107 do komponent\u00f3w, kurczy si\u0119 do 50% oryginalnej \u015brednicy<\/td>\n<\/tr>\n<tr>\n<td><strong>Temperatura pracy<\/strong><\/td>\n<td>-200\u00b0C do +260\u00b0C (praca ci\u0105g\u0142a)<\/td>\n<td>Kr\u00f3tkotrwale do +300\u00b0C; odpowiedni do zastosowa\u0144 od kriogenicznych po wysokotemperaturowe<\/td>\n<\/tr>\n<tr>\n<td><strong>Temperatura obkurczania<\/strong><\/td>\n<td>150\u00b0C \u2013 200\u00b0C<\/td>\n<td>Szybkie obkurczanie przy u\u017cyciu standardowych \u017ar\u00f3de\u0142 ciep\u0142a, takich jak opalarki<\/td>\n<\/tr>\n<tr>\n<td><strong>Wytrzyma\u0142o\u015b\u0107 dielektryczna<\/strong><\/td>\n<td>&gt;15 kV\/mm<\/td>\n<td>Doskona\u0142a izolacja do zastosowa\u0144 wysokonapi\u0119ciowych<\/td>\n<\/tr>\n<tr>\n<td><strong>Wytrzyma\u0142o\u015b\u0107 na rozci\u0105ganie<\/strong><\/td>\n<td>\u226525 MPa<\/td>\n<td>Wysoka trwa\u0142o\u015b\u0107 mechaniczna<\/td>\n<\/tr>\n<tr>\n<td><strong>Wyd\u0142u\u017cenie przy zerwaniu<\/strong><\/td>\n<td>\u2265300%<\/td>\n<td>Elastyczny i odporny na p\u0119kanie<\/td>\n<\/tr>\n<tr>\n<td><strong>Twardo\u015b\u0107 (Shore D)<\/strong><\/td>\n<td>55 &#8211; 65<\/td>\n<td>R\u00f3wnowa\u017cy elastyczno\u015b\u0107 ze sztywno\u015bci\u0105<\/td>\n<\/tr>\n<tr>\n<td><strong>Ci\u0119\u017car w\u0142a\u015bciwy<\/strong><\/td>\n<td>2,15 g\/cm\u00b3<\/td>\n<td>Lekki, a zarazem wytrzyma\u0142y<\/td>\n<\/tr>\n<tr>\n<td><strong>Palno\u015b\u0107<\/strong><\/td>\n<td>UL 224 VW-1<\/td>\n<td>Samogasn\u0105cy, o niskiej emisji dymu<\/td>\n<\/tr>\n<tr>\n<td><strong>Standardowe rozmiary (\u015brednica wewn\u0119trzna)<\/strong><\/td>\n<td>1,0 mm \u2013 50 mm<\/td>\n<td>Rozmiary niestandardowe dost\u0119pne na \u017cyczenie<\/td>\n<\/tr>\n<tr>\n<td><strong>Grubo\u015b\u0107 \u015bcianki (po obkurczeniu)<\/strong><\/td>\n<td>0,2 mm \u2013 2,0 mm<\/td>\n<td>Cienkie \u015bcianki do projekt\u00f3w o ograniczonej przestrzeni<\/td>\n<\/tr>\n<\/tbody>\n<\/table>\n<p><em>Uwaga: Specyfikacje oparto na standardowych metodach testowych (np. ASTM D2671). Aby uzyska\u0107 dok\u0142adne warto\u015bci dostosowane do konkretnego zastosowania, skontaktuj si\u0119 z Teflon X.<\/em><\/p>\n<h2 id=\"applications\">Aplikacje<\/h2>\n<p>Teflonowe X-y <strong>rurka termokurczliwa<\/strong> zosta\u0142 zaprojektowany z my\u015bl\u0105 o wszechstronno\u015bci w kluczowych sektorach:<\/p>\n<ul>\n<li><strong>Okablowanie przemys\u0142owe i elektronika<\/strong>: Izoluje wi\u0105zki i z\u0142\u0105cza dzi\u0119ki wysokiej przejrzysto\u015bci <strong>rurka termokurczliwa<\/strong> dla niezawodnej, mo\u017cliwej do skontrolowania ochrony.<\/li>\n<li><strong>Przetw\u00f3rstwo spo\u017cywcze i sprz\u0119t medyczny<\/strong>: Nieprzywieraj\u0105cy, o niskim wsp\u00f3\u0142czynniku tarcia <strong>rurka termokurczliwa<\/strong> zapobiega zanieczyszczeniom w operacjach sterylnych i higienicznych.<\/li>\n<li><strong>Przemys\u0142 lotniczy i motoryzacyjny<\/strong>: Wytrzymuje ekstremalne temperatury i chemikalia dzi\u0119ki zastosowaniu trwa\u0142ych <strong>rurka termokurczliwa<\/strong> dla okablowania silnik\u00f3w i awioniki.<\/li>\n<li><strong>Systemy chemiczne i HVAC<\/strong>: Odporny na korozj\u0119 <strong>rurka termokurczliwa<\/strong> chroni przed agresywnymi p\u0142ynami i obci\u0105\u017ceniami \u015brodowiskowymi.<\/li>\n<li><strong>P\u00f3\u0142przewodniki i Laboratorium<\/strong>: Wysoka czysto\u015b\u0107 <strong>rurka termokurczliwa<\/strong> wspiera monta\u017c wolny od zanieczyszcze\u0144 oraz transport p\u0142yn\u00f3w.<\/li>\n<\/ul>\n<p>Zgodnie z normami UL, RoHS i SEMI, nasz <strong>rurka termokurczliwa<\/strong> integruje si\u0119 bezproblemowo z regulowanymi procesami roboczymi.<\/p>\n<h2 id=\"why-choose-teflon-x-s-heat-shrink-tubing-\">Dlaczego warto wybra\u0107 rurki termokurczliwe Teflon X?<\/h2>\n<p>Teflon X wyr\u00f3\u017cnia si\u0119 <strong>rurka termokurczliwa<\/strong> kt\u00f3re \u0142\u0105cz\u0105 wysok\u0105 klarowno\u015b\u0107, niskie tarcie i niezr\u00f3wnan\u0105 trwa\u0142o\u015b\u0107, wsparte dziesi\u0119cioleciami do\u015bwiadczenia w dziedzinie fluoropolimer\u00f3w. Nasze produkty z certyfikatem UL przechodz\u0105 rygorystyczne testy zgodne z normami ISO, aby zagwarantowa\u0107 wydajno\u015b\u0107 w najtrudniejszych warunkach. Udoskonal swoje rozwi\u0105zania w zakresie okablowania przemys\u0142owego \u2014 skontaktuj si\u0119 z nami ju\u017c dzi\u015b pod adresem <a href=\"mailto:Allison.Ye@teflonx.com\" target=\"_blank\" rel=\"noopener\"><strong>Allison.Ye@teflonx.com<\/strong><\/a> Lub <a href=\"https:\/\/teflonx.com\/pl\/skontaktuj-sie-z-nami\/\" target=\"_blank\" rel=\"noopener\">https:\/\/teflonx.com\/contact-us\/<\/a> w celu uzyskania wycen, pr\u00f3bek lub niestandardowych <strong>rurka termokurczliwa<\/strong> opcje.<\/p>\n<hr \/>","protected":false},"excerpt":{"rendered":"<p>Rurka termokurczliwa PFA o wysokiej przejrzysto\u015bci \u0142\u0105czy przejrzysto\u015b\u0107 optyczn\u0105 z wydajno\u015bci\u0105 klasy przemys\u0142owej. Zaprojektowana z my\u015bl\u0105 o niskim tarciu i odporno\u015bci chemicznej, chroni przewody w trudnych warunkach. W\u0142a\u015bciwo\u015bci nieprzywieraj\u0105ce materia\u0142u zapobiegaj\u0105 przywieraniu zanieczyszcze\u0144, idealne do przetw\u00f3rstwa \u017cywno\u015bci lub sprz\u0119tu medycznego. Dzi\u0119ki certyfikacji UL gwarantuje bezpiecze\u0144stwo i niezawodno\u015b\u0107.<\/p>","protected":false},"featured_media":340,"comment_status":"open","ping_status":"closed","template":"","meta":{"site-sidebar-layout":"default","site-content-layout":"","ast-site-content-layout":"default","site-content-style":"default","site-sidebar-style":"default","ast-global-header-display":"","ast-banner-title-visibility":"","ast-main-header-display":"","ast-hfb-above-header-display":"","ast-hfb-below-header-display":"","ast-hfb-mobile-header-display":"","site-post-title":"","ast-breadcrumbs-content":"","ast-featured-img":"","footer-sml-layout":"","ast-disable-related-posts":"","theme-transparent-header-meta":"default","adv-header-id-meta":"","stick-header-meta":"","header-above-stick-meta":"","header-main-stick-meta":"","header-below-stick-meta":"","astra-migrate-meta-layouts":"set","ast-page-background-enabled":"default","ast-page-background-meta":{"desktop":{"background-color":"var(--ast-global-color-5)","background-image":"","background-repeat":"repeat","background-position":"center center","background-size":"auto","background-attachment":"scroll","background-type":"","background-media":"","overlay-type":"","overlay-color":"","overlay-opacity":"","overlay-gradient":""},"tablet":{"background-color":"","background-image":"","background-repeat":"repeat","background-position":"center center","background-size":"auto","background-attachment":"scroll","background-type":"","background-media":"","overlay-type":"","overlay-color":"","overlay-opacity":"","overlay-gradient":""},"mobile":{"background-color":"","background-image":"","background-repeat":"repeat","background-position":"center center","background-size":"auto","background-attachment":"scroll","background-type":"","background-media":"","overlay-type":"","overlay-color":"","overlay-opacity":"","overlay-gradient":""}},"ast-content-background-meta":{"desktop":{"background-color":"var(--ast-global-color-4)","background-image":"","background-repeat":"repeat","background-position":"center center","background-size":"auto","background-attachment":"scroll","background-type":"","background-media":"","overlay-type":"","overlay-color":"","overlay-opacity":"","overlay-gradient":""},"tablet":{"background-color":"var(--ast-global-color-4)","background-image":"","background-repeat":"repeat","background-position":"center center","background-size":"auto","background-attachment":"scroll","background-type":"","background-media":"","overlay-type":"","overlay-color":"","overlay-opacity":"","overlay-gradient":""},"mobile":{"background-color":"var(--ast-global-color-4)","background-image":"","background-repeat":"repeat","background-position":"center center","background-size":"auto","background-attachment":"scroll","background-type":"","background-media":"","overlay-type":"","overlay-color":"","overlay-opacity":"","overlay-gradient":""}}},"product_brand":[290],"product_cat":[488],"product_tag":[65,64,67,66],"class_list":{"0":"post-368","1":"product","2":"type-product","3":"status-publish","4":"has-post-thumbnail","6":"product_brand-teflon-x","7":"product_cat-pfa-heat-shrink-tubing","8":"product_tag-clear-heat-shrink","9":"product_tag-clear-heat-shrink-tubing","10":"product_tag-heat-shrink-connectors","11":"product_tag-transparent-shrink-tube","12":"desktop-align-left","13":"tablet-align-left","14":"mobile-align-left","16":"first","17":"instock","18":"shipping-taxable","19":"product-type-simple"},"_links":{"self":[{"href":"https:\/\/teflonx.com\/pl\/wp-json\/wp\/v2\/product\/368","targetHints":{"allow":["GET"]}}],"collection":[{"href":"https:\/\/teflonx.com\/pl\/wp-json\/wp\/v2\/product"}],"about":[{"href":"https:\/\/teflonx.com\/pl\/wp-json\/wp\/v2\/types\/product"}],"replies":[{"embeddable":true,"href":"https:\/\/teflonx.com\/pl\/wp-json\/wp\/v2\/comments?post=368"}],"wp:featuredmedia":[{"embeddable":true,"href":"https:\/\/teflonx.com\/pl\/wp-json\/wp\/v2\/media\/340"}],"wp:attachment":[{"href":"https:\/\/teflonx.com\/pl\/wp-json\/wp\/v2\/media?parent=368"}],"wp:term":[{"taxonomy":"product_brand","embeddable":true,"href":"https:\/\/teflonx.com\/pl\/wp-json\/wp\/v2\/product_brand?post=368"},{"taxonomy":"product_cat","embeddable":true,"href":"https:\/\/teflonx.com\/pl\/wp-json\/wp\/v2\/product_cat?post=368"},{"taxonomy":"product_tag","embeddable":true,"href":"https:\/\/teflonx.com\/pl\/wp-json\/wp\/v2\/product_tag?post=368"}],"curies":[{"name":"WP","href":"https:\/\/api.w.org\/{rel}","templated":true}]}}