{"id":417,"date":"2025-03-27T09:03:25","date_gmt":"2025-03-27T09:03:25","guid":{"rendered":"https:\/\/teflonx.com\/?post_type=product&#038;p=417"},"modified":"2026-01-01T13:50:30","modified_gmt":"2026-01-01T13:50:30","slug":"waz-karbowany-ptfe","status":"publish","type":"product","link":"https:\/\/teflonx.com\/pl\/product\/waz-karbowany-ptfe\/","title":{"rendered":"W\u0105\u017c karbowany PTFE \u2013 elastyczna rura teflonowa do chemikali\u00f3w"},"content":{"rendered":"<h2>W\u0105\u017c karbowany PTFE \u2013 elastyczna rura teflonowa do chemikali\u00f3w<\/h2>\n<p>Witamy w <strong><a href=\"https:\/\/teflonx.com\/pl\/\" target=\"_blank\" rel=\"noopener\">Teflon X<\/a><\/strong>lidera w bran\u017cy wysokowydajnych rozwi\u0105za\u0144 do transferu p\u0142yn\u00f3w. Z dum\u0105 przedstawiamy nasze produkty premium <strong>W\u0105\u017c karbowany PTFE<\/strong>to najnowocze\u015bniejsze rozwi\u0105zanie zaprojektowane, aby sprosta\u0107 rygorystycznym wymaganiom wsp\u00f3\u0142czesnego przemys\u0142u. Niezale\u017cnie od tego, czy zarz\u0105dzasz agresywnymi chemikaliami, czy potrzebujesz solidnego rozwi\u0105zania dla ci\u0119\u017ckich maszyn, nasze <strong>w\u0119\u017ce teflonowe<\/strong> zapewniaj\u0105 niezr\u00f3wnan\u0105 niezawodno\u015b\u0107 i trwa\u0142o\u015b\u0107.<\/p>\n<p>Zaprojektowany z precyzj\u0105, ten <strong>elastyczna rura karbowana<\/strong> \u0142\u0105czy w sobie doskona\u0142\u0105 oboj\u0119tno\u015b\u0107 chemiczn\u0105 PTFE z wytrzyma\u0142o\u015bci\u0105 strukturaln\u0105 wymagan\u0105 w \u015brodowiskach wysokoci\u015bnieniowych. Jako wszechstronny <strong>czarna plastikowa rura karbowana<\/strong>Jest to preferowany wyb\u00f3r dla in\u017cynier\u00f3w, kt\u00f3rzy chc\u0105 zminimalizowa\u0107 przestoje konserwacyjne przy jednoczesnej maksymalizacji wydajno\u015bci operacyjnej.<\/p>\n<h3>Zaawansowana konstrukcja: Spiralne wzmocnienie z drutu stalowego<\/h3>\n<p>Co sprawia, \u017ce Teflon X <strong>w\u0105\u017c elastyczny falisty<\/strong> wyr\u00f3\u017cnia si\u0119 zaawansowan\u0105 konstrukcj\u0105. W przeciwie\u0144stwie do standardowych rurek, nasze w\u0119\u017ce posiadaj\u0105 specjalistyczn\u0105 <strong>Spiralne nawijanie drutu stalowego<\/strong>. Wzmocnienie to ma kluczowe znaczenie dla utrzymania integralno\u015bci w\u0119\u017ca w ekstremalnych warunkach. Zapewnia ono nast\u0119puj\u0105ce kluczowe korzy\u015bci:<\/p>\n<ul>\n<li><strong>Odporno\u015b\u0107 na za\u0142amania:<\/strong> Spiralny drut zapobiega zwijaniu si\u0119 lub za\u0142amywaniu w\u0119\u017ca, nawet podczas zginania pod ostrym k\u0105tem w ciasnych przestrzeniach maszyn.<\/li>\n<li><strong>Odporno\u015b\u0107 na pr\u00f3\u017cni\u0119 i wysokie ci\u015bnienie:<\/strong> Wzmocnienie strukturalne pozwala w\u0119\u017cowi wytrzyma\u0107 znaczne ci\u015bnienie wewn\u0119trzne i podci\u015bnienie bez deformacji.<\/li>\n<li><strong>Trwa\u0142o\u015b\u0107:<\/strong> Po\u0142\u0105czenie PTFE i drutu stalowego tworzy solidn\u0105 barier\u0119 przed fizycznym zu\u017cyciem, wyd\u0142u\u017caj\u0105c \u017cywotno\u015b\u0107 w\u0119\u017ca.<\/li>\n<\/ul>\n<h3>Doskona\u0142a charakterystyka wydajno\u015bci<\/h3>\n<p>Nasz <strong>W\u0119\u017ce PTFE<\/strong> zosta\u0142y zaprojektowane tak, aby sprawdza\u0107 si\u0119 tam, gdzie inne materia\u0142y zawodz\u0105. Unikalne w\u0142a\u015bciwo\u015bci naszych <strong>w\u0105\u017c falisty<\/strong> czyni\u0105 go niezb\u0119dnym zasobem w r\u00f3\u017cnych sektorach:<\/p>\n<h4>1. Wyj\u0105tkowa odporno\u015b\u0107 chemiczna<\/h4>\n<p>W przemy\u015ble chemicznym transport p\u0142yn\u00f3w korozyjnych jest codziennym wyzwaniem. Nasz <strong>W\u0105\u017c karbowany PTFE<\/strong> jest chemicznie oboj\u0119tny, co oznacza, \u017ce nie reaguje z kwasami, zasadami ani rozpuszczalnikami. Zapewnia to czysto\u015b\u0107 przesy\u0142anego p\u0142ynu i zapobiega degradacji materia\u0142u w\u0119\u017ca w miar\u0119 up\u0142ywu czasu.<\/p>\n<h4>2. Zero tarcia i higieniczna konstrukcja<\/h4>\n<p>Wn\u0119trze naszego <strong>elastyczna rura karbowana<\/strong> zosta\u0142 zaprojektowany z my\u015bl\u0105 o \"zerowym tarciu\". Ta g\u0142adka \u015bcianka wewn\u0119trzna u\u0142atwia niezak\u0142\u00f3cony przep\u0142yw p\u0142yn\u00f3w, zmniejszaj\u0105c turbulencje i poprawiaj\u0105c wydajno\u015b\u0107. Ponadto w\u0105\u017c obs\u0142uguje <strong>Czyszczenie CIP (Clean-in-Place) i SIP (Sterilize-in-Place)<\/strong> protoko\u0142\u00f3w, dzi\u0119ki czemu doskonale nadaje si\u0119 do sprz\u0119tu medycznego i zastosowa\u0144 farmaceutycznych, w kt\u00f3rych higiena jest najwa\u017cniejsza.<\/p>\n<h4>3. Stabilno\u015b\u0107 temperatury<\/h4>\n<p>Od mro\u017anych \u015brodowisk po silniki samochodowe o wysokiej temperaturze, nasze <strong>w\u0119\u017ce teflonowe<\/strong> zachowuj\u0105 swoj\u0105 elastyczno\u015b\u0107 i wytrzyma\u0142o\u015b\u0107. Odporno\u015b\u0107 na wysokie temperatury gwarantuje, \u017ce w\u0105\u017c nie p\u0119knie, nie stopi si\u0119 ani nie straci swoich w\u0142a\u015bciwo\u015bci ochronnych podczas pracy.<\/p>\n<hr \/>\n<h3>Dane techniczne<\/h3>\n<p>Prosimy o zapoznanie si\u0119 ze szczeg\u00f3\u0142owymi parametrami <strong>W\u0105\u017c karbowany PTFE<\/strong> poni\u017cej, aby upewni\u0107 si\u0119, \u017ce spe\u0142nia wymagania projektu:<\/p>\n<ul>\n<li><strong>Nazwa produktu:<\/strong> Rura falista<\/li>\n<li><strong>Marka produktu:<\/strong> Teflon X<\/li>\n<li><strong>Materia\u0142 produktu:<\/strong> Premium PTFE (politetrafluoroetylen)<\/li>\n<li><strong>Wzmocnienie:<\/strong> Spiralne nawijanie drutu stalowego<\/li>\n<li><strong>Kolor produktu:<\/strong> Czarny<\/li>\n<li><strong>Kluczowe cechy:<\/strong> Odporno\u015b\u0107 na za\u0142amania, odporno\u015b\u0107 na pr\u00f3\u017cni\u0119, zerowe tarcie, odporno\u015b\u0107 na wysokie ci\u015bnienie i temperatur\u0119<\/li>\n<li><strong>Standardy czyszczenia:<\/strong> Nadaje si\u0119 do czyszczenia CIP i SIP<\/li>\n<li><strong>Personalizacja przetwarzania:<\/strong> Wsparcie (dost\u0119pna pe\u0142na personalizacja)<\/li>\n<li><strong>Rozmiar produktu:<\/strong> Mo\u017cliwo\u015b\u0107 dostosowania do konkretnych wymaga\u0144 dotycz\u0105cych \u015brednicy i d\u0142ugo\u015bci<\/li>\n<\/ul>\n<hr \/>\n<h3>Wszechstronne zastosowania przemys\u0142owe<\/h3>\n<p>Zdolno\u015b\u0107 adaptacji naszego <strong>czarna plastikowa rura karbowana<\/strong> pozwala mu s\u0142u\u017cy\u0107 jako krytyczny komponent w wielu bran\u017cach:<\/p>\n<ul>\n<li><strong>Przemys\u0142 chemiczny:<\/strong> Bezpieczne przenoszenie agresywnych kwas\u00f3w, zasad i rozpuszczalnik\u00f3w.<\/li>\n<li><strong>Automobilowy:<\/strong> Idealny do przewod\u00f3w paliwowych, ch\u0142odzenia oleju i p\u0142yn\u00f3w przek\u0142adniowych ze wzgl\u0119du na odporno\u015b\u0107 na ciep\u0142o.<\/li>\n<li><strong>Sprz\u0119t medyczny:<\/strong> Biokompatybilny transfer p\u0142yn\u00f3w wymagaj\u0105cy \u015bcis\u0142ej sterylizacji (CIP\/SIP).<\/li>\n<li><strong>Sprz\u0119t i technologia cyfrowa:<\/strong> Os\u0142ona ochronna dla wra\u017cliwych kabli i przewod\u00f3w.<\/li>\n<li><strong>Maszyny:<\/strong> Transfer p\u0142ynu hydraulicznego i elastyczne po\u0142\u0105czenia ruchomych cz\u0119\u015bci.<\/li>\n<\/ul>\n<h3>Personalizacja i wsparcie ekspert\u00f3w<\/h3>\n<p>W Teflon X rozumiemy, \u017ce ka\u017cdy projekt jest wyj\u0105tkowy. Oferujemy szeroki zakres <strong>Dostosowanie przetwarzania<\/strong> dla naszego <strong>w\u0105\u017c elastyczny falisty<\/strong>. Niezale\u017cnie od tego, czy potrzebna jest konkretna d\u0142ugo\u015b\u0107, \u015brednica, czy monta\u017c, nasz zesp\u00f3\u0142 in\u017cynier\u00f3w jest gotowy dostosowa\u0107 produkt do dok\u0142adnych specyfikacji.<\/p>\n<p>Nie zadowalaj si\u0119 standardowymi rurkami, gdy Twoje zastosowanie wymaga najlepszych rozwi\u0105za\u0144. Wybierz Teflon X dla <strong>elastyczna rura karbowana<\/strong> kt\u00f3ra zapewnia bezpiecze\u0144stwo, wydajno\u015b\u0107 i trwa\u0142o\u015b\u0107.<\/p>\n<h3>Skontaktuj si\u0119 z nami<\/h3>\n<p>Chcesz z\u0142o\u017cy\u0107 zam\u00f3wienie lub potrzebujesz porady technicznej dotycz\u0105cej naszych <strong>W\u0119\u017ce PTFE<\/strong>? Nasz zesp\u00f3\u0142 jest gotowy do pomocy.<\/p>\n<p><strong>E-mail:<\/strong> <a href=\"mailto:allison.ye@teflonx.com\">allison.ye@teflonx.com<\/a><br \/>\n<strong>Odwied\u017a nasz\u0105 stron\u0119 kontaktow\u0105:<\/strong> <a href=\"https:\/\/teflonx.com\/pl\/skontaktuj-sie-z-nami\/\" target=\"_blank\" rel=\"noopener\">https:\/\/teflonx.com\/contact-us\/<\/a><\/p>\n<p><em>Zaufaj Teflon X dla najwy\u017cszej jako\u015bci <strong>w\u0119\u017ce teflonowe<\/strong> i rozwi\u0105zania przemys\u0142owe.<\/em><\/p>","protected":false},"excerpt":{"rendered":"<p>W\u0119\u017ce karbowane PTFE, wykonane z Teflonu X, zapewniaj\u0105 doskona\u0142\u0105 odporno\u015b\u0107 chemiczn\u0105 i elastyczno\u015b\u0107 w zastosowaniach maszynowych i sprz\u0119towych. Te w\u0119\u017ce teflonowe charakteryzuj\u0105 si\u0119 g\u0142adk\u0105 \u015bciank\u0105 wewn\u0119trzn\u0105, co zapewnia lepszy przep\u0142yw p\u0142ynu i \u0142atw\u0105 konserwacj\u0119. Dzi\u0119ki spiralnemu wzmocnieniu z drutu stalowego ten czarny karbowany elastyczny w\u0105\u017c wytrzymuje wysokie ci\u015bnienie i podci\u015bnienie, co jest idealne do niestandardowych rozmiar\u00f3w.<\/p>","protected":false},"featured_media":406,"comment_status":"open","ping_status":"closed","template":"","meta":{"site-sidebar-layout":"default","site-content-layout":"","ast-site-content-layout":"default","site-content-style":"default","site-sidebar-style":"default","ast-global-header-display":"","ast-banner-title-visibility":"","ast-main-header-display":"","ast-hfb-above-header-display":"","ast-hfb-below-header-display":"","ast-hfb-mobile-header-display":"","site-post-title":"","ast-breadcrumbs-content":"","ast-featured-img":"","footer-sml-layout":"","ast-disable-related-posts":"","theme-transparent-header-meta":"default","adv-header-id-meta":"","stick-header-meta":"","header-above-stick-meta":"","header-main-stick-meta":"","header-below-stick-meta":"","astra-migrate-meta-layouts":"set","ast-page-background-enabled":"default","ast-page-background-meta":{"desktop":{"background-color":"var(--ast-global-color-5)","background-image":"","background-repeat":"repeat","background-position":"center center","background-size":"auto","background-attachment":"scroll","background-type":"","background-media":"","overlay-type":"","overlay-color":"","overlay-opacity":"","overlay-gradient":""},"tablet":{"background-color":"","background-image":"","background-repeat":"repeat","background-position":"center center","background-size":"auto","background-attachment":"scroll","background-type":"","background-media":"","overlay-type":"","overlay-color":"","overlay-opacity":"","overlay-gradient":""},"mobile":{"background-color":"","background-image":"","background-repeat":"repeat","background-position":"center center","background-size":"auto","background-attachment":"scroll","background-type":"","background-media":"","overlay-type":"","overlay-color":"","overlay-opacity":"","overlay-gradient":""}},"ast-content-background-meta":{"desktop":{"background-color":"var(--ast-global-color-4)","background-image":"","background-repeat":"repeat","background-position":"center center","background-size":"auto","background-attachment":"scroll","background-type":"","background-media":"","overlay-type":"","overlay-color":"","overlay-opacity":"","overlay-gradient":""},"tablet":{"background-color":"var(--ast-global-color-4)","background-image":"","background-repeat":"repeat","background-position":"center center","background-size":"auto","background-attachment":"scroll","background-type":"","background-media":"","overlay-type":"","overlay-color":"","overlay-opacity":"","overlay-gradient":""},"mobile":{"background-color":"var(--ast-global-color-4)","background-image":"","background-repeat":"repeat","background-position":"center center","background-size":"auto","background-attachment":"scroll","background-type":"","background-media":"","overlay-type":"","overlay-color":"","overlay-opacity":"","overlay-gradient":""}}},"product_brand":[290],"product_cat":[42],"product_tag":[97,93,95,96,52,94],"class_list":{"0":"post-417","1":"product","2":"type-product","3":"status-publish","4":"has-post-thumbnail","6":"product_brand-teflon-x","7":"product_cat-ptfe-corrugated-hoses","8":"product_tag-black-plastic-corrugated-pipe","9":"product_tag-corrugated-flexible-hose","10":"product_tag-corrugated-hose","11":"product_tag-flexible-corrugated-pipe","12":"product_tag-ptfe-hoses","13":"product_tag-teflon-hoses","14":"desktop-align-left","15":"tablet-align-left","16":"mobile-align-left","18":"first","19":"instock","20":"shipping-taxable","21":"product-type-simple"},"_links":{"self":[{"href":"https:\/\/teflonx.com\/pl\/wp-json\/wp\/v2\/product\/417","targetHints":{"allow":["GET"]}}],"collection":[{"href":"https:\/\/teflonx.com\/pl\/wp-json\/wp\/v2\/product"}],"about":[{"href":"https:\/\/teflonx.com\/pl\/wp-json\/wp\/v2\/types\/product"}],"replies":[{"embeddable":true,"href":"https:\/\/teflonx.com\/pl\/wp-json\/wp\/v2\/comments?post=417"}],"wp:featuredmedia":[{"embeddable":true,"href":"https:\/\/teflonx.com\/pl\/wp-json\/wp\/v2\/media\/406"}],"wp:attachment":[{"href":"https:\/\/teflonx.com\/pl\/wp-json\/wp\/v2\/media?parent=417"}],"wp:term":[{"taxonomy":"product_brand","embeddable":true,"href":"https:\/\/teflonx.com\/pl\/wp-json\/wp\/v2\/product_brand?post=417"},{"taxonomy":"product_cat","embeddable":true,"href":"https:\/\/teflonx.com\/pl\/wp-json\/wp\/v2\/product_cat?post=417"},{"taxonomy":"product_tag","embeddable":true,"href":"https:\/\/teflonx.com\/pl\/wp-json\/wp\/v2\/product_tag?post=417"}],"curies":[{"name":"wp","href":"https:\/\/api.w.org\/{rel}","templated":true}]}}