{"id":433,"date":"2025-04-01T05:14:33","date_gmt":"2025-04-01T05:14:33","guid":{"rendered":"https:\/\/teflonx.com\/?post_type=product&#038;p=433"},"modified":"2025-12-09T04:34:36","modified_gmt":"2025-12-09T04:34:36","slug":"membrana-upe","status":"publish","type":"product","link":"https:\/\/teflonx.com\/pl\/product\/membrana-upe\/","title":{"rendered":"Membrana UPE (folia UHMWPE) \u2013 wysoka odporno\u015b\u0107 na zu\u017cycie i stabilno\u015b\u0107 chemiczna"},"content":{"rendered":"<h2 id=\"product-overview\">Przegl\u0105d produktu<\/h2>\n<p>Podnie\u015b poziom swoich rozwi\u0105za\u0144 przemys\u0142owych i filtracyjnych dzi\u0119ki produktom premium marki Teflon X <strong>Membrana UPE<\/strong>, to nowatorska <strong>Folia UHMWPE<\/strong> zaprojektowana z my\u015bl\u0105 o niezr\u00f3wnanej trwa\u0142o\u015bci i wydajno\u015bci. Jako wiod\u0105ce <strong>Membrana UPE<\/strong> rozwi\u0105zanie, ten polietylen o ultra wysokiej masie cz\u0105steczkowej (UHMWPE) charakteryzuje si\u0119 wyj\u0105tkow\u0105 odporno\u015bci\u0105 na \u015bcieranie, przewy\u017cszaj\u0105c stal w\u0119glow\u0105 8-krotnie w \u015brodowiskach o wysokim tarciu. Jego oboj\u0119tna struktura molekularna gwarantuje stabilno\u015b\u0107 w \u015brodowiskach kwasowych, zasadowych i solnych, co sprawia, \u017ce jest to <strong>Membrana UPE<\/strong> najlepszy wyb\u00f3r do wymagaj\u0105cych zastosowa\u0144.<\/p>\n<p>Ten samosmaruj\u0105cy <strong>Folia UHMWPE<\/strong> materia\u0142 minimalizuje straty energii i zachowuje elastyczno\u015b\u0107 w niskich temperaturach, zapewniaj\u0105c bezawaryjn\u0105 prac\u0119 w ekstremalnych warunkach. Zgodne z wymogami FDA i nietoksyczne, produkty Teflon X <strong>Membrana UPE<\/strong> ciesz\u0105 si\u0119 zaufaniem w bran\u017cy opakowa\u0144 medycznych, komponent\u00f3w motoryzacyjnych i zaawansowanych systemach filtracji. Przy masie cz\u0105steczkowej przekraczaj\u0105cej 3 000 000 g\/mol, materia\u0142 ten zapewnia wyj\u0105tkow\u0105 trwa\u0142o\u015b\u0107 i wszechstronno\u015b\u0107. Sprawd\u017a, jak nasze <strong>Membrana UPE<\/strong> rozwi\u0105zania mog\u0105 odmieni\u0107 Twoje projekty \u2014 odwied\u017a <a href=\"https:\/\/teflonx.com\/pl\/\" target=\"_blank\" rel=\"noopener\">teflonx.com<\/a> nas ju\u017c dzi\u015b.<\/p>\n<h2 id=\"key-features-and-benefits\">G\u0142\u00f3wne cechy i korzy\u015bci<\/h2>\n<p>Teflonowe X-y <strong>Membrana UPE<\/strong> wyr\u00f3\u017cnia si\u0119 zaawansowanym sk\u0142adem polimerowym, oferuj\u0105c nast\u0119puj\u0105ce kluczowe atrybuty dla zwi\u0119kszonej niezawodno\u015bci:<\/p>\n<ul>\n<li><strong>Wysoka odporno\u015b\u0107 na zu\u017cycie<\/strong>: 8-krotnie lepsza ni\u017c stal w\u0119glowa, idealna do \u015bciernych wyk\u0142adzin przemys\u0142owych i maszyn o wysokim tarciu.<\/li>\n<li><strong>W\u0142a\u015bciwo\u015bci samosmaruj\u0105ce<\/strong>: Bardzo niski wsp\u00f3\u0142czynnik tarcia redukuje zu\u017cycie i zu\u017cycie energii w systemach dynamicznych, takich jak przeno\u015bniki i prowadnice.<\/li>\n<li><strong>Stabilno\u015b\u0107 chemiczna<\/strong>: Oboj\u0119tno\u015b\u0107 na kwasy, zasady, rozpuszczalniki i roztwory soli, przy znikomym wch\u0142anianiu wilgoci, zapewnia d\u0142ugotrwa\u0142\u0105 wydajno\u015b\u0107.<\/li>\n<li><strong>Udarno\u015b\u0107 i wytrzyma\u0142o\u015b\u0107<\/strong>: Wyj\u0105tkowa absorpcja wstrz\u0105s\u00f3w i wyd\u0142u\u017cenie, zachowuj\u0105ce integralno\u015b\u0107 w niskich temperaturach a\u017c do -200\u00b0C.<\/li>\n<li><strong>Biokompatybilno\u015b\u0107<\/strong>: Nietoksyczny, bezwonny i zatwierdzony przez FDA, idealny do zastosowa\u0144 medycznych i maj\u0105cych kontakt z \u017cywno\u015bci\u0105 bez uszczerbku dla bezpiecze\u0144stwa.<\/li>\n<li><strong>Wydajno\u015b\u0107 filtracji<\/strong>: Opcje mikroporowate zapewniaj\u0105 wysok\u0105 przepuszczalno\u015b\u0107 i selektywno\u015b\u0107 w procesach separacji w akumulatorach i oczyszczaniu \u015bciek\u00f3w.<\/li>\n<li><strong>Wszechstronny format<\/strong>: Dost\u0119pny w formie folii, arkuszy lub niestandardowych membran, z regulowan\u0105 porowato\u015bci\u0105 dla dostosowanych potrzeb <strong>Membrana UPE<\/strong> Aplikacje.<\/li>\n<\/ul>\n<p>Jako wytrzyma\u0142y <strong>Folia UHMWPE<\/strong>, nasz <strong>Membrana UPE<\/strong> przewy\u017csza tradycyjne materia\u0142y, \u0142\u0105cz\u0105c wytrzyma\u0142o\u015b\u0107 HDPE ze zwi\u0119kszon\u0105 odporno\u015bci\u0105 na potrzeby op\u0142acalnych innowacji.<\/p>\n<h2 id=\"applications\">Aplikacje<\/h2>\n<p>Teflonowe X-y <strong>Membrana UPE<\/strong> zasila krytyczne procesy w r\u00f3\u017cnych bran\u017cach, wykorzystuj\u0105c swoj\u0105 odporno\u015b\u0107 na zu\u017cycie i stabilno\u015b\u0107 chemiczn\u0105:<\/p>\n<ul>\n<li><strong>Przemys\u0142owe systemy filtracji<\/strong>: Separacja gaz\u00f3w, filtry chemiczne i oczyszczanie \u015bciek\u00f3w, gdzie wysoki strumie\u0144 i trwa\u0142o\u015b\u0107 zapewniaj\u0105 wydajn\u0105 prac\u0119.<\/li>\n<li><strong>Medycyna i biomedycyna<\/strong>: Sterylne opakowania, implanty ortopedyczne i urz\u0105dzenia do podawania lek\u00f3w, korzystaj\u0105ce z biokompatybilno\u015bci i niskiego tarcia.<\/li>\n<li><strong>Przemys\u0142 motoryzacyjny i lotniczy<\/strong>: Wyk\u0142adziny ochronne, tuleje i lekkie komponenty zapewniaj\u0105ce odporno\u015b\u0107 na uderzenia i ograniczon\u0105 konserwacj\u0119.<\/li>\n<li><strong>Przetwarzanie chemiczne<\/strong>: Zawory, pompy, zbiorniki magazynowe i sprz\u0119t bezpiecze\u0144stwa w \u015brodowiskach korozyjnych.<\/li>\n<li><strong>Energetyka i elektronika<\/strong>: Separatory w akumulatorach litowo-jonowych i ultrakondensatorach, zwi\u0119kszaj\u0105ce bezpiecze\u0144stwo i wydajno\u015b\u0107.<\/li>\n<li><strong>Produkcja og\u00f3lna<\/strong>: Wyk\u0142adziny rynien, pasy transmisyjne i os\u0142ony maszyn zapobiegaj\u0105ce \u015bcieraniu i wyd\u0142u\u017caj\u0105ce \u017cywotno\u015b\u0107.<\/li>\n<\/ul>\n<p>Od precyzyjnej <strong>Membrana UPE<\/strong> filtracji po wymagaj\u0105ce zastosowania przemys\u0142owe, Teflon X dostarcza niezawodne <strong>Folia UHMWPE<\/strong> rozwi\u0105zania.<\/p>\n<h2 id=\"technical-specifications\">Dane techniczne<\/h2>\n<p>Poni\u017cej znajduje si\u0119 kompleksowa tabela standardowych parametr\u00f3w dla Teflonu X <strong>Membrana UPE (Folia UHMWPE)<\/strong>. Dost\u0119pne s\u0105 konfiguracje niestandardowe \u2014 skontaktuj si\u0119 z nami w sprawie spersonalizowanych <strong>Membrana UPE<\/strong> opcje.<\/p>\n<table>\n<thead>\n<tr>\n<th>Nieruchomo\u015b\u0107<\/th>\n<th>Warto\u015b\u0107\/zakres<\/th>\n<th>Standard testu\/uwagi<\/th>\n<\/tr>\n<\/thead>\n<tbody>\n<tr>\n<td>Rodzaj materia\u0142u<\/td>\n<td>Polietylen o ultrawysokiej masie cz\u0105steczkowej (UHMWPE)<\/td>\n<td>ASTM D4020<\/td>\n<\/tr>\n<tr>\n<td>Masa cz\u0105steczkowa<\/td>\n<td>&gt;3 000 000 g\/mol<\/td>\n<td>Chromatografia \u017celowo-permeacyjna<\/td>\n<\/tr>\n<tr>\n<td>G\u0119sto\u015b\u0107<\/td>\n<td>0,93 g\/cm\u00b3<\/td>\n<td>ASTM D792<\/td>\n<\/tr>\n<tr>\n<td>Wytrzyma\u0142o\u015b\u0107 na rozci\u0105ganie<\/td>\n<td>19,3-23 MPa<\/td>\n<td>ASTM D638<\/td>\n<\/tr>\n<tr>\n<td>Wyd\u0142u\u017cenie przy zerwaniu<\/td>\n<td>&gt;300%<\/td>\n<td>ASTM D638<\/td>\n<\/tr>\n<tr>\n<td>Twardo\u015b\u0107 Shore D<\/td>\n<td>60-65<\/td>\n<td>ASTM D2240<\/td>\n<\/tr>\n<tr>\n<td>Wytrzyma\u0142o\u015b\u0107 na uderzenia (Izod)<\/td>\n<td>Bez przerwy (Niewzmocniony)<\/td>\n<td>Najwy\u017csza w\u015br\u00f3d tworzyw termoplastycznych<\/td>\n<\/tr>\n<tr>\n<td>Wsp\u00f3\u0142czynnik tarcia<\/td>\n<td>0,05-0,15 (dynamiczny)<\/td>\n<td>Por\u00f3wnywalny do PTFE<\/td>\n<\/tr>\n<tr>\n<td>Odporno\u015b\u0107 na zu\u017cycie<\/td>\n<td>8x Stal w\u0119glowa<\/td>\n<td>Test \u015bcieralno\u015bci Taber<\/td>\n<\/tr>\n<tr>\n<td>Temperatura pracy<\/td>\n<td>-200\u00b0C do +80\u00b0C<\/td>\n<td>Ci\u0105g\u0142e u\u017cytkowanie<\/td>\n<\/tr>\n<tr>\n<td>Odporno\u015b\u0107 chemiczna<\/td>\n<td>Doskona\u0142y (kwasy, zasady, rozpuszczalniki)<\/td>\n<td>Z wyj\u0105tkiem kwas\u00f3w utleniaj\u0105cych<\/td>\n<\/tr>\n<tr>\n<td>Absorpcja wody<\/td>\n<td>&lt;0,01% (24 godz.)<\/td>\n<td>ASTM D570<\/td>\n<\/tr>\n<tr>\n<td>Grubo\u015b\u0107<\/td>\n<td>0,1-5 mm<\/td>\n<td>Mo\u017cliwo\u015b\u0107 dostosowania<\/td>\n<\/tr>\n<tr>\n<td>Szeroko\u015b\u0107<\/td>\n<td>Do 2 m<\/td>\n<td>Format rolki lub arkusza<\/td>\n<\/tr>\n<tr>\n<td>Zgodno\u015b\u0107 z FDA<\/td>\n<td>Tak (nietoksyczny, bezpieczny w kontakcie z \u017cywno\u015bci\u0105)<\/td>\n<td>21 CFR 177.1520<\/td>\n<\/tr>\n<tr>\n<td>Porowato\u015b\u0107 (mikroporowata)<\/td>\n<td>30-70% (opcja)<\/td>\n<td>Dla klas filtracji<\/td>\n<\/tr>\n<\/tbody>\n<\/table>\n<p><em>Uwaga: Warto\u015bci s\u0105 typowe i mog\u0105 si\u0119 r\u00f3\u017cni\u0107 w zale\u017cno\u015bci od procesu przetwarzania i gatunku. Szczeg\u00f3\u0142owe arkusze danych mo\u017cna znale\u017a\u0107 na stronie <a href=\"https:\/\/teflonx.com\/pl\/\" target=\"_blank\" rel=\"noopener\">teflonx.com<\/a>.<\/em><\/p>\n<h2 id=\"why-choose-teflon-x-\">Dlaczego warto wybra\u0107 Teflon X?<\/h2>\n<p>Teflon X przoduje w innowacjach polimerowych, dostarczaj\u0105c najwy\u017cszej klasy <strong>Membrana UPE<\/strong> produkty przy zachowaniu rygorystycznej kontroli jako\u015bci. Nasze <strong>Folia UHMWPE<\/strong> przewy\u017cszaj\u0105 standardy, p\u0142ynnie integruj\u0105c si\u0119 z procesami pracy w celu uzyskania doskona\u0142ych wynik\u00f3w. Skorzystaj z dostaw na ca\u0142y \u015bwiat i specjalistycznej wiedzy jako partner w <strong>Membrana UPE<\/strong> doskona\u0142o\u015bci.<\/p>\n<p>Odmie\u0144 swoje zastosowania dzi\u0119ki wysokowydajnym produktom Teflon X <strong>Membrana UPE<\/strong>\u2014 przejrzyj opcje na <a href=\"https:\/\/teflonx.com\/pl\/\" target=\"_blank\" rel=\"noopener\">teflonx.com<\/a> lub po\u0142\u0105czy\u0107 si\u0119 przez nasz\u0105 stron\u0119 <a href=\"https:\/\/teflonx.com\/pl\/skontaktuj-sie-z-nami\/\" target=\"_blank\" rel=\"noopener\">Strona kontaktowa<\/a>. Zapytania e-mail prosimy kierowa\u0107 na <strong>Allison.Ye@teflonx.com<\/strong>.<\/p>\n<hr \/>","protected":false},"excerpt":{"rendered":"<p>Membrana UPE (ultra-high-molecular weight polyethylene film) zapewnia wyj\u0105tkow\u0105 odporno\u015b\u0107 na zu\u017cycie, przewy\u017cszaj\u0105c stal w\u0119glow\u0105 o 8\u00d7 w \u015brodowiskach o wysokim tarciu. Jej oboj\u0119tna struktura molekularna zapewnia stabilno\u015b\u0107 w warunkach kwa\u015bnych, zasadowych i solnych. Idealna do wyk\u0142adzin przemys\u0142owych i system\u00f3w filtracyjnych, ta samosmaruj\u0105ca folia zmniejsza utrat\u0119 energii, zachowuj\u0105c jednocze\u015bnie elastyczno\u015b\u0107 w niskich temperaturach. Zgodna z FDA i nietoksyczna, jest szeroko stosowana w opakowaniach medycznych i zastosowaniach motoryzacyjnych<\/p>","protected":false},"featured_media":458,"comment_status":"open","ping_status":"closed","template":"","meta":{"site-sidebar-layout":"default","site-content-layout":"","ast-site-content-layout":"default","site-content-style":"default","site-sidebar-style":"default","ast-global-header-display":"","ast-banner-title-visibility":"","ast-main-header-display":"","ast-hfb-above-header-display":"","ast-hfb-below-header-display":"","ast-hfb-mobile-header-display":"","site-post-title":"","ast-breadcrumbs-content":"","ast-featured-img":"","footer-sml-layout":"","ast-disable-related-posts":"","theme-transparent-header-meta":"default","adv-header-id-meta":"","stick-header-meta":"","header-above-stick-meta":"","header-main-stick-meta":"","header-below-stick-meta":"","astra-migrate-meta-layouts":"set","ast-page-background-enabled":"default","ast-page-background-meta":{"desktop":{"background-color":"var(--ast-global-color-5)","background-image":"","background-repeat":"repeat","background-position":"center center","background-size":"auto","background-attachment":"scroll","background-type":"","background-media":"","overlay-type":"","overlay-color":"","overlay-opacity":"","overlay-gradient":""},"tablet":{"background-color":"","background-image":"","background-repeat":"repeat","background-position":"center center","background-size":"auto","background-attachment":"scroll","background-type":"","background-media":"","overlay-type":"","overlay-color":"","overlay-opacity":"","overlay-gradient":""},"mobile":{"background-color":"","background-image":"","background-repeat":"repeat","background-position":"center center","background-size":"auto","background-attachment":"scroll","background-type":"","background-media":"","overlay-type":"","overlay-color":"","overlay-opacity":"","overlay-gradient":""}},"ast-content-background-meta":{"desktop":{"background-color":"var(--ast-global-color-4)","background-image":"","background-repeat":"repeat","background-position":"center center","background-size":"auto","background-attachment":"scroll","background-type":"","background-media":"","overlay-type":"","overlay-color":"","overlay-opacity":"","overlay-gradient":""},"tablet":{"background-color":"var(--ast-global-color-4)","background-image":"","background-repeat":"repeat","background-position":"center center","background-size":"auto","background-attachment":"scroll","background-type":"","background-media":"","overlay-type":"","overlay-color":"","overlay-opacity":"","overlay-gradient":""},"mobile":{"background-color":"var(--ast-global-color-4)","background-image":"","background-repeat":"repeat","background-position":"center center","background-size":"auto","background-attachment":"scroll","background-type":"","background-media":"","overlay-type":"","overlay-color":"","overlay-opacity":"","overlay-gradient":""}}},"product_brand":[290],"product_cat":[502],"product_tag":[146,142,145,144,147,143],"class_list":{"0":"post-433","1":"product","2":"type-product","3":"status-publish","4":"has-post-thumbnail","6":"product_brand-teflon-x","7":"product_cat-uhmwpe-flim","8":"product_tag-uhmw-polyethylene-film","9":"product_tag-uhmwpe","10":"product_tag-uhmwpe-film","11":"product_tag-uhmwpe-menbrane","12":"product_tag-upe-film","13":"product_tag-upe-menbrane","14":"desktop-align-left","15":"tablet-align-left","16":"mobile-align-left","18":"first","19":"instock","20":"shipping-taxable","21":"product-type-simple"},"_links":{"self":[{"href":"https:\/\/teflonx.com\/pl\/wp-json\/wp\/v2\/product\/433","targetHints":{"allow":["GET"]}}],"collection":[{"href":"https:\/\/teflonx.com\/pl\/wp-json\/wp\/v2\/product"}],"about":[{"href":"https:\/\/teflonx.com\/pl\/wp-json\/wp\/v2\/types\/product"}],"replies":[{"embeddable":true,"href":"https:\/\/teflonx.com\/pl\/wp-json\/wp\/v2\/comments?post=433"}],"wp:featuredmedia":[{"embeddable":true,"href":"https:\/\/teflonx.com\/pl\/wp-json\/wp\/v2\/media\/458"}],"wp:attachment":[{"href":"https:\/\/teflonx.com\/pl\/wp-json\/wp\/v2\/media?parent=433"}],"wp:term":[{"taxonomy":"product_brand","embeddable":true,"href":"https:\/\/teflonx.com\/pl\/wp-json\/wp\/v2\/product_brand?post=433"},{"taxonomy":"product_cat","embeddable":true,"href":"https:\/\/teflonx.com\/pl\/wp-json\/wp\/v2\/product_cat?post=433"},{"taxonomy":"product_tag","embeddable":true,"href":"https:\/\/teflonx.com\/pl\/wp-json\/wp\/v2\/product_tag?post=433"}],"curies":[{"name":"wp","href":"https:\/\/api.w.org\/{rel}","templated":true}]}}