{"id":553,"date":"2025-04-06T16:06:36","date_gmt":"2025-04-06T16:06:36","guid":{"rendered":"https:\/\/teflonx.com\/?post_type=product&#038;p=553"},"modified":"2025-12-29T01:00:15","modified_gmt":"2025-12-29T01:00:15","slug":"wysokotemperaturowa-rurka-teflonowa","status":"publish","type":"product","link":"https:\/\/teflonx.com\/pl\/product\/wysokotemperaturowa-rurka-teflonowa\/","title":{"rendered":"Rurka teflonowa wysokotemperaturowa | R\u0119kaw izolacyjny PTFE do elektroniki"},"content":{"rendered":"<h2>Rurka teflonowa wysokotemperaturowa | R\u0119kaw izolacyjny PTFE do elektroniki<\/h2>\n<p>Witamy w <strong><a href=\"https:\/\/teflonx.com\/pl\/\" target=\"_blank\" rel=\"noopener\">Teflon X<\/a><\/strong>, Pa\u0144stwa wiod\u0105cy w bran\u017cy <strong>producent rurek ptfe<\/strong> specjalizuj\u0105cy si\u0119 w wysokowydajnych rozwi\u0105zaniach izolacyjnych. W szybko rozwijaj\u0105cych si\u0119 sektorach globalnej produkcji elektroniki, in\u017cynierii lotniczej i kosmicznej oraz produkcji p\u00f3\u0142przewodnik\u00f3w, ochrona wra\u017cliwych komponent\u00f3w jest spraw\u0105 nadrz\u0119dn\u0105. Nasza <strong>Wysokotemperaturowa rurka teflonowa<\/strong> s\u0142u\u017cy jako ostateczna bariera, oferuj\u0105c doskona\u0142e w\u0142a\u015bciwo\u015bci dielektryczne po\u0142\u0105czone z solidn\u0105 ochron\u0105 mechaniczn\u0105 <strong>w\u0105\u017c teflonowy w oplocie ze stali nierdzewnej<\/strong>.<\/p>\n<p>Podczas gdy standardowe rurki z tworzyw sztucznych cz\u0119sto topi\u0105 si\u0119 lub ulegaj\u0105 degradacji pod obci\u0105\u017ceniem elektrycznym lub wp\u0142ywem stresu termicznego, nasza marka premium <strong>rurka politetrafluoroetylenowa<\/strong> doskonale radzi sobie w takich warunkach. Jest to preferowany wyb\u00f3r do izolacji kabli wysokiego napi\u0119cia, ochrony wi\u0105zek przewod\u00f3w w statkach powietrznych oraz os\u0142ony delikatnych komponent\u00f3w p\u00f3\u0142przewodnikowych przed zagro\u017ceniami \u015brodowiskowymi.<\/p>\n<h3>Doskona\u0142e w\u0142a\u015bciwo\u015bci dielektryczne dla elektroniki<\/h3>\n<p>G\u0142\u00f3wn\u0105 zalet\u0105 stosowania <strong>rurka ptfe<\/strong> w zastosowaniach elektronicznych jest jej wyj\u0105tkowa zdolno\u015b\u0107 do izolacji elektrycznej. PTFE posiada nisk\u0105 sta\u0142\u0105 dielektryczn\u0105 i wysok\u0105 wytrzyma\u0142o\u015b\u0107 dielektryczn\u0105, co oznacza, \u017ce skutecznie zapobiega wy\u0142adowaniom \u0142ukowym i zak\u0142\u00f3ceniom sygna\u0142u. To czyni nasz\u0105 <strong>rurka teflonowa ptfe<\/strong> niezb\u0119dnym elementem kabli koncentrycznych, linii sygna\u0142owych wysokiej cz\u0119stotliwo\u015bci oraz po\u0142\u0105cze\u0144 wysokiego napi\u0119cia.<\/p>\n<p>W przeciwie\u0144stwie do izolator\u00f3w ni\u017cszej jako\u015bci, nasza <strong>elastyczna rurka ptfe<\/strong> zachowuje te w\u0142a\u015bciwo\u015bci elektryczne w szerokim zakresie cz\u0119stotliwo\u015bci i temperatur. Niezale\u017cnie od tego, czy jest u\u017cywana jako prosta koszulka izolacyjna, czy jako rdze\u0144 <strong>w\u0105\u017c wy\u0142o\u017cony ptfe<\/strong> system\u00f3w ch\u0142odzenia ciecz\u0105 w superkomputerach, materia\u0142 ten zapewnia stabiln\u0105 i niezawodn\u0105 wydajno\u015b\u0107.<\/p>\n<h3>Ekstremalna stabilno\u015b\u0107 termiczna<\/h3>\n<p>Zarz\u0105dzanie ciep\u0142em jest krytycznym wyzwaniem w nowoczesnej elektronice. Nasza <strong>rurka teflonowa<\/strong> zosta\u0142a zaprojektowana tak, aby wytrzyma\u0107 ekstremalne warunki termiczne. Jak podkre\u015blono w opisie naszego produktu, surowy materia\u0142 PTFE mo\u017ce pracowa\u0107 w temperaturach od -200\u00b0C do +260\u00b0C. To sprawia, \u017ce idealnie nadaje si\u0119 do zastosowa\u0144 kriogenicznych w informatyce kwantowej lub w \u015brodowiskach o wysokiej temperaturze w pobli\u017cu silnik\u00f3w spalinowych.<\/p>\n<p>W przypadku naszych konkretnych zestaw\u00f3w w oplocie, kt\u00f3re oferuj\u0105 zwi\u0119kszon\u0105 integralno\u015b\u0107 strukturaln\u0105, zakres operacyjny pozostaje niezawodny. Ta odporno\u015b\u0107 termiczna zapewnia, \u017ce <strong>rurka politetrafluoroetylenowa<\/strong> nie p\u0119knie, nie stopi si\u0119 ani nie ulegnie deformacji, nawet pod wp\u0142ywem cykli termicznych w procesach lutowania lub manewrach lotniczych.<\/p>\n<h3>Ochrona mechaniczna: Przewaga oplotu<\/h3>\n<p>Dla zastosowa\u0144 wymagaj\u0105cych czego\u015b wi\u0119cej ni\u017c tylko izolacji elektrycznej, oferujemy <strong>w\u0105\u017c teflonowy w oplocie ze stali nierdzewnej<\/strong>. W trudnych warunkach przemys\u0142owych kable i przewody s\u0105 nara\u017cone na \u015bcieranie, przeci\u0119cia i zgniatanie. Oplot ze stali nierdzewnej dzia\u0142a jak elastyczny pancerz, chroni\u0105c wn\u0119trze <strong>rurka ptfe<\/strong> i znajduj\u0105ce si\u0119 w nim kable przed uszkodzeniami fizycznymi.<\/p>\n<p>Pomimo tego solidnego wzmocnienia, produkt pozostaje <strong>elastyczna rurka ptfe<\/strong> rozwi\u0105zaniem. Pozwala na ciasne prowadzenie wewn\u0105trz kompaktowych obud\u00f3w elektronicznych bez naruszania bariery izolacyjnej lub przep\u0142ywu p\u0142yn\u00f3w ch\u0142odz\u0105cych.<\/p>\n<h3>Specyfikacja produktu<\/h3>\n<p>Na <strong>Teflon X<\/strong>, przestrzegamy rygorystycznych standard\u00f3w produkcyjnych. Poni\u017cej znajduj\u0105 si\u0119 parametry techniczne naszej serii wysokotemperaturowych rurek teflonowych:<\/p>\n<table style=\"border-collapse: collapse; width: 100%; border: 1px solid #ddd; margin-bottom: 25px;\">\n<tbody>\n<tr style=\"background-color: #f9f9f9;\">\n<td style=\"padding: 12px; border: 1px solid #ddd;\"><strong>Marka<\/strong><\/td>\n<td style=\"padding: 12px; border: 1px solid #ddd;\">Teflon X<\/td>\n<\/tr>\n<tr>\n<td style=\"padding: 12px; border: 1px solid #ddd;\"><strong>Tworzywo<\/strong><\/td>\n<td style=\"padding: 12px; border: 1px solid #ddd;\">PTFE \/ politetrafluoroetylen<\/td>\n<\/tr>\n<tr style=\"background-color: #f9f9f9;\">\n<td style=\"padding: 12px; border: 1px solid #ddd;\"><strong>\u015arednica wewn\u0119trzna rury (ID)<\/strong><\/td>\n<td style=\"padding: 12px; border: 1px solid #ddd;\">6,3 ~ 25,4 mm<\/td>\n<\/tr>\n<tr>\n<td style=\"padding: 12px; border: 1px solid #ddd;\"><strong>Zakres temperatur<\/strong><\/td>\n<td style=\"padding: 12px; border: 1px solid #ddd;\">-70 ~ +260\u00b0C<\/td>\n<\/tr>\n<tr style=\"background-color: #f9f9f9;\">\n<td style=\"padding: 12px; border: 1px solid #ddd;\"><strong>Cechy<\/strong><\/td>\n<td style=\"padding: 12px; border: 1px solid #ddd;\">Odporno\u015b\u0107 na korozj\u0119, odporno\u015b\u0107 na wysokie i niskie temperatury, odporno\u015b\u0107 na wysokie ci\u015bnienie, mi\u0119kko\u015b\u0107<\/td>\n<\/tr>\n<\/tbody>\n<\/table>\n<h3>Globalna zgodno\u015b\u0107 i bezpiecze\u0144stwo<\/h3>\n<p>Rozumiemy, \u017ce bran\u017ca elektroniczna podlega surowym przepisom. Nasz <strong>rurka teflonowa ptfe<\/strong> jest w pe\u0142ni zgodny z dyrektyw\u0105 RoHS, co gwarantuje, \u017ce nie zawiera substancji niebezpiecznych, takich jak o\u0142\u00f3w czy rt\u0119\u0107. Ponadto nasze procesy produkcyjne s\u0105 zgodne ze standardami certyfikacji UL w zakresie palno\u015bci i bezpiecze\u0144stwa. Wybieraj\u0105c <strong>w\u0105\u017c wy\u0142o\u017cony ptfe<\/strong> firmy Teflon X, wybierasz produkt spe\u0142niaj\u0105cy globalne wymogi w zakresie bezpiecze\u0144stwa i odpowiedzialno\u015bci za \u015brodowisko.<\/p>\n<h3>Dlaczego warto wybra\u0107 Teflon X?<\/h3>\n<p><strong>1. Profesjonalna produkcja:<\/strong> Jako wyspecjalizowany <strong>producent rurek ptfe<\/strong>, posiadamy wiedz\u0119 specjalistyczn\u0105 pozwalaj\u0105c\u0105 na produkcj\u0119 rurek o sta\u0142ej grubo\u015bci \u015bcianek i koncentryczno\u015bci, co jest kluczowe dla izolacji wysokonapi\u0119ciowej.<br \/>\n<strong>2. Rozwi\u0105zania niestandardowe:<\/strong> Niezale\u017cnie od tego, czy potrzebujesz prostej tulei izolacyjnej, czy z\u0142o\u017conego <strong>w\u0105\u017c teflonowy w oplocie ze stali nierdzewnej<\/strong> do ch\u0142odzenia ciecz\u0105, mo\u017cemy dostosowa\u0107 d\u0142ugo\u015bci i \u015brednice (ID 6,3 mm \u2013 25,4 mm).<br \/>\n<strong>3. Niezawodno\u015b\u0107:<\/strong> Nasz <strong>rurka teflonowa<\/strong> jest testowany, aby upewni\u0107 si\u0119, \u017ce pozostaje \u201emi\u0119kki\u201d i elastyczny, zapewniaj\u0105c jednocze\u015bnie maksymaln\u0105 trwa\u0142o\u015b\u0107.<\/p>\n<h3>Skontaktuj si\u0119 z nami<\/h3>\n<p>Zapewnij d\u0142ugowieczno\u015b\u0107 i bezpiecze\u0144stwo swoich system\u00f3w elektronicznych dzi\u0119ki wysokowydajnym <strong>rurka politetrafluoroetylenowa<\/strong>. Skontaktuj si\u0119 z ekspertami Teflon X ju\u017c dzi\u015b.<\/p>\n<p><strong>E-mail:<\/strong> <a href=\"mailto:allison.ye@teflonx.com\">allison.ye@teflonx.com<\/a><br \/>\n<strong>Strona internetowa:<\/strong> <a href=\"https:\/\/teflonx.com\/pl\/\" target=\"_blank\" rel=\"noopener\">https:\/\/teflonx.com\/<\/a><br \/>\n<strong>Strona kontaktowa:<\/strong> <a href=\"https:\/\/teflonx.com\/pl\/skontaktuj-sie-z-nami\/\" target=\"_blank\" rel=\"noopener\">Uzyskaj wycen\u0119 ju\u017c dzi\u015b<\/a><\/p>","protected":false},"excerpt":{"rendered":"<p>Rura teflonowa wysokotemperaturowa zapewnia doskona\u0142e w\u0142a\u015bciwo\u015bci dielektryczne do izolacji kabli wysokiego napi\u0119cia i element\u00f3w p\u00f3\u0142przewodnikowych. Wytrzymuje ekstremalne temperatury (od -200\u00b0C do +260\u00b0C) przy zachowaniu elastyczno\u015bci. Certyfikowana przez UL i zgodna z RoHS dla globalnej produkcji elektroniki.<\/p>","protected":false},"featured_media":538,"comment_status":"open","ping_status":"closed","template":"","meta":{"site-sidebar-layout":"default","site-content-layout":"","ast-site-content-layout":"default","site-content-style":"default","site-sidebar-style":"default","ast-global-header-display":"","ast-banner-title-visibility":"","ast-main-header-display":"","ast-hfb-above-header-display":"","ast-hfb-below-header-display":"","ast-hfb-mobile-header-display":"","site-post-title":"","ast-breadcrumbs-content":"","ast-featured-img":"","footer-sml-layout":"","ast-disable-related-posts":"","theme-transparent-header-meta":"default","adv-header-id-meta":"","stick-header-meta":"","header-above-stick-meta":"","header-main-stick-meta":"","header-below-stick-meta":"","astra-migrate-meta-layouts":"set","ast-page-background-enabled":"default","ast-page-background-meta":{"desktop":{"background-color":"var(--ast-global-color-5)","background-image":"","background-repeat":"repeat","background-position":"center center","background-size":"auto","background-attachment":"scroll","background-type":"","background-media":"","overlay-type":"","overlay-color":"","overlay-opacity":"","overlay-gradient":""},"tablet":{"background-color":"","background-image":"","background-repeat":"repeat","background-position":"center center","background-size":"auto","background-attachment":"scroll","background-type":"","background-media":"","overlay-type":"","overlay-color":"","overlay-opacity":"","overlay-gradient":""},"mobile":{"background-color":"","background-image":"","background-repeat":"repeat","background-position":"center center","background-size":"auto","background-attachment":"scroll","background-type":"","background-media":"","overlay-type":"","overlay-color":"","overlay-opacity":"","overlay-gradient":""}},"ast-content-background-meta":{"desktop":{"background-color":"var(--ast-global-color-4)","background-image":"","background-repeat":"repeat","background-position":"center center","background-size":"auto","background-attachment":"scroll","background-type":"","background-media":"","overlay-type":"","overlay-color":"","overlay-opacity":"","overlay-gradient":""},"tablet":{"background-color":"var(--ast-global-color-4)","background-image":"","background-repeat":"repeat","background-position":"center center","background-size":"auto","background-attachment":"scroll","background-type":"","background-media":"","overlay-type":"","overlay-color":"","overlay-opacity":"","overlay-gradient":""},"mobile":{"background-color":"var(--ast-global-color-4)","background-image":"","background-repeat":"repeat","background-position":"center center","background-size":"auto","background-attachment":"scroll","background-type":"","background-media":"","overlay-type":"","overlay-color":"","overlay-opacity":"","overlay-gradient":""}}},"product_brand":[290],"product_cat":[40],"product_tag":[179,174,177,176,173,178,169,175],"class_list":{"0":"post-553","1":"product","2":"type-product","3":"status-publish","4":"has-post-thumbnail","6":"product_brand-teflon-x","7":"product_cat-ptfe-tubes","8":"product_tag-flexible-ptfe-tubing","9":"product_tag-polytetrafluoroethylene-tubing","10":"product_tag-ptfe-lined-hose","11":"product_tag-ptfe-teflon-tubing","12":"product_tag-ptfe-tube","13":"product_tag-ptfe-tube-manufacturer","14":"product_tag-stainless-steel-braided-teflon-hose","15":"product_tag-teflon-tubing","16":"desktop-align-left","17":"tablet-align-left","18":"mobile-align-left","20":"first","21":"instock","22":"shipping-taxable","23":"product-type-simple"},"_links":{"self":[{"href":"https:\/\/teflonx.com\/pl\/wp-json\/wp\/v2\/product\/553","targetHints":{"allow":["GET"]}}],"collection":[{"href":"https:\/\/teflonx.com\/pl\/wp-json\/wp\/v2\/product"}],"about":[{"href":"https:\/\/teflonx.com\/pl\/wp-json\/wp\/v2\/types\/product"}],"replies":[{"embeddable":true,"href":"https:\/\/teflonx.com\/pl\/wp-json\/wp\/v2\/comments?post=553"}],"wp:featuredmedia":[{"embeddable":true,"href":"https:\/\/teflonx.com\/pl\/wp-json\/wp\/v2\/media\/538"}],"wp:attachment":[{"href":"https:\/\/teflonx.com\/pl\/wp-json\/wp\/v2\/media?parent=553"}],"wp:term":[{"taxonomy":"product_brand","embeddable":true,"href":"https:\/\/teflonx.com\/pl\/wp-json\/wp\/v2\/product_brand?post=553"},{"taxonomy":"product_cat","embeddable":true,"href":"https:\/\/teflonx.com\/pl\/wp-json\/wp\/v2\/product_cat?post=553"},{"taxonomy":"product_tag","embeddable":true,"href":"https:\/\/teflonx.com\/pl\/wp-json\/wp\/v2\/product_tag?post=553"}],"curies":[{"name":"WP","href":"https:\/\/api.w.org\/{rel}","templated":true}]}}