{"id":629,"date":"2025-04-13T05:57:57","date_gmt":"2025-04-13T05:57:57","guid":{"rendered":"https:\/\/teflonx.com\/?post_type=product&#038;p=629"},"modified":"2025-12-29T01:23:44","modified_gmt":"2025-12-29T01:23:44","slug":"waz-ptfe-w-oplocie-ze-stali-nierdzewnej","status":"publish","type":"product","link":"https:\/\/teflonx.com\/pl\/product\/waz-ptfe-w-oplocie-ze-stali-nierdzewnej\/","title":{"rendered":"W\u0105\u017c PTFE w oplocie ze stali nierdzewnej \u2013 antystatyczna rurka teflonowa do ch\u0142odziwa"},"content":{"rendered":"<h1>W\u0105\u017c PTFE w oplocie ze stali nierdzewnej \u2013 antystatyczna rurka teflonowa do ch\u0142odziwa<\/h1>\n<p><strong>Teflon X<\/strong> oferuje premi\u0119 <strong>w\u0105\u017c PTFE w oplocie ze stali nierdzewnej<\/strong> zaprojektowany specjalnie do zastosowa\u0144 wymagaj\u0105cych trwa\u0142o\u015bci, bezpiecze\u0144stwa i doskona\u0142ej wydajno\u015bci. To <em>rura oplotowa antystatyczna<\/em> zapewnia doskona\u0142e rozpraszanie \u0142adunk\u00f3w elektrostatycznych, a jednocze\u015bnie jest odporny na ekstremalne temperatury, co czyni go idealnym wyborem do u\u017cytku jako niezawodne rozwi\u0105zanie. <strong>w\u0105\u017c ch\u0142odniczy ze stali nierdzewnej<\/strong> lub przew\u00f3d p\u0142ynu ch\u0142odz\u0105cego silnik. Nasz <strong>rura pleciona przewodz\u0105ca<\/strong> \u0142\u0105czy w sobie odporno\u015b\u0107 chemiczn\u0105 i w\u0142a\u015bciwo\u015bci antyadhezyjne PTFE z wytrzyma\u0142o\u015bci\u0105 mechaniczn\u0105 i przewodno\u015bci\u0105 oplotu ze stali nierdzewnej, zapewniaj\u0105c d\u0142ugotrwa\u0142\u0105 prac\u0119 w wymagaj\u0105cych \u015brodowiskach.<\/p>\n<h2>Przegl\u0105d produktu<\/h2>\n<p>Ten <strong>w\u0105\u017c PTFE w oplocie ze stali nierdzewnej<\/strong> z Teflonu X spe\u0142nia rygorystyczne wymagania uk\u0142ad\u00f3w ch\u0142odzenia w zastosowaniach motoryzacyjnych, przemys\u0142owych i chemicznych. Przewodz\u0105ca natura oplotu ze stali nierdzewnej skutecznie rozprasza elektryczno\u015b\u0107 statyczn\u0105, zapobiegaj\u0105c niebezpiecznemu gromadzeniu si\u0119 \u0142adunk\u00f3w elektrostatycznych. G\u0142adka wewn\u0119trzna wyk\u0142adzina PTFE zapobiega przywieraniu cz\u0105stek i zanieczyszczeniom, zapewniaj\u0105c czysto\u015b\u0107 przesy\u0142anych p\u0142yn\u00f3w. Takie po\u0142\u0105czenie w\u0142a\u015bciwo\u015bci zapewnia wi\u0119ksze bezpiecze\u0144stwo, niezawodno\u015b\u0107 i trwa\u0142o\u015b\u0107.<\/p>\n<h2>Parametry produktu<\/h2>\n<ul>\n<li><strong>Marka:<\/strong> Teflon X<\/li>\n<li><strong>Tworzywo:<\/strong> Przewodz\u0105cy antystatyczny PTFE \/ stal nierdzewna 304<\/li>\n<li><strong>ID (\u015brednica wewn\u0119trzna):<\/strong> 2~60mm<\/li>\n<li><strong>Zakres temperatur:<\/strong> -70 do +260\u00b0C<\/li>\n<li><strong>Kolor:<\/strong> Czarny<\/li>\n<li><strong>Cechy:<\/strong> Antystatyczny, odporny na korozj\u0119, odporny na wysokie i niskie temperatury, nieprzywieraj\u0105cy<\/li>\n<\/ul>\n<h2>G\u0142\u00f3wne cechy i korzy\u015bci<\/h2>\n<ul>\n<li><strong>W\u0142a\u015bciwo\u015bci antystatyczne:<\/strong> Przewodz\u0105ca rurka w oplocie skutecznie rozprasza \u0142adunki elektrostatyczne, eliminuj\u0105c ryzyko wy\u0142adowa\u0144 elektrostatycznych w uk\u0142adach ch\u0142odzenia.<\/li>\n<li><strong>Odporno\u015b\u0107 na wysok\u0105 temperatur\u0119:<\/strong> Dzia\u0142aj\u0105c niezawodnie w szerokim zakresie temperatur od -70\u00b0C do +260\u00b0C, w\u0105\u017c ten nadaje si\u0119 zar\u00f3wno do zimnych, jak i gor\u0105cych \u015brodowisk ch\u0142odziwa.<\/li>\n<li><strong>Odporno\u015b\u0107 na korozj\u0119:<\/strong> Po\u0142\u0105czenie PTFE i oplotu ze stali nierdzewnej 304 zapewnia doskona\u0142\u0105 odporno\u015b\u0107 na dzia\u0142anie chemikali\u00f3w i korozj\u0119, zapewniaj\u0105c d\u0142u\u017csz\u0105 \u017cywotno\u015b\u0107 w\u0119\u017ca.<\/li>\n<li><strong>Nieprzywieraj\u0105ca powierzchnia wewn\u0119trzna:<\/strong> Nieprzywieraj\u0105ce w\u0142a\u015bciwo\u015bci PTFE minimalizuj\u0105 zanieczyszczenie i gromadzenie si\u0119 p\u0142yn\u00f3w, upraszczaj\u0105c konserwacj\u0119 i czyszczenie.<\/li>\n<li><strong>Wytrzyma\u0142o\u015b\u0107 mechaniczna i elastyczno\u015b\u0107:<\/strong> Oplot ze stali nierdzewnej wzmacnia w\u0105\u017c, zapewniaj\u0105c wytrzyma\u0142o\u015b\u0107, odporno\u015b\u0107 na za\u0142amania i elastyczno\u015b\u0107 u\u0142atwiaj\u0105c\u0105 instalacj\u0119.<\/li>\n<li><strong>Trwa\u0142o\u015b\u0107:<\/strong> Zaprojektowany do d\u0142ugotrwa\u0142ego u\u017cytkowania w wymagaj\u0105cych \u015brodowiskach, w\u0105\u017c jest odporny na zu\u017cycie, wahania ci\u015bnienia i trudne warunki.<\/li>\n<\/ul>\n<h2>Typowe zastosowania<\/h2>\n<p>Ten <strong>rura oplotowa antystatyczna<\/strong> z Teflonu X jest szeroko stosowany w r\u00f3\u017cnych ga\u0142\u0119ziach przemys\u0142u w rozwi\u0105zaniach do ch\u0142odzenia i transferu p\u0142yn\u00f3w, w tym:<\/p>\n<ul>\n<li>Przewody p\u0142ynu ch\u0142odz\u0105cego silnik w motoryzacji i maszynach ci\u0119\u017ckich<\/li>\n<li>Przemys\u0142owe systemy ch\u0142odzenia wymagaj\u0105ce niezawodnego rozpraszania \u0142adunk\u00f3w elektrostatycznych<\/li>\n<li>Zak\u0142ady przetw\u00f3rstwa chemicznego, w kt\u00f3rych odporno\u015b\u0107 na korozj\u0119 ma krytyczne znaczenie<\/li>\n<li>Elastyczne w\u0119\u017ce do ch\u0142odziwa stosowane w zak\u0142adach produkcyjnych i wytw\u00f3rczych<\/li>\n<li>Inne systemy transferu p\u0142yn\u00f3w wymagaj\u0105ce trwa\u0142ych i bezpiecznych rurek przewodz\u0105cych PTFE<\/li>\n<\/ul>\n<h2>Dlaczego warto wybra\u0107 Teflon X?<\/h2>\n<p><strong>Teflon X<\/strong> ma na celu zapewnienie najwy\u017cszej jako\u015bci <strong>przewodz\u0105ce rurki w oplocie<\/strong> dostosowane do najwy\u017cszych standard\u00f3w bran\u017cowych. Nasze <strong>w\u0105\u017c PTFE w oplocie ze stali nierdzewnej<\/strong> przechodz\u0105 rygorystyczne testy jako\u015bci, aby zagwarantowa\u0107 bezpiecze\u0144stwo, wydajno\u015b\u0107 i trwa\u0142o\u015b\u0107. Oferujemy profesjonaln\u0105 obs\u0142ug\u0119 klienta i niestandardowe rozwi\u0105zania dostosowane do konkretnych potrzeb.<\/p>\n<h2>Zam\u00f3wienie i informacje kontaktowe<\/h2>\n<p>Aby dowiedzie\u0107 si\u0119 wi\u0119cej lub z\u0142o\u017cy\u0107 zam\u00f3wienie na nasze <strong>rura oplotowa antystatyczna<\/strong>odwied\u017a nasz\u0105 oficjaln\u0105 stron\u0119 internetow\u0105 pod adresem <a href=\"https:\/\/teflonx.com\/pl\/\" target=\"_blank\" rel=\"noopener noreferrer\">https:\/\/teflonx.com\/<\/a>. W przypadku pyta\u0144 lub pomocy technicznej skontaktuj si\u0119 z nami za po\u015brednictwem naszej strony kontaktowej pod adresem <a href=\"https:\/\/teflonx.com\/pl\/skontaktuj-sie-z-nami\/\" target=\"_blank\" rel=\"noopener noreferrer\">https:\/\/teflonx.com\/contact-us\/<\/a> lub napisz bezpo\u015brednio na adres <a href=\"mailto:allison.ye@teflonx.com\">allison.ye@teflonx.com<\/a>. Wybiera\u0107 <strong>Teflon X<\/strong> niezawodne, wysokiej jako\u015bci przewodz\u0105ce rurki PTFE.<\/p>","protected":false},"excerpt":{"rendered":"<p>Ten <strong>w\u0105\u017c PTFE w oplocie ze stali nierdzewnej<\/strong> jest idealnym rozwi\u0105zaniem do zastosowa\u0144 w ch\u0142odziwach. Jako <strong>rura oplotowa antystatyczna<\/strong>, zapobiega wy\u0142adowaniom elektrostatycznym, jednocze\u015bnie opieraj\u0105c si\u0119 wysokim temperaturom. U\u017cywaj go jako niezawodnego <strong>w\u0105\u017c ch\u0142odniczy ze stali nierdzewnej<\/strong> Lub <strong>przew\u00f3d p\u0142ynu ch\u0142odz\u0105cego silnika<\/strong>. Ten <strong>rura pleciona przewodz\u0105ca<\/strong> jest zbudowany tak, \u017ceby przetrwa\u0107.<\/p>","protected":false},"featured_media":617,"comment_status":"open","ping_status":"closed","template":"","meta":{"site-sidebar-layout":"default","site-content-layout":"","ast-site-content-layout":"default","site-content-style":"default","site-sidebar-style":"default","ast-global-header-display":"","ast-banner-title-visibility":"","ast-main-header-display":"","ast-hfb-above-header-display":"","ast-hfb-below-header-display":"","ast-hfb-mobile-header-display":"","site-post-title":"","ast-breadcrumbs-content":"","ast-featured-img":"","footer-sml-layout":"","ast-disable-related-posts":"","theme-transparent-header-meta":"default","adv-header-id-meta":"","stick-header-meta":"","header-above-stick-meta":"","header-main-stick-meta":"","header-below-stick-meta":"","astra-migrate-meta-layouts":"set","ast-page-background-enabled":"default","ast-page-background-meta":{"desktop":{"background-color":"var(--ast-global-color-5)","background-image":"","background-repeat":"repeat","background-position":"center center","background-size":"auto","background-attachment":"scroll","background-type":"","background-media":"","overlay-type":"","overlay-color":"","overlay-opacity":"","overlay-gradient":""},"tablet":{"background-color":"","background-image":"","background-repeat":"repeat","background-position":"center center","background-size":"auto","background-attachment":"scroll","background-type":"","background-media":"","overlay-type":"","overlay-color":"","overlay-opacity":"","overlay-gradient":""},"mobile":{"background-color":"","background-image":"","background-repeat":"repeat","background-position":"center center","background-size":"auto","background-attachment":"scroll","background-type":"","background-media":"","overlay-type":"","overlay-color":"","overlay-opacity":"","overlay-gradient":""}},"ast-content-background-meta":{"desktop":{"background-color":"var(--ast-global-color-4)","background-image":"","background-repeat":"repeat","background-position":"center center","background-size":"auto","background-attachment":"scroll","background-type":"","background-media":"","overlay-type":"","overlay-color":"","overlay-opacity":"","overlay-gradient":""},"tablet":{"background-color":"var(--ast-global-color-4)","background-image":"","background-repeat":"repeat","background-position":"center center","background-size":"auto","background-attachment":"scroll","background-type":"","background-media":"","overlay-type":"","overlay-color":"","overlay-opacity":"","overlay-gradient":""},"mobile":{"background-color":"var(--ast-global-color-4)","background-image":"","background-repeat":"repeat","background-position":"center center","background-size":"auto","background-attachment":"scroll","background-type":"","background-media":"","overlay-type":"","overlay-color":"","overlay-opacity":"","overlay-gradient":""}}},"product_brand":[290],"product_cat":[40],"product_tag":[191,197,192,195,196,193,169,194],"class_list":{"0":"post-629","1":"product","2":"type-product","3":"status-publish","4":"has-post-thumbnail","6":"product_brand-teflon-x","7":"product_cat-ptfe-tubes","8":"product_tag-anti-static-braided-tube","9":"product_tag-braided-fuel-line","10":"product_tag-conductive-braided-tube","11":"product_tag-engine-coolant-line","12":"product_tag-flexible-gas-line","13":"product_tag-stainless-steel-braided-ptfe-hose","14":"product_tag-stainless-steel-braided-teflon-hose","15":"product_tag-stainless-steel-coolant-hose","16":"desktop-align-left","17":"tablet-align-left","18":"mobile-align-left","20":"first","21":"instock","22":"shipping-taxable","23":"product-type-simple"},"_links":{"self":[{"href":"https:\/\/teflonx.com\/pl\/wp-json\/wp\/v2\/product\/629","targetHints":{"allow":["GET"]}}],"collection":[{"href":"https:\/\/teflonx.com\/pl\/wp-json\/wp\/v2\/product"}],"about":[{"href":"https:\/\/teflonx.com\/pl\/wp-json\/wp\/v2\/types\/product"}],"replies":[{"embeddable":true,"href":"https:\/\/teflonx.com\/pl\/wp-json\/wp\/v2\/comments?post=629"}],"wp:featuredmedia":[{"embeddable":true,"href":"https:\/\/teflonx.com\/pl\/wp-json\/wp\/v2\/media\/617"}],"wp:attachment":[{"href":"https:\/\/teflonx.com\/pl\/wp-json\/wp\/v2\/media?parent=629"}],"wp:term":[{"taxonomy":"product_brand","embeddable":true,"href":"https:\/\/teflonx.com\/pl\/wp-json\/wp\/v2\/product_brand?post=629"},{"taxonomy":"product_cat","embeddable":true,"href":"https:\/\/teflonx.com\/pl\/wp-json\/wp\/v2\/product_cat?post=629"},{"taxonomy":"product_tag","embeddable":true,"href":"https:\/\/teflonx.com\/pl\/wp-json\/wp\/v2\/product_tag?post=629"}],"curies":[{"name":"wp","href":"https:\/\/api.w.org\/{rel}","templated":true}]}}