{"id":642,"date":"2025-04-19T15:35:30","date_gmt":"2025-04-19T15:35:30","guid":{"rendered":"https:\/\/teflonx.com\/?post_type=product&#038;p=642"},"modified":"2026-01-01T14:50:55","modified_gmt":"2026-01-01T14:50:55","slug":"waz-paliwowy-karbowany-ptfe","status":"publish","type":"product","link":"https:\/\/teflonx.com\/pl\/product\/waz-paliwowy-karbowany-ptfe\/","title":{"rendered":"W\u0105\u017c paliwowy karbowany PTFE do zastosowa\u0144 w lotnictwie"},"content":{"rendered":"<h2>Niezr\u00f3wnana niezawodno\u015b\u0107: Karbowany w\u0105\u017c paliwowy PTFE do zastosowa\u0144 lotniczych i kosmonautycznych<\/h2>\n<p>W wymagaj\u0105cym \u015bwiecie in\u017cynierii lotniczej i kosmicznej awaria podzespo\u0142\u00f3w nie wchodzi w gr\u0119. W <strong>Teflon X<\/strong>Projektujemy rozwi\u0105zania, kt\u00f3re wykraczaj\u0105 poza standardy bran\u017cowe. Nasze <strong>W\u0105\u017c paliwowy karbowany PTFE do zastosowa\u0144 w lotnictwie<\/strong> zosta\u0142 zaprojektowany w celu zapewnienia bezpiecznego, sp\u00f3jnego i wydajnego transferu paliwa w najbardziej ekstremalnych warunkach, jakie mo\u017cna sobie wyobrazi\u0107. Niezale\u017cnie od tego, czy chodzi o lotnictwo komercyjne, odrzutowce wojskowe, czy pojazdy do eksploracji kosmosu. <strong>rura paliwowa falista<\/strong> technologia zapewnia wydajno\u015b\u0107 o krytycznym znaczeniu.<\/p>\n<h3>Dlaczego warto wybra\u0107 nasz karbowany w\u0105\u017c paliwowy PTFE?<\/h3>\n<p>Podstaw\u0105 naszego produktu jest jego wysokiej jako\u015bci konstrukcja. W przeciwie\u0144stwie do standardowych w\u0119\u017cy gumowych, kt\u00f3re z czasem ulegaj\u0105 degradacji w kontakcie z agresywnymi paliwami lotniczymi. <strong>w\u0105\u017c paliwowy teflonowy<\/strong> wykorzystuje wysokiej jako\u015bci politetrafluoroetylen (PTFE). Materia\u0142 ten oferuje niezr\u00f3wnan\u0105 odporno\u015b\u0107 chemiczn\u0105, zapewniaj\u0105c, \u017ce w\u0105\u017c pozostaje oboj\u0119tny nawet podczas transportu wysoce korozyjnych paliw do silnik\u00f3w odrzutowych lub p\u0142yn\u00f3w hydraulicznych.<\/p>\n<p>Jedn\u0105 z wyr\u00f3\u017cniaj\u0105cych cech tego produktu jest jego elastyczno\u015b\u0107. Unikalna, karbowana konstrukcja naszego <strong>w\u0105\u017c paliwowy karbowany ptfe<\/strong> pozwala na prowadzenie przewod\u00f3w w ciasnych przestrzeniach kad\u0142ub\u00f3w samolot\u00f3w i przedzia\u0142\u00f3w silnikowych. Ta elastyczno\u015b\u0107 dzia\u0142a r\u00f3wnie\u017c jako t\u0142umik, poch\u0142aniaj\u0105c intensywne wibracje typowe dla \u015brodowisk lotniczych, chroni\u0105c w ten spos\u00f3b wra\u017cliwe punkty po\u0142\u0105cze\u0144 przed p\u0119kni\u0119ciami napr\u0119\u017ceniowymi.<\/p>\n<p>Wytrzyma\u0142o\u015b\u0107 jest dodatkowo zwi\u0119kszona przez solidn\u0105 warstw\u0119 wzmacniaj\u0105c\u0105. Podczas gdy wewn\u0119trzny rdze\u0144 jest <strong>przew\u00f3d paliwowy ptfe<\/strong>Zewn\u0119trzna cz\u0119\u015b\u0107 jest opleciona stal\u0105 nierdzewn\u0105 o wysokiej wytrzyma\u0142o\u015bci (klasy 304 lub 316). Oplot ten chroni wewn\u0119trzn\u0105 <strong>rura paliwowa falista<\/strong> przed fizycznym \u015bcieraniem, przeci\u0119ciami i zagi\u0119ciami, jednocze\u015bnie znacznie zwi\u0119kszaj\u0105c ci\u015bnienie znamionowe zespo\u0142u.<\/p>\n<h3>G\u0142\u00f3wne cechy i korzy\u015bci<\/h3>\n<ul>\n<li><strong>Odporno\u015b\u0107 na ekstremalne temperatury:<\/strong> Mo\u017ce bezb\u0142\u0119dnie dzia\u0142a\u0107 w temperaturach od -80\u00b0C do +250\u00b0C, dzi\u0119ki czemu nadaje si\u0119 zar\u00f3wno do kriogenicznych uk\u0142ad\u00f3w paliwowych, jak i do stref silnika o wysokiej temperaturze.<\/li>\n<li><strong>Oboj\u0119tno\u015b\u0107 chemiczna:<\/strong> Ten <strong>w\u0105\u017c paliwowy teflonowy<\/strong> Wyk\u0142adzina jest nieprzepuszczalna dla prawie wszystkich chemikali\u00f3w, paliw i rozpuszczalnik\u00f3w, zapewniaj\u0105c zerowe zanieczyszczenie uk\u0142adu zasilania paliwem.<\/li>\n<li><strong>Wyj\u0105tkowa elastyczno\u015b\u0107:<\/strong> Ten <strong>rura paliwowa falista<\/strong> Konstrukcja zapewnia cia\u015bniejszy promie\u0144 gi\u0119cia w por\u00f3wnaniu z w\u0119\u017cami o g\u0142adkim przekroju bez za\u0142ama\u0144.<\/li>\n<li><strong>Wydajno\u015b\u0107 pod wysokim ci\u015bnieniem:<\/strong> Wzmocnienie ze stali nierdzewnej zapewnia <strong>przew\u00f3d paliwowy ptfe<\/strong> mo\u017ce wytrzyma\u0107 wysokie ci\u015bnienie robocze i obci\u0105\u017cenia udarowe.<\/li>\n<li><strong>W\u0142a\u015bciwo\u015bci niestarzej\u0105ce si\u0119:<\/strong> W przeciwie\u0144stwie do gumy, PTFE nie starzeje si\u0119, nie p\u0119ka ani nie twardnieje z up\u0142ywem czasu, oferuj\u0105c praktycznie nieograniczony okres trwa\u0142o\u015bci i kr\u00f3tsze okresy mi\u0119dzyobs\u0142ugowe.<\/li>\n<\/ul>\n<h3>Dane techniczne<\/h3>\n<p>Nasz <strong>W\u0105\u017c paliwowy karbowany PTFE<\/strong> jest produkowana zgodnie z rygorystycznymi normami lotniczymi. Poni\u017cej znajduj\u0105 si\u0119 og\u00f3lne specyfikacje naszych standardowych serii. Niestandardowe rozmiary i opcje oplotu s\u0105 dost\u0119pne na \u017cyczenie.<\/p>\n<table style=\"border-collapse: collapse; width: 100%; border: 1px solid #ddd;\" border=\"1\">\n<thead>\n<tr style=\"background-color: #f2f2f2;\">\n<th style=\"padding: 10px; text-align: left;\">Parametr<\/th>\n<th style=\"padding: 10px; text-align: left;\">Szczeg\u00f3\u0142y specyfikacji<\/th>\n<\/tr>\n<\/thead>\n<tbody>\n<tr>\n<td style=\"padding: 10px;\"><strong>Materia\u0142 wewn\u0119trzny<\/strong><\/td>\n<td style=\"padding: 10px;\">Dziewicze lub antystatyczne (przewodz\u0105ce) PTFE (faliste)<\/td>\n<\/tr>\n<tr>\n<td style=\"padding: 10px;\"><strong>Wzmocnienie zewn\u0119trzne<\/strong><\/td>\n<td style=\"padding: 10px;\">Pojedynczy lub podw\u00f3jny oplot ze stali nierdzewnej (SS304\/SS316)<\/td>\n<\/tr>\n<tr>\n<td style=\"padding: 10px;\"><strong>Zakres temperatur<\/strong><\/td>\n<td style=\"padding: 10px;\">-80\u00b0C do +250\u00b0C (-112\u00b0F do +482\u00b0F)<\/td>\n<\/tr>\n<tr>\n<td style=\"padding: 10px;\"><strong>Ci\u015bnienie robocze<\/strong><\/td>\n<td style=\"padding: 10px;\">Do 3000 PSI (w zale\u017cno\u015bci od \u015brednicy i oplotu)<\/td>\n<\/tr>\n<tr>\n<td style=\"padding: 10px;\"><strong>Ci\u015bnienie rozrywaj\u0105ce<\/strong><\/td>\n<td style=\"padding: 10px;\">Wsp\u00f3\u0142czynnik bezpiecze\u0144stwa 4:1 (4x ci\u015bnienie robocze)<\/td>\n<\/tr>\n<tr>\n<td style=\"padding: 10px;\"><strong>Dost\u0119pne rozmiary (ID)<\/strong><\/td>\n<td style=\"padding: 10px;\">1\/4\u2033 (6 mm) do 4\u2033 (100 mm)<\/td>\n<\/tr>\n<tr>\n<td style=\"padding: 10px;\"><strong>Odporno\u015b\u0107 na podci\u015bnienie<\/strong><\/td>\n<td style=\"padding: 10px;\">Pe\u0142na pr\u00f3\u017cnia (rozmiary do 1\u2033)<\/td>\n<\/tr>\n<tr>\n<td style=\"padding: 10px;\"><strong>Osprz\u0119t<\/strong><\/td>\n<td style=\"padding: 10px;\">JIC, NPT, BSP, ko\u0142nierze (z mo\u017cliwo\u015bci\u0105 dostosowania)<\/td>\n<\/tr>\n<\/tbody>\n<\/table>\n<h3>Zastosowania w lotnictwie i kosmonautyce<\/h3>\n<p>Ten <strong>przew\u00f3d paliwowy ptfe<\/strong> dostarczane przez Teflon X s\u0105 wszechstronne. S\u0105 niezb\u0119dnymi komponentami w:<\/p>\n<ul>\n<li>G\u0142\u00f3wne przewody paliwowe silnika<\/li>\n<li>Zasilanie paliwem pomocniczej jednostki zasilaj\u0105cej (APU)<\/li>\n<li>Hydrauliczne systemy uruchamiania<\/li>\n<li>Uk\u0142ady ch\u0142odzenia wymagaj\u0105ce w\u0119\u017cy odpornych na temperatur\u0119<\/li>\n<li>Linie oprzyrz\u0105dowania<\/li>\n<\/ul>\n<h3>Zapewnienie jako\u015bci i kontakt<\/h3>\n<p>Na <strong>Teflon X<\/strong>Jako\u015b\u0107 jest nasz\u0105 obietnic\u0105. Ka\u017cdy <strong>w\u0105\u017c paliwowy karbowany ptfe<\/strong> przechodzi rygorystyczne testy ci\u015bnienia hydrostatycznego i kontrol\u0119 wizualn\u0105 przed opuszczeniem naszego zak\u0142adu. Rozumiemy, \u017ce w przemy\u015ble lotniczym bezpiecze\u0144stwo jest najwa\u017cniejsze.<\/p>\n<p>Szukasz niestandardowego rozwi\u0105zania lub potrzebujesz danych technicznych dotycz\u0105cych konkretnego produktu? <strong>rura paliwowa falista<\/strong> \u015brednicy? Nasz zesp\u00f3\u0142 in\u017cynier\u00f3w jest gotowy pom\u00f3c w wyborze idealnego rozwi\u0105zania. <strong>w\u0105\u017c paliwowy teflonowy<\/strong> dla Twojego projektu.<\/p>\n<p>Wi\u0119cej informacji mo\u017cna znale\u017a\u0107 na naszej stronie internetowej <a href=\"https:\/\/teflonx.com\/pl\/\" target=\"_blank\" rel=\"noopener\">teflonx.com<\/a>. Aby poprosi\u0107 o wycen\u0119 lub om\u00f3wi\u0107 swoje wymagania, odwied\u017a nasz\u0105 stron\u0119 <a href=\"https:\/\/teflonx.com\/pl\/skontaktuj-sie-z-nami\/\" target=\"_blank\" rel=\"noopener\">Strona kontaktowa<\/a> lub napisz do naszego zespo\u0142u sprzeda\u017cy bezpo\u015brednio na adres <a href=\"mailto:allison.ye@teflonx.com\">allison.ye@teflonx.com<\/a>.<\/p>","protected":false},"excerpt":{"rendered":"<p>W\u0105\u017c paliwowy karbowany PTFE zapewnia niezawodny transfer paliwa w systemach lotniczych. Konstrukcja w\u0119\u017ca paliwowego z teflonu jest odporna na ekstremalne temperatury (od -80\u00b0C do +250\u00b0C) i paliwa \u017cr\u0105ce. Elastyczna, wzmocniona stal\u0105 nierdzewn\u0105 karbowana rura paliwowa minimalizuje wibracje i zapewnia trwa\u0142o\u015b\u0107 w \u015brodowiskach o wysokim ci\u015bnieniu. Idealny do precyzyjnych uk\u0142ad\u00f3w wtrysku paliwa wymagaj\u0105cych niewielkiej konserwacji.<\/p>","protected":false},"featured_media":643,"comment_status":"open","ping_status":"closed","template":"","meta":{"site-sidebar-layout":"default","site-content-layout":"","ast-site-content-layout":"default","site-content-style":"default","site-sidebar-style":"default","ast-global-header-display":"","ast-banner-title-visibility":"","ast-main-header-display":"","ast-hfb-above-header-display":"","ast-hfb-below-header-display":"","ast-hfb-mobile-header-display":"","site-post-title":"","ast-breadcrumbs-content":"","ast-featured-img":"","footer-sml-layout":"","ast-disable-related-posts":"","theme-transparent-header-meta":"default","adv-header-id-meta":"","stick-header-meta":"","header-above-stick-meta":"","header-main-stick-meta":"","header-below-stick-meta":"","astra-migrate-meta-layouts":"set","ast-page-background-enabled":"default","ast-page-background-meta":{"desktop":{"background-color":"var(--ast-global-color-5)","background-image":"","background-repeat":"repeat","background-position":"center center","background-size":"auto","background-attachment":"scroll","background-type":"","background-media":"","overlay-type":"","overlay-color":"","overlay-opacity":"","overlay-gradient":""},"tablet":{"background-color":"","background-image":"","background-repeat":"repeat","background-position":"center center","background-size":"auto","background-attachment":"scroll","background-type":"","background-media":"","overlay-type":"","overlay-color":"","overlay-opacity":"","overlay-gradient":""},"mobile":{"background-color":"","background-image":"","background-repeat":"repeat","background-position":"center center","background-size":"auto","background-attachment":"scroll","background-type":"","background-media":"","overlay-type":"","overlay-color":"","overlay-opacity":"","overlay-gradient":""}},"ast-content-background-meta":{"desktop":{"background-color":"var(--ast-global-color-4)","background-image":"","background-repeat":"repeat","background-position":"center center","background-size":"auto","background-attachment":"scroll","background-type":"","background-media":"","overlay-type":"","overlay-color":"","overlay-opacity":"","overlay-gradient":""},"tablet":{"background-color":"var(--ast-global-color-4)","background-image":"","background-repeat":"repeat","background-position":"center center","background-size":"auto","background-attachment":"scroll","background-type":"","background-media":"","overlay-type":"","overlay-color":"","overlay-opacity":"","overlay-gradient":""},"mobile":{"background-color":"var(--ast-global-color-4)","background-image":"","background-repeat":"repeat","background-position":"center center","background-size":"auto","background-attachment":"scroll","background-type":"","background-media":"","overlay-type":"","overlay-color":"","overlay-opacity":"","overlay-gradient":""}}},"product_brand":[290],"product_cat":[42],"product_tag":[221,219,220,49],"class_list":{"0":"post-642","1":"product","2":"type-product","3":"status-publish","4":"has-post-thumbnail","6":"product_brand-teflon-x","7":"product_cat-ptfe-corrugated-hoses","8":"product_tag-corrugated-fuel-tube","9":"product_tag-ptfe-corrugated-fuel-hose","10":"product_tag-ptfe-fuel-line","11":"product_tag-teflon-fuel-hose","12":"desktop-align-left","13":"tablet-align-left","14":"mobile-align-left","16":"first","17":"instock","18":"shipping-taxable","19":"product-type-simple"},"_links":{"self":[{"href":"https:\/\/teflonx.com\/pl\/wp-json\/wp\/v2\/product\/642","targetHints":{"allow":["GET"]}}],"collection":[{"href":"https:\/\/teflonx.com\/pl\/wp-json\/wp\/v2\/product"}],"about":[{"href":"https:\/\/teflonx.com\/pl\/wp-json\/wp\/v2\/types\/product"}],"replies":[{"embeddable":true,"href":"https:\/\/teflonx.com\/pl\/wp-json\/wp\/v2\/comments?post=642"}],"wp:featuredmedia":[{"embeddable":true,"href":"https:\/\/teflonx.com\/pl\/wp-json\/wp\/v2\/media\/643"}],"wp:attachment":[{"href":"https:\/\/teflonx.com\/pl\/wp-json\/wp\/v2\/media?parent=642"}],"wp:term":[{"taxonomy":"product_brand","embeddable":true,"href":"https:\/\/teflonx.com\/pl\/wp-json\/wp\/v2\/product_brand?post=642"},{"taxonomy":"product_cat","embeddable":true,"href":"https:\/\/teflonx.com\/pl\/wp-json\/wp\/v2\/product_cat?post=642"},{"taxonomy":"product_tag","embeddable":true,"href":"https:\/\/teflonx.com\/pl\/wp-json\/wp\/v2\/product_tag?post=642"}],"curies":[{"name":"wp","href":"https:\/\/api.w.org\/{rel}","templated":true}]}}