{"id":745,"date":"2025-05-18T10:00:04","date_gmt":"2025-05-18T10:00:04","guid":{"rendered":"https:\/\/teflonx.com\/?post_type=product&#038;p=745"},"modified":"2026-01-01T15:20:48","modified_gmt":"2026-01-01T15:20:48","slug":"uszczelka-teflonowa-ptfe-2","status":"publish","type":"product","link":"https:\/\/teflonx.com\/pl\/product\/uszczelka-teflonowa-ptfe-2\/","title":{"rendered":"Uszczelka teflonowa PTFE | Niezawodne pier\u015bcienie uszczelniaj\u0105ce o wysokiej temperaturze i rozwi\u0105zania uszczelniaj\u0105ce z teflonu"},"content":{"rendered":"<h2>Uszczelka teflonowa PTFE | Niezawodne o-ringi wysokotemperaturowe i teflonowe rozwi\u0105zania uszczelniaj\u0105ce<\/h2>\n<p>Witamy w <strong>Teflon X<\/strong>Zaufany partner w zakresie wysokowydajnych komponent\u00f3w przemys\u0142owych. W \u015bwiecie przenoszenia p\u0142yn\u00f3w i przetwarzania chemicznego awaria uszczelnienia nie wchodzi w gr\u0119. W\u0142a\u015bnie dlatego nasze najwy\u017cszej jako\u015bci <strong>Uszczelka teflonowa PTFE<\/strong> zosta\u0142a zaprojektowana tak, aby zapewni\u0107 wyj\u0105tkow\u0105 niezawodno\u015b\u0107. Niezale\u017cnie od tego, czy aplikacja obejmuje agresywne chemikalia, czy ekstremalne cykle termiczne, nasze <strong>Uszczelka teflonowa<\/strong> I <strong>Uszczelka PTFE<\/strong> zosta\u0142y zaprojektowane tak, aby wytrzyma\u0107 najtrudniejsze warunki, w kt\u00f3rych standardowe elastomery zawodz\u0105.<\/p>\n<p>W Teflon X specjalizujemy si\u0119 w zaawansowanym <strong>Uszczelnienie teflonowe<\/strong> technologie. Nasze zaanga\u017cowanie w jako\u015b\u0107 gwarantuje, \u017ce ka\u017cda wyprodukowana przez nas uszczelka zapewnia d\u0142ugotrwa\u0142\u0105 obs\u0142ug\u0119, skracaj\u0105c przestoje konserwacyjne i chroni\u0105c krytyczny sprz\u0119t.<\/p>\n<h3>Najlepsze rozwi\u0105zanie: Uszczelki O Ring z PTFE<\/h3>\n<p>Politetrafluoroetylen (PTFE), powszechnie znany pod nazw\u0105 handlow\u0105 Teflon, jest fluoropolimerem o unikalnych w\u0142a\u015bciwo\u015bciach, kt\u00f3re czyni\u0105 go z\u0142otym standardem uszczelnie\u0144 przemys\u0142owych. W przeciwie\u0144stwie do uszczelek gumowych, kt\u00f3re z czasem ulegaj\u0105 degradacji, PTFE <strong>Uszczelka PTFE<\/strong> jest chemicznie oboj\u0119tny i wysoce odporny na warunki atmosferyczne. To sprawia, \u017ce nasz <strong>Uszczelka PTFE<\/strong> to idealny wyb\u00f3r dla bran\u017c od farmaceutycznej po naftow\u0105 i gazow\u0105.<\/p>\n<p>Jedn\u0105 z g\u0142\u00f3wnych zalet naszej linii produkt\u00f3w jest mo\u017cliwo\u015b\u0107 dostarczania <strong>pier\u015bcienie uszczelniaj\u0105ce o wysokiej temperaturze<\/strong>. Standardowe uszczelki cz\u0119sto topi\u0105 si\u0119 lub staj\u0105 si\u0119 kruche pod wp\u0142ywem napr\u0119\u017ce\u0144 termicznych, ale nasze <strong>Uszczelka teflonowa<\/strong> zachowuje integralno\u015b\u0107 strukturaln\u0105 w szerokim zakresie temperatur. Ta stabilno\u015b\u0107 termiczna zapewnia, \u017ce systemy pozostaj\u0105 szczelne, nawet w najbardziej wymagaj\u0105cych warunkach pracy.<\/p>\n<h3>G\u0142\u00f3wne cechy i korzy\u015bci<\/h3>\n<ul>\n<li><strong>Niezr\u00f3wnana odporno\u015b\u0107 chemiczna:<\/strong> Nasz <strong>Uszczelka PTFE<\/strong> jest odporny na praktycznie wszystkie chemikalia przemys\u0142owe, kwasy, zasady i rozpuszczalniki (pH 0-14).<\/li>\n<li><strong>Tolerancja na ekstremalne temperatury:<\/strong> Jako wiod\u0105cy dostawca <strong>pier\u015bcienie uszczelniaj\u0105ce o wysokiej temperaturze<\/strong>Nasze uszczelki dzia\u0142aj\u0105 skutecznie w temperaturach od -200\u00b0C do +260\u00b0C (od -328\u00b0F do +500\u00b0F).<\/li>\n<li><strong>Niski wsp\u00f3\u0142czynnik tarcia:<\/strong> <strong>Uszczelnienie teflonowe<\/strong> charakteryzuj\u0105 si\u0119 najni\u017cszym wsp\u00f3\u0142czynnikiem tarcia spo\u015br\u00f3d wszystkich materia\u0142\u00f3w sta\u0142ych, zapobiegaj\u0105c problemom zwi\u0105zanym z po\u015blizgiem i u\u0142atwiaj\u0105c monta\u017c.<\/li>\n<li><strong>Zgodno\u015b\u0107 z FDA:<\/strong> Nasza dziewica <strong>Uszczelka PTFE<\/strong> s\u0105 nietoksyczne, bezzapachowe i bezsmakowe, dzi\u0119ki czemu nadaj\u0105 si\u0119 do \u017cywno\u015bci, napoj\u00f3w i zastosowa\u0144 medycznych.<\/li>\n<li><strong>Nieograniczony okres trwa\u0142o\u015bci:<\/strong> W przeciwie\u0144stwie do elastomer\u00f3w <strong>Uszczelka teflonowa<\/strong> nie starzeje si\u0119, nie p\u0119ka ani nie ulega degradacji pod wp\u0142ywem promieniowania UV lub ozonu.<\/li>\n<\/ul>\n<h3>Dane techniczne<\/h3>\n<p>Precyzja jest najwa\u017cniejsza w Teflon X. <strong>Uszczelka teflonowa PTFE<\/strong> s\u0105 wytwarzane z zachowaniem \u015bcis\u0142ych tolerancji, aby zapewni\u0107 idealne dopasowanie. Poni\u017cej znajduj\u0105 si\u0119 standardowe parametry techniczne naszych produkt\u00f3w uszczelniaj\u0105cych PTFE.<\/p>\n<table style=\"width: 100%; border-collapse: collapse; border: 1px solid #ddd; margin-bottom: 20px;\">\n<tbody>\n<tr style=\"background-color: #f2f2f2;\">\n<td style=\"padding: 10px; border: 1px solid #ddd;\"><strong>Nieruchomo\u015b\u0107<\/strong><\/td>\n<td style=\"padding: 10px; border: 1px solid #ddd;\"><strong>Specyfikacja \/ warto\u015b\u0107<\/strong><\/td>\n<\/tr>\n<tr>\n<td style=\"padding: 10px; border: 1px solid #ddd;\">Sk\u0142ad materia\u0142u<\/td>\n<td style=\"padding: 10px; border: 1px solid #ddd;\">100% Virgin PTFE, wype\u0142niony szk\u0142em, wype\u0142niony w\u0119glem, wype\u0142niony br\u0105zem<\/td>\n<\/tr>\n<tr>\n<td style=\"padding: 10px; border: 1px solid #ddd;\">Zakres temperatur<\/td>\n<td style=\"padding: 10px; border: 1px solid #ddd;\">-200\u00b0C do +260\u00b0C (-328\u00b0F do +500\u00b0F)<\/td>\n<\/tr>\n<tr>\n<td style=\"padding: 10px; border: 1px solid #ddd;\">Twardo\u015b\u0107 (Shore D)<\/td>\n<td style=\"padding: 10px; border: 1px solid #ddd;\">55 - 60 Shore D<\/td>\n<\/tr>\n<tr>\n<td style=\"padding: 10px; border: 1px solid #ddd;\">Wytrzyma\u0142o\u015b\u0107 na rozci\u0105ganie<\/td>\n<td style=\"padding: 10px; border: 1px solid #ddd;\">\u2265 25 MPa<\/td>\n<\/tr>\n<tr>\n<td style=\"padding: 10px; border: 1px solid #ddd;\">Wyd\u0142u\u017cenie przy zerwaniu<\/td>\n<td style=\"padding: 10px; border: 1px solid #ddd;\">\u2265 300%<\/td>\n<\/tr>\n<tr>\n<td style=\"padding: 10px; border: 1px solid #ddd;\">Wytrzyma\u0142o\u015b\u0107 dielektryczna<\/td>\n<td style=\"padding: 10px; border: 1px solid #ddd;\">Doskona\u0142y (wysokie w\u0142a\u015bciwo\u015bci izolacyjne)<\/td>\n<\/tr>\n<tr>\n<td style=\"padding: 10px; border: 1px solid #ddd;\">Absorpcja wody<\/td>\n<td style=\"padding: 10px; border: 1px solid #ddd;\">&lt; 0,01% (zerowa absorpcja)<\/td>\n<\/tr>\n<\/tbody>\n<\/table>\n<h3>Przemys\u0142owe zastosowania uszczelnie\u0144 teflonowych<\/h3>\n<p>Wszechstronno\u015b\u0107 naszej <strong>Uszczelka PTFE<\/strong> umo\u017cliwia jej zastosowanie w wielu r\u00f3\u017cnych sektorach. Poniewa\u017c <strong>Uszczelka teflonowa<\/strong> nie zanieczyszcza medi\u00f3w, kt\u00f3re uszczelnia, jest preferowanym wyborem do zastosowa\u0144 o wysokiej czysto\u015bci.<\/p>\n<ol>\n<li><strong>Przetwarzanie chemiczne:<\/strong> Pompy, zawory i reaktory obs\u0142uguj\u0105ce media korozyjne polegaj\u0105 na naszych <strong>Uszczelka PTFE<\/strong> aby zapobiec niebezpiecznym wyciekom.<\/li>\n<li><strong>Farmaceutyka i biotechnologia:<\/strong> Sanitarny charakter pierwotnego PTFE zapewnia, \u017ce procesy produkcji lek\u00f3w pozostaj\u0105 sterylne i wolne od zanieczyszcze\u0144.<\/li>\n<li><strong>Ropa i gaz:<\/strong> Nasz <strong>pier\u015bcienie uszczelniaj\u0105ce o wysokiej temperaturze<\/strong> s\u0105 niezb\u0119dne w narz\u0119dziach wiertniczych i ruroci\u0105gach, gdzie odporno\u015b\u0107 na wysokie ci\u015bnienie i temperatur\u0119 ma kluczowe znaczenie.<\/li>\n<li><strong>Jedzenie i napoje:<\/strong> <strong>Uszczelnienie teflonowe<\/strong> jest zgodny z FDA i mo\u017ce wytrzyma\u0107 rygorystyczne procedury czyszczenia w obiegu zamkni\u0119tym (CIP) i parowania w obiegu zamkni\u0119tym (SIP).<\/li>\n<li><strong>Przemys\u0142 lotniczy i motoryzacyjny:<\/strong> Od uk\u0142ad\u00f3w paliwowych po zbiorniki kriogeniczne, nasze uszczelnienia zapewniaj\u0105 trwa\u0142o\u015b\u0107 wymagan\u0105 dla komponent\u00f3w o krytycznym znaczeniu dla bezpiecze\u0144stwa.<\/li>\n<\/ol>\n<h3>Dlaczego warto wybra\u0107 Teflon X?<\/h3>\n<p>Wybieraj\u0105c Teflon X, wybierasz partnera zaanga\u017cowanego w Tw\u00f3j sukces. Rozumiemy niuanse <strong>Uszczelnienie teflonowe<\/strong>. Chocia\u017c PTFE jest materia\u0142em twardszym ni\u017c guma, nasz zesp\u00f3\u0142 in\u017cynier\u00f3w mo\u017ce pom\u00f3c w projektowaniu i wymiarowaniu rowk\u00f3w, aby zapewni\u0107, \u017ce nasze <strong>Uszczelka PTFE<\/strong> doskonale sprawdza si\u0119 w monta\u017cu.<\/p>\n<p>Oferujemy zar\u00f3wno standardowe rozmiary (AS568, JIS, DIN), jak i rozwi\u0105zania formowane na zam\u00f3wienie. Niezale\u017cnie od tego, czy potrzebujesz prostego <strong>Uszczelka PTFE<\/strong> lub z\u0142o\u017cony <strong>pier\u015bcienie uszczelniaj\u0105ce o wysokiej temperaturze<\/strong> W przypadku prototypu zapewniamy sta\u0142\u0105 jako\u015b\u0107 i szybki czas realizacji.<\/p>\n<h3>Skontaktuj si\u0119 z nami, aby uzyska\u0107 wycen\u0119<\/h3>\n<p>Gotowy do ulepszenia swojego sprz\u0119tu o najwy\u017cszej jako\u015bci <strong>Uszczelka teflonowa<\/strong> rozwi\u0105zania? Nasz zesp\u00f3\u0142 sprzeda\u017cy technicznej jest gotowy, aby odpowiedzie\u0107 na Twoje pytania i zapewni\u0107 konkurencyjne ceny na nasze <strong>Uszczelka PTFE<\/strong> produkty.<\/p>\n<p>Aby uzyska\u0107 wi\u0119cej informacji o naszej firmie i pe\u0142nej gamie produkt\u00f3w, odwied\u017a nasz\u0105 stron\u0119 internetow\u0105 pod adresem <a href=\"https:\/\/teflonx.com\/pl\/\" target=\"_blank\" rel=\"noopener\">teflonx.com<\/a>. Aby poprosi\u0107 o wycen\u0119 lub om\u00f3wi\u0107 konkretne wymagania dotycz\u0105ce <strong>pier\u015bcienie uszczelniaj\u0105ce o wysokiej temperaturze<\/strong>, prosimy o kontakt za po\u015brednictwem naszej strony kontaktowej.<\/p>\n<p style=\"text-align: center; margin-top: 30px; padding: 20px; background-color: #f9f9f9; border: 1px solid #eee;\"><strong>Skontaktuj si\u0119 z nami ju\u017c dzi\u015b:<\/strong><br \/>\nOdwied\u017a nasz\u0105 stron\u0119 kontaktow\u0105: <a href=\"https:\/\/teflonx.com\/pl\/skontaktuj-sie-z-nami\/\" target=\"_blank\" rel=\"noopener\">teflonx.com\/kontakt-z-nami\/<\/a><br \/>\nNapisz do nas bezpo\u015brednio: <a href=\"mailto:allison.ye@teflonx.com\">allison.ye@teflonx.com<\/a><\/p>","protected":false},"excerpt":{"rendered":"<p>Produkty z uszczelkami teflonowymi PTFE zapewniaj\u0105 najwy\u017csz\u0105 wydajno\u015b\u0107 w zadaniach zwi\u0105zanych z uszczelkami teflonowymi i pier\u015bcieniami uszczelniaj\u0105cymi o wysokiej temperaturze. Nasze uszczelki PTFE i teflonowe wytrzymuj\u0105 \u017cr\u0105ce chemikalia i temperatury do 260\u00b0C. Preferowane przez in\u017cynier\u00f3w w zastosowaniach precyzyjnych, farmaceutycznych i chemicznych.<\/p>","protected":false},"featured_media":741,"comment_status":"open","ping_status":"closed","template":"","meta":{"site-sidebar-layout":"default","site-content-layout":"","ast-site-content-layout":"default","site-content-style":"default","site-sidebar-style":"default","ast-global-header-display":"","ast-banner-title-visibility":"","ast-main-header-display":"","ast-hfb-above-header-display":"","ast-hfb-below-header-display":"","ast-hfb-mobile-header-display":"","site-post-title":"","ast-breadcrumbs-content":"","ast-featured-img":"","footer-sml-layout":"","ast-disable-related-posts":"","theme-transparent-header-meta":"default","adv-header-id-meta":"","stick-header-meta":"","header-above-stick-meta":"","header-main-stick-meta":"","header-below-stick-meta":"","astra-migrate-meta-layouts":"set","ast-page-background-enabled":"default","ast-page-background-meta":{"desktop":{"background-color":"var(--ast-global-color-5)","background-image":"","background-repeat":"repeat","background-position":"center center","background-size":"auto","background-attachment":"scroll","background-type":"","background-media":"","overlay-type":"","overlay-color":"","overlay-opacity":"","overlay-gradient":""},"tablet":{"background-color":"","background-image":"","background-repeat":"repeat","background-position":"center center","background-size":"auto","background-attachment":"scroll","background-type":"","background-media":"","overlay-type":"","overlay-color":"","overlay-opacity":"","overlay-gradient":""},"mobile":{"background-color":"","background-image":"","background-repeat":"repeat","background-position":"center center","background-size":"auto","background-attachment":"scroll","background-type":"","background-media":"","overlay-type":"","overlay-color":"","overlay-opacity":"","overlay-gradient":""}},"ast-content-background-meta":{"desktop":{"background-color":"var(--ast-global-color-4)","background-image":"","background-repeat":"repeat","background-position":"center center","background-size":"auto","background-attachment":"scroll","background-type":"","background-media":"","overlay-type":"","overlay-color":"","overlay-opacity":"","overlay-gradient":""},"tablet":{"background-color":"var(--ast-global-color-4)","background-image":"","background-repeat":"repeat","background-position":"center center","background-size":"auto","background-attachment":"scroll","background-type":"","background-media":"","overlay-type":"","overlay-color":"","overlay-opacity":"","overlay-gradient":""},"mobile":{"background-color":"var(--ast-global-color-4)","background-image":"","background-repeat":"repeat","background-position":"center center","background-size":"auto","background-attachment":"scroll","background-type":"","background-media":"","overlay-type":"","overlay-color":"","overlay-opacity":"","overlay-gradient":""}}},"product_brand":[290],"product_cat":[43],"product_tag":[247,107,114,108,115],"class_list":{"0":"post-745","1":"product","2":"type-product","3":"status-publish","4":"has-post-thumbnail","6":"product_brand-teflon-x","7":"product_cat-ptfe-gaskets","8":"product_tag-high-temp-o-rings","9":"product_tag-ptfe-gasket","10":"product_tag-ptfe-seal","11":"product_tag-teflon-gasket","12":"product_tag-teflon-sealing","13":"desktop-align-left","14":"tablet-align-left","15":"mobile-align-left","17":"first","18":"instock","19":"shipping-taxable","20":"product-type-simple"},"_links":{"self":[{"href":"https:\/\/teflonx.com\/pl\/wp-json\/wp\/v2\/product\/745","targetHints":{"allow":["GET"]}}],"collection":[{"href":"https:\/\/teflonx.com\/pl\/wp-json\/wp\/v2\/product"}],"about":[{"href":"https:\/\/teflonx.com\/pl\/wp-json\/wp\/v2\/types\/product"}],"replies":[{"embeddable":true,"href":"https:\/\/teflonx.com\/pl\/wp-json\/wp\/v2\/comments?post=745"}],"wp:featuredmedia":[{"embeddable":true,"href":"https:\/\/teflonx.com\/pl\/wp-json\/wp\/v2\/media\/741"}],"wp:attachment":[{"href":"https:\/\/teflonx.com\/pl\/wp-json\/wp\/v2\/media?parent=745"}],"wp:term":[{"taxonomy":"product_brand","embeddable":true,"href":"https:\/\/teflonx.com\/pl\/wp-json\/wp\/v2\/product_brand?post=745"},{"taxonomy":"product_cat","embeddable":true,"href":"https:\/\/teflonx.com\/pl\/wp-json\/wp\/v2\/product_cat?post=745"},{"taxonomy":"product_tag","embeddable":true,"href":"https:\/\/teflonx.com\/pl\/wp-json\/wp\/v2\/product_tag?post=745"}],"curies":[{"name":"wp","href":"https:\/\/api.w.org\/{rel}","templated":true}]}}