{"id":823,"date":"2025-07-15T05:45:56","date_gmt":"2025-07-15T05:45:56","guid":{"rendered":"https:\/\/teflonx.com\/?post_type=product&#038;p=823"},"modified":"2025-07-15T05:45:57","modified_gmt":"2025-07-15T05:45:57","slug":"wysokowydajna-wewnetrzna-plaska-zewnetrzna-karbowana-rura-ptfe-do-transferu-chemikaliow","status":"publish","type":"product","link":"https:\/\/teflonx.com\/pl\/product\/wysokowydajna-wewnetrzna-plaska-zewnetrzna-karbowana-rura-ptfe-do-transferu-chemikaliow\/","title":{"rendered":"Wysokowydajna wewn\u0119trzna p\u0142aska zewn\u0119trzna karbowana rura PTFE do transferu chemikali\u00f3w"},"content":{"rendered":"<h1 id=\"high-performance-inner-flat-outer-corrugated-ptfe-tube-for-chemical-transfer\">Wysokowydajna wewn\u0119trzna p\u0142aska zewn\u0119trzna karbowana rura PTFE do transferu chemikali\u00f3w<\/h1>\n<p>Witamy w <strong>Teflon X<\/strong>, Twoje zaufane \u017ar\u00f3d\u0142o najwy\u017cszej jako\u015bci rozwi\u0105za\u0144 w zakresie rur PTFE. Nasze <strong>Wewn\u0119trzna g\u0142adka rura zewn\u0119trzna falista z PTFE<\/strong> zosta\u0142 zaprojektowany, aby sprosta\u0107 rygorystycznym wymaganiom zwi\u0105zanym z transferem chemikali\u00f3w. Wi\u0119cej informacji znajdziesz na naszej stronie internetowej pod adresem <a href=\"https:\/\/teflonx.com\/pl\/\" target=\"_blank\" rel=\"noopener\">https:\/\/teflonx.com\/<\/a> lub skontaktuj si\u0119 z nami za po\u015brednictwem <a href=\"https:\/\/teflonx.com\/pl\/skontaktuj-sie-z-nami\/\" target=\"_blank\" rel=\"noopener\">https:\/\/teflonx.com\/contact-us\/<\/a>Mo\u017cesz r\u00f3wnie\u017c skontaktowa\u0107 si\u0119 bezpo\u015brednio z naszym zespo\u0142em pod adresem Allison.Ye@teflonx.com.<\/p>\n<h2 id=\"product-overview\">Przegl\u0105d produktu<\/h2>\n<p>Ten <strong>Wewn\u0119trzna g\u0142adka rura zewn\u0119trzna falista z PTFE<\/strong> Teflon X to wysokowydajne rozwi\u0105zanie opracowane z my\u015bl\u0105 o wyj\u0105tkowej trwa\u0142o\u015bci, elastyczno\u015bci i odporno\u015bci na korozj\u0119. Znany r\u00f3wnie\u017c jako <strong>Rura karbowana wewn\u0119trzna p\u0142aska zewn\u0119trzna<\/strong> Lub <strong>Rura karbowana PTFE wewn\u0119trzna p\u0142aska zewn\u0119trzna<\/strong>, produkt ten charakteryzuje si\u0119 g\u0142adkim otworem wewn\u0119trznym, kt\u00f3ry minimalizuje op\u00f3r cieczy i zapewnia wydajny przep\u0142yw, podczas gdy zewn\u0119trzna falista konstrukcja zwi\u0119ksza elastyczno\u015b\u0107 i podatno\u015b\u0107 na gi\u0119cie bez uszczerbku dla integralno\u015bci strukturalnej.<\/p>\n<p>Idealne dla bran\u017c takich jak przetw\u00f3rstwo chemiczne, farmaceutyka, \u017cywno\u015b\u0107 i napoje oraz motoryzacja. <strong>Wewn\u0119trzna g\u0142adka rura zewn\u0119trzna falista z PTFE<\/strong> Doskonale radzi sobie z agresywnymi chemikaliami, wysokimi temperaturami i ci\u015bnieniami. Nieprzywieraj\u0105cy materia\u0142 PTFE zapobiega zanieczyszczeniom i gromadzeniu si\u0119 osad\u00f3w, dzi\u0119ki czemu idealnie nadaje si\u0119 do zastosowa\u0144 wymagaj\u0105cych wysokiej czysto\u015bci. Niezale\u017cnie od tego, czy masz do czynienia z p\u0142ynami \u017cr\u0105cymi, czy potrzebujesz niezawodnych system\u00f3w do obs\u0142ugi p\u0142yn\u00f3w, nasze <strong>Rura karbowana PTFE wewn\u0119trzna p\u0142aska zewn\u0119trzna<\/strong> zapewnia niezr\u00f3wnan\u0105 wydajno\u015b\u0107.<\/p>\n<h2 id=\"key-features-and-benefits\">G\u0142\u00f3wne cechy i korzy\u015bci<\/h2>\n<ul>\n<li><strong>Wyj\u0105tkowa odporno\u015b\u0107 na korozj\u0119<\/strong>Wykonany z wysokiej jako\u015bci PTFE, <strong>Rura karbowana wewn\u0119trzna p\u0142aska zewn\u0119trzna<\/strong> wytrzymuje dzia\u0142anie silnych \u015brodk\u00f3w chemicznych bez degradacji.<\/li>\n<li><strong>G\u0142adki otw\u00f3r wewn\u0119trzny<\/strong>:P\u0142aska powierzchnia wewn\u0119trzna <strong>Wewn\u0119trzna g\u0142adka rura zewn\u0119trzna falista z PTFE<\/strong> zmniejsza turbulencje i spadki ci\u015bnienia, zapewniaj\u0105c p\u0142ynny transfer p\u0142ynu.<\/li>\n<li><strong>Falista konstrukcja zewn\u0119trzna<\/strong>:Zapewnia doskona\u0142\u0105 elastyczno\u015b\u0107 i odporno\u015b\u0107 na za\u0142amania, co pozwala <strong>Rura karbowana PTFE wewn\u0119trzna p\u0142aska zewn\u0119trzna<\/strong> aby \u0142atwo si\u0119 zgina\u0107 w ciasnych przestrzeniach.<\/li>\n<li><strong>Wysoka tolerancja ci\u015bnienia i temperatury<\/strong>: Nadaje si\u0119 do wymagaj\u0105cych \u015brodowisk, wytrzymuje ekstremalne warunki, zachowuj\u0105c integralno\u015b\u0107.<\/li>\n<li><strong>Nieprzywieraj\u0105ce i o wysokiej czysto\u015bci<\/strong>:Zapobiega przywieraniu substancji, idealny do zastosowa\u0144 sanitarnych i czystych.<\/li>\n<li><strong>Wszechstronne zastosowania<\/strong>:Idealny do transferu chemikali\u00f3w, sprz\u0119tu laboratoryjnego, ruroci\u0105g\u00f3w przemys\u0142owych i nie tylko. <strong>Wewn\u0119trzna g\u0142adka rura zewn\u0119trzna falista z PTFE<\/strong> jest wyborem dla in\u017cynier\u00f3w poszukuj\u0105cych niezawodno\u015bci <strong>Rura karbowana PTFE wewn\u0119trzna p\u0142aska zewn\u0119trzna<\/strong>.<\/li>\n<\/ul>\n<p>Nasz <strong>Rura karbowana wewn\u0119trzna p\u0142aska zewn\u0119trzna<\/strong> jest produkowany zgodnie z najwy\u017cszymi standardami, co gwarantuje trwa\u0142o\u015b\u0107 i niezawodno\u015b\u0107 w Pa\u0144stwa dzia\u0142alno\u015bci. U\u017cytkownicy powracaj\u0105cy do <strong>Wewn\u0119trzna g\u0142adka rura zewn\u0119trzna falista z PTFE<\/strong> zg\u0142osi\u0107 zwi\u0119kszon\u0105 wydajno\u015b\u0107 systemu i obni\u017cone koszty konserwacji.<\/p>\n<h2 id=\"technical-specifications\">Dane techniczne<\/h2>\n<p>Poni\u017cej znajduje si\u0119 szczeg\u00f3\u0142owa tabela parametr\u00f3w dla <strong>Wewn\u0119trzna g\u0142adka rura zewn\u0119trzna falista z PTFE<\/strong>Specyfikacje te opieraj\u0105 si\u0119 na precyzyjnej in\u017cynierii, aby zagwarantowa\u0107 optymaln\u0105 wydajno\u015b\u0107 w r\u00f3\u017cnych rozmiarach.<\/p>\n<table>\n<thead>\n<tr>\n<th>Rozmiar (cale)<\/th>\n<th>\u015arednica wewn\u0119trzna (mm)<\/th>\n<th>\u015arednica zewn\u0119trzna (mm)<\/th>\n<th>Ci\u015bnienie robocze (bar)<\/th>\n<th>Ci\u015bnienie rozrywaj\u0105ce (bar)<\/th>\n<th>Promie\u0144 gi\u0119cia (mm)<\/th>\n<\/tr>\n<\/thead>\n<tbody>\n<tr>\n<td>1\/4&#8243;<\/td>\n<td>6,1\u00b10,3<\/td>\n<td>9,5\u00b10,3<\/td>\n<td>183<\/td>\n<td>551<\/td>\n<td>45<\/td>\n<\/tr>\n<tr>\n<td>5\/16&#8243;<\/td>\n<td>7,8\u00b10,3<\/td>\n<td>11,4\u00b10,3<\/td>\n<td>155<\/td>\n<td>466<\/td>\n<td>50<\/td>\n<\/tr>\n<tr>\n<td>3\/8&#8243;<\/td>\n<td>9,6\u00b10,3<\/td>\n<td>14,1\u00b10,3<\/td>\n<td>138<\/td>\n<td>414<\/td>\n<td>55<\/td>\n<\/tr>\n<tr>\n<td>1\/2&#8243;<\/td>\n<td>12,7\u00b10,3<\/td>\n<td>17,2\u00b10,3<\/td>\n<td>110<\/td>\n<td>331<\/td>\n<td>60<\/td>\n<\/tr>\n<tr>\n<td>5\/8&#8243;<\/td>\n<td>15,7\u00b10,3<\/td>\n<td>20,7\u00b10,3<\/td>\n<td>95<\/td>\n<td>286<\/td>\n<td>70<\/td>\n<\/tr>\n<tr>\n<td>3\/4&#8243;<\/td>\n<td>18,8\u00b10,3<\/td>\n<td>23,7\u00b10,3<\/td>\n<td>81<\/td>\n<td>245<\/td>\n<td>80<\/td>\n<\/tr>\n<tr>\n<td>1&#8243;<\/td>\n<td>25,4\u00b10,3<\/td>\n<td>29,0\u00b10,3<\/td>\n<td>70<\/td>\n<td>211<\/td>\n<td>135<\/td>\n<\/tr>\n<\/tbody>\n<\/table>\n<p><em>Uwaga: Wszystkie wymiary podano w mm, chyba \u017ce zaznaczono inaczej. Tolerancje i warto\u015bci mog\u0105 si\u0119 nieznacznie r\u00f3\u017cni\u0107 w zale\u017cno\u015bci od partii produkcyjnych. W sprawie niestandardowych rozmiar\u00f3w lub dodatkowych specyfikacji prosimy o kontakt pod adresem Allison.Ye@teflonx.com.<\/em><\/p>\n<h2 id=\"applications\">Aplikacje<\/h2>\n<p>Ten <strong>Rura karbowana PTFE wewn\u0119trzna p\u0142aska zewn\u0119trzna<\/strong> jest wszechstronny i szeroko stosowany w:<\/p>\n<ul>\n<li>Zak\u0142ady przetw\u00f3rstwa chemicznego s\u0142u\u017c\u0105ce do przesy\u0142u kwas\u00f3w, zasad i rozpuszczalnik\u00f3w.<\/li>\n<li>Produkcja farmaceutyczna do sterylnego przetwarzania p\u0142yn\u00f3w.<\/li>\n<li>Bran\u017ca spo\u017cywcza i napoj\u00f3w wymagaj\u0105ca przewod\u00f3w nie powoduj\u0105cych zanieczyszcze\u0144.<\/li>\n<li>Przemys\u0142 motoryzacyjny i lotniczy \u2013 przewody paliwowe i hydrauliczne.<\/li>\n<li>Ustawienia laboratoryjne umo\u017cliwiaj\u0105ce precyzyjn\u0105 kontrol\u0119 p\u0142yn\u00f3w.<\/li>\n<\/ul>\n<p>Wybieraj\u0105c <strong>Wewn\u0119trzna g\u0142adka rura zewn\u0119trzna falista z PTFE<\/strong> Dzi\u0119ki Teflon X masz pewno\u015b\u0107, \u017ce spe\u0142niasz bran\u017cowe standardy bezpiecze\u0144stwa i wydajno\u015bci.<\/p>\n<h2 id=\"why-choose-teflon-x-\">Dlaczego warto wybra\u0107 Teflon X?<\/h2>\n<p>Na <strong>Teflon X<\/strong>Specjalizujemy si\u0119 w innowacyjnych rozwi\u0105zaniach PTFE, takich jak <strong>Rura karbowana wewn\u0119trzna p\u0142aska zewn\u0119trzna<\/strong>. Nasze zaanga\u017cowanie w jako\u015b\u0107 i zadowolenie klienta wyr\u00f3\u017cnia nas. Odkryj wi\u0119cej produkt\u00f3w na naszej stronie internetowej: <a href=\"https:\/\/teflonx.com\/pl\/\" target=\"_blank\" rel=\"noopener\">https:\/\/teflonx.com\/<\/a>W celu uzyskania informacji, z\u0142o\u017cenia pro\u015bby o dostosowanie lub z\u0142o\u017cenia zam\u00f3wienia hurtowego prosimy odwiedzi\u0107 nasz\u0105 stron\u0119 kontaktow\u0105 pod adresem <a href=\"https:\/\/teflonx.com\/pl\/skontaktuj-sie-z-nami\/\" target=\"_blank\" rel=\"noopener\">https:\/\/teflonx.com\/contact-us\/<\/a> lub napisz na adres Allison.Ye@teflonx.com.<\/p>\n<p>Je\u015bli masz jakiekolwiek pytania dotycz\u0105ce <strong>Wewn\u0119trzna g\u0142adka rura zewn\u0119trzna falista z PTFE<\/strong>, <strong>Rura karbowana PTFE wewn\u0119trzna p\u0142aska zewn\u0119trzna<\/strong>lub innych produkt\u00f3w, nasz zesp\u00f3\u0142 jest tutaj, aby Ci pom\u00f3c!<\/p>","protected":false},"excerpt":{"rendered":"<p>Nasza wewn\u0119trzna, g\u0142adka zewn\u0119trzna, karbowana rura PTFE oferuje wyj\u0105tkow\u0105 trwa\u0142o\u015b\u0107 i elastyczno\u015b\u0107 w wymagaj\u0105cych zastosowaniach zwi\u0105zanych z transferem chemikali\u00f3w. Ta wewn\u0119trzna, p\u0142aska, zewn\u0119trzna, karbowana rura zapewnia p\u0142ynny przep\u0142yw cieczy przy minimalnym oporze dzi\u0119ki p\u0142askiej warstwie wewn\u0119trznej i karbowanej konstrukcji zewn\u0119trznej, co zapewnia doskona\u0142\u0105 odporno\u015b\u0107 na korozj\u0119.<\/p>\n<p>Idealna do trudnych warunk\u00f3w, karbowana rura PTFE z wewn\u0119trzn\u0105, p\u0142ask\u0105 i zewn\u0119trzn\u0105 warstw\u0105 doskonale nadaje si\u0119 do transportu agresywnych chemikali\u00f3w bez degradacji. Jej unikalna struktura zwi\u0119ksza podatno\u015b\u0107 na gi\u0119cie, zachowuj\u0105c jednocze\u015bnie integralno\u015b\u0107 pod wysokim ci\u015bnieniem.<\/p>\n<p>Zaprojektowana z my\u015bl\u0105 o niezawodno\u015bci, ta rura mieszkowa PTFE z wewn\u0119trzn\u0105 p\u0142ask\u0105 i zewn\u0119trzn\u0105 karbowan\u0105 powierzchni\u0105 idealnie nadaje si\u0119 do zastosowa\u0144 w bran\u017cach wymagaj\u0105cych przewod\u00f3w o wysokiej czysto\u015bci i odporno\u015bci na przywieranie. Wielokrotne u\u017cycie g\u0142adkiej wewn\u0119trznej rury PTFE z zewn\u0119trzn\u0105 karbowan\u0105 powierzchni\u0105 zapewnia optymaln\u0105 wydajno\u015b\u0107 w systemach transportu p\u0142yn\u00f3w.<\/p>","protected":false},"featured_media":824,"comment_status":"open","ping_status":"closed","template":"","meta":{"site-sidebar-layout":"default","site-content-layout":"","ast-site-content-layout":"default","site-content-style":"default","site-sidebar-style":"default","ast-global-header-display":"","ast-banner-title-visibility":"","ast-main-header-display":"","ast-hfb-above-header-display":"","ast-hfb-below-header-display":"","ast-hfb-mobile-header-display":"","site-post-title":"","ast-breadcrumbs-content":"","ast-featured-img":"","footer-sml-layout":"","ast-disable-related-posts":"","theme-transparent-header-meta":"default","adv-header-id-meta":"","stick-header-meta":"","header-above-stick-meta":"","header-main-stick-meta":"","header-below-stick-meta":"","astra-migrate-meta-layouts":"set","ast-page-background-enabled":"default","ast-page-background-meta":{"desktop":{"background-color":"var(--ast-global-color-5)","background-image":"","background-repeat":"repeat","background-position":"center center","background-size":"auto","background-attachment":"scroll","background-type":"","background-media":"","overlay-type":"","overlay-color":"","overlay-opacity":"","overlay-gradient":""},"tablet":{"background-color":"","background-image":"","background-repeat":"repeat","background-position":"center center","background-size":"auto","background-attachment":"scroll","background-type":"","background-media":"","overlay-type":"","overlay-color":"","overlay-opacity":"","overlay-gradient":""},"mobile":{"background-color":"","background-image":"","background-repeat":"repeat","background-position":"center center","background-size":"auto","background-attachment":"scroll","background-type":"","background-media":"","overlay-type":"","overlay-color":"","overlay-opacity":"","overlay-gradient":""}},"ast-content-background-meta":{"desktop":{"background-color":"var(--ast-global-color-4)","background-image":"","background-repeat":"repeat","background-position":"center center","background-size":"auto","background-attachment":"scroll","background-type":"","background-media":"","overlay-type":"","overlay-color":"","overlay-opacity":"","overlay-gradient":""},"tablet":{"background-color":"var(--ast-global-color-4)","background-image":"","background-repeat":"repeat","background-position":"center center","background-size":"auto","background-attachment":"scroll","background-type":"","background-media":"","overlay-type":"","overlay-color":"","overlay-opacity":"","overlay-gradient":""},"mobile":{"background-color":"var(--ast-global-color-4)","background-image":"","background-repeat":"repeat","background-position":"center center","background-size":"auto","background-attachment":"scroll","background-type":"","background-media":"","overlay-type":"","overlay-color":"","overlay-opacity":"","overlay-gradient":""}}},"product_brand":[290],"product_cat":[42],"product_tag":[291,292,293],"class_list":{"0":"post-823","1":"product","2":"type-product","3":"status-publish","4":"has-post-thumbnail","6":"product_brand-teflon-x","7":"product_cat-ptfe-corrugated-hoses","8":"product_tag-inner-smooth-bore-outer-corrugated-ptfe-tube","9":"product_tag-internal-flat-external-wave-corrugated-pipe","10":"product_tag-ptfe-inner-flat-outer-corrugated-tubing","11":"desktop-align-left","12":"tablet-align-left","13":"mobile-align-left","15":"first","16":"instock","17":"shipping-taxable","18":"product-type-simple"},"_links":{"self":[{"href":"https:\/\/teflonx.com\/pl\/wp-json\/wp\/v2\/product\/823","targetHints":{"allow":["GET"]}}],"collection":[{"href":"https:\/\/teflonx.com\/pl\/wp-json\/wp\/v2\/product"}],"about":[{"href":"https:\/\/teflonx.com\/pl\/wp-json\/wp\/v2\/types\/product"}],"replies":[{"embeddable":true,"href":"https:\/\/teflonx.com\/pl\/wp-json\/wp\/v2\/comments?post=823"}],"wp:featuredmedia":[{"embeddable":true,"href":"https:\/\/teflonx.com\/pl\/wp-json\/wp\/v2\/media\/824"}],"wp:attachment":[{"href":"https:\/\/teflonx.com\/pl\/wp-json\/wp\/v2\/media?parent=823"}],"wp:term":[{"taxonomy":"product_brand","embeddable":true,"href":"https:\/\/teflonx.com\/pl\/wp-json\/wp\/v2\/product_brand?post=823"},{"taxonomy":"product_cat","embeddable":true,"href":"https:\/\/teflonx.com\/pl\/wp-json\/wp\/v2\/product_cat?post=823"},{"taxonomy":"product_tag","embeddable":true,"href":"https:\/\/teflonx.com\/pl\/wp-json\/wp\/v2\/product_tag?post=823"}],"curies":[{"name":"wp","href":"https:\/\/api.w.org\/{rel}","templated":true}]}}