{"id":829,"date":"2025-07-15T07:21:31","date_gmt":"2025-07-15T07:21:31","guid":{"rendered":"https:\/\/teflonx.com\/?post_type=product&#038;p=829"},"modified":"2025-07-15T07:21:33","modified_gmt":"2025-07-15T07:21:33","slug":"rura-mieszkowa-ptfe-wewnetrzna-plaska-zewnetrzna-karbowana-do-zastosowan-farmaceutycznych","status":"publish","type":"product","link":"https:\/\/teflonx.com\/pl\/product\/rura-mieszkowa-ptfe-wewnetrzna-plaska-zewnetrzna-karbowana-do-zastosowan-farmaceutycznych\/","title":{"rendered":"Mieszek PTFE: wewn\u0119trzny p\u0142aski, zewn\u0119trzny falisty do zastosowa\u0144 farmaceutycznych"},"content":{"rendered":"<h2><strong>Mieszek PTFE: wewn\u0119trzny p\u0142aski, zewn\u0119trzny falisty do zastosowa\u0144 farmaceutycznych<\/strong><\/h2>\n<p><strong>Mieszek PTFE z wewn\u0119trzn\u0105 p\u0142ask\u0105 i zewn\u0119trzn\u0105 karbowan\u0105 konstrukcj\u0105 zapewnia higieniczn\u0105 i bezpieczn\u0105 prac\u0119 w zastosowaniach farmaceutycznych. Ta g\u0142adka wewn\u0119trzna i zewn\u0119trzna karbowana rura PTFE u\u0142atwia p\u0142ynne przenoszenie produktu, jednocze\u015bnie b\u0119d\u0105c odporn\u0105 na agresywne \u015brodki dezynfekuj\u0105ce.<\/strong><\/p>\n<p><strong>Rura karbowana wewn\u0119trzna p\u0142aska i zewn\u0119trzna, przystosowana do \u015brodowisk sterylnych, utrzymuje czysto\u015b\u0107 w procesach produkcji lek\u00f3w, oferuj\u0105c elastyczno\u015b\u0107 bez uszczerbku dla wytrzyma\u0142o\u015bci.<\/strong><\/p>\n<p><strong>Wybierz rur\u0119 PTFE z karbowaniem wewn\u0119trznym i zewn\u0119trznym, aby zwi\u0119kszy\u0107 wydajno\u015b\u0107; jej struktura przypominaj\u0105ca mieszek, podobna do rury PTFE z karbowaniem wewn\u0119trznym i zewn\u0119trznym, zapewnia zgodno\u015b\u0107 z rygorystycznymi normami bran\u017cowymi.<\/strong><\/p>\n<p>W Teflon X specjalizujemy si\u0119 w dostarczaniu wysokowydajnych rozwi\u0105za\u0144 do transferu p\u0142yn\u00f3w. <strong>Rurka mieszkowa PTFE<\/strong> zosta\u0142 zaprojektowany, aby sprosta\u0107 surowym wymaganiom przemys\u0142u farmaceutycznego, biotechnologicznego oraz spo\u017cywczego i napojowego. Jego unikalna konstrukcja charakteryzuje si\u0119 idealnie g\u0142adk\u0105 powierzchni\u0105 wewn\u0119trzn\u0105, zapewniaj\u0105c\u0105 niezak\u0142\u00f3cony przep\u0142yw, oraz karbowan\u0105 powierzchni\u0105 zewn\u0119trzn\u0105, zapewniaj\u0105c\u0105 doskona\u0142\u0105 elastyczno\u015b\u0107 i odporno\u015b\u0107 na zagi\u0119cia.<\/p>\n<hr \/>\n<h3 id=\"-key-features-benefits-\"><strong>G\u0142\u00f3wne cechy i korzy\u015bci<\/strong><\/h3>\n<ul>\n<li><strong>Higieniczne i nie powoduj\u0105ce zanieczyszcze\u0144:<\/strong> Ultrag\u0142adki otw\u00f3r wewn\u0119trzny naszego <strong>Wewn\u0119trzna g\u0142adka rura zewn\u0119trzna falista z PTFE<\/strong> Zapobiega gromadzeniu si\u0119 cz\u0105stek i zanieczyszczeniom mikrobiologicznym, zapewniaj\u0105c czysto\u015b\u0107 produktu. Idealnie nadaje si\u0119 do zastosowa\u0144 sanitarnych.<\/li>\n<li><strong>Wyj\u0105tkowa elastyczno\u015b\u0107:<\/strong> Falista konstrukcja \u201emieszkowa\u201d zapewnia doskona\u0142y promie\u0144 gi\u0119cia, co u\u0142atwia monta\u017c w skomplikowanych i ciasnych przestrzeniach bez ryzyka za\u0142amania lub ograniczenia przep\u0142ywu.<\/li>\n<li><strong>Wyj\u0105tkowa odporno\u015b\u0107 chemiczna:<\/strong> Wykonane z czystego PTFE 100% przewody s\u0105 praktycznie oboj\u0119tne na wszystkie powszechnie stosowane substancje chemiczne, rozpuszczalniki i agresywne \u015brodki czyszcz\u0105ce (CIP\/SIP), co zapewnia d\u0142ug\u0105 \u017cywotno\u015b\u0107 i integralno\u015b\u0107 procesu.<\/li>\n<li><strong>Szeroki zakres temperatur:<\/strong> Ten <strong>Rurka mieszkowa PTFE<\/strong> dzia\u0142a niezawodnie w szerokim zakresie temperatur, od poziomu kriogenicznego do wysokich temperatur, dzi\u0119ki czemu nadaje si\u0119 do stosowania na r\u00f3\u017cnych etapach przetwarzania.<\/li>\n<li><strong>Trwa\u0142a konstrukcja:<\/strong> Wzmocniony oplotem ze stali nierdzewnej 304, ten <strong>Rura karbowana wewn\u0119trzna p\u0142aska zewn\u0119trzna<\/strong> zapewnia doskona\u0142\u0105 odporno\u015b\u0107 na ci\u015bnienie i trwa\u0142o\u015b\u0107 fizyczn\u0105, chroni\u0105c rdze\u0144 przed \u015bcieraniem i uderzeniami zewn\u0119trznymi.<\/li>\n<li><strong>Powierzchnia nieprzywieraj\u0105ca:<\/strong> Niskie tarcie i nieprzywieranie PTFE u\u0142atwiaj\u0105 ca\u0142kowite odwodnienie i upraszczaj\u0105 proces czyszczenia, redukuj\u0105c przestoje i ryzyko zaka\u017cenia krzy\u017cowego.<\/li>\n<\/ul>\n<hr \/>\n<h3 id=\"-technical-specifications-\"><strong>Dane techniczne<\/strong><\/h3>\n<p>W poni\u017cszej tabeli przedstawiono standardowe specyfikacje naszych plecionych przewod\u00f3w ze stali nierdzewnej 304 <strong>Rurka mieszkowa PTFE<\/strong>. Dost\u0119pne s\u0105 niestandardowe wymiary i konfiguracje, kt\u00f3re spe\u0142ni\u0105 Twoje szczeg\u00f3lne wymagania.<\/p>\n<table>\n<thead>\n<tr>\n<th style=\"text-align: left;\">Rozmiar<\/th>\n<th style=\"text-align: left;\">\u015arednica wewn\u0119trzna (mm)<\/th>\n<th style=\"text-align: left;\">\u015arednica zewn\u0119trzna (mm)<\/th>\n<th style=\"text-align: left;\">Ci\u015bnienie robocze (bar)<\/th>\n<th style=\"text-align: left;\">Ci\u015bnienie rozrywaj\u0105ce (bar)<\/th>\n<th style=\"text-align: left;\">Min. promie\u0144 gi\u0119cia (mm)<\/th>\n<\/tr>\n<\/thead>\n<tbody>\n<tr>\n<td style=\"text-align: left;\">1\/4&#8243;<\/td>\n<td style=\"text-align: left;\">6,1\u00b10,3<\/td>\n<td style=\"text-align: left;\">9,9\u00b10,3<\/td>\n<td style=\"text-align: left;\">183<\/td>\n<td style=\"text-align: left;\">551<\/td>\n<td style=\"text-align: left;\">45<\/td>\n<\/tr>\n<tr>\n<td style=\"text-align: left;\">5\/16&#8243;<\/td>\n<td style=\"text-align: left;\">7,8\u00b10,3<\/td>\n<td style=\"text-align: left;\">11,4\u00b10,3<\/td>\n<td style=\"text-align: left;\">155<\/td>\n<td style=\"text-align: left;\">466<\/td>\n<td style=\"text-align: left;\">50<\/td>\n<\/tr>\n<tr>\n<td style=\"text-align: left;\">3\/8&#8243;<\/td>\n<td style=\"text-align: left;\">9,6\u00b10,3<\/td>\n<td style=\"text-align: left;\">14,1\u00b10,3<\/td>\n<td style=\"text-align: left;\">138<\/td>\n<td style=\"text-align: left;\">414<\/td>\n<td style=\"text-align: left;\">55<\/td>\n<\/tr>\n<tr>\n<td style=\"text-align: left;\">1\/2&#8243;<\/td>\n<td style=\"text-align: left;\">12,7\u00b10,3<\/td>\n<td style=\"text-align: left;\">17,2\u00b10,3<\/td>\n<td style=\"text-align: left;\">110<\/td>\n<td style=\"text-align: left;\">331<\/td>\n<td style=\"text-align: left;\">60<\/td>\n<\/tr>\n<tr>\n<td style=\"text-align: left;\">5\/8&#8243;<\/td>\n<td style=\"text-align: left;\">15,7\u00b10,3<\/td>\n<td style=\"text-align: left;\">20,7\u00b10,3<\/td>\n<td style=\"text-align: left;\">95<\/td>\n<td style=\"text-align: left;\">286<\/td>\n<td style=\"text-align: left;\">70<\/td>\n<\/tr>\n<tr>\n<td style=\"text-align: left;\">3\/4&#8243;<\/td>\n<td style=\"text-align: left;\">18,8\u00b10,3<\/td>\n<td style=\"text-align: left;\">23,7\u00b10,3<\/td>\n<td style=\"text-align: left;\">81<\/td>\n<td style=\"text-align: left;\">245<\/td>\n<td style=\"text-align: left;\">80<\/td>\n<\/tr>\n<tr>\n<td style=\"text-align: left;\">1&#8243;<\/td>\n<td style=\"text-align: left;\">25,4\u00b10,3<\/td>\n<td style=\"text-align: left;\">29\u00b10,3<\/td>\n<td style=\"text-align: left;\">70<\/td>\n<td style=\"text-align: left;\">211<\/td>\n<td style=\"text-align: left;\">135<\/td>\n<\/tr>\n<\/tbody>\n<\/table>\n<hr \/>\n<h3 id=\"-primary-applications-\"><strong>G\u0142\u00f3wne zastosowania<\/strong><\/h3>\n<p>Ten uniwersalny przew\u00f3d jest preferowanym wyborem w przypadku zastosowa\u0144 krytycznych, w tym:<\/p>\n<ul>\n<li><strong>Farmacja i bioprzetw\u00f3rstwo:<\/strong> Transfer aktywnych sk\u0142adnik\u00f3w farmaceutycznych (API), wody oczyszczonej (WFI) i sterylnych medi\u00f3w.<\/li>\n<li><strong>Jedzenie i napoje:<\/strong> Obs\u0142uga lepkich p\u0142yn\u00f3w, produkt\u00f3w mlecznych i napoj\u00f3w, gdzie higiena ma priorytetowe znaczenie.<\/li>\n<li><strong>Przetwarzanie chemiczne:<\/strong> Bezpieczne przesy\u0142anie \u017cr\u0105cych kwas\u00f3w, zasad i rozpuszczalnik\u00f3w.<\/li>\n<li><strong>Kosmetyki:<\/strong> Linie produkcyjne do balsam\u00f3w, krem\u00f3w i innych delikatnych preparat\u00f3w.<\/li>\n<li><strong>Laboratoria i badania:<\/strong> Linie p\u0142yn\u00f3w o wysokiej czysto\u015bci do sprz\u0119tu analitycznego i naukowego.<\/li>\n<\/ul>\n<hr \/>\n<h3 id=\"-why-choose-teflon-x-\"><strong>Dlaczego warto wybra\u0107 Teflon X?<\/strong><\/h3>\n<p>Teflon X to Tw\u00f3j zaufany partner w zakresie zaawansowanych rozwi\u0105za\u0144 rurowych. Zale\u017cy nam na dostarczaniu produkt\u00f3w najwy\u017cszej jako\u015bci, wspieranych przez fachow\u0105 pomoc techniczn\u0105. <strong>Wewn\u0119trzna g\u0142adka rura zewn\u0119trzna falista z PTFE<\/strong> jest produkowany tak, aby przewy\u017csza\u0142 standardy bran\u017cowe, dzi\u0119ki czemu otrzymujesz produkt, kt\u00f3ry jest zar\u00f3wno niezawodny, jak i wydajny.<\/p>\n<h3 id=\"-request-a-quote-\"><strong>Popro\u015b o wycen\u0119<\/strong><\/h3>\n<p>Jeste\u015bmy gotowi udoskonali\u0107 Twoje operacje dzi\u0119ki naszym wydajnym rozwi\u0105zaniom <strong>Rurka mieszkowa PTFE<\/strong>Skontaktuj si\u0119 z naszym zespo\u0142em ekspert\u00f3w ju\u017c dzi\u015b, aby om\u00f3wi\u0107 swoje potrzeby dotycz\u0105ce aplikacji, zam\u00f3wi\u0107 pr\u00f3bk\u0119 lub uzyska\u0107 spersonalizowan\u0105 wycen\u0119.<\/p>\n<p><strong>Odwied\u017a nasz\u0105 stron\u0119 kontaktow\u0105:<\/strong> <strong><a href=\"https:\/\/teflonx.com\/pl\/skontaktuj-sie-z-nami\/\" target=\"_blank\" rel=\"noopener\">https:\/\/teflonx.com\/contact-us\/<\/a><\/strong><\/p>\n<p><strong>Napisz do nas bezpo\u015brednio:<\/strong> <strong><a href=\"mailto:Allison.Ye@teflonx.com\" target=\"_blank\" rel=\"noopener\">Allison.Ye@teflonx.com<\/a><\/strong><\/p>\n<p>Czekamy na mo\u017cliwo\u015b\u0107 pomocy w znalezieniu idealnego rozwi\u0105zania <strong><a href=\"https:\/\/teflonx.com\/pl\/\" target=\"_blank\" rel=\"noopener\">https:\/\/teflonx.com\/<\/a><\/strong>.<\/p>","protected":false},"excerpt":{"rendered":"<p>Mieszek PTFE z wewn\u0119trzn\u0105 p\u0142ask\u0105 i zewn\u0119trzn\u0105 karbowan\u0105 konstrukcj\u0105 zapewnia higieniczn\u0105 i bezpieczn\u0105 prac\u0119 w zastosowaniach farmaceutycznych. Ta g\u0142adka wewn\u0119trzna i zewn\u0119trzna karbowana rura PTFE u\u0142atwia p\u0142ynny transfer produktu, jednocze\u015bnie b\u0119d\u0105c odporn\u0105 na agresywne \u015brodki dezynfekuj\u0105ce.<\/p>\n<p>Rura karbowana wewn\u0119trzna p\u0142aska i zewn\u0119trzna, przystosowana do \u015brodowisk sterylnych, utrzymuje czysto\u015b\u0107 w procesach produkcji lek\u00f3w, oferuj\u0105c elastyczno\u015b\u0107 bez uszczerbku dla wytrzyma\u0142o\u015bci.<\/p>\n<p>Wybierz rur\u0119 PTFE z karbowaniem wewn\u0119trznym i zewn\u0119trznym, aby zwi\u0119kszy\u0107 wydajno\u015b\u0107; jej struktura przypominaj\u0105ca mieszek, podobna do rury PTFE z karbowaniem wewn\u0119trznym i zewn\u0119trznym, zapewnia zgodno\u015b\u0107 z rygorystycznymi normami bran\u017cowymi.<\/p>","protected":false},"featured_media":830,"comment_status":"open","ping_status":"closed","template":"","meta":{"site-sidebar-layout":"default","site-content-layout":"","ast-site-content-layout":"default","site-content-style":"default","site-sidebar-style":"default","ast-global-header-display":"","ast-banner-title-visibility":"","ast-main-header-display":"","ast-hfb-above-header-display":"","ast-hfb-below-header-display":"","ast-hfb-mobile-header-display":"","site-post-title":"","ast-breadcrumbs-content":"","ast-featured-img":"","footer-sml-layout":"","ast-disable-related-posts":"","theme-transparent-header-meta":"default","adv-header-id-meta":"","stick-header-meta":"","header-above-stick-meta":"","header-main-stick-meta":"","header-below-stick-meta":"","astra-migrate-meta-layouts":"set","ast-page-background-enabled":"default","ast-page-background-meta":{"desktop":{"background-color":"var(--ast-global-color-5)","background-image":"","background-repeat":"repeat","background-position":"center center","background-size":"auto","background-attachment":"scroll","background-type":"","background-media":"","overlay-type":"","overlay-color":"","overlay-opacity":"","overlay-gradient":""},"tablet":{"background-color":"","background-image":"","background-repeat":"repeat","background-position":"center center","background-size":"auto","background-attachment":"scroll","background-type":"","background-media":"","overlay-type":"","overlay-color":"","overlay-opacity":"","overlay-gradient":""},"mobile":{"background-color":"","background-image":"","background-repeat":"repeat","background-position":"center center","background-size":"auto","background-attachment":"scroll","background-type":"","background-media":"","overlay-type":"","overlay-color":"","overlay-opacity":"","overlay-gradient":""}},"ast-content-background-meta":{"desktop":{"background-color":"var(--ast-global-color-4)","background-image":"","background-repeat":"repeat","background-position":"center center","background-size":"auto","background-attachment":"scroll","background-type":"","background-media":"","overlay-type":"","overlay-color":"","overlay-opacity":"","overlay-gradient":""},"tablet":{"background-color":"var(--ast-global-color-4)","background-image":"","background-repeat":"repeat","background-position":"center center","background-size":"auto","background-attachment":"scroll","background-type":"","background-media":"","overlay-type":"","overlay-color":"","overlay-opacity":"","overlay-gradient":""},"mobile":{"background-color":"var(--ast-global-color-4)","background-image":"","background-repeat":"repeat","background-position":"center center","background-size":"auto","background-attachment":"scroll","background-type":"","background-media":"","overlay-type":"","overlay-color":"","overlay-opacity":"","overlay-gradient":""}}},"product_brand":[290],"product_cat":[42],"product_tag":[291,292,297],"class_list":{"0":"post-829","1":"product","2":"type-product","3":"status-publish","4":"has-post-thumbnail","6":"product_brand-teflon-x","7":"product_cat-ptfe-corrugated-hoses","8":"product_tag-inner-smooth-bore-outer-corrugated-ptfe-tube","9":"product_tag-internal-flat-external-wave-corrugated-pipe","10":"product_tag-ptfe-bellows-tube","11":"desktop-align-left","12":"tablet-align-left","13":"mobile-align-left","15":"first","16":"instock","17":"shipping-taxable","18":"product-type-simple"},"_links":{"self":[{"href":"https:\/\/teflonx.com\/pl\/wp-json\/wp\/v2\/product\/829","targetHints":{"allow":["GET"]}}],"collection":[{"href":"https:\/\/teflonx.com\/pl\/wp-json\/wp\/v2\/product"}],"about":[{"href":"https:\/\/teflonx.com\/pl\/wp-json\/wp\/v2\/types\/product"}],"replies":[{"embeddable":true,"href":"https:\/\/teflonx.com\/pl\/wp-json\/wp\/v2\/comments?post=829"}],"wp:featuredmedia":[{"embeddable":true,"href":"https:\/\/teflonx.com\/pl\/wp-json\/wp\/v2\/media\/830"}],"wp:attachment":[{"href":"https:\/\/teflonx.com\/pl\/wp-json\/wp\/v2\/media?parent=829"}],"wp:term":[{"taxonomy":"product_brand","embeddable":true,"href":"https:\/\/teflonx.com\/pl\/wp-json\/wp\/v2\/product_brand?post=829"},{"taxonomy":"product_cat","embeddable":true,"href":"https:\/\/teflonx.com\/pl\/wp-json\/wp\/v2\/product_cat?post=829"},{"taxonomy":"product_tag","embeddable":true,"href":"https:\/\/teflonx.com\/pl\/wp-json\/wp\/v2\/product_tag?post=829"}],"curies":[{"name":"wp","href":"https:\/\/api.w.org\/{rel}","templated":true}]}}