{"id":833,"date":"2025-07-15T08:01:37","date_gmt":"2025-07-15T08:01:37","guid":{"rendered":"https:\/\/teflonx.com\/?post_type=product&#038;p=833"},"modified":"2025-07-19T02:41:39","modified_gmt":"2025-07-19T02:41:39","slug":"rura-ptfe-wewnetrzna-plaska-zewnetrzna-karbowana","status":"publish","type":"product","link":"https:\/\/teflonx.com\/pl\/product\/rura-ptfe-wewnetrzna-plaska-zewnetrzna-karbowana\/","title":{"rendered":"Elastyczna rura PTFE z wewn\u0119trzn\u0105 p\u0142ask\u0105 zewn\u0119trzn\u0105 falist\u0105 powierzchni\u0105 do przetw\u00f3rstwa spo\u017cywczego"},"content":{"rendered":"<h1 id=\"flexible-ptfe-inner-flat-outer-corrugated-tubing-for-food-processing\">Elastyczna rura PTFE z wewn\u0119trzn\u0105 p\u0142ask\u0105 zewn\u0119trzn\u0105 falist\u0105 powierzchni\u0105 do przetw\u00f3rstwa spo\u017cywczego<\/h1>\n<p><strong>Firma:<\/strong> Teflon X<br \/>\n<strong>Strona internetowa:<\/strong> <a href=\"https:\/\/teflonx.com\/pl\/\" target=\"_blank\" rel=\"noopener\">https:\/\/teflonx.com\/<\/a><br \/>\n<strong>Strona kontaktowa:<\/strong> <a href=\"https:\/\/teflonx.com\/pl\/skontaktuj-sie-z-nami\/\" target=\"_blank\" rel=\"noopener\">https:\/\/teflonx.com\/contact-us\/<\/a><br \/>\n<strong>E-mail:<\/strong> Allison.Ye@teflonx.com<\/p>\n<hr \/>\n<h2 id=\"product-description\">Opis produktu<\/h2>\n<p>Teflonowe X-y <strong>Elastyczna rura PTFE z wewn\u0119trzn\u0105 p\u0142ask\u0105 zewn\u0119trzn\u0105 falist\u0105 warstw\u0105<\/strong> zosta\u0142 zaprojektowany specjalnie do zastosowa\u0144 w przetw\u00f3rstwie \u017cywno\u015bci, oferuj\u0105c idealne rozwi\u0105zanie do higienicznego i elastycznego przesy\u0142u p\u0142yn\u00f3w. Ten przew\u00f3d charakteryzuje si\u0119 <strong>g\u0142adka warstwa wewn\u0119trzna<\/strong> (Wewn\u0119trzny g\u0142adki otw\u00f3r), kt\u00f3ry u\u0142atwia czyszczenie i redukuje gromadzenie si\u0119 pozosta\u0142o\u015bci, podczas gdy <strong>falista warstwa zewn\u0119trzna<\/strong> maksymalizuje elastyczno\u015b\u0107 i podatno\u015b\u0107 na gi\u0119cie, dzi\u0119ki czemu nadaje si\u0119 do skomplikowanych uk\u0142ad\u00f3w ruroci\u0105g\u00f3w i cz\u0119stego przemieszczania si\u0119 w liniach przetw\u00f3rstwa \u017cywno\u015bci.<\/p>\n<p>Nasz <strong>Elastyczna rura PTFE z wewn\u0119trzn\u0105 p\u0142ask\u0105 zewn\u0119trzn\u0105 falist\u0105 warstw\u0105<\/strong> Wykonany z wysokiej jako\u015bci PTFE, co gwarantuje zgodno\u015b\u0107 z wymogami FDA oraz nietoksyczny i neutralny smakowo transfer \u017cywno\u015bci, napoj\u00f3w i innych wra\u017cliwych materia\u0142\u00f3w. <strong>Rurka mieszkowa PTFE<\/strong> Konstrukcja idealnie nadaje si\u0119 do transportu materia\u0142\u00f3w lepkich lub klej\u0105cych, zapobiegaj\u0105c zanieczyszczeniu smak\u00f3w i wytrzymuj\u0105c cz\u0119ste mycie. Wyj\u0105tkowa odporno\u015b\u0107 chemiczna i trwa\u0142o\u015b\u0107 rurki sprawiaj\u0105, \u017ce jest to niezawodny wyb\u00f3r w wymagaj\u0105cych warunkach.<\/p>\n<p>W\u0142\u0105cz <strong>Rura karbowana wewn\u0119trzna p\u0142aska zewn\u0119trzna<\/strong> do Twojej instalacji, aby zapewni\u0107 najwy\u017csze standardy higieny i d\u0142ugotrwa\u0142\u0105 wydajno\u015b\u0107. Jego unikalna konstrukcja minimalizuje ryzyko zanieczyszczenia, umo\u017cliwia wielokrotn\u0105 sterylizacj\u0119 i zapewnia wyj\u0105tkow\u0105 stabilno\u015b\u0107 mechaniczn\u0105 i termiczn\u0105.<\/p>\n<hr \/>\n<h2 id=\"key-features\">G\u0142\u00f3wne cechy<\/h2>\n<ul>\n<li><strong>Tworzywo:<\/strong> Wysokiej czysto\u015bci PTFE (politetrafluoroetylen)<\/li>\n<li><strong>Powierzchnia wewn\u0119trzna:<\/strong> P\u0142aski, g\u0142adki otw\u00f3r zapewniaj\u0105cy \u0142atwe czyszczenie i mniejsz\u0105 ilo\u015b\u0107 pozosta\u0142o\u015bci<\/li>\n<li><strong>Powierzchnia zewn\u0119trzna:<\/strong> Falista dla maksymalnej elastyczno\u015bci i odporno\u015bci na za\u0142amania<\/li>\n<li><strong>Zgodno\u015b\u0107:<\/strong> Zatwierdzone przez FDA, nietoksyczne i bezpieczne dla \u017cywno\u015bci<\/li>\n<li><strong>Odporno\u015b\u0107 na temperatur\u0119:<\/strong> Nadaje si\u0119 do szerokiego zakresu temperatur<\/li>\n<li><strong>Odporno\u015b\u0107 chemiczna:<\/strong> Oboj\u0119tny na wi\u0119kszo\u015b\u0107 chemikali\u00f3w, rozpuszczalnik\u00f3w i \u015brodk\u00f3w czyszcz\u0105cych<\/li>\n<li><strong>Zastosowania:<\/strong> Przetw\u00f3rstwo \u017cywno\u015bci, transport napoj\u00f3w, przemys\u0142 mleczarski, farmaceutyczny, kosmetyczny i chemiczny<\/li>\n<\/ul>\n<hr \/>\n<h2 id=\"typical-applications\">Typowe zastosowania<\/h2>\n<ul>\n<li>Linie przesy\u0142owe \u017cywno\u015bci i napoj\u00f3w<\/li>\n<li>Sprz\u0119t do nape\u0142niania produkt\u00f3w mlecznych i p\u0142ynnych<\/li>\n<li>Produkcja farmaceutyczna i kosmetyczna<\/li>\n<li>Przetwarzanie chemiczne i zastosowanie laboratoryjne<\/li>\n<li>Ka\u017cdy system wymagaj\u0105cy elastycznych, higienicznych i odpornych na korozj\u0119 rur<\/li>\n<\/ul>\n<hr \/>\n<h2 id=\"technical-parameters\">Parametry techniczne<\/h2>\n<table>\n<thead>\n<tr>\n<th>Rozmiar<\/th>\n<th>\u015arednica wewn\u0119trzna (mm)<\/th>\n<th>\u015arednica zewn\u0119trzna (mm)<\/th>\n<th>Ci\u015bnienie robocze (bar)<\/th>\n<th>Ci\u015bnienie rozrywaj\u0105ce (bar)<\/th>\n<th>Min. promie\u0144 gi\u0119cia (mm)<\/th>\n<\/tr>\n<\/thead>\n<tbody>\n<tr>\n<td>1\/4&#8243;<\/td>\n<td>6,1\u00b10,3<\/td>\n<td>9,9\u00b10,3<\/td>\n<td>183<\/td>\n<td>551<\/td>\n<td>45<\/td>\n<\/tr>\n<tr>\n<td>5\/16&#8243;<\/td>\n<td>7,8\u00b10,3<\/td>\n<td>11,4\u00b10,3<\/td>\n<td>155<\/td>\n<td>466<\/td>\n<td>50<\/td>\n<\/tr>\n<tr>\n<td>3\/8&#8243;<\/td>\n<td>9,6\u00b10,3<\/td>\n<td>14,1\u00b10,3<\/td>\n<td>138<\/td>\n<td>414<\/td>\n<td>55<\/td>\n<\/tr>\n<tr>\n<td>1\/2&#8243;<\/td>\n<td>12,7\u00b10,3<\/td>\n<td>17,2\u00b10,3<\/td>\n<td>110<\/td>\n<td>331<\/td>\n<td>60<\/td>\n<\/tr>\n<tr>\n<td>5\/8&#8243;<\/td>\n<td>15,7\u00b10,3<\/td>\n<td>20,7\u00b10,3<\/td>\n<td>95<\/td>\n<td>286<\/td>\n<td>70<\/td>\n<\/tr>\n<tr>\n<td>3\/4&#8243;<\/td>\n<td>18,8\u00b10,3<\/td>\n<td>23,7\u00b10,3<\/td>\n<td>81<\/td>\n<td>245<\/td>\n<td>80<\/td>\n<\/tr>\n<tr>\n<td>1&#8243;<\/td>\n<td>25,4\u00b10,3<\/td>\n<td>29\u00b10,3<\/td>\n<td>70<\/td>\n<td>211<\/td>\n<td>135<\/td>\n<\/tr>\n<\/tbody>\n<\/table>\n<hr \/>\n<h2 id=\"why-choose-teflon-x-s-flexible-ptfe-inner-flat-outer-corrugated-tubing-\">Dlaczego warto wybra\u0107 elastyczne, karbowane rurki PTFE firmy Teflon X?<\/h2>\n<ul>\n<li><strong>Najwy\u017csza higiena:<\/strong> G\u0142adka powierzchnia wewn\u0119trzna zapobiega gromadzeniu si\u0119 zanieczyszcze\u0144 i umo\u017cliwia szybkie, skuteczne czyszczenie, zgodnie z przepisami dotycz\u0105cymi bezpiecze\u0144stwa \u017cywno\u015bci.<\/li>\n<li><strong>Wi\u0119ksza elastyczno\u015b\u0107:<\/strong> Falista konstrukcja zapewnia wyj\u0105tkow\u0105 elastyczno\u015b\u0107, dzi\u0119ki czemu instalacja i konserwacja w ciasnych lub skomplikowanych przestrzeniach s\u0105 \u0142atwiejsze.<\/li>\n<li><strong>Trwa\u0142o\u015b\u0107 i bezpiecze\u0144stwo:<\/strong> Wysoka odporno\u015b\u0107 na dzia\u0142anie substancji chemicznych, wysokich temperatur i wielokrotne sterylizacje gwarantuje d\u0142ugotrwa\u0142\u0105, bezpieczn\u0105 eksploatacj\u0119.<\/li>\n<li><strong>Wszechstronne zastosowania:<\/strong> Nadaj\u0105 si\u0119 do stosowania w przemy\u015ble spo\u017cywczym, napojowym, farmaceutycznym i chemicznym, a tak\u017ce w ka\u017cdym \u015brodowisku wymagaj\u0105cym elastycznych, higienicznych przewod\u00f3w.<\/li>\n<\/ul>\n<hr \/>\n<h2 id=\"order-contact\">Zam\u00f3w i skontaktuj si\u0119<\/h2>\n<p>Aby uzyska\u0107 wi\u0119cej informacji o naszym <strong>Elastyczna rura PTFE z wewn\u0119trzn\u0105 p\u0142ask\u0105 zewn\u0119trzn\u0105 falist\u0105 warstw\u0105<\/strong>, <strong>Wewn\u0119trzna g\u0142adka rura zewn\u0119trzna falista z PTFE<\/strong>, Lub <strong>Rurka mieszkowa PTFE<\/strong> rozwi\u0105za\u0144, odwied\u017a nasz\u0105 stron\u0119 <a href=\"https:\/\/teflonx.com\/pl\/skontaktuj-sie-z-nami\/\" target=\"_blank\" rel=\"noopener\">Strona kontaktowa<\/a> lub napisz do nas bezpo\u015brednio na adres <strong>Allison.Ye@teflonx.com<\/strong>.<\/p>\n<hr \/>\n<blockquote><p>Zadbaj o to, aby Twoje linie przetw\u00f3rstwa \u017cywno\u015bci by\u0142y wyposa\u017cone w najlepsze rozwi\u0105zania \u2013 wybierz elastyczne, karbowane rury PTFE z wewn\u0119trznym, p\u0142askim i zewn\u0119trznym w\u0142\u00f3knem firmy Teflon X, kt\u00f3re zapewni\u0105 Ci niezawodno\u015b\u0107, higien\u0119 i elastyczno\u015b\u0107.<\/p><\/blockquote>","protected":false},"excerpt":{"rendered":"<p>Nasza elastyczna, karbowana rura PTFE z wewn\u0119trzn\u0105, p\u0142ask\u0105 i zewn\u0119trzn\u0105 warstw\u0105 zosta\u0142a zaprojektowana z g\u0142adk\u0105 warstw\u0105 wewn\u0119trzn\u0105, u\u0142atwiaj\u0105c\u0105 czyszczenie, oraz karbowan\u0105 warstw\u0105 zewn\u0119trzn\u0105, zapewniaj\u0105c\u0105 elastyczno\u015b\u0107 w liniach przetw\u00f3rstwa spo\u017cywczego. Ta karbowana rura PTFE z wewn\u0119trzn\u0105, g\u0142adk\u0105 i zewn\u0119trzn\u0105 warstw\u0105 zapewnia zgodno\u015b\u0107 z wymogami FDA i nietoksyczny transfer produkt\u00f3w spo\u017cywczych i napoj\u00f3w.<\/p>\n<p>Idealnie nadaje si\u0119 do transportu materia\u0142\u00f3w lepkich, wersja z mieszkiem PTFE zapobiega zanieczyszczeniu smakiem i wytrzymuje cz\u0119ste mycie.<\/p>\n<p>Zamontuj t\u0119 wewn\u0119trzn\u0105 p\u0142ask\u0105 zewn\u0119trzn\u0105 falist\u0105 rur\u0119 karbowan\u0105 w swoim systemie; jej struktura z wewn\u0119trznej p\u0142askiej zewn\u0119trznej falistej rury PTFE gwarantuje higien\u0119 i trwa\u0142o\u015b\u0107.<\/p>","protected":false},"featured_media":834,"comment_status":"open","ping_status":"closed","template":"","meta":{"site-sidebar-layout":"default","site-content-layout":"","ast-site-content-layout":"default","site-content-style":"default","site-sidebar-style":"default","ast-global-header-display":"","ast-banner-title-visibility":"","ast-main-header-display":"","ast-hfb-above-header-display":"","ast-hfb-below-header-display":"","ast-hfb-mobile-header-display":"","site-post-title":"","ast-breadcrumbs-content":"","ast-featured-img":"","footer-sml-layout":"","ast-disable-related-posts":"","theme-transparent-header-meta":"default","adv-header-id-meta":"","stick-header-meta":"","header-above-stick-meta":"","header-main-stick-meta":"","header-below-stick-meta":"","astra-migrate-meta-layouts":"set","ast-page-background-enabled":"default","ast-page-background-meta":{"desktop":{"background-color":"var(--ast-global-color-5)","background-image":"","background-repeat":"repeat","background-position":"center center","background-size":"auto","background-attachment":"scroll","background-type":"","background-media":"","overlay-type":"","overlay-color":"","overlay-opacity":"","overlay-gradient":""},"tablet":{"background-color":"","background-image":"","background-repeat":"repeat","background-position":"center center","background-size":"auto","background-attachment":"scroll","background-type":"","background-media":"","overlay-type":"","overlay-color":"","overlay-opacity":"","overlay-gradient":""},"mobile":{"background-color":"","background-image":"","background-repeat":"repeat","background-position":"center center","background-size":"auto","background-attachment":"scroll","background-type":"","background-media":"","overlay-type":"","overlay-color":"","overlay-opacity":"","overlay-gradient":""}},"ast-content-background-meta":{"desktop":{"background-color":"var(--ast-global-color-4)","background-image":"","background-repeat":"repeat","background-position":"center center","background-size":"auto","background-attachment":"scroll","background-type":"","background-media":"","overlay-type":"","overlay-color":"","overlay-opacity":"","overlay-gradient":""},"tablet":{"background-color":"var(--ast-global-color-4)","background-image":"","background-repeat":"repeat","background-position":"center center","background-size":"auto","background-attachment":"scroll","background-type":"","background-media":"","overlay-type":"","overlay-color":"","overlay-opacity":"","overlay-gradient":""},"mobile":{"background-color":"var(--ast-global-color-4)","background-image":"","background-repeat":"repeat","background-position":"center center","background-size":"auto","background-attachment":"scroll","background-type":"","background-media":"","overlay-type":"","overlay-color":"","overlay-opacity":"","overlay-gradient":""}}},"product_brand":[290],"product_cat":[42],"product_tag":[300,291,297],"class_list":{"0":"post-833","1":"product","2":"type-product","3":"status-publish","4":"has-post-thumbnail","6":"product_brand-teflon-x","7":"product_cat-ptfe-corrugated-hoses","8":"product_tag-flexible-ptfe-inner-flat-outer-corrugated-tubing","9":"product_tag-inner-smooth-bore-outer-corrugated-ptfe-tube","10":"product_tag-ptfe-bellows-tube","11":"desktop-align-left","12":"tablet-align-left","13":"mobile-align-left","15":"first","16":"instock","17":"shipping-taxable","18":"product-type-simple"},"_links":{"self":[{"href":"https:\/\/teflonx.com\/pl\/wp-json\/wp\/v2\/product\/833","targetHints":{"allow":["GET"]}}],"collection":[{"href":"https:\/\/teflonx.com\/pl\/wp-json\/wp\/v2\/product"}],"about":[{"href":"https:\/\/teflonx.com\/pl\/wp-json\/wp\/v2\/types\/product"}],"replies":[{"embeddable":true,"href":"https:\/\/teflonx.com\/pl\/wp-json\/wp\/v2\/comments?post=833"}],"wp:featuredmedia":[{"embeddable":true,"href":"https:\/\/teflonx.com\/pl\/wp-json\/wp\/v2\/media\/834"}],"wp:attachment":[{"href":"https:\/\/teflonx.com\/pl\/wp-json\/wp\/v2\/media?parent=833"}],"wp:term":[{"taxonomy":"product_brand","embeddable":true,"href":"https:\/\/teflonx.com\/pl\/wp-json\/wp\/v2\/product_brand?post=833"},{"taxonomy":"product_cat","embeddable":true,"href":"https:\/\/teflonx.com\/pl\/wp-json\/wp\/v2\/product_cat?post=833"},{"taxonomy":"product_tag","embeddable":true,"href":"https:\/\/teflonx.com\/pl\/wp-json\/wp\/v2\/product_tag?post=833"}],"curies":[{"name":"wp","href":"https:\/\/api.w.org\/{rel}","templated":true}]}}