{"id":835,"date":"2025-07-15T08:11:04","date_gmt":"2025-07-15T08:11:04","guid":{"rendered":"https:\/\/teflonx.com\/?post_type=product&#038;p=835"},"modified":"2025-07-19T02:40:47","modified_gmt":"2025-07-19T02:40:47","slug":"wewnetrzny-plaski-zewnetrzny-karbowany-waz-ptfe","status":"publish","type":"product","link":"https:\/\/teflonx.com\/pl\/product\/wewnetrzny-plaski-zewnetrzny-karbowany-waz-ptfe\/","title":{"rendered":"W\u0105\u017c PTFE karbowany, wewn\u0119trzny, p\u0142aski, zewn\u0119trzny, odporny na korozj\u0119, do laboratori\u00f3w"},"content":{"rendered":"<h1 id=\"corrosion-resistant-inner-flat-outer-corrugated-ptfe-hose-for-labs\">W\u0105\u017c PTFE karbowany, wewn\u0119trzny, p\u0142aski, zewn\u0119trzny, odporny na korozj\u0119, do laboratori\u00f3w<\/h1>\n<p><strong>Firma:<\/strong> Teflon X<br \/>\n<strong>Strona internetowa:<\/strong> <a href=\"https:\/\/teflonx.com\/pl\/\" target=\"_blank\" rel=\"noopener\">https:\/\/teflonx.com\/<\/a><br \/>\n<strong>Strona kontaktowa:<\/strong> <a href=\"https:\/\/teflonx.com\/pl\/skontaktuj-sie-z-nami\/\" target=\"_blank\" rel=\"noopener\">https:\/\/teflonx.com\/contact-us\/<\/a><br \/>\n<strong>Adres e-mail kontaktowy:<\/strong> Allison.Ye@teflonx.com<\/p>\n<hr \/>\n<h2 id=\"product-overview\">Przegl\u0105d produktu<\/h2>\n<p>Ten <strong>W\u0105\u017c PTFE karbowany, wewn\u0119trzny, p\u0142aski, zewn\u0119trzny, odporny na korozj\u0119<\/strong> Rura PTFE zosta\u0142a zaprojektowana specjalnie do zastosowa\u0144 laboratoryjnych wymagaj\u0105cych precyzji, odporno\u015bci chemicznej i elastyczno\u015bci. Dzi\u0119ki p\u0142askiej (g\u0142adkiej) powierzchni wewn\u0119trznej i karbowanej strukturze zewn\u0119trznej, ta karbowana rura PTFE zapewnia najwy\u017cszy poziom czysto\u015bci i niezawodno\u015bci w zastosowaniach zwi\u0105zanych z transferem p\u0142yn\u00f3w w laboratoriach badawczych i analitycznych.<\/p>\n<p>Ten <strong>W\u0105\u017c PTFE karbowany, wewn\u0119trzny, p\u0142aski, zewn\u0119trzny, odporny na korozj\u0119<\/strong> Wyr\u00f3\u017cnia si\u0119 wyj\u0105tkow\u0105 odporno\u015bci\u0105 na kwasy, zasady i rozpuszczalniki, co czyni go idealnym wyborem do transportu agresywnych chemikali\u00f3w bez ryzyka zanieczyszczenia lub degradacji. Elastyczna, falista obudowa zapewnia doskona\u0142\u0105 zwrotno\u015b\u0107, umo\u017cliwiaj\u0105c \u0142atw\u0105 instalacj\u0119 i uk\u0142adanie nawet w ciasnych przestrzeniach laboratoryjnych.<\/p>\n<hr \/>\n<h2 id=\"key-features\">G\u0142\u00f3wne cechy<\/h2>\n<ul>\n<li><strong>Wy\u017csza odporno\u015b\u0107 na korozj\u0119:<\/strong><br \/>\nW\u0105\u017c PTFE, p\u0142aski, zewn\u0119trzny, karbowany, odporny na korozj\u0119, wykonany jest z wysokiej jako\u015bci materia\u0142u PTFE, zapewniaj\u0105cego niezr\u00f3wnan\u0105 odporno\u015b\u0107 na dzia\u0142anie niemal wszystkich odczynnik\u00f3w chemicznych.<\/li>\n<li><strong>Konstrukcja wewn\u0119trzna p\u0142aska (g\u0142adki otw\u00f3r):<\/strong><br \/>\nP\u0142aska powierzchnia wewn\u0119trzna minimalizuje zatrzymywanie p\u0142ynu, gwarantuje precyzyjne podawanie i zapobiega zanieczyszczeniu pr\u00f3bki, co ma kluczowe znaczenie dla dok\u0142adno\u015bci pomiaru w laboratorium.<\/li>\n<li><strong>Zewn\u0119trzna struktura falista:<\/strong><br \/>\nFalista warstwa zewn\u0119trzna zwi\u0119ksza elastyczno\u015b\u0107 w\u0119\u017ca i umo\u017cliwia \u0142atwe przenoszenie i prowadzenie, co jest idealne w przypadku skomplikowanych konfiguracji laboratoryjnych.<\/li>\n<li><strong>Zachowuje integralno\u015b\u0107 pr\u00f3bki:<\/strong><br \/>\nKonstrukcja rury falistej o wewn\u0119trznej p\u0142askiej i zewn\u0119trznej fali zapewnia, \u017ce pr\u00f3bki pozostan\u0105 nieska\u017cone i sp\u00f3jne podczas transfer\u00f3w.<\/li>\n<li><strong>Tolerancja temperatury i ci\u015bnienia:<\/strong><br \/>\nZaprojektowane tak, aby wytrzyma\u0107 trudne warunki temperatury i ci\u015bnienia powszechnie spotykane w warunkach laboratoryjnych.<\/li>\n<li><strong>Szeroki wyb\u00f3r rozmiar\u00f3w:<\/strong><br \/>\nDost\u0119pne w r\u00f3\u017cnych \u015brednicach, aby sprosta\u0107 r\u00f3\u017cnorodnym wymaganiom sprz\u0119towym i procesowym.<\/li>\n<\/ul>\n<hr \/>\n<h2 id=\"typical-applications\">Typowe zastosowania<\/h2>\n<ul>\n<li>Transfer p\u0142yn\u00f3w laboratoryjnych<\/li>\n<li>Linie dostarczaj\u0105ce kwasy i rozpuszczalniki<\/li>\n<li>Produkcja farmaceutyczna<\/li>\n<li>Analiza i obs\u0142uga chemiczna<\/li>\n<li>Przetwarzanie laboratoryjne \u017cywno\u015bci i napoj\u00f3w<\/li>\n<li>Obiekty bada\u0144 biotechnologicznych<\/li>\n<\/ul>\n<hr \/>\n<h2 id=\"technical-parameters\">Parametry techniczne<\/h2>\n<p>Poni\u017cej znajduje si\u0119 szczeg\u00f3\u0142owa tabela parametr\u00f3w technicznych naszego w\u0119\u017ca PTFE odpornego na korozj\u0119, karbowanego, wewn\u0119trznego i zewn\u0119trznego:<\/p>\n<table>\n<thead>\n<tr>\n<th>Rozmiar<\/th>\n<th>\u015arednica wewn\u0119trzna (mm)<\/th>\n<th>\u015arednica zewn\u0119trzna (mm)<\/th>\n<th>Ci\u015bnienie robocze (bar)<\/th>\n<th>Ci\u015bnienie rozrywaj\u0105ce (bar)<\/th>\n<th>Min. promie\u0144 gi\u0119cia (mm)<\/th>\n<\/tr>\n<\/thead>\n<tbody>\n<tr>\n<td>1\/4&#8243;<\/td>\n<td>6,1\u00b10,3<\/td>\n<td>9,9\u00b10,3<\/td>\n<td>183<\/td>\n<td>551<\/td>\n<td>45<\/td>\n<\/tr>\n<tr>\n<td>5\/16&#8243;<\/td>\n<td>7,8\u00b10,3<\/td>\n<td>11,4\u00b10,3<\/td>\n<td>155<\/td>\n<td>466<\/td>\n<td>50<\/td>\n<\/tr>\n<tr>\n<td>3\/8&#8243;<\/td>\n<td>9,6\u00b10,3<\/td>\n<td>14,1\u00b10,3<\/td>\n<td>138<\/td>\n<td>414<\/td>\n<td>55<\/td>\n<\/tr>\n<tr>\n<td>1\/2&#8243;<\/td>\n<td>12,7\u00b10,3<\/td>\n<td>17,2\u00b10,3<\/td>\n<td>110<\/td>\n<td>331<\/td>\n<td>60<\/td>\n<\/tr>\n<tr>\n<td>5\/8&#8243;<\/td>\n<td>15,7\u00b10,3<\/td>\n<td>20,7\u00b10,3<\/td>\n<td>95<\/td>\n<td>286<\/td>\n<td>70<\/td>\n<\/tr>\n<tr>\n<td>3\/4&#8243;<\/td>\n<td>18,8\u00b10,3<\/td>\n<td>23,7\u00b10,3<\/td>\n<td>81<\/td>\n<td>245<\/td>\n<td>80<\/td>\n<\/tr>\n<tr>\n<td>1&#8243;<\/td>\n<td>25,4\u00b10,3<\/td>\n<td>29\u00b10,3<\/td>\n<td>70<\/td>\n<td>211<\/td>\n<td>135<\/td>\n<\/tr>\n<\/tbody>\n<\/table>\n<hr \/>\n<h2 id=\"why-choose-teflon-x-s-corrosion-resistant-inner-flat-outer-corrugated-ptfe-hose-\">Dlaczego warto wybra\u0107 odporny na korozj\u0119, p\u0142aski, zewn\u0119trzny, karbowany w\u0105\u017c PTFE marki Teflon X?<\/h2>\n<ul>\n<li><strong>Niezawodno\u015b\u0107:<\/strong> Nasza wewn\u0119trzna p\u0142aska zewn\u0119trzna karbowana rura PTFE zapewnia sp\u00f3jne wyniki i d\u0142ug\u0105 \u017cywotno\u015b\u0107 nawet w trudnych warunkach laboratoryjnych.<\/li>\n<li><strong>Wszechstronno\u015b\u0107:<\/strong> Nadaje si\u0119 do szerokiej gamy zastosowa\u0144 laboratoryjnych i przemys\u0142owych.<\/li>\n<li><strong>Wsparcie:<\/strong> Dedykowane wsparcie techniczne i opcje dostosowywania do Twoich wyj\u0105tkowych wymaga\u0144.<\/li>\n<\/ul>\n<hr \/>\n<h2 id=\"contact-us\">Skontaktuj si\u0119 z nami<\/h2>\n<p>Aby uzyska\u0107 wi\u0119cej informacji na temat <strong>W\u0105\u017c PTFE karbowany, wewn\u0119trzny, p\u0142aski, zewn\u0119trzny, odporny na korozj\u0119<\/strong>, zam\u00f3wie\u0144 niestandardowych lub pomocy technicznej, odwied\u017a nasz\u0105 stron\u0119 <a href=\"https:\/\/teflonx.com\/pl\/skontaktuj-sie-z-nami\/\" target=\"_blank\" rel=\"noopener\">Strona kontaktowa<\/a> lub napisz do nas na adres <strong>Allison.Ye@teflonx.com<\/strong>.<\/p>\n<p><strong>Teflon X<\/strong> \u2013 Tw\u00f3j zaufany partner w zakresie zaawansowanych rozwi\u0105za\u0144 w zakresie rur laboratoryjnych.<\/p>\n<hr \/>","protected":false},"excerpt":{"rendered":"<p>Odporny na korozj\u0119, karbowany w\u0105\u017c PTFE o p\u0142askiej wewn\u0119trznej i zewn\u0119trznej powierzchni zapewnia p\u0142ask\u0105 powierzchni\u0119 wewn\u0119trzn\u0105, umo\u017cliwiaj\u0105c\u0105 precyzyjne dostarczanie p\u0142yn\u00f3w laboratoryjnych, oraz karbowan\u0105 powierzchni\u0119 zewn\u0119trzn\u0105, zapewniaj\u0105c\u0105 swobod\u0119 manewrowania. Ten karbowany w\u0105\u017c PTFE o p\u0142askiej wewn\u0119trznej i zewn\u0119trznej powierzchni zapewnia doskona\u0142\u0105 odporno\u015b\u0107 na kwasy i rozpuszczalniki w warunkach laboratoryjnych.<\/p>\n<p>Niezb\u0119dna w plac\u00f3wkach badawczych, wewn\u0119trzna p\u0142aska zewn\u0119trzna falista rura falista zapewnia integralno\u015b\u0107 pr\u00f3bki podczas transferu.<\/p>\n<p>Zaufaj tej g\u0142adkiej wewn\u0119trznej i zewn\u0119trznej falistej rurce PTFE, aby uzyska\u0107 sp\u00f3jne wyniki; jej konstrukcja, nawi\u0105zuj\u0105ca do p\u0142askiej wewn\u0119trznej i zewn\u0119trznej falistej rurki PTFE, zwi\u0119ksza wydajno\u015b\u0107 laboratorium.<\/p>","protected":false},"featured_media":836,"comment_status":"open","ping_status":"closed","template":"","meta":{"site-sidebar-layout":"default","site-content-layout":"","ast-site-content-layout":"default","site-content-style":"default","site-sidebar-style":"default","ast-global-header-display":"","ast-banner-title-visibility":"","ast-main-header-display":"","ast-hfb-above-header-display":"","ast-hfb-below-header-display":"","ast-hfb-mobile-header-display":"","site-post-title":"","ast-breadcrumbs-content":"","ast-featured-img":"","footer-sml-layout":"","ast-disable-related-posts":"","theme-transparent-header-meta":"default","adv-header-id-meta":"","stick-header-meta":"","header-above-stick-meta":"","header-main-stick-meta":"","header-below-stick-meta":"","astra-migrate-meta-layouts":"set","ast-page-background-enabled":"default","ast-page-background-meta":{"desktop":{"background-color":"var(--ast-global-color-5)","background-image":"","background-repeat":"repeat","background-position":"center center","background-size":"auto","background-attachment":"scroll","background-type":"","background-media":"","overlay-type":"","overlay-color":"","overlay-opacity":"","overlay-gradient":""},"tablet":{"background-color":"","background-image":"","background-repeat":"repeat","background-position":"center center","background-size":"auto","background-attachment":"scroll","background-type":"","background-media":"","overlay-type":"","overlay-color":"","overlay-opacity":"","overlay-gradient":""},"mobile":{"background-color":"","background-image":"","background-repeat":"repeat","background-position":"center center","background-size":"auto","background-attachment":"scroll","background-type":"","background-media":"","overlay-type":"","overlay-color":"","overlay-opacity":"","overlay-gradient":""}},"ast-content-background-meta":{"desktop":{"background-color":"var(--ast-global-color-4)","background-image":"","background-repeat":"repeat","background-position":"center center","background-size":"auto","background-attachment":"scroll","background-type":"","background-media":"","overlay-type":"","overlay-color":"","overlay-opacity":"","overlay-gradient":""},"tablet":{"background-color":"var(--ast-global-color-4)","background-image":"","background-repeat":"repeat","background-position":"center center","background-size":"auto","background-attachment":"scroll","background-type":"","background-media":"","overlay-type":"","overlay-color":"","overlay-opacity":"","overlay-gradient":""},"mobile":{"background-color":"var(--ast-global-color-4)","background-image":"","background-repeat":"repeat","background-position":"center center","background-size":"auto","background-attachment":"scroll","background-type":"","background-media":"","overlay-type":"","overlay-color":"","overlay-opacity":"","overlay-gradient":""}}},"product_brand":[290],"product_cat":[42],"product_tag":[301,302,295],"class_list":{"0":"post-835","1":"product","2":"type-product","3":"status-publish","4":"has-post-thumbnail","6":"product_brand-teflon-x","7":"product_cat-ptfe-corrugated-hoses","8":"product_tag-corrosion-resistant-inner-flat-outer-corrugated-ptfe-hose","9":"product_tag-internal-flat-external-wave-corrugated-tube","10":"product_tag-ptfe-inner-flat-outer-corrugated-pipe","11":"desktop-align-left","12":"tablet-align-left","13":"mobile-align-left","15":"first","16":"instock","17":"shipping-taxable","18":"product-type-simple"},"_links":{"self":[{"href":"https:\/\/teflonx.com\/pl\/wp-json\/wp\/v2\/product\/835","targetHints":{"allow":["GET"]}}],"collection":[{"href":"https:\/\/teflonx.com\/pl\/wp-json\/wp\/v2\/product"}],"about":[{"href":"https:\/\/teflonx.com\/pl\/wp-json\/wp\/v2\/types\/product"}],"replies":[{"embeddable":true,"href":"https:\/\/teflonx.com\/pl\/wp-json\/wp\/v2\/comments?post=835"}],"wp:featuredmedia":[{"embeddable":true,"href":"https:\/\/teflonx.com\/pl\/wp-json\/wp\/v2\/media\/836"}],"wp:attachment":[{"href":"https:\/\/teflonx.com\/pl\/wp-json\/wp\/v2\/media?parent=835"}],"wp:term":[{"taxonomy":"product_brand","embeddable":true,"href":"https:\/\/teflonx.com\/pl\/wp-json\/wp\/v2\/product_brand?post=835"},{"taxonomy":"product_cat","embeddable":true,"href":"https:\/\/teflonx.com\/pl\/wp-json\/wp\/v2\/product_cat?post=835"},{"taxonomy":"product_tag","embeddable":true,"href":"https:\/\/teflonx.com\/pl\/wp-json\/wp\/v2\/product_tag?post=835"}],"curies":[{"name":"WP","href":"https:\/\/api.w.org\/{rel}","templated":true}]}}