{"id":1018,"date":"2025-11-24T05:40:32","date_gmt":"2025-11-24T05:40:32","guid":{"rendered":"https:\/\/teflonx.com\/?post_type=product&#038;p=1018"},"modified":"2025-11-24T05:40:33","modified_gmt":"2025-11-24T05:40:33","slug":"mangueira-revestida-de-ptfe-com-extremidades-flangeadas","status":"publish","type":"product","link":"https:\/\/teflonx.com\/pt\/product\/mangueira-revestida-de-ptfe-com-extremidades-flangeadas\/","title":{"rendered":"Mangueira revestida de Teflon X PTFE com extremidades alargadas - Projeto de furo liso"},"content":{"rendered":"<p>Descubra o desempenho superior da <strong>Mangueira Revestida de PTFE Teflon X com Extremidades Flangeadas<\/strong>, projetada para pureza e confiabilidade inigual\u00e1veis em ambientes industriais exigentes. Esta inovadora <strong>Mangueira revestida de PTFE com extremidades alargadas<\/strong> apresenta um design de alma lisa que garante um caminho de fluido livre de contamina\u00e7\u00e3o, tornando-a a escolha ideal para aplica\u00e7\u00f5es de alta pureza onde a precis\u00e3o e a seguran\u00e7a s\u00e3o fundamentais.<\/p>\n<p>Nosso <strong>Mangueira revestida de PTFE com extremidades alargadas<\/strong> \u00e9 fabricada com revestimento de PTFE (Politetrafluoretileno) premium, proporcionando resist\u00eancia qu\u00edmica excecional, propriedades antiaderentes e estabilidade t\u00e9rmica. O design de extremidades flangeadas elimina zonas mortas e potenciais pontos de fuga, promovendo conex\u00f5es perfeitas e fluxo ininterrupto. Quer esteja a manusear produtos qu\u00edmicos corrosivos, farmac\u00eauticos ou subst\u00e2ncias de grau alimentar, esta <strong>Mangueira revestida de PTFE com extremidades alargadas<\/strong> oferece um desempenho consistente e confi\u00e1vel que excede os padr\u00f5es da ind\u00fastria.<\/p>\n<h2 id=\"key-features-of-teflon-x-ptfe-lined-hose-with-flared-ends\">Principais Caracter\u00edsticas da Mangueira Revestida de PTFE Teflon X com Extremidades Flangeadas<\/h2>\n<ul>\n<li><strong>Caminho de Fluido Puro<\/strong>: O revestimento de PTFE de alma lisa evita a contamina\u00e7\u00e3o, garantindo uma transfer\u00eancia de alta pureza para meios sens\u00edveis.<\/li>\n<li><strong>Constru\u00e7\u00e3o com Extremidades Flangeadas<\/strong>: As extremidades flangeadas personalizadas permitem a integra\u00e7\u00e3o direta de conex\u00f5es, reduzindo o tempo de montagem e aumentando a integridade da junta em <strong>Mangueira revestida de PTFE com extremidades alargadas<\/strong> montagens.<\/li>\n<li><strong>Flexibilidade e Durabilidade Excecionais<\/strong>: O refor\u00e7o de tran\u00e7a de a\u00e7o inoxid\u00e1vel proporciona resist\u00eancia a dobras e manuseamento de alta press\u00e3o, enquanto o material de PTFE suporta temperaturas extremas de -65\u00b0F a 500\u00b0F (-54\u00b0C a 260\u00b0C).<\/li>\n<li><strong>In\u00e9rcia Qu\u00edmica<\/strong>: O PTFE em conformidade com a FDA resiste a uma vasta gama de \u00e1cidos, bases e solventes, ideal para ambientes agressivos.<\/li>\n<li><strong>Manuten\u00e7\u00e3o F\u00e1cil<\/strong>: A superf\u00edcie antiaderente minimiza a acumula\u00e7\u00e3o, simplificando a limpeza e prolongando a vida \u00fatil da sua <strong>Mangueira revestida de PTFE com extremidades alargadas<\/strong>.<\/li>\n<li><strong>Op\u00e7\u00f5es personaliz\u00e1veis<\/strong>: Dispon\u00edvel em v\u00e1rios di\u00e2metros, comprimentos e configura\u00e7\u00f5es de extremidade para atender \u00e0s necessidades espec\u00edficas do projeto.<\/li>\n<\/ul>\n<p>Esse <strong>Mangueira revestida de PTFE com extremidades alargadas<\/strong> destaca-se pelo seu design ergon\u00f3mico, tornando-a mais f\u00e1cil de manusear durante a instala\u00e7\u00e3o e opera\u00e7\u00e3o em compara\u00e7\u00e3o com as mangueiras tradicionais.<\/p>\n<h2 id=\"technical-specifications\">Especifica\u00e7\u00f5es t\u00e9cnicas<\/h2>\n<p>A tabela a seguir descreve os par\u00e2metros padr\u00e3o para o <strong>Mangueira Revestida de PTFE Teflon X com Extremidades Flangeadas<\/strong>. Estas especifica\u00e7\u00f5es baseiam-se em projetos l\u00edderes do setor para mangueiras de PTFE de alma lisa com extremidades flangeadas, garantindo compatibilidade e desempenho.<\/p>\n<table>\n<thead>\n<tr>\n<th>Par\u00e2metro<\/th>\n<th>Especifica\u00e7\u00e3o<\/th>\n<th>Detalhes<\/th>\n<\/tr>\n<\/thead>\n<tbody>\n<tr>\n<td><strong>Material (Revestimento)<\/strong><\/td>\n<td>PTFE (politetrafluoroetileno)<\/td>\n<td>Em conformidade com a FDA, quimicamente inerte, alma lisa para fluxo de alta pureza.<\/td>\n<\/tr>\n<tr>\n<td><strong>Refor\u00e7o<\/strong><\/td>\n<td>Malha de A\u00e7o Inoxid\u00e1vel 304\/316<\/td>\n<td>Proporciona resist\u00eancia \u00e0 press\u00e3o e flexibilidade; op\u00e7\u00f5es condutivas dispon\u00edveis.<\/td>\n<\/tr>\n<tr>\n<td><strong>Conex\u00f5es de extremidade<\/strong><\/td>\n<td>Extremidades Flangeadas (Design Flare-Thru)<\/td>\n<td>Transi\u00e7\u00e3o cont\u00ednua de PTFE para a conex\u00e3o para evitar contamina\u00e7\u00e3o.<\/td>\n<\/tr>\n<tr>\n<td><strong>Intervalo de DI<\/strong><\/td>\n<td>1\/4\u2033 a 2\u2033 (6 mm a 50 mm)<\/td>\n<td>Tamanhos personalizados dispon\u00edveis sob consulta.<\/td>\n<\/tr>\n<tr>\n<td><strong>Intervalo de DE<\/strong><\/td>\n<td>0,5\u2033 a 2,5\u2033 (12 mm a 63 mm)<\/td>\n<td>Varia de acordo com o DI e a espessura da malha.<\/td>\n<\/tr>\n<tr>\n<td><strong>Press\u00e3o M\u00e1xima de Trabalho<\/strong><\/td>\n<td>At\u00e9 3.000 PSI (207 bar)<\/td>\n<td>Dependente do tamanho; testado para press\u00e3o de ruptura de at\u00e9 4x a press\u00e3o de trabalho.<\/td>\n<\/tr>\n<tr>\n<td><strong>Faixa de temperatura<\/strong><\/td>\n<td>-65\u00b0F a 500\u00b0F (-54\u00b0C a 260\u00b0C)<\/td>\n<td>Classifica\u00e7\u00e3o de v\u00e1cuo total em temperaturas ambiente.<\/td>\n<\/tr>\n<tr>\n<td><strong>Raio de curvatura<\/strong><\/td>\n<td>4x DI (m\u00ednimo)<\/td>\n<td>Garante resist\u00eancia a dobras em aplica\u00e7\u00f5es din\u00e2micas.<\/td>\n<\/tr>\n<tr>\n<td><strong>Comprimento<\/strong><\/td>\n<td>At\u00e9 50 p\u00e9s (15m) por conjunto<\/td>\n<td>Comprimentos personalizados para instala\u00e7\u00f5es sob medida.<\/td>\n<\/tr>\n<tr>\n<td><strong>Conformidade com Normas<\/strong><\/td>\n<td>FDA, USP Classe VI, 3-A Sanit\u00e1ria<\/td>\n<td>Atende aos requisitos para as ind\u00fastrias aliment\u00edcia, farmac\u00eautica e qu\u00edmica.<\/td>\n<\/tr>\n<tr>\n<td><strong>Condutividade<\/strong><\/td>\n<td>PTFE Dissipativo Est\u00e1tico Opcional<\/td>\n<td>Para aplica\u00e7\u00f5es que exigem aterramento el\u00e9trico.<\/td>\n<\/tr>\n<\/tbody>\n<\/table>\n<p><em>Nota: As especifica\u00e7\u00f5es podem variar com base em configura\u00e7\u00f5es personalizadas. Entre em contato com a Teflon X para desenhos de engenharia detalhados e classifica\u00e7\u00f5es de press\u00e3o espec\u00edficas para o seu <strong>Mangueira revestida de PTFE com extremidades alargadas<\/strong> Requisitos.<\/em><\/p>\n<h2 id=\"applications\">Aplica\u00e7\u00f5es<\/h2>\n<p>O <strong>Mangueira Revestida de PTFE Teflon X com Extremidades Flangeadas<\/strong> destaca-se em ind\u00fastrias que exigem manuseio de fluidos ultrapuros e resistentes \u00e0 corros\u00e3o:<\/p>\n<ul>\n<li><strong>Farmac\u00eautica e Biotecnologia<\/strong>: Transfer\u00eancia est\u00e9ril de APIs, tamp\u00f5es e biol\u00f3gicos sem contamina\u00e7\u00e3o met\u00e1lica.<\/li>\n<li><strong>Alimentos e bebidas<\/strong>: Transporte higi\u00eanico de latic\u00ednios, bebidas e \u00f3leos comest\u00edveis em conformidade com as normas sanit\u00e1rias.<\/li>\n<li><strong>Processamento qu\u00edmico<\/strong>: Transporte seguro de solventes, \u00e1cidos e bases agressivos em sistemas de alta pureza.<\/li>\n<li><strong>Fabrica\u00e7\u00e3o de semicondutores<\/strong>: Entrega de fluidos de precis\u00e3o em ambientes de sala limpa.<\/li>\n<li><strong>Laborat\u00f3rio e Pesquisa<\/strong>: Conex\u00f5es flex\u00edveis para configura\u00e7\u00f5es experimentais que exigem materiais n\u00e3o reativos.<\/li>\n<\/ul>\n<p>Com suas extremidades flangeadas e furo liso, este <strong>Mangueira revestida de PTFE com extremidades alargadas<\/strong> minimiza a turbul\u00eancia e garante taxas de fluxo ideais, aumentando a efici\u00eancia geral do sistema.<\/p>\n<h2 id=\"why-choose-teflon-x-\">Por que escolher o Teflon X?<\/h2>\n<p>Na Teflon X, somos especialistas em solu\u00e7\u00f5es de PTFE premium sob medida para aplica\u00e7\u00f5es de miss\u00e3o cr\u00edtica. Nossa <strong>Mangueira revestida de PTFE com extremidades alargadas<\/strong> \u00e9 respaldada por rigorosos testes de qualidade e um compromisso com a inova\u00e7\u00e3o. Visite-nos em <a href=\"https:\/\/teflonx.com\/pt\/\" target=\"_blank\" rel=\"noopener\">Teflon X<\/a> para explorar nossa linha completa de produtos.<\/p>\n<p>Para consultas, personaliza\u00e7\u00e3o ou or\u00e7amentos sobre <strong>Mangueira revestida de PTFE com extremidades alargadas<\/strong>, entre em contato atrav\u00e9s do nosso <a href=\"https:\/\/teflonx.com\/pt\/contate-nos\/\" target=\"_blank\" rel=\"noopener\">P\u00e1gina de contato<\/a> ou por e-mail <strong>Allison.Ye@teflonx.com<\/strong>. Nossa equipe est\u00e1 pronta para ajudar!<\/p>","protected":false},"excerpt":{"rendered":"<p>Nossa mangueira revestida de PTFE com extremidades alargadas garante um caminho de fluido puro e livre de contamina\u00e7\u00e3o. Essa mangueira revestida de PTFE de alta pureza \u00e9 ideal para aplica\u00e7\u00f5es cr\u00edticas. Obtenha um desempenho confi\u00e1vel.<\/p>","protected":false},"featured_media":1019,"comment_status":"open","ping_status":"closed","template":"","meta":{"site-sidebar-layout":"default","site-content-layout":"","ast-site-content-layout":"default","site-content-style":"default","site-sidebar-style":"default","ast-global-header-display":"","ast-banner-title-visibility":"","ast-main-header-display":"","ast-hfb-above-header-display":"","ast-hfb-below-header-display":"","ast-hfb-mobile-header-display":"","site-post-title":"","ast-breadcrumbs-content":"","ast-featured-img":"","footer-sml-layout":"","ast-disable-related-posts":"","theme-transparent-header-meta":"default","adv-header-id-meta":"","stick-header-meta":"","header-above-stick-meta":"","header-main-stick-meta":"","header-below-stick-meta":"","astra-migrate-meta-layouts":"set","ast-page-background-enabled":"default","ast-page-background-meta":{"desktop":{"background-color":"var(--ast-global-color-5)","background-image":"","background-repeat":"repeat","background-position":"center center","background-size":"auto","background-attachment":"scroll","background-type":"","background-media":"","overlay-type":"","overlay-color":"","overlay-opacity":"","overlay-gradient":""},"tablet":{"background-color":"","background-image":"","background-repeat":"repeat","background-position":"center center","background-size":"auto","background-attachment":"scroll","background-type":"","background-media":"","overlay-type":"","overlay-color":"","overlay-opacity":"","overlay-gradient":""},"mobile":{"background-color":"","background-image":"","background-repeat":"repeat","background-position":"center center","background-size":"auto","background-attachment":"scroll","background-type":"","background-media":"","overlay-type":"","overlay-color":"","overlay-opacity":"","overlay-gradient":""}},"ast-content-background-meta":{"desktop":{"background-color":"var(--ast-global-color-4)","background-image":"","background-repeat":"repeat","background-position":"center center","background-size":"auto","background-attachment":"scroll","background-type":"","background-media":"","overlay-type":"","overlay-color":"","overlay-opacity":"","overlay-gradient":""},"tablet":{"background-color":"var(--ast-global-color-4)","background-image":"","background-repeat":"repeat","background-position":"center center","background-size":"auto","background-attachment":"scroll","background-type":"","background-media":"","overlay-type":"","overlay-color":"","overlay-opacity":"","overlay-gradient":""},"mobile":{"background-color":"var(--ast-global-color-4)","background-image":"","background-repeat":"repeat","background-position":"center center","background-size":"auto","background-attachment":"scroll","background-type":"","background-media":"","overlay-type":"","overlay-color":"","overlay-opacity":"","overlay-gradient":""}}},"product_brand":[290],"product_cat":[40],"product_tag":[442,439,441,437,438,440],"class_list":{"0":"post-1018","1":"product","2":"type-product","3":"status-publish","4":"has-post-thumbnail","6":"product_brand-teflon-x","7":"product_cat-ptfe-tubes","8":"product_tag-chemical-transfer-hose","9":"product_tag-flared-end-hose","10":"product_tag-high-purity-hose","11":"product_tag-ptfe-lined-hose-with-flared-ends","12":"product_tag-ptfe-lined-tubing","13":"product_tag-smooth-bore-ptfe-hose","14":"desktop-align-left","15":"tablet-align-left","16":"mobile-align-left","18":"first","19":"instock","20":"shipping-taxable","21":"product-type-simple"},"_links":{"self":[{"href":"https:\/\/teflonx.com\/pt\/wp-json\/wp\/v2\/product\/1018","targetHints":{"allow":["GET"]}}],"collection":[{"href":"https:\/\/teflonx.com\/pt\/wp-json\/wp\/v2\/product"}],"about":[{"href":"https:\/\/teflonx.com\/pt\/wp-json\/wp\/v2\/types\/product"}],"replies":[{"embeddable":true,"href":"https:\/\/teflonx.com\/pt\/wp-json\/wp\/v2\/comments?post=1018"}],"wp:featuredmedia":[{"embeddable":true,"href":"https:\/\/teflonx.com\/pt\/wp-json\/wp\/v2\/media\/1019"}],"wp:attachment":[{"href":"https:\/\/teflonx.com\/pt\/wp-json\/wp\/v2\/media?parent=1018"}],"wp:term":[{"taxonomy":"product_brand","embeddable":true,"href":"https:\/\/teflonx.com\/pt\/wp-json\/wp\/v2\/product_brand?post=1018"},{"taxonomy":"product_cat","embeddable":true,"href":"https:\/\/teflonx.com\/pt\/wp-json\/wp\/v2\/product_cat?post=1018"},{"taxonomy":"product_tag","embeddable":true,"href":"https:\/\/teflonx.com\/pt\/wp-json\/wp\/v2\/product_tag?post=1018"}],"curies":[{"name":"wp","href":"https:\/\/api.w.org\/{rel}","templated":true}]}}