{"id":314,"date":"2025-03-22T13:35:44","date_gmt":"2025-03-22T13:35:44","guid":{"rendered":"https:\/\/teflonx.com\/?post_type=product&#038;p=314"},"modified":"2026-01-01T13:04:17","modified_gmt":"2026-01-01T13:04:17","slug":"tubo-corrugado-de-ptfe-transparente","status":"publish","type":"product","link":"https:\/\/teflonx.com\/pt\/product\/tubo-corrugado-de-ptfe-transparente\/","title":{"rendered":"Tubo corrugado de PTFE transparente de tamanho personalizado para alta press\u00e3o e calor"},"content":{"rendered":"<h1>Tubo Corrugado de PTFE Transparente em Tamanho Personalizado para Alta Press\u00e3o e Calor<\/h1>\n<p>Bem-vindo ao <strong>Teflon X<\/strong>, sua fonte principal para solu\u00e7\u00f5es avan\u00e7adas de fluoropol\u00edmeros. Temos o orgulho de apresentar nosso principal <strong>Tubo Corrugado de PTFE Transparente de Tamanho Personalizado<\/strong>, um produto revolucion\u00e1rio projetado para atender \u00e0s rigorosas exig\u00eancias da ind\u00fastria moderna. Esteja voc\u00ea lidando com produtos qu\u00edmicos agressivos, temperaturas extremas ou ambientes de alta press\u00e3o, nossas <strong>tubo de PTFE<\/strong> solu\u00e7\u00f5es s\u00e3o projetadas para oferecer desempenho e seguran\u00e7a incompar\u00e1veis.<\/p>\n<h2>Vis\u00e3o geral do produto<\/h2>\n<p>Nosso <strong>Tubo Corrugado de PTFE Transparente de Tamanho Personalizado<\/strong> n\u00e3o \u00e9 apenas uma solu\u00e7\u00e3o de tubula\u00e7\u00e3o padr\u00e3o; \u00e9 um componente cr\u00edtico para sistemas onde a falha n\u00e3o \u00e9 uma op\u00e7\u00e3o. Fabricado a partir de Politetrafluoretileno (PTFE) de alta qualidade, este <strong>tubo de teflon<\/strong> combina flexibilidade com a lend\u00e1ria in\u00e9rcia qu\u00edmica do PTFE. O design corrugado exclusivo permite um raio de curvatura reduzido sem dobras, tornando-o a escolha ideal para roteamento complexo em espa\u00e7os limitados.<\/p>\n<p>Uma das caracter\u00edsticas de destaque deste <strong>mangueira de PTFE<\/strong> \u00e9 a sua transpar\u00eancia. Ao contr\u00e1rio das mangueiras opacas padr\u00e3o, nosso design transparente permite que os operadores realizem o monitoramento visual em tempo real do fluxo, bloqueios ou bolhas de ar, aumentando significativamente a seguran\u00e7a e a efici\u00eancia operacional.<\/p>\n<h3>Principais recursos e benef\u00edcios<\/h3>\n<ul>\n<li><strong>Resist\u00eancia a temperaturas extremas:<\/strong> Capaz de operar em ambientes que variam desde baixas criog\u00eanicas de -200\u00b0C at\u00e9 altas temperaturas de 260\u00b0C.<\/li>\n<li><strong>In\u00e9rcia qu\u00edmica superior:<\/strong> Resistente a quase todos os produtos qu\u00edmicos industriais, solventes e agentes corrosivos, tornando-o um material confi\u00e1vel <strong>tubo de PTFE<\/strong> para processamento rigoroso.<\/li>\n<li><strong>Capacidade de Alta Press\u00e3o:<\/strong> Projetado para funcionar como um componente robusto <strong>mangueira de teflon de alta press\u00e3o<\/strong>, garantindo estabilidade sob estresse.<\/li>\n<li><strong>Superf\u00edcie antiaderente:<\/strong> O baixo coeficiente de atrito garante um fluxo suave e evita o ac\u00famulo de res\u00edduos, simplificando a limpeza e a manuten\u00e7\u00e3o.<\/li>\n<li><strong>Flexibilidade e Durabilidade:<\/strong> O design de convolu\u00e7\u00e3o helicoidal proporciona excelente flexibilidade e absor\u00e7\u00e3o de vibra\u00e7\u00f5es.<\/li>\n<\/ul>\n<h2>Especifica\u00e7\u00f5es T\u00e9cnicas Detalhadas<\/h2>\n<p>No <strong>Teflon X<\/strong>, entendemos que a precis\u00e3o \u00e9 fundamental. Abaixo est\u00e3o os par\u00e2metros espec\u00edficos para o nosso <strong>Tubo Corrugado de PTFE Transparente de Tamanho Personalizado<\/strong>. Por favor, revise-os para garantir a compatibilidade com o seu sistema.<\/p>\n<table style=\"width: 100%; border-collapse: collapse; border: 1px solid #ddd;\" border=\"1\" cellspacing=\"0\" cellpadding=\"10\">\n<thead style=\"background-color: #f2f2f2;\">\n<tr>\n<th>Par\u00e2metro<\/th>\n<th>Especifica\u00e7\u00e3o<\/th>\n<\/tr>\n<\/thead>\n<tbody>\n<tr>\n<td><strong>Nome do Produto<\/strong><\/td>\n<td>Tubo Corrugado de PTFE Transparente de Tamanho Personalizado<\/td>\n<\/tr>\n<tr>\n<td><strong>Material<\/strong><\/td>\n<td>100% PTFE (politetrafluoretileno) virgem<\/td>\n<\/tr>\n<tr>\n<td><strong>Faixa de temperatura<\/strong><\/td>\n<td>-200\u00b0C a +260\u00b0C (-328\u00b0F a +500\u00b0F)<\/td>\n<\/tr>\n<tr>\n<td><strong>Classifica\u00e7\u00e3o de press\u00e3o<\/strong><\/td>\n<td>Projetado para Aplica\u00e7\u00f5es de Alta Press\u00e3o (A classifica\u00e7\u00e3o espec\u00edfica depende da espessura da parede e do di\u00e2metro)<\/td>\n<\/tr>\n<tr>\n<td><strong>Apar\u00eancia<\/strong><\/td>\n<td>Transparente \/ Transl\u00facido para Monitoramento Visual do Fluxo<\/td>\n<\/tr>\n<tr>\n<td><strong>Estrutura<\/strong><\/td>\n<td>Corrugado (Convolucionado) para Flexibilidade Aprimorada<\/td>\n<\/tr>\n<tr>\n<td><strong>Personaliza\u00e7\u00e3o<\/strong><\/td>\n<td>Dispon\u00edvel em v\u00e1rios di\u00e2metros, comprimentos e espessuras de parede<\/td>\n<\/tr>\n<\/tbody>\n<\/table>\n<h2>Aplica\u00e7\u00f5es da Nossa Mangueira de Teflon de Alta Press\u00e3o<\/h2>\n<p>A versatilidade do nosso <strong>mangueira de PTFE<\/strong> torna-o um item fundamental em diversos setores. Ind\u00fastrias que dependem da pureza e durabilidade de uma alta qualidade <strong>tubo de teflon<\/strong> incluem:<\/p>\n<ol>\n<li><strong>Processamento Qu\u00edmico:<\/strong> Transfer\u00eancia segura de \u00e1cidos, bases e solventes onde mangueiras de borracha comuns falhariam.<\/li>\n<li><strong>\u00d3leo e G\u00e1s:<\/strong> utilizado como um confi\u00e1vel <strong>mangueira de teflon de alta press\u00e3o<\/strong> em equipamentos de explora\u00e7\u00e3o e refino.<\/li>\n<li><strong>Fabrica\u00e7\u00e3o de semicondutores:<\/strong> A alta pureza do nosso <strong>tubo de PTFE<\/strong> garante a aus\u00eancia de contamina\u00e7\u00e3o em processos sens\u00edveis de produ\u00e7\u00e3o de chips.<\/li>\n<li><strong>Farmac\u00eautico e Aliment\u00edcio:<\/strong> Em conformidade com as normas de higiene, garantindo que o fluido transferido permane\u00e7a puro e inalterado.<\/li>\n<li><strong>Automotivo e Aeroespacial:<\/strong> Usado para linhas de combust\u00edvel e sistemas de freio onde a resist\u00eancia ao calor e \u00e0 press\u00e3o s\u00e3o cr\u00edticas.<\/li>\n<\/ol>\n<h2>Por que escolher o Teflon X?<\/h2>\n<p>Ao procurar por um \u201c<strong>tubo de teflon<\/strong>\u201d ou \u201c<strong>mangueira de PTFE<\/strong>\u201d fornecedor, a garantia de qualidade \u00e9 fundamental. <strong>Teflon X<\/strong> utiliza tecnologia de ponta em extrus\u00e3o e corruga\u00e7\u00e3o para produzir tubos que atendem a rigorosos padr\u00f5es internacionais. Nosso compromisso com a personaliza\u00e7\u00e3o significa que n\u00e3o vendemos apenas produtos de prateleira; n\u00f3s adaptamos os nossos <strong>mangueira de teflon de alta press\u00e3o<\/strong> aos seus requisitos exatos de comprimento e di\u00e2metro.<\/p>\n<p>Esse <strong>Tubo Corrugado de PTFE Transparente de Tamanho Personalizado<\/strong> oferece excepcional resist\u00eancia qu\u00edmica e estabilidade t\u00e9rmica (-200\u00b0C a 260\u00b0C), ideal para aplica\u00e7\u00f5es industriais de alta press\u00e3o. Seu design transparente permite o monitoramento em tempo real, enquanto tamanhos personalizados garantem compatibilidade precisa. Perfeito para processamento qu\u00edmico, \u00f3leo e g\u00e1s, e ambientes de temperatura extrema.<\/p>\n<h2>Contacte-nos para Solu\u00e7\u00f5es Personalizadas<\/h2>\n<p>Voc\u00ea est\u00e1 pronto para atualizar seus sistemas de transfer\u00eancia de fluidos com o melhor <strong>tubo de PTFE<\/strong> do mercado? Quer voc\u00ea precise de um tamanho padr\u00e3o ou de uma solu\u00e7\u00e3o totalmente personalizada <strong>mangueira de teflon de alta press\u00e3o<\/strong> , nossa equipe de engenharia est\u00e1 aqui para ajud\u00e1-lo.<\/p>\n<p>Para consultas, or\u00e7amentos ou suporte t\u00e9cnico em rela\u00e7\u00e3o aos nossos <strong>mangueira de PTFE<\/strong> produtos, entre em contato conosco:<\/p>\n<ul>\n<li><strong>Visite o nosso site:<\/strong> <a href=\"https:\/\/teflonx.com\/pt\/\" target=\"_blank\" rel=\"noopener\">https:\/\/teflonx.com\/<\/a><\/li>\n<li><strong>P\u00e1gina de contato:<\/strong> <a href=\"https:\/\/teflonx.com\/pt\/contate-nos\/\" target=\"_blank\" rel=\"noopener\">Solicite um Or\u00e7amento<\/a><\/li>\n<li><strong>E-mail de Vendas:<\/strong> <a href=\"mailto:allison.ye@teflonx.com\">allison.ye@teflonx.com<\/a><\/li>\n<\/ul>\n<p>Escolha a <strong>Teflon X<\/strong> pela confiabilidade, transpar\u00eancia e desempenho em cada metro de tubo que entregamos.<\/p>","protected":false},"excerpt":{"rendered":"<p>Esse <strong>Tubo corrugado de PTFE<\/strong> oferece excepcional <strong>resist\u00eancia qu\u00edmica<\/strong> e <strong>estabilidade t\u00e9rmica<\/strong> (-200\u00b0C a 260\u00b0C), ideal para aplica\u00e7\u00f5es industriais de alta press\u00e3o. <strong>design transparente<\/strong> permite monitoramento em tempo real, enquanto <strong>tamanhos personalizados<\/strong>\u00a0Garante compatibilidade precisa. Perfeito para processamento qu\u00edmico, petr\u00f3leo e g\u00e1s e ambientes com temperaturas extremas.<\/p>","protected":false},"featured_media":326,"comment_status":"open","ping_status":"closed","template":"","meta":{"site-sidebar-layout":"default","site-content-layout":"","ast-site-content-layout":"default","site-content-style":"default","site-sidebar-style":"default","ast-global-header-display":"","ast-banner-title-visibility":"","ast-main-header-display":"","ast-hfb-above-header-display":"","ast-hfb-below-header-display":"","ast-hfb-mobile-header-display":"","site-post-title":"","ast-breadcrumbs-content":"","ast-featured-img":"","footer-sml-layout":"","ast-disable-related-posts":"","theme-transparent-header-meta":"default","adv-header-id-meta":"","stick-header-meta":"","header-above-stick-meta":"","header-main-stick-meta":"","header-below-stick-meta":"","astra-migrate-meta-layouts":"set","ast-page-background-enabled":"default","ast-page-background-meta":{"desktop":{"background-color":"var(--ast-global-color-5)","background-image":"","background-repeat":"repeat","background-position":"center center","background-size":"auto","background-attachment":"scroll","background-type":"","background-media":"","overlay-type":"","overlay-color":"","overlay-opacity":"","overlay-gradient":""},"tablet":{"background-color":"","background-image":"","background-repeat":"repeat","background-position":"center center","background-size":"auto","background-attachment":"scroll","background-type":"","background-media":"","overlay-type":"","overlay-color":"","overlay-opacity":"","overlay-gradient":""},"mobile":{"background-color":"","background-image":"","background-repeat":"repeat","background-position":"center center","background-size":"auto","background-attachment":"scroll","background-type":"","background-media":"","overlay-type":"","overlay-color":"","overlay-opacity":"","overlay-gradient":""}},"ast-content-background-meta":{"desktop":{"background-color":"var(--ast-global-color-4)","background-image":"","background-repeat":"repeat","background-position":"center center","background-size":"auto","background-attachment":"scroll","background-type":"","background-media":"","overlay-type":"","overlay-color":"","overlay-opacity":"","overlay-gradient":""},"tablet":{"background-color":"var(--ast-global-color-4)","background-image":"","background-repeat":"repeat","background-position":"center center","background-size":"auto","background-attachment":"scroll","background-type":"","background-media":"","overlay-type":"","overlay-color":"","overlay-opacity":"","overlay-gradient":""},"mobile":{"background-color":"var(--ast-global-color-4)","background-image":"","background-repeat":"repeat","background-position":"center center","background-size":"auto","background-attachment":"scroll","background-type":"","background-media":"","overlay-type":"","overlay-color":"","overlay-opacity":"","overlay-gradient":""}}},"product_brand":[290],"product_cat":[42],"product_tag":[63,62,60,61],"class_list":{"0":"post-314","1":"product","2":"type-product","3":"status-publish","4":"has-post-thumbnail","6":"product_brand-teflon-x","7":"product_cat-ptfe-corrugated-hoses","8":"product_tag-high-pressure-teflon-hose","9":"product_tag-ptfe-hose-pipe","10":"product_tag-ptfe-pipe","11":"product_tag-teflon-pipe","12":"desktop-align-left","13":"tablet-align-left","14":"mobile-align-left","16":"first","17":"instock","18":"shipping-taxable","19":"product-type-simple"},"_links":{"self":[{"href":"https:\/\/teflonx.com\/pt\/wp-json\/wp\/v2\/product\/314","targetHints":{"allow":["GET"]}}],"collection":[{"href":"https:\/\/teflonx.com\/pt\/wp-json\/wp\/v2\/product"}],"about":[{"href":"https:\/\/teflonx.com\/pt\/wp-json\/wp\/v2\/types\/product"}],"replies":[{"embeddable":true,"href":"https:\/\/teflonx.com\/pt\/wp-json\/wp\/v2\/comments?post=314"}],"wp:featuredmedia":[{"embeddable":true,"href":"https:\/\/teflonx.com\/pt\/wp-json\/wp\/v2\/media\/326"}],"wp:attachment":[{"href":"https:\/\/teflonx.com\/pt\/wp-json\/wp\/v2\/media?parent=314"}],"wp:term":[{"taxonomy":"product_brand","embeddable":true,"href":"https:\/\/teflonx.com\/pt\/wp-json\/wp\/v2\/product_brand?post=314"},{"taxonomy":"product_cat","embeddable":true,"href":"https:\/\/teflonx.com\/pt\/wp-json\/wp\/v2\/product_cat?post=314"},{"taxonomy":"product_tag","embeddable":true,"href":"https:\/\/teflonx.com\/pt\/wp-json\/wp\/v2\/product_tag?post=314"}],"curies":[{"name":"White Paper","href":"https:\/\/api.w.org\/{rel}","templated":true}]}}