{"id":332,"date":"2025-03-22T13:43:13","date_gmt":"2025-03-22T13:43:13","guid":{"rendered":"https:\/\/teflonx.com\/?post_type=product&#038;p=332"},"modified":"2026-01-01T13:09:28","modified_gmt":"2026-01-01T13:09:28","slug":"mangueira-corrugada-de-ptfe","status":"publish","type":"product","link":"https:\/\/teflonx.com\/pt\/product\/mangueira-corrugada-de-ptfe\/","title":{"rendered":"Mangueira corrugada de PTFE | Tubos resistentes a produtos qu\u00edmicos e corros\u00e3o"},"content":{"rendered":"<h1>Mangueira de PTFE Corrugado | Tubula\u00e7\u00e3o Resistente a Produtos Qu\u00edmicos e Corros\u00e3o<\/h1>\n<p>Bem-vindo ao <strong>Teflon X<\/strong>, seu parceiro de confian\u00e7a em solu\u00e7\u00f5es avan\u00e7adas de manuseio de fluidos de fluoropol\u00edmero. Temos o orgulho de apresentar nossa <strong>Mangueira de PTFE Corrugado | Tubula\u00e7\u00e3o Resistente a Produtos Qu\u00edmicos e Corros\u00e3o<\/strong>. Projetado para os ambientes industriais mais rigorosos, este produto representa o \u00e1pice da engenharia de materiais, combinando a in\u00e9rcia qu\u00edmica incompar\u00e1vel do PTFE com um design estrutural flex\u00edvel. Seja no transporte de solventes vol\u00e1teis ou no gerenciamento de fluidos criog\u00eanicos, nossa <strong>tubo de PTFE<\/strong> proporciona a confiabilidade que suas opera\u00e7\u00f5es exigem.<\/p>\n<h2>Vis\u00e3o geral do produto<\/h2>\n<p>Em ind\u00fastrias como processamento qu\u00edmico e fabrica\u00e7\u00e3o de semicondutores, a falha de equipamentos n\u00e3o \u00e9 uma op\u00e7\u00e3o. Nossa <strong>Mangueira de PTFE Corrugada<\/strong> se destaca na resist\u00eancia \u00e0 corros\u00e3o, sendo especificamente projetada para o manuseio de \u00e1cidos agressivos, \u00e1lcalis e solventes que degradariam mangueiras padr\u00e3o de borracha ou metal. O perfil corrugado (convoluto) exclusivo desta <strong>tubo de teflon<\/strong> proporciona flexibilidade excepcional, permitindo curvas em cantos apertados de equipamentos sem dobras ou colapso do caminho do fluxo.<\/p>\n<p>Al\u00e9m disso, esta tubula\u00e7\u00e3o n\u00e3o \u00e9 limitada por extremos de temperatura. Com flexibilidade superior em baixas temperaturas e toler\u00e2ncia a altas press\u00f5es, \u00e9 amplamente utilizada em equipamentos laboratoriais, ind\u00fastrias farmac\u00eauticas e fabrica\u00e7\u00e3o de semicondutores. Ela se destaca como a escolha principal para profissionais que buscam uma solu\u00e7\u00e3o robusta <strong>mangueira de teflon de alta press\u00e3o<\/strong> que n\u00e3o compromete a seguran\u00e7a ou o desempenho.<\/p>\n<h2>Principais Caracter\u00edsticas e Benef\u00edcios de Engenharia<\/h2>\n<p>Nosso <strong>mangueira de PTFE<\/strong> \u00e9 fabricada utilizando resinas de Politetrafluoretileno 100% virgens, garantindo que as propriedades do material permane\u00e7am consistentes em todo o comprimento do tubo. Os principais benef\u00edcios incluem:<\/p>\n<ul>\n<li><strong>Resist\u00eancia Qu\u00edmica Inigual\u00e1vel:<\/strong> Esse <strong>tubo de teflon<\/strong> \u00e9 virtualmente inerte a todos os produtos qu\u00edmicos industriais, incluindo oxidantes fortes, \u00e1cido n\u00edtrico e soda c\u00e1ustica. Isso evita a lixivia\u00e7\u00e3o e garante a pureza do meio transferido.<\/li>\n<li><strong>Faixa de Temperatura Extrema:<\/strong> A mangueira mant\u00e9m sua integridade mec\u00e2nica desde temperaturas criog\u00eanicas (-200 \u00b0C) at\u00e9 calor elevado (+260 \u00b0C). Ao contr\u00e1rio de outros pl\u00e1sticos que se tornam quebradi\u00e7os no frio, a nossa <strong>tubo de PTFE<\/strong> mant\u00e9m sua flexibilidade.<\/li>\n<li><strong>Toler\u00e2ncia a Alta Press\u00e3o:<\/strong> Op\u00e7\u00f5es de design refor\u00e7ado permitem que este produto funcione de forma eficaz como uma <strong>mangueira de teflon de alta press\u00e3o<\/strong>, absorvendo choques hidr\u00e1ulicos e mantendo a estabilidade sob estresse.<\/li>\n<li><strong>Superf\u00edcie antiaderente:<\/strong> O baixo coeficiente de atrito evita entupimentos e o crescimento bacteriano, tornando-o autolimpante e ideal para aplica\u00e7\u00f5es de ultra-pureza.<\/li>\n<li><strong>Absor\u00e7\u00e3o de Vibra\u00e7\u00e3o:<\/strong> A geometria corrugada atua como um amortecedor, protegendo equipamentos sens\u00edveis contra vibra\u00e7\u00f5es de bombas e expans\u00e3o t\u00e9rmica.<\/li>\n<\/ul>\n<h2>Especifica\u00e7\u00f5es t\u00e9cnicas<\/h2>\n<p>No <strong>Teflon X<\/strong>, garantimos que cada metro de tubula\u00e7\u00e3o atenda a rigorosos padr\u00f5es de qualidade. Abaixo est\u00e3o os par\u00e2metros t\u00e9cnicos para nossa tubula\u00e7\u00e3o resistente a produtos qu\u00edmicos e corros\u00e3o <strong>mangueira de PTFE<\/strong>.<\/p>\n<table style=\"width: 100%; border-collapse: collapse; border: 1px solid #ddd; margin-bottom: 20px;\" border=\"1\" cellspacing=\"0\" cellpadding=\"10\">\n<thead style=\"background-color: #f8f9fa;\">\n<tr>\n<th style=\"text-align: left;\">Par\u00e2metro<\/th>\n<th style=\"text-align: left;\">Detalhes da especifica\u00e7\u00e3o<\/th>\n<\/tr>\n<\/thead>\n<tbody>\n<tr>\n<td><strong>Nome do Produto<\/strong><\/td>\n<td>Mangueira Corrugada de PTFE (Resistente a Produtos Qu\u00edmicos e Corros\u00e3o)<\/td>\n<\/tr>\n<tr>\n<td><strong>Material<\/strong><\/td>\n<td>PTFE Virgem de Grau Premium<\/td>\n<\/tr>\n<tr>\n<td><strong>Resist\u00eancia \u00e0 corros\u00e3o<\/strong><\/td>\n<td>Excelente contra \u00c1cidos, \u00c1lcalis, Solventes e Hidrocarbonetos<\/td>\n<\/tr>\n<tr>\n<td><strong>Classifica\u00e7\u00e3o de Temperatura<\/strong><\/td>\n<td>-200\u00b0C a +260\u00b0C (-328\u00b0F a +500\u00b0F)<\/td>\n<\/tr>\n<tr>\n<td><strong>Flexibilidade<\/strong><\/td>\n<td>Alta (Baixo raio de curvatura devido \u00e0 corruga\u00e7\u00e3o helicoidal)<\/td>\n<\/tr>\n<tr>\n<td><strong>Classifica\u00e7\u00e3o de press\u00e3o<\/strong><\/td>\n<td>Alta Toler\u00e2ncia \u00e0 Press\u00e3o (A press\u00e3o de ruptura depende do di\u00e2metro e da tran\u00e7agem)<\/td>\n<\/tr>\n<tr>\n<td><strong>Conformidade com a FDA<\/strong><\/td>\n<td>Adequado para Contato Alimentar e Farmac\u00eautico<\/td>\n<\/tr>\n<\/tbody>\n<\/table>\n<h2>Aplica\u00e7\u00f5es em Ind\u00fastrias Cr\u00edticas<\/h2>\n<p>A versatilidade do nosso <strong>tubo de PTFE<\/strong> torna-o um componente essencial em diversos setores de alta tecnologia. Ao integrar nosso <strong>mangueira de teflon de alta press\u00e3o<\/strong> em seus sistemas, voc\u00ea garante a continuidade operacional e a seguran\u00e7a.<\/p>\n<h3>1. Fabrica\u00e7\u00e3o Farmac\u00eautica<\/h3>\n<p>Na produ\u00e7\u00e3o de medicamentos que salvam vidas, a pureza \u00e9 fundamental. Nosso <strong>tubo de teflon<\/strong> \u00e9 usado para transferir fluidos est\u00e9reis e ingredientes farmac\u00eauticos ativos (IFAs). A superf\u00edcie antiaderente garante que nenhum res\u00edduo seja deixado para tr\u00e1s, simplificando os processos de valida\u00e7\u00e3o de limpeza (CIP\/SIP) e prevenindo a contamina\u00e7\u00e3o cruzada.<\/p>\n<h3>2. Semicondutores e Microeletr\u00f4nica<\/h3>\n<p>A ind\u00fastria de semicondutores utiliza decapantes e solventes altamente corrosivos. Nosso <strong>mangueira de PTFE<\/strong> resiste a esses ambientes agressivos sem se degradar ou liberar \u00edons que poderiam destruir microchips. \u00c9 o padr\u00e3o ouro para sistemas de distribui\u00e7\u00e3o qu\u00edmica de alta pureza.<\/p>\n<h3>3. Equipamentos de Laborat\u00f3rio e Pesquisa<\/h3>\n<p>Os laborat\u00f3rios exigem tubula\u00e7\u00f5es vers\u00e1teis que possam lidar com uma gama de produtos qu\u00edmicos em constante mudan\u00e7a. Da cromatografia aos sistemas de resfriamento criog\u00eanico que utilizam nitrog\u00eanio l\u00edquido, nossa tubula\u00e7\u00e3o oferece a flexibilidade em baixas temperaturas necess\u00e1ria para instrumentos anal\u00edticos delicados.<\/p>\n<h3>4. Plantas de Processamento Qu\u00edmico<\/h3>\n<p>Para a transfer\u00eancia a granel de materiais perigosos, a seguran\u00e7a \u00e9 a principal preocupa\u00e7\u00e3o. Nossa tubula\u00e7\u00e3o atua como um confi\u00e1vel <strong>mangueira de teflon de alta press\u00e3o<\/strong>, fornecendo um conduto seguro para fluidos agressivos que dissolveriam rapidamente materiais inferiores.<\/p>\n<h2>Por que escolher o Teflon X?<\/h2>\n<p><strong>Teflon X<\/strong> dedica-se \u00e0 excel\u00eancia na fabrica\u00e7\u00e3o. N\u00e3o apenas vendemos tubula\u00e7\u00f5es; fornecemos solu\u00e7\u00f5es. Quando voc\u00ea procura por um \u201c<strong>tubo de teflon<\/strong>\u201d ou \u201c<strong>mangueira de PTFE<\/strong>,\u201d voc\u00ea precisa de um fornecedor que compreenda as nuances da ci\u00eancia dos pol\u00edmeros.<\/p>\n<p>Nosso processo de fabrica\u00e7\u00e3o garante que as corruga\u00e7\u00f5es sejam uniformes, proporcionando flexibilidade e resist\u00eancia \u00e0 press\u00e3o consistentes ao longo de todo o conjunto. Oferecemos comprimentos personalizados, v\u00e1rios di\u00e2metros e podemos equipar sua mangueira com conex\u00f5es espec\u00edficas para corresponder \u00e0 sua infraestrutura existente. Ao escolher nosso <strong>mangueira de teflon de alta press\u00e3o<\/strong>, voc\u00ea est\u00e1 investindo em longevidade e redu\u00e7\u00e3o de custos de manuten\u00e7\u00e3o.<\/p>\n<h2>Contacte-nos para Solu\u00e7\u00f5es Personalizadas<\/h2>\n<p>Voc\u00ea est\u00e1 pronto para aumentar a seguran\u00e7a e a efici\u00eancia de sua instala\u00e7\u00e3o com o melhor <strong>Mangueira de PTFE Corrugada<\/strong> do mercado? Nossa equipe de engenheiros est\u00e1 pronta para ajud\u00e1-lo na sele\u00e7\u00e3o e personaliza\u00e7\u00e3o.<\/p>\n<p>Para mais informa\u00e7\u00f5es, pre\u00e7os ou fichas t\u00e9cnicas relativas ao nosso <strong>tubo de PTFE<\/strong> produtos, entre em contato conosco:<\/p>\n<ul>\n<li><strong>Visite o nosso site oficial:<\/strong> <a href=\"https:\/\/teflonx.com\/pt\/\" target=\"_blank\" rel=\"noopener\">https:\/\/teflonx.com\/<\/a><\/li>\n<li><strong>Solicite um or\u00e7amento:<\/strong> <a href=\"https:\/\/teflonx.com\/pt\/contate-nos\/\" target=\"_blank\" rel=\"noopener\">P\u00e1gina de Contato<\/a><\/li>\n<li><strong>E-mail de Suporte de Vendas:<\/strong> <a href=\"mailto:allison.ye@teflonx.com\">allison.ye@teflonx.com<\/a><\/li>\n<\/ul>\n<p>Confie na <strong>Teflon X<\/strong> para qualidade e desempenho superiores em cada conex\u00e3o.<\/p>","protected":false},"excerpt":{"rendered":"<p>Nosso <strong>Mangueira corrugada de PTFE<\/strong> se destaca em <strong>resist\u00eancia \u00e0 corros\u00e3o<\/strong>, manuseando \u00e1cidos, \u00e1lcalis e solventes agressivos. Com <strong>flexibilidade em baixa temperatura<\/strong> e <strong>toler\u00e2ncia a alta press\u00e3o<\/strong>, \u00e9 amplamente utilizado em equipamentos de laborat\u00f3rio, ind\u00fastrias farmac\u00eauticas e fabrica\u00e7\u00e3o de semicondutores.<\/p>","protected":false},"featured_media":324,"comment_status":"open","ping_status":"closed","template":"","meta":{"site-sidebar-layout":"default","site-content-layout":"","ast-site-content-layout":"default","site-content-style":"default","site-sidebar-style":"default","ast-global-header-display":"","ast-banner-title-visibility":"","ast-main-header-display":"","ast-hfb-above-header-display":"","ast-hfb-below-header-display":"","ast-hfb-mobile-header-display":"","site-post-title":"","ast-breadcrumbs-content":"","ast-featured-img":"","footer-sml-layout":"","ast-disable-related-posts":"","theme-transparent-header-meta":"default","adv-header-id-meta":"","stick-header-meta":"","header-above-stick-meta":"","header-main-stick-meta":"","header-below-stick-meta":"","astra-migrate-meta-layouts":"set","ast-page-background-enabled":"default","ast-page-background-meta":{"desktop":{"background-color":"var(--ast-global-color-5)","background-image":"","background-repeat":"repeat","background-position":"center center","background-size":"auto","background-attachment":"scroll","background-type":"","background-media":"","overlay-type":"","overlay-color":"","overlay-opacity":"","overlay-gradient":""},"tablet":{"background-color":"","background-image":"","background-repeat":"repeat","background-position":"center center","background-size":"auto","background-attachment":"scroll","background-type":"","background-media":"","overlay-type":"","overlay-color":"","overlay-opacity":"","overlay-gradient":""},"mobile":{"background-color":"","background-image":"","background-repeat":"repeat","background-position":"center center","background-size":"auto","background-attachment":"scroll","background-type":"","background-media":"","overlay-type":"","overlay-color":"","overlay-opacity":"","overlay-gradient":""}},"ast-content-background-meta":{"desktop":{"background-color":"var(--ast-global-color-4)","background-image":"","background-repeat":"repeat","background-position":"center center","background-size":"auto","background-attachment":"scroll","background-type":"","background-media":"","overlay-type":"","overlay-color":"","overlay-opacity":"","overlay-gradient":""},"tablet":{"background-color":"var(--ast-global-color-4)","background-image":"","background-repeat":"repeat","background-position":"center center","background-size":"auto","background-attachment":"scroll","background-type":"","background-media":"","overlay-type":"","overlay-color":"","overlay-opacity":"","overlay-gradient":""},"mobile":{"background-color":"var(--ast-global-color-4)","background-image":"","background-repeat":"repeat","background-position":"center center","background-size":"auto","background-attachment":"scroll","background-type":"","background-media":"","overlay-type":"","overlay-color":"","overlay-opacity":"","overlay-gradient":""}}},"product_brand":[290],"product_cat":[42],"product_tag":[63,62,60,61],"class_list":{"0":"post-332","1":"product","2":"type-product","3":"status-publish","4":"has-post-thumbnail","6":"product_brand-teflon-x","7":"product_cat-ptfe-corrugated-hoses","8":"product_tag-high-pressure-teflon-hose","9":"product_tag-ptfe-hose-pipe","10":"product_tag-ptfe-pipe","11":"product_tag-teflon-pipe","12":"desktop-align-left","13":"tablet-align-left","14":"mobile-align-left","16":"first","17":"instock","18":"shipping-taxable","19":"product-type-simple"},"_links":{"self":[{"href":"https:\/\/teflonx.com\/pt\/wp-json\/wp\/v2\/product\/332","targetHints":{"allow":["GET"]}}],"collection":[{"href":"https:\/\/teflonx.com\/pt\/wp-json\/wp\/v2\/product"}],"about":[{"href":"https:\/\/teflonx.com\/pt\/wp-json\/wp\/v2\/types\/product"}],"replies":[{"embeddable":true,"href":"https:\/\/teflonx.com\/pt\/wp-json\/wp\/v2\/comments?post=332"}],"wp:featuredmedia":[{"embeddable":true,"href":"https:\/\/teflonx.com\/pt\/wp-json\/wp\/v2\/media\/324"}],"wp:attachment":[{"href":"https:\/\/teflonx.com\/pt\/wp-json\/wp\/v2\/media?parent=332"}],"wp:term":[{"taxonomy":"product_brand","embeddable":true,"href":"https:\/\/teflonx.com\/pt\/wp-json\/wp\/v2\/product_brand?post=332"},{"taxonomy":"product_cat","embeddable":true,"href":"https:\/\/teflonx.com\/pt\/wp-json\/wp\/v2\/product_cat?post=332"},{"taxonomy":"product_tag","embeddable":true,"href":"https:\/\/teflonx.com\/pt\/wp-json\/wp\/v2\/product_tag?post=332"}],"curies":[{"name":"White Paper","href":"https:\/\/api.w.org\/{rel}","templated":true}]}}