{"id":337,"date":"2025-03-22T14:54:40","date_gmt":"2025-03-22T14:54:40","guid":{"rendered":"https:\/\/teflonx.com\/?post_type=product&#038;p=337"},"modified":"2025-12-04T12:13:46","modified_gmt":"2025-12-04T12:13:46","slug":"tubo-termorretratil-de-pfa-transparente","status":"publish","type":"product","link":"https:\/\/teflonx.com\/pt\/product\/tubo-termorretratil-de-pfa-transparente\/","title":{"rendered":"Tubo termoencolh\u00edvel de PFA transparente para conectores el\u00e9tricos \u2013 resistente a altas temperaturas"},"content":{"rendered":"<h2 id=\"product-overview\">Vis\u00e3o geral do produto<\/h2>\n<p>Descubra o desempenho superior do <strong>Tubo termorretr\u00e1til de PFA transparente<\/strong> de Teflon X, projetados para proporcionar confiabilidade inigual\u00e1vel em aplica\u00e7\u00f5es exigentes. Nossos <strong>Tubo termorretr\u00e1til de PFA transparente<\/strong> oferece transpar\u00eancia excepcional, permitindo f\u00e1cil inspe\u00e7\u00e3o visual dos componentes subjacentes e, ao mesmo tempo, proporcionando isolamento e prote\u00e7\u00e3o robustos. Ideal para conectores el\u00e9tricos, essa solu\u00e7\u00e3o resistente a altas temperaturas se destaca em ambientes extremos, garantindo durabilidade e seguran\u00e7a a longo prazo. Com seu baixo coeficiente de atrito e propriedades resistentes \u00e0 corros\u00e3o, <strong>Tubo termorretr\u00e1til de PFA transparente<\/strong> evita o ac\u00famulo de contamina\u00e7\u00e3o e prolonga a vida \u00fatil, tornando-o a escolha preferida dos setores que exigem materiais antiaderentes e f\u00e1ceis de limpar.<\/p>\n<p>Na Teflon X, somos especializados em produtos premium de fluoropol\u00edmero, fornecendo <strong>Tubo termorretr\u00e1til de PFA transparente<\/strong> que atende aos mais altos padr\u00f5es de resist\u00eancia qu\u00edmica, estabilidade aos raios UV e isolamento el\u00e9trico. Visite nosso site em <a href=\"https:\/\/teflonx.com\/pt\/\" target=\"_blank\" rel=\"noopener\">https:\/\/teflonx.com\/<\/a> para explorar nossa linha completa, ou entre em contato conosco por meio de nosso <a href=\"https:\/\/teflonx.com\/pt\/contate-nos\/\" target=\"_blank\" rel=\"noopener\">P\u00e1gina de contato<\/a> ou por e-mail <a href=\"mailto:Allison.Ye@teflonx.com\" target=\"_blank\" rel=\"noopener\"><strong>Allison.Ye@teflonx.com<\/strong><\/a> para obter assist\u00eancia personalizada.<\/p>\n<h2 id=\"key-features\">Principais caracter\u00edsticas<\/h2>\n<ul>\n<li><strong>Alta transpar\u00eancia<\/strong>: Visibilidade cristalina para montagem e monitoramento precisos, uma marca registrada do nosso <strong>Tubo termorretr\u00e1til de PFA transparente<\/strong>.<\/li>\n<li><strong>Resist\u00eancia a temperaturas extremas<\/strong>: Opera de forma confi\u00e1vel de -200\u00b0C a +260\u00b0C continuamente, com exposi\u00e7\u00e3o de curto prazo de at\u00e9 300\u00b0C, perfeito para ambientes de alta temperatura.<\/li>\n<li><strong>Resist\u00eancia qu\u00edmica superior<\/strong>: Resiste a \u00e1cidos, bases, solventes e produtos qu\u00edmicos agressivos sem degrada\u00e7\u00e3o.<\/li>\n<li><strong>Excelente isolamento el\u00e9trico<\/strong>: A alta resist\u00eancia diel\u00e9trica garante um desempenho seguro em conectores el\u00e9tricos e chicotes de fia\u00e7\u00e3o.<\/li>\n<li><strong>Superf\u00edcie antiaderente e de baixo atrito<\/strong>: Reduz o desgaste e facilita a instala\u00e7\u00e3o e a manuten\u00e7\u00e3o de <strong>Tubo termorretr\u00e1til de PFA transparente<\/strong>.<\/li>\n<li><strong>Resist\u00eancia \u00e0 corros\u00e3o e aos raios UV<\/strong>: Prolonga a vida \u00fatil em ambientes industriais adversos, inclusive em aplica\u00e7\u00f5es externas ou mar\u00edtimas.<\/li>\n<li><strong>Alta pureza e baixa lixivia\u00e7\u00e3o<\/strong>: Ideal para aplica\u00e7\u00f5es sens\u00edveis, como fabrica\u00e7\u00e3o de semicondutores e dispositivos m\u00e9dicos.<\/li>\n<li><strong>Taxa de encolhimento flex\u00edvel<\/strong>: Normalmente, 2:1, o que permite um dimensionamento vers\u00e1til e um ajuste seguro em formas irregulares.<\/li>\n<\/ul>\n<h2 id=\"technical-specifications\">Especifica\u00e7\u00f5es t\u00e9cnicas<\/h2>\n<p>Nosso <strong>Tubo termorretr\u00e1til de PFA transparente<\/strong> est\u00e1 dispon\u00edvel em v\u00e1rios tamanhos e configura\u00e7\u00f5es para atender \u00e0s suas necessidades. Veja abaixo uma tabela de par\u00e2metros padr\u00e3o:<\/p>\n<table>\n<thead>\n<tr>\n<th>Par\u00e2metro<\/th>\n<th>Especifica\u00e7\u00e3o<\/th>\n<th>Notas<\/th>\n<\/tr>\n<\/thead>\n<tbody>\n<tr>\n<td><strong>Material<\/strong><\/td>\n<td>Perfluoroalcoxi (PFA)<\/td>\n<td>Fluoropol\u00edmero para desempenho superior<\/td>\n<\/tr>\n<tr>\n<td><strong>Cor<\/strong><\/td>\n<td>Claro\/Transparente<\/td>\n<td>Alta clareza \u00f3ptica para inspe\u00e7\u00e3o visual<\/td>\n<\/tr>\n<tr>\n<td><strong>Taxa de encolhimento<\/strong><\/td>\n<td>2:1<\/td>\n<td>Expande-se para se ajustar aos componentes, encolhendo at\u00e9 50% do di\u00e2metro original<\/td>\n<\/tr>\n<tr>\n<td><strong>Temperatura operacional<\/strong><\/td>\n<td>-200\u00b0C a +260\u00b0C (cont\u00ednuo)<\/td>\n<td>Curto prazo at\u00e9 +300\u00b0C; adequado para usos criog\u00eanicos e de alta temperatura<\/td>\n<\/tr>\n<tr>\n<td><strong>Temperatura de encolhimento<\/strong><\/td>\n<td>150\u00b0C - 200\u00b0C<\/td>\n<td>Recupera\u00e7\u00e3o r\u00e1pida com fontes de calor padr\u00e3o, como pistolas de ar quente<\/td>\n<\/tr>\n<tr>\n<td><strong>Rigidez Diel\u00e9trica<\/strong><\/td>\n<td>&gt;15 kV\/mm<\/td>\n<td>Excelente isolamento para aplica\u00e7\u00f5es de alta tens\u00e3o<\/td>\n<\/tr>\n<tr>\n<td><strong>Resist\u00eancia \u00e0 trac\u00e7\u00e3o<\/strong><\/td>\n<td>\u226525 MPa<\/td>\n<td>Alta durabilidade mec\u00e2nica<\/td>\n<\/tr>\n<tr>\n<td><strong>Alongamento na ruptura<\/strong><\/td>\n<td>\u2265300%<\/td>\n<td>Flex\u00edvel e resistente a rachaduras<\/td>\n<\/tr>\n<tr>\n<td><strong>Dureza (Shore D)<\/strong><\/td>\n<td>55 &#8211; 65<\/td>\n<td>Equil\u00edbrio entre flexibilidade e rigidez<\/td>\n<\/tr>\n<tr>\n<td><strong>Gravidade espec\u00edfica<\/strong><\/td>\n<td>2,15 g\/cm\u00b3<\/td>\n<td>Leve e robusto<\/td>\n<\/tr>\n<tr>\n<td><strong>Inflamabilidade<\/strong><\/td>\n<td>UL 224 VW-1<\/td>\n<td>Autoextingu\u00edvel, baixa gera\u00e7\u00e3o de fuma\u00e7a<\/td>\n<\/tr>\n<tr>\n<td><strong>Tamanhos padr\u00e3o (ID)<\/strong><\/td>\n<td>1,0 mm - 50 mm<\/td>\n<td>Tamanhos personalizados dispon\u00edveis mediante solicita\u00e7\u00e3o<\/td>\n<\/tr>\n<tr>\n<td><strong>Espessura da parede (recuperada)<\/strong><\/td>\n<td>0,2 mm - 2,0 mm<\/td>\n<td>Paredes finas para projetos com restri\u00e7\u00f5es de espa\u00e7o<\/td>\n<\/tr>\n<\/tbody>\n<\/table>\n<p><em>Observa\u00e7\u00e3o: As especifica\u00e7\u00f5es s\u00e3o baseadas em m\u00e9todos de teste padr\u00e3o (por exemplo, ASTM D2671). Para obter valores exatos adaptados \u00e0 sua aplica\u00e7\u00e3o, entre em contato com a Teflon X.<\/em><\/p>\n<h2 id=\"applications\">Aplica\u00e7\u00f5es<\/h2>\n<p><strong>Tubo termorretr\u00e1til de PFA transparente<\/strong> \u00e9 vers\u00e1til em v\u00e1rios setores:<\/p>\n<ul>\n<li><strong>El\u00e9trica e eletr\u00f4nica<\/strong>: Isolamento de conectores, chicotes de fios e placas de circuito em sistemas de alta confiabilidade.<\/li>\n<li><strong>Automotivo e aeroespacial<\/strong>: Prote\u00e7\u00e3o de componentes contra calor, vibra\u00e7\u00e3o e produtos qu\u00edmicos em motores e avi\u00f4nicos.<\/li>\n<li><strong>Processamento qu\u00edmico<\/strong>: Revestimento de tubos e v\u00e1lvulas para resist\u00eancia \u00e0 corros\u00e3o em ambientes de fluidos agressivos.<\/li>\n<li><strong>M\u00e9dico e laborat\u00f3rio<\/strong>: Tubula\u00e7\u00e3o de alta pureza para equipamentos est\u00e9reis e linhas de transfer\u00eancia de fluidos.<\/li>\n<li><strong>Semicondutores e processamento de alimentos<\/strong>: Garante opera\u00e7\u00f5es livres de contamina\u00e7\u00e3o com suas propriedades antiaderentes e de baixo n\u00edvel de lixivia\u00e7\u00e3o.<\/li>\n<\/ul>\n<p>Teflon X&#039;s <strong>Tubo termorretr\u00e1til de PFA transparente<\/strong> \u00e9 compat\u00edvel com os padr\u00f5es SEMI F-57 para aplica\u00e7\u00f5es de alta pureza, o que o torna uma solu\u00e7\u00e3o ideal para os setores de precis\u00e3o.<\/p>\n<h2 id=\"why-choose-teflon-x-s-clear-pfa-heat-shrink-tubing-\">Por que escolher os tubos termoencolh\u00edveis de PFA transparente da Teflon X?<\/h2>\n<p>Com d\u00e9cadas de experi\u00eancia em fluoropol\u00edmeros, o Teflon X oferece <strong>Tubo termorretr\u00e1til de PFA transparente<\/strong> que supera os concorrentes em transpar\u00eancia, estabilidade t\u00e9rmica e longevidade. Nosso compromisso com a qualidade garante que cada bobina atenda \u00e0s rigorosas certifica\u00e7\u00f5es ISO, proporcionando tranquilidade para seus projetos. Pronto para aprimorar suas montagens? Entre em contato hoje mesmo com <a href=\"mailto:Allison.Ye@teflonx.com\" target=\"_blank\" rel=\"noopener\"><strong>Allison.Ye@teflonx.com<\/strong><\/a> ou por meio de <a href=\"https:\/\/teflonx.com\/pt\/contate-nos\/\" target=\"_blank\" rel=\"noopener\">https:\/\/teflonx.com\/contact-us\/<\/a>.<\/p>\n<hr \/>","protected":false},"excerpt":{"rendered":"<p>Tubos termoencolh\u00edveis de PFA transparente proporcionam isolamento superior para conectores el\u00e9tricos e componentes industriais. Com alta transpar\u00eancia e resist\u00eancia \u00e0 temperatura (-40 \u00b0C a 260 \u00b0C), garantem durabilidade a longo prazo em ambientes extremos. O baixo coeficiente de atrito previne o ac\u00famulo de contamina\u00e7\u00e3o, enquanto a resist\u00eancia \u00e0 corros\u00e3o prolonga a vida \u00fatil. Ideal para as ind\u00fastrias automotiva, aeroespacial e qu\u00edmica que exigem solu\u00e7\u00f5es antiaderentes e f\u00e1ceis de limpar.<\/p>","protected":false},"featured_media":338,"comment_status":"open","ping_status":"closed","template":"","meta":{"site-sidebar-layout":"default","site-content-layout":"","ast-site-content-layout":"default","site-content-style":"default","site-sidebar-style":"default","ast-global-header-display":"","ast-banner-title-visibility":"","ast-main-header-display":"","ast-hfb-above-header-display":"","ast-hfb-below-header-display":"","ast-hfb-mobile-header-display":"","site-post-title":"","ast-breadcrumbs-content":"","ast-featured-img":"","footer-sml-layout":"","ast-disable-related-posts":"","theme-transparent-header-meta":"default","adv-header-id-meta":"","stick-header-meta":"","header-above-stick-meta":"","header-main-stick-meta":"","header-below-stick-meta":"","astra-migrate-meta-layouts":"set","ast-page-background-enabled":"default","ast-page-background-meta":{"desktop":{"background-color":"var(--ast-global-color-5)","background-image":"","background-repeat":"repeat","background-position":"center center","background-size":"auto","background-attachment":"scroll","background-type":"","background-media":"","overlay-type":"","overlay-color":"","overlay-opacity":"","overlay-gradient":""},"tablet":{"background-color":"","background-image":"","background-repeat":"repeat","background-position":"center center","background-size":"auto","background-attachment":"scroll","background-type":"","background-media":"","overlay-type":"","overlay-color":"","overlay-opacity":"","overlay-gradient":""},"mobile":{"background-color":"","background-image":"","background-repeat":"repeat","background-position":"center center","background-size":"auto","background-attachment":"scroll","background-type":"","background-media":"","overlay-type":"","overlay-color":"","overlay-opacity":"","overlay-gradient":""}},"ast-content-background-meta":{"desktop":{"background-color":"var(--ast-global-color-4)","background-image":"","background-repeat":"repeat","background-position":"center center","background-size":"auto","background-attachment":"scroll","background-type":"","background-media":"","overlay-type":"","overlay-color":"","overlay-opacity":"","overlay-gradient":""},"tablet":{"background-color":"var(--ast-global-color-4)","background-image":"","background-repeat":"repeat","background-position":"center center","background-size":"auto","background-attachment":"scroll","background-type":"","background-media":"","overlay-type":"","overlay-color":"","overlay-opacity":"","overlay-gradient":""},"mobile":{"background-color":"var(--ast-global-color-4)","background-image":"","background-repeat":"repeat","background-position":"center center","background-size":"auto","background-attachment":"scroll","background-type":"","background-media":"","overlay-type":"","overlay-color":"","overlay-opacity":"","overlay-gradient":""}}},"product_brand":[290],"product_cat":[488],"product_tag":[65,64,67,66],"class_list":{"0":"post-337","1":"product","2":"type-product","3":"status-publish","4":"has-post-thumbnail","6":"product_brand-teflon-x","7":"product_cat-pfa-heat-shrink-tubing","8":"product_tag-clear-heat-shrink","9":"product_tag-clear-heat-shrink-tubing","10":"product_tag-heat-shrink-connectors","11":"product_tag-transparent-shrink-tube","12":"desktop-align-left","13":"tablet-align-left","14":"mobile-align-left","16":"first","17":"instock","18":"shipping-taxable","19":"product-type-simple"},"_links":{"self":[{"href":"https:\/\/teflonx.com\/pt\/wp-json\/wp\/v2\/product\/337","targetHints":{"allow":["GET"]}}],"collection":[{"href":"https:\/\/teflonx.com\/pt\/wp-json\/wp\/v2\/product"}],"about":[{"href":"https:\/\/teflonx.com\/pt\/wp-json\/wp\/v2\/types\/product"}],"replies":[{"embeddable":true,"href":"https:\/\/teflonx.com\/pt\/wp-json\/wp\/v2\/comments?post=337"}],"wp:featuredmedia":[{"embeddable":true,"href":"https:\/\/teflonx.com\/pt\/wp-json\/wp\/v2\/media\/338"}],"wp:attachment":[{"href":"https:\/\/teflonx.com\/pt\/wp-json\/wp\/v2\/media?parent=337"}],"wp:term":[{"taxonomy":"product_brand","embeddable":true,"href":"https:\/\/teflonx.com\/pt\/wp-json\/wp\/v2\/product_brand?post=337"},{"taxonomy":"product_cat","embeddable":true,"href":"https:\/\/teflonx.com\/pt\/wp-json\/wp\/v2\/product_cat?post=337"},{"taxonomy":"product_tag","embeddable":true,"href":"https:\/\/teflonx.com\/pt\/wp-json\/wp\/v2\/product_tag?post=337"}],"curies":[{"name":"wp","href":"https:\/\/api.w.org\/{rel}","templated":true}]}}