{"id":371,"date":"2025-03-25T15:16:16","date_gmt":"2025-03-25T15:16:16","guid":{"rendered":"https:\/\/teflonx.com\/?post_type=product&#038;p=371"},"modified":"2025-12-04T13:18:29","modified_gmt":"2025-12-04T13:18:29","slug":"tubo-retratil-pfa","status":"publish","type":"product","link":"https:\/\/teflonx.com\/pt\/product\/tubo-retratil-pfa\/","title":{"rendered":"Tubo retr\u00e1til de PFA ultratransparente \u2013 resistente a produtos qu\u00edmicos e ao calor"},"content":{"rendered":"<h2 id=\"product-overview\">Vis\u00e3o geral do produto<\/h2>\n<p>Desbloqueie uma prote\u00e7\u00e3o inigual\u00e1vel com o Teflon X <strong>Tubo retr\u00e1til de PFA<\/strong>com constru\u00e7\u00e3o em PFA ultra-transparente para excepcional resist\u00eancia qu\u00edmica e t\u00e9rmica nas aplica\u00e7\u00f5es mais cr\u00edticas. Nossos <strong>Tubo retr\u00e1til de PFA<\/strong> oferece resist\u00eancia diel\u00e9trica inigual\u00e1vel para proteger eletr\u00f4nicos sens\u00edveis em laborat\u00f3rios e usinas de energia, enquanto sua flexibilidade inerente acomoda formas irregulares para um ajuste perfeito. A superf\u00edcie antiaderente desse <strong>Tubo retr\u00e1til de PFA<\/strong> resiste a contaminantes industriais, garantindo longevidade e facilidade de manuten\u00e7\u00e3o em ambientes exigentes. Com uma faixa de temperatura robusta de -200\u00b0C a 260\u00b0C, o Teflon X <strong>Tubo retr\u00e1til de PFA<\/strong> \u00e9 confi\u00e1vel para a fabrica\u00e7\u00e3o aeroespacial e de semicondutores, onde alta clareza e confiabilidade n\u00e3o s\u00e3o negoci\u00e1veis.<\/p>\n<p>O Teflon X \u00e9 l\u00edder em solu\u00e7\u00f5es de fluoropol\u00edmero, fornecendo <strong>Tubo retr\u00e1til de PFA<\/strong> que combina transpar\u00eancia, durabilidade e desempenho. Explore nossas ofertas em <a href=\"https:\/\/teflonx.com\/pt\/\" target=\"_blank\" rel=\"noopener\">https:\/\/teflonx.com\/<\/a>ou entre em contato conosco por meio do <a href=\"https:\/\/teflonx.com\/pt\/contate-nos\/\" target=\"_blank\" rel=\"noopener\">P\u00e1gina de contato<\/a> ou por e-mail <a href=\"mailto:Allison.Ye@teflonx.com\" target=\"_blank\" rel=\"noopener\"><strong>Allison.Ye@teflonx.com<\/strong><\/a> para obter suporte especializado em <strong>Tubo retr\u00e1til de PFA<\/strong> integra\u00e7\u00e3o.<\/p>\n<h2 id=\"key-features\">Principais caracter\u00edsticas<\/h2>\n<ul>\n<li><strong>Claridade ultra-transparente<\/strong>: Transpar\u00eancia \u00f3ptica superior em <strong>Tubo retr\u00e1til de PFA<\/strong> permite a inspe\u00e7\u00e3o visual precisa de componentes fechados sem a necessidade de desmontagem.<\/li>\n<li><strong>Resist\u00eancia qu\u00edmica excepcional<\/strong>: Praticamente imperme\u00e1vel a \u00e1cidos, bases, solventes e produtos qu\u00edmicos agressivos, tornando <strong>Tubo retr\u00e1til de PFA<\/strong> ideal para ambientes industriais corrosivos.<\/li>\n<li><strong>Alta resist\u00eancia ao calor<\/strong>: Opera\u00e7\u00e3o cont\u00ednua de -200\u00b0C a +260\u00b0C, com exposi\u00e7\u00e3o de curto prazo de at\u00e9 300\u00b0C, para um funcionamento confi\u00e1vel. <strong>Tubo retr\u00e1til de PFA<\/strong> desempenho em condi\u00e7\u00f5es t\u00e9rmicas extremas.<\/li>\n<li><strong>Alta resist\u00eancia diel\u00e9trica<\/strong>: Fornece excelente isolamento el\u00e9trico para proteger os componentes eletr\u00f4nicos sens\u00edveis dentro de casa <strong>Tubo retr\u00e1til de PFA<\/strong> aplica\u00e7\u00f5es.<\/li>\n<li><strong>Design flex\u00edvel e em conformidade<\/strong>: Adapta-se facilmente a formas irregulares com uma propor\u00e7\u00e3o de encolhimento de 2:1, garantindo uma veda\u00e7\u00e3o firme em ambientes vers\u00e1teis <strong>Tubo retr\u00e1til de PFA<\/strong> usos.<\/li>\n<li><strong>Superf\u00edcie antiaderente e de baixo atrito<\/strong>: Evita a ader\u00eancia de contaminantes e simplifica a limpeza, uma das principais vantagens do nosso <strong>Tubo retr\u00e1til de PFA<\/strong>.<\/li>\n<li><strong>Resist\u00eancia aos raios UV e \u00e0 abras\u00e3o<\/strong>: Mant\u00e9m a integridade estrutural e a nitidez em ambientes externos ou de alto desgaste para maior durabilidade <strong>Tubo retr\u00e1til de PFA<\/strong> instala\u00e7\u00f5es.<\/li>\n<li><strong>Retardante de chamas e de alta pureza<\/strong>: Atende aos padr\u00f5es UL com baixo vazamento, adequado para salas limpas e de alta pureza <strong>Tubo retr\u00e1til de PFA<\/strong> Requisitos.<\/li>\n<li><strong>Durabilidade mec\u00e2nica<\/strong>: Alta resist\u00eancia \u00e0 tra\u00e7\u00e3o e alongamento garantem <strong>Tubo retr\u00e1til de PFA<\/strong> resiste a tens\u00f5es mec\u00e2nicas sem rachaduras.<\/li>\n<\/ul>\n<h2 id=\"technical-specifications\">Especifica\u00e7\u00f5es t\u00e9cnicas<\/h2>\n<p>Teflon X&#039;s <strong>Tubo retr\u00e1til de PFA<\/strong> \u00e9 projetado de acordo com os mais altos padr\u00f5es de precis\u00e3o e confiabilidade. Abaixo est\u00e1 uma tabela detalhada dos principais par\u00e2metros:<\/p>\n<table>\n<thead>\n<tr>\n<th>Par\u00e2metro<\/th>\n<th>Especifica\u00e7\u00e3o<\/th>\n<th>Notas<\/th>\n<\/tr>\n<\/thead>\n<tbody>\n<tr>\n<td><strong>Material<\/strong><\/td>\n<td>Perfluoroalcoxi (PFA)<\/td>\n<td>Fluoropol\u00edmero para desempenho superior<\/td>\n<\/tr>\n<tr>\n<td><strong>Cor<\/strong><\/td>\n<td>Claro\/Transparente<\/td>\n<td>Alta clareza \u00f3ptica para inspe\u00e7\u00e3o visual<\/td>\n<\/tr>\n<tr>\n<td><strong>Taxa de encolhimento<\/strong><\/td>\n<td>2:1<\/td>\n<td>Expande-se para se ajustar aos componentes, encolhendo at\u00e9 50% do di\u00e2metro original<\/td>\n<\/tr>\n<tr>\n<td><strong>Temperatura operacional<\/strong><\/td>\n<td>-200\u00b0C a +260\u00b0C (cont\u00ednuo)<\/td>\n<td>Curto prazo at\u00e9 +300\u00b0C; adequado para usos criog\u00eanicos e de alta temperatura<\/td>\n<\/tr>\n<tr>\n<td><strong>Temperatura de encolhimento<\/strong><\/td>\n<td>150\u00b0C - 200\u00b0C<\/td>\n<td>Recupera\u00e7\u00e3o r\u00e1pida com fontes de calor padr\u00e3o, como pistolas de ar quente<\/td>\n<\/tr>\n<tr>\n<td><strong>Rigidez Diel\u00e9trica<\/strong><\/td>\n<td>&gt;15 kV\/mm<\/td>\n<td>Excelente isolamento para aplica\u00e7\u00f5es de alta tens\u00e3o<\/td>\n<\/tr>\n<tr>\n<td><strong>Resist\u00eancia \u00e0 trac\u00e7\u00e3o<\/strong><\/td>\n<td>\u226525 MPa<\/td>\n<td>Alta durabilidade mec\u00e2nica<\/td>\n<\/tr>\n<tr>\n<td><strong>Alongamento na ruptura<\/strong><\/td>\n<td>\u2265300%<\/td>\n<td>Flex\u00edvel e resistente a rachaduras<\/td>\n<\/tr>\n<tr>\n<td><strong>Dureza (Shore D)<\/strong><\/td>\n<td>55 &#8211; 65<\/td>\n<td>Equil\u00edbrio entre flexibilidade e rigidez<\/td>\n<\/tr>\n<tr>\n<td><strong>Gravidade espec\u00edfica<\/strong><\/td>\n<td>2,15 g\/cm\u00b3<\/td>\n<td>Leve e robusto<\/td>\n<\/tr>\n<tr>\n<td><strong>Inflamabilidade<\/strong><\/td>\n<td>UL 224 VW-1<\/td>\n<td>Autoextingu\u00edvel, baixa gera\u00e7\u00e3o de fuma\u00e7a<\/td>\n<\/tr>\n<tr>\n<td><strong>Tamanhos padr\u00e3o (ID)<\/strong><\/td>\n<td>1,0 mm - 50 mm<\/td>\n<td>Tamanhos personalizados dispon\u00edveis mediante solicita\u00e7\u00e3o<\/td>\n<\/tr>\n<tr>\n<td><strong>Espessura da parede (recuperada)<\/strong><\/td>\n<td>0,2 mm - 2,0 mm<\/td>\n<td>Paredes finas para projetos com restri\u00e7\u00f5es de espa\u00e7o<\/td>\n<\/tr>\n<\/tbody>\n<\/table>\n<p><em>Observa\u00e7\u00e3o: As especifica\u00e7\u00f5es s\u00e3o baseadas em m\u00e9todos de teste padr\u00e3o (por exemplo, ASTM D2671). Para obter valores exatos adaptados \u00e0 sua aplica\u00e7\u00e3o, entre em contato com a Teflon X.<\/em><\/p>\n<h2 id=\"applications\">Aplica\u00e7\u00f5es<\/h2>\n<p>Teflon X&#039;s <strong>Tubo retr\u00e1til de PFA<\/strong> se destaca em setores industriais e de alta tecnologia que exigem precis\u00e3o e resili\u00eancia:<\/p>\n<ul>\n<li><strong>Manufatura aeroespacial e de semicondutores<\/strong>: Isola a fia\u00e7\u00e3o e os componentes com um revestimento ultra-transparente <strong>Tubo retr\u00e1til de PFA<\/strong> para prote\u00e7\u00e3o resistente ao calor e livre de contamina\u00e7\u00e3o.<\/li>\n<li><strong>Laborat\u00f3rios e usinas de energia<\/strong>: Protege os componentes eletr\u00f4nicos sens\u00edveis contra produtos qu\u00edmicos e extremos t\u00e9rmicos usando <strong>Tubo retr\u00e1til de PFA<\/strong>.<\/li>\n<li><strong>Processamento qu\u00edmico<\/strong>: Linhas de tubos e v\u00e1lvulas com inertes quimicamente <strong>Tubo retr\u00e1til de PFA<\/strong> para lidar com m\u00eddia agressiva sem degrada\u00e7\u00e3o.<\/li>\n<li><strong>Dispositivos eletr\u00f4nicos e m\u00e9dicos<\/strong>: Alta pureza <strong>Tubo retr\u00e1til de PFA<\/strong> garante seguran\u00e7a el\u00e9trica e f\u00e1cil inspe\u00e7\u00e3o em ambientes est\u00e9reis.<\/li>\n<li><strong>HVAC e maquin\u00e1rio industrial<\/strong>: Flex\u00edvel <strong>Tubo retr\u00e1til de PFA<\/strong> acomoda formas irregulares e resiste a contaminantes em sistemas operacionais.<\/li>\n<\/ul>\n<p>Nosso <strong>Tubo retr\u00e1til de PFA<\/strong> est\u00e1 em conformidade com as normas UL, RoHS e SEMI F-57, facilitando a integra\u00e7\u00e3o em setores regulamentados.<\/p>\n<h2 id=\"why-choose-teflon-x-s-pfa-shrink-tube-\">Por que escolher o tubo retr\u00e1til de PFA da Teflon X?<\/h2>\n<p>Teflon X&#039;s <strong>Tubo retr\u00e1til de PFA<\/strong> define o padr\u00e3o de refer\u00eancia com seu design ultra-transparente, resist\u00eancia superior a produtos qu\u00edmicos e ao calor e versatilidade antiaderente, com base em d\u00e9cadas de inova\u00e7\u00e3o em fluoropol\u00edmeros. A fabrica\u00e7\u00e3o com certifica\u00e7\u00e3o ISO garante qualidade consistente para o setor aeroespacial, laborat\u00f3rios e muito mais. Escolha <strong>Tubo retr\u00e1til de PFA<\/strong> que supera o contato <a href=\"mailto:Allison.Ye@teflonx.com\" target=\"_blank\" rel=\"noopener\"><strong>Allison.Ye@teflonx.com<\/strong><\/a> ou visite <a href=\"https:\/\/teflonx.com\/pt\/contate-nos\/\" target=\"_blank\" rel=\"noopener\">https:\/\/teflonx.com\/contact-us\/<\/a> para amostras, dimensionamento personalizado ou consultas t\u00e9cnicas.<\/p>\n<hr \/>","protected":false},"excerpt":{"rendered":"<p>O tubo retr\u00e1til de PFA ultratransparente oferece resist\u00eancia qu\u00edmica e t\u00e9rmica incompar\u00e1vel (-40 \u00b0C a 260 \u00b0C). Sua alta rigidez diel\u00e9trica protege componentes eletr\u00f4nicos sens\u00edveis em laborat\u00f3rios e usinas de energia. A flexibilidade do material se adapta a formas irregulares, enquanto a superf\u00edcie antiaderente resiste a contaminantes industriais. Confi\u00e1vel para a ind\u00fastria aeroespacial e a fabrica\u00e7\u00e3o de semicondutores.<\/p>","protected":false},"featured_media":342,"comment_status":"open","ping_status":"closed","template":"","meta":{"site-sidebar-layout":"default","site-content-layout":"","ast-site-content-layout":"default","site-content-style":"default","site-sidebar-style":"default","ast-global-header-display":"","ast-banner-title-visibility":"","ast-main-header-display":"","ast-hfb-above-header-display":"","ast-hfb-below-header-display":"","ast-hfb-mobile-header-display":"","site-post-title":"","ast-breadcrumbs-content":"","ast-featured-img":"","footer-sml-layout":"","ast-disable-related-posts":"","theme-transparent-header-meta":"default","adv-header-id-meta":"","stick-header-meta":"","header-above-stick-meta":"","header-main-stick-meta":"","header-below-stick-meta":"","astra-migrate-meta-layouts":"set","ast-page-background-enabled":"default","ast-page-background-meta":{"desktop":{"background-color":"var(--ast-global-color-5)","background-image":"","background-repeat":"repeat","background-position":"center center","background-size":"auto","background-attachment":"scroll","background-type":"","background-media":"","overlay-type":"","overlay-color":"","overlay-opacity":"","overlay-gradient":""},"tablet":{"background-color":"","background-image":"","background-repeat":"repeat","background-position":"center center","background-size":"auto","background-attachment":"scroll","background-type":"","background-media":"","overlay-type":"","overlay-color":"","overlay-opacity":"","overlay-gradient":""},"mobile":{"background-color":"","background-image":"","background-repeat":"repeat","background-position":"center center","background-size":"auto","background-attachment":"scroll","background-type":"","background-media":"","overlay-type":"","overlay-color":"","overlay-opacity":"","overlay-gradient":""}},"ast-content-background-meta":{"desktop":{"background-color":"var(--ast-global-color-4)","background-image":"","background-repeat":"repeat","background-position":"center center","background-size":"auto","background-attachment":"scroll","background-type":"","background-media":"","overlay-type":"","overlay-color":"","overlay-opacity":"","overlay-gradient":""},"tablet":{"background-color":"var(--ast-global-color-4)","background-image":"","background-repeat":"repeat","background-position":"center center","background-size":"auto","background-attachment":"scroll","background-type":"","background-media":"","overlay-type":"","overlay-color":"","overlay-opacity":"","overlay-gradient":""},"mobile":{"background-color":"var(--ast-global-color-4)","background-image":"","background-repeat":"repeat","background-position":"center center","background-size":"auto","background-attachment":"scroll","background-type":"","background-media":"","overlay-type":"","overlay-color":"","overlay-opacity":"","overlay-gradient":""}}},"product_brand":[290],"product_cat":[488],"product_tag":[65,64,67,73],"class_list":{"0":"post-371","1":"product","2":"type-product","3":"status-publish","4":"has-post-thumbnail","6":"product_brand-teflon-x","7":"product_cat-pfa-heat-shrink-tubing","8":"product_tag-clear-heat-shrink","9":"product_tag-clear-heat-shrink-tubing","10":"product_tag-heat-shrink-connectors","11":"product_tag-transparent-shrink-tube-","12":"desktop-align-left","13":"tablet-align-left","14":"mobile-align-left","16":"first","17":"instock","18":"shipping-taxable","19":"product-type-simple"},"_links":{"self":[{"href":"https:\/\/teflonx.com\/pt\/wp-json\/wp\/v2\/product\/371","targetHints":{"allow":["GET"]}}],"collection":[{"href":"https:\/\/teflonx.com\/pt\/wp-json\/wp\/v2\/product"}],"about":[{"href":"https:\/\/teflonx.com\/pt\/wp-json\/wp\/v2\/types\/product"}],"replies":[{"embeddable":true,"href":"https:\/\/teflonx.com\/pt\/wp-json\/wp\/v2\/comments?post=371"}],"wp:featuredmedia":[{"embeddable":true,"href":"https:\/\/teflonx.com\/pt\/wp-json\/wp\/v2\/media\/342"}],"wp:attachment":[{"href":"https:\/\/teflonx.com\/pt\/wp-json\/wp\/v2\/media?parent=371"}],"wp:term":[{"taxonomy":"product_brand","embeddable":true,"href":"https:\/\/teflonx.com\/pt\/wp-json\/wp\/v2\/product_brand?post=371"},{"taxonomy":"product_cat","embeddable":true,"href":"https:\/\/teflonx.com\/pt\/wp-json\/wp\/v2\/product_cat?post=371"},{"taxonomy":"product_tag","embeddable":true,"href":"https:\/\/teflonx.com\/pt\/wp-json\/wp\/v2\/product_tag?post=371"}],"curies":[{"name":"wp","href":"https:\/\/api.w.org\/{rel}","templated":true}]}}