{"id":438,"date":"2025-03-31T15:45:39","date_gmt":"2025-03-31T15:45:39","guid":{"rendered":"https:\/\/teflonx.com\/?post_type=product&#038;p=438"},"modified":"2026-04-02T21:25:26","modified_gmt":"2026-04-02T21:25:26","slug":"junta-de-teflon-ptfe","status":"publish","type":"product","link":"https:\/\/teflonx.com\/pt\/product\/junta-de-teflon-ptfe\/","title":{"rendered":"Junta de PTFE Teflon de alta temperatura para v\u00e1lvulas de esfera e veda\u00e7\u00e3o industrial"},"content":{"rendered":"<p><!-- Product Introduction --><\/p>\n<h2>Junta de teflon PTFE de alta temperatura para v\u00e1lvulas de esfera e veda\u00e7\u00e3o industrial<\/h2>\n<p>Bem-vindo ao <strong>Teflon X<\/strong>A empresa \u00e9 a principal fornecedora de solu\u00e7\u00f5es avan\u00e7adas de veda\u00e7\u00e3o industrial. Nossos <strong>Junta de teflon PTFE para alta temperatura<\/strong> \u00e9 meticulosamente projetado para atender \u00e0s rigorosas demandas da engenharia moderna. Projetado especificamente para aplica\u00e7\u00f5es cr\u00edticas, como <strong>V\u00e1lvulas de esfera<\/strong> e manuseio de meios corrosivos, essa gaxeta \u00e9 a barreira definitiva contra vazamentos e estresse ambiental.<\/p>\n<p>Quer esteja operando no setor de petr\u00f3leo e g\u00e1s, em plantas de processamento qu\u00edmico ou gerenciando maquin\u00e1rio industrial pesado, a confiabilidade dos seus componentes de veda\u00e7\u00e3o n\u00e3o \u00e9 negoci\u00e1vel. Nossos <strong>Junta de PTFE<\/strong> oferecem durabilidade inigual\u00e1vel, garantindo que suas opera\u00e7\u00f5es funcionem sem problemas e sem paralisa\u00e7\u00f5es dispendiosas.<\/p>\n<hr \/>\n<p><!-- Key Features Section --><\/p>\n<h3>Por que escolher nossos an\u00e9is de veda\u00e7\u00e3o de teflon PTFE?<\/h3>\n<p>O segredo est\u00e1 no material. O politetrafluoroetileno (PTFE), comumente conhecido como Teflon, oferece excepcional resist\u00eancia qu\u00edmica e estabilidade t\u00e9rmica. Diferentemente das veda\u00e7\u00f5es padr\u00e3o de borracha ou fibra, um <strong>Junta de Teflon<\/strong> n\u00e3o se degrada quando exposto a \u00e1cidos, \u00e1lcalis ou solventes agressivos. Isso o torna a escolha preferida para <strong>Veda\u00e7\u00e3o Industrial<\/strong> em ambientes adversos.<\/p>\n<ul>\n<li><strong>Resist\u00eancia a temperaturas extremas:<\/strong> Opera com efici\u00eancia em uma ampla faixa de temperatura de -200\u00b0C a +260\u00b0C, mantendo a integridade estrutural em aplica\u00e7\u00f5es criog\u00eanicas e de alta temperatura.<\/li>\n<li><strong>In\u00e9rcia qu\u00edmica superior:<\/strong> A resist\u00eancia quase universal a produtos qu\u00edmicos garante que nossas gaxetas n\u00e3o reajam com o meio do processo, preservando a pureza e a seguran\u00e7a.<\/li>\n<li><strong>Baixo coeficiente de atrito:<\/strong> A natureza autolubrificante do PTFE reduz o desgaste nas superf\u00edcies de contato, prolongando a vida \u00fatil do seu equipamento. <strong>V\u00e1lvulas de esfera<\/strong> e flanges.<\/li>\n<li><strong>Design vers\u00e1til:<\/strong> Dispon\u00edvel em formatos personaliz\u00e1veis, incluindo configura\u00e7\u00f5es planas, de revestimento e de anel para se adaptar a estruturas mec\u00e2nicas complexas.<\/li>\n<\/ul>\n<hr \/>\n<p><!-- Application Areas --><\/p>\n<h3>Otimizado para v\u00e1lvulas de esfera e sistemas cr\u00edticos<\/h3>\n<p>No mundo do controle de fluidos, <strong>V\u00e1lvulas de esfera<\/strong> dependem muito da qualidade de suas sedes e veda\u00e7\u00f5es. Um anel de veda\u00e7\u00e3o abaixo da m\u00e9dia pode levar a emiss\u00f5es fugitivas e \u00e0 falha do sistema. Nossos <strong>Junta de PTFE<\/strong> s\u00e3o fabricados com precis\u00e3o para proporcionar uma veda\u00e7\u00e3o estanque e \u00e0 prova de vazamentos, mesmo sob press\u00f5es flutuantes.<\/p>\n<p>Ao integrar as solu\u00e7\u00f5es de veda\u00e7\u00e3o de Teflon X, voc\u00ea est\u00e1 atualizando seu <strong>Veda\u00e7\u00e3o Industrial<\/strong> padr\u00f5es. De linhas de produ\u00e7\u00e3o farmac\u00eautica que exigem alta pureza a tubula\u00e7\u00f5es petroqu\u00edmicas que lidam com subst\u00e2ncias vol\u00e1teis, nossos an\u00e9is de veda\u00e7\u00e3o oferecem desempenho consistente.<\/p>\n<hr \/>\n<p><!-- Product Specifications Table --><\/p>\n<h3>Especifica\u00e7\u00f5es do produto e tabela de tamanhos<\/h3>\n<p>Oferecemos uma ampla variedade de tamanhos padr\u00e3o para atender a v\u00e1rias dimens\u00f5es de v\u00e1lvulas e padr\u00f5es de flanges. Veja abaixo nosso estoque atual de tamanhos (Di\u00e2metro interno * Di\u00e2metro externo). Tamanhos personalizados tamb\u00e9m est\u00e3o dispon\u00edveis mediante solicita\u00e7\u00e3o.<\/p>\n<table style=\"border-collapse: collapse; width: 100%; border: 1px solid #ddd;\" border=\"1\">\n<thead>\n<tr style=\"background-color: #f2f2f2;\">\n<th style=\"padding: 12px; text-align: center;\">Tamanho do produto (mm)<\/th>\n<th style=\"padding: 12px; text-align: center;\">Tamanho do produto (mm)<\/th>\n<\/tr>\n<\/thead>\n<tbody>\n<tr>\n<td style=\"padding: 8px; text-align: center;\">18 * 46 mm<\/td>\n<td style=\"padding: 8px; text-align: center;\">90 * 142 mm<\/td>\n<\/tr>\n<tr>\n<td style=\"padding: 8px; text-align: center;\">22 * 51 mm<\/td>\n<td style=\"padding: 8px; text-align: center;\">116 * 162 mm<\/td>\n<\/tr>\n<tr>\n<td style=\"padding: 8px; text-align: center;\">27 * 61 mm<\/td>\n<td style=\"padding: 8px; text-align: center;\">141 * 162 mm<\/td>\n<\/tr>\n<tr>\n<td style=\"padding: 8px; text-align: center;\">34 * 71 mm<\/td>\n<td style=\"padding: 8px; text-align: center;\">169 * 218 mm<\/td>\n<\/tr>\n<tr>\n<td style=\"padding: 8px; text-align: center;\">43 * 82 mm<\/td>\n<td style=\"padding: 8px; text-align: center;\">222 * 273,1 mm<\/td>\n<\/tr>\n<tr>\n<td style=\"padding: 8px; text-align: center;\">49 * 92 mm<\/td>\n<td style=\"padding: 8px; text-align: center;\">274,6 * 328 mm<\/td>\n<\/tr>\n<tr>\n<td style=\"padding: 8px; text-align: center;\">61 * 107 mm<\/td>\n<td style=\"padding: 8px; text-align: center;\">323 * 374,7 mm<\/td>\n<\/tr>\n<tr>\n<td style=\"padding: 8px; text-align: center;\">77 * 127 mm<\/td>\n<td style=\"padding: 8px; text-align: center;\">Tamanhos personalizados dispon\u00edveis<\/td>\n<\/tr>\n<\/tbody>\n<\/table>\n<p><em>Observa\u00e7\u00e3o: os n\u00edveis de toler\u00e2ncia s\u00e3o rigorosamente controlados para garantir um ajuste perfeito para o seu <strong>V\u00e1lvulas de esfera<\/strong> montagem.<\/em><\/p>\n<hr \/>\n<p><!-- Call to Action \/ Contact Info --><\/p>\n<h3>Entre em contato com a Teflon X para obter solu\u00e7\u00f5es personalizadas<\/h3>\n<p>No <strong>Teflon X<\/strong>Entendemos que cada <strong>Veda\u00e7\u00e3o Industrial<\/strong> desafio \u00e9 \u00fanico. Se voc\u00ea n\u00e3o encontrar o tamanho espec\u00edfico de que precisa na tabela acima, ou se precisar de um tamanho especializado, voc\u00ea pode usar o tamanho de um produto. <strong>Junta de Teflon<\/strong> (como PTFE preenchido com vidro ou carbono) para melhorar as propriedades mec\u00e2nicas, nossa equipe de engenharia est\u00e1 pronta para ajud\u00e1-lo.<\/p>\n<p>N\u00e3o comprometa a seguran\u00e7a e a efici\u00eancia. Escolha a gaxeta em que os profissionais confiam.<\/p>\n<p><strong>Pronto para fazer o pedido ou precisa de uma cota\u00e7\u00e3o?<\/strong><\/p>\n<p>Visite nosso site em <a href=\"https:\/\/teflonx.com\/pt\/\" target=\"_blank\" rel=\"noopener noreferrer\">https:\/\/teflonx.com\/<\/a> para explorar nossa linha completa de produtos.<\/p>\n<p>Para consultas diretas, suporte t\u00e9cnico ou pedidos em massa, entre em contato conosco por meio da nossa p\u00e1gina de contato:<\/p>\n<p style=\"text-align: center;\"><a style=\"background-color: #0073aa; color: white; padding: 10px 20px; text-decoration: none; border-radius: 5px; font-weight: bold;\" href=\"https:\/\/teflonx.com\/pt\/contate-nos\/\" target=\"_blank\" rel=\"noopener noreferrer\">Entre em contato conosco hoje mesmo<\/a><\/p>\n<p>Voc\u00ea tamb\u00e9m pode enviar um e-mail diretamente para o nosso representante de vendas: <a href=\"mailto:allison.ye@teflonx.com\">allison.ye@teflonx.com<\/a>.<\/p>","protected":false},"excerpt":{"rendered":"<p>As juntas de PTFE e Teflon s\u00e3o projetadas para oferecer resist\u00eancia a temperaturas extremas (-200 \u00b0C a +260 \u00b0C) e in\u00e9rcia qu\u00edmica, ideais para a veda\u00e7\u00e3o de v\u00e1lvulas de esfera de alta press\u00e3o e sistemas de meios corrosivos. Essas juntas garantem desempenho \u00e0 prova de vazamentos em petr\u00f3leo e g\u00e1s, processamento qu\u00edmico e m\u00e1quinas industriais. Formatos personaliz\u00e1veis (plano, liner ou anel) adaptam-se a estruturas mec\u00e2nicas complexas.<\/p>","protected":false},"featured_media":439,"comment_status":"open","ping_status":"closed","template":"","meta":{"site-sidebar-layout":"default","site-content-layout":"","ast-site-content-layout":"default","site-content-style":"default","site-sidebar-style":"default","ast-global-header-display":"","ast-banner-title-visibility":"","ast-main-header-display":"","ast-hfb-above-header-display":"","ast-hfb-below-header-display":"","ast-hfb-mobile-header-display":"","site-post-title":"","ast-breadcrumbs-content":"","ast-featured-img":"","footer-sml-layout":"","theme-transparent-header-meta":"default","adv-header-id-meta":"","stick-header-meta":"","header-above-stick-meta":"","header-main-stick-meta":"","header-below-stick-meta":"","astra-migrate-meta-layouts":"set","ast-page-background-enabled":"default","ast-page-background-meta":{"desktop":{"background-color":"var(--ast-global-color-5)","background-image":"","background-repeat":"repeat","background-position":"center center","background-size":"auto","background-attachment":"scroll","background-type":"","background-media":"","overlay-type":"","overlay-color":"","overlay-opacity":"","overlay-gradient":""},"tablet":{"background-color":"","background-image":"","background-repeat":"repeat","background-position":"center center","background-size":"auto","background-attachment":"scroll","background-type":"","background-media":"","overlay-type":"","overlay-color":"","overlay-opacity":"","overlay-gradient":""},"mobile":{"background-color":"","background-image":"","background-repeat":"repeat","background-position":"center center","background-size":"auto","background-attachment":"scroll","background-type":"","background-media":"","overlay-type":"","overlay-color":"","overlay-opacity":"","overlay-gradient":""}},"ast-content-background-meta":{"desktop":{"background-color":"var(--ast-global-color-4)","background-image":"","background-repeat":"repeat","background-position":"center center","background-size":"auto","background-attachment":"scroll","background-type":"","background-media":"","overlay-type":"","overlay-color":"","overlay-opacity":"","overlay-gradient":""},"tablet":{"background-color":"var(--ast-global-color-4)","background-image":"","background-repeat":"repeat","background-position":"center center","background-size":"auto","background-attachment":"scroll","background-type":"","background-media":"","overlay-type":"","overlay-color":"","overlay-opacity":"","overlay-gradient":""},"mobile":{"background-color":"var(--ast-global-color-4)","background-image":"","background-repeat":"repeat","background-position":"center center","background-size":"auto","background-attachment":"scroll","background-type":"","background-media":"","overlay-type":"","overlay-color":"","overlay-opacity":"","overlay-gradient":""}}},"product_brand":[290],"product_cat":[43],"product_tag":[109,110,107,108],"class_list":{"0":"post-438","1":"product","2":"type-product","3":"status-publish","4":"has-post-thumbnail","6":"product_brand-teflon-x","7":"product_cat-ptfe-gaskets","8":"product_tag-ball-valves","9":"product_tag-industrial-sealing","10":"product_tag-ptfe-gasket","11":"product_tag-teflon-gasket","12":"desktop-align-left","13":"tablet-align-left","14":"mobile-align-left","16":"first","17":"instock","18":"shipping-taxable","19":"product-type-simple"},"_links":{"self":[{"href":"https:\/\/teflonx.com\/pt\/wp-json\/wp\/v2\/product\/438","targetHints":{"allow":["GET"]}}],"collection":[{"href":"https:\/\/teflonx.com\/pt\/wp-json\/wp\/v2\/product"}],"about":[{"href":"https:\/\/teflonx.com\/pt\/wp-json\/wp\/v2\/types\/product"}],"replies":[{"embeddable":true,"href":"https:\/\/teflonx.com\/pt\/wp-json\/wp\/v2\/comments?post=438"}],"wp:featuredmedia":[{"embeddable":true,"href":"https:\/\/teflonx.com\/pt\/wp-json\/wp\/v2\/media\/439"}],"wp:attachment":[{"href":"https:\/\/teflonx.com\/pt\/wp-json\/wp\/v2\/media?parent=438"}],"wp:term":[{"taxonomy":"product_brand","embeddable":true,"href":"https:\/\/teflonx.com\/pt\/wp-json\/wp\/v2\/product_brand?post=438"},{"taxonomy":"product_cat","embeddable":true,"href":"https:\/\/teflonx.com\/pt\/wp-json\/wp\/v2\/product_cat?post=438"},{"taxonomy":"product_tag","embeddable":true,"href":"https:\/\/teflonx.com\/pt\/wp-json\/wp\/v2\/product_tag?post=438"}],"curies":[{"name":"wp","href":"https:\/\/api.w.org\/{rel}","templated":true}]}}