{"id":534,"date":"2025-04-06T09:02:42","date_gmt":"2025-04-06T09:02:42","guid":{"rendered":"https:\/\/teflonx.com\/?post_type=product&#038;p=534"},"modified":"2026-02-09T12:00:53","modified_gmt":"2026-02-09T12:00:53","slug":"fabricante-de-tubos-de-ptfe","status":"publish","type":"product","link":"https:\/\/teflonx.com\/pt\/product\/fabricante-de-tubos-de-ptfe\/","title":{"rendered":"Fabricante de tubos de PTFE | Tubos de Teflon de alta temperatura para uso qu\u00edmico e m\u00e9dico"},"content":{"rendered":"<h2>Fabricante de tubos de PTFE Premium | Solu\u00e7\u00f5es de alto desempenho para setores globais<\/h2>\n<p>Bem-vindo ao <strong><a href=\"https:\/\/teflonx.com\/pt\/\" target=\"_blank\" rel=\"noopener\">Teflon X<\/a><\/strong>, seu primeiro <strong>fabricante de tubos de PTFE<\/strong> dedicada a fornecer solu\u00e7\u00f5es de transfer\u00eancia de fluidos de classe mundial. Nos exigentes mundos do processamento qu\u00edmico, da tecnologia m\u00e9dica e da engenharia automotiva, a qualidade da sua tubula\u00e7\u00e3o determina a seguran\u00e7a e a efici\u00eancia da sua opera\u00e7\u00e3o. Nosso carro-chefe <strong>Tubo tran\u00e7ado de teflon<\/strong> representa o auge da <strong>tubos de politetrafluoroetileno<\/strong> projetada para suportar os ambientes mais adversos, mantendo a flexibilidade e a pureza.<\/p>\n<p>Seja para o transporte de \u00e1cidos agressivos, vapor de alta temperatura ou compostos farmac\u00eauticos, nossos <strong>tubo de teflon ptfe<\/strong> oferece uma barreira confi\u00e1vel contra corros\u00e3o e contamina\u00e7\u00e3o. Como l\u00edderes do setor, entendemos que uma mangueira de borracha padr\u00e3o simplesmente n\u00e3o pode competir com a durabilidade e a estabilidade t\u00e9rmica de uma mangueira de alta qualidade. <strong>tubo de PTFE<\/strong>.<\/p>\n<h3>Resist\u00eancia qu\u00edmica e t\u00e9rmica inigual\u00e1vel<\/h3>\n<p>No centro do nosso produto est\u00e1 o revestimento interno feito de puro <strong>tubos de politetrafluoroetileno<\/strong>. O PTFE \u00e9 conhecido por sua in\u00e9rcia qu\u00edmica. Ele praticamente n\u00e3o \u00e9 afetado por todos os produtos qu\u00edmicos comerciais, \u00e1cidos, \u00e1lcoois, refrigerantes, elast\u00f4meros, compostos de petr\u00f3leo, solventes, vinis, lubrificantes sint\u00e9ticos e fluidos hidr\u00e1ulicos. Isso faz com que nosso <strong>mangueira revestida de PTFE<\/strong> a op\u00e7\u00e3o mais segura para aplica\u00e7\u00f5es cr\u00edticas.<\/p>\n<p>As flutua\u00e7\u00f5es de temperatura podem destruir a tubula\u00e7\u00e3o padr\u00e3o. Entretanto, nossos <strong>tubo de PTFE flex\u00edvel<\/strong> s\u00e3o projetados para funcionar em condi\u00e7\u00f5es t\u00e9rmicas extremas. Conforme indicado nas especifica\u00e7\u00f5es de nossos produtos, nossos tubos operam com efici\u00eancia desde temperaturas criog\u00eanicas extremamente baixas at\u00e9 o calor escaldante, garantindo estabilidade onde outros materiais derreteriam ou rachariam.<\/p>\n<h3>Integridade estrutural: A vantagem da mangueira de teflon tran\u00e7ada em a\u00e7o inoxid\u00e1vel<\/h3>\n<p>Enquanto o n\u00facleo interno de PTFE manipula o fluido, a estrutura externa fornece o m\u00fasculo. Esse n\u00e3o \u00e9 apenas um tubo de pl\u00e1stico; \u00e9 um tubo refor\u00e7ado <strong>mangueira de teflon tran\u00e7ada de a\u00e7o inoxid\u00e1vel<\/strong>. O revestimento tran\u00e7ado atua como um escudo protetor, aumentando significativamente a classifica\u00e7\u00e3o de press\u00e3o da mangueira (at\u00e9 1,6 MPa, dependendo da personaliza\u00e7\u00e3o) e protegendo o n\u00facleo interno macio contra abras\u00e3o, dobras e danos externos.<\/p>\n<p>Apesar desse refor\u00e7o robusto, a mangueira continua sendo um <strong>tubo de PTFE flex\u00edvel<\/strong> solu\u00e7\u00e3o. Ele facilita o roteamento em espa\u00e7os apertados dentro de sistemas de tubula\u00e7\u00e3o de m\u00e1quinas ou instala\u00e7\u00f5es sem comprometer a taxa de fluxo ou a integridade estrutural. As propriedades antiaderentes do <strong>tubos de teflon<\/strong> (coeficiente de atrito de 0,04) garantem que os fluidos fluam suavemente com queda m\u00ednima de press\u00e3o, evitando o ac\u00famulo e garantindo uma opera\u00e7\u00e3o livre de contamina\u00e7\u00e3o.<\/p>\n<h3>Especifica\u00e7\u00f5es do produto<\/h3>\n<p>Abaixo est\u00e3o os par\u00e2metros t\u00e9cnicos detalhados do nosso tubo tran\u00e7ado de teflon padr\u00e3o. Observe a ampla faixa de temperatura e as op\u00e7\u00f5es vers\u00e1teis de dimensionamento.<\/p>\n<table style=\"border-collapse: collapse; width: 100%; border: 1px solid #ddd;\">\n<tbody>\n<tr style=\"background-color: #f2f2f2;\">\n<td style=\"padding: 12px; border: 1px solid #ddd;\"><strong>Marca<\/strong><\/td>\n<td style=\"padding: 12px; border: 1px solid #ddd;\">Teflon X<\/td>\n<\/tr>\n<tr>\n<td style=\"padding: 12px; border: 1px solid #ddd;\"><strong>Material<\/strong><\/td>\n<td style=\"padding: 12px; border: 1px solid #ddd;\">Ptfe \/ politetrafluoroetileno<\/td>\n<\/tr>\n<tr style=\"background-color: #f2f2f2;\">\n<td style=\"padding: 12px; border: 1px solid #ddd;\"><strong>ID do tubo (di\u00e2metro interno)<\/strong><\/td>\n<td style=\"padding: 12px; border: 1px solid #ddd;\">6,3 ~ 25,4 mm<\/td>\n<\/tr>\n<tr>\n<td style=\"padding: 12px; border: 1px solid #ddd;\"><strong>Faixa de temperatura<\/strong><\/td>\n<td style=\"padding: 12px; border: 1px solid #ddd;\">-70 ~ +260\u00b0C<\/td>\n<\/tr>\n<tr style=\"background-color: #f2f2f2;\">\n<td style=\"padding: 12px; border: 1px solid #ddd;\"><strong>Recursos<\/strong><\/td>\n<td style=\"padding: 12px; border: 1px solid #ddd;\">Resist\u00eancia \u00e0 corros\u00e3o, resist\u00eancia a altas e baixas temperaturas, resist\u00eancia a alta press\u00e3o, macio<\/td>\n<\/tr>\n<\/tbody>\n<\/table>\n<h3>Principais recursos e benef\u00edcios<\/h3>\n<ul>\n<li><strong>Longevidade superior:<\/strong> O envelhecimento da vida de <strong>tubo de teflon ptfe<\/strong> excede em muito o das alternativas de borracha ou termopl\u00e1stico, reduzindo os custos de manuten\u00e7\u00e3o e o tempo de inatividade.<\/li>\n<li><strong>Tamanho vers\u00e1til:<\/strong> Com uma faixa de di\u00e2metro interno (ID) de 6,3 mm a 25,4 mm, atendemos \u00e0 maioria dos requisitos industriais.<\/li>\n<li><strong>Resist\u00eancia \u00e0 alta press\u00e3o:<\/strong> O design tran\u00e7ado permite aplica\u00e7\u00f5es de alta press\u00e3o que estourariam um padr\u00e3o n\u00e3o refor\u00e7ado <strong>tubo de PTFE<\/strong>.<\/li>\n<li><strong>Macio e male\u00e1vel:<\/strong> Apesar de sua resist\u00eancia, a mangueira mant\u00e9m a caracter\u00edstica \"macia\" listada em nossas especifica\u00e7\u00f5es, facilitando a instala\u00e7\u00e3o.<\/li>\n<\/ul>\n<h3>Por que escolher o Teflon X?<\/h3>\n<p>Como uma empresa especializada <strong>fabricante de tubos de PTFE<\/strong>A qualidade \u00e9 nossa obriga\u00e7\u00e3o. Cada metro de <strong>tubos de teflon<\/strong> que sai de nossas instala\u00e7\u00f5es passa por testes rigorosos para garantir que atenda aos nossos r\u00edgidos padr\u00f5es de concentricidade, densidade de tran\u00e7ado e pureza do material.<\/p>\n<p>Se estiver procurando uma solu\u00e7\u00e3o personalizada, como conex\u00f5es espec\u00edficas ou materiais de tran\u00e7ado variados, nossa equipe de engenharia est\u00e1 pronta para ajudar. Temos o compromisso de fornecer o melhor <strong>mangueira revestida de PTFE<\/strong> produtos no mercado.<\/p>\n<h3>Contate-nos<\/h3>\n<p>Pronto para atualizar seus sistemas com alto desempenho <strong>mangueira de teflon tran\u00e7ada de a\u00e7o inoxid\u00e1vel<\/strong>? Entre em contato com nossa equipe de vendas hoje mesmo para obter uma cota\u00e7\u00e3o ou consulta t\u00e9cnica.<\/p>\n<p><strong>E-mail:<\/strong> <a href=\"mailto:allison.ye@teflonx.com\">allison.ye@teflonx.com<\/a><br \/>\n<strong>Site:<\/strong> <a href=\"https:\/\/teflonx.com\/pt\/\" target=\"_blank\" rel=\"noopener\">https:\/\/teflonx.com\/<\/a><br \/>\n<strong>P\u00e1gina de contato:<\/strong> <a href=\"https:\/\/teflonx.com\/pt\/contate-nos\/\" target=\"_blank\" rel=\"noopener\">Clique aqui para entrar em contato conosco<\/a><\/p>","protected":false},"excerpt":{"rendered":"<p>O tubo de PTFE (politetrafluoroetileno) oferece excepcional resist\u00eancia qu\u00edmica e estabilidade t\u00e9rmica de -200 \u00b0C a +260 \u00b0C, tornando-o ideal para transfer\u00eancia de fluidos corrosivos em aplica\u00e7\u00f5es de processamento qu\u00edmico e farmac\u00eauticas. Com um coeficiente de atrito de 0,04 e propriedades antiaderentes, nosso tubo de PTFE minimiza a perda de energia e garante uma opera\u00e7\u00e3o livre de contamina\u00e7\u00e3o. Personaliz\u00e1vel com malha de a\u00e7o inoxid\u00e1vel para press\u00f5es de at\u00e9 1,6 MPa.<\/p>","protected":false},"featured_media":535,"comment_status":"open","ping_status":"closed","template":"","meta":{"site-sidebar-layout":"default","site-content-layout":"","ast-site-content-layout":"default","site-content-style":"default","site-sidebar-style":"default","ast-global-header-display":"","ast-banner-title-visibility":"","ast-main-header-display":"","ast-hfb-above-header-display":"","ast-hfb-below-header-display":"","ast-hfb-mobile-header-display":"","site-post-title":"","ast-breadcrumbs-content":"","ast-featured-img":"","footer-sml-layout":"","ast-disable-related-posts":"","theme-transparent-header-meta":"default","adv-header-id-meta":"","stick-header-meta":"","header-above-stick-meta":"","header-main-stick-meta":"","header-below-stick-meta":"","astra-migrate-meta-layouts":"set","ast-page-background-enabled":"default","ast-page-background-meta":{"desktop":{"background-color":"var(--ast-global-color-5)","background-image":"","background-repeat":"repeat","background-position":"center center","background-size":"auto","background-attachment":"scroll","background-type":"","background-media":"","overlay-type":"","overlay-color":"","overlay-opacity":"","overlay-gradient":""},"tablet":{"background-color":"","background-image":"","background-repeat":"repeat","background-position":"center center","background-size":"auto","background-attachment":"scroll","background-type":"","background-media":"","overlay-type":"","overlay-color":"","overlay-opacity":"","overlay-gradient":""},"mobile":{"background-color":"","background-image":"","background-repeat":"repeat","background-position":"center center","background-size":"auto","background-attachment":"scroll","background-type":"","background-media":"","overlay-type":"","overlay-color":"","overlay-opacity":"","overlay-gradient":""}},"ast-content-background-meta":{"desktop":{"background-color":"var(--ast-global-color-4)","background-image":"","background-repeat":"repeat","background-position":"center center","background-size":"auto","background-attachment":"scroll","background-type":"","background-media":"","overlay-type":"","overlay-color":"","overlay-opacity":"","overlay-gradient":""},"tablet":{"background-color":"var(--ast-global-color-4)","background-image":"","background-repeat":"repeat","background-position":"center center","background-size":"auto","background-attachment":"scroll","background-type":"","background-media":"","overlay-type":"","overlay-color":"","overlay-opacity":"","overlay-gradient":""},"mobile":{"background-color":"var(--ast-global-color-4)","background-image":"","background-repeat":"repeat","background-position":"center center","background-size":"auto","background-attachment":"scroll","background-type":"","background-media":"","overlay-type":"","overlay-color":"","overlay-opacity":"","overlay-gradient":""}}},"product_brand":[290],"product_cat":[40],"product_tag":[179,174,177,176,173,178,169,175],"class_list":{"0":"post-534","1":"product","2":"type-product","3":"status-publish","4":"has-post-thumbnail","6":"product_brand-teflon-x","7":"product_cat-ptfe-tubes","8":"product_tag-flexible-ptfe-tubing","9":"product_tag-polytetrafluoroethylene-tubing","10":"product_tag-ptfe-lined-hose","11":"product_tag-ptfe-teflon-tubing","12":"product_tag-ptfe-tube","13":"product_tag-ptfe-tube-manufacturer","14":"product_tag-stainless-steel-braided-teflon-hose","15":"product_tag-teflon-tubing","16":"desktop-align-left","17":"tablet-align-left","18":"mobile-align-left","20":"first","21":"instock","22":"shipping-taxable","23":"product-type-simple"},"_links":{"self":[{"href":"https:\/\/teflonx.com\/pt\/wp-json\/wp\/v2\/product\/534","targetHints":{"allow":["GET"]}}],"collection":[{"href":"https:\/\/teflonx.com\/pt\/wp-json\/wp\/v2\/product"}],"about":[{"href":"https:\/\/teflonx.com\/pt\/wp-json\/wp\/v2\/types\/product"}],"replies":[{"embeddable":true,"href":"https:\/\/teflonx.com\/pt\/wp-json\/wp\/v2\/comments?post=534"}],"wp:featuredmedia":[{"embeddable":true,"href":"https:\/\/teflonx.com\/pt\/wp-json\/wp\/v2\/media\/535"}],"wp:attachment":[{"href":"https:\/\/teflonx.com\/pt\/wp-json\/wp\/v2\/media?parent=534"}],"wp:term":[{"taxonomy":"product_brand","embeddable":true,"href":"https:\/\/teflonx.com\/pt\/wp-json\/wp\/v2\/product_brand?post=534"},{"taxonomy":"product_cat","embeddable":true,"href":"https:\/\/teflonx.com\/pt\/wp-json\/wp\/v2\/product_cat?post=534"},{"taxonomy":"product_tag","embeddable":true,"href":"https:\/\/teflonx.com\/pt\/wp-json\/wp\/v2\/product_tag?post=534"}],"curies":[{"name":"wp","href":"https:\/\/api.w.org\/{rel}","templated":true}]}}