{"id":553,"date":"2025-04-06T16:06:36","date_gmt":"2025-04-06T16:06:36","guid":{"rendered":"https:\/\/teflonx.com\/?post_type=product&#038;p=553"},"modified":"2025-12-29T01:00:15","modified_gmt":"2025-12-29T01:00:15","slug":"tubo-de-teflon-de-alta-temperatura","status":"publish","type":"product","link":"https:\/\/teflonx.com\/pt\/product\/tubo-de-teflon-de-alta-temperatura\/","title":{"rendered":"Tubo de Teflon de Alta Temperatura | Luva de Isolamento de PTFE para Eletr\u00f4nicos"},"content":{"rendered":"<h2>Tubo de Teflon de Alta Temperatura | Luva de Isolamento de PTFE para Eletr\u00f4nicos<\/h2>\n<p>Bem-vindo ao <strong><a href=\"https:\/\/teflonx.com\/pt\/\" target=\"_blank\" rel=\"noopener\">Teflon X<\/a><\/strong>, seu l\u00edder no setor <strong>fabricante de tubos de PTFE<\/strong> especializada em solu\u00e7\u00f5es de isolamento de alto desempenho. Nos setores em r\u00e1pida evolu\u00e7\u00e3o da fabrica\u00e7\u00e3o global de eletr\u00f4nicos, engenharia aeroespacial e produ\u00e7\u00e3o de semicondutores, a prote\u00e7\u00e3o de componentes sens\u00edveis \u00e9 primordial. Nosso <strong>Tubo de Teflon de Alta Temperatura<\/strong> atua como a barreira definitiva, oferecendo propriedades diel\u00e9tricas superiores combinadas com a prote\u00e7\u00e3o mec\u00e2nica robusta de um <strong>mangueira de teflon tran\u00e7ada de a\u00e7o inoxid\u00e1vel<\/strong>.<\/p>\n<p>Enquanto a tubula\u00e7\u00e3o pl\u00e1stica padr\u00e3o frequentemente derrete ou se degrada sob carga el\u00e9trica ou estresse t\u00e9rmico, nosso produto premium <strong>tubos de politetrafluoroetileno<\/strong> prospera nesses ambientes. \u00c9 a escolha preferida para isolar cabos de alta tens\u00e3o, proteger chicotes el\u00e9tricos em aeronaves e blindar componentes semicondutores delicados contra riscos ambientais.<\/p>\n<h3>Propriedades Diel\u00e9tricas Superiores para Eletr\u00f4nicos<\/h3>\n<p>A principal vantagem de usar um <strong>tubo de PTFE<\/strong> em aplica\u00e7\u00f5es eletr\u00f4nicas \u00e9 sua excepcional capacidade de isolamento el\u00e9trico. O PTFE possui uma baixa constante diel\u00e9trica e uma alta rigidez diel\u00e9trica, o que significa que ele evita efetivamente o arco el\u00e9trico e a interfer\u00eancia de sinal. Isso torna nosso <strong>tubo de teflon ptfe<\/strong> um componente essencial para cabos coaxiais, linhas de sinal de alta frequ\u00eancia e interconex\u00f5es de alta tens\u00e3o.<\/p>\n<p>Ao contr\u00e1rio de isolantes de menor qualidade, nosso <strong>tubo de PTFE flex\u00edvel<\/strong> mant\u00e9m essas propriedades el\u00e9tricas em uma ampla faixa de frequ\u00eancias e temperaturas. Seja usado como uma simples luva de isolamento ou como o n\u00facleo de um <strong>mangueira revestida de PTFE<\/strong> para sistemas de resfriamento l\u00edquido em supercomputadores, o material garante um desempenho est\u00e1vel e confi\u00e1vel.<\/p>\n<h3>Estabilidade T\u00e9rmica Extrema<\/h3>\n<p>A gest\u00e3o de calor \u00e9 um desafio cr\u00edtico na eletr\u00f4nica moderna. Nosso <strong>tubos de teflon<\/strong> \u00e9 projetado para suportar condi\u00e7\u00f5es t\u00e9rmicas extremas. Conforme destacado em nossa descri\u00e7\u00e3o do produto, o material PTFE bruto pode suportar temperaturas t\u00e3o baixas quanto -200\u00b0C e t\u00e3o altas quanto +260\u00b0C. Isso o torna perfeito para aplica\u00e7\u00f5es criog\u00eanicas em computa\u00e7\u00e3o qu\u00e2ntica ou ambientes de alto calor pr\u00f3ximos a motores de combust\u00e3o.<\/p>\n<p>Para nossas montagens tran\u00e7adas espec\u00edficas, que oferecem integridade estrutural aprimorada, a faixa operacional permanece robusta. Essa resili\u00eancia t\u00e9rmica garante que o <strong>tubos de politetrafluoroetileno<\/strong> n\u00e3o ir\u00e1 rachar, derreter ou deformar, mesmo quando submetido a ciclos t\u00e9rmicos em processos de soldagem ou manobras aeroespaciais.<\/p>\n<h3>Prote\u00e7\u00e3o Mec\u00e2nica: A Vantagem da Tran\u00e7a<\/h3>\n<p>Para aplica\u00e7\u00f5es que exigem mais do que apenas isolamento el\u00e9trico, oferecemos o <strong>mangueira de teflon tran\u00e7ada de a\u00e7o inoxid\u00e1vel<\/strong>. Em ambientes industriais severos, cabos e fios correm o risco de abras\u00e3o, cortes e esmagamento. A malha de a\u00e7o inoxid\u00e1vel atua como uma blindagem flex\u00edvel, protegendo a parte interna <strong>tubo de PTFE<\/strong> e os cabos internos contra danos f\u00edsicos.<\/p>\n<p>Apesar deste refor\u00e7o de alta resist\u00eancia, o produto permanece uma <strong>tubo de PTFE flex\u00edvel<\/strong> solu\u00e7\u00e3o. Ele permite o roteamento em espa\u00e7os reduzidos dentro de gabinetes eletr\u00f4nicos compactos sem comprometer a barreira de isolamento ou o fluxo de fluidos de arrefecimento.<\/p>\n<h3>Especifica\u00e7\u00f5es do produto<\/h3>\n<p>No <strong>Teflon X<\/strong>, aderimos a rigorosos padr\u00f5es de fabrica\u00e7\u00e3o. Abaixo est\u00e3o os par\u00e2metros t\u00e9cnicos para nossa s\u00e9rie de Tubos de Teflon de Alta Temperatura:<\/p>\n<table style=\"border-collapse: collapse; width: 100%; border: 1px solid #ddd; margin-bottom: 25px;\">\n<tbody>\n<tr style=\"background-color: #f9f9f9;\">\n<td style=\"padding: 12px; border: 1px solid #ddd;\"><strong>Marca<\/strong><\/td>\n<td style=\"padding: 12px; border: 1px solid #ddd;\">Teflon X<\/td>\n<\/tr>\n<tr>\n<td style=\"padding: 12px; border: 1px solid #ddd;\"><strong>Material<\/strong><\/td>\n<td style=\"padding: 12px; border: 1px solid #ddd;\">Ptfe \/ politetrafluoroetileno<\/td>\n<\/tr>\n<tr style=\"background-color: #f9f9f9;\">\n<td style=\"padding: 12px; border: 1px solid #ddd;\"><strong>ID do tubo (di\u00e2metro interno)<\/strong><\/td>\n<td style=\"padding: 12px; border: 1px solid #ddd;\">6,3 ~ 25,4 mm<\/td>\n<\/tr>\n<tr>\n<td style=\"padding: 12px; border: 1px solid #ddd;\"><strong>Faixa de temperatura<\/strong><\/td>\n<td style=\"padding: 12px; border: 1px solid #ddd;\">-70 ~ +260\u00b0C<\/td>\n<\/tr>\n<tr style=\"background-color: #f9f9f9;\">\n<td style=\"padding: 12px; border: 1px solid #ddd;\"><strong>Recursos<\/strong><\/td>\n<td style=\"padding: 12px; border: 1px solid #ddd;\">Resist\u00eancia \u00e0 corros\u00e3o, resist\u00eancia a altas e baixas temperaturas, resist\u00eancia a alta press\u00e3o, macio<\/td>\n<\/tr>\n<\/tbody>\n<\/table>\n<h3>Conformidade Global e Seguran\u00e7a<\/h3>\n<p>Entendemos que a ind\u00fastria eletr\u00f4nica \u00e9 regida por regulamenta\u00e7\u00f5es rigorosas. Nosso <strong>tubo de teflon ptfe<\/strong> est\u00e1 em total conformidade com a diretiva RoHS, garantindo que n\u00e3o contenha subst\u00e2ncias perigosas, como chumbo ou merc\u00fario. Al\u00e9m disso, nossos processos de fabrica\u00e7\u00e3o est\u00e3o alinhados com os padr\u00f5es de certifica\u00e7\u00e3o UL para inflamabilidade e seguran\u00e7a. Quando voc\u00ea especifica um <strong>mangueira revestida de PTFE<\/strong> da Teflon X, voc\u00ea est\u00e1 escolhendo um produto que atende aos requisitos globais de seguran\u00e7a e responsabilidade ambiental.<\/p>\n<h3>Por que escolher o Teflon X?<\/h3>\n<p><strong>1. Fabrica\u00e7\u00e3o Especializada:<\/strong> Como um dedicado <strong>fabricante de tubos de PTFE<\/strong>, temos a experi\u00eancia necess\u00e1ria para produzir tubos com espessura de parede e concentricidade consistentes, vitais para o isolamento de alta tens\u00e3o.<br \/>\n<strong>2. Solu\u00e7\u00f5es Personalizadas:<\/strong> Quer voc\u00ea precise de uma simples luva isolante ou de um complexo <strong>mangueira de teflon tran\u00e7ada de a\u00e7o inoxid\u00e1vel<\/strong> para resfriamento l\u00edquido, podemos personalizar comprimentos e di\u00e2metros (DI 6,3 mm \u2013 25,4 mm).<br \/>\n<strong>3. Confiabilidade:<\/strong> Nosso <strong>tubos de teflon<\/strong> \u00e9 testado para garantir que permane\u00e7a \u201cmacio\u201d e flex\u00edvel, ao mesmo tempo que proporciona m\u00e1xima durabilidade.<\/p>\n<h3>Contate-nos<\/h3>\n<p>Garanta a longevidade e a seguran\u00e7a dos seus sistemas eletr\u00f4nicos com alto desempenho <strong>tubos de politetrafluoroetileno<\/strong>. Entre em contato com os especialistas da Teflon X hoje mesmo.<\/p>\n<p><strong>E-mail:<\/strong> <a href=\"mailto:allison.ye@teflonx.com\">allison.ye@teflonx.com<\/a><br \/>\n<strong>Site:<\/strong> <a href=\"https:\/\/teflonx.com\/pt\/\" target=\"_blank\" rel=\"noopener\">https:\/\/teflonx.com\/<\/a><br \/>\n<strong>P\u00e1gina de contato:<\/strong> <a href=\"https:\/\/teflonx.com\/pt\/contate-nos\/\" target=\"_blank\" rel=\"noopener\">Obtenha um Or\u00e7amento Hoje<\/a><\/p>","protected":false},"excerpt":{"rendered":"<p>O tubo de Teflon de alta temperatura oferece propriedades diel\u00e9tricas superiores para isolar cabos de alta tens\u00e3o e componentes semicondutores. Suporta temperaturas extremas (-200 \u00b0C a +260 \u00b0C) mantendo a flexibilidade. Certificado pela UL e em conformidade com a RoHS para a fabrica\u00e7\u00e3o global de eletr\u00f4nicos.<\/p>","protected":false},"featured_media":538,"comment_status":"open","ping_status":"closed","template":"","meta":{"site-sidebar-layout":"default","site-content-layout":"","ast-site-content-layout":"default","site-content-style":"default","site-sidebar-style":"default","ast-global-header-display":"","ast-banner-title-visibility":"","ast-main-header-display":"","ast-hfb-above-header-display":"","ast-hfb-below-header-display":"","ast-hfb-mobile-header-display":"","site-post-title":"","ast-breadcrumbs-content":"","ast-featured-img":"","footer-sml-layout":"","ast-disable-related-posts":"","theme-transparent-header-meta":"default","adv-header-id-meta":"","stick-header-meta":"","header-above-stick-meta":"","header-main-stick-meta":"","header-below-stick-meta":"","astra-migrate-meta-layouts":"set","ast-page-background-enabled":"default","ast-page-background-meta":{"desktop":{"background-color":"var(--ast-global-color-5)","background-image":"","background-repeat":"repeat","background-position":"center center","background-size":"auto","background-attachment":"scroll","background-type":"","background-media":"","overlay-type":"","overlay-color":"","overlay-opacity":"","overlay-gradient":""},"tablet":{"background-color":"","background-image":"","background-repeat":"repeat","background-position":"center center","background-size":"auto","background-attachment":"scroll","background-type":"","background-media":"","overlay-type":"","overlay-color":"","overlay-opacity":"","overlay-gradient":""},"mobile":{"background-color":"","background-image":"","background-repeat":"repeat","background-position":"center center","background-size":"auto","background-attachment":"scroll","background-type":"","background-media":"","overlay-type":"","overlay-color":"","overlay-opacity":"","overlay-gradient":""}},"ast-content-background-meta":{"desktop":{"background-color":"var(--ast-global-color-4)","background-image":"","background-repeat":"repeat","background-position":"center center","background-size":"auto","background-attachment":"scroll","background-type":"","background-media":"","overlay-type":"","overlay-color":"","overlay-opacity":"","overlay-gradient":""},"tablet":{"background-color":"var(--ast-global-color-4)","background-image":"","background-repeat":"repeat","background-position":"center center","background-size":"auto","background-attachment":"scroll","background-type":"","background-media":"","overlay-type":"","overlay-color":"","overlay-opacity":"","overlay-gradient":""},"mobile":{"background-color":"var(--ast-global-color-4)","background-image":"","background-repeat":"repeat","background-position":"center center","background-size":"auto","background-attachment":"scroll","background-type":"","background-media":"","overlay-type":"","overlay-color":"","overlay-opacity":"","overlay-gradient":""}}},"product_brand":[290],"product_cat":[40],"product_tag":[179,174,177,176,173,178,169,175],"class_list":{"0":"post-553","1":"product","2":"type-product","3":"status-publish","4":"has-post-thumbnail","6":"product_brand-teflon-x","7":"product_cat-ptfe-tubes","8":"product_tag-flexible-ptfe-tubing","9":"product_tag-polytetrafluoroethylene-tubing","10":"product_tag-ptfe-lined-hose","11":"product_tag-ptfe-teflon-tubing","12":"product_tag-ptfe-tube","13":"product_tag-ptfe-tube-manufacturer","14":"product_tag-stainless-steel-braided-teflon-hose","15":"product_tag-teflon-tubing","16":"desktop-align-left","17":"tablet-align-left","18":"mobile-align-left","20":"first","21":"instock","22":"shipping-taxable","23":"product-type-simple"},"_links":{"self":[{"href":"https:\/\/teflonx.com\/pt\/wp-json\/wp\/v2\/product\/553","targetHints":{"allow":["GET"]}}],"collection":[{"href":"https:\/\/teflonx.com\/pt\/wp-json\/wp\/v2\/product"}],"about":[{"href":"https:\/\/teflonx.com\/pt\/wp-json\/wp\/v2\/types\/product"}],"replies":[{"embeddable":true,"href":"https:\/\/teflonx.com\/pt\/wp-json\/wp\/v2\/comments?post=553"}],"wp:featuredmedia":[{"embeddable":true,"href":"https:\/\/teflonx.com\/pt\/wp-json\/wp\/v2\/media\/538"}],"wp:attachment":[{"href":"https:\/\/teflonx.com\/pt\/wp-json\/wp\/v2\/media?parent=553"}],"wp:term":[{"taxonomy":"product_brand","embeddable":true,"href":"https:\/\/teflonx.com\/pt\/wp-json\/wp\/v2\/product_brand?post=553"},{"taxonomy":"product_cat","embeddable":true,"href":"https:\/\/teflonx.com\/pt\/wp-json\/wp\/v2\/product_cat?post=553"},{"taxonomy":"product_tag","embeddable":true,"href":"https:\/\/teflonx.com\/pt\/wp-json\/wp\/v2\/product_tag?post=553"}],"curies":[{"name":"White Paper","href":"https:\/\/api.w.org\/{rel}","templated":true}]}}