{"id":627,"date":"2025-04-13T05:48:15","date_gmt":"2025-04-13T05:48:15","guid":{"rendered":"https:\/\/teflonx.com\/?post_type=product&#038;p=627"},"modified":"2025-12-29T01:19:34","modified_gmt":"2025-12-29T01:19:34","slug":"tubo-trancado-condutor","status":"publish","type":"product","link":"https:\/\/teflonx.com\/pt\/product\/tubo-trancado-condutor\/","title":{"rendered":"Tubo tran\u00e7ado condutor \u2013 Mangueira de Teflon tran\u00e7ada de a\u00e7o inoxid\u00e1vel para prote\u00e7\u00e3o contra descargas eletrost\u00e1ticas"},"content":{"rendered":"<h1>Tubo tran\u00e7ado condutor \u2013 Mangueira de Teflon tran\u00e7ada de a\u00e7o inoxid\u00e1vel para prote\u00e7\u00e3o contra descargas eletrost\u00e1ticas<\/h1>\n<p>No <strong>Teflon X<\/strong>Com orgulho, oferecemos nossos produtos premium <strong>tubo tran\u00e7ado condutor<\/strong>projetada especificamente para oferecer prote\u00e7\u00e3o superior contra descarga eletrost\u00e1tica (ESD). Esse <strong>mangueira de PTFE tran\u00e7ada de a\u00e7o inoxid\u00e1vel<\/strong> \u00e9 fabricado com uma superf\u00edcie interna lisa que evita a ades\u00e3o de part\u00edculas, o que o torna a escolha ideal para aplica\u00e7\u00f5es sens\u00edveis, como a fabrica\u00e7\u00e3o de semicondutores e o processamento qu\u00edmico. Nossos <em>tubo tran\u00e7ado antiest\u00e1tico<\/em> garante uma transfer\u00eancia de fluido segura, confi\u00e1vel e eficiente, mantendo os mais altos padr\u00f5es de seguran\u00e7a e durabilidade.<\/p>\n<h2>Vis\u00e3o geral do produto<\/h2>\n<p>O <strong>tubo tran\u00e7ado condutor<\/strong> do Teflon X combina as vantagens exclusivas do PTFE com a resist\u00eancia e a condutividade de uma tran\u00e7a de a\u00e7o inoxid\u00e1vel 304. Essa combina\u00e7\u00e3o oferece excelente prote\u00e7\u00e3o contra ac\u00famulo de est\u00e1tica e descarga eletrost\u00e1tica, o que \u00e9 fundamental para evitar riscos durante as opera\u00e7\u00f5es de transfer\u00eancia de fluidos. A tran\u00e7a de a\u00e7o inoxid\u00e1vel tamb\u00e9m aumenta a resist\u00eancia mec\u00e2nica, a flexibilidade e a resist\u00eancia \u00e0 corros\u00e3o, tornando essa mangueira adequada para uma ampla variedade de ambientes industriais e de fabrica\u00e7\u00e3o.<\/p>\n<h2>Par\u00e2metros do produto<\/h2>\n<ul>\n<li><strong>Marca:<\/strong> Teflon X<\/li>\n<li><strong>Material:<\/strong> PTFE antiest\u00e1tico condutor \/ a\u00e7o inoxid\u00e1vel 304<\/li>\n<li><strong>ID (di\u00e2metro interno):<\/strong> 2~60mm<\/li>\n<li><strong>Faixa de temperatura:<\/strong> -70 a +260\u00b0C<\/li>\n<li><strong>Cor:<\/strong> Preto<\/li>\n<li><strong>Caracter\u00edsticas:<\/strong> Antiest\u00e1tico, resistente \u00e0 corros\u00e3o, resistente a altas e baixas temperaturas, antiaderente<\/li>\n<\/ul>\n<h2>Principais recursos e vantagens<\/h2>\n<ul>\n<li><strong>Prote\u00e7\u00e3o excepcional contra ESD:<\/strong> Nosso tubo tran\u00e7ado condutivo dissipa as cargas eletrost\u00e1ticas com efici\u00eancia, reduzindo o risco de danos relacionados \u00e0 est\u00e1tica ou riscos de inc\u00eandio, essenciais para instala\u00e7\u00f5es de fabrica\u00e7\u00e3o de semicondutores e eletr\u00f4nicos.<\/li>\n<li><strong>Superf\u00edcie interna lisa:<\/strong> O revestimento interno de PTFE foi projetado para evitar a ades\u00e3o e o ac\u00famulo de part\u00edculas, garantindo um fluxo de fluido limpo e n\u00e3o contaminado. Esse recurso \u00e9 fundamental em setores que exigem transfer\u00eancia de fluido ultrapuro.<\/li>\n<li><strong>Resist\u00eancia \u00e0 corros\u00e3o e a produtos qu\u00edmicos:<\/strong> A combina\u00e7\u00e3o de PTFE e tran\u00e7a de a\u00e7o inoxid\u00e1vel 304 garante excelente resist\u00eancia a uma ampla variedade de produtos qu\u00edmicos e subst\u00e2ncias corrosivas, prolongando a vida \u00fatil da mangueira em ambientes adversos.<\/li>\n<li><strong>Ampla toler\u00e2ncia \u00e0 temperatura:<\/strong> Com uma faixa de temperatura de -70\u00b0C a +260\u00b0C, a mangueira \u00e9 adequada para aplica\u00e7\u00f5es criog\u00eanicas e de alta temperatura sem comprometer o desempenho.<\/li>\n<li><strong>Durabilidade e flexibilidade:<\/strong> A tran\u00e7a de a\u00e7o inoxid\u00e1vel oferece resist\u00eancia mec\u00e2nica superior, resist\u00eancia a dobras e flexibilidade, facilitando a instala\u00e7\u00e3o mesmo em espa\u00e7os confinados.<\/li>\n<li><strong>Antiaderente e de f\u00e1cil manuten\u00e7\u00e3o:<\/strong> As propriedades antiaderentes inerentes ao PTFE minimizam o ac\u00famulo de res\u00edduos, simplificando os processos de limpeza e manuten\u00e7\u00e3o.<\/li>\n<\/ul>\n<h2>Aplica\u00e7\u00f5es t\u00edpicas<\/h2>\n<p>O <strong>tubo tran\u00e7ado condutor<\/strong> O Teflon X \u00e9 amplamente utilizado em v\u00e1rios setores exigentes, incluindo, entre outros, os seguintes:<\/p>\n<ul>\n<li>Fabrica\u00e7\u00e3o de semicondutores, onde a prote\u00e7\u00e3o contra descarga eletrost\u00e1tica \u00e9 fundamental.<\/li>\n<li>F\u00e1bricas de processamento qu\u00edmico que exigem solu\u00e7\u00f5es de tubula\u00e7\u00e3o antiest\u00e1tica e resistente \u00e0 corros\u00e3o.<\/li>\n<li>Mangueiras flex\u00edveis de l\u00edquido de arrefecimento em m\u00e1quinas automotivas e industriais.<\/li>\n<li>Linhas de transfer\u00eancia de combust\u00edvel e g\u00e1s que precisam de mangueiras de PTFE condutivo seguras e confi\u00e1veis.<\/li>\n<li>Ind\u00fastrias farmac\u00eauticas e de processamento de alimentos que exigem transfer\u00eancia de fluidos sem contamina\u00e7\u00e3o.<\/li>\n<li>Laborat\u00f3rios e instala\u00e7\u00f5es de teste que precisam de tubos de precis\u00e3o com excelente compatibilidade qu\u00edmica.<\/li>\n<\/ul>\n<h2>Por que escolher o Teflon X?<\/h2>\n<p><strong>Teflon X<\/strong> tem o compromisso de fornecer tubos de PTFE condutivo da mais alta qualidade, projetados para atender a rigorosos padr\u00f5es industriais. Nossos <strong>tubo tran\u00e7ado condutor<\/strong> s\u00e3o submetidos a rigorosos controles e testes de qualidade para garantir desempenho, seguran\u00e7a e longevidade ideais. Oferecemos suporte t\u00e9cnico especializado e solu\u00e7\u00f5es personalizadas para garantir que voc\u00ea encontre a tubula\u00e7\u00e3o perfeita para a sua aplica\u00e7\u00e3o.<\/p>\n<h2>Pedidos e contato<\/h2>\n<p>Descubra as vantagens de nosso <strong>tubo tran\u00e7ado condutor<\/strong> visitando nosso site oficial em <a href=\"https:\/\/teflonx.com\/pt\/\" target=\"_blank\" rel=\"noopener noreferrer\">https:\/\/teflonx.com\/<\/a>. Para consultas, cota\u00e7\u00f5es ou assist\u00eancia t\u00e9cnica, entre em contato conosco por meio de nossa p\u00e1gina de contato em <a href=\"https:\/\/teflonx.com\/pt\/contate-nos\/\" target=\"_blank\" rel=\"noopener noreferrer\">https:\/\/teflonx.com\/contact-us\/<\/a> ou envie um e-mail diretamente para <a href=\"mailto:allison.ye@teflonx.com\">allison.ye@teflonx.com<\/a>. Escolha <strong>Teflon X<\/strong> para qualidade e confiabilidade inigual\u00e1veis em tubos de PTFE condutivo.<\/p>","protected":false},"excerpt":{"rendered":"<p>Escolha nosso <strong>tubo tran\u00e7ado condutor<\/strong> para prote\u00e7\u00e3o ESD superior. O <strong>mangueira de PTFE tran\u00e7ada de a\u00e7o inoxid\u00e1vel<\/strong> \u00e9 projetado com uma superf\u00edcie interna lisa, evitando a ades\u00e3o de part\u00edculas. Use como um <strong>tubo tran\u00e7ado antiest\u00e1tico<\/strong> na fabrica\u00e7\u00e3o de semicondutores. Tamb\u00e9m \u00e9 uma \u00f3tima <strong>mangueira de refrigera\u00e7\u00e3o de a\u00e7o inoxid\u00e1vel<\/strong> solu\u00e7\u00e3o.<\/p>","protected":false},"featured_media":615,"comment_status":"open","ping_status":"closed","template":"","meta":{"site-sidebar-layout":"default","site-content-layout":"","ast-site-content-layout":"default","site-content-style":"default","site-sidebar-style":"default","ast-global-header-display":"","ast-banner-title-visibility":"","ast-main-header-display":"","ast-hfb-above-header-display":"","ast-hfb-below-header-display":"","ast-hfb-mobile-header-display":"","site-post-title":"","ast-breadcrumbs-content":"","ast-featured-img":"","footer-sml-layout":"","theme-transparent-header-meta":"default","adv-header-id-meta":"","stick-header-meta":"","header-above-stick-meta":"","header-main-stick-meta":"","header-below-stick-meta":"","astra-migrate-meta-layouts":"set","ast-page-background-enabled":"default","ast-page-background-meta":{"desktop":{"background-color":"var(--ast-global-color-5)","background-image":"","background-repeat":"repeat","background-position":"center center","background-size":"auto","background-attachment":"scroll","background-type":"","background-media":"","overlay-type":"","overlay-color":"","overlay-opacity":"","overlay-gradient":""},"tablet":{"background-color":"","background-image":"","background-repeat":"repeat","background-position":"center center","background-size":"auto","background-attachment":"scroll","background-type":"","background-media":"","overlay-type":"","overlay-color":"","overlay-opacity":"","overlay-gradient":""},"mobile":{"background-color":"","background-image":"","background-repeat":"repeat","background-position":"center center","background-size":"auto","background-attachment":"scroll","background-type":"","background-media":"","overlay-type":"","overlay-color":"","overlay-opacity":"","overlay-gradient":""}},"ast-content-background-meta":{"desktop":{"background-color":"var(--ast-global-color-4)","background-image":"","background-repeat":"repeat","background-position":"center center","background-size":"auto","background-attachment":"scroll","background-type":"","background-media":"","overlay-type":"","overlay-color":"","overlay-opacity":"","overlay-gradient":""},"tablet":{"background-color":"var(--ast-global-color-4)","background-image":"","background-repeat":"repeat","background-position":"center center","background-size":"auto","background-attachment":"scroll","background-type":"","background-media":"","overlay-type":"","overlay-color":"","overlay-opacity":"","overlay-gradient":""},"mobile":{"background-color":"var(--ast-global-color-4)","background-image":"","background-repeat":"repeat","background-position":"center center","background-size":"auto","background-attachment":"scroll","background-type":"","background-media":"","overlay-type":"","overlay-color":"","overlay-opacity":"","overlay-gradient":""}}},"product_brand":[290],"product_cat":[40],"product_tag":[191,197,192,195,196,193,169,194],"class_list":{"0":"post-627","1":"product","2":"type-product","3":"status-publish","4":"has-post-thumbnail","6":"product_brand-teflon-x","7":"product_cat-ptfe-tubes","8":"product_tag-anti-static-braided-tube","9":"product_tag-braided-fuel-line","10":"product_tag-conductive-braided-tube","11":"product_tag-engine-coolant-line","12":"product_tag-flexible-gas-line","13":"product_tag-stainless-steel-braided-ptfe-hose","14":"product_tag-stainless-steel-braided-teflon-hose","15":"product_tag-stainless-steel-coolant-hose","16":"desktop-align-left","17":"tablet-align-left","18":"mobile-align-left","20":"first","21":"instock","22":"shipping-taxable","23":"product-type-simple"},"_links":{"self":[{"href":"https:\/\/teflonx.com\/pt\/wp-json\/wp\/v2\/product\/627","targetHints":{"allow":["GET"]}}],"collection":[{"href":"https:\/\/teflonx.com\/pt\/wp-json\/wp\/v2\/product"}],"about":[{"href":"https:\/\/teflonx.com\/pt\/wp-json\/wp\/v2\/types\/product"}],"replies":[{"embeddable":true,"href":"https:\/\/teflonx.com\/pt\/wp-json\/wp\/v2\/comments?post=627"}],"wp:featuredmedia":[{"embeddable":true,"href":"https:\/\/teflonx.com\/pt\/wp-json\/wp\/v2\/media\/615"}],"wp:attachment":[{"href":"https:\/\/teflonx.com\/pt\/wp-json\/wp\/v2\/media?parent=627"}],"wp:term":[{"taxonomy":"product_brand","embeddable":true,"href":"https:\/\/teflonx.com\/pt\/wp-json\/wp\/v2\/product_brand?post=627"},{"taxonomy":"product_cat","embeddable":true,"href":"https:\/\/teflonx.com\/pt\/wp-json\/wp\/v2\/product_cat?post=627"},{"taxonomy":"product_tag","embeddable":true,"href":"https:\/\/teflonx.com\/pt\/wp-json\/wp\/v2\/product_tag?post=627"}],"curies":[{"name":"wp","href":"https:\/\/api.w.org\/{rel}","templated":true}]}}