{"id":823,"date":"2025-07-15T05:45:56","date_gmt":"2025-07-15T05:45:56","guid":{"rendered":"https:\/\/teflonx.com\/?post_type=product&#038;p=823"},"modified":"2025-07-15T05:45:57","modified_gmt":"2025-07-15T05:45:57","slug":"tubo-de-ptfe-ondulado-interno-plano-externo-de-alto-desempenho-para-transferencia-quimica","status":"publish","type":"product","link":"https:\/\/teflonx.com\/pt\/product\/tubo-de-ptfe-ondulado-interno-plano-externo-de-alto-desempenho-para-transferencia-quimica\/","title":{"rendered":"Tubo de PTFE corrugado interno plano externo de alto desempenho para transfer\u00eancia qu\u00edmica"},"content":{"rendered":"<h1 id=\"high-performance-inner-flat-outer-corrugated-ptfe-tube-for-chemical-transfer\">Tubo de PTFE corrugado interno plano externo de alto desempenho para transfer\u00eancia qu\u00edmica<\/h1>\n<p>Bem-vindo ao <strong>Teflon X<\/strong>, sua fonte confi\u00e1vel de solu\u00e7\u00f5es premium em tubos de PTFE. Nossos <strong>Tubo de PTFE corrugado externo com furo liso interno<\/strong> foi projetado para atender \u00e0s rigorosas demandas de aplica\u00e7\u00f5es de transfer\u00eancia qu\u00edmica. Para mais detalhes, visite nosso site em <a href=\"https:\/\/teflonx.com\/pt\/\" target=\"_blank\" rel=\"noopener\">https:\/\/teflonx.com\/<\/a> ou entre em contato conosco atrav\u00e9s de <a href=\"https:\/\/teflonx.com\/pt\/contate-nos\/\" target=\"_blank\" rel=\"noopener\">https:\/\/teflonx.com\/contact-us\/<\/a>Voc\u00ea tamb\u00e9m pode entrar em contato diretamente com nossa equipe pelo e-mail Allison.Ye@teflonx.com.<\/p>\n<h2 id=\"product-overview\">Vis\u00e3o geral do produto<\/h2>\n<p>O <strong>Tubo de PTFE corrugado externo com furo liso interno<\/strong> da Teflon X \u00e9 uma solu\u00e7\u00e3o de alto desempenho projetada para durabilidade, flexibilidade e resist\u00eancia \u00e0 corros\u00e3o superiores. Tamb\u00e9m conhecido como <strong>Tubo corrugado interno plano externo ondulado<\/strong> ou <strong>Tubo corrugado interno plano externo de PTFE<\/strong>, este produto apresenta um furo interno liso que minimiza a resist\u00eancia ao fluido e garante um fluxo eficiente, enquanto o design externo corrugado aumenta a flexibilidade e a capacidade de flex\u00e3o sem comprometer a integridade estrutural.<\/p>\n<p>Ideal para ind\u00fastrias como processamento qu\u00edmico, farmac\u00eautica, alimentos e bebidas e automotiva, o <strong>Tubo de PTFE corrugado externo com furo liso interno<\/strong> Excelente no manuseio de produtos qu\u00edmicos agressivos, altas temperaturas e press\u00f5es. Seu material PTFE antiaderente previne contamina\u00e7\u00e3o e ac\u00famulo, tornando-o perfeito para aplica\u00e7\u00f5es de alta pureza. Seja para lidar com fluidos corrosivos ou para exigir sistemas confi\u00e1veis de manuseio de fluidos, nossa <strong>Tubo corrugado interno plano externo de PTFE<\/strong> oferece desempenho incompar\u00e1vel.<\/p>\n<h2 id=\"key-features-and-benefits\">Principais recursos e benef\u00edcios<\/h2>\n<ul>\n<li><strong>Resist\u00eancia excepcional \u00e0 corros\u00e3o<\/strong>:Feito de PTFE de alta qualidade, o <strong>Tubo corrugado interno plano externo ondulado<\/strong> resiste a produtos qu\u00edmicos agressivos sem degrada\u00e7\u00e3o.<\/li>\n<li><strong>Furo interno liso<\/strong>: A superf\u00edcie interna plana do <strong>Tubo de PTFE corrugado externo com furo liso interno<\/strong> reduz a turbul\u00eancia e as quedas de press\u00e3o, garantindo uma transfer\u00eancia suave de fluidos.<\/li>\n<li><strong>Design externo corrugado<\/strong>: Oferece excelente flexibilidade e resist\u00eancia \u00e0 tor\u00e7\u00e3o, permitindo a <strong>Tubo corrugado interno plano externo de PTFE<\/strong> para dobrar facilmente em espa\u00e7os apertados.<\/li>\n<li><strong>Toler\u00e2ncia a alta press\u00e3o e temperatura<\/strong>: Adequado para ambientes exigentes, suportando condi\u00e7\u00f5es extremas e mantendo a integridade.<\/li>\n<li><strong>Antiaderente e de alta pureza<\/strong>: Evita a ades\u00e3o de subst\u00e2ncias, ideal para aplica\u00e7\u00f5es sanit\u00e1rias e limpas.<\/li>\n<li><strong>Aplica\u00e7\u00f5es Vers\u00e1teis<\/strong>: Perfeito para transfer\u00eancia de produtos qu\u00edmicos, equipamentos de laborat\u00f3rio, tubula\u00e7\u00f5es industriais e muito mais. <strong>Tubo de PTFE corrugado externo com furo liso interno<\/strong> \u00e9 uma escolha ideal para engenheiros que buscam confiabilidade <strong>Tubo corrugado interno plano externo de PTFE<\/strong>.<\/li>\n<\/ul>\n<p>Nosso <strong>Tubo corrugado interno plano externo ondulado<\/strong> \u00e9 fabricado com os mais altos padr\u00f5es, garantindo longevidade e confiabilidade em suas opera\u00e7\u00f5es. Usu\u00e1rios recorrentes do <strong>Tubo de PTFE corrugado externo com furo liso interno<\/strong> relatam maior efici\u00eancia do sistema e redu\u00e7\u00e3o de custos de manuten\u00e7\u00e3o.<\/p>\n<h2 id=\"technical-specifications\">Especifica\u00e7\u00f5es t\u00e9cnicas<\/h2>\n<p>Abaixo est\u00e1 uma tabela detalhada de par\u00e2metros para o <strong>Tubo de PTFE corrugado externo com furo liso interno<\/strong>. Essas especifica\u00e7\u00f5es s\u00e3o baseadas em engenharia precisa para garantir desempenho ideal em v\u00e1rios tamanhos.<\/p>\n<table>\n<thead>\n<tr>\n<th>Tamanho (polegadas)<\/th>\n<th>Di\u00e2metro interno (mm)<\/th>\n<th>Di\u00e2metro externo (mm)<\/th>\n<th>Press\u00e3o de trabalho (bar)<\/th>\n<th>Press\u00e3o de ruptura (bar)<\/th>\n<th>Raio de curvatura (mm)<\/th>\n<\/tr>\n<\/thead>\n<tbody>\n<tr>\n<td>1\/4&#8243;<\/td>\n<td>6,1\u00b10,3<\/td>\n<td>9,5\u00b10,3<\/td>\n<td>183<\/td>\n<td>551<\/td>\n<td>45<\/td>\n<\/tr>\n<tr>\n<td>5\/16&#8243;<\/td>\n<td>7,8\u00b10,3<\/td>\n<td>11,4\u00b10,3<\/td>\n<td>155<\/td>\n<td>466<\/td>\n<td>50<\/td>\n<\/tr>\n<tr>\n<td>3\/8&#8243;<\/td>\n<td>9,6\u00b10,3<\/td>\n<td>14,1\u00b10,3<\/td>\n<td>138<\/td>\n<td>414<\/td>\n<td>55<\/td>\n<\/tr>\n<tr>\n<td>1\/2&#8243;<\/td>\n<td>12,7\u00b10,3<\/td>\n<td>17,2\u00b10,3<\/td>\n<td>110<\/td>\n<td>331<\/td>\n<td>60<\/td>\n<\/tr>\n<tr>\n<td>5\/8&#8243;<\/td>\n<td>15,7\u00b10,3<\/td>\n<td>20,7\u00b10,3<\/td>\n<td>95<\/td>\n<td>286<\/td>\n<td>70<\/td>\n<\/tr>\n<tr>\n<td>3\/4&#8243;<\/td>\n<td>18,8\u00b10,3<\/td>\n<td>23,7\u00b10,3<\/td>\n<td>81<\/td>\n<td>245<\/td>\n<td>80<\/td>\n<\/tr>\n<tr>\n<td>1&#8243;<\/td>\n<td>25,4\u00b10,3<\/td>\n<td>29,0\u00b10,3<\/td>\n<td>70<\/td>\n<td>211<\/td>\n<td>135<\/td>\n<\/tr>\n<\/tbody>\n<\/table>\n<p><em>Observa\u00e7\u00e3o: Todas as medidas est\u00e3o em mm, a menos que especificado. Toler\u00e2ncias e valores podem variar ligeiramente dependendo dos lotes de fabrica\u00e7\u00e3o. Para tamanhos personalizados ou especifica\u00e7\u00f5es adicionais, entre em contato conosco pelo e-mail Allison.Ye@teflonx.com.<\/em><\/p>\n<h2 id=\"applications\">Aplica\u00e7\u00f5es<\/h2>\n<p>O <strong>Tubo corrugado interno plano externo de PTFE<\/strong> \u00e9 vers\u00e1til e amplamente utilizado em:<\/p>\n<ul>\n<li>Plantas de processamento qu\u00edmico para transfer\u00eancia de \u00e1cidos, bases e solventes.<\/li>\n<li>Fabrica\u00e7\u00e3o farmac\u00eautica para manuseio de fluidos est\u00e9reis.<\/li>\n<li>Ind\u00fastrias de alimentos e bebidas que exigem condu\u00edtes n\u00e3o contaminantes.<\/li>\n<li>Automotivo e aeroespacial para linhas de combust\u00edvel e hidr\u00e1ulicas.<\/li>\n<li>Configura\u00e7\u00f5es de laborat\u00f3rio para controle preciso de fluidos.<\/li>\n<\/ul>\n<p>Ao escolher o <strong>Tubo de PTFE corrugado externo com furo liso interno<\/strong> com o Teflon X, voc\u00ea garante a conformidade com os padr\u00f5es da ind\u00fastria para seguran\u00e7a e efici\u00eancia.<\/p>\n<h2 id=\"why-choose-teflon-x-\">Por que escolher o Teflon X?<\/h2>\n<p>No <strong>Teflon X<\/strong>, nos especializamos em solu\u00e7\u00f5es inovadoras de PTFE como o <strong>Tubo corrugado interno plano externo ondulado<\/strong>Nosso compromisso com a qualidade e a satisfa\u00e7\u00e3o do cliente nos diferencia. Explore mais produtos em nosso site: <a href=\"https:\/\/teflonx.com\/pt\/\" target=\"_blank\" rel=\"noopener\">https:\/\/teflonx.com\/<\/a>. Para consultas, solicita\u00e7\u00f5es de personaliza\u00e7\u00e3o ou pedidos em grandes quantidades, visite nossa p\u00e1gina de contato em <a href=\"https:\/\/teflonx.com\/pt\/contate-nos\/\" target=\"_blank\" rel=\"noopener\">https:\/\/teflonx.com\/contact-us\/<\/a> ou envie um e-mail para Allison.Ye@teflonx.com.<\/p>\n<p>Se voc\u00ea tiver alguma d\u00favida sobre o <strong>Tubo de PTFE corrugado externo com furo liso interno<\/strong>, <strong>Tubo corrugado interno plano externo de PTFE<\/strong>, ou outros produtos, nossa equipe est\u00e1 aqui para ajudar!<\/p>","protected":false},"excerpt":{"rendered":"<p>Nosso tubo corrugado de PTFE com furo interno liso e externo oferece durabilidade e flexibilidade excepcionais para aplica\u00e7\u00f5es exigentes de transfer\u00eancia qu\u00edmica. Este tubo corrugado com furo interno plano e externo ondulado garante um fluxo suave de fluidos com resist\u00eancia m\u00ednima, gra\u00e7as \u00e0 sua camada interna plana e design externo corrugado, proporcionando resist\u00eancia superior \u00e0 corros\u00e3o.<\/p>\n<p>Ideal para ambientes severos, o tubo corrugado PTFE interno plano externo se destaca no transporte de produtos qu\u00edmicos agressivos sem degrada\u00e7\u00e3o. Sua estrutura exclusiva aumenta a flexibilidade, mantendo a integridade sob alta press\u00e3o.<\/p>\n<p>Projetado para confiabilidade, este tubo de fole de PTFE com caracter\u00edsticas internas planas e externas corrugadas \u00e9 perfeito para ind\u00fastrias que exigem condu\u00edtes antiaderentes e de alta pureza. O uso repetido do tubo de PTFE com furo interno liso e externo corrugado garante o desempenho ideal em sistemas de manuseio de fluidos.<\/p>","protected":false},"featured_media":824,"comment_status":"open","ping_status":"closed","template":"","meta":{"site-sidebar-layout":"default","site-content-layout":"","ast-site-content-layout":"default","site-content-style":"default","site-sidebar-style":"default","ast-global-header-display":"","ast-banner-title-visibility":"","ast-main-header-display":"","ast-hfb-above-header-display":"","ast-hfb-below-header-display":"","ast-hfb-mobile-header-display":"","site-post-title":"","ast-breadcrumbs-content":"","ast-featured-img":"","footer-sml-layout":"","ast-disable-related-posts":"","theme-transparent-header-meta":"default","adv-header-id-meta":"","stick-header-meta":"","header-above-stick-meta":"","header-main-stick-meta":"","header-below-stick-meta":"","astra-migrate-meta-layouts":"set","ast-page-background-enabled":"default","ast-page-background-meta":{"desktop":{"background-color":"var(--ast-global-color-5)","background-image":"","background-repeat":"repeat","background-position":"center center","background-size":"auto","background-attachment":"scroll","background-type":"","background-media":"","overlay-type":"","overlay-color":"","overlay-opacity":"","overlay-gradient":""},"tablet":{"background-color":"","background-image":"","background-repeat":"repeat","background-position":"center center","background-size":"auto","background-attachment":"scroll","background-type":"","background-media":"","overlay-type":"","overlay-color":"","overlay-opacity":"","overlay-gradient":""},"mobile":{"background-color":"","background-image":"","background-repeat":"repeat","background-position":"center center","background-size":"auto","background-attachment":"scroll","background-type":"","background-media":"","overlay-type":"","overlay-color":"","overlay-opacity":"","overlay-gradient":""}},"ast-content-background-meta":{"desktop":{"background-color":"var(--ast-global-color-4)","background-image":"","background-repeat":"repeat","background-position":"center center","background-size":"auto","background-attachment":"scroll","background-type":"","background-media":"","overlay-type":"","overlay-color":"","overlay-opacity":"","overlay-gradient":""},"tablet":{"background-color":"var(--ast-global-color-4)","background-image":"","background-repeat":"repeat","background-position":"center center","background-size":"auto","background-attachment":"scroll","background-type":"","background-media":"","overlay-type":"","overlay-color":"","overlay-opacity":"","overlay-gradient":""},"mobile":{"background-color":"var(--ast-global-color-4)","background-image":"","background-repeat":"repeat","background-position":"center center","background-size":"auto","background-attachment":"scroll","background-type":"","background-media":"","overlay-type":"","overlay-color":"","overlay-opacity":"","overlay-gradient":""}}},"product_brand":[290],"product_cat":[42],"product_tag":[291,292,293],"class_list":{"0":"post-823","1":"product","2":"type-product","3":"status-publish","4":"has-post-thumbnail","6":"product_brand-teflon-x","7":"product_cat-ptfe-corrugated-hoses","8":"product_tag-inner-smooth-bore-outer-corrugated-ptfe-tube","9":"product_tag-internal-flat-external-wave-corrugated-pipe","10":"product_tag-ptfe-inner-flat-outer-corrugated-tubing","11":"desktop-align-left","12":"tablet-align-left","13":"mobile-align-left","15":"first","16":"instock","17":"shipping-taxable","18":"product-type-simple"},"_links":{"self":[{"href":"https:\/\/teflonx.com\/pt\/wp-json\/wp\/v2\/product\/823","targetHints":{"allow":["GET"]}}],"collection":[{"href":"https:\/\/teflonx.com\/pt\/wp-json\/wp\/v2\/product"}],"about":[{"href":"https:\/\/teflonx.com\/pt\/wp-json\/wp\/v2\/types\/product"}],"replies":[{"embeddable":true,"href":"https:\/\/teflonx.com\/pt\/wp-json\/wp\/v2\/comments?post=823"}],"wp:featuredmedia":[{"embeddable":true,"href":"https:\/\/teflonx.com\/pt\/wp-json\/wp\/v2\/media\/824"}],"wp:attachment":[{"href":"https:\/\/teflonx.com\/pt\/wp-json\/wp\/v2\/media?parent=823"}],"wp:term":[{"taxonomy":"product_brand","embeddable":true,"href":"https:\/\/teflonx.com\/pt\/wp-json\/wp\/v2\/product_brand?post=823"},{"taxonomy":"product_cat","embeddable":true,"href":"https:\/\/teflonx.com\/pt\/wp-json\/wp\/v2\/product_cat?post=823"},{"taxonomy":"product_tag","embeddable":true,"href":"https:\/\/teflonx.com\/pt\/wp-json\/wp\/v2\/product_tag?post=823"}],"curies":[{"name":"wp","href":"https:\/\/api.w.org\/{rel}","templated":true}]}}