{"id":826,"date":"2025-07-15T06:25:44","date_gmt":"2025-07-15T06:25:44","guid":{"rendered":"https:\/\/teflonx.com\/?post_type=product&#038;p=826"},"modified":"2025-07-15T07:17:09","modified_gmt":"2025-07-15T07:17:09","slug":"tubos-corrugados-de-ptfe-com-furo-liso-para-manuseio-de-fluidos-industriais","status":"publish","type":"product","link":"https:\/\/teflonx.com\/pt\/product\/tubos-corrugados-de-ptfe-com-furo-liso-para-manuseio-de-fluidos-industriais\/","title":{"rendered":"Tubos corrugados de PTFE com furo liso para manuseio de fluidos industriais"},"content":{"rendered":"<h1 id=\"smooth-bore-corrugated-ptfe-tubing-for-industrial-fluid-handling\">Tubos corrugados de PTFE com furo liso para manuseio de fluidos industriais<\/h1>\n<p>Descubra a solu\u00e7\u00e3o definitiva para sistemas complexos de transfer\u00eancia de fluidos com o <strong>Tubos de PTFE corrugados de furo liso<\/strong> de Teflon X. Este produto inovador combina com maestria uma superf\u00edcie interna perfeitamente lisa para um fluxo ideal com uma camada externa ondulada para flexibilidade excepcional. Projetado para ambientes industriais exigentes, nosso <strong>Tubo corrugado interno plano externo de PTFE<\/strong> oferece resist\u00eancia qu\u00edmica incompar\u00e1vel, estabilidade t\u00e9rmica e confiabilidade de longo prazo.<\/p>\n<p>Em aplica\u00e7\u00f5es cr\u00edticas, como processamento petroqu\u00edmico, transfer\u00eancia de alimentos e bebidas ou fabrica\u00e7\u00e3o farmac\u00eautica, o design exclusivo de nossos <strong>Mangueira interna plana externa ondulada<\/strong> \u00e9 fundamental. O furo liso minimiza a turbul\u00eancia, reduz a queda de press\u00e3o e previne o ac\u00famulo de res\u00edduos, garantindo um sistema limpo, eficiente e autodrenante. Al\u00e9m disso, o exterior corrugado permite que a tubula\u00e7\u00e3o passe facilmente por espa\u00e7os apertados e layouts complexos sem torcer ou comprometer sua integridade estrutural.<\/p>\n<p>Com sua constru\u00e7\u00e3o em PTFE puro, esta variante avan\u00e7ada do <strong>Tubo de PTFE corrugado externo com furo liso interno<\/strong> garante longevidade e excel\u00eancia operacional. \u00c9 a melhor escolha para engenheiros e operadores que buscam uma solu\u00e7\u00e3o de alto desempenho, baixa manuten\u00e7\u00e3o e f\u00e1cil instala\u00e7\u00e3o para seus desafios de manuseio de fluidos.<\/p>\n<h3 id=\"key-features\">Principais caracter\u00edsticas<\/h3>\n<ul>\n<li><strong>Design H\u00edbrido:<\/strong> Possui um furo interno liso e antiaderente para fluxo laminar e uma parede externa corrugada flex\u00edvel para f\u00e1cil instala\u00e7\u00e3o e roteamento.<\/li>\n<li><strong>Material superior:<\/strong> Feito de PTFE virgem 100%, oferecendo resist\u00eancia qu\u00edmica universal contra \u00e1cidos, bases e solventes.<\/li>\n<li><strong>Ampla faixa de temperatura:<\/strong> Apresenta desempenho confi\u00e1vel em temperaturas extremas, normalmente de -65 \u00b0C a 260 \u00b0C (-85 \u00b0F a 500 \u00b0F).<\/li>\n<li><strong>Efici\u00eancia de fluxo aprimorada:<\/strong> O interior liso como um espelho evita o aprisionamento de part\u00edculas e reduz o atrito, resultando em maiores taxas de fluxo e limpeza simplificada (CIP\/SIP).<\/li>\n<li><strong>Flexibilidade excepcional:<\/strong> O exterior convoluto proporciona um raio de curvatura estreito, tornando-o ideal para aplica\u00e7\u00f5es din\u00e2micas e projetos de sistemas compactos.<\/li>\n<li><strong>Durabilidade e longevidade:<\/strong> Altamente resistente a rachaduras por estresse, envelhecimento e radia\u00e7\u00e3o UV, garantindo uma vida \u00fatil longa e confi\u00e1vel.<\/li>\n<\/ul>\n<h3 id=\"technical-specifications\">Especifica\u00e7\u00f5es t\u00e9cnicas<\/h3>\n<p>Abaixo est\u00e3o as especifica\u00e7\u00f5es padr\u00e3o para nossos <strong>Tubos de PTFE corrugados de furo liso<\/strong>. Tamanhos e configura\u00e7\u00f5es personalizados est\u00e3o dispon\u00edveis mediante solicita\u00e7\u00e3o para atender \u00e0s necessidades espec\u00edficas do seu projeto.<\/p>\n<table>\n<thead>\n<tr>\n<th style=\"text-align: left;\">Tamanho<\/th>\n<th style=\"text-align: left;\">DI (mm)<\/th>\n<th style=\"text-align: left;\">DE (mm)<\/th>\n<th style=\"text-align: left;\">Press\u00e3o de trabalho (bar)<\/th>\n<th style=\"text-align: left;\">Press\u00e3o de ruptura (bar)<\/th>\n<th style=\"text-align: left;\">Raio de curvatura m\u00ednimo (mm)<\/th>\n<\/tr>\n<\/thead>\n<tbody>\n<tr>\n<td style=\"text-align: left;\">1\/4&#8243;<\/td>\n<td style=\"text-align: left;\">6,1\u00b10,3<\/td>\n<td style=\"text-align: left;\">9,9\u00b10,3<\/td>\n<td style=\"text-align: left;\">183<\/td>\n<td style=\"text-align: left;\">551<\/td>\n<td style=\"text-align: left;\">45<\/td>\n<\/tr>\n<tr>\n<td style=\"text-align: left;\">5\/16&#8243;<\/td>\n<td style=\"text-align: left;\">7,8\u00b10,3<\/td>\n<td style=\"text-align: left;\">11,4\u00b10,3<\/td>\n<td style=\"text-align: left;\">155<\/td>\n<td style=\"text-align: left;\">466<\/td>\n<td style=\"text-align: left;\">50<\/td>\n<\/tr>\n<tr>\n<td style=\"text-align: left;\">3\/8&#8243;<\/td>\n<td style=\"text-align: left;\">9,6\u00b10,3<\/td>\n<td style=\"text-align: left;\">14,1\u00b10,3<\/td>\n<td style=\"text-align: left;\">138<\/td>\n<td style=\"text-align: left;\">414<\/td>\n<td style=\"text-align: left;\">55<\/td>\n<\/tr>\n<tr>\n<td style=\"text-align: left;\">1\/2&#8243;<\/td>\n<td style=\"text-align: left;\">12,7\u00b10,3<\/td>\n<td style=\"text-align: left;\">17,2\u00b10,3<\/td>\n<td style=\"text-align: left;\">110<\/td>\n<td style=\"text-align: left;\">331<\/td>\n<td style=\"text-align: left;\">60<\/td>\n<\/tr>\n<tr>\n<td style=\"text-align: left;\">5\/8&#8243;<\/td>\n<td style=\"text-align: left;\">15,7\u00b10,3<\/td>\n<td style=\"text-align: left;\">20,7\u00b10,3<\/td>\n<td style=\"text-align: left;\">95<\/td>\n<td style=\"text-align: left;\">286<\/td>\n<td style=\"text-align: left;\">70<\/td>\n<\/tr>\n<tr>\n<td style=\"text-align: left;\">3\/4&#8243;<\/td>\n<td style=\"text-align: left;\">18,8\u00b10,3<\/td>\n<td style=\"text-align: left;\">23,7\u00b10,3<\/td>\n<td style=\"text-align: left;\">81<\/td>\n<td style=\"text-align: left;\">245<\/td>\n<td style=\"text-align: left;\">80<\/td>\n<\/tr>\n<tr>\n<td style=\"text-align: left;\">1&#8243;<\/td>\n<td style=\"text-align: left;\">25,4\u00b10,3<\/td>\n<td style=\"text-align: left;\">29\u00b10,3<\/td>\n<td style=\"text-align: left;\">70<\/td>\n<td style=\"text-align: left;\">211<\/td>\n<td style=\"text-align: left;\">135<\/td>\n<\/tr>\n<\/tbody>\n<\/table>\n<h3 id=\"applications\">Aplica\u00e7\u00f5es<\/h3>\n<p>A versatilidade do nosso <strong>Tubo corrugado interno plano externo de PTFE<\/strong> faz com que seja a escolha preferida em v\u00e1rios setores:<\/p>\n<ul>\n<li><strong>Processamento Qu\u00edmico:<\/strong> Transfer\u00eancia segura de produtos qu\u00edmicos corrosivos, \u00e1cidos e solventes.<\/li>\n<li><strong>Farmac\u00eautica e Biotecnol\u00f3gica:<\/strong> Aplica\u00e7\u00f5es de alta pureza que exigem tubos n\u00e3o contaminantes e esteriliz\u00e1veis.<\/li>\n<li><strong>Alimentos e bebidas:<\/strong> Manuseio de produtos de qualidade alimentar, onde a higiene e as propriedades n\u00e3o contaminantes s\u00e3o essenciais.<\/li>\n<li><strong>Fabrica\u00e7\u00e3o de semicondutores:<\/strong> Transporte de \u00e1gua ultrapura e agentes de limpeza agressivos.<\/li>\n<li><strong>Automotivo e aeroespacial:<\/strong> Usado em linhas de fluidos para combust\u00edvel, refrigerantes e sistemas hidr\u00e1ulicos que exigem flexibilidade e resist\u00eancia.<\/li>\n<li><strong>Laborat\u00f3rio e Pesquisa:<\/strong> Ideal para configura\u00e7\u00f5es de laborat\u00f3rio vers\u00e1teis e exigentes.<\/li>\n<\/ul>\n<h3 id=\"why-choose-teflon-x-\">Por que escolher o Teflon X?<\/h3>\n<p>No <a href=\"https:\/\/teflonx.com\/pt\/\" target=\"_blank\" rel=\"noopener\">Teflon X<\/a>, nos dedicamos \u00e0 excel\u00eancia em engenharia e \u00e0 satisfa\u00e7\u00e3o do cliente. Nossos <strong>Mangueira interna plana externa ondulada<\/strong> \u00e9 fabricado sob rigorosos controles de qualidade para oferecer um desempenho consistente e confi\u00e1vel. Fazemos parcerias com nossos clientes para fornecer n\u00e3o apenas um produto, mas uma solu\u00e7\u00e3o completa, adaptada \u00e0s suas necessidades operacionais.<\/p>\n<h3 id=\"contact-us-for-a-custom-quote\">Entre em contato conosco para um or\u00e7amento personalizado<\/h3>\n<p>Pronto para aprimorar seu sistema de manuseio de fluidos com tecnologia superior? Para consultas detalhadas, solicita\u00e7\u00f5es de dimens\u00f5es personalizadas ou para discutir sua aplica\u00e7\u00e3o espec\u00edfica, entre em contato com nossa equipe de especialistas.<\/p>\n<p><strong>E-mail:<\/strong> <a href=\"mailto:Allison.Ye@teflonx.com\" target=\"_blank\" rel=\"noopener\">Allison.Ye@teflonx.com<\/a><\/p>\n<p><strong>Visite nossa p\u00e1gina de contato:<\/strong> <a href=\"https:\/\/teflonx.com\/pt\/contate-nos\/\" target=\"_blank\" rel=\"noopener\">https:\/\/teflonx.com\/contact-us\/<\/a><\/p>\n<p>Deixar <strong>Teflon X<\/strong> seja seu parceiro de confian\u00e7a para solu\u00e7\u00f5es de PTFE de alto desempenho.<\/p>","protected":false},"excerpt":{"rendered":"<p>Descubra o Tubo de PTFE Corrugado com Furo Liso, com superf\u00edcie interna plana para fluxo eficiente e camada externa corrugada para maior flexibilidade no manuseio de fluidos industriais. Este Tubo de PTFE Corrugado com Interna e Externa Plana oferece resist\u00eancia qu\u00edmica e estabilidade t\u00e9rmica incompar\u00e1veis, tornando-o a melhor escolha para um desempenho confi\u00e1vel.<\/p>\n<p>Em aplica\u00e7\u00f5es como processamento petroqu\u00edmico, a mangueira corrugada interna plana e externa ondulada minimiza a turbul\u00eancia e o ac\u00famulo, garantindo opera\u00e7\u00f5es limpas.<\/p>\n<p>Com sua constru\u00e7\u00e3o em PTFE, esta variante de tubo de PTFE corrugado com furo interno liso e externo se destaca pela longevidade e facilidade de instala\u00e7\u00e3o em sistemas complexos.<\/p>","protected":false},"featured_media":827,"comment_status":"open","ping_status":"closed","template":"","meta":{"site-sidebar-layout":"default","site-content-layout":"","ast-site-content-layout":"default","site-content-style":"default","site-sidebar-style":"default","ast-global-header-display":"","ast-banner-title-visibility":"","ast-main-header-display":"","ast-hfb-above-header-display":"","ast-hfb-below-header-display":"","ast-hfb-mobile-header-display":"","site-post-title":"","ast-breadcrumbs-content":"","ast-featured-img":"","footer-sml-layout":"","ast-disable-related-posts":"","theme-transparent-header-meta":"default","adv-header-id-meta":"","stick-header-meta":"","header-above-stick-meta":"","header-main-stick-meta":"","header-below-stick-meta":"","astra-migrate-meta-layouts":"set","ast-page-background-enabled":"default","ast-page-background-meta":{"desktop":{"background-color":"var(--ast-global-color-5)","background-image":"","background-repeat":"repeat","background-position":"center center","background-size":"auto","background-attachment":"scroll","background-type":"","background-media":"","overlay-type":"","overlay-color":"","overlay-opacity":"","overlay-gradient":""},"tablet":{"background-color":"","background-image":"","background-repeat":"repeat","background-position":"center center","background-size":"auto","background-attachment":"scroll","background-type":"","background-media":"","overlay-type":"","overlay-color":"","overlay-opacity":"","overlay-gradient":""},"mobile":{"background-color":"","background-image":"","background-repeat":"repeat","background-position":"center center","background-size":"auto","background-attachment":"scroll","background-type":"","background-media":"","overlay-type":"","overlay-color":"","overlay-opacity":"","overlay-gradient":""}},"ast-content-background-meta":{"desktop":{"background-color":"var(--ast-global-color-4)","background-image":"","background-repeat":"repeat","background-position":"center center","background-size":"auto","background-attachment":"scroll","background-type":"","background-media":"","overlay-type":"","overlay-color":"","overlay-opacity":"","overlay-gradient":""},"tablet":{"background-color":"var(--ast-global-color-4)","background-image":"","background-repeat":"repeat","background-position":"center center","background-size":"auto","background-attachment":"scroll","background-type":"","background-media":"","overlay-type":"","overlay-color":"","overlay-opacity":"","overlay-gradient":""},"mobile":{"background-color":"var(--ast-global-color-4)","background-image":"","background-repeat":"repeat","background-position":"center center","background-size":"auto","background-attachment":"scroll","background-type":"","background-media":"","overlay-type":"","overlay-color":"","overlay-opacity":"","overlay-gradient":""}}},"product_brand":[290],"product_cat":[42],"product_tag":[296,295,294],"class_list":{"0":"post-826","1":"product","2":"type-product","3":"status-publish","4":"has-post-thumbnail","6":"product_brand-teflon-x","7":"product_cat-ptfe-corrugated-hoses","8":"product_tag-internal-flat-external-wave-corrugated-hose","9":"product_tag-ptfe-inner-flat-outer-corrugated-pipe","10":"product_tag-smooth-bore-corrugated-ptfe-tubing","11":"desktop-align-left","12":"tablet-align-left","13":"mobile-align-left","15":"first","16":"instock","17":"shipping-taxable","18":"product-type-simple"},"_links":{"self":[{"href":"https:\/\/teflonx.com\/pt\/wp-json\/wp\/v2\/product\/826","targetHints":{"allow":["GET"]}}],"collection":[{"href":"https:\/\/teflonx.com\/pt\/wp-json\/wp\/v2\/product"}],"about":[{"href":"https:\/\/teflonx.com\/pt\/wp-json\/wp\/v2\/types\/product"}],"replies":[{"embeddable":true,"href":"https:\/\/teflonx.com\/pt\/wp-json\/wp\/v2\/comments?post=826"}],"wp:featuredmedia":[{"embeddable":true,"href":"https:\/\/teflonx.com\/pt\/wp-json\/wp\/v2\/media\/827"}],"wp:attachment":[{"href":"https:\/\/teflonx.com\/pt\/wp-json\/wp\/v2\/media?parent=826"}],"wp:term":[{"taxonomy":"product_brand","embeddable":true,"href":"https:\/\/teflonx.com\/pt\/wp-json\/wp\/v2\/product_brand?post=826"},{"taxonomy":"product_cat","embeddable":true,"href":"https:\/\/teflonx.com\/pt\/wp-json\/wp\/v2\/product_cat?post=826"},{"taxonomy":"product_tag","embeddable":true,"href":"https:\/\/teflonx.com\/pt\/wp-json\/wp\/v2\/product_tag?post=826"}],"curies":[{"name":"wp","href":"https:\/\/api.w.org\/{rel}","templated":true}]}}