{"id":829,"date":"2025-07-15T07:21:31","date_gmt":"2025-07-15T07:21:31","guid":{"rendered":"https:\/\/teflonx.com\/?post_type=product&#038;p=829"},"modified":"2025-07-15T07:21:33","modified_gmt":"2025-07-15T07:21:33","slug":"tubo-de-fole-ptfe-interno-plano-externo-corrugado-para-uso-farmaceutico","status":"publish","type":"product","link":"https:\/\/teflonx.com\/pt\/product\/tubo-de-fole-ptfe-interno-plano-externo-corrugado-para-uso-farmaceutico\/","title":{"rendered":"Tubo de fole de PTFE: interno plano externo corrugado para uso farmac\u00eautico"},"content":{"rendered":"<h2><strong>Tubo de fole de PTFE: interno plano externo corrugado para uso farmac\u00eautico<\/strong><\/h2>\n<p><strong>O tubo de fole de PTFE com design interno plano e externo corrugado proporciona desempenho higi\u00eanico e n\u00e3o contaminante para aplica\u00e7\u00f5es farmac\u00eauticas. Este tubo de PTFE corrugado com furo interno liso e externo facilita a transfer\u00eancia suave do produto, ao mesmo tempo que resiste a agentes sanitizantes agressivos.<\/strong><\/p>\n<p><strong>Adequado para ambientes est\u00e9reis, o tubo corrugado interno plano e externo ondulado mant\u00e9m a pureza nos processos de fabrica\u00e7\u00e3o de medicamentos, oferecendo flexibilidade sem comprometer a resist\u00eancia.<\/strong><\/p>\n<p><strong>Opte por este tubo corrugado PTFE interno plano externo para aumentar a efici\u00eancia; sua estrutura tipo fole, semelhante ao tubo corrugado PTFE interno plano externo, garante a conformidade com os padr\u00f5es rigorosos da ind\u00fastria.<\/strong><\/p>\n<p>Na Teflon X, somos especializados em fornecer solu\u00e7\u00f5es de transfer\u00eancia de fluidos de alto desempenho. Nossos <strong>Tubo de fole de PTFE<\/strong> Projetado para atender \u00e0s rigorosas demandas das ind\u00fastrias farmac\u00eautica, biotecnol\u00f3gica e de alimentos e bebidas. Sua constru\u00e7\u00e3o exclusiva apresenta uma superf\u00edcie interna perfeitamente lisa para fluxo desimpedido e uma superf\u00edcie externa ondulada para flexibilidade superior e resist\u00eancia a tor\u00e7\u00f5es.<\/p>\n<hr \/>\n<h3 id=\"-key-features-benefits-\"><strong>Principais recursos e benef\u00edcios<\/strong><\/h3>\n<ul>\n<li><strong>Higi\u00eanico e n\u00e3o contaminante:<\/strong> O furo interno ultra-suave do nosso <strong>Tubo de PTFE corrugado externo com furo liso interno<\/strong> Previne o ac\u00famulo de part\u00edculas e a contamina\u00e7\u00e3o microbiana, garantindo a pureza do produto. Ideal para aplica\u00e7\u00f5es sanit\u00e1rias.<\/li>\n<li><strong>Flexibilidade superior:<\/strong> O design do \u201cfole\u201d corrugado proporciona um excelente raio de curvatura, facilitando a instala\u00e7\u00e3o em espa\u00e7os complexos e apertados, sem o risco de tor\u00e7\u00f5es ou restri\u00e7\u00e3o de fluxo.<\/li>\n<li><strong>Resist\u00eancia qu\u00edmica excepcional:<\/strong> Feito de PTFE virgem 100%, este tubo \u00e9 praticamente inerte a todos os produtos qu\u00edmicos comuns, solventes e agentes de limpeza agressivos (CIP\/SIP), garantindo longa vida \u00fatil e integridade do processo.<\/li>\n<li><strong>Ampla faixa de temperatura:<\/strong> O <strong>Tubo de fole de PTFE<\/strong> apresenta desempenho confi\u00e1vel em um amplo espectro de temperaturas, desde n\u00edveis criog\u00eanicos at\u00e9 altas temperaturas, tornando-o adequado para v\u00e1rios est\u00e1gios de processamento.<\/li>\n<li><strong>Constru\u00e7\u00e3o dur\u00e1vel:<\/strong> Refor\u00e7ado com uma tran\u00e7a de a\u00e7o inoxid\u00e1vel 304, este <strong>Tubo corrugado interno plano externo ondulado<\/strong> oferece excelente resist\u00eancia \u00e0 press\u00e3o e durabilidade f\u00edsica, protegendo o n\u00facleo da abras\u00e3o e do impacto externo.<\/li>\n<li><strong>Superf\u00edcie antiaderente:<\/strong> As propriedades inerentes de baixo atrito e antiader\u00eancia do PTFE facilitam a drenagem completa e simplificam os processos de limpeza, reduzindo o tempo de inatividade e os riscos de contamina\u00e7\u00e3o cruzada.<\/li>\n<\/ul>\n<hr \/>\n<h3 id=\"-technical-specifications-\"><strong>Especifica\u00e7\u00f5es t\u00e9cnicas<\/strong><\/h3>\n<p>A tabela abaixo descreve as especifica\u00e7\u00f5es padr\u00e3o para nosso a\u00e7o inoxid\u00e1vel 304 tran\u00e7ado <strong>Tubo de fole de PTFE<\/strong>. Dimens\u00f5es e configura\u00e7\u00f5es personalizadas est\u00e3o dispon\u00edveis para atender \u00e0s suas necessidades espec\u00edficas.<\/p>\n<table>\n<thead>\n<tr>\n<th style=\"text-align: left;\">Tamanho<\/th>\n<th style=\"text-align: left;\">Di\u00e2metro interno (mm)<\/th>\n<th style=\"text-align: left;\">Di\u00e2metro externo (mm)<\/th>\n<th style=\"text-align: left;\">Press\u00e3o de trabalho (bar)<\/th>\n<th style=\"text-align: left;\">Press\u00e3o de ruptura (bar)<\/th>\n<th style=\"text-align: left;\">Raio de curvatura m\u00ednimo (mm)<\/th>\n<\/tr>\n<\/thead>\n<tbody>\n<tr>\n<td style=\"text-align: left;\">1\/4&#8243;<\/td>\n<td style=\"text-align: left;\">6,1\u00b10,3<\/td>\n<td style=\"text-align: left;\">9,9\u00b10,3<\/td>\n<td style=\"text-align: left;\">183<\/td>\n<td style=\"text-align: left;\">551<\/td>\n<td style=\"text-align: left;\">45<\/td>\n<\/tr>\n<tr>\n<td style=\"text-align: left;\">5\/16&#8243;<\/td>\n<td style=\"text-align: left;\">7,8\u00b10,3<\/td>\n<td style=\"text-align: left;\">11,4\u00b10,3<\/td>\n<td style=\"text-align: left;\">155<\/td>\n<td style=\"text-align: left;\">466<\/td>\n<td style=\"text-align: left;\">50<\/td>\n<\/tr>\n<tr>\n<td style=\"text-align: left;\">3\/8&#8243;<\/td>\n<td style=\"text-align: left;\">9,6\u00b10,3<\/td>\n<td style=\"text-align: left;\">14,1\u00b10,3<\/td>\n<td style=\"text-align: left;\">138<\/td>\n<td style=\"text-align: left;\">414<\/td>\n<td style=\"text-align: left;\">55<\/td>\n<\/tr>\n<tr>\n<td style=\"text-align: left;\">1\/2&#8243;<\/td>\n<td style=\"text-align: left;\">12,7\u00b10,3<\/td>\n<td style=\"text-align: left;\">17,2\u00b10,3<\/td>\n<td style=\"text-align: left;\">110<\/td>\n<td style=\"text-align: left;\">331<\/td>\n<td style=\"text-align: left;\">60<\/td>\n<\/tr>\n<tr>\n<td style=\"text-align: left;\">5\/8&#8243;<\/td>\n<td style=\"text-align: left;\">15,7\u00b10,3<\/td>\n<td style=\"text-align: left;\">20,7\u00b10,3<\/td>\n<td style=\"text-align: left;\">95<\/td>\n<td style=\"text-align: left;\">286<\/td>\n<td style=\"text-align: left;\">70<\/td>\n<\/tr>\n<tr>\n<td style=\"text-align: left;\">3\/4&#8243;<\/td>\n<td style=\"text-align: left;\">18,8\u00b10,3<\/td>\n<td style=\"text-align: left;\">23,7\u00b10,3<\/td>\n<td style=\"text-align: left;\">81<\/td>\n<td style=\"text-align: left;\">245<\/td>\n<td style=\"text-align: left;\">80<\/td>\n<\/tr>\n<tr>\n<td style=\"text-align: left;\">1&#8243;<\/td>\n<td style=\"text-align: left;\">25,4\u00b10,3<\/td>\n<td style=\"text-align: left;\">29\u00b10,3<\/td>\n<td style=\"text-align: left;\">70<\/td>\n<td style=\"text-align: left;\">211<\/td>\n<td style=\"text-align: left;\">135<\/td>\n<\/tr>\n<\/tbody>\n<\/table>\n<hr \/>\n<h3 id=\"-primary-applications-\"><strong>Aplica\u00e7\u00f5es prim\u00e1rias<\/strong><\/h3>\n<p>Esta tubula\u00e7\u00e3o vers\u00e1til \u00e9 a escolha preferida para aplica\u00e7\u00f5es cr\u00edticas, incluindo:<\/p>\n<ul>\n<li><strong>Farmac\u00eautica e Bioprocessamento:<\/strong> Transfer\u00eancia de ingredientes farmac\u00eauticos ativos (IFAs), \u00e1gua purificada (WFI) e meios est\u00e9reis.<\/li>\n<li><strong>Alimentos e bebidas:<\/strong> Manuseio de fluidos viscosos, latic\u00ednios e bebidas onde a higiene \u00e9 primordial.<\/li>\n<li><strong>Processamento Qu\u00edmico:<\/strong> Transfer\u00eancia segura de \u00e1cidos, bases e solventes corrosivos.<\/li>\n<li><strong>Cosm\u00e9ticos:<\/strong> Linhas de produ\u00e7\u00e3o para lo\u00e7\u00f5es, cremes e outras formula\u00e7\u00f5es sens\u00edveis.<\/li>\n<li><strong>Laborat\u00f3rios e Pesquisa:<\/strong> Linhas de fluidos de alta pureza para equipamentos anal\u00edticos e cient\u00edficos.<\/li>\n<\/ul>\n<hr \/>\n<h3 id=\"-why-choose-teflon-x-\"><strong>Por que escolher o Teflon X?<\/strong><\/h3>\n<p>Teflon X \u00e9 o seu parceiro de confian\u00e7a para solu\u00e7\u00f5es avan\u00e7adas em tubos. Temos o compromisso de fornecer produtos da mais alta qualidade, com suporte t\u00e9cnico especializado. Nossos <strong>Tubo de PTFE corrugado externo com furo liso interno<\/strong> \u00e9 fabricado para exceder os padr\u00f5es da ind\u00fastria, garantindo que voc\u00ea receba um produto confi\u00e1vel e eficiente.<\/p>\n<h3 id=\"-request-a-quote-\"><strong>Solicite um or\u00e7amento<\/strong><\/h3>\n<p>Pronto para aprimorar suas opera\u00e7\u00f5es com nosso alto desempenho <strong>Tubo de fole de PTFE<\/strong>? Entre em contato com nossa equipe de especialistas hoje mesmo para discutir suas necessidades de aplica\u00e7\u00e3o, solicitar uma amostra ou obter um or\u00e7amento personalizado.<\/p>\n<p><strong>Visite nossa p\u00e1gina de contato:<\/strong> <strong><a href=\"https:\/\/teflonx.com\/pt\/contate-nos\/\" target=\"_blank\" rel=\"noopener\">https:\/\/teflonx.com\/contact-us\/<\/a><\/strong><\/p>\n<p><strong>Envie-nos um e-mail diretamente:<\/strong> <strong><a href=\"mailto:Allison.Ye@teflonx.com\" target=\"_blank\" rel=\"noopener\">Allison.Ye@teflonx.com<\/a><\/strong><\/p>\n<p>Estamos ansiosos para ajud\u00e1-lo a encontrar a solu\u00e7\u00e3o perfeita em <strong><a href=\"https:\/\/teflonx.com\/pt\/\" target=\"_blank\" rel=\"noopener\">https:\/\/teflonx.com\/<\/a><\/strong>.<\/p>","protected":false},"excerpt":{"rendered":"<p>O tubo de fole de PTFE com design interno plano e externo corrugado proporciona desempenho higi\u00eanico e n\u00e3o contaminante para aplica\u00e7\u00f5es farmac\u00eauticas. Este tubo de PTFE corrugado com furo interno liso e externo facilita a transfer\u00eancia suave do produto, ao mesmo tempo que resiste a agentes sanitizantes agressivos.<\/p>\n<p>Adequado para ambientes est\u00e9reis, o tubo corrugado interno plano e externo ondulado mant\u00e9m a pureza nos processos de fabrica\u00e7\u00e3o de medicamentos, oferecendo flexibilidade sem comprometer a resist\u00eancia.<\/p>\n<p>Opte por este tubo corrugado PTFE interno plano externo para aumentar a efici\u00eancia; sua estrutura tipo fole, semelhante ao tubo corrugado PTFE interno plano externo, garante a conformidade com os padr\u00f5es rigorosos da ind\u00fastria.<\/p>","protected":false},"featured_media":830,"comment_status":"open","ping_status":"closed","template":"","meta":{"site-sidebar-layout":"default","site-content-layout":"","ast-site-content-layout":"default","site-content-style":"default","site-sidebar-style":"default","ast-global-header-display":"","ast-banner-title-visibility":"","ast-main-header-display":"","ast-hfb-above-header-display":"","ast-hfb-below-header-display":"","ast-hfb-mobile-header-display":"","site-post-title":"","ast-breadcrumbs-content":"","ast-featured-img":"","footer-sml-layout":"","ast-disable-related-posts":"","theme-transparent-header-meta":"default","adv-header-id-meta":"","stick-header-meta":"","header-above-stick-meta":"","header-main-stick-meta":"","header-below-stick-meta":"","astra-migrate-meta-layouts":"set","ast-page-background-enabled":"default","ast-page-background-meta":{"desktop":{"background-color":"var(--ast-global-color-5)","background-image":"","background-repeat":"repeat","background-position":"center center","background-size":"auto","background-attachment":"scroll","background-type":"","background-media":"","overlay-type":"","overlay-color":"","overlay-opacity":"","overlay-gradient":""},"tablet":{"background-color":"","background-image":"","background-repeat":"repeat","background-position":"center center","background-size":"auto","background-attachment":"scroll","background-type":"","background-media":"","overlay-type":"","overlay-color":"","overlay-opacity":"","overlay-gradient":""},"mobile":{"background-color":"","background-image":"","background-repeat":"repeat","background-position":"center center","background-size":"auto","background-attachment":"scroll","background-type":"","background-media":"","overlay-type":"","overlay-color":"","overlay-opacity":"","overlay-gradient":""}},"ast-content-background-meta":{"desktop":{"background-color":"var(--ast-global-color-4)","background-image":"","background-repeat":"repeat","background-position":"center center","background-size":"auto","background-attachment":"scroll","background-type":"","background-media":"","overlay-type":"","overlay-color":"","overlay-opacity":"","overlay-gradient":""},"tablet":{"background-color":"var(--ast-global-color-4)","background-image":"","background-repeat":"repeat","background-position":"center center","background-size":"auto","background-attachment":"scroll","background-type":"","background-media":"","overlay-type":"","overlay-color":"","overlay-opacity":"","overlay-gradient":""},"mobile":{"background-color":"var(--ast-global-color-4)","background-image":"","background-repeat":"repeat","background-position":"center center","background-size":"auto","background-attachment":"scroll","background-type":"","background-media":"","overlay-type":"","overlay-color":"","overlay-opacity":"","overlay-gradient":""}}},"product_brand":[290],"product_cat":[42],"product_tag":[291,292,297],"class_list":{"0":"post-829","1":"product","2":"type-product","3":"status-publish","4":"has-post-thumbnail","6":"product_brand-teflon-x","7":"product_cat-ptfe-corrugated-hoses","8":"product_tag-inner-smooth-bore-outer-corrugated-ptfe-tube","9":"product_tag-internal-flat-external-wave-corrugated-pipe","10":"product_tag-ptfe-bellows-tube","11":"desktop-align-left","12":"tablet-align-left","13":"mobile-align-left","15":"first","16":"instock","17":"shipping-taxable","18":"product-type-simple"},"_links":{"self":[{"href":"https:\/\/teflonx.com\/pt\/wp-json\/wp\/v2\/product\/829","targetHints":{"allow":["GET"]}}],"collection":[{"href":"https:\/\/teflonx.com\/pt\/wp-json\/wp\/v2\/product"}],"about":[{"href":"https:\/\/teflonx.com\/pt\/wp-json\/wp\/v2\/types\/product"}],"replies":[{"embeddable":true,"href":"https:\/\/teflonx.com\/pt\/wp-json\/wp\/v2\/comments?post=829"}],"wp:featuredmedia":[{"embeddable":true,"href":"https:\/\/teflonx.com\/pt\/wp-json\/wp\/v2\/media\/830"}],"wp:attachment":[{"href":"https:\/\/teflonx.com\/pt\/wp-json\/wp\/v2\/media?parent=829"}],"wp:term":[{"taxonomy":"product_brand","embeddable":true,"href":"https:\/\/teflonx.com\/pt\/wp-json\/wp\/v2\/product_brand?post=829"},{"taxonomy":"product_cat","embeddable":true,"href":"https:\/\/teflonx.com\/pt\/wp-json\/wp\/v2\/product_cat?post=829"},{"taxonomy":"product_tag","embeddable":true,"href":"https:\/\/teflonx.com\/pt\/wp-json\/wp\/v2\/product_tag?post=829"}],"curies":[{"name":"wp","href":"https:\/\/api.w.org\/{rel}","templated":true}]}}