{"id":831,"date":"2025-07-15T07:31:35","date_gmt":"2025-07-15T07:31:35","guid":{"rendered":"https:\/\/teflonx.com\/?post_type=product&#038;p=831"},"modified":"2025-07-19T02:43:09","modified_gmt":"2025-07-19T02:43:09","slug":"tubo-de-ptfe-corrugado-interno-liso-externo","status":"publish","type":"product","link":"https:\/\/teflonx.com\/pt\/product\/tubo-de-ptfe-corrugado-interno-liso-externo\/","title":{"rendered":"Tubo de PTFE corrugado interno e externo, dur\u00e1vel e liso para fluidos de alta temperatura"},"content":{"rendered":"<h1 id=\"durable-inner-smooth-outer-corrugated-ptfe-pipe-for-high-temp-fluids\">Tubo de PTFE corrugado interno e externo, dur\u00e1vel e liso para fluidos de alta temperatura<\/h1>\n<h2 id=\"product-overview\">Vis\u00e3o geral do produto<\/h2>\n<p>Projetados para condi\u00e7\u00f5es extremas, nossos <strong>Tubo de PTFE corrugado interno e externo, dur\u00e1vel e liso<\/strong> Apresenta um furo interno plano para transporte cont\u00ednuo de fluidos em altas temperaturas e uma camada externa corrugada para maior durabilidade. Este tubo corrugado interno plano externo de PTFE se destaca na resist\u00eancia \u00e0 degrada\u00e7\u00e3o t\u00e9rmica e a ataques qu\u00edmicos, tornando-o uma escolha confi\u00e1vel para diversas aplica\u00e7\u00f5es industriais.<\/p>\n<p>Em <strong>automotivo<\/strong> e <strong>aeroespacial<\/strong> setores, o <strong>Mangueira interna plana externa ondulada<\/strong> oferece desempenho excepcional sob press\u00e3o. Escolha isto <strong>Tubo de PTFE corrugado externo com furo liso interno<\/strong> variante por sua robustez e efici\u00eancia de projeto, garantindo confiabilidade de longo prazo em sistemas de fluidos quentes.<\/p>\n<h2 id=\"key-features\">Principais caracter\u00edsticas<\/h2>\n<ul>\n<li><strong>Resist\u00eancia a altas temperaturas<\/strong>: Adequado para condi\u00e7\u00f5es operacionais extremas.<\/li>\n<li><strong>Resili\u00eancia qu\u00edmica<\/strong>: Projetado para lidar com fluidos agressivos sem degrada\u00e7\u00e3o.<\/li>\n<li><strong>Constru\u00e7\u00e3o robusta<\/strong>: O exterior corrugado aumenta a durabilidade e a flexibilidade.<\/li>\n<li><strong>Furo interno liso<\/strong>: Facilita o fluxo eficiente de fluidos e minimiza a turbul\u00eancia.<\/li>\n<\/ul>\n<h2 id=\"technical-specifications\">Especifica\u00e7\u00f5es t\u00e9cnicas<\/h2>\n<table>\n<thead>\n<tr>\n<th style=\"text-align: center;\"><strong>Tamanho (polegadas)<\/strong><\/th>\n<th style=\"text-align: center;\"><strong>Di\u00e2metro interno (mm)<\/strong><\/th>\n<th style=\"text-align: center;\"><strong>Di\u00e2metro externo (mm)<\/strong><\/th>\n<th style=\"text-align: center;\"><strong>Press\u00e3o de trabalho (bar)<\/strong><\/th>\n<th style=\"text-align: center;\"><strong>Press\u00e3o de ruptura (bar)<\/strong><\/th>\n<th style=\"text-align: center;\"><strong>Raio de curvatura m\u00ednimo (mm)<\/strong><\/th>\n<\/tr>\n<\/thead>\n<tbody>\n<tr>\n<td style=\"text-align: center;\">1\/4&#8243;<\/td>\n<td style=\"text-align: center;\">6,1 \u00b1 0,3<\/td>\n<td style=\"text-align: center;\">9,9 \u00b1 0,3<\/td>\n<td style=\"text-align: center;\">183<\/td>\n<td style=\"text-align: center;\">551<\/td>\n<td style=\"text-align: center;\">45<\/td>\n<\/tr>\n<tr>\n<td style=\"text-align: center;\">5\/16&#8243;<\/td>\n<td style=\"text-align: center;\">7,8 \u00b1 0,3<\/td>\n<td style=\"text-align: center;\">11,4 \u00b1 0,3<\/td>\n<td style=\"text-align: center;\">155<\/td>\n<td style=\"text-align: center;\">466<\/td>\n<td style=\"text-align: center;\">50<\/td>\n<\/tr>\n<tr>\n<td style=\"text-align: center;\">3\/8&#8243;<\/td>\n<td style=\"text-align: center;\">9,6 \u00b1 0,3<\/td>\n<td style=\"text-align: center;\">14,1 \u00b1 0,3<\/td>\n<td style=\"text-align: center;\">138<\/td>\n<td style=\"text-align: center;\">414<\/td>\n<td style=\"text-align: center;\">55<\/td>\n<\/tr>\n<tr>\n<td style=\"text-align: center;\">1\/2&#8243;<\/td>\n<td style=\"text-align: center;\">12,7 \u00b1 0,3<\/td>\n<td style=\"text-align: center;\">17,2 \u00b1 0,3<\/td>\n<td style=\"text-align: center;\">110<\/td>\n<td style=\"text-align: center;\">331<\/td>\n<td style=\"text-align: center;\">60<\/td>\n<\/tr>\n<tr>\n<td style=\"text-align: center;\">5\/8&#8243;<\/td>\n<td style=\"text-align: center;\">15,7 \u00b1 0,3<\/td>\n<td style=\"text-align: center;\">20,7 \u00b1 0,3<\/td>\n<td style=\"text-align: center;\">95<\/td>\n<td style=\"text-align: center;\">286<\/td>\n<td style=\"text-align: center;\">70<\/td>\n<\/tr>\n<tr>\n<td style=\"text-align: center;\">3\/4&#8243;<\/td>\n<td style=\"text-align: center;\">18,8 \u00b1 0,3<\/td>\n<td style=\"text-align: center;\">23,7 \u00b1 0,3<\/td>\n<td style=\"text-align: center;\">81<\/td>\n<td style=\"text-align: center;\">245<\/td>\n<td style=\"text-align: center;\">80<\/td>\n<\/tr>\n<tr>\n<td style=\"text-align: center;\">1&#8243;<\/td>\n<td style=\"text-align: center;\">25,4 \u00b1 0,3<\/td>\n<td style=\"text-align: center;\">29 \u00b1 0,3<\/td>\n<td style=\"text-align: center;\">70<\/td>\n<td style=\"text-align: center;\">211<\/td>\n<td style=\"text-align: center;\">135<\/td>\n<\/tr>\n<\/tbody>\n<\/table>\n<p><em>As especifica\u00e7\u00f5es acima representam nosso tubo de PTFE corrugado interno, liso e externo padr\u00e3o. Para di\u00e2metros maiores, press\u00f5es de trabalho mais elevadas, melhor capacidade de resist\u00eancia ou raios de curvatura menores, entre em contato conosco.<\/em><\/p>\n<h2 id=\"contact-us\">Contate-nos<\/h2>\n<p>Para mais informa\u00e7\u00f5es ou para fazer um pedido, visite nosso <a href=\"https:\/\/teflonx.com\/pt\/contate-nos\/\" target=\"_blank\" rel=\"noopener\">P\u00e1gina de contato<\/a> ou entre em contato por e-mail em <a href=\"mailto:Allison.Ye@teflonx.com\" target=\"_blank\" rel=\"noopener\">Allison.Ye@teflonx.com<\/a>.<\/p>\n<p>Explore mais sobre nossos produtos em <a href=\"https:\/\/teflonx.com\/pt\/\" target=\"_blank\" rel=\"noopener\">Teflon X<\/a>.<\/p>\n<hr \/>\n<p>Estas informa\u00e7\u00f5es detalhadas visam fornecer uma vis\u00e3o geral abrangente do <strong>Tubo de PTFE corrugado interno liso externo<\/strong>, destacando suas caracter\u00edsticas \u00fanicas e especifica\u00e7\u00f5es t\u00e9cnicas, ao mesmo tempo em que mant\u00e9m a densidade de palavras-chave para visibilidade de pesquisa ideal.<\/p>","protected":false},"excerpt":{"rendered":"<p>Projetado para condi\u00e7\u00f5es extremas, nosso Tubo de PTFE Corrugado Interno, Liso e Externo Dur\u00e1vel apresenta um furo interno plano para transporte cont\u00ednuo de fluidos em alta temperatura e um tubo externo corrugado para maior durabilidade. Este Tubo Corrugado Interno, Plano e Externo de PTFE se destaca na resist\u00eancia \u00e0 degrada\u00e7\u00e3o t\u00e9rmica e a ataques qu\u00edmicos.<\/p>\n<p>Nos setores automotivo e aeroespacial, a mangueira corrugada interna plana e externa ondulada oferece desempenho confi\u00e1vel sob press\u00e3o.<\/p>\n<p>Escolha esta variante de tubo de PTFE corrugado interno com furo liso e externo por sua robustez; repetir o design do tubo de PTFE corrugado interno plano e externo garante efici\u00eancia de longo prazo em sistemas de fluidos quentes.<\/p>","protected":false},"featured_media":832,"comment_status":"open","ping_status":"closed","template":"","meta":{"site-sidebar-layout":"default","site-content-layout":"","ast-site-content-layout":"default","site-content-style":"default","site-sidebar-style":"default","ast-global-header-display":"","ast-banner-title-visibility":"","ast-main-header-display":"","ast-hfb-above-header-display":"","ast-hfb-below-header-display":"","ast-hfb-mobile-header-display":"","site-post-title":"","ast-breadcrumbs-content":"","ast-featured-img":"","footer-sml-layout":"","ast-disable-related-posts":"","theme-transparent-header-meta":"default","adv-header-id-meta":"","stick-header-meta":"","header-above-stick-meta":"","header-main-stick-meta":"","header-below-stick-meta":"","astra-migrate-meta-layouts":"set","ast-page-background-enabled":"default","ast-page-background-meta":{"desktop":{"background-color":"var(--ast-global-color-5)","background-image":"","background-repeat":"repeat","background-position":"center center","background-size":"auto","background-attachment":"scroll","background-type":"","background-media":"","overlay-type":"","overlay-color":"","overlay-opacity":"","overlay-gradient":""},"tablet":{"background-color":"","background-image":"","background-repeat":"repeat","background-position":"center center","background-size":"auto","background-attachment":"scroll","background-type":"","background-media":"","overlay-type":"","overlay-color":"","overlay-opacity":"","overlay-gradient":""},"mobile":{"background-color":"","background-image":"","background-repeat":"repeat","background-position":"center center","background-size":"auto","background-attachment":"scroll","background-type":"","background-media":"","overlay-type":"","overlay-color":"","overlay-opacity":"","overlay-gradient":""}},"ast-content-background-meta":{"desktop":{"background-color":"var(--ast-global-color-4)","background-image":"","background-repeat":"repeat","background-position":"center center","background-size":"auto","background-attachment":"scroll","background-type":"","background-media":"","overlay-type":"","overlay-color":"","overlay-opacity":"","overlay-gradient":""},"tablet":{"background-color":"var(--ast-global-color-4)","background-image":"","background-repeat":"repeat","background-position":"center center","background-size":"auto","background-attachment":"scroll","background-type":"","background-media":"","overlay-type":"","overlay-color":"","overlay-opacity":"","overlay-gradient":""},"mobile":{"background-color":"var(--ast-global-color-4)","background-image":"","background-repeat":"repeat","background-position":"center center","background-size":"auto","background-attachment":"scroll","background-type":"","background-media":"","overlay-type":"","overlay-color":"","overlay-opacity":"","overlay-gradient":""}}},"product_brand":[290],"product_cat":[42],"product_tag":[298,296,299],"class_list":{"0":"post-831","1":"product","2":"type-product","3":"status-publish","4":"has-post-thumbnail","6":"product_brand-teflon-x","7":"product_cat-ptfe-corrugated-hoses","8":"product_tag-inner-smooth-outer-corrugated-ptfe-pipe","9":"product_tag-internal-flat-external-wave-corrugated-hose","10":"product_tag-ptfe-inner-flat-outer-corrugated-tube","11":"desktop-align-left","12":"tablet-align-left","13":"mobile-align-left","15":"first","16":"instock","17":"shipping-taxable","18":"product-type-simple"},"_links":{"self":[{"href":"https:\/\/teflonx.com\/pt\/wp-json\/wp\/v2\/product\/831","targetHints":{"allow":["GET"]}}],"collection":[{"href":"https:\/\/teflonx.com\/pt\/wp-json\/wp\/v2\/product"}],"about":[{"href":"https:\/\/teflonx.com\/pt\/wp-json\/wp\/v2\/types\/product"}],"replies":[{"embeddable":true,"href":"https:\/\/teflonx.com\/pt\/wp-json\/wp\/v2\/comments?post=831"}],"wp:featuredmedia":[{"embeddable":true,"href":"https:\/\/teflonx.com\/pt\/wp-json\/wp\/v2\/media\/832"}],"wp:attachment":[{"href":"https:\/\/teflonx.com\/pt\/wp-json\/wp\/v2\/media?parent=831"}],"wp:term":[{"taxonomy":"product_brand","embeddable":true,"href":"https:\/\/teflonx.com\/pt\/wp-json\/wp\/v2\/product_brand?post=831"},{"taxonomy":"product_cat","embeddable":true,"href":"https:\/\/teflonx.com\/pt\/wp-json\/wp\/v2\/product_cat?post=831"},{"taxonomy":"product_tag","embeddable":true,"href":"https:\/\/teflonx.com\/pt\/wp-json\/wp\/v2\/product_tag?post=831"}],"curies":[{"name":"wp","href":"https:\/\/api.w.org\/{rel}","templated":true}]}}