{"id":833,"date":"2025-07-15T08:01:37","date_gmt":"2025-07-15T08:01:37","guid":{"rendered":"https:\/\/teflonx.com\/?post_type=product&#038;p=833"},"modified":"2025-07-19T02:41:39","modified_gmt":"2025-07-19T02:41:39","slug":"tubo-corrugado-interno-plano-externo-de-ptfe","status":"publish","type":"product","link":"https:\/\/teflonx.com\/pt\/product\/tubo-corrugado-interno-plano-externo-de-ptfe\/","title":{"rendered":"Tubo corrugado interno plano externo de PTFE flex\u00edvel para processamento de alimentos"},"content":{"rendered":"<h1 id=\"flexible-ptfe-inner-flat-outer-corrugated-tubing-for-food-processing\">Tubo corrugado interno plano externo de PTFE flex\u00edvel para processamento de alimentos<\/h1>\n<p><strong>Empresa:<\/strong> Teflon X<br \/>\n<strong>Site:<\/strong> <a href=\"https:\/\/teflonx.com\/pt\/\" target=\"_blank\" rel=\"noopener\">https:\/\/teflonx.com\/<\/a><br \/>\n<strong>P\u00e1gina de contato:<\/strong> <a href=\"https:\/\/teflonx.com\/pt\/contate-nos\/\" target=\"_blank\" rel=\"noopener\">https:\/\/teflonx.com\/contact-us\/<\/a><br \/>\n<strong>E-mail:<\/strong> Allison.Ye@teflonx.com<\/p>\n<hr \/>\n<h2 id=\"product-description\">Descri\u00e7\u00e3o do produto<\/h2>\n<p>Teflon X&#039;s <strong>Tubo corrugado interno plano externo de PTFE flex\u00edvel<\/strong> foi projetado especificamente para aplica\u00e7\u00f5es de processamento de alimentos, oferecendo uma solu\u00e7\u00e3o ideal para transfer\u00eancia higi\u00eanica e flex\u00edvel de fluidos. Esta tubula\u00e7\u00e3o apresenta um <strong>camada interna lisa<\/strong> (Inner Smooth Bore) que facilita a limpeza sem esfor\u00e7o e reduz o ac\u00famulo de res\u00edduos, enquanto o <strong>camada externa ondulada<\/strong> maximiza a flexibilidade e a capacidade de dobragem, tornando-o adequado para layouts de tubula\u00e7\u00e3o complexos e movimentos frequentes em linhas de processamento de alimentos.<\/p>\n<p>Nosso <strong>Tubo corrugado interno plano externo de PTFE flex\u00edvel<\/strong> \u00e9 feito de PTFE de alta qualidade, garantindo a conformidade com a FDA e a transfer\u00eancia at\u00f3xica e de sabor neutro de alimentos, bebidas e outros materiais sens\u00edveis. <strong>Tubo de fole de PTFE<\/strong> O design \u00e9 perfeito para transportar materiais viscosos ou pegajosos, prevenindo a contamina\u00e7\u00e3o de sabores e suportando lavagens frequentes. A excepcional resist\u00eancia qu\u00edmica e durabilidade do tubo o tornam uma escolha confi\u00e1vel para ambientes exigentes.<\/p>\n<p>Incorporar o <strong>Tubo corrugado interno plano externo ondulado<\/strong> em sua configura\u00e7\u00e3o para padr\u00f5es de higiene superiores e desempenho duradouro. Sua constru\u00e7\u00e3o exclusiva minimiza o risco de contamina\u00e7\u00e3o, suporta esteriliza\u00e7\u00e3o repetida e oferece excelente estabilidade mec\u00e2nica e t\u00e9rmica.<\/p>\n<hr \/>\n<h2 id=\"key-features\">Principais caracter\u00edsticas<\/h2>\n<ul>\n<li><strong>Material:<\/strong> PTFE (politetrafluoroetileno) de alta pureza<\/li>\n<li><strong>Superf\u00edcie interna:<\/strong> Furo plano e liso para f\u00e1cil limpeza e redu\u00e7\u00e3o de res\u00edduos<\/li>\n<li><strong>Superf\u00edcie externa:<\/strong> Ondulado para m\u00e1xima flexibilidade e resist\u00eancia a tor\u00e7\u00f5es<\/li>\n<li><strong>Conformidade:<\/strong> Aprovado pela FDA, n\u00e3o t\u00f3xico e seguro para alimentos<\/li>\n<li><strong>Resist\u00eancia \u00e0 temperatura:<\/strong> Adequado para uma ampla faixa de temperaturas<\/li>\n<li><strong>Resist\u00eancia qu\u00edmica:<\/strong> Inerte \u00e0 maioria dos produtos qu\u00edmicos, solventes e agentes de limpeza<\/li>\n<li><strong>Aplica\u00e7\u00f5es:<\/strong> Ind\u00fastrias de processamento de alimentos, transfer\u00eancia de bebidas, latic\u00ednios, farmac\u00eautica, cosm\u00e9tica e qu\u00edmica<\/li>\n<\/ul>\n<hr \/>\n<h2 id=\"typical-applications\">Aplica\u00e7\u00f5es t\u00edpicas<\/h2>\n<ul>\n<li>Linhas de transfer\u00eancia de alimentos e bebidas<\/li>\n<li>Equipamentos de envase de latic\u00ednios e l\u00edquidos<\/li>\n<li>Fabrica\u00e7\u00e3o de produtos farmac\u00eauticos e cosm\u00e9ticos<\/li>\n<li>Processamento qu\u00edmico e uso laboratorial<\/li>\n<li>Qualquer sistema que requeira tubos flex\u00edveis, higi\u00eanicos e resistentes \u00e0 corros\u00e3o<\/li>\n<\/ul>\n<hr \/>\n<h2 id=\"technical-parameters\">Par\u00e2metros t\u00e9cnicos<\/h2>\n<table>\n<thead>\n<tr>\n<th>Tamanho<\/th>\n<th>Di\u00e2metro interno (mm)<\/th>\n<th>Di\u00e2metro externo (mm)<\/th>\n<th>Press\u00e3o de trabalho (bar)<\/th>\n<th>Press\u00e3o de ruptura (bar)<\/th>\n<th>Raio de curvatura m\u00ednimo (mm)<\/th>\n<\/tr>\n<\/thead>\n<tbody>\n<tr>\n<td>1\/4&#8243;<\/td>\n<td>6,1\u00b10,3<\/td>\n<td>9,9\u00b10,3<\/td>\n<td>183<\/td>\n<td>551<\/td>\n<td>45<\/td>\n<\/tr>\n<tr>\n<td>5\/16&#8243;<\/td>\n<td>7,8\u00b10,3<\/td>\n<td>11,4\u00b10,3<\/td>\n<td>155<\/td>\n<td>466<\/td>\n<td>50<\/td>\n<\/tr>\n<tr>\n<td>3\/8&#8243;<\/td>\n<td>9,6\u00b10,3<\/td>\n<td>14,1\u00b10,3<\/td>\n<td>138<\/td>\n<td>414<\/td>\n<td>55<\/td>\n<\/tr>\n<tr>\n<td>1\/2&#8243;<\/td>\n<td>12,7\u00b10,3<\/td>\n<td>17,2\u00b10,3<\/td>\n<td>110<\/td>\n<td>331<\/td>\n<td>60<\/td>\n<\/tr>\n<tr>\n<td>5\/8&#8243;<\/td>\n<td>15,7\u00b10,3<\/td>\n<td>20,7\u00b10,3<\/td>\n<td>95<\/td>\n<td>286<\/td>\n<td>70<\/td>\n<\/tr>\n<tr>\n<td>3\/4&#8243;<\/td>\n<td>18,8\u00b10,3<\/td>\n<td>23,7\u00b10,3<\/td>\n<td>81<\/td>\n<td>245<\/td>\n<td>80<\/td>\n<\/tr>\n<tr>\n<td>1&#8243;<\/td>\n<td>25,4\u00b10,3<\/td>\n<td>29\u00b10,3<\/td>\n<td>70<\/td>\n<td>211<\/td>\n<td>135<\/td>\n<\/tr>\n<\/tbody>\n<\/table>\n<hr \/>\n<h2 id=\"why-choose-teflon-x-s-flexible-ptfe-inner-flat-outer-corrugated-tubing-\">Por que escolher o tubo corrugado interno plano externo de PTFE flex\u00edvel da Teflon X?<\/h2>\n<ul>\n<li><strong>Higiene superior:<\/strong> O furo interno liso evita ac\u00famulos e permite uma limpeza r\u00e1pida e eficaz, atendendo \u00e0s normas de seguran\u00e7a alimentar.<\/li>\n<li><strong>Flexibilidade aprimorada:<\/strong> O design corrugado oferece excelente flexibilidade, facilitando a instala\u00e7\u00e3o e a manuten\u00e7\u00e3o em espa\u00e7os apertados ou complexos.<\/li>\n<li><strong>Durabilidade e Seguran\u00e7a:<\/strong> Alta resist\u00eancia a produtos qu\u00edmicos, altas temperaturas e esteriliza\u00e7\u00f5es repetidas garantem uma opera\u00e7\u00e3o segura e de longo prazo.<\/li>\n<li><strong>Aplica\u00e7\u00f5es vers\u00e1teis:<\/strong> Adequado para as ind\u00fastrias aliment\u00edcia, de bebidas, farmac\u00eautica e qu\u00edmica, bem como para qualquer ambiente que exija tubos flex\u00edveis e higi\u00eanicos.<\/li>\n<\/ul>\n<hr \/>\n<h2 id=\"order-contact\">Pedido e contato<\/h2>\n<p>Para mais informa\u00e7\u00f5es sobre nossos <strong>Tubo corrugado interno plano externo de PTFE flex\u00edvel<\/strong>, <strong>Tubo de PTFE corrugado externo com furo liso interno<\/strong>, ou <strong>Tubo de fole de PTFE<\/strong> solu\u00e7\u00f5es, visite nosso <a href=\"https:\/\/teflonx.com\/pt\/contate-nos\/\" target=\"_blank\" rel=\"noopener\">P\u00e1gina de contato<\/a> ou envie-nos um e-mail diretamente para <strong>Allison.Ye@teflonx.com<\/strong>.<\/p>\n<hr \/>\n<blockquote><p>Garanta que suas linhas de processamento de alimentos estejam equipadas com o que h\u00e1 de melhor: escolha o tubo corrugado interno plano externo de PTFE flex\u00edvel da Teflon X para confiabilidade, higiene e flexibilidade.<\/p><\/blockquote>","protected":false},"excerpt":{"rendered":"<p>Nosso Tubo Corrugado Flex\u00edvel de PTFE com Interior Plano e Exterior \u00e9 projetado com uma camada interna lisa para facilitar a limpeza e uma camada externa corrugada para flexibilidade em linhas de processamento de alimentos. Este Tubo Corrugado de PTFE com Interior Liso e Exterior garante a transfer\u00eancia at\u00f3xica de alimentos e bebidas em conformidade com a FDA.<\/p>\n<p>Perfeito para transportar materiais viscosos, a variante de tubo de fole de PTFE evita a contamina\u00e7\u00e3o de sabores e suporta lavagens frequentes.<\/p>\n<p>Incorpore este tubo corrugado interno plano externo ondulado em sua configura\u00e7\u00e3o; sua estrutura de tubo corrugado interno plano externo de PTFE garante higiene e durabilidade.<\/p>","protected":false},"featured_media":834,"comment_status":"open","ping_status":"closed","template":"","meta":{"site-sidebar-layout":"default","site-content-layout":"","ast-site-content-layout":"default","site-content-style":"default","site-sidebar-style":"default","ast-global-header-display":"","ast-banner-title-visibility":"","ast-main-header-display":"","ast-hfb-above-header-display":"","ast-hfb-below-header-display":"","ast-hfb-mobile-header-display":"","site-post-title":"","ast-breadcrumbs-content":"","ast-featured-img":"","footer-sml-layout":"","ast-disable-related-posts":"","theme-transparent-header-meta":"default","adv-header-id-meta":"","stick-header-meta":"","header-above-stick-meta":"","header-main-stick-meta":"","header-below-stick-meta":"","astra-migrate-meta-layouts":"set","ast-page-background-enabled":"default","ast-page-background-meta":{"desktop":{"background-color":"var(--ast-global-color-5)","background-image":"","background-repeat":"repeat","background-position":"center center","background-size":"auto","background-attachment":"scroll","background-type":"","background-media":"","overlay-type":"","overlay-color":"","overlay-opacity":"","overlay-gradient":""},"tablet":{"background-color":"","background-image":"","background-repeat":"repeat","background-position":"center center","background-size":"auto","background-attachment":"scroll","background-type":"","background-media":"","overlay-type":"","overlay-color":"","overlay-opacity":"","overlay-gradient":""},"mobile":{"background-color":"","background-image":"","background-repeat":"repeat","background-position":"center center","background-size":"auto","background-attachment":"scroll","background-type":"","background-media":"","overlay-type":"","overlay-color":"","overlay-opacity":"","overlay-gradient":""}},"ast-content-background-meta":{"desktop":{"background-color":"var(--ast-global-color-4)","background-image":"","background-repeat":"repeat","background-position":"center center","background-size":"auto","background-attachment":"scroll","background-type":"","background-media":"","overlay-type":"","overlay-color":"","overlay-opacity":"","overlay-gradient":""},"tablet":{"background-color":"var(--ast-global-color-4)","background-image":"","background-repeat":"repeat","background-position":"center center","background-size":"auto","background-attachment":"scroll","background-type":"","background-media":"","overlay-type":"","overlay-color":"","overlay-opacity":"","overlay-gradient":""},"mobile":{"background-color":"var(--ast-global-color-4)","background-image":"","background-repeat":"repeat","background-position":"center center","background-size":"auto","background-attachment":"scroll","background-type":"","background-media":"","overlay-type":"","overlay-color":"","overlay-opacity":"","overlay-gradient":""}}},"product_brand":[290],"product_cat":[42],"product_tag":[300,291,297],"class_list":{"0":"post-833","1":"product","2":"type-product","3":"status-publish","4":"has-post-thumbnail","6":"product_brand-teflon-x","7":"product_cat-ptfe-corrugated-hoses","8":"product_tag-flexible-ptfe-inner-flat-outer-corrugated-tubing","9":"product_tag-inner-smooth-bore-outer-corrugated-ptfe-tube","10":"product_tag-ptfe-bellows-tube","11":"desktop-align-left","12":"tablet-align-left","13":"mobile-align-left","15":"first","16":"instock","17":"shipping-taxable","18":"product-type-simple"},"_links":{"self":[{"href":"https:\/\/teflonx.com\/pt\/wp-json\/wp\/v2\/product\/833","targetHints":{"allow":["GET"]}}],"collection":[{"href":"https:\/\/teflonx.com\/pt\/wp-json\/wp\/v2\/product"}],"about":[{"href":"https:\/\/teflonx.com\/pt\/wp-json\/wp\/v2\/types\/product"}],"replies":[{"embeddable":true,"href":"https:\/\/teflonx.com\/pt\/wp-json\/wp\/v2\/comments?post=833"}],"wp:featuredmedia":[{"embeddable":true,"href":"https:\/\/teflonx.com\/pt\/wp-json\/wp\/v2\/media\/834"}],"wp:attachment":[{"href":"https:\/\/teflonx.com\/pt\/wp-json\/wp\/v2\/media?parent=833"}],"wp:term":[{"taxonomy":"product_brand","embeddable":true,"href":"https:\/\/teflonx.com\/pt\/wp-json\/wp\/v2\/product_brand?post=833"},{"taxonomy":"product_cat","embeddable":true,"href":"https:\/\/teflonx.com\/pt\/wp-json\/wp\/v2\/product_cat?post=833"},{"taxonomy":"product_tag","embeddable":true,"href":"https:\/\/teflonx.com\/pt\/wp-json\/wp\/v2\/product_tag?post=833"}],"curies":[{"name":"wp","href":"https:\/\/api.w.org\/{rel}","templated":true}]}}