{"id":1018,"date":"2025-11-24T05:40:32","date_gmt":"2025-11-24T05:40:32","guid":{"rendered":"https:\/\/teflonx.com\/?post_type=product&#038;p=1018"},"modified":"2025-11-24T05:40:33","modified_gmt":"2025-11-24T05:40:33","slug":"havsali-uclu-ptfe-kapli-hortum","status":"publish","type":"product","link":"https:\/\/teflonx.com\/tr\/product\/havsali-uclu-ptfe-kapli-hortum\/","title":{"rendered":"Geni\u015fletilmi\u015f U\u00e7lu Teflon X PTFE Astarl\u0131 Hortum - D\u00fczg\u00fcn Delikli Tasar\u0131m"},"content":{"rendered":"<p>\u00dcst\u00fcn performans\u0131n\u0131 ke\u015ffedin <strong>Teflon X Hav\u015fal\u0131 U\u00e7lu PTFE Kapl\u0131 Hortum<\/strong>, zorlu end\u00fcstriyel ortamlarda benzersiz safl\u0131k ve g\u00fcvenilirlik i\u00e7in tasarlanm\u0131\u015ft\u0131r. Bu yenilik\u00e7i <strong>Geni\u015fletilmi\u015f U\u00e7lu PTFE Astarl\u0131 Hortum<\/strong> , kontaminasyonsuz bir s\u0131v\u0131 yolu sa\u011flayan d\u00fcz borulu bir tasar\u0131ma sahiptir; bu da onu hassasiyet ve g\u00fcvenli\u011fin en \u00fcst d\u00fczeyde oldu\u011fu y\u00fcksek safl\u0131ktaki uygulamalar i\u00e7in ideal se\u00e7im haline getirir.<\/p>\n<p>Bizim <strong>Geni\u015fletilmi\u015f U\u00e7lu PTFE Astarl\u0131 Hortum<\/strong> , ola\u011fan\u00fcst\u00fc kimyasal diren\u00e7, yap\u0131\u015fmazl\u0131k \u00f6zellikleri ve termal kararl\u0131l\u0131k sa\u011flayan birinci s\u0131n\u0131f PTFE (Politetrafloroetilen) kaplama ile \u00fcretilmi\u015ftir. Hav\u015fal\u0131 u\u00e7 tasar\u0131m\u0131, \u00f6l\u00fc b\u00f6lgeleri ve potansiyel s\u0131z\u0131nt\u0131 noktalar\u0131n\u0131 ortadan kald\u0131rarak kusursuz ba\u011flant\u0131lar\u0131 ve kesintisiz ak\u0131\u015f\u0131 te\u015fvik eder. \u0130ster a\u015f\u0131nd\u0131r\u0131c\u0131 kimyasallar, ister farmas\u00f6tikler veya g\u0131da s\u0131n\u0131f\u0131 maddeler ta\u015f\u0131yor olun, bu <strong>Geni\u015fletilmi\u015f U\u00e7lu PTFE Astarl\u0131 Hortum<\/strong> , end\u00fcstri standartlar\u0131n\u0131 a\u015fan tutarl\u0131 ve g\u00fcvenilir performans sunar.<\/p>\n<h2 id=\"key-features-of-teflon-x-ptfe-lined-hose-with-flared-ends\">Teflon X Hav\u015fal\u0131 U\u00e7lu PTFE Kapl\u0131 Hortumun Temel \u00d6zellikleri<\/h2>\n<ul>\n<li><strong>Saf S\u0131v\u0131 Yolu<\/strong>: D\u00fcz borulu PTFE kaplama kontaminasyonu \u00f6nleyerek hassas ortamlar i\u00e7in y\u00fcksek safl\u0131kta bir transfer sa\u011flar.<\/li>\n<li><strong>Hav\u015fal\u0131 U\u00e7 Yap\u0131s\u0131<\/strong>: \u00d6zel hav\u015fal\u0131 u\u00e7lar, do\u011frudan ba\u011flant\u0131 eleman\u0131 entegrasyonuna izin vererek montaj s\u00fcresini azalt\u0131r ve <strong>Geni\u015fletilmi\u015f U\u00e7lu PTFE Astarl\u0131 Hortum<\/strong> d\u00fczeneklerinde eklem b\u00fct\u00fcnl\u00fc\u011f\u00fcn\u00fc art\u0131r\u0131r.<\/li>\n<li><strong>Ola\u011fan\u00fcst\u00fc Esneklik ve Dayan\u0131kl\u0131l\u0131k<\/strong>: Paslanmaz \u00e7elik \u00f6rg\u00fc takviyesi b\u00fck\u00fclme direnci ve y\u00fcksek bas\u0131n\u00e7 y\u00f6netimi sa\u011flarken, PTFE malzeme -65\u00b0F ile 500\u00b0F (-54\u00b0C ile 260\u00b0C) aras\u0131ndaki a\u015f\u0131r\u0131 s\u0131cakl\u0131klara dayan\u0131r.<\/li>\n<li><strong>Kimyasal Eylemsizlik<\/strong>: FDA uyumlu PTFE, \u00e7ok \u00e7e\u015fitli asitlere, bazlara ve solventlere kar\u015f\u0131 diren\u00e7 g\u00f6stererek agresif ortamlar i\u00e7in idealdir.<\/li>\n<li><strong>Kolay Bak\u0131m<\/strong>: Yap\u0131\u015fmaz y\u00fczey birikmeyi en aza indirir, temizli\u011fi kolayla\u015ft\u0131r\u0131r ve servis \u00f6mr\u00fcn\u00fc uzat\u0131r. <strong>Geni\u015fletilmi\u015f U\u00e7lu PTFE Astarl\u0131 Hortum<\/strong>.<\/li>\n<li><strong>\u00d6zelle\u015ftirilebilir Se\u00e7enekler<\/strong>: \u00d6zel proje ihtiya\u00e7lar\u0131n\u0131 kar\u015f\u0131lamak \u00fczere \u00e7e\u015fitli \u00e7aplarda, uzunluklarda ve u\u00e7 konfig\u00fcrasyonlar\u0131nda mevcuttur.<\/li>\n<\/ul>\n<p>Bu <strong>Geni\u015fletilmi\u015f U\u00e7lu PTFE Astarl\u0131 Hortum<\/strong> ergonomik tasar\u0131m\u0131yla \u00f6ne \u00e7\u0131karak kurulum ve i\u015fletme s\u0131ras\u0131nda geleneksel hortumlara k\u0131yasla kullan\u0131m\u0131 kolayla\u015ft\u0131r\u0131r.<\/p>\n<h2 id=\"technical-specifications\">Teknik \u00d6zellikler<\/h2>\n<p>A\u015fa\u011f\u0131daki tablo, a\u015fa\u011f\u0131daki standart parametreleri \u00f6zetlemektedir <strong>Teflon X Hav\u015fal\u0131 U\u00e7lu PTFE Kapl\u0131 Hortum<\/strong>. Bu teknik \u00f6zellikler, d\u00fcz delikli ve k\u0131vr\u0131k u\u00e7lu PTFE hortumlar i\u00e7in end\u00fcstri lideri tasar\u0131mlara dayanmakta olup uyumluluk ve performans sa\u011flar.<\/p>\n<table>\n<thead>\n<tr>\n<th>Parametre<\/th>\n<th>\u015eartname<\/th>\n<th>Detaylar<\/th>\n<\/tr>\n<\/thead>\n<tbody>\n<tr>\n<td><strong>Malzeme (Astar)<\/strong><\/td>\n<td>PTFE (Politetrafloroetilen)<\/td>\n<td>Y\u00fcksek safl\u0131kta ak\u0131\u015f i\u00e7in FDA uyumlu, kimyasal olarak inert, d\u00fcz delikli.<\/td>\n<\/tr>\n<tr>\n<td><strong>G\u00fc\u00e7lendirme<\/strong><\/td>\n<td>304\/316 Paslanmaz \u00c7elik \u00d6rg\u00fc<\/td>\n<td>Bas\u0131n\u00e7 direnci ve esneklik sa\u011flar; iletken se\u00e7enekler mevcuttur.<\/td>\n<\/tr>\n<tr>\n<td><strong>Son Ba\u011flant\u0131 Par\u00e7alar\u0131<\/strong><\/td>\n<td>Geni\u015fletilmi\u015f U\u00e7lar (Flare-Thru Tasar\u0131m)<\/td>\n<td>Kontaminasyonu \u00f6nlemek i\u00e7in diki\u015fsiz PTFE-ba\u011flant\u0131 par\u00e7as\u0131 ge\u00e7i\u015fi.<\/td>\n<\/tr>\n<tr>\n<td><strong>Kimlik Aral\u0131\u011f\u0131<\/strong><\/td>\n<td>1\/4\u2033 ila 2\u2033 (6mm ila 50mm)<\/td>\n<td>Talep \u00fczerine \u00f6zel boyutlar mevcuttur.<\/td>\n<\/tr>\n<tr>\n<td><strong>OD Aral\u0131\u011f\u0131<\/strong><\/td>\n<td>0.5\u2033 - 2.5\u2033 (12mm - 63mm)<\/td>\n<td>\u0130\u00e7 \u00e7ap ve \u00f6rg\u00fc kal\u0131nl\u0131\u011f\u0131na g\u00f6re de\u011fi\u015fir.<\/td>\n<\/tr>\n<tr>\n<td><strong>Maksimum \u00c7al\u0131\u015fma Bas\u0131nc\u0131<\/strong><\/td>\n<td>3.000 PSI'ya kadar (207 bar)<\/td>\n<td>Boyuta ba\u011fl\u0131d\u0131r; \u00e7al\u0131\u015fma bas\u0131nc\u0131n\u0131n 4 kat\u0131na kadar patlama bas\u0131nc\u0131 i\u00e7in test edilmi\u015ftir.<\/td>\n<\/tr>\n<tr>\n<td><strong>S\u0131cakl\u0131k Aral\u0131\u011f\u0131<\/strong><\/td>\n<td>-65\u00b0F ila 500\u00b0F (-54\u00b0C ila 260\u00b0C)<\/td>\n<td>Ortam s\u0131cakl\u0131klar\u0131nda tam vakum derecesi.<\/td>\n<\/tr>\n<tr>\n<td><strong>B\u00fck\u00fclme Yar\u0131\u00e7ap\u0131<\/strong><\/td>\n<td>4x Kimlik (minimum)<\/td>\n<td>Dinamik uygulamalarda b\u00fck\u00fclme direnci sa\u011flar.<\/td>\n<\/tr>\n<tr>\n<td><strong>Uzunluk<\/strong><\/td>\n<td>Montaj ba\u015f\u0131na 50 ft'e (15 m) kadar<\/td>\n<td>\u00d6zel kurulumlar i\u00e7in \u00f6zel uzunluklar.<\/td>\n<\/tr>\n<tr>\n<td><strong>Standartlara Uygunluk<\/strong><\/td>\n<td>FDA, USP S\u0131n\u0131f VI, 3-A Hijyenik<\/td>\n<td>G\u0131da, ila\u00e7 ve kimya end\u00fcstrilerinin gereksinimlerini kar\u015f\u0131lar.<\/td>\n<\/tr>\n<tr>\n<td><strong>\u0130letkenlik<\/strong><\/td>\n<td>Opsiyonel Statik Dissipatif PTFE<\/td>\n<td>Elektriksel topraklama gerektiren uygulamalar i\u00e7in.<\/td>\n<\/tr>\n<\/tbody>\n<\/table>\n<p><em>Not: Teknik \u00f6zellikler, \u00f6zel konfig\u00fcrasyonlara ba\u011fl\u0131 olarak de\u011fi\u015febilir. Size \u00f6zel detayl\u0131 m\u00fchendislik \u00e7izimleri ve bas\u0131n\u00e7 de\u011ferleri i\u00e7in Teflon X ile ileti\u015fime ge\u00e7in: <strong>Geni\u015fletilmi\u015f U\u00e7lu PTFE Astarl\u0131 Hortum<\/strong> gereksinimler.<\/em><\/p>\n<h2 id=\"applications\">Uygulamalar<\/h2>\n<p>The <strong>Teflon X Hav\u015fal\u0131 U\u00e7lu PTFE Kapl\u0131 Hortum<\/strong> ultra saf ve korozyona dayan\u0131kl\u0131 ak\u0131\u015fkan ta\u015f\u0131ma gerektiren end\u00fcstrilerde \u00f6ne \u00e7\u0131kar:<\/p>\n<ul>\n<li><strong>\u0130la\u00e7 ve Biyoteknoloji<\/strong>: API'lerin, tamponlar\u0131n ve biyolojik maddelerin metalik kontaminasyon olmadan steril transferi.<\/li>\n<li><strong>Yiyecek ve \u0130\u00e7ecek<\/strong>: S\u00fct \u00fcr\u00fcnlerinin, i\u00e7eceklerin ve yemeklik ya\u011flar\u0131n hijyenik standartlara uygun \u015fekilde ta\u015f\u0131nmas\u0131.<\/li>\n<li><strong>Kimyasal \u0130\u015fleme<\/strong>: Agresif solventlerin, asitlerin ve bazlar\u0131n y\u00fcksek safl\u0131ktaki sistemlerde g\u00fcvenli ta\u015f\u0131nmas\u0131.<\/li>\n<li><strong>Yar\u0131iletken \u00dcretimi<\/strong>: Temiz oda ortamlar\u0131nda hassas ak\u0131\u015fkan iletimi.<\/li>\n<li><strong>Laboratuvar ve Ara\u015ft\u0131rma<\/strong>: Reaktif olmayan malzemeler gerektiren deneysel kurulumlar i\u00e7in esnek ba\u011flant\u0131lar.<\/li>\n<\/ul>\n<p>Hav\u015fal\u0131 u\u00e7lar\u0131 ve p\u00fcr\u00fczs\u00fcz i\u00e7 yap\u0131s\u0131 ile bu <strong>Geni\u015fletilmi\u015f U\u00e7lu PTFE Astarl\u0131 Hortum<\/strong> t\u00fcrb\u00fclans\u0131 en aza indirir ve optimum ak\u0131\u015f h\u0131zlar\u0131n\u0131 sa\u011flayarak genel sistem verimlili\u011fini art\u0131r\u0131r.<\/p>\n<h2 id=\"why-choose-teflon-x-\">Neden Teflon X&#039;i Se\u00e7melisiniz?<\/h2>\n<p>Teflon X b\u00fcnyesinde, kritik g\u00f6rev uygulamalar\u0131 i\u00e7in tasarlanm\u0131\u015f birinci s\u0131n\u0131f PTFE \u00e7\u00f6z\u00fcmlerinde uzman\u0131z. \u00dcr\u00fcnlerimiz, <strong>Geni\u015fletilmi\u015f U\u00e7lu PTFE Astarl\u0131 Hortum<\/strong> s\u0131k\u0131 kalite testleri ve inovasyon taahh\u00fcd\u00fc ile desteklenmektedir. \u015eu adresten bizi ziyaret edin: <a href=\"https:\/\/teflonx.com\/tr\/\" target=\"_blank\" rel=\"noopener\">Teflon X<\/a> t\u00fcm \u00fcr\u00fcn yelpazemizi ke\u015ffetmek i\u00e7in.<\/p>\n<p>Sorular\u0131n\u0131z, \u00f6zelle\u015ftirme talepleriniz veya \u015fu konudaki teklifler i\u00e7in: <strong>Geni\u015fletilmi\u015f U\u00e7lu PTFE Astarl\u0131 Hortum<\/strong>, \u015fu kanal \u00fczerinden bize ula\u015f\u0131n: <a href=\"https:\/\/teflonx.com\/tr\/bize-ulasin\/\" target=\"_blank\" rel=\"noopener\">Bize Ula\u015f\u0131n sayfas\u0131<\/a> veya e-posta <strong>Allison.Ye@teflonx.com<\/strong>. Ekibimiz yard\u0131ma haz\u0131r!<\/p>","protected":false},"excerpt":{"rendered":"<p>Hav\u015fal\u0131 U\u00e7lu PTFE Kapl\u0131 Hortumumuz saf ve kontaminasyonsuz bir s\u0131v\u0131 yolu sa\u011flar. Bu y\u00fcksek safl\u0131ktaki PTFE kapl\u0131 hortum kritik uygulamalar i\u00e7in idealdir. G\u00fcvenilir performans elde edin.<\/p>","protected":false},"featured_media":1019,"comment_status":"open","ping_status":"closed","template":"","meta":{"site-sidebar-layout":"default","site-content-layout":"","ast-site-content-layout":"default","site-content-style":"default","site-sidebar-style":"default","ast-global-header-display":"","ast-banner-title-visibility":"","ast-main-header-display":"","ast-hfb-above-header-display":"","ast-hfb-below-header-display":"","ast-hfb-mobile-header-display":"","site-post-title":"","ast-breadcrumbs-content":"","ast-featured-img":"","footer-sml-layout":"","ast-disable-related-posts":"","theme-transparent-header-meta":"default","adv-header-id-meta":"","stick-header-meta":"","header-above-stick-meta":"","header-main-stick-meta":"","header-below-stick-meta":"","astra-migrate-meta-layouts":"set","ast-page-background-enabled":"default","ast-page-background-meta":{"desktop":{"background-color":"var(--ast-global-color-5)","background-image":"","background-repeat":"repeat","background-position":"center center","background-size":"auto","background-attachment":"scroll","background-type":"","background-media":"","overlay-type":"","overlay-color":"","overlay-opacity":"","overlay-gradient":""},"tablet":{"background-color":"","background-image":"","background-repeat":"repeat","background-position":"center center","background-size":"auto","background-attachment":"scroll","background-type":"","background-media":"","overlay-type":"","overlay-color":"","overlay-opacity":"","overlay-gradient":""},"mobile":{"background-color":"","background-image":"","background-repeat":"repeat","background-position":"center center","background-size":"auto","background-attachment":"scroll","background-type":"","background-media":"","overlay-type":"","overlay-color":"","overlay-opacity":"","overlay-gradient":""}},"ast-content-background-meta":{"desktop":{"background-color":"var(--ast-global-color-4)","background-image":"","background-repeat":"repeat","background-position":"center center","background-size":"auto","background-attachment":"scroll","background-type":"","background-media":"","overlay-type":"","overlay-color":"","overlay-opacity":"","overlay-gradient":""},"tablet":{"background-color":"var(--ast-global-color-4)","background-image":"","background-repeat":"repeat","background-position":"center center","background-size":"auto","background-attachment":"scroll","background-type":"","background-media":"","overlay-type":"","overlay-color":"","overlay-opacity":"","overlay-gradient":""},"mobile":{"background-color":"var(--ast-global-color-4)","background-image":"","background-repeat":"repeat","background-position":"center center","background-size":"auto","background-attachment":"scroll","background-type":"","background-media":"","overlay-type":"","overlay-color":"","overlay-opacity":"","overlay-gradient":""}}},"product_brand":[290],"product_cat":[40],"product_tag":[442,439,441,437,438,440],"class_list":{"0":"post-1018","1":"product","2":"type-product","3":"status-publish","4":"has-post-thumbnail","6":"product_brand-teflon-x","7":"product_cat-ptfe-tubes","8":"product_tag-chemical-transfer-hose","9":"product_tag-flared-end-hose","10":"product_tag-high-purity-hose","11":"product_tag-ptfe-lined-hose-with-flared-ends","12":"product_tag-ptfe-lined-tubing","13":"product_tag-smooth-bore-ptfe-hose","14":"desktop-align-left","15":"tablet-align-left","16":"mobile-align-left","18":"first","19":"instock","20":"shipping-taxable","21":"product-type-simple"},"_links":{"self":[{"href":"https:\/\/teflonx.com\/tr\/wp-json\/wp\/v2\/product\/1018","targetHints":{"allow":["GET"]}}],"collection":[{"href":"https:\/\/teflonx.com\/tr\/wp-json\/wp\/v2\/product"}],"about":[{"href":"https:\/\/teflonx.com\/tr\/wp-json\/wp\/v2\/types\/product"}],"replies":[{"embeddable":true,"href":"https:\/\/teflonx.com\/tr\/wp-json\/wp\/v2\/comments?post=1018"}],"wp:featuredmedia":[{"embeddable":true,"href":"https:\/\/teflonx.com\/tr\/wp-json\/wp\/v2\/media\/1019"}],"wp:attachment":[{"href":"https:\/\/teflonx.com\/tr\/wp-json\/wp\/v2\/media?parent=1018"}],"wp:term":[{"taxonomy":"product_brand","embeddable":true,"href":"https:\/\/teflonx.com\/tr\/wp-json\/wp\/v2\/product_brand?post=1018"},{"taxonomy":"product_cat","embeddable":true,"href":"https:\/\/teflonx.com\/tr\/wp-json\/wp\/v2\/product_cat?post=1018"},{"taxonomy":"product_tag","embeddable":true,"href":"https:\/\/teflonx.com\/tr\/wp-json\/wp\/v2\/product_tag?post=1018"}],"curies":[{"name":"wp","href":"https:\/\/api.w.org\/{rel}","templated":true}]}}