{"id":259,"date":"2025-03-19T08:09:35","date_gmt":"2025-03-19T08:09:35","guid":{"rendered":"https:\/\/teflonx.com\/?post_type=product&#038;p=259"},"modified":"2025-12-01T15:13:59","modified_gmt":"2025-12-01T15:13:59","slug":"ptfe-metal-orgulu-oluklu-hortum","status":"publish","type":"product","link":"https:\/\/teflonx.com\/tr\/product\/ptfe-metal-orgulu-oluklu-hortum\/","title":{"rendered":"Yumu\u015fak PTFE Metal \u00d6rg\u00fcl\u00fc Oluklu Hortum \u2013 Y\u00fcksek\/D\u00fc\u015f\u00fck S\u0131cakl\u0131\u011fa Dayan\u0131kl\u0131 End\u00fcstriyel Hortum\u200c \u200c"},"content":{"rendered":"<h2 id=\"product-overview\">\u00dcr\u00fcn Genel Bak\u0131\u015f\u0131<\/h2>\n<p>Teflon X gururla sunar <strong>Yumu\u015fak PTFE Metal \u00d6rg\u00fcl\u00fc Oluklu Hortum<\/strong>en zorlu uygulamalar i\u00e7in tasarlanm\u0131\u015f birinci s\u0131n\u0131f end\u00fcstriyel s\u0131n\u0131f bir \u00e7\u00f6z\u00fcmd\u00fcr. Bu <strong>PTFE Metal \u00d6rg\u00fcl\u00fc Oluklu Hortum<\/strong> Politetrafloroetilenin (PTFE) ola\u011fan\u00fcst\u00fc kimyasal inertli\u011fini ve y\u00fcksek s\u0131cakl\u0131k direncini sa\u011flam paslanmaz \u00e7elik \u00f6rg\u00fcyle birle\u015ftirerek zorlu ortamlarda benzersiz performans sa\u011flar. 70\u00b0C ila 260\u00b0C aras\u0131ndaki s\u0131cakl\u0131klarda kullan\u0131lmak \u00fczere tasarlanan bu <strong>PTFE Metal \u00d6rg\u00fcl\u00fc Oluklu Hortum<\/strong> a\u015f\u0131nd\u0131r\u0131c\u0131 ortamlarda \u00fcst\u00fcn performans g\u00f6stererek kimyasal transfer, petrol ve gaz operasyonlar\u0131, y\u00fcksek bas\u0131n\u00e7l\u0131 sistemler ve daha fazlas\u0131 i\u00e7in ideal se\u00e7imdir. Yap\u0131\u015fmaz y\u00fczeyi, \u00fcst\u00fcn esnekli\u011fi ve uzun s\u00fcreli dayan\u0131kl\u0131l\u0131\u011f\u0131, ar\u0131za s\u00fcresini ve bak\u0131m\u0131 en aza indirir, titre\u015fim ve esneme alt\u0131nda bile g\u00fcvenilir ak\u0131\u015f ve kolay kendi kendine drenaj sa\u011flar.<\/p>\n<p>Teflon X'te, bizim <strong>PTFE Metal \u00d6rg\u00fcl\u00fc Oluklu Hortum<\/strong> statik elektrik risklerini azaltmak i\u00e7in iletken se\u00e7enekler sunarken, farmas\u00f6tik ve g\u0131da s\u0131n\u0131f\u0131 kullan\u0131mlar i\u00e7in FDA onayl\u0131 standartlar\u0131 kar\u015f\u0131lamak \u00fczere hassasiyetle \u00fcretilmi\u015ftir. \u0130ster asit, ister solvent, yak\u0131t veya buhar aktar\u0131yor olun, bu \u00e7ok y\u00f6nl\u00fc <strong>PTFE Metal \u00d6rg\u00fcl\u00fc Oluklu Hortum<\/strong> daha y\u00fcksek ak\u0131\u015f h\u0131zlar\u0131 ve b\u00fck\u00fclmeye kar\u015f\u0131 diren\u00e7 i\u00e7in d\u00fc\u015f\u00fck s\u00fcrt\u00fcnme sa\u011flayarak operasyonlar\u0131n\u0131zda g\u00fcvenlik ve verimlilik sa\u011flar. Bu y\u00fcksek performansl\u0131 hortumun t\u00fcm potansiyelini \u015fu adresten ke\u015ffedin <a href=\"https:\/\/teflonx.com\/tr\/\" target=\"_blank\" rel=\"noopener\">teflon X<\/a>.<\/p>\n<h2 id=\"key-features\">Temel \u00d6zellikler<\/h2>\n<ul>\n<li><strong>A\u015f\u0131r\u0131 S\u0131cakl\u0131k Dayan\u0131m\u0131<\/strong>: Kriyojenik ve y\u00fcksek \u0131s\u0131 uygulamalar\u0131 i\u00e7in uygun olan -70\u00b0C ila 260\u00b0C (-94\u00b0F ila 500\u00b0F) aras\u0131nda sorunsuz \u00e7al\u0131\u015f\u0131r.<\/li>\n<li><strong>\u00dcst\u00fcn Kimyasal \u0130nertlik<\/strong>: PTFE astar, asitler, \u00e7ama\u015f\u0131r suyu, brom ve \u00e7\u00f6z\u00fcc\u00fcler dahil olmak \u00fczere \u00e7ok \u00e7e\u015fitli agresif kimyasallara bozulma olmadan diren\u00e7 g\u00f6sterir.<\/li>\n<li><strong>Geli\u015ftirilmi\u015f Esneklik ve Dayan\u0131kl\u0131l\u0131k<\/strong>: Paslanmaz \u00e7elik \u00f6rg\u00fcl\u00fc oluklu tasar\u0131m b\u00fck\u00fclmeyi azalt\u0131r, b\u00fck\u00fclme yar\u0131\u00e7ap\u0131n\u0131 iyile\u015ftirir ve 5000 PSI'a kadar y\u00fcksek bas\u0131n\u00e7lara dayan\u0131r.<\/li>\n<li><strong>Yap\u0131\u015fmaz ve Kendili\u011finden Bo\u015falan Y\u00fczey<\/strong>: D\u00fc\u015f\u00fck s\u00fcrt\u00fcnme katsay\u0131s\u0131 kolay temizlik sa\u011flar ve birikmeyi \u00f6nler, hijyenik end\u00fcstriler i\u00e7in idealdir.<\/li>\n<li><strong>\u00d6zelle\u015ftirilebilir Se\u00e7enekler<\/strong>: \u0130letken (siyah) veya iletken olmayan (beyaz) PTFE olarak mevcuttur; 300 serisi paslanmaz \u00e7elik veya \u00f6zel ihtiya\u00e7lar i\u00e7in polipropilen gibi alternatif malzemelerden \u00f6r\u00fclm\u00fc\u015ft\u00fcr.<\/li>\n<li><strong>Tam Vakum Kapasitesi<\/strong>: Vakum uygulamalar\u0131n\u0131 \u00e7\u00f6kme olmadan ger\u00e7ekle\u015ftirerek end\u00fcstriyel kurulumlarda \u00e7ok y\u00f6nl\u00fcl\u00fck sa\u011flar.<\/li>\n<li><strong>Uyum ve G\u00fcvenlik<\/strong>: G\u0131da, ila\u00e7 ve biyolojik sekt\u00f6rlerde safl\u0131k i\u00e7in Pharmacopoeia S\u0131n\u0131f VI ve 3A standartlar\u0131n\u0131 kar\u015f\u0131lar veya a\u015far.<\/li>\n<\/ul>\n<h2 id=\"applications\">Uygulamalar<\/h2>\n<p>The <strong>PTFE Metal \u00d6rg\u00fcl\u00fc Oluklu Hortum<\/strong> Teflon X, g\u00fcvenilirli\u011fin tart\u0131\u015f\u0131lmaz oldu\u011fu y\u00fcksek riskli end\u00fcstriler i\u00e7in \u00f6zel olarak tasarlanm\u0131\u015ft\u0131r:<\/p>\n<ul>\n<li><strong>Kimyasal \u0130\u015fleme<\/strong>: Asit, klor ve brom gibi a\u015f\u0131nd\u0131r\u0131c\u0131 s\u0131v\u0131lar\u0131n g\u00fcvenli transferi.<\/li>\n<li><strong>Petrol ve Gaz<\/strong>: Yak\u0131t, do\u011fal gaz (CNG) ve so\u011futma s\u0131v\u0131s\u0131 transferi i\u00e7in y\u00fcksek bas\u0131n\u00e7l\u0131 hatlar.<\/li>\n<li><strong>\u0130la\u00e7 ve G\u0131da<\/strong>: Statik da\u011f\u0131l\u0131ml\u0131 se\u00e7eneklerle uyumlu ortamlarda hijyenik ta\u015f\u0131ma.<\/li>\n<li><strong>Hidrolik Sistemler<\/strong>: A\u015f\u0131r\u0131 bas\u0131n\u00e7lar alt\u0131nda boya, ya\u011f, su ve hava iletiminde sa\u011flam performans.<\/li>\n<li><strong>Genel End\u00fcstriyel<\/strong>: A\u011f\u0131r hizmet tipi esneme ve titre\u015fim i\u00e7in buhar, solvent, alkol ve pompa ba\u011flant\u0131 hortumlar\u0131.<\/li>\n<\/ul>\n<h2 id=\"specifications\">Teknik \u00d6zellikler<\/h2>\n<p>Ayr\u0131nt\u0131l\u0131 \u00f6zelle\u015ftirme i\u00e7in uzmanlar\u0131m\u0131zla ileti\u015fime ge\u00e7in. A\u015fa\u011f\u0131da, a\u015fa\u011f\u0131dakiler i\u00e7in standart parametrelerin bir \u00f6zeti bulunmaktad\u0131r <strong>PTFE Metal \u00d6rg\u00fcl\u00fc Oluklu Hortum<\/strong>:<\/p>\n<table>\n<thead>\n<tr>\n<th>Parametre<\/th>\n<th>\u015eartname Detaylar\u0131<\/th>\n<\/tr>\n<\/thead>\n<tbody>\n<tr>\n<td><strong>\u0130\u00e7 \u00c7ap (ID)<\/strong><\/td>\n<td>1\/4 \u2033 ila 4 \u2033 (6 mm ila 100 mm); 6 \u2033'ye kadar \u00f6zel boyutlar mevcuttur<\/td>\n<\/tr>\n<tr>\n<td><strong>D\u0131\u015f \u00c7ap (OD)<\/strong><\/td>\n<td>Kimli\u011fe ve \u00f6rg\u00fcye g\u00f6re de\u011fi\u015fir; \u00f6rne\u011fin, 0,5\u2033 ila 4,5\u2033<\/td>\n<\/tr>\n<tr>\n<td><strong>\u00c7al\u0131\u015fma Bas\u0131nc\u0131<\/strong><\/td>\n<td>5000 PSI'a kadar (boyuta ve \u00f6rg\u00fc katmanlar\u0131na ba\u011fl\u0131 olarak)<\/td>\n<\/tr>\n<tr>\n<td><strong>Patlama Bas\u0131nc\u0131<\/strong><\/td>\n<td>4x \u00c7al\u0131\u015fma Bas\u0131nc\u0131 (minimum)<\/td>\n<\/tr>\n<tr>\n<td><strong>S\u0131cakl\u0131k Aral\u0131\u011f\u0131<\/strong><\/td>\n<td>-70\u00b0C ila 260\u00b0C (-94\u00b0F ila 500\u00b0F)<\/td>\n<\/tr>\n<tr>\n<td><strong>Minimum B\u00fck\u00fclme Yar\u0131\u00e7ap\u0131<\/strong><\/td>\n<td>4x ID (\u00f6rn. 1\/4\u2033 ID hortum i\u00e7in 1\u2033)<\/td>\n<\/tr>\n<tr>\n<td><strong>Uzunluk<\/strong><\/td>\n<td>1000 ft'e kadar \u00f6zel; spesifikasyona g\u00f6re standart montajlar<\/td>\n<\/tr>\n<tr>\n<td><strong>Malzeme - Astar<\/strong><\/td>\n<td>PTFE (\u0130letken Siyah veya \u0130letken Olmayan Beyaz)<\/td>\n<\/tr>\n<tr>\n<td><strong>Malzeme - \u00d6rg\u00fc<\/strong><\/td>\n<td>300-Serisi Paslanmaz \u00c7elik (Tek veya \u00c7ift Katmanl\u0131)<\/td>\n<\/tr>\n<tr>\n<td><strong>Ba\u011flant\u0131 par\u00e7alar\u0131<\/strong><\/td>\n<td>Swaged\/Crimped; Pirin\u00e7, SS, Hastelloy veya Titanyum<\/td>\n<\/tr>\n<tr>\n<td><strong>Vakum Derecesi<\/strong><\/td>\n<td>Tam Vakum (29,9\u2033 Hg)<\/td>\n<\/tr>\n<tr>\n<td><strong>Standartlar<\/strong><\/td>\n<td>FDA, USP S\u0131n\u0131f VI, 3A; ATEX uyumlulu\u011fu i\u00e7in iletken se\u00e7enekler<\/td>\n<\/tr>\n<\/tbody>\n<\/table>\n<p><em>Not: Teknik \u00f6zellikler \u00f6zel konfig\u00fcrasyonlara g\u00f6re de\u011fi\u015fiklik g\u00f6sterebilir. \u00d6zel uygulaman\u0131z i\u00e7in her zaman Teflon X ile g\u00f6r\u00fc\u015f\u00fcn.<\/em><\/p>\n<h2 id=\"why-choose-teflon-x-s-ptfe-metal-braided-corrugated-hose-\">Neden Teflon X'in PTFE Metal \u00d6rg\u00fcl\u00fc Oluklu Hortumunu Se\u00e7melisiniz?<\/h2>\n<p>Floropolimer \u00e7\u00f6z\u00fcmlerinde onlarca y\u0131ll\u0131k uzmanl\u0131\u011fa sahip Teflon X, her <strong>PTFE Metal \u00d6rg\u00fcl\u00fc Oluklu Hortum<\/strong> s\u0131zd\u0131rmaz performans ve uzun \u00f6m\u00fcrl\u00fcl\u00fck i\u00e7in titiz testlerden ge\u00e7er. Yenili\u011fe olan ba\u011fl\u0131l\u0131\u011f\u0131m\u0131z, yaln\u0131zca sekt\u00f6rdeki \u00f6l\u00e7\u00fctleri kar\u015f\u0131layan de\u011fil, ayn\u0131 zamanda a\u015fan, operasyonel riskleri ve maliyetleri azaltan bir hortum elde edece\u011finiz anlam\u0131na gelir.<\/p>\n<p>Sistemlerinizi geli\u015ftirmeye haz\u0131r m\u0131s\u0131n\u0131z? Ziyaret edin <a href=\"https:\/\/teflonx.com\/tr\/\" target=\"_blank\" rel=\"noopener\">teflon X<\/a> daha fazla ayr\u0131nt\u0131 i\u00e7in veya <a href=\"https:\/\/teflonx.com\/tr\/bize-ulasin\/\" target=\"_blank\" rel=\"noopener\">Bize Ula\u015f\u0131n sayfas\u0131<\/a>. E-posta: <strong>Allison.Ye@teflonx.com<\/strong>.<\/p>\n<hr \/>","protected":false},"excerpt":{"rendered":"<p>\u200c<strong>End\u00fcstriyel s\u0131n\u0131f PTFE metal \u00f6rg\u00fcl\u00fc hortum<\/strong>\u200c a\u015f\u0131r\u0131 s\u0131cakl\u0131klar (-70\u00b0C ila 260\u00b0C) ve a\u015f\u0131nd\u0131r\u0131c\u0131 ortamlar i\u00e7in tasarlanm\u0131\u015ft\u0131r. Kimyasal transfer, petrol ve gaz ve y\u00fcksek bas\u0131n\u00e7l\u0131 sistemler i\u00e7in idealdir. Yap\u0131\u015fmaz y\u00fczey, esneklik ve uzun s\u00fcreli dayan\u0131kl\u0131l\u0131k \u00f6zelliklerine sahiptir. \u200c<\/p>","protected":false},"featured_media":261,"comment_status":"open","ping_status":"closed","template":"","meta":{"site-sidebar-layout":"default","site-content-layout":"","ast-site-content-layout":"default","site-content-style":"default","site-sidebar-style":"default","ast-global-header-display":"","ast-banner-title-visibility":"","ast-main-header-display":"","ast-hfb-above-header-display":"","ast-hfb-below-header-display":"","ast-hfb-mobile-header-display":"","site-post-title":"","ast-breadcrumbs-content":"","ast-featured-img":"","footer-sml-layout":"","ast-disable-related-posts":"","theme-transparent-header-meta":"default","adv-header-id-meta":"","stick-header-meta":"","header-above-stick-meta":"","header-main-stick-meta":"","header-below-stick-meta":"","astra-migrate-meta-layouts":"set","ast-page-background-enabled":"default","ast-page-background-meta":{"desktop":{"background-color":"var(--ast-global-color-5)","background-image":"","background-repeat":"repeat","background-position":"center center","background-size":"auto","background-attachment":"scroll","background-type":"","background-media":"","overlay-type":"","overlay-color":"","overlay-opacity":"","overlay-gradient":""},"tablet":{"background-color":"","background-image":"","background-repeat":"repeat","background-position":"center center","background-size":"auto","background-attachment":"scroll","background-type":"","background-media":"","overlay-type":"","overlay-color":"","overlay-opacity":"","overlay-gradient":""},"mobile":{"background-color":"","background-image":"","background-repeat":"repeat","background-position":"center center","background-size":"auto","background-attachment":"scroll","background-type":"","background-media":"","overlay-type":"","overlay-color":"","overlay-opacity":"","overlay-gradient":""}},"ast-content-background-meta":{"desktop":{"background-color":"var(--ast-global-color-4)","background-image":"","background-repeat":"repeat","background-position":"center center","background-size":"auto","background-attachment":"scroll","background-type":"","background-media":"","overlay-type":"","overlay-color":"","overlay-opacity":"","overlay-gradient":""},"tablet":{"background-color":"var(--ast-global-color-4)","background-image":"","background-repeat":"repeat","background-position":"center center","background-size":"auto","background-attachment":"scroll","background-type":"","background-media":"","overlay-type":"","overlay-color":"","overlay-opacity":"","overlay-gradient":""},"mobile":{"background-color":"var(--ast-global-color-4)","background-image":"","background-repeat":"repeat","background-position":"center center","background-size":"auto","background-attachment":"scroll","background-type":"","background-media":"","overlay-type":"","overlay-color":"","overlay-opacity":"","overlay-gradient":""}}},"product_brand":[290],"product_cat":[42],"product_tag":[46,47],"class_list":{"0":"post-259","1":"product","2":"type-product","3":"status-publish","4":"has-post-thumbnail","6":"product_brand-teflon-x","7":"product_cat-ptfe-corrugated-hoses","8":"product_tag-braided-corrugated-hose","9":"product_tag-industrial-hose","10":"desktop-align-left","11":"tablet-align-left","12":"mobile-align-left","14":"first","15":"instock","16":"shipping-taxable","17":"product-type-simple"},"_links":{"self":[{"href":"https:\/\/teflonx.com\/tr\/wp-json\/wp\/v2\/product\/259","targetHints":{"allow":["GET"]}}],"collection":[{"href":"https:\/\/teflonx.com\/tr\/wp-json\/wp\/v2\/product"}],"about":[{"href":"https:\/\/teflonx.com\/tr\/wp-json\/wp\/v2\/types\/product"}],"replies":[{"embeddable":true,"href":"https:\/\/teflonx.com\/tr\/wp-json\/wp\/v2\/comments?post=259"}],"wp:featuredmedia":[{"embeddable":true,"href":"https:\/\/teflonx.com\/tr\/wp-json\/wp\/v2\/media\/261"}],"wp:attachment":[{"href":"https:\/\/teflonx.com\/tr\/wp-json\/wp\/v2\/media?parent=259"}],"wp:term":[{"taxonomy":"product_brand","embeddable":true,"href":"https:\/\/teflonx.com\/tr\/wp-json\/wp\/v2\/product_brand?post=259"},{"taxonomy":"product_cat","embeddable":true,"href":"https:\/\/teflonx.com\/tr\/wp-json\/wp\/v2\/product_cat?post=259"},{"taxonomy":"product_tag","embeddable":true,"href":"https:\/\/teflonx.com\/tr\/wp-json\/wp\/v2\/product_tag?post=259"}],"curies":[{"name":"wp","href":"https:\/\/api.w.org\/{rel}","templated":true}]}}