{"id":295,"date":"2025-03-19T13:57:58","date_gmt":"2025-03-19T13:57:58","guid":{"rendered":"https:\/\/teflonx.com\/?post_type=product&#038;p=295"},"modified":"2025-12-01T15:47:02","modified_gmt":"2025-12-01T15:47:02","slug":"ptfe-oluklu-orgulu-yakit-hortumu","status":"publish","type":"product","link":"https:\/\/teflonx.com\/tr\/product\/ptfe-oluklu-orgulu-yakit-hortumu\/","title":{"rendered":"Y\u00fcksek Performansl\u0131 PTFE Oluklu \u00d6rg\u00fcl\u00fc Yak\u0131t Hortumu \u2013 Yumu\u015fak, Yap\u0131\u015fmaz, Kimyasallara Dayan\u0131kl\u0131\u200c"},"content":{"rendered":"<h2 id=\"product-overview\">\u00dcr\u00fcn Genel Bak\u0131\u015f\u0131<\/h2>\n<p>Teflon X sunar: <strong>Y\u00fcksek Performansl\u0131 PTFE Oluklu \u00d6rg\u00fcl\u00fc Yak\u0131t Hortumu<\/strong>, \u00e7e\u015fitli end\u00fcstriyel ortamlarda \u00fcst\u00fcn g\u00fcvenilirlik i\u00e7in tasarlanm\u0131\u015f \u00e7ok ama\u00e7l\u0131 bir g\u00fc\u00e7 merkezidir. Bu <strong>PTFE Oluklu \u00d6rg\u00fcl\u00fc Yak\u0131t Hortumu<\/strong> metal \u00f6rg\u00fcyle g\u00fc\u00e7lendirilmi\u015f yumu\u015fak, yap\u0131\u015fmaz bir PTFE astar i\u00e7erir; hafif yap\u0131, ola\u011fan\u00fcst\u00fc d\u00fc\u015f\u00fck s\u0131cakl\u0131k esnekli\u011fi ve do\u011fal alev geciktirici \u00f6zellikler sunar. HVAC sistemleri, havac\u0131l\u0131k uygulamalar\u0131 ve laboratuvar ekipmanlar\u0131 i\u00e7in ideal olan \u00fcr\u00fcn\u00fcm\u00fcz, <strong>PTFE Oluklu \u00d6rg\u00fcl\u00fc Yak\u0131t Hortumu<\/strong> E85 etanol, benzin, metanol ve agresif kimyasallar gibi yak\u0131tlar\u0131 i\u015fleme konusunda m\u00fckemmeldir; ayn\u0131 zamanda a\u015f\u0131nmaya, b\u00fck\u00fclmeye ve bozulmaya kar\u015f\u0131 diren\u00e7lidir. Solventlere, asitlere ve bazlara kar\u015f\u0131 ola\u011fan\u00fcst\u00fc kimyasal direncin yan\u0131 s\u0131ra kendi kendine tahliye ve y\u00fcksek ak\u0131\u015f h\u0131zlar\u0131 i\u00e7in d\u00fc\u015f\u00fck s\u00fcrt\u00fcnme katsay\u0131s\u0131na sahip olan bu \u00fcr\u00fcn, <strong>PTFE Oluklu \u00d6rg\u00fcl\u00fc Yak\u0131t Hortumu<\/strong> -200\u00b0C ile +260\u00b0C (-328\u00b0F ile +500\u00b0F) aras\u0131nda kontaminasyon i\u00e7ermeyen performans sa\u011flar. Oluklu tasar\u0131m, b\u00fck\u00fclebilirli\u011fi ve titre\u015fim direncini art\u0131rarak Teflon X'in <strong>PTFE Oluklu \u00d6rg\u00fcl\u00fc Yak\u0131t Hortumu<\/strong> bak\u0131m\u0131 minimize eden ve g\u00fcvenli\u011fi maksimize eden, maliyet etkin ve dayan\u0131kl\u0131 \u00e7\u00f6z\u00fcmler i\u00e7in ilk tercih haline getirir. \u00dcr\u00fcn\u00fcm\u00fcz\u00fcn \u00e7ok y\u00f6nl\u00fcl\u00fc\u011f\u00fcn\u00fc ke\u015ffedin: <strong>PTFE Oluklu \u00d6rg\u00fcl\u00fc Yak\u0131t Hortumu<\/strong> \u015furada: <a href=\"https:\/\/teflonx.com\/tr\/\" target=\"_blank\" rel=\"noopener\">Teflon X<\/a>.<\/p>\n<h2 id=\"key-features\">Temel \u00d6zellikler<\/h2>\n<ul>\n<li><strong>Yumu\u015fak ve Yap\u0131\u015fmaz Astar<\/strong>: PTFE malzeme, yak\u0131tlar\u0131n, kal\u0131nt\u0131lar\u0131n ve kimyasallar\u0131n yap\u0131\u015fmas\u0131n\u0131 \u00f6nleyen p\u00fcr\u00fczs\u00fcz, d\u00fc\u015f\u00fck s\u00fcrt\u00fcnmeli bir y\u00fczey sa\u011flayarak kolay temizlik ve \u015fu alanlarda k\u0131s\u0131tlanmam\u0131\u015f ak\u0131\u015f sunar: <strong>PTFE Oluklu \u00d6rg\u00fcl\u00fc Yak\u0131t Hortumu<\/strong> d\u00fczeneklerinde eklem b\u00fct\u00fcnl\u00fc\u011f\u00fcn\u00fc art\u0131r\u0131r.<\/li>\n<li><strong>Kimyasal ve Korozyon Direnci<\/strong>: Solventler, asitler, bazlar ve hidrokarbonlar dahil olmak \u00fczere geni\u015f bir agresif ortam yelpazesine kar\u015f\u0131 inerttir; \u015fi\u015fme veya \u00e7\u00f6z\u00fcnme olmaks\u0131z\u0131n uzun s\u00fcreli b\u00fct\u00fcnl\u00fck sa\u011flar.<\/li>\n<li><strong>A\u015f\u0131r\u0131 S\u0131cakl\u0131k Esnekli\u011fi<\/strong>: Esnekli\u011fini koruyarak -200\u00b0C ile +260\u00b0C aras\u0131nda \u00e7al\u0131\u015f\u0131r; kriyojenik laboratuvar ekipmanlar\u0131 ve y\u00fcksek \u0131s\u0131l\u0131 havac\u0131l\u0131k ortamlar\u0131 i\u00e7in m\u00fckemmeldir.<\/li>\n<li><strong>Hafif Metal Takviye<\/strong>: Paslanmaz \u00e7elik \u00f6rg\u00fc, 3000 PSI'ya kadar y\u00fcksek bas\u0131n\u00e7 deste\u011fi sunar, daha kolay kullan\u0131m i\u00e7in a\u011f\u0131rl\u0131\u011f\u0131 azalt\u0131r ve tutu\u015fma risklerine kar\u015f\u0131 alev geciktirici koruma sa\u011flar.<\/li>\n<li><strong>Geli\u015ftirilmi\u015f Dayan\u0131kl\u0131l\u0131k ve Ya\u015flanma Direnci<\/strong>: Ozon, yorgunluk, darbe ve a\u015f\u0131nmaya kar\u015f\u0131 \u00fcst\u00fcn diren\u00e7; \u015fu alanlarda g\u00fcvenilir d\u0131\u015f mekan ve end\u00fcstriyel kullan\u0131m i\u00e7in s\u0131n\u0131rs\u0131z raf \u00f6mr\u00fcne sahiptir: <strong>PTFE Oluklu \u00d6rg\u00fcl\u00fc Yak\u0131t Hortumu<\/strong> Uygulamalar.<\/li>\n<li><strong>D\u00fc\u015f\u00fck Genle\u015fme ve Nem Direnci<\/strong>: Bas\u0131n\u00e7 alt\u0131nda minimum genle\u015fme ve d\u00fc\u015f\u00fck nem ge\u00e7irgenli\u011fi; s\u0131z\u0131nt\u0131 veya kontaminasyon olmadan HVAC so\u011futucu hatlar\u0131 ve yak\u0131t transferi i\u00e7in idealdir.<\/li>\n<li><strong>Tam Vakum ve Kendi Kendine Tahliye Kabiliyeti<\/strong>: \u00c7\u00f6kme yapmadan vakum g\u00f6revlerini yerine getirir; oluklu yap\u0131s\u0131, dinamik kurulumlarda birikmeyi \u00f6nlemek i\u00e7in kendi kendine drenaj\u0131 destekler.<\/li>\n<li><strong>\u00d6zelle\u015ftirilebilir ve Uyumlu<\/strong>: \u0130letken veya iletken olmayan PTFE se\u00e7enekleri; hijyenik havac\u0131l\u0131k ve laboratuvar gereksinimleri i\u00e7in FDA, USP Class VI ve 3A standartlar\u0131n\u0131 kar\u015f\u0131lar.<\/li>\n<\/ul>\n<h2 id=\"applications\">Uygulamalar<\/h2>\n<p>Teflon X&#039;ler <strong>PTFE Oluklu \u00d6rg\u00fcl\u00fc Yak\u0131t Hortumu<\/strong> y\u00fcksek performansl\u0131 sekt\u00f6rlerde hassasiyet ve dayan\u0131kl\u0131l\u0131k i\u00e7in \u00f6zel olarak tasarlanm\u0131\u015ft\u0131r:<\/p>\n<ul>\n<li><strong>HVAC Sistemleri<\/strong>: Verimli iklimlendirme kontrol\u00fc i\u00e7in d\u00fc\u015f\u00fck s\u0131cakl\u0131k stabilitesine ve kimyasal dirence sahip esnek so\u011futucu ve so\u011futma s\u0131v\u0131s\u0131 hatlar\u0131.<\/li>\n<li><strong>Havac\u0131l\u0131k Yak\u0131t Y\u00f6netimi<\/strong>: A\u015f\u0131r\u0131 bas\u0131n\u00e7 ve s\u0131cakl\u0131klar alt\u0131nda jet yak\u0131t\u0131, hidrolik ve egzoz sistemleri i\u00e7in hafif, alev geciktirici hortumlar.<\/li>\n<li><strong>Laboratuvar Ekipman\u0131<\/strong>: Ara\u015ft\u0131rma ve test kurulumlar\u0131nda solventlerin, gazlar\u0131n ve reaktif s\u0131v\u0131lar\u0131n yap\u0131\u015fmaz, kontaminasyonsuz transferi.<\/li>\n<li><strong>Otomotiv ve Yar\u0131\u015f Yak\u0131tlar\u0131<\/strong>: A\u015f\u0131nma direnci ve titre\u015fim tolerans\u0131 ile E85, metanol ve benzinin kesintisiz iletimi.<\/li>\n<li><strong>Genel End\u00fcstriyel<\/strong>: Hafif esnekli\u011fin ve \u00e7ok ama\u00e7l\u0131 dayan\u0131kl\u0131l\u0131\u011f\u0131n esas oldu\u011fu pompa ba\u011flant\u0131lar\u0131, buhar hatlar\u0131 ve kimyasal i\u015fleme.<\/li>\n<\/ul>\n<h2 id=\"specifications\">Teknik \u00d6zellikler<\/h2>\n<p>Ki\u015fiselle\u015ftirilmi\u015f konfig\u00fcrasyonlar i\u00e7in uzmanlar\u0131m\u0131za dan\u0131\u015f\u0131n. A\u015fa\u011f\u0131da, \u015funun i\u00e7in standart parametrelerin \u00f6zeti yer almaktad\u0131r: <strong>Y\u00fcksek Performansl\u0131 PTFE Oluklu \u00d6rg\u00fcl\u00fc Yak\u0131t Hortumu<\/strong>:<\/p>\n<table>\n<thead>\n<tr>\n<th>Parametre<\/th>\n<th>\u015eartname Detaylar\u0131<\/th>\n<\/tr>\n<\/thead>\n<tbody>\n<tr>\n<td><strong>\u0130\u00e7 \u00c7ap (ID)<\/strong><\/td>\n<td>1\/4 \u2033 ila 4 \u2033 (6 mm ila 100 mm); 6 \u2033'ye kadar \u00f6zel boyutlar mevcuttur<\/td>\n<\/tr>\n<tr>\n<td><strong>D\u0131\u015f \u00c7ap (OD)<\/strong><\/td>\n<td>Kimli\u011fe ve \u00f6rg\u00fcye g\u00f6re de\u011fi\u015fir; \u00f6rne\u011fin, 0,5\u2033 ila 4,5\u2033<\/td>\n<\/tr>\n<tr>\n<td><strong>\u00c7al\u0131\u015fma Bas\u0131nc\u0131<\/strong><\/td>\n<td>5000 PSI'a kadar (boyuta ve \u00f6rg\u00fc katmanlar\u0131na ba\u011fl\u0131 olarak)<\/td>\n<\/tr>\n<tr>\n<td><strong>Patlama Bas\u0131nc\u0131<\/strong><\/td>\n<td>4x \u00c7al\u0131\u015fma Bas\u0131nc\u0131 (minimum)<\/td>\n<\/tr>\n<tr>\n<td><strong>S\u0131cakl\u0131k Aral\u0131\u011f\u0131<\/strong><\/td>\n<td>-200\u00b0C ila 260\u00b0C (-328\u00b0F ila 500\u00b0F)<\/td>\n<\/tr>\n<tr>\n<td><strong>Minimum B\u00fck\u00fclme Yar\u0131\u00e7ap\u0131<\/strong><\/td>\n<td>4x ID (\u00f6rn. 1\/4\u2033 ID hortum i\u00e7in 1\u2033)<\/td>\n<\/tr>\n<tr>\n<td><strong>Uzunluk<\/strong><\/td>\n<td>1000 ft'e kadar \u00f6zel; spesifikasyona g\u00f6re standart montajlar<\/td>\n<\/tr>\n<tr>\n<td><strong>Malzeme - Astar<\/strong><\/td>\n<td>PTFE (\u0130letken Siyah veya \u0130letken Olmayan Beyaz)<\/td>\n<\/tr>\n<tr>\n<td><strong>Malzeme - \u00d6rg\u00fc<\/strong><\/td>\n<td>300-Serisi Paslanmaz \u00c7elik (Tek veya \u00c7ift Katmanl\u0131)<\/td>\n<\/tr>\n<tr>\n<td><strong>Ba\u011flant\u0131 par\u00e7alar\u0131<\/strong><\/td>\n<td>Swaged\/Crimped; Pirin\u00e7, SS, Hastelloy veya Titanyum<\/td>\n<\/tr>\n<tr>\n<td><strong>Vakum Derecesi<\/strong><\/td>\n<td>Tam Vakum (29,9\u2033 Hg)<\/td>\n<\/tr>\n<tr>\n<td><strong>Standartlar<\/strong><\/td>\n<td>FDA, USP S\u0131n\u0131f VI, 3A; ATEX uyumlulu\u011fu i\u00e7in iletken se\u00e7enekler<\/td>\n<\/tr>\n<\/tbody>\n<\/table>\n<p><em>Not: Teknik \u00f6zellikler \u00f6zel konfig\u00fcrasyonlara g\u00f6re de\u011fi\u015fiklik g\u00f6sterebilir. \u00d6zel uygulaman\u0131z i\u00e7in her zaman Teflon X ile g\u00f6r\u00fc\u015f\u00fcn.<\/em><\/p>\n<h2 id=\"why-choose-teflon-x-s-ptfe-corrugated-braided-fuel-hose-\">Neden Teflon X\u2019in PTFE Oluklu \u00d6rg\u00fcl\u00fc Yak\u0131t Hortumunu Se\u00e7melisiniz?<\/h2>\n<p>Kapsaml\u0131 floropolimer inovasyonundan yararlanan Teflon X, her birini <strong>PTFE Oluklu \u00d6rg\u00fcl\u00fc Yak\u0131t Hortumu<\/strong> alev geciktirici etkinlik, d\u00fc\u015f\u00fck s\u0131cakl\u0131k performans\u0131 ve kimyasal inertlik a\u00e7\u0131s\u0131ndan titizlikle test eder. Bu, \u00fcr\u00fcn\u00fcm\u00fcz\u00fcn <strong>PTFE Oluklu \u00d6rg\u00fcl\u00fc Yak\u0131t Hortumu<\/strong> e\u015fsiz hafif esneklik ve yap\u0131\u015fmazl\u0131k g\u00fcvenilirli\u011fi sunmas\u0131n\u0131 sa\u011flar; HVAC, havac\u0131l\u0131k ve laboratuvar ortamlar\u0131nda maliyetleri d\u00fc\u015f\u00fcrmek ve g\u00fcvenli\u011fi art\u0131rmak i\u00e7in standartlar\u0131n \u00fczerinde performans g\u00f6sterir.<\/p>\n<p>Y\u00fcksek performansl\u0131 \u00e7\u00f6z\u00fcmleri entegre etmeye haz\u0131r m\u0131s\u0131n\u0131z? \u015euray\u0131 ziyaret edin: <a href=\"https:\/\/teflonx.com\/tr\/\" target=\"_blank\" rel=\"noopener\">Teflon X<\/a> detaylar i\u00e7in veya \u015fu yolla bize ula\u015f\u0131n: <a href=\"https:\/\/teflonx.com\/tr\/bize-ulasin\/\" target=\"_blank\" rel=\"noopener\">Bize Ula\u015f\u0131n sayfas\u0131<\/a>. E-posta: <strong>Allison.Ye@teflonx.com<\/strong>.<\/p>\n<hr \/>","protected":false},"excerpt":{"rendered":"<p><strong>\u00c7ok ama\u00e7l\u0131 PTFE oluklu \u00f6rg\u00fcl\u00fc yak\u0131t hortumu<\/strong>\u200c metal takviyeli hafif, d\u00fc\u015f\u00fck s\u0131cakl\u0131k esnekli\u011fi ve alev geciktirici \u00f6zellikler sunar. HVAC, havac\u0131l\u0131k ve laboratuvar ekipmanlar\u0131 i\u00e7in idealdir. \u200c<\/p>","protected":false},"featured_media":263,"comment_status":"open","ping_status":"closed","template":"","meta":{"site-sidebar-layout":"default","site-content-layout":"","ast-site-content-layout":"default","site-content-style":"default","site-sidebar-style":"default","ast-global-header-display":"","ast-banner-title-visibility":"","ast-main-header-display":"","ast-hfb-above-header-display":"","ast-hfb-below-header-display":"","ast-hfb-mobile-header-display":"","site-post-title":"","ast-breadcrumbs-content":"","ast-featured-img":"","footer-sml-layout":"","ast-disable-related-posts":"","theme-transparent-header-meta":"default","adv-header-id-meta":"","stick-header-meta":"","header-above-stick-meta":"","header-main-stick-meta":"","header-below-stick-meta":"","astra-migrate-meta-layouts":"set","ast-page-background-enabled":"default","ast-page-background-meta":{"desktop":{"background-color":"var(--ast-global-color-5)","background-image":"","background-repeat":"repeat","background-position":"center center","background-size":"auto","background-attachment":"scroll","background-type":"","background-media":"","overlay-type":"","overlay-color":"","overlay-opacity":"","overlay-gradient":""},"tablet":{"background-color":"","background-image":"","background-repeat":"repeat","background-position":"center center","background-size":"auto","background-attachment":"scroll","background-type":"","background-media":"","overlay-type":"","overlay-color":"","overlay-opacity":"","overlay-gradient":""},"mobile":{"background-color":"","background-image":"","background-repeat":"repeat","background-position":"center center","background-size":"auto","background-attachment":"scroll","background-type":"","background-media":"","overlay-type":"","overlay-color":"","overlay-opacity":"","overlay-gradient":""}},"ast-content-background-meta":{"desktop":{"background-color":"var(--ast-global-color-4)","background-image":"","background-repeat":"repeat","background-position":"center center","background-size":"auto","background-attachment":"scroll","background-type":"","background-media":"","overlay-type":"","overlay-color":"","overlay-opacity":"","overlay-gradient":""},"tablet":{"background-color":"var(--ast-global-color-4)","background-image":"","background-repeat":"repeat","background-position":"center center","background-size":"auto","background-attachment":"scroll","background-type":"","background-media":"","overlay-type":"","overlay-color":"","overlay-opacity":"","overlay-gradient":""},"mobile":{"background-color":"var(--ast-global-color-4)","background-image":"","background-repeat":"repeat","background-position":"center center","background-size":"auto","background-attachment":"scroll","background-type":"","background-media":"","overlay-type":"","overlay-color":"","overlay-opacity":"","overlay-gradient":""}}},"product_brand":[290],"product_cat":[42],"product_tag":[55,472],"class_list":{"0":"post-295","1":"product","2":"type-product","3":"status-publish","4":"has-post-thumbnail","6":"product_brand-teflon-x","7":"product_cat-ptfe-corrugated-hoses","8":"product_tag-braided-fuel-hose","9":"product_tag-ptfe-corrugated-braided-fuel-hose","10":"desktop-align-left","11":"tablet-align-left","12":"mobile-align-left","14":"first","15":"instock","16":"shipping-taxable","17":"product-type-simple"},"_links":{"self":[{"href":"https:\/\/teflonx.com\/tr\/wp-json\/wp\/v2\/product\/295","targetHints":{"allow":["GET"]}}],"collection":[{"href":"https:\/\/teflonx.com\/tr\/wp-json\/wp\/v2\/product"}],"about":[{"href":"https:\/\/teflonx.com\/tr\/wp-json\/wp\/v2\/types\/product"}],"replies":[{"embeddable":true,"href":"https:\/\/teflonx.com\/tr\/wp-json\/wp\/v2\/comments?post=295"}],"wp:featuredmedia":[{"embeddable":true,"href":"https:\/\/teflonx.com\/tr\/wp-json\/wp\/v2\/media\/263"}],"wp:attachment":[{"href":"https:\/\/teflonx.com\/tr\/wp-json\/wp\/v2\/media?parent=295"}],"wp:term":[{"taxonomy":"product_brand","embeddable":true,"href":"https:\/\/teflonx.com\/tr\/wp-json\/wp\/v2\/product_brand?post=295"},{"taxonomy":"product_cat","embeddable":true,"href":"https:\/\/teflonx.com\/tr\/wp-json\/wp\/v2\/product_cat?post=295"},{"taxonomy":"product_tag","embeddable":true,"href":"https:\/\/teflonx.com\/tr\/wp-json\/wp\/v2\/product_tag?post=295"}],"curies":[{"name":"wp","href":"https:\/\/api.w.org\/{rel}","templated":true}]}}