{"id":337,"date":"2025-03-22T14:54:40","date_gmt":"2025-03-22T14:54:40","guid":{"rendered":"https:\/\/teflonx.com\/?post_type=product&#038;p=337"},"modified":"2025-12-04T12:13:46","modified_gmt":"2025-12-04T12:13:46","slug":"seffaf-pfa-isi-ile-daralan-makaron","status":"publish","type":"product","link":"https:\/\/teflonx.com\/tr\/product\/seffaf-pfa-isi-ile-daralan-makaron\/","title":{"rendered":"Elektrik Konnekt\u00f6rleri i\u00e7in \u015eeffaf PFA Is\u0131yla Daralan Hortum \u2013 Y\u00fcksek S\u0131cakl\u0131klara Dayan\u0131kl\u0131"},"content":{"rendered":"<h2 id=\"product-overview\">\u00dcr\u00fcn Genel Bak\u0131\u015f\u0131<\/h2>\n<p>\u00dcst\u00fcn performans\u0131n\u0131 ke\u015ffedin: <strong>\u015eeffaf PFA \u0131s\u0131yla b\u00fcz\u00fc\u015fen makaron<\/strong> zorlu uygulamalarda e\u015fsiz g\u00fcvenilirlik i\u00e7in tasarlanan Teflon X'ten. \u00dcr\u00fcn\u00fcm\u00fcz, <strong>\u015eeffaf PFA \u0131s\u0131yla b\u00fcz\u00fc\u015fen makaron<\/strong> \u00fcst\u00fcn \u015feffafl\u0131k sunarak alttaki bile\u015fenlerin kolayca g\u00f6rsel olarak denetlenmesini sa\u011flarken sa\u011flam yal\u0131t\u0131m ve koruma sa\u011flar. Elektrik konnekt\u00f6rleri i\u00e7in ideal olan bu y\u00fcksek s\u0131cakl\u0131\u011fa dayan\u0131kl\u0131 \u00e7\u00f6z\u00fcm, ekstrem ortamlarda m\u00fckemmel performans g\u00f6stererek uzun vadeli dayan\u0131kl\u0131l\u0131k ve g\u00fcvenlik sa\u011flar. D\u00fc\u015f\u00fck s\u00fcrt\u00fcnme katsay\u0131s\u0131 ve korozyona dayan\u0131kl\u0131 \u00f6zellikleri sayesinde, <strong>\u015eeffaf PFA \u0131s\u0131yla b\u00fcz\u00fc\u015fen makaron<\/strong> kontaminasyon birikmesini \u00f6nler ve hizmet \u00f6mr\u00fcn\u00fc uzat\u0131r; bu da onu yap\u0131\u015fmaz, temizlenmesi kolay malzemeler gerektiren end\u00fcstriler i\u00e7in tercih edilen bir se\u00e7enek haline getirir.<\/p>\n<p>Teflon X olarak, birinci s\u0131n\u0131f floropolimer \u00fcr\u00fcnlerinde uzmanla\u015f\u0131yoruz ve <strong>\u015eeffaf PFA \u0131s\u0131yla b\u00fcz\u00fc\u015fen makaron<\/strong> kimyasal diren\u00e7, UV stabilitesi ve elektriksel yal\u0131t\u0131m i\u00e7in en y\u00fcksek standartlar\u0131 kar\u015f\u0131layan \u00e7\u00f6z\u00fcmler sunuyoruz. Web sitemizi \u015fu adresten ziyaret edin: <a href=\"https:\/\/teflonx.com\/tr\/\" target=\"_blank\" rel=\"noopener\">https:\/\/teflonx.com\/<\/a> t\u00fcm \u00fcr\u00fcn yelpazemizi ke\u015ffetmek i\u00e7in veya bizimle \u015fu yolla ileti\u015fime ge\u00e7in: <a href=\"https:\/\/teflonx.com\/tr\/bize-ulasin\/\" target=\"_blank\" rel=\"noopener\">Bize Ula\u015f\u0131n sayfas\u0131<\/a> veya e-posta <a href=\"mailto:Allison.Ye@teflonx.com\" target=\"_blank\" rel=\"noopener\"><strong>Allison.Ye@teflonx.com<\/strong><\/a> ki\u015fiselle\u015ftirilmi\u015f yard\u0131m almak i\u00e7in.<\/p>\n<h2 id=\"key-features\">Temel \u00d6zellikler<\/h2>\n<ul>\n<li><strong>Y\u00fcksek \u015eeffafl\u0131k<\/strong>: Hassas montaj ve izleme i\u00e7in kristal netli\u011finde g\u00f6r\u00fcn\u00fcrl\u00fck, \u00fcr\u00fcnlerimizin temel bir \u00f6zelli\u011fi olan <strong>\u015eeffaf PFA \u0131s\u0131yla b\u00fcz\u00fc\u015fen makaron<\/strong>.<\/li>\n<li><strong>A\u015f\u0131r\u0131 S\u0131cakl\u0131k Dayan\u0131m\u0131<\/strong>: -200\u00b0C ile +260\u00b0C aras\u0131nda s\u00fcrekli olarak g\u00fcvenilir \u015fekilde \u00e7al\u0131\u015f\u0131r, 300\u00b0C'ye kadar k\u0131sa s\u00fcreli maruz kalma ile y\u00fcksek s\u0131cakl\u0131kl\u0131 ortamlar i\u00e7in m\u00fckemmeldir.<\/li>\n<li><strong>Superior Chemical Resistance<\/strong>: Asitlere, bazlara, solventlere ve agresif kimyasallara bozulma olmadan dayan\u0131r.<\/li>\n<li><strong>M\u00fckemmel Elektriksel Yal\u0131t\u0131m<\/strong>: Y\u00fcksek dielektrik mukavemeti, elektrik konnekt\u00f6rlerinde ve kablo tesisatlar\u0131nda g\u00fcvenli performans sa\u011flar.<\/li>\n<li><strong>D\u00fc\u015f\u00fck S\u00fcrt\u00fcnme ve Yap\u0131\u015fmaz Y\u00fczey<\/strong>: A\u015f\u0131nmay\u0131 azalt\u0131r ve kurulumu ile bak\u0131m\u0131n\u0131 kolayla\u015ft\u0131r\u0131r: <strong>\u015eeffaf PFA \u0131s\u0131yla b\u00fcz\u00fc\u015fen makaron<\/strong>.<\/li>\n<li><strong>Korozyon ve UV Direnci<\/strong>: D\u0131\u015f mekan veya denizcilik uygulamalar\u0131 da dahil olmak \u00fczere zorlu end\u00fcstriyel ortamlarda kullan\u0131m \u00f6mr\u00fcn\u00fc uzat\u0131r.<\/li>\n<li><strong>Y\u00fcksek Safl\u0131k ve D\u00fc\u015f\u00fck S\u0131z\u0131nt\u0131<\/strong>: Yar\u0131 iletken \u00fcretimi ve t\u0131bbi cihazlar gibi hassas uygulamalar i\u00e7in idealdir.<\/li>\n<li><strong>Esnek B\u00fcz\u00fclme Oran\u0131<\/strong>: Tipik olarak 2:1 olup, \u00e7ok y\u00f6nl\u00fc boyutland\u0131rma ve d\u00fczensiz \u015fekiller \u00fczerinde g\u00fcvenli uyum sa\u011flar.<\/li>\n<\/ul>\n<h2 id=\"technical-specifications\">Teknik \u00d6zellikler<\/h2>\n<p>Bizim <strong>\u015eeffaf PFA \u0131s\u0131yla b\u00fcz\u00fc\u015fen makaron<\/strong> ihtiya\u00e7lar\u0131n\u0131za uygun \u00e7e\u015fitli boyut ve konfig\u00fcrasyonlarda mevcuttur. A\u015fa\u011f\u0131da standart parametrelerin bir tablosu yer almaktad\u0131r:<\/p>\n<table>\n<thead>\n<tr>\n<th>Parametre<\/th>\n<th>\u015eartname<\/th>\n<th>Notlar<\/th>\n<\/tr>\n<\/thead>\n<tbody>\n<tr>\n<td><strong>Malzeme<\/strong><\/td>\n<td>Perfloroalkoksi (PFA)<\/td>\n<td>\u00dcst\u00fcn performans i\u00e7in floropolimer<\/td>\n<\/tr>\n<tr>\n<td><strong>Renk<\/strong><\/td>\n<td>Berrak\/\u015eeffaf<\/td>\n<td>G\u00f6rsel inceleme i\u00e7in y\u00fcksek optik netlik<\/td>\n<\/tr>\n<tr>\n<td><strong>B\u00fcz\u00fclme Oran\u0131<\/strong><\/td>\n<td>2:1<\/td>\n<td>Bile\u015fenlerin \u00fczerine s\u0131\u011facak \u015fekilde geni\u015fler, orijinal \u00e7ap\u0131n 'sine b\u00fcz\u00fcl\u00fcr<\/td>\n<\/tr>\n<tr>\n<td><strong>\u00c7al\u0131\u015fma S\u0131cakl\u0131\u011f\u0131<\/strong><\/td>\n<td>-200\u00b0C ile +260\u00b0C aras\u0131 (s\u00fcrekli)<\/td>\n<td>+300\u00b0C'ye kadar k\u0131sa s\u00fcreli; kriyojenik kullan\u0131mdan y\u00fcksek \u0131s\u0131ya kadar uygun<\/td>\n<\/tr>\n<tr>\n<td><strong>B\u00fcz\u00fclme S\u0131cakl\u0131\u011f\u0131<\/strong><\/td>\n<td>150\u00b0C \u2013 200\u00b0C<\/td>\n<td>S\u0131cak hava tabancalar\u0131 gibi standart \u0131s\u0131 kaynaklar\u0131yla h\u0131zl\u0131 geri kazan\u0131m<\/td>\n<\/tr>\n<tr>\n<td><strong>Dielektrik Dayan\u0131m\u0131<\/strong><\/td>\n<td>&gt;15 kV\/mm<\/td>\n<td>Y\u00fcksek voltajl\u0131 uygulamalar i\u00e7in m\u00fckemmel yal\u0131t\u0131m<\/td>\n<\/tr>\n<tr>\n<td><strong>\u00c7ekme Dayan\u0131m\u0131<\/strong><\/td>\n<td>\u226525 MPa<\/td>\n<td>Y\u00fcksek mekanik dayan\u0131kl\u0131l\u0131k<\/td>\n<\/tr>\n<tr>\n<td><strong>Kopma Uzamas\u0131<\/strong><\/td>\n<td>\u22650<\/td>\n<td>Esnek ve \u00e7atlamaya kar\u015f\u0131 diren\u00e7li<\/td>\n<\/tr>\n<tr>\n<td><strong>Sertlik (Shore D)<\/strong><\/td>\n<td>55 &#8211; 65<\/td>\n<td>Esneklik ile sertli\u011fi dengeler<\/td>\n<\/tr>\n<tr>\n<td><strong>\u00d6zg\u00fcl A\u011f\u0131rl\u0131k<\/strong><\/td>\n<td>2.15 g\/cm\u00b3<\/td>\n<td>Hafif ama dayan\u0131kl\u0131<\/td>\n<\/tr>\n<tr>\n<td><strong>Yan\u0131c\u0131l\u0131k<\/strong><\/td>\n<td>UL 224 VW-1<\/td>\n<td>Kendili\u011finden s\u00f6nen, d\u00fc\u015f\u00fck duman olu\u015fumu<\/td>\n<\/tr>\n<tr>\n<td><strong>Standart Boyutlar (\u0130\u00e7 \u00c7ap)<\/strong><\/td>\n<td>1.0 mm \u2013 50 mm<\/td>\n<td>Talep \u00fczerine \u00f6zel boyutlar mevcuttur<\/td>\n<\/tr>\n<tr>\n<td><strong>Et Kal\u0131nl\u0131\u011f\u0131 (Daralm\u0131\u015f)<\/strong><\/td>\n<td>0.2 mm \u2013 2.0 mm<\/td>\n<td>Alan k\u0131s\u0131tl\u0131 tasar\u0131mlar i\u00e7in ince et kal\u0131nl\u0131\u011f\u0131<\/td>\n<\/tr>\n<\/tbody>\n<\/table>\n<p><em>Not: Spesifikasyonlar standart test y\u00f6ntemlerine (\u00f6rne\u011fin, ASTM D2671) dayanmaktad\u0131r. Uygulaman\u0131za \u00f6zel kesin de\u011ferler i\u00e7in Teflon X ile ileti\u015fime ge\u00e7in.<\/em><\/p>\n<h2 id=\"applications\">Uygulamalar<\/h2>\n<p><strong>\u015eeffaf PFA \u0131s\u0131yla b\u00fcz\u00fc\u015fen makaron<\/strong> birden fazla sekt\u00f6rde \u00e7ok y\u00f6nl\u00fcd\u00fcr:<\/p>\n<ul>\n<li><strong>Elektrik ve Elektronik<\/strong>: Y\u00fcksek g\u00fcvenilirlikli sistemlerde konnekt\u00f6rlerin, kablo demetlerinin ve devre kartlar\u0131n\u0131n yal\u0131t\u0131lmas\u0131.<\/li>\n<li><strong>Otomotiv ve Havac\u0131l\u0131k<\/strong>: Motorlarda ve aviyoniklerde bile\u015fenleri \u0131s\u0131dan, titre\u015fimden ve kimyasallardan koruma.<\/li>\n<li><strong>Kimyasal \u0130\u015fleme<\/strong>: Agresif ak\u0131\u015fkan ortamlar\u0131nda korozyon direnci i\u00e7in boru ve valflerin kaplanmas\u0131.<\/li>\n<li><strong>T\u0131bbi ve Laboratuvar<\/strong>: Steril ekipmanlar ve s\u0131v\u0131 transfer hatlar\u0131 i\u00e7in y\u00fcksek safl\u0131kta hortumlar.<\/li>\n<li><strong>Yar\u0131 \u0130letken ve G\u0131da \u0130\u015fleme<\/strong>: Yap\u0131\u015fmaz ve d\u00fc\u015f\u00fck s\u0131z\u0131nt\u0131 \u00f6zellikleri ile kontaminasyonsuz operasyonlar sa\u011flar.<\/li>\n<\/ul>\n<p>Teflon X&#039;ler <strong>\u015eeffaf PFA \u0131s\u0131yla b\u00fcz\u00fc\u015fen makaron<\/strong> y\u00fcksek safl\u0131ktaki uygulamalar i\u00e7in SEMI F-57 standartlar\u0131n\u0131 destekleyerek hassas end\u00fcstriler i\u00e7in vazge\u00e7ilmez bir \u00e7\u00f6z\u00fcm haline gelir.<\/p>\n<h2 id=\"why-choose-teflon-x-s-clear-pfa-heat-shrink-tubing-\">Neden Teflon X\u2019in \u015eeffaf PFA Is\u0131yla Daralan Makaronunu Se\u00e7melisiniz?<\/h2>\n<p>Floropolimerler konusundaki onlarca y\u0131ll\u0131k uzmanl\u0131\u011f\u0131yla Teflon X, <strong>\u015eeffaf PFA \u0131s\u0131yla b\u00fcz\u00fc\u015fen makaron<\/strong> \u015feffafl\u0131k, termal kararl\u0131l\u0131k ve uzun \u00f6m\u00fcrl\u00fcl\u00fck a\u00e7\u0131s\u0131ndan rakiplerinden daha iyi performans g\u00f6steren \u00e7\u00f6z\u00fcmler sunar. Kaliteye olan ba\u011fl\u0131l\u0131\u011f\u0131m\u0131z, her makaran\u0131n titiz ISO sertifikalar\u0131n\u0131 kar\u015f\u0131lamas\u0131n\u0131 sa\u011flayarak projeleriniz i\u00e7in g\u00f6n\u00fcl rahatl\u0131\u011f\u0131 sunar. Montajlar\u0131n\u0131z\u0131 geli\u015ftirmeye haz\u0131r m\u0131s\u0131n\u0131z? Bug\u00fcn bize ula\u015f\u0131n: <a href=\"mailto:Allison.Ye@teflonx.com\" target=\"_blank\" rel=\"noopener\"><strong>Allison.Ye@teflonx.com<\/strong><\/a> veya \u015fu kanalla: <a href=\"https:\/\/teflonx.com\/tr\/bize-ulasin\/\" target=\"_blank\" rel=\"noopener\">https:\/\/teflonx.com\/contact-us\/<\/a>.<\/p>\n<hr \/>","protected":false},"excerpt":{"rendered":"<p>\u015eeffaf PFA \u0131s\u0131yla daralan boru, elektrik konnekt\u00f6rleri ve end\u00fcstriyel bile\u015fenler i\u00e7in \u00fcst\u00fcn yal\u0131t\u0131m sa\u011flar. Y\u00fcksek \u015feffafl\u0131k ve s\u0131cakl\u0131k direnci (-40\u00b0C ila 260\u00b0C) ile a\u015f\u0131r\u0131 ortamlarda uzun vadeli dayan\u0131kl\u0131l\u0131k sa\u011flar. D\u00fc\u015f\u00fck s\u00fcrt\u00fcnme katsay\u0131s\u0131 kirlenmenin birikmesini \u00f6nlerken, korozyon direnci hizmet \u00f6mr\u00fcn\u00fc uzat\u0131r. Yap\u0131\u015fmaz, kolay temizlenebilir \u00e7\u00f6z\u00fcmler gerektiren otomotiv, havac\u0131l\u0131k ve kimya end\u00fcstrileri i\u00e7in idealdir.<\/p>","protected":false},"featured_media":338,"comment_status":"open","ping_status":"closed","template":"","meta":{"site-sidebar-layout":"default","site-content-layout":"","ast-site-content-layout":"default","site-content-style":"default","site-sidebar-style":"default","ast-global-header-display":"","ast-banner-title-visibility":"","ast-main-header-display":"","ast-hfb-above-header-display":"","ast-hfb-below-header-display":"","ast-hfb-mobile-header-display":"","site-post-title":"","ast-breadcrumbs-content":"","ast-featured-img":"","footer-sml-layout":"","ast-disable-related-posts":"","theme-transparent-header-meta":"default","adv-header-id-meta":"","stick-header-meta":"","header-above-stick-meta":"","header-main-stick-meta":"","header-below-stick-meta":"","astra-migrate-meta-layouts":"set","ast-page-background-enabled":"default","ast-page-background-meta":{"desktop":{"background-color":"var(--ast-global-color-5)","background-image":"","background-repeat":"repeat","background-position":"center center","background-size":"auto","background-attachment":"scroll","background-type":"","background-media":"","overlay-type":"","overlay-color":"","overlay-opacity":"","overlay-gradient":""},"tablet":{"background-color":"","background-image":"","background-repeat":"repeat","background-position":"center center","background-size":"auto","background-attachment":"scroll","background-type":"","background-media":"","overlay-type":"","overlay-color":"","overlay-opacity":"","overlay-gradient":""},"mobile":{"background-color":"","background-image":"","background-repeat":"repeat","background-position":"center center","background-size":"auto","background-attachment":"scroll","background-type":"","background-media":"","overlay-type":"","overlay-color":"","overlay-opacity":"","overlay-gradient":""}},"ast-content-background-meta":{"desktop":{"background-color":"var(--ast-global-color-4)","background-image":"","background-repeat":"repeat","background-position":"center center","background-size":"auto","background-attachment":"scroll","background-type":"","background-media":"","overlay-type":"","overlay-color":"","overlay-opacity":"","overlay-gradient":""},"tablet":{"background-color":"var(--ast-global-color-4)","background-image":"","background-repeat":"repeat","background-position":"center center","background-size":"auto","background-attachment":"scroll","background-type":"","background-media":"","overlay-type":"","overlay-color":"","overlay-opacity":"","overlay-gradient":""},"mobile":{"background-color":"var(--ast-global-color-4)","background-image":"","background-repeat":"repeat","background-position":"center center","background-size":"auto","background-attachment":"scroll","background-type":"","background-media":"","overlay-type":"","overlay-color":"","overlay-opacity":"","overlay-gradient":""}}},"product_brand":[290],"product_cat":[488],"product_tag":[65,64,67,66],"class_list":{"0":"post-337","1":"product","2":"type-product","3":"status-publish","4":"has-post-thumbnail","6":"product_brand-teflon-x","7":"product_cat-pfa-heat-shrink-tubing","8":"product_tag-clear-heat-shrink","9":"product_tag-clear-heat-shrink-tubing","10":"product_tag-heat-shrink-connectors","11":"product_tag-transparent-shrink-tube","12":"desktop-align-left","13":"tablet-align-left","14":"mobile-align-left","16":"first","17":"instock","18":"shipping-taxable","19":"product-type-simple"},"_links":{"self":[{"href":"https:\/\/teflonx.com\/tr\/wp-json\/wp\/v2\/product\/337","targetHints":{"allow":["GET"]}}],"collection":[{"href":"https:\/\/teflonx.com\/tr\/wp-json\/wp\/v2\/product"}],"about":[{"href":"https:\/\/teflonx.com\/tr\/wp-json\/wp\/v2\/types\/product"}],"replies":[{"embeddable":true,"href":"https:\/\/teflonx.com\/tr\/wp-json\/wp\/v2\/comments?post=337"}],"wp:featuredmedia":[{"embeddable":true,"href":"https:\/\/teflonx.com\/tr\/wp-json\/wp\/v2\/media\/338"}],"wp:attachment":[{"href":"https:\/\/teflonx.com\/tr\/wp-json\/wp\/v2\/media?parent=337"}],"wp:term":[{"taxonomy":"product_brand","embeddable":true,"href":"https:\/\/teflonx.com\/tr\/wp-json\/wp\/v2\/product_brand?post=337"},{"taxonomy":"product_cat","embeddable":true,"href":"https:\/\/teflonx.com\/tr\/wp-json\/wp\/v2\/product_cat?post=337"},{"taxonomy":"product_tag","embeddable":true,"href":"https:\/\/teflonx.com\/tr\/wp-json\/wp\/v2\/product_tag?post=337"}],"curies":[{"name":"WP","href":"https:\/\/api.w.org\/{rel}","templated":true}]}}