{"id":368,"date":"2025-03-25T13:45:14","date_gmt":"2025-03-25T13:45:14","guid":{"rendered":"https:\/\/teflonx.com\/?post_type=product&#038;p=368"},"modified":"2025-12-29T19:05:12","modified_gmt":"2025-12-29T19:05:12","slug":"isiyla-daralan-makaron","status":"publish","type":"product","link":"https:\/\/teflonx.com\/tr\/product\/isiyla-daralan-makaron\/","title":{"rendered":"End\u00fcstriyel Kablolama i\u00e7in Y\u00fcksek Berrakl\u0131kta Is\u0131yla Daralan Boru \u2013 D\u00fc\u015f\u00fck S\u00fcrt\u00fcnme"},"content":{"rendered":"<h2 id=\"product-overview\">\u00dcr\u00fcn Genel Bak\u0131\u015f\u0131<\/h2>\n<p>Teflon X'in sundu\u011fu e\u015fsiz korumay\u0131 deneyimleyin <strong>daralan makaron<\/strong>, \u00fcst\u00fcn optik \u015feffafl\u0131k ve end\u00fcstriyel d\u00fczeyde performans i\u00e7in y\u00fcksek berrakl\u0131\u011fa sahip PFA yap\u0131s\u0131na sahiptir. Geli\u015ftirdi\u011fimiz <strong>daralan makaron<\/strong> \u00fcr\u00fcn\u00fcm\u00fcz, d\u00fc\u015f\u00fck s\u00fcrt\u00fcnme ve ola\u011fan\u00fcst\u00fc kimyasal diren\u00e7 i\u00e7in titizlikle tasarlanm\u0131\u015f olup en zorlu ortamlarda kablolar\u0131 ve ba\u011flant\u0131lar\u0131 korur. Bu \u00fcr\u00fcn\u00fcn yap\u0131\u015fmazl\u0131k \u00f6zellikleri <strong>daralan makaron<\/strong> kal\u0131nt\u0131 yap\u0131\u015fmas\u0131n\u0131 etkili bir \u015fekilde \u00f6nleyerek g\u0131da i\u015fleme, t\u0131bbi ekipman ve \u00f6tesi i\u00e7in temel bir \u00e7\u00f6z\u00fcm haline getirir. G\u00fcvenlik ve g\u00fcvenilirli\u011fi sa\u011flayan UL sertifikas\u0131 ile Teflon X'in <strong>daralan makaron<\/strong> \u00fcr\u00fcnleri, zahmetsiz denetim ve bak\u0131m i\u00e7in kristal netli\u011finde g\u00f6r\u00fcn\u00fcrl\u00fck sunarken sa\u011flam bir yal\u0131t\u0131m sa\u011flar.<\/p>\n<p>Floropolimer inovasyonlar\u0131nda bir lider olarak Teflon X, birinci s\u0131n\u0131f <strong>daralan makaron<\/strong> a\u015f\u0131r\u0131 s\u0131cakl\u0131klardan a\u015f\u0131nd\u0131r\u0131c\u0131 maruziyetlere kadar zorlu ko\u015fullarda \u00fcst\u00fcn performans g\u00f6sterir. T\u00fcm \u00fcr\u00fcn yelpazemizi \u015fu adreste ke\u015ffedin: <a href=\"https:\/\/teflonx.com\/tr\/\" target=\"_blank\" rel=\"noopener\">https:\/\/teflonx.com\/<\/a>, veya \u015fu kanal \u00fczerinden ekibimizle ileti\u015fime ge\u00e7in: <a href=\"https:\/\/teflonx.com\/tr\/bize-ulasin\/\" target=\"_blank\" rel=\"noopener\">Bize Ula\u015f\u0131n sayfas\u0131<\/a> veya \u015fu adrese e-posta g\u00f6nderin: <a href=\"mailto:Allison.Ye@teflonx.com\" target=\"_blank\" rel=\"noopener\"><strong>Allison.Ye@teflonx.com<\/strong><\/a> \u015fu konularda size \u00f6zel \u00f6neriler i\u00e7in <strong>daralan makaron<\/strong> Uygulamalar.<\/p>\n<h2 id=\"key-features\">Temel \u00d6zellikler<\/h2>\n<ul>\n<li><strong>Ola\u011fan\u00fcst\u00fc Y\u00fcksek Berrakl\u0131k<\/strong>: \u015eu alanlarda benzersiz optik \u015feffafl\u0131k sa\u011flar: <strong>daralan makaron<\/strong> kablolama ve bile\u015fenlerin hassas g\u00f6rsel takibi i\u00e7in.<\/li>\n<li><strong>D\u00fc\u015f\u00fck S\u00fcrt\u00fcnmeli Tasar\u0131m<\/strong>: Geli\u015fmi\u015f \u00fcr\u00fcnlerimizin temel bir avantaj\u0131 olan sorunsuz kurulum ve azalt\u0131lm\u0131\u015f a\u015f\u0131nma sa\u011flar <strong>daralan makaron<\/strong>.<\/li>\n<li><strong>Superior Chemical Resistance<\/strong>: Asitlere, solventlere ve a\u015f\u0131nd\u0131r\u0131c\u0131lara kar\u015f\u0131 koruma sa\u011flayarak, korunan kablolar\u0131n \u00f6mr\u00fcn\u00fc g\u00fcvenilir bir \u015fekilde uzat\u0131r <strong>daralan makaron<\/strong>.<\/li>\n<li><strong>Yap\u0131\u015fmaz Y\u00fczey<\/strong>: Kirletici birikimini \u00f6nler ve temizli\u011fi kolayla\u015ft\u0131r\u0131r; \u015funlar\u0131 kullanan hijyenik ortamlar i\u00e7in idealdir: <strong>daralan makaron<\/strong>.<\/li>\n<li><strong>Geni\u015f S\u0131cakl\u0131k Aral\u0131\u011f\u0131<\/strong>: \u00c7ok y\u00f6nl\u00fc kullan\u0131m i\u00e7in k\u0131sa s\u00fcreli 300\u00b0C'ye kadar piklerle, -200\u00b0C ile +260\u00b0C aras\u0131nda s\u00fcrekli \u00e7al\u0131\u015f\u0131r <strong>daralan makaron<\/strong> kullan\u0131m\u0131.<\/li>\n<li><strong>UL Sertifikal\u0131 G\u00fcvenlik<\/strong>: Yan\u0131c\u0131l\u0131k ve elektriksel performans konular\u0131nda kat\u0131 standartlar\u0131 kar\u015f\u0131lar <strong>daralan makaron<\/strong> end\u00fcstriyel kablolama i\u00e7in.<\/li>\n<li><strong>M\u00fckemmel Elektriksel Yal\u0131t\u0131m<\/strong>: Y\u00fcksek dielektrik dayan\u0131m\u0131 k\u0131sa devrelere kar\u015f\u0131 koruma sa\u011flar ve g\u00fcvenli\u011fi art\u0131r\u0131r <strong>daralan makaron<\/strong> Uygulamalar.<\/li>\n<li><strong>UV ve A\u015f\u0131nma Direnci<\/strong>: D\u0131\u015f mekan ve y\u00fcksek a\u015f\u0131nma ortamlar\u0131nda b\u00fct\u00fcnl\u00fc\u011f\u00fc koruyarak dayan\u0131kl\u0131 <strong>daralan makaron<\/strong> kurulumlar\u0131 destekler.<\/li>\n<li><strong>Esnek B\u00fcz\u00fclme Oran\u0131<\/strong>: 2:1 oran\u0131, d\u00fczensiz \u015fekillere g\u00fcvenli bir \u015fekilde uyum sa\u011flar <strong>daralan makaron<\/strong>.<\/li>\n<\/ul>\n<h2 id=\"technical-specifications\">Teknik \u00d6zellikler<\/h2>\n<p>Teflon X&#039;ler <strong>daralan makaron<\/strong> kalite ve performans a\u00e7\u0131s\u0131ndan end\u00fcstri lideri standartlara uygundur. A\u015fa\u011f\u0131da temel parametrelerin kapsaml\u0131 bir tablosu yer almaktad\u0131r:<\/p>\n<table>\n<thead>\n<tr>\n<th>Parametre<\/th>\n<th>\u015eartname<\/th>\n<th>Notlar<\/th>\n<\/tr>\n<\/thead>\n<tbody>\n<tr>\n<td><strong>Malzeme<\/strong><\/td>\n<td>Perfloroalkoksi (PFA)<\/td>\n<td>\u00dcst\u00fcn performans i\u00e7in floropolimer<\/td>\n<\/tr>\n<tr>\n<td><strong>Renk<\/strong><\/td>\n<td>Berrak\/\u015eeffaf<\/td>\n<td>G\u00f6rsel inceleme i\u00e7in y\u00fcksek optik netlik<\/td>\n<\/tr>\n<tr>\n<td><strong>B\u00fcz\u00fclme Oran\u0131<\/strong><\/td>\n<td>2:1<\/td>\n<td>Bile\u015fenlerin \u00fczerine s\u0131\u011facak \u015fekilde geni\u015fler, orijinal \u00e7ap\u0131n 'sine b\u00fcz\u00fcl\u00fcr<\/td>\n<\/tr>\n<tr>\n<td><strong>\u00c7al\u0131\u015fma S\u0131cakl\u0131\u011f\u0131<\/strong><\/td>\n<td>-200\u00b0C ile +260\u00b0C aras\u0131 (s\u00fcrekli)<\/td>\n<td>+300\u00b0C'ye kadar k\u0131sa s\u00fcreli; kriyojenik kullan\u0131mdan y\u00fcksek \u0131s\u0131ya kadar uygun<\/td>\n<\/tr>\n<tr>\n<td><strong>B\u00fcz\u00fclme S\u0131cakl\u0131\u011f\u0131<\/strong><\/td>\n<td>150\u00b0C \u2013 200\u00b0C<\/td>\n<td>S\u0131cak hava tabancalar\u0131 gibi standart \u0131s\u0131 kaynaklar\u0131yla h\u0131zl\u0131 geri kazan\u0131m<\/td>\n<\/tr>\n<tr>\n<td><strong>Dielektrik Dayan\u0131m\u0131<\/strong><\/td>\n<td>&gt;15 kV\/mm<\/td>\n<td>Y\u00fcksek voltajl\u0131 uygulamalar i\u00e7in m\u00fckemmel yal\u0131t\u0131m<\/td>\n<\/tr>\n<tr>\n<td><strong>\u00c7ekme Dayan\u0131m\u0131<\/strong><\/td>\n<td>\u226525 MPa<\/td>\n<td>Y\u00fcksek mekanik dayan\u0131kl\u0131l\u0131k<\/td>\n<\/tr>\n<tr>\n<td><strong>Kopma Uzamas\u0131<\/strong><\/td>\n<td>\u22650<\/td>\n<td>Esnek ve \u00e7atlamaya kar\u015f\u0131 diren\u00e7li<\/td>\n<\/tr>\n<tr>\n<td><strong>Sertlik (Shore D)<\/strong><\/td>\n<td>55 &#8211; 65<\/td>\n<td>Esneklik ile sertli\u011fi dengeler<\/td>\n<\/tr>\n<tr>\n<td><strong>\u00d6zg\u00fcl A\u011f\u0131rl\u0131k<\/strong><\/td>\n<td>2.15 g\/cm\u00b3<\/td>\n<td>Hafif ama dayan\u0131kl\u0131<\/td>\n<\/tr>\n<tr>\n<td><strong>Yan\u0131c\u0131l\u0131k<\/strong><\/td>\n<td>UL 224 VW-1<\/td>\n<td>Kendili\u011finden s\u00f6nen, d\u00fc\u015f\u00fck duman olu\u015fumu<\/td>\n<\/tr>\n<tr>\n<td><strong>Standart Boyutlar (\u0130\u00e7 \u00c7ap)<\/strong><\/td>\n<td>1.0 mm \u2013 50 mm<\/td>\n<td>Talep \u00fczerine \u00f6zel boyutlar mevcuttur<\/td>\n<\/tr>\n<tr>\n<td><strong>Et Kal\u0131nl\u0131\u011f\u0131 (Daralm\u0131\u015f)<\/strong><\/td>\n<td>0.2 mm \u2013 2.0 mm<\/td>\n<td>Alan k\u0131s\u0131tl\u0131 tasar\u0131mlar i\u00e7in ince et kal\u0131nl\u0131\u011f\u0131<\/td>\n<\/tr>\n<\/tbody>\n<\/table>\n<p><em>Not: Spesifikasyonlar standart test y\u00f6ntemlerine (\u00f6rne\u011fin, ASTM D2671) dayanmaktad\u0131r. Uygulaman\u0131za \u00f6zel kesin de\u011ferler i\u00e7in Teflon X ile ileti\u015fime ge\u00e7in.<\/em><\/p>\n<h2 id=\"applications\">Uygulamalar<\/h2>\n<p>Teflon X&#039;ler <strong>daralan makaron<\/strong> kritik sekt\u00f6rlerde \u00e7ok y\u00f6nl\u00fcl\u00fck sa\u011flamak \u00fczere tasarlanm\u0131\u015ft\u0131r:<\/p>\n<ul>\n<li><strong>End\u00fcstriyel Kablolama ve Elektronik<\/strong>: Kablo demetlerini ve konekt\u00f6rleri y\u00fcksek netlikte yal\u0131tarak <strong>daralan makaron<\/strong> g\u00fcvenilir ve denetlenebilir koruma sa\u011flar.<\/li>\n<li><strong>G\u0131da \u0130\u015fleme ve T\u0131bbi Ekipman<\/strong>: Yap\u0131\u015fmaz, d\u00fc\u015f\u00fck s\u00fcrt\u00fcnmeli <strong>daralan makaron<\/strong> steril ve hijyenik operasyonlarda kontaminasyonu \u00f6nler.<\/li>\n<li><strong>Havac\u0131l\u0131k ve Otomotiv<\/strong>: Dayan\u0131kl\u0131 yap\u0131s\u0131yla a\u015f\u0131r\u0131 s\u0131cakl\u0131klara ve kimyasallara diren\u00e7 g\u00f6sterir <strong>daralan makaron<\/strong> motor ve aviyonik kablolama i\u00e7in.<\/li>\n<li><strong>Kimyasal ve HVAC Sistemleri<\/strong>: Korozyona dayan\u0131kl\u0131 <strong>daralan makaron<\/strong> sert s\u0131v\u0131lara ve \u00e7evresel streslere kar\u015f\u0131 koruma sa\u011flar.<\/li>\n<li><strong>Yar\u0131 \u0130letken ve Laboratuvar<\/strong>: Y\u00fcksek safl\u0131kta <strong>daralan makaron<\/strong> kontaminasyon i\u00e7ermeyen montaj ve ak\u0131\u015fkan ta\u015f\u0131may\u0131 destekler.<\/li>\n<\/ul>\n<p>UL, RoHS ve SEMI standartlar\u0131yla uyumlu olan \u00fcr\u00fcnlerimiz, <strong>daralan makaron<\/strong> d\u00fczenlemeye tabi i\u015f ak\u0131\u015flar\u0131na sorunsuz \u015fekilde entegre olur.<\/p>\n<h2 id=\"why-choose-teflon-x-s-heat-shrink-tubing-\">Neden Teflon X Is\u0131yla Daralan Makaronlar\u0131n\u0131 Se\u00e7melisiniz?<\/h2>\n<p>Teflon X \u015fu \u00f6zellikleriyle \u00f6ne \u00e7\u0131kar: <strong>daralan makaron<\/strong> onlarca y\u0131ll\u0131k floropolimer uzmanl\u0131\u011f\u0131yla desteklenen; y\u00fcksek netlik, d\u00fc\u015f\u00fck s\u00fcrt\u00fcnme ve e\u015fsiz dayan\u0131kl\u0131l\u0131\u011f\u0131 bir araya getirir. UL sertifikal\u0131 \u00fcr\u00fcnlerimiz, en zorlu ko\u015fullarda performans\u0131 garanti etmek i\u00e7in titiz ISO uyumlu testlerden ge\u00e7mektedir. End\u00fcstriyel kablolama \u00e7\u00f6z\u00fcmlerinizi bir \u00fcst seviyeye ta\u015f\u0131y\u0131n; bize bug\u00fcn ula\u015f\u0131n: <a href=\"mailto:Allison.Ye@teflonx.com\" target=\"_blank\" rel=\"noopener\"><strong>Allison.Ye@teflonx.com<\/strong><\/a> veya <a href=\"https:\/\/teflonx.com\/tr\/bize-ulasin\/\" target=\"_blank\" rel=\"noopener\">https:\/\/teflonx.com\/contact-us\/<\/a> fiyat teklifleri, numuneler veya \u00f6zel <strong>daralan makaron<\/strong> se\u00e7enekler.<\/p>\n<hr \/>","protected":false},"excerpt":{"rendered":"<p>Y\u00fcksek berrakl\u0131kta PFA \u0131s\u0131yla daralan boru, optik \u015feffafl\u0131\u011f\u0131 end\u00fcstriyel s\u0131n\u0131f performansla birle\u015ftirir. D\u00fc\u015f\u00fck s\u00fcrt\u00fcnme ve kimyasal diren\u00e7 i\u00e7in tasarlanm\u0131\u015ft\u0131r, zorlu ko\u015fullarda telleri korur. Malzemenin yap\u0131\u015fmaz \u00f6zellikleri, d\u00f6k\u00fcnt\u00fc yap\u0131\u015fmas\u0131n\u0131 \u00f6nler, g\u0131da i\u015fleme veya t\u0131bbi ekipman i\u00e7in idealdir. UL sertifikas\u0131yla, g\u00fcvenlik ve g\u00fcvenilirli\u011fi garanti eder.<\/p>","protected":false},"featured_media":340,"comment_status":"open","ping_status":"closed","template":"","meta":{"site-sidebar-layout":"default","site-content-layout":"","ast-site-content-layout":"default","site-content-style":"default","site-sidebar-style":"default","ast-global-header-display":"","ast-banner-title-visibility":"","ast-main-header-display":"","ast-hfb-above-header-display":"","ast-hfb-below-header-display":"","ast-hfb-mobile-header-display":"","site-post-title":"","ast-breadcrumbs-content":"","ast-featured-img":"","footer-sml-layout":"","ast-disable-related-posts":"","theme-transparent-header-meta":"default","adv-header-id-meta":"","stick-header-meta":"","header-above-stick-meta":"","header-main-stick-meta":"","header-below-stick-meta":"","astra-migrate-meta-layouts":"set","ast-page-background-enabled":"default","ast-page-background-meta":{"desktop":{"background-color":"var(--ast-global-color-5)","background-image":"","background-repeat":"repeat","background-position":"center center","background-size":"auto","background-attachment":"scroll","background-type":"","background-media":"","overlay-type":"","overlay-color":"","overlay-opacity":"","overlay-gradient":""},"tablet":{"background-color":"","background-image":"","background-repeat":"repeat","background-position":"center center","background-size":"auto","background-attachment":"scroll","background-type":"","background-media":"","overlay-type":"","overlay-color":"","overlay-opacity":"","overlay-gradient":""},"mobile":{"background-color":"","background-image":"","background-repeat":"repeat","background-position":"center center","background-size":"auto","background-attachment":"scroll","background-type":"","background-media":"","overlay-type":"","overlay-color":"","overlay-opacity":"","overlay-gradient":""}},"ast-content-background-meta":{"desktop":{"background-color":"var(--ast-global-color-4)","background-image":"","background-repeat":"repeat","background-position":"center center","background-size":"auto","background-attachment":"scroll","background-type":"","background-media":"","overlay-type":"","overlay-color":"","overlay-opacity":"","overlay-gradient":""},"tablet":{"background-color":"var(--ast-global-color-4)","background-image":"","background-repeat":"repeat","background-position":"center center","background-size":"auto","background-attachment":"scroll","background-type":"","background-media":"","overlay-type":"","overlay-color":"","overlay-opacity":"","overlay-gradient":""},"mobile":{"background-color":"var(--ast-global-color-4)","background-image":"","background-repeat":"repeat","background-position":"center center","background-size":"auto","background-attachment":"scroll","background-type":"","background-media":"","overlay-type":"","overlay-color":"","overlay-opacity":"","overlay-gradient":""}}},"product_brand":[290],"product_cat":[488],"product_tag":[65,64,67,66],"class_list":{"0":"post-368","1":"product","2":"type-product","3":"status-publish","4":"has-post-thumbnail","6":"product_brand-teflon-x","7":"product_cat-pfa-heat-shrink-tubing","8":"product_tag-clear-heat-shrink","9":"product_tag-clear-heat-shrink-tubing","10":"product_tag-heat-shrink-connectors","11":"product_tag-transparent-shrink-tube","12":"desktop-align-left","13":"tablet-align-left","14":"mobile-align-left","16":"first","17":"instock","18":"shipping-taxable","19":"product-type-simple"},"_links":{"self":[{"href":"https:\/\/teflonx.com\/tr\/wp-json\/wp\/v2\/product\/368","targetHints":{"allow":["GET"]}}],"collection":[{"href":"https:\/\/teflonx.com\/tr\/wp-json\/wp\/v2\/product"}],"about":[{"href":"https:\/\/teflonx.com\/tr\/wp-json\/wp\/v2\/types\/product"}],"replies":[{"embeddable":true,"href":"https:\/\/teflonx.com\/tr\/wp-json\/wp\/v2\/comments?post=368"}],"wp:featuredmedia":[{"embeddable":true,"href":"https:\/\/teflonx.com\/tr\/wp-json\/wp\/v2\/media\/340"}],"wp:attachment":[{"href":"https:\/\/teflonx.com\/tr\/wp-json\/wp\/v2\/media?parent=368"}],"wp:term":[{"taxonomy":"product_brand","embeddable":true,"href":"https:\/\/teflonx.com\/tr\/wp-json\/wp\/v2\/product_brand?post=368"},{"taxonomy":"product_cat","embeddable":true,"href":"https:\/\/teflonx.com\/tr\/wp-json\/wp\/v2\/product_cat?post=368"},{"taxonomy":"product_tag","embeddable":true,"href":"https:\/\/teflonx.com\/tr\/wp-json\/wp\/v2\/product_tag?post=368"}],"curies":[{"name":"WP","href":"https:\/\/api.w.org\/{rel}","templated":true}]}}