{"id":371,"date":"2025-03-25T15:16:16","date_gmt":"2025-03-25T15:16:16","guid":{"rendered":"https:\/\/teflonx.com\/?post_type=product&#038;p=371"},"modified":"2025-12-04T13:18:29","modified_gmt":"2025-12-04T13:18:29","slug":"pfa-daralan-makaron","status":"publish","type":"product","link":"https:\/\/teflonx.com\/tr\/product\/pfa-daralan-makaron\/","title":{"rendered":"Ultra \u015eeffaf PFA Daralan T\u00fcp \u2013 Kimyasal ve Is\u0131ya Dayan\u0131kl\u0131"},"content":{"rendered":"<h2 id=\"product-overview\">\u00dcr\u00fcn Genel Bak\u0131\u015f\u0131<\/h2>\n<p>Teflon X'in benzersiz korumas\u0131n\u0131n kilidini a\u00e7\u0131n <strong>PFA Is\u0131yla Daralan Makaron<\/strong>, en kritik uygulamalarda ola\u011fan\u00fcst\u00fc kimyasal ve \u0131s\u0131 direnci i\u00e7in ultra \u015feffaf PFA yap\u0131s\u0131na sahiptir. \u00dcr\u00fcn\u00fcm\u00fcz, <strong>PFA Is\u0131yla Daralan Makaron<\/strong> laboratuvarlardaki ve enerji santrallerindeki hassas elektronikleri korumak i\u00e7in e\u015fsiz dielektrik dayan\u0131m\u0131 sa\u011flarken, do\u011fal esnekli\u011fi diki\u015fsiz bir uyum i\u00e7in d\u00fczensiz \u015fekillere uyum sa\u011flar. Bu \u00fcr\u00fcn\u00fcn yap\u0131\u015fmaz y\u00fczeyi <strong>PFA Is\u0131yla Daralan Makaron<\/strong> end\u00fcstriyel kirleticilere diren\u00e7 g\u00f6stererek zorlu ortamlarda uzun \u00f6m\u00fcr ve bak\u0131m kolayl\u0131\u011f\u0131 sa\u011flar. -200\u00b0C ile 260\u00b0C aras\u0131ndaki sa\u011flam s\u0131cakl\u0131k aral\u0131\u011f\u0131yla, Teflon X\u2019in <strong>PFA Is\u0131yla Daralan Makaron<\/strong> y\u00fcksek netlik ve g\u00fcvenilirli\u011fin tart\u0131\u015f\u0131lamaz oldu\u011fu havac\u0131l\u0131k ve yar\u0131 iletken \u00fcretimi i\u00e7in g\u00fcvenilirdir.<\/p>\n<p>Teflon X, floropolimer \u00e7\u00f6z\u00fcmlerinde liderdir ve \u015funlar\u0131 sa\u011flar: <strong>PFA Is\u0131yla Daralan Makaron<\/strong> \u015feffafl\u0131k, dayan\u0131kl\u0131l\u0131k ve performans\u0131 birle\u015ftirir. Tekliflerimizi \u015fu adreste inceleyin: <a href=\"https:\/\/teflonx.com\/tr\/\" target=\"_blank\" rel=\"noopener\">https:\/\/teflonx.com\/<\/a>, veya \u015fu yolla bizimle ileti\u015fime ge\u00e7in: <a href=\"https:\/\/teflonx.com\/tr\/bize-ulasin\/\" target=\"_blank\" rel=\"noopener\">Bize Ula\u015f\u0131n sayfas\u0131<\/a> veya e-posta <a href=\"mailto:Allison.Ye@teflonx.com\" target=\"_blank\" rel=\"noopener\"><strong>Allison.Ye@teflonx.com<\/strong><\/a> konusunda uzman deste\u011fi i\u00e7in <strong>PFA Is\u0131yla Daralan Makaron<\/strong> entegrasyonu.<\/p>\n<h2 id=\"key-features\">Temel \u00d6zellikler<\/h2>\n<ul>\n<li><strong>Ultra \u015eeffaf Netlik<\/strong>: \u015euradaki \u00fcst\u00fcn optik \u015feffafl\u0131k <strong>PFA Is\u0131yla Daralan Makaron<\/strong> kapal\u0131 bile\u015fenlerin s\u00f6k\u00fclmeden hassas bir \u015fekilde g\u00f6rsel olarak incelenmesine olanak tan\u0131r.<\/li>\n<li><strong>Ola\u011fan\u00fcst\u00fc Kimyasal Diren\u00e7<\/strong>: Asitlere, bazlara, \u00e7\u00f6z\u00fcc\u00fclere ve agresif kimyasallara kar\u015f\u0131 neredeyse tamamen dayan\u0131kl\u0131d\u0131r, bu da onu <strong>PFA Is\u0131yla Daralan Makaron<\/strong> a\u015f\u0131nd\u0131r\u0131c\u0131 end\u00fcstriyel ortamlar i\u00e7in ideal k\u0131lar.<\/li>\n<li><strong>Y\u00fcksek Is\u0131 Direnci<\/strong>: -200\u00b0C ile +260\u00b0C aras\u0131nda s\u00fcrekli \u00e7al\u0131\u015fma ve 300\u00b0C'ye kadar k\u0131sa s\u00fcreli maruz kalma ile g\u00fcvenilir <strong>PFA Is\u0131yla Daralan Makaron<\/strong> ekstrem termal ko\u015fullarda performans sa\u011flar.<\/li>\n<li><strong>Y\u00fcksek Dielektrik Dayan\u0131m\u0131<\/strong>: \u0130\u00e7indeki hassas elektronikleri korumak i\u00e7in \u00fcst\u00fcn elektriksel yal\u0131t\u0131m sa\u011flar <strong>PFA Is\u0131yla Daralan Makaron<\/strong> Uygulamalar.<\/li>\n<li><strong>Esnek ve Uyumlu Tasar\u0131m<\/strong>: 2:1 daralma oran\u0131yla d\u00fczensiz \u015fekillere kolayca uyum sa\u011flar ve \u00e7ok y\u00f6nl\u00fc <strong>PFA Is\u0131yla Daralan Makaron<\/strong> kullan\u0131mlarda s\u0131k\u0131 bir s\u0131zd\u0131rmazl\u0131k sunar.<\/li>\n<li><strong>Yap\u0131\u015fmaz, D\u00fc\u015f\u00fck S\u00fcrt\u00fcnmeli Y\u00fczey<\/strong>: Kirletici yap\u0131\u015fmas\u0131n\u0131 \u00f6nler ve temizli\u011fi kolayla\u015ft\u0131r\u0131r; \u00fcr\u00fcn\u00fcm\u00fcz\u00fcn temel bir avantaj\u0131d\u0131r <strong>PFA Is\u0131yla Daralan Makaron<\/strong>.<\/li>\n<li><strong>UV ve A\u015f\u0131nma Direnci<\/strong>: Dayan\u0131kl\u0131l\u0131k i\u00e7in d\u0131\u015f mekanlarda veya y\u00fcksek a\u015f\u0131nmal\u0131 ortamlarda yap\u0131sal b\u00fct\u00fcnl\u00fc\u011f\u00fc ve \u015feffafl\u0131\u011f\u0131 korur <strong>PFA Is\u0131yla Daralan Makaron<\/strong> kurulumlar\u0131 destekler.<\/li>\n<li><strong>Alev Geciktirici ve Y\u00fcksek Safl\u0131k<\/strong>: D\u00fc\u015f\u00fck s\u0131z\u0131nt\u0131 ile UL standartlar\u0131n\u0131 kar\u015f\u0131lar, temiz oda ve y\u00fcksek safl\u0131k i\u00e7in uygundur <strong>PFA Is\u0131yla Daralan Makaron<\/strong> gereksinimler.<\/li>\n<li><strong>Mekanik Dayan\u0131kl\u0131l\u0131k<\/strong>: Y\u00fcksek \u00e7ekme dayan\u0131m\u0131 ve uzama \u015funlar\u0131 sa\u011flar: <strong>PFA Is\u0131yla Daralan Makaron<\/strong> \u00e7atlama yapmadan mekanik streslere dayan\u0131r.<\/li>\n<\/ul>\n<h2 id=\"technical-specifications\">Teknik \u00d6zellikler<\/h2>\n<p>Teflon X&#039;ler <strong>PFA Is\u0131yla Daralan Makaron<\/strong> hassasiyet ve g\u00fcvenilirlik i\u00e7in en y\u00fcksek standartlarda tasarlanm\u0131\u015ft\u0131r. A\u015fa\u011f\u0131da temel parametrelerin ayr\u0131nt\u0131l\u0131 bir tablosu yer almaktad\u0131r:<\/p>\n<table>\n<thead>\n<tr>\n<th>Parametre<\/th>\n<th>\u015eartname<\/th>\n<th>Notlar<\/th>\n<\/tr>\n<\/thead>\n<tbody>\n<tr>\n<td><strong>Malzeme<\/strong><\/td>\n<td>Perfloroalkoksi (PFA)<\/td>\n<td>\u00dcst\u00fcn performans i\u00e7in floropolimer<\/td>\n<\/tr>\n<tr>\n<td><strong>Renk<\/strong><\/td>\n<td>Berrak\/\u015eeffaf<\/td>\n<td>G\u00f6rsel inceleme i\u00e7in y\u00fcksek optik netlik<\/td>\n<\/tr>\n<tr>\n<td><strong>B\u00fcz\u00fclme Oran\u0131<\/strong><\/td>\n<td>2:1<\/td>\n<td>Bile\u015fenlerin \u00fczerine s\u0131\u011facak \u015fekilde geni\u015fler, orijinal \u00e7ap\u0131n 'sine b\u00fcz\u00fcl\u00fcr<\/td>\n<\/tr>\n<tr>\n<td><strong>\u00c7al\u0131\u015fma S\u0131cakl\u0131\u011f\u0131<\/strong><\/td>\n<td>-200\u00b0C ile +260\u00b0C aras\u0131 (s\u00fcrekli)<\/td>\n<td>+300\u00b0C'ye kadar k\u0131sa s\u00fcreli; kriyojenik kullan\u0131mdan y\u00fcksek \u0131s\u0131ya kadar uygun<\/td>\n<\/tr>\n<tr>\n<td><strong>B\u00fcz\u00fclme S\u0131cakl\u0131\u011f\u0131<\/strong><\/td>\n<td>150\u00b0C \u2013 200\u00b0C<\/td>\n<td>S\u0131cak hava tabancalar\u0131 gibi standart \u0131s\u0131 kaynaklar\u0131yla h\u0131zl\u0131 geri kazan\u0131m<\/td>\n<\/tr>\n<tr>\n<td><strong>Dielektrik Dayan\u0131m\u0131<\/strong><\/td>\n<td>&gt;15 kV\/mm<\/td>\n<td>Y\u00fcksek voltajl\u0131 uygulamalar i\u00e7in m\u00fckemmel yal\u0131t\u0131m<\/td>\n<\/tr>\n<tr>\n<td><strong>\u00c7ekme Dayan\u0131m\u0131<\/strong><\/td>\n<td>\u226525 MPa<\/td>\n<td>Y\u00fcksek mekanik dayan\u0131kl\u0131l\u0131k<\/td>\n<\/tr>\n<tr>\n<td><strong>Kopma Uzamas\u0131<\/strong><\/td>\n<td>\u22650<\/td>\n<td>Esnek ve \u00e7atlamaya kar\u015f\u0131 diren\u00e7li<\/td>\n<\/tr>\n<tr>\n<td><strong>Sertlik (Shore D)<\/strong><\/td>\n<td>55 &#8211; 65<\/td>\n<td>Esneklik ile sertli\u011fi dengeler<\/td>\n<\/tr>\n<tr>\n<td><strong>\u00d6zg\u00fcl A\u011f\u0131rl\u0131k<\/strong><\/td>\n<td>2.15 g\/cm\u00b3<\/td>\n<td>Hafif ama dayan\u0131kl\u0131<\/td>\n<\/tr>\n<tr>\n<td><strong>Yan\u0131c\u0131l\u0131k<\/strong><\/td>\n<td>UL 224 VW-1<\/td>\n<td>Kendili\u011finden s\u00f6nen, d\u00fc\u015f\u00fck duman olu\u015fumu<\/td>\n<\/tr>\n<tr>\n<td><strong>Standart Boyutlar (\u0130\u00e7 \u00c7ap)<\/strong><\/td>\n<td>1.0 mm \u2013 50 mm<\/td>\n<td>Talep \u00fczerine \u00f6zel boyutlar mevcuttur<\/td>\n<\/tr>\n<tr>\n<td><strong>Et Kal\u0131nl\u0131\u011f\u0131 (Daralm\u0131\u015f)<\/strong><\/td>\n<td>0.2 mm \u2013 2.0 mm<\/td>\n<td>Alan k\u0131s\u0131tl\u0131 tasar\u0131mlar i\u00e7in ince et kal\u0131nl\u0131\u011f\u0131<\/td>\n<\/tr>\n<\/tbody>\n<\/table>\n<p><em>Not: Spesifikasyonlar standart test y\u00f6ntemlerine (\u00f6rne\u011fin, ASTM D2671) dayanmaktad\u0131r. Uygulaman\u0131za \u00f6zel kesin de\u011ferler i\u00e7in Teflon X ile ileti\u015fime ge\u00e7in.<\/em><\/p>\n<h2 id=\"applications\">Uygulamalar<\/h2>\n<p>Teflon X&#039;ler <strong>PFA Is\u0131yla Daralan Makaron<\/strong> hassasiyet ve diren\u00e7 gerektiren y\u00fcksek teknoloji ve end\u00fcstriyel sekt\u00f6rlerde m\u00fckemmeldir:<\/p>\n<ul>\n<li><strong>Havac\u0131l\u0131k ve Yar\u0131 \u0130letken \u0130malat\u0131<\/strong>: Kablolar\u0131 ve bile\u015fenleri ultra \u015feffaf <strong>PFA Is\u0131yla Daralan Makaron<\/strong> kontaminasyon i\u00e7ermeyen, \u0131s\u0131ya dayan\u0131kl\u0131 koruma i\u00e7in yal\u0131t\u0131r.<\/li>\n<li><strong>Laboratuvarlar ve G\u00fc\u00e7 Santralleri<\/strong>: G\u00fcvenilir kullanarak hassas elektronikleri kimyasallardan ve a\u015f\u0131r\u0131 termal de\u011ferlerden korur <strong>PFA Is\u0131yla Daralan Makaron<\/strong>.<\/li>\n<li><strong>Kimyasal \u0130\u015fleme<\/strong>: Boru ve vanalar\u0131 kimyasal olarak inert malzemelerle kaplar <strong>PFA Is\u0131yla Daralan Makaron<\/strong> agresif ortamlar\u0131 bozulma olmadan y\u00f6netmek i\u00e7in.<\/li>\n<li><strong>Elektronik ve T\u0131bbi Cihazlar<\/strong>: Y\u00fcksek safl\u0131kta <strong>PFA Is\u0131yla Daralan Makaron<\/strong> steril ortamlarda elektrik g\u00fcvenli\u011fi ve kolay denetim sa\u011flar.<\/li>\n<li><strong>HVAC ve End\u00fcstriyel Makineler<\/strong>: Esnek <strong>PFA Is\u0131yla Daralan Makaron<\/strong> operasyonel sistemlerde kirleticilere kar\u015f\u0131 diren\u00e7 g\u00f6sterirken d\u00fczensiz \u015fekillere uyum sa\u011flar.<\/li>\n<\/ul>\n<p>Bizim <strong>PFA Is\u0131yla Daralan Makaron<\/strong> UL, RoHS ve SEMI F-57 standartlar\u0131na uyum sa\u011flayarak denetlenen end\u00fcstrilere entegrasyonu kolayla\u015ft\u0131r\u0131r.<\/p>\n<h2 id=\"why-choose-teflon-x-s-pfa-shrink-tube-\">Neden Teflon X\u2019in PFA Daralan Makaronunu Se\u00e7melisiniz?<\/h2>\n<p>Teflon X&#039;ler <strong>PFA Is\u0131yla Daralan Makaron<\/strong> onlarca y\u0131ll\u0131k floropolimer inovasyonundan g\u00fc\u00e7 alarak ultra \u015feffaf tasar\u0131m\u0131, \u00fcst\u00fcn kimyasal ve \u0131s\u0131 direnci ve yap\u0131\u015fmaz \u00e7ok y\u00f6nl\u00fcl\u00fc\u011f\u00fc ile standartlar\u0131 belirler. ISO sertifikal\u0131 \u00fcretim; havac\u0131l\u0131k, laboratuvarlar ve \u00f6tesi i\u00e7in tutarl\u0131 kaliteyi garanti eder. \u015eunu se\u00e7in: <strong>PFA Is\u0131yla Daralan Makaron<\/strong> \u00fcst\u00fcn performans g\u00f6steren\u2014ileti\u015fime ge\u00e7in <a href=\"mailto:Allison.Ye@teflonx.com\" target=\"_blank\" rel=\"noopener\"><strong>Allison.Ye@teflonx.com<\/strong><\/a> veya ziyaret edin <a href=\"https:\/\/teflonx.com\/tr\/bize-ulasin\/\" target=\"_blank\" rel=\"noopener\">https:\/\/teflonx.com\/contact-us\/<\/a> numuneler, \u00f6zel boyutland\u0131rma veya teknik dan\u0131\u015fmanl\u0131k i\u00e7in.<\/p>\n<hr \/>","protected":false},"excerpt":{"rendered":"<p>Ultra \u015feffaf PFA shrink t\u00fcp e\u015fsiz kimyasal ve \u0131s\u0131 direnci sunar (-40\u00b0C ila 260\u00b0C). Y\u00fcksek dielektrik dayan\u0131m\u0131 laboratuvarlarda ve enerji santrallerinde hassas elektronikleri korur. Malzemenin esnekli\u011fi d\u00fczensiz \u015fekillere uyum sa\u011flarken yap\u0131\u015fmaz y\u00fczey end\u00fcstriyel kirleticilere kar\u015f\u0131 diren\u00e7 g\u00f6sterir. Havac\u0131l\u0131k ve yar\u0131 iletken \u00fcretimi i\u00e7in g\u00fcvenilir<\/p>","protected":false},"featured_media":342,"comment_status":"open","ping_status":"closed","template":"","meta":{"site-sidebar-layout":"default","site-content-layout":"","ast-site-content-layout":"default","site-content-style":"default","site-sidebar-style":"default","ast-global-header-display":"","ast-banner-title-visibility":"","ast-main-header-display":"","ast-hfb-above-header-display":"","ast-hfb-below-header-display":"","ast-hfb-mobile-header-display":"","site-post-title":"","ast-breadcrumbs-content":"","ast-featured-img":"","footer-sml-layout":"","ast-disable-related-posts":"","theme-transparent-header-meta":"default","adv-header-id-meta":"","stick-header-meta":"","header-above-stick-meta":"","header-main-stick-meta":"","header-below-stick-meta":"","astra-migrate-meta-layouts":"set","ast-page-background-enabled":"default","ast-page-background-meta":{"desktop":{"background-color":"var(--ast-global-color-5)","background-image":"","background-repeat":"repeat","background-position":"center center","background-size":"auto","background-attachment":"scroll","background-type":"","background-media":"","overlay-type":"","overlay-color":"","overlay-opacity":"","overlay-gradient":""},"tablet":{"background-color":"","background-image":"","background-repeat":"repeat","background-position":"center center","background-size":"auto","background-attachment":"scroll","background-type":"","background-media":"","overlay-type":"","overlay-color":"","overlay-opacity":"","overlay-gradient":""},"mobile":{"background-color":"","background-image":"","background-repeat":"repeat","background-position":"center center","background-size":"auto","background-attachment":"scroll","background-type":"","background-media":"","overlay-type":"","overlay-color":"","overlay-opacity":"","overlay-gradient":""}},"ast-content-background-meta":{"desktop":{"background-color":"var(--ast-global-color-4)","background-image":"","background-repeat":"repeat","background-position":"center center","background-size":"auto","background-attachment":"scroll","background-type":"","background-media":"","overlay-type":"","overlay-color":"","overlay-opacity":"","overlay-gradient":""},"tablet":{"background-color":"var(--ast-global-color-4)","background-image":"","background-repeat":"repeat","background-position":"center center","background-size":"auto","background-attachment":"scroll","background-type":"","background-media":"","overlay-type":"","overlay-color":"","overlay-opacity":"","overlay-gradient":""},"mobile":{"background-color":"var(--ast-global-color-4)","background-image":"","background-repeat":"repeat","background-position":"center center","background-size":"auto","background-attachment":"scroll","background-type":"","background-media":"","overlay-type":"","overlay-color":"","overlay-opacity":"","overlay-gradient":""}}},"product_brand":[290],"product_cat":[488],"product_tag":[65,64,67,73],"class_list":{"0":"post-371","1":"product","2":"type-product","3":"status-publish","4":"has-post-thumbnail","6":"product_brand-teflon-x","7":"product_cat-pfa-heat-shrink-tubing","8":"product_tag-clear-heat-shrink","9":"product_tag-clear-heat-shrink-tubing","10":"product_tag-heat-shrink-connectors","11":"product_tag-transparent-shrink-tube-","12":"desktop-align-left","13":"tablet-align-left","14":"mobile-align-left","16":"first","17":"instock","18":"shipping-taxable","19":"product-type-simple"},"_links":{"self":[{"href":"https:\/\/teflonx.com\/tr\/wp-json\/wp\/v2\/product\/371","targetHints":{"allow":["GET"]}}],"collection":[{"href":"https:\/\/teflonx.com\/tr\/wp-json\/wp\/v2\/product"}],"about":[{"href":"https:\/\/teflonx.com\/tr\/wp-json\/wp\/v2\/types\/product"}],"replies":[{"embeddable":true,"href":"https:\/\/teflonx.com\/tr\/wp-json\/wp\/v2\/comments?post=371"}],"wp:featuredmedia":[{"embeddable":true,"href":"https:\/\/teflonx.com\/tr\/wp-json\/wp\/v2\/media\/342"}],"wp:attachment":[{"href":"https:\/\/teflonx.com\/tr\/wp-json\/wp\/v2\/media?parent=371"}],"wp:term":[{"taxonomy":"product_brand","embeddable":true,"href":"https:\/\/teflonx.com\/tr\/wp-json\/wp\/v2\/product_brand?post=371"},{"taxonomy":"product_cat","embeddable":true,"href":"https:\/\/teflonx.com\/tr\/wp-json\/wp\/v2\/product_cat?post=371"},{"taxonomy":"product_tag","embeddable":true,"href":"https:\/\/teflonx.com\/tr\/wp-json\/wp\/v2\/product_tag?post=371"}],"curies":[{"name":"WP","href":"https:\/\/api.w.org\/{rel}","templated":true}]}}