{"id":419,"date":"2025-03-27T09:09:48","date_gmt":"2025-03-27T09:09:48","guid":{"rendered":"https:\/\/teflonx.com\/?post_type=product&#038;p=419"},"modified":"2026-01-01T13:55:04","modified_gmt":"2026-01-01T13:55:04","slug":"teflon-ptfe-hortum","status":"publish","type":"product","link":"https:\/\/teflonx.com\/tr\/product\/teflon-ptfe-hortum\/","title":{"rendered":"Teflon X PTFE Hortum \u2013 Makineler i\u00e7in Oluklu Esnek Boru"},"content":{"rendered":"<h2>Teflon X PTFE Hortum \u2013 Makineler i\u00e7in Oluklu Esnek Boru<\/h2>\n<p>Ho\u015f geldiniz <strong><a href=\"https:\/\/teflonx.com\/tr\/\" target=\"_blank\" rel=\"noopener\">Teflon X<\/a><\/strong>, geli\u015fmi\u015f end\u00fcstriyel bile\u015fenler i\u00e7in g\u00fcvenilir orta\u011f\u0131n\u0131z. Amiral gemimiz olan <strong>Teflon X PTFE Hortum<\/strong>\u00fcr\u00fcn\u00fcn\u00fc sunmaktan gurur duyuyoruz; y\u00fcksek performansl\u0131, <strong>makineler i\u00e7in esnek oluklu boru<\/strong> modern \u00fcretimin titiz standartlar\u0131n\u0131 a\u015fmak \u00fczere tasarland\u0131. \u0130ster a\u011f\u0131r makine sekt\u00f6r\u00fcnde, ister kimyasal i\u015flemede, ister dijital donan\u0131m\u0131n hassasiyet odakl\u0131 d\u00fcnyas\u0131nda faaliyet g\u00f6sterin, \u00fcr\u00fcnlerimiz <strong>PTFE Hortumlar<\/strong> ihtiyac\u0131n\u0131z olan g\u00fcvenilirli\u011fi sa\u011flar.<\/p>\n<p>Dayan\u0131kl\u0131l\u0131k ve uyarlanabilirlik odakl\u0131 m\u00fchendislikle geli\u015ftirilen bu \u00fcr\u00fcn, <strong>siyah plastik oluklu boru<\/strong> Teflon'un \u00fcst\u00fcn kimyasal \u00f6zelliklerini sa\u011flam bir mekanik yap\u0131 ile birle\u015ftirir. Hem a\u015f\u0131r\u0131 esneklik hem de sars\u0131lmaz dayan\u0131kl\u0131l\u0131k sunan bir bile\u015fen arayan m\u00fchendisler i\u00e7in nihai \u00e7\u00f6z\u00fcmd\u00fcr.<\/p>\n<h3>Makine ve End\u00fcstriyel Performans \u0130\u00e7in Tasarland\u0131<\/h3>\n<p>\u00dcr\u00fcn\u00fcm\u00fcz\u00fcn temel \u00f6zelli\u011fi, <strong>oluklu esnek hortum<\/strong> \u00f6zel yap\u0131s\u0131nda yatar. Standart borular\u0131n aksine Teflon X hortumu, <strong>Spiral \u00c7elik Tel Sarg\u0131s\u0131<\/strong>ile g\u00fc\u00e7lendirilmi\u015ftir. Bu stratejik takviye, end\u00fcstriyel makine uygulamalar\u0131 i\u00e7in devrim niteli\u011findedir:<\/p>\n<ul>\n<li><strong>B\u00fck\u00fclme Direnci:<\/strong> Karma\u015f\u0131k makine d\u00fczenlerinde hortumlar genellikle dar kavislerden ge\u00e7melidir. Spiral telimiz, hortumun kesit alan\u0131n\u0131 korumas\u0131n\u0131 sa\u011flayarak s\u0131v\u0131 ak\u0131\u015f\u0131n\u0131 bozabilecek veya sisteme zarar verebilecek b\u00fck\u00fclmeleri \u00f6nler.<\/li>\n<li><strong>Vakum ve Bas\u0131n\u00e7 Dayan\u0131m\u0131:<\/strong> \u00c7elik takviye, hortumun \u00f6nemli \u00f6l\u00e7\u00fcde vakuma ve y\u00fcksek i\u00e7 bas\u0131nca dayanmas\u0131n\u0131 sa\u011flayarak onu hidrolik sistemler ve pn\u00f6matik uygulamalar i\u00e7in uygun hale getirir.<\/li>\n<li><strong>Titre\u015fim S\u00f6n\u00fcmleme:<\/strong> Oluklu tasar\u0131m, titre\u015fimleri do\u011fal olarak s\u00f6n\u00fcmler ve otomotiv ile dijital donan\u0131m kurulumlar\u0131ndaki hassas ba\u011flant\u0131lar\u0131 korur.<\/li>\n<\/ul>\n<h3>\u00dcst\u00fcn Ak\u0131\u015f ve Hijyenik Bak\u0131m<\/h3>\n<p>G\u00fcn\u00fcm\u00fcz end\u00fcstrilerinde verimlilik ve temizlik b\u00fcy\u00fck \u00f6nem ta\u015f\u0131r. \u00dcr\u00fcnlerimiz, <strong>teflon hortumlar<\/strong> \u201cS\u0131f\u0131r S\u00fcrt\u00fcnme\u201d elde etmek i\u00e7in daha p\u00fcr\u00fczs\u00fcz bir i\u00e7 duvarla tasarlanm\u0131\u015ft\u0131r. Bu \u00f6zellik, s\u0131v\u0131 tahliye oranlar\u0131n\u0131 \u00f6nemli \u00f6l\u00e7\u00fcde art\u0131rarak makinelerinizin en y\u00fcksek verimlilikte \u00e7al\u0131\u015fmas\u0131n\u0131 sa\u011flar.<\/p>\n<p>Ayr\u0131ca, \u00f6zellikle kimyasal ve t\u0131bbi i\u015flemlerde hijyen kritik bir fakt\u00f6rd\u00fcr. \u00dcr\u00fcnlerimizin i\u00e7 yap\u0131s\u0131 <strong>esnek oluklu boru<\/strong> i\u00e7in optimize edilmi\u015ftir <strong>CIP (Yerinde Temizleme) ve SIP (Yerinde Sterilizasyon) temizlik<\/strong>. Bo\u011fumlardaki vadi derinli\u011fini azaltarak par\u00e7ac\u0131k s\u0131k\u0131\u015fmas\u0131 riskini en aza indiriyoruz, bu da s\u00f6kme i\u015flemi gerektirmeden h\u0131zl\u0131 ve kapsaml\u0131 sterilizasyon sa\u011fl\u0131yor.<\/p>\n<h3>Rakipsiz Malzeme Dayan\u0131kl\u0131l\u0131\u011f\u0131<\/h3>\n<p>Birinci s\u0131n\u0131f PTFE'den \u00fcretilen \u00fcr\u00fcn\u00fcm\u00fcz, <strong>oluklu hortum<\/strong> en zorlu ortamlara kar\u015f\u0131 dayan\u0131kl\u0131d\u0131r. \u015eunlar\u0131 sunar:<\/p>\n<ul>\n<li><strong>Kimyasal Diren\u00e7:<\/strong> Kimyasal i\u015flemlerde bulunan agresif asitlere, alkalilere ve \u00e7\u00f6z\u00fcc\u00fclere kar\u015f\u0131 diren\u00e7lidir.<\/li>\n<li><strong>S\u0131cakl\u0131k Kararl\u0131l\u0131\u011f\u0131:<\/strong> A\u015f\u0131r\u0131 s\u0131cak ve so\u011fuk alt\u0131nda performans g\u00f6sterme yetene\u011fine sahiptir, otomotiv ve end\u00fcstriyel ortamlarda uzun \u00f6m\u00fcrl\u00fcl\u00fck sa\u011flar.<\/li>\n<li><strong>A\u015f\u0131nma Direnci:<\/strong> Sa\u011flam d\u0131\u015f katman fiziksel a\u015f\u0131nmaya kar\u015f\u0131 koruma sa\u011flayarak hortumun servis \u00f6mr\u00fcn\u00fc uzat\u0131r.<\/li>\n<\/ul>\n<hr \/>\n<h3>Teknik \u00d6zellikler<\/h3>\n<p>\u00dcr\u00fcn\u00fcm\u00fcz\u00fcn <strong>Teflon X PTFE Hortum<\/strong> m\u00fchendislik gereksinimlerinize uygun oldu\u011fundan emin olmak i\u00e7in a\u015fa\u011f\u0131daki detayl\u0131 parametrelerini inceleyin:<\/p>\n<ul>\n<li><strong>\u00dcr\u00fcn Ad\u0131:<\/strong> K\u00f6r\u00fckl\u00fc Hortum<\/li>\n<li><strong>\u00dcr\u00fcn Markas\u0131:<\/strong> Teflon X<\/li>\n<li><strong>\u00dcr\u00fcn Malzemesi:<\/strong> Y\u00fcksek Kaliteli PTFE (Politetrafloroetilen)<\/li>\n<li><strong>Takviye:<\/strong> Spiral \u00c7elik Tel Sarg\u0131s\u0131<\/li>\n<li><strong>\u00dcr\u00fcn Rengi:<\/strong> Siyah<\/li>\n<li><strong>Temel \u00d6zellikler:<\/strong> B\u00fck\u00fclmeye Kar\u015f\u0131 Diren\u00e7, Vakum Direnci, S\u0131f\u0131r S\u00fcrt\u00fcnme, Y\u00fcksek Bas\u0131n\u00e7 ve S\u0131cakl\u0131k Direnci<\/li>\n<li><strong>Temizlik Uyumlulu\u011fu:<\/strong> CIP ve SIP Temizli\u011fi i\u00e7in Uygundur<\/li>\n<li><strong>\u0130\u015fleme \u00d6zelle\u015ftirme:<\/strong> Destek (\u00d6zel \u00e7\u00f6z\u00fcmler sunuyoruz)<\/li>\n<li><strong>\u00dcr\u00fcn Boyutu:<\/strong> \u00d6zelle\u015ftirilebilir (\u00c7e\u015fitli \u00e7ap ve uzunluklarda mevcuttur)<\/li>\n<\/ul>\n<hr \/>\n<h3>\u00c7ok Y\u00f6nl\u00fc End\u00fcstriyel Uygulamalar<\/h3>\n<p>The <strong>siyah plastik oluklu boru<\/strong> Teflon X b\u00fcnyesindeki bu \u00fcr\u00fcn, bir\u00e7ok end\u00fcstriye m\u00fckemmellik ile hizmet veren \u00e7ok y\u00f6nl\u00fc bir emektard\u0131r:<\/p>\n<ul>\n<li><strong>Makine End\u00fcstrisi:<\/strong> Otomasyon sistemlerindeki hidrolik hatlar, so\u011futucu transferi ve esnek ba\u011flant\u0131lar i\u00e7in vazge\u00e7ilmezdir.<\/li>\n<li><strong>Kimya Sekt\u00f6r\u00fc:<\/strong> Tehlikeli ve a\u015f\u0131nd\u0131r\u0131c\u0131 s\u0131v\u0131lar\u0131n g\u00fcvenli ve g\u00fcvenilir ta\u015f\u0131nmas\u0131.<\/li>\n<li><strong>Donan\u0131m ve Dijitaller:<\/strong> Y\u00fcksek teknoloji ekipmanlardaki hassas kablolama ve fiber optikler i\u00e7in koruyucu kanal.<\/li>\n<li><strong>Otomotiv:<\/strong> Is\u0131 direncinin vazge\u00e7ilmez oldu\u011fu yak\u0131t sistemlerinde ve motor so\u011futmas\u0131nda kullan\u0131l\u0131r.<\/li>\n<li><strong>T\u0131bbi Ekipman:<\/strong> S\u0131k sterilizasyon gerektiren biyo-uyumlu s\u0131v\u0131 hatlar\u0131.<\/li>\n<\/ul>\n<h3>\u00d6zelle\u015ftirme ve Uzman Deste\u011fi<\/h3>\n<p>Teflon X olarak, standart boyutlar\u0131n benzersiz makine tasar\u0131mlar\u0131na her zaman uymad\u0131\u011f\u0131n\u0131n fark\u0131nday\u0131z. Kapsaml\u0131 <strong>\u0130\u015fleme \u00d6zelle\u015ftirmesi<\/strong> sunmaktay\u0131z, <strong>oluklu esnek hortum<\/strong>. \u0130ster belirli bir \u00e7ap, uzunluk veya ba\u011flant\u0131 konfig\u00fcrasyonu gereksiniminiz olsun, ekibimiz tam ihtiya\u00e7lar\u0131n\u0131za uygun bir \u00e7\u00f6z\u00fcm \u00fcretmeye haz\u0131rd\u0131r.<\/p>\n<p>Kritik bile\u015fenlerinizin kalitesinden \u00f6d\u00fcn vermeyin. Sekt\u00f6r liderlerinin g\u00fcvendi\u011fi <strong>esnek oluklu boru<\/strong> \u00e7\u00f6z\u00fcmleri se\u00e7in.<\/p>\n<h3>Bize Ula\u015f\u0131n<\/h3>\n<p>Makinelerinizi mevcut olan en iyi <strong>PTFE Hortumlar<\/strong> se\u00e7eneklerle y\u00fckseltmeye haz\u0131r m\u0131s\u0131n\u0131z? Teklif veya teknik dan\u0131\u015fmanl\u0131k i\u00e7in m\u00fchendislik ekibimizle bug\u00fcn ileti\u015fime ge\u00e7in.<\/p>\n<p><strong>E-posta:<\/strong> <a href=\"mailto:allison.ye@teflonx.com\">allison.ye@teflonx.com<\/a><br \/>\n<strong>\u0130leti\u015fim Sayfam\u0131z\u0131 ziyaret edin:<\/strong> <a href=\"https:\/\/teflonx.com\/tr\/bize-ulasin\/\" target=\"_blank\" rel=\"noopener\">https:\/\/teflonx.com\/contact-us\/<\/a><\/p>\n<p><em>\u0130novasyonun end\u00fcstriyel g\u00fc\u00e7le bulu\u015ftu\u011fu Teflon X avantaj\u0131n\u0131 deneyimleyin.<\/em><\/p>","protected":false},"excerpt":{"rendered":"<p>Teflon X PTFE hortumlar\u0131 makine, kimyasal ve dijital donan\u0131m end\u00fcstrileri i\u00e7in e\u015fsiz esneklik ve g\u00fc\u00e7 sa\u011flar. Bu oluklu esnek borular, geli\u015fmi\u015f s\u0131v\u0131 ak\u0131\u015f\u0131 ve kolay CIP\/SIP temizli\u011fi i\u00e7in daha p\u00fcr\u00fczs\u00fcz bir i\u00e7 duvara sahiptir. Vakum ve y\u00fcksek bas\u0131n\u00e7 direnci i\u00e7in g\u00fc\u00e7lendirilmi\u015f bu siyah oluklu hortum, \u00f6zel ihtiya\u00e7lara uyum sa\u011flar.<\/p>","protected":false},"featured_media":408,"comment_status":"open","ping_status":"closed","template":"","meta":{"site-sidebar-layout":"default","site-content-layout":"","ast-site-content-layout":"default","site-content-style":"default","site-sidebar-style":"default","ast-global-header-display":"","ast-banner-title-visibility":"","ast-main-header-display":"","ast-hfb-above-header-display":"","ast-hfb-below-header-display":"","ast-hfb-mobile-header-display":"","site-post-title":"","ast-breadcrumbs-content":"","ast-featured-img":"","footer-sml-layout":"","ast-disable-related-posts":"","theme-transparent-header-meta":"default","adv-header-id-meta":"","stick-header-meta":"","header-above-stick-meta":"","header-main-stick-meta":"","header-below-stick-meta":"","astra-migrate-meta-layouts":"set","ast-page-background-enabled":"default","ast-page-background-meta":{"desktop":{"background-color":"var(--ast-global-color-5)","background-image":"","background-repeat":"repeat","background-position":"center center","background-size":"auto","background-attachment":"scroll","background-type":"","background-media":"","overlay-type":"","overlay-color":"","overlay-opacity":"","overlay-gradient":""},"tablet":{"background-color":"","background-image":"","background-repeat":"repeat","background-position":"center center","background-size":"auto","background-attachment":"scroll","background-type":"","background-media":"","overlay-type":"","overlay-color":"","overlay-opacity":"","overlay-gradient":""},"mobile":{"background-color":"","background-image":"","background-repeat":"repeat","background-position":"center center","background-size":"auto","background-attachment":"scroll","background-type":"","background-media":"","overlay-type":"","overlay-color":"","overlay-opacity":"","overlay-gradient":""}},"ast-content-background-meta":{"desktop":{"background-color":"var(--ast-global-color-4)","background-image":"","background-repeat":"repeat","background-position":"center center","background-size":"auto","background-attachment":"scroll","background-type":"","background-media":"","overlay-type":"","overlay-color":"","overlay-opacity":"","overlay-gradient":""},"tablet":{"background-color":"var(--ast-global-color-4)","background-image":"","background-repeat":"repeat","background-position":"center center","background-size":"auto","background-attachment":"scroll","background-type":"","background-media":"","overlay-type":"","overlay-color":"","overlay-opacity":"","overlay-gradient":""},"mobile":{"background-color":"var(--ast-global-color-4)","background-image":"","background-repeat":"repeat","background-position":"center center","background-size":"auto","background-attachment":"scroll","background-type":"","background-media":"","overlay-type":"","overlay-color":"","overlay-opacity":"","overlay-gradient":""}}},"product_brand":[290],"product_cat":[42],"product_tag":[97,93,95,96,52,94],"class_list":{"0":"post-419","1":"product","2":"type-product","3":"status-publish","4":"has-post-thumbnail","6":"product_brand-teflon-x","7":"product_cat-ptfe-corrugated-hoses","8":"product_tag-black-plastic-corrugated-pipe","9":"product_tag-corrugated-flexible-hose","10":"product_tag-corrugated-hose","11":"product_tag-flexible-corrugated-pipe","12":"product_tag-ptfe-hoses","13":"product_tag-teflon-hoses","14":"desktop-align-left","15":"tablet-align-left","16":"mobile-align-left","18":"first","19":"instock","20":"shipping-taxable","21":"product-type-simple"},"_links":{"self":[{"href":"https:\/\/teflonx.com\/tr\/wp-json\/wp\/v2\/product\/419","targetHints":{"allow":["GET"]}}],"collection":[{"href":"https:\/\/teflonx.com\/tr\/wp-json\/wp\/v2\/product"}],"about":[{"href":"https:\/\/teflonx.com\/tr\/wp-json\/wp\/v2\/types\/product"}],"replies":[{"embeddable":true,"href":"https:\/\/teflonx.com\/tr\/wp-json\/wp\/v2\/comments?post=419"}],"wp:featuredmedia":[{"embeddable":true,"href":"https:\/\/teflonx.com\/tr\/wp-json\/wp\/v2\/media\/408"}],"wp:attachment":[{"href":"https:\/\/teflonx.com\/tr\/wp-json\/wp\/v2\/media?parent=419"}],"wp:term":[{"taxonomy":"product_brand","embeddable":true,"href":"https:\/\/teflonx.com\/tr\/wp-json\/wp\/v2\/product_brand?post=419"},{"taxonomy":"product_cat","embeddable":true,"href":"https:\/\/teflonx.com\/tr\/wp-json\/wp\/v2\/product_cat?post=419"},{"taxonomy":"product_tag","embeddable":true,"href":"https:\/\/teflonx.com\/tr\/wp-json\/wp\/v2\/product_tag?post=419"}],"curies":[{"name":"WP","href":"https:\/\/api.w.org\/{rel}","templated":true}]}}