{"id":468,"date":"2025-04-01T05:21:45","date_gmt":"2025-04-01T05:21:45","guid":{"rendered":"https:\/\/teflonx.com\/?post_type=product&#038;p=468"},"modified":"2025-12-09T04:41:48","modified_gmt":"2025-12-09T04:41:48","slug":"upe-filmi","status":"publish","type":"product","link":"https:\/\/teflonx.com\/tr\/product\/upe-filmi\/","title":{"rendered":"End\u00fcstriyel Astarlar i\u00e7in UPE Filmi \u2013 Yap\u0131\u015fkan Olmayan ve D\u00fc\u015f\u00fck S\u0131cakl\u0131k Esnek"},"content":{"rendered":"<h2 id=\"product-overview\">\u00dcr\u00fcn Genel Bak\u0131\u015f\u0131<\/h2>\n<p>En zorlu ortamlar i\u00e7in tasarlanan Teflon X'in <strong>UPE Film<\/strong> \u00f6nde gelen Ultra Y\u00fcksek Molek\u00fcler A\u011f\u0131rl\u0131kl\u0131 Polietilen (UHMWPE) \u00e7\u00f6z\u00fcm\u00fc olarak e\u015fsiz bir performans sunar. Bu geli\u015fmi\u015f <strong>UPE Film<\/strong> malzeme birikimini ve yap\u0131\u015fmay\u0131 \u00f6nleyen yap\u0131\u015fkan olmayan y\u00fczeylere sahiptir ve y\u00fcksek a\u015f\u0131nma senaryolar\u0131nda sorunsuz \u00e7al\u0131\u015fma sa\u011flar. S\u0131v\u0131 nitrojen s\u0131cakl\u0131klar\u0131nda (-196\u00b0C) bile ola\u011fan\u00fcst\u00fc s\u00fcnekli\u011fini koruyan <strong>UPE Film<\/strong> k\u0131r\u0131lganl\u0131k olmadan esneklik ve toklu\u011fu korur, bu da onu kriyojenik ve a\u015f\u0131r\u0131 d\u00fc\u015f\u00fck s\u0131cakl\u0131k uygulamalar\u0131 i\u00e7in ideal hale getirir.<\/p>\n<p>\u00dcst\u00fcn kimyasal direnci ve termal kararl\u0131l\u0131\u011f\u0131 ile Teflon X'in <strong>UPE Film<\/strong> stres alt\u0131nda g\u00fcvenilirli\u011fin \u00e7ok \u00f6nemli oldu\u011fu end\u00fcstriyel astarlarda, filtrasyon sistemlerinde ve otomotiv bile\u015fenlerinde m\u00fckemmeldir. FDA uyumlu ve hijyenik olan bu toksik olmayan <strong>UPE Film<\/strong> s\u00fcrt\u00fcnmeyi azalt\u0131rken ve hizmet \u00f6mr\u00fcn\u00fc uzat\u0131rken t\u0131bbi ortamlar\u0131 destekler. 3.000.000 g\/mol'\u00fcn \u00fczerindeki molek\u00fcler a\u011f\u0131rl\u0131k, geleneksel malzemeleri a\u015fan do\u011fal kendinden ya\u011flama ve a\u015f\u0131nma direnci sa\u011flar. Bizim nas\u0131l oldu\u011funu ke\u015ffedin <strong>UPE Film<\/strong> ekipman\u0131n\u0131z\u0131 koruyabilir-daha fazlas\u0131n\u0131 ke\u015ffedin <a href=\"https:\/\/teflonx.com\/tr\/\" target=\"_blank\" rel=\"noopener\">teflonx.com<\/a>.<\/p>\n<h2 id=\"key-features-and-benefits\">Temel \u00d6zellikler ve Avantajlar<\/h2>\n<p>Teflon X&#039;ler <strong>UPE Film<\/strong> y\u00fcksek performansl\u0131 UHMWPE'den \u00fcretilmi\u015ftir ve zorlu end\u00fcstriyel kullan\u0131m i\u00e7in bu kritik avantajlar\u0131 sunar:<\/p>\n<ul>\n<li><strong>Yap\u0131\u015fkan Olmayan Y\u00fczey<\/strong>: D\u00fc\u015f\u00fck y\u00fczey enerjisi, malzemelerin, kirin veya kal\u0131nt\u0131lar\u0131n yap\u0131\u015fmas\u0131n\u0131 \u00f6nleyerek i\u015fleme hatlar\u0131nda temizlik ve bak\u0131m\u0131 kolayla\u015ft\u0131r\u0131r.<\/li>\n<li><strong>D\u00fc\u015f\u00fck S\u0131cakl\u0131k Esnekli\u011fi<\/strong>: 200\u00b0C'ye kadar s\u00fcnektir, darbe dayan\u0131m\u0131n\u0131 korur ve kriyojenik depolama veya so\u011fuk zincir lojisti\u011finde \u00e7atlamay\u0131 \u00f6nler.<\/li>\n<li><strong>Ola\u011fan\u00fcst\u00fc A\u015f\u0131nma Direnci<\/strong>: A\u015f\u0131nma testlerinde \u00e7elikten daha iyi performans g\u00f6sterir, oluklarda, bunkerlerde ve konvey\u00f6rlerde y\u00fcksek s\u00fcrt\u00fcnmeli astarlar i\u00e7in idealdir.<\/li>\n<li><strong>Kimyasal ve Korozyon Direnci<\/strong>: Asitlere, alkalilere, solventlere ve neme kar\u015f\u0131 inerttir, zorlu kimyasal ortamlarda uzun \u00f6m\u00fcr sa\u011flar.<\/li>\n<li><strong>Kendinden Ya\u011flama \u00d6zellikleri<\/strong>: Ultra d\u00fc\u015f\u00fck s\u00fcrt\u00fcnme katsay\u0131s\u0131 (0,05-0,15), k\u0131lavuzlar ve k\u0131zaklar gibi hareketli par\u00e7alarda enerji kayb\u0131n\u0131 ve g\u00fcr\u00fclt\u00fcy\u00fc azalt\u0131r.<\/li>\n<li><strong>Is\u0131l kararl\u0131l\u0131k<\/strong>: Hassas uygulamalar i\u00e7in minimum termal genle\u015fme ile kriyojenik d\u00fc\u015f\u00fck s\u0131cakl\u0131klardan +80\u00b0C'ye kadar g\u00fcvenilir bir \u015fekilde \u00e7al\u0131\u015f\u0131r.<\/li>\n<li><strong>Hijyenik ve Biyouyumlu<\/strong>: FDA onayl\u0131, kokusuz ve toksik olmayan, g\u0131da i\u015fleme, t\u0131bbi ambalajlama ve steril ortamlar i\u00e7in m\u00fckemmel.<\/li>\n<li><strong>\u00c7ok Y\u00f6nl\u00fc \u00d6zelle\u015ftirme<\/strong>: Astarlar i\u00e7in ince filmler veya geli\u015fmi\u015f filtreleme ve nefes alabilirlik i\u00e7in mikro g\u00f6zenekli varyantlar mevcuttur.<\/li>\n<\/ul>\n<p>Bu sa\u011flam <strong>UPE Film<\/strong> polietilen m\u00fchendisli\u011finin en iyi \u00f6zelliklerini bir araya getirerek \u00fcst\u00fcn dayan\u0131kl\u0131l\u0131k i\u00e7in metallere ve elastomerlere hafif, uygun maliyetli bir alternatif sunar.<\/p>\n<h2 id=\"applications\">Uygulamalar<\/h2>\n<p>Teflon X&#039;ler <strong>UPE Film<\/strong> yap\u0131\u015fkan olmayan ve esnek \u00f6zellikleri sayesinde \u00e7e\u015fitli sekt\u00f6rlerde performans\u0131 korumak ve art\u0131rmak i\u00e7in tercih edilen bir se\u00e7imdir:<\/p>\n<ul>\n<li><strong>End\u00fcstriyel Astarlar<\/strong>: Madencilik, tar\u0131m ve d\u00f6kme malzeme i\u015flemede a\u015f\u0131nma, yap\u0131\u015fma ve korozyonla m\u00fccadele i\u00e7in \u015fut, hazne ve tank astarlar\u0131.<\/li>\n<li><strong>Filtrasyon Sistemleri<\/strong>: Mikro g\u00f6zenekli <strong>UPE Film<\/strong> su ar\u0131tma, gaz ay\u0131rma ve kimyasal i\u015fleme i\u00e7in y\u00fcksek ge\u00e7irgenlik ve kimyasal inertlik sunar.<\/li>\n<li><strong>Otomotiv Bile\u015fenleri<\/strong>: Ara\u00e7larda s\u00fcrt\u00fcnmeyi azaltma, g\u00fcr\u00fclt\u00fcy\u00fc azaltma ve darbe direnci i\u00e7in hava s\u0131y\u0131rma, bur\u00e7lar ve koruyucu filmler.<\/li>\n<li><strong>T\u0131bbi ve Hijyen<\/strong>: Steril paketleme, implant kaplamalar\u0131 ve t\u0131bbi cihaz astarlar\u0131, g\u00fcvenli ve temiz temas i\u00e7in FDA uyumlulu\u011fundan yararlan\u0131r.<\/li>\n<li><strong>Kriyojenik ve So\u011fuk Depolama<\/strong>: Havac\u0131l\u0131k ve bilimsel uygulamalar i\u00e7in esnekli\u011fi koruyan s\u0131v\u0131 nitrojen sistemlerindeki contalar ve bariyerler.<\/li>\n<li><strong>Genel \u0130malat<\/strong>: A\u015f\u0131nmay\u0131 en aza indirmek ve d\u00fczg\u00fcn malzeme ak\u0131\u015f\u0131n\u0131 kolayla\u015ft\u0131rmak i\u00e7in konvey\u00f6r k\u0131lavuzlar\u0131, \u00e7ekmece k\u0131zaklar\u0131 ve makine koruyucular\u0131.<\/li>\n<\/ul>\n<p>\u0130ster end\u00fcstriyel ekipmanlar\u0131n kaplanmas\u0131nda ister hassas filtrasyonda kullan\u0131ls\u0131n, bizim <strong>UPE Film<\/strong> her konu\u015fland\u0131rmada verimlilik ve uzun \u00f6m\u00fcrl\u00fcl\u00fck sa\u011flar.<\/p>\n<h2 id=\"technical-specifications\">Teknik \u00d6zellikler<\/h2>\n<p>A\u015fa\u011f\u0131da Teflon X'ler i\u00e7in standart parametrelerin kapsaml\u0131 bir tablosu bulunmaktad\u0131r <strong>UPE Film<\/strong>. \u00d6zel kal\u0131nl\u0131klar ve geni\u015flikler dahil olmak \u00fczere \u00f6zel se\u00e7enekler mevcuttur - \u0131smarlama i\u00e7in bizimle ileti\u015fime ge\u00e7in <strong>UPE Film<\/strong> \u00e7\u00f6z\u00fcmler.<\/p>\n<table>\n<thead>\n<tr>\n<th>M\u00fclk<\/th>\n<th>De\u011fer\/Aral\u0131k<\/th>\n<th>Test Standard\u0131\/Notlar<\/th>\n<\/tr>\n<\/thead>\n<tbody>\n<tr>\n<td>Malzeme T\u00fcr\u00fc<\/td>\n<td>Ultra Y\u00fcksek Molek\u00fcler A\u011f\u0131rl\u0131kl\u0131 Polietilen (UHMWPE)<\/td>\n<td>ASTM D4020<\/td>\n<\/tr>\n<tr>\n<td>Molek\u00fcler A\u011f\u0131rl\u0131k<\/td>\n<td>&gt;3.000.000 g\/mol<\/td>\n<td>Jel Permeasyon Kromatografisi<\/td>\n<\/tr>\n<tr>\n<td>Yo\u011funluk<\/td>\n<td>0,93 g\/cm\u00b3<\/td>\n<td>ASTM D792<\/td>\n<\/tr>\n<tr>\n<td>\u00c7ekme Akma Dayan\u0131m\u0131<\/td>\n<td>19,3-23 MPa<\/td>\n<td>ASTM D638<\/td>\n<\/tr>\n<tr>\n<td>Kopma Uzamas\u0131<\/td>\n<td>&gt;300%<\/td>\n<td>ASTM D638<\/td>\n<\/tr>\n<tr>\n<td>Shore D Sertlik<\/td>\n<td>60-65<\/td>\n<td>ASTM D2240<\/td>\n<\/tr>\n<tr>\n<td>Darbe Dayan\u0131m\u0131 (Izod)<\/td>\n<td>Mola Yok (\u00c7entiksiz)<\/td>\n<td>Termoplastikler aras\u0131nda en y\u00fcksek<\/td>\n<\/tr>\n<tr>\n<td>S\u00fcrt\u00fcnme Katsay\u0131s\u0131<\/td>\n<td>0,05-0,15 (Dinamik)<\/td>\n<td>PTFE ile kar\u015f\u0131la\u015ft\u0131r\u0131labilir<\/td>\n<\/tr>\n<tr>\n<td>A\u015f\u0131nma Direnci<\/td>\n<td>Karbon \u00c7eli\u011fini A\u015f\u0131yor<\/td>\n<td>Taber A\u015f\u0131nma Testi<\/td>\n<\/tr>\n<tr>\n<td>\u00c7al\u0131\u015fma S\u0131cakl\u0131\u011f\u0131<\/td>\n<td>-200\u00b0C ila +80\u00b0C<\/td>\n<td>S\u00fcrekli Kullan\u0131m, -196\u00b0C'de S\u00fcnek<\/td>\n<\/tr>\n<tr>\n<td>Kimyasal Diren\u00e7<\/td>\n<td>M\u00fckemmel (Asitler, Alkaliler, \u00c7\u00f6z\u00fcc\u00fcler)<\/td>\n<td>Oksitleyici Asitler Hari\u00e7<\/td>\n<\/tr>\n<tr>\n<td>Su emilimi<\/td>\n<td>&lt;0,01% (24 saat)<\/td>\n<td>ASTM D570<\/td>\n<\/tr>\n<tr>\n<td>Kal\u0131nl\u0131k<\/td>\n<td>0,025-1,5 mm<\/td>\n<td>\u00d6zelle\u015ftirilebilir, Skived Film<\/td>\n<\/tr>\n<tr>\n<td>Geni\u015flik<\/td>\n<td>2 m'ye kadar<\/td>\n<td>Rulo veya Levha Format\u0131<\/td>\n<\/tr>\n<tr>\n<td>FDA Uyumlulu\u011fu<\/td>\n<td>Evet (Toksik Olmayan, G\u0131da ile Temas G\u00fcvenli)<\/td>\n<td>21 CFR 177.1520<\/td>\n<\/tr>\n<tr>\n<td>G\u00f6zeneklilik (Mikro G\u00f6zenekli)<\/td>\n<td>30-70% (Opsiyonel)<\/td>\n<td>Filtrasyon S\u0131n\u0131flar\u0131 \u0130\u00e7in<\/td>\n<\/tr>\n<\/tbody>\n<\/table>\n<p><em>Not: De\u011ferler tipiktir ve i\u015fleme ve kaliteye ba\u011fl\u0131 olarak de\u011fi\u015febilir. Ayr\u0131nt\u0131l\u0131 veri sayfalar\u0131 i\u00e7in \u015fu adresi ziyaret edin <a href=\"https:\/\/teflonx.com\/tr\/\" target=\"_blank\" rel=\"noopener\">teflonx.com<\/a>.<\/em><\/p>\n<h2 id=\"why-choose-teflon-x-\">Neden Teflon X&#039;i Se\u00e7melisiniz?<\/h2>\n<p>Teflon X, polimer inovasyonunun \u00f6n saflar\u0131nda yer al\u0131r ve \u00fcst\u00fcn kaliteli <strong>UPE Film<\/strong> tam ihtiya\u00e7lar\u0131n\u0131z\u0131 kar\u015f\u0131lamak i\u00e7in titiz testler ve \u00f6zelle\u015ftirme ile. Yap\u0131\u015fkan olmayan, d\u00fc\u015f\u00fck s\u0131cakl\u0131kta esnek <strong>UPE Film<\/strong> sorunsuz bir \u015fekilde entegre olur, ar\u0131za s\u00fcresini ve maliyetleri azalt\u0131rken en y\u00fcksek g\u00fcvenlik standartlar\u0131n\u0131 korur. K\u00fcresel tedarik zincirleri ve teknik uzmanl\u0131kla desteklenen, d\u00f6n\u00fc\u015ft\u00fcr\u00fcc\u00fc malzemeler i\u00e7in g\u00fcvenilir kayna\u011f\u0131n\u0131z\u0131z.<\/p>\n<p>Teflon X'in \u00e7ok y\u00f6nl\u00fc \u00f6zelli\u011fi ile end\u00fcstriyel astarlar\u0131n\u0131z\u0131 ve \u00f6tesini geli\u015ftirin <strong>UPE Film<\/strong>-t\u00fcm \u00fcr\u00fcn yelpazemizi inceleyin <a href=\"https:\/\/teflonx.com\/tr\/\" target=\"_blank\" rel=\"noopener\">teflonx.com<\/a> veya bizim arac\u0131l\u0131\u011f\u0131yla sorular\u0131n\u0131z\u0131 g\u00f6nderin <a href=\"https:\/\/teflonx.com\/tr\/bize-ulasin\/\" target=\"_blank\" rel=\"noopener\">Bize Ula\u015f\u0131n sayfas\u0131<\/a>. Ula\u015fmak <a href=\"mailto:Allison.Ye@teflonx.com\" target=\"_blank\" rel=\"noopener\"><strong>Allison.Ye@teflonx.com<\/strong><\/a> ki\u015fiselle\u015ftirilmi\u015f destek i\u00e7in.<\/p>\n<hr \/>","protected":false},"excerpt":{"rendered":"<p>A\u015f\u0131r\u0131 ko\u015fullar i\u00e7in tasarlanan UPE Film, yap\u0131\u015fmayan y\u00fczeyler sunar ve s\u0131v\u0131 nitrojen s\u0131cakl\u0131klar\u0131nda s\u00fcnekli\u011fini korur. Kimyasal direnci ve termal kararl\u0131l\u0131\u011f\u0131 onu end\u00fcstriyel astarlar, filtrasyon sistemleri ve otomotiv bile\u015fenleri i\u00e7in uygun hale getirir. FDA uyumlu malzeme t\u0131bbi ortamlarda hijyeni garanti eder.<\/p>","protected":false},"featured_media":460,"comment_status":"open","ping_status":"closed","template":"","meta":{"site-sidebar-layout":"default","site-content-layout":"","ast-site-content-layout":"default","site-content-style":"default","site-sidebar-style":"default","ast-global-header-display":"","ast-banner-title-visibility":"","ast-main-header-display":"","ast-hfb-above-header-display":"","ast-hfb-below-header-display":"","ast-hfb-mobile-header-display":"","site-post-title":"","ast-breadcrumbs-content":"","ast-featured-img":"","footer-sml-layout":"","ast-disable-related-posts":"","theme-transparent-header-meta":"default","adv-header-id-meta":"","stick-header-meta":"","header-above-stick-meta":"","header-main-stick-meta":"","header-below-stick-meta":"","astra-migrate-meta-layouts":"set","ast-page-background-enabled":"default","ast-page-background-meta":{"desktop":{"background-color":"var(--ast-global-color-5)","background-image":"","background-repeat":"repeat","background-position":"center center","background-size":"auto","background-attachment":"scroll","background-type":"","background-media":"","overlay-type":"","overlay-color":"","overlay-opacity":"","overlay-gradient":""},"tablet":{"background-color":"","background-image":"","background-repeat":"repeat","background-position":"center center","background-size":"auto","background-attachment":"scroll","background-type":"","background-media":"","overlay-type":"","overlay-color":"","overlay-opacity":"","overlay-gradient":""},"mobile":{"background-color":"","background-image":"","background-repeat":"repeat","background-position":"center center","background-size":"auto","background-attachment":"scroll","background-type":"","background-media":"","overlay-type":"","overlay-color":"","overlay-opacity":"","overlay-gradient":""}},"ast-content-background-meta":{"desktop":{"background-color":"var(--ast-global-color-4)","background-image":"","background-repeat":"repeat","background-position":"center center","background-size":"auto","background-attachment":"scroll","background-type":"","background-media":"","overlay-type":"","overlay-color":"","overlay-opacity":"","overlay-gradient":""},"tablet":{"background-color":"var(--ast-global-color-4)","background-image":"","background-repeat":"repeat","background-position":"center center","background-size":"auto","background-attachment":"scroll","background-type":"","background-media":"","overlay-type":"","overlay-color":"","overlay-opacity":"","overlay-gradient":""},"mobile":{"background-color":"var(--ast-global-color-4)","background-image":"","background-repeat":"repeat","background-position":"center center","background-size":"auto","background-attachment":"scroll","background-type":"","background-media":"","overlay-type":"","overlay-color":"","overlay-opacity":"","overlay-gradient":""}}},"product_brand":[290],"product_cat":[502],"product_tag":[146,142,145,144,147,143],"class_list":{"0":"post-468","1":"product","2":"type-product","3":"status-publish","4":"has-post-thumbnail","6":"product_brand-teflon-x","7":"product_cat-uhmwpe-flim","8":"product_tag-uhmw-polyethylene-film","9":"product_tag-uhmwpe","10":"product_tag-uhmwpe-film","11":"product_tag-uhmwpe-menbrane","12":"product_tag-upe-film","13":"product_tag-upe-menbrane","14":"desktop-align-left","15":"tablet-align-left","16":"mobile-align-left","18":"first","19":"instock","20":"shipping-taxable","21":"product-type-simple"},"_links":{"self":[{"href":"https:\/\/teflonx.com\/tr\/wp-json\/wp\/v2\/product\/468","targetHints":{"allow":["GET"]}}],"collection":[{"href":"https:\/\/teflonx.com\/tr\/wp-json\/wp\/v2\/product"}],"about":[{"href":"https:\/\/teflonx.com\/tr\/wp-json\/wp\/v2\/types\/product"}],"replies":[{"embeddable":true,"href":"https:\/\/teflonx.com\/tr\/wp-json\/wp\/v2\/comments?post=468"}],"wp:featuredmedia":[{"embeddable":true,"href":"https:\/\/teflonx.com\/tr\/wp-json\/wp\/v2\/media\/460"}],"wp:attachment":[{"href":"https:\/\/teflonx.com\/tr\/wp-json\/wp\/v2\/media?parent=468"}],"wp:term":[{"taxonomy":"product_brand","embeddable":true,"href":"https:\/\/teflonx.com\/tr\/wp-json\/wp\/v2\/product_brand?post=468"},{"taxonomy":"product_cat","embeddable":true,"href":"https:\/\/teflonx.com\/tr\/wp-json\/wp\/v2\/product_cat?post=468"},{"taxonomy":"product_tag","embeddable":true,"href":"https:\/\/teflonx.com\/tr\/wp-json\/wp\/v2\/product_tag?post=468"}],"curies":[{"name":"wp","href":"https:\/\/api.w.org\/{rel}","templated":true}]}}