{"id":483,"date":"2025-04-01T15:43:51","date_gmt":"2025-04-01T15:43:51","guid":{"rendered":"https:\/\/teflonx.com\/?post_type=product&#038;p=483"},"modified":"2025-12-09T05:52:50","modified_gmt":"2025-12-09T05:52:50","slug":"upe-yapismaz-film","status":"publish","type":"product","link":"https:\/\/teflonx.com\/tr\/product\/upe-yapismaz-film\/","title":{"rendered":"UPE Yap\u0131\u015fmaz Film \u2013 Y\u00fcksek Performansl\u0131 End\u00fcstriyel ve T\u0131bbi Kullan\u0131m"},"content":{"rendered":"<h2 id=\"product-overview\">\u00dcr\u00fcn Genel Bak\u0131\u015f\u0131<\/h2>\n<p>Teflon X'ler ile operasyonlar\u0131n\u0131z\u0131 d\u00f6n\u00fc\u015ft\u00fcr\u00fcn <strong>UPE Yap\u0131\u015fmaz Film<\/strong>en zorlu end\u00fcstriyel ve t\u0131bbi ortamlarda malzeme yap\u0131\u015fmas\u0131n\u0131 en aza indirmek ve verimlili\u011fi en \u00fcst d\u00fczeye \u00e7\u0131karmak i\u00e7in tasarlanm\u0131\u015f se\u00e7kin bir Ultra Y\u00fcksek Molek\u00fcler A\u011f\u0131rl\u0131kl\u0131 Polietilen (UHMWPE) yenili\u011fidir. Bu y\u00fcksek performansl\u0131 <strong>UPE Yap\u0131\u015fmaz Film<\/strong> geli\u015fmi\u015f kendinden ya\u011flama \u00f6zelliklerine ve \u00e7elikten 8 kat daha y\u00fcksek a\u015f\u0131nma direncine sahiptir, bak\u0131m maliyetlerini \u00f6nemli \u00f6l\u00e7\u00fcde azalt\u0131r ve ekipman \u00f6mr\u00fcn\u00fc uzat\u0131r. Biyouyumlu, toksik olmayan bir \u00e7\u00f6z\u00fcm olarak <strong>UPE Yap\u0131\u015fmaz Film<\/strong> FDA ve USDA onayl\u0131d\u0131r, bu da onu g\u0131da i\u015fleme, steril t\u0131bbi ortamlar ve kontaminasyon \u00f6nlemenin kritik oldu\u011fu koruyucu kaplamalar i\u00e7in m\u00fckemmel k\u0131lar.<\/p>\n<p>Ultra d\u00fc\u015f\u00fck s\u00fcrt\u00fcnme katsay\u0131s\u0131 (0,05-0,15) ve kaygan, yap\u0131\u015fkan olmayan y\u00fczeyi ile Teflon X'in <strong>UPE Yap\u0131\u015fmaz Film<\/strong> Y\u00fcksek temasl\u0131 uygulamalarda yap\u0131\u015fmay\u0131, birikmeyi ve g\u0131c\u0131rdamay\u0131 \u00f6nleyerek d\u00fczg\u00fcn malzeme ak\u0131\u015f\u0131 ve zahmetsiz serbest b\u0131rakma sa\u011flar. Asitlere, alkalilere, solventlere ve neme kar\u015f\u0131 kimyasal olarak inert olan bu dayan\u0131kl\u0131 <strong>UPE Yap\u0131\u015fmaz Film<\/strong> 200\u00b0C'den +80\u00b0C'ye kadar zorlu ko\u015fullarda geli\u015fir, e\u015fsiz darbe dayan\u0131m\u0131 ve a\u015f\u0131nma direnci sunar. Konvey\u00f6r sistemleri, hazne astarlar\u0131 ve biyomedikal kaplamalar i\u00e7in ideal olan <strong>UPE Yap\u0131\u015fmaz Film<\/strong> \u00fcst\u00fcn performans i\u00e7in hafif \u00e7ok y\u00f6nl\u00fcl\u00fc\u011f\u00fc (yo\u011funluk 0,93 g\/cm\u00b3) 3.000.000 g\/mol \u00fczerindeki molek\u00fcler a\u011f\u0131rl\u0131klarla birle\u015ftirir. Maliyet tasarrufu ve g\u00fcvenilirli\u011fin kilidini a\u00e7\u0131n-daha fazlas\u0131n\u0131 ke\u015ffedin <a href=\"https:\/\/teflonx.com\/tr\/\" target=\"_blank\" rel=\"noopener\">teflonx.com<\/a>.<\/p>\n<h2 id=\"key-features-and-benefits\">Temel \u00d6zellikler ve Avantajlar<\/h2>\n<p>Teflon X&#039;ler <strong>UPE Yap\u0131\u015fmaz Film<\/strong> birinci s\u0131n\u0131f UHMWPE'den hassas bir \u015fekilde tasarlanm\u0131\u015f olup, end\u00fcstriyel ve t\u0131bbi uygulamalarda yap\u0131\u015fmay\u0131 \u00f6nleyici m\u00fckemmellik i\u00e7in bu g\u00f6ze \u00e7arpan \u00f6zellikleri sunar:<\/p>\n<ul>\n<li><strong>Yap\u0131\u015fmaz Y\u00fczey<\/strong>: Ola\u011fan\u00fcst\u00fc d\u00fc\u015f\u00fck y\u00fczey enerjisi, malzemelerin, kal\u0131nt\u0131lar\u0131n ve kirleticilerin yap\u0131\u015fmas\u0131n\u0131 \u00f6nleyerek temizli\u011fi kolayla\u015ft\u0131r\u0131r ve i\u015fleme hatlar\u0131nda t\u0131kanmalar\u0131 \u00f6nler.<\/li>\n<li><strong>Kendinden Ya\u011flama Performans\u0131<\/strong>: Do\u011fal d\u00fc\u015f\u00fck s\u00fcrt\u00fcnme a\u015f\u0131nmay\u0131, g\u00fcr\u00fclt\u00fcy\u00fc ve enerji kullan\u0131m\u0131n\u0131 azalt\u0131r, kayma mekanizmalar\u0131nda ve k\u0131lavuzlarda ek ya\u011flay\u0131c\u0131lara olan ihtiyac\u0131 ortadan kald\u0131r\u0131r.<\/li>\n<li><strong>\u00c7eli\u011fe G\u00f6re 8 Kat A\u015f\u0131nma Direnci<\/strong>: \u00dcst\u00fcn a\u015f\u0131nma direnci \u00e7elikten daha iyi performans g\u00f6stererek oluklar, bunkerler ve konvey\u00f6r bile\u015fenleri gibi y\u00fcksek darbeli b\u00f6lgelerde dayan\u0131kl\u0131l\u0131\u011f\u0131 art\u0131r\u0131r.<\/li>\n<li><strong>Biyouyumluluk ve Uyumluluk<\/strong>: FDA\/USDA onayl\u0131, toksik olmayan ve hipoalerjenik, g\u0131da i\u015fleme, t\u0131bbi cihazlar ve steril ambalajlarda g\u00fcvenli temas sa\u011flar.<\/li>\n<li><strong>Y\u00fcksek Darbe Dayan\u0131m\u0131<\/strong>: K\u0131r\u0131lmaz sa\u011flaml\u0131k, \u015foklar\u0131 ve titre\u015fimleri emerek dinamik end\u00fcstriyel ve t\u0131bbi kullan\u0131m senaryolar\u0131nda hasara kar\u015f\u0131 koruma sa\u011flar.<\/li>\n<li><strong>Kimyasal ve Korozyon Direnci<\/strong>: Sert kimyasallara, solventlere ve neme kar\u015f\u0131 inerttir (&lt;0,01% emilim), korozif ortamlarda bozulma olmadan b\u00fct\u00fcnl\u00fc\u011f\u00fcn\u00fc korur.<\/li>\n<li><strong>Termal \u00c7ok Y\u00f6nl\u00fcl\u00fck<\/strong>: Kriyojenik d\u00fc\u015f\u00fck s\u0131cakl\u0131klardan (-200\u00b0C) +80\u00b0C'ye kadar esnektir, s\u0131cakl\u0131k dalgalanmal\u0131 uygulamalarda g\u00fcvenilir performans i\u00e7in d\u00fc\u015f\u00fck termal genle\u015fmeye sahiptir.<\/li>\n<li><strong>Hafif ve \u00d6zelle\u015ftirilebilir<\/strong>: Kolay kurulum i\u00e7in d\u00fc\u015f\u00fck yo\u011funluk, \u00f6zel olarak tasarlanm\u0131\u015f filmler, bantlar veya tabakalar halinde mevcuttur <strong>UPE Yap\u0131\u015fmaz Film<\/strong> koruyucu kaplamalarda \u00e7\u00f6z\u00fcmler.<\/li>\n<\/ul>\n<p>Bu sa\u011flam <strong>UPE Yap\u0131\u015fmaz Film<\/strong> yap\u0131\u015fmaz g\u00fcvenilirli\u011fi i\u00e7in yeni bir standart belirler, kesinti s\u00fcresini ve maliyetleri azalt\u0131rken sekt\u00f6rler genelinde hijyen ve verimlili\u011fi art\u0131r\u0131r.<\/p>\n<h2 id=\"applications\">Uygulamalar<\/h2>\n<p>Teflon X&#039;ler <strong>UPE Yap\u0131\u015fmaz Film<\/strong> end\u00fcstriyel makineler, g\u0131da i\u015fleme ve t\u0131bbi yeniliklerde kusursuz performansa g\u00fc\u00e7 vererek yap\u0131\u015fma \u00f6nleyici rollerde m\u00fckemmeldir:<\/p>\n<ul>\n<li><strong>End\u00fcstriyel Konvey\u00f6r Sistemleri<\/strong>: \u00dcretim ve lojistikte d\u00fczg\u00fcn malzeme ak\u0131\u015f\u0131 sa\u011flamak, s\u00fcrt\u00fcnmeyi azaltmak ve yap\u0131\u015fmay\u0131 \u00f6nlemek i\u00e7in kay\u0131\u015flar, makaralar ve k\u0131lavuzlar i\u00e7in astarlar.<\/li>\n<li><strong>G\u0131da \u0130\u015fleme Ekipmanlar\u0131<\/strong>: Kal\u0131nt\u0131 birikimini en aza indirmek i\u00e7in hazne ve oluk kaplamalar\u0131, FDA standartlar\u0131na uygun hijyenik, kolay serbest b\u0131rakma i\u015flemlerini kolayla\u015ft\u0131r\u0131r.<\/li>\n<li><strong>T\u0131bbi ve Biyomedikal Cihazlar<\/strong>: \u0130mplantlar, protezler ve steril ambalajlar i\u00e7in koruyucu filmler, kontaminasyonu \u00f6nlemek ve g\u00fcvenli temas sa\u011flamak i\u00e7in biyouyumluluktan yararlan\u0131r.<\/li>\n<li><strong>Koruyucu Kaplamalar<\/strong>: Makine korumalar\u0131, k\u0131zaklar ve tank g\u00f6mlekleri i\u00e7in a\u015f\u0131nma \u00f6nleyici kaplamalar, kimyasal ve d\u00f6kme ta\u015f\u0131ma i\u015flemlerinde a\u015f\u0131nma ve korozyonla m\u00fccadele eder.<\/li>\n<li><strong>Otomotiv ve Havac\u0131l\u0131k<\/strong>: Montajlar ve ba\u011flant\u0131lar i\u00e7in titre\u015fim s\u00f6n\u00fcmleyici bantlar, y\u00fcksek hareketli bile\u015fenlerde g\u0131c\u0131rt\u0131lar\u0131, t\u0131k\u0131rt\u0131lar\u0131 ve s\u00fcrt\u00fcnmeyi azalt\u0131r.<\/li>\n<li><strong>Genel Malzeme Ta\u015f\u0131ma<\/strong>: Paketleme hatlar\u0131nda ve ta\u015f\u0131ma sistemlerinde tozlar\u0131n, gran\u00fcllerin ve yap\u0131\u015fkan maddelerin verimli, az bak\u0131m gerektiren ak\u0131\u015f\u0131n\u0131 destekleyen a\u015f\u0131nma \u015feritleri.<\/li>\n<\/ul>\n<p>G\u0131dalar i\u00e7in g\u00fcvenli i\u015flemeden hassas t\u0131bbi kullan\u0131mlara kadar <strong>UPE Yap\u0131\u015fmaz Film<\/strong> kan\u0131tlanm\u0131\u015f yap\u0131\u015fma \u00f6nleme ve dayan\u0131kl\u0131l\u0131k avantajlar\u0131 sunar.<\/p>\n<h2 id=\"technical-specifications\">Teknik \u00d6zellikler<\/h2>\n<p>A\u015fa\u011f\u0131da Teflon X'ler i\u00e7in standart parametrelerin kapsaml\u0131 bir tablosu bulunmaktad\u0131r <strong>UPE Yap\u0131\u015fmaz Film<\/strong>. Yap\u0131\u015fkan destekli varyantlar veya belirli kal\u0131nl\u0131klar dahil olmak \u00fczere \u00f6zel konfig\u00fcrasyonlar mevcuttur - ki\u015fiselle\u015ftirilmi\u015f \u00fcr\u00fcnler i\u00e7in bizimle ileti\u015fime ge\u00e7in <strong>UPE Yap\u0131\u015fmaz Film<\/strong> se\u00e7enekler.<\/p>\n<table>\n<thead>\n<tr>\n<th>M\u00fclk<\/th>\n<th>De\u011fer\/Aral\u0131k<\/th>\n<th>Test Standard\u0131\/Notlar<\/th>\n<\/tr>\n<\/thead>\n<tbody>\n<tr>\n<td>Malzeme T\u00fcr\u00fc<\/td>\n<td>Ultra Y\u00fcksek Molek\u00fcler A\u011f\u0131rl\u0131kl\u0131 Polietilen (UHMWPE)<\/td>\n<td>ASTM D4020<\/td>\n<\/tr>\n<tr>\n<td>Molek\u00fcler A\u011f\u0131rl\u0131k<\/td>\n<td>&gt;3.000.000 g\/mol<\/td>\n<td>Jel Permeasyon Kromatografisi<\/td>\n<\/tr>\n<tr>\n<td>Yo\u011funluk<\/td>\n<td>0,93 g\/cm\u00b3<\/td>\n<td>ASTM D792<\/td>\n<\/tr>\n<tr>\n<td>\u00c7ekme Akma Dayan\u0131m\u0131<\/td>\n<td>19,3-23 MPa<\/td>\n<td>ASTM D638<\/td>\n<\/tr>\n<tr>\n<td>Kopma Uzamas\u0131<\/td>\n<td>&gt;300%<\/td>\n<td>ASTM D638<\/td>\n<\/tr>\n<tr>\n<td>Shore D Sertlik<\/td>\n<td>60-65<\/td>\n<td>ASTM D2240<\/td>\n<\/tr>\n<tr>\n<td>Darbe Dayan\u0131m\u0131 (Izod)<\/td>\n<td>Mola Yok (\u00c7entiksiz)<\/td>\n<td>Termoplastikler aras\u0131nda en y\u00fcksek<\/td>\n<\/tr>\n<tr>\n<td>S\u00fcrt\u00fcnme Katsay\u0131s\u0131<\/td>\n<td>0,05-0,15 (Dinamik)<\/td>\n<td>PTFE ile kar\u015f\u0131la\u015ft\u0131r\u0131labilir<\/td>\n<\/tr>\n<tr>\n<td>A\u015f\u0131nma Direnci<\/td>\n<td>8x Karbon \u00c7elik<\/td>\n<td>Taber A\u015f\u0131nma Testi<\/td>\n<\/tr>\n<tr>\n<td>\u00c7al\u0131\u015fma S\u0131cakl\u0131\u011f\u0131<\/td>\n<td>-200\u00b0C ila +80\u00b0C<\/td>\n<td>S\u00fcrekli Kullan\u0131m<\/td>\n<\/tr>\n<tr>\n<td>Kimyasal Diren\u00e7<\/td>\n<td>M\u00fckemmel (Asitler, Alkaliler, \u00c7\u00f6z\u00fcc\u00fcler)<\/td>\n<td>Oksitleyici Asitler Hari\u00e7<\/td>\n<\/tr>\n<tr>\n<td>Su emilimi<\/td>\n<td>&lt;0,01% (24 saat)<\/td>\n<td>ASTM D570<\/td>\n<\/tr>\n<tr>\n<td>Kal\u0131nl\u0131k<\/td>\n<td>0,025-1,5 mm<\/td>\n<td>\u00d6zelle\u015ftirilebilir, Skived Film<\/td>\n<\/tr>\n<tr>\n<td>Geni\u015flik<\/td>\n<td>2 m'ye kadar<\/td>\n<td>Rulo veya Levha Format\u0131<\/td>\n<\/tr>\n<tr>\n<td>FDA Uyumlulu\u011fu<\/td>\n<td>Evet (Toksik Olmayan, G\u0131da ile Temas G\u00fcvenli)<\/td>\n<td>21 CFR 177.1520<\/td>\n<\/tr>\n<tr>\n<td>G\u00f6zeneklilik (Mikro G\u00f6zenekli)<\/td>\n<td>30-70% (Opsiyonel)<\/td>\n<td>Filtrasyon S\u0131n\u0131flar\u0131 \u0130\u00e7in<\/td>\n<\/tr>\n<\/tbody>\n<\/table>\n<p><em>Not: De\u011ferler tipiktir ve i\u015fleme ve kaliteye ba\u011fl\u0131 olarak de\u011fi\u015febilir. Ayr\u0131nt\u0131l\u0131 veri sayfalar\u0131 i\u00e7in \u015fu adresi ziyaret edin <a href=\"https:\/\/teflonx.com\/tr\/\" target=\"_blank\" rel=\"noopener\">teflonx.com<\/a>.<\/em><\/p>\n<h2 id=\"why-choose-teflon-x-\">Neden Teflon X&#039;i Se\u00e7melisiniz?<\/h2>\n<p>Teflon X, polimer m\u00fckemmelli\u011fini y\u00f6nlendirerek <strong>UPE Yap\u0131\u015fmaz Film<\/strong> yap\u0131\u015fmay\u0131 \u00f6nleme \u00fcst\u00fcnl\u00fc\u011f\u00fc ve beklentileri a\u015fan biyouyumluluk i\u00e7in son teknoloji testlerle. Bu y\u00fcksek performansl\u0131 <strong>UPE Yap\u0131\u015fmaz Film<\/strong> zahmetsizce entegre olur, kendinden ya\u011flama ve a\u015f\u0131nma direnci sayesinde bak\u0131m\u0131 50%'ye kadar azalt\u0131rken en kat\u0131 hijyen standartlar\u0131n\u0131 da korur. K\u00fcresel eri\u015fimimiz, \u00f6zelle\u015ftirme uzmanl\u0131\u011f\u0131m\u0131z ve \u00f6zel deste\u011fimizle Teflon X, yenilik\u00e7i \u00fcr\u00fcnler i\u00e7in ba\u015fvuraca\u011f\u0131n\u0131z yerdir. <strong>UPE Yap\u0131\u015fmaz Film<\/strong> \u00fcretkenli\u011fi ve g\u00fcvenli\u011fi art\u0131r\u0131r.<\/p>\n<p>Teflon X'in \u00e7ok y\u00f6nl\u00fc teknolojisi ile fark\u0131 ya\u015fay\u0131n <strong>UPE Yap\u0131\u015fmaz Film<\/strong>-t\u00fcm program\u0131m\u0131za \u015fu adresten g\u00f6z at\u0131n <a href=\"https:\/\/teflonx.com\/tr\/\" target=\"_blank\" rel=\"noopener\">teflonx.com<\/a> veya bizim arac\u0131l\u0131\u011f\u0131m\u0131zla ba\u011flan\u0131n <a href=\"https:\/\/teflonx.com\/tr\/bize-ulasin\/\" target=\"_blank\" rel=\"noopener\">Bize Ula\u015f\u0131n sayfas\u0131<\/a>. H\u0131zl\u0131 y\u00f6nlendirme i\u00e7in e-posta g\u00f6nderin <a href=\"mailto:Allison.Ye@teflonx.com\" target=\"_blank\" rel=\"noopener\"><strong>Allison.Ye@teflonx.com<\/strong><\/a>.<\/p>\n<hr \/>","protected":false},"excerpt":{"rendered":"<p>UPE Yap\u0131\u015fmaz Film, end\u00fcstriyel ve t\u0131bbi ortamlarda malzeme yap\u0131\u015fmas\u0131n\u0131 en aza indirir. Kendi kendini ya\u011flama \u00f6zelli\u011fine ve \u00e7elikten 8 kat daha y\u00fcksek a\u015f\u0131nma direncine sahip oldu\u011fundan bak\u0131m maliyetlerini azalt\u0131r. Biyouyumlu film, g\u0131da i\u015fleme ve koruyucu kaplamalar i\u00e7in idealdir.<\/p>","protected":false},"featured_media":473,"comment_status":"open","ping_status":"closed","template":"","meta":{"site-sidebar-layout":"default","site-content-layout":"","ast-site-content-layout":"default","site-content-style":"default","site-sidebar-style":"default","ast-global-header-display":"","ast-banner-title-visibility":"","ast-main-header-display":"","ast-hfb-above-header-display":"","ast-hfb-below-header-display":"","ast-hfb-mobile-header-display":"","site-post-title":"","ast-breadcrumbs-content":"","ast-featured-img":"","footer-sml-layout":"","theme-transparent-header-meta":"default","adv-header-id-meta":"","stick-header-meta":"","header-above-stick-meta":"","header-main-stick-meta":"","header-below-stick-meta":"","astra-migrate-meta-layouts":"set","ast-page-background-enabled":"default","ast-page-background-meta":{"desktop":{"background-color":"var(--ast-global-color-5)","background-image":"","background-repeat":"repeat","background-position":"center center","background-size":"auto","background-attachment":"scroll","background-type":"","background-media":"","overlay-type":"","overlay-color":"","overlay-opacity":"","overlay-gradient":""},"tablet":{"background-color":"","background-image":"","background-repeat":"repeat","background-position":"center center","background-size":"auto","background-attachment":"scroll","background-type":"","background-media":"","overlay-type":"","overlay-color":"","overlay-opacity":"","overlay-gradient":""},"mobile":{"background-color":"","background-image":"","background-repeat":"repeat","background-position":"center center","background-size":"auto","background-attachment":"scroll","background-type":"","background-media":"","overlay-type":"","overlay-color":"","overlay-opacity":"","overlay-gradient":""}},"ast-content-background-meta":{"desktop":{"background-color":"var(--ast-global-color-4)","background-image":"","background-repeat":"repeat","background-position":"center center","background-size":"auto","background-attachment":"scroll","background-type":"","background-media":"","overlay-type":"","overlay-color":"","overlay-opacity":"","overlay-gradient":""},"tablet":{"background-color":"var(--ast-global-color-4)","background-image":"","background-repeat":"repeat","background-position":"center center","background-size":"auto","background-attachment":"scroll","background-type":"","background-media":"","overlay-type":"","overlay-color":"","overlay-opacity":"","overlay-gradient":""},"mobile":{"background-color":"var(--ast-global-color-4)","background-image":"","background-repeat":"repeat","background-position":"center center","background-size":"auto","background-attachment":"scroll","background-type":"","background-media":"","overlay-type":"","overlay-color":"","overlay-opacity":"","overlay-gradient":""}}},"product_brand":[290],"product_cat":[502],"product_tag":[146,142,145,144,147,143],"class_list":{"0":"post-483","1":"product","2":"type-product","3":"status-publish","4":"has-post-thumbnail","6":"product_brand-teflon-x","7":"product_cat-uhmwpe-flim","8":"product_tag-uhmw-polyethylene-film","9":"product_tag-uhmwpe","10":"product_tag-uhmwpe-film","11":"product_tag-uhmwpe-menbrane","12":"product_tag-upe-film","13":"product_tag-upe-menbrane","14":"desktop-align-left","15":"tablet-align-left","16":"mobile-align-left","18":"first","19":"instock","20":"shipping-taxable","21":"product-type-simple"},"_links":{"self":[{"href":"https:\/\/teflonx.com\/tr\/wp-json\/wp\/v2\/product\/483","targetHints":{"allow":["GET"]}}],"collection":[{"href":"https:\/\/teflonx.com\/tr\/wp-json\/wp\/v2\/product"}],"about":[{"href":"https:\/\/teflonx.com\/tr\/wp-json\/wp\/v2\/types\/product"}],"replies":[{"embeddable":true,"href":"https:\/\/teflonx.com\/tr\/wp-json\/wp\/v2\/comments?post=483"}],"wp:featuredmedia":[{"embeddable":true,"href":"https:\/\/teflonx.com\/tr\/wp-json\/wp\/v2\/media\/473"}],"wp:attachment":[{"href":"https:\/\/teflonx.com\/tr\/wp-json\/wp\/v2\/media?parent=483"}],"wp:term":[{"taxonomy":"product_brand","embeddable":true,"href":"https:\/\/teflonx.com\/tr\/wp-json\/wp\/v2\/product_brand?post=483"},{"taxonomy":"product_cat","embeddable":true,"href":"https:\/\/teflonx.com\/tr\/wp-json\/wp\/v2\/product_cat?post=483"},{"taxonomy":"product_tag","embeddable":true,"href":"https:\/\/teflonx.com\/tr\/wp-json\/wp\/v2\/product_tag?post=483"}],"curies":[{"name":"wp","href":"https:\/\/api.w.org\/{rel}","templated":true}]}}