{"id":485,"date":"2025-04-01T15:46:06","date_gmt":"2025-04-01T15:46:06","guid":{"rendered":"https:\/\/teflonx.com\/?post_type=product&#038;p=485"},"modified":"2025-12-09T06:04:22","modified_gmt":"2025-12-09T06:04:22","slug":"uhmwpe-filmi","status":"publish","type":"product","link":"https:\/\/teflonx.com\/tr\/product\/uhmwpe-filmi\/","title":{"rendered":"\u015eok Emilimi i\u00e7in UHMWPE Filmi \u2013 D\u00fc\u015f\u00fck S\u00fcrt\u00fcnme ve Y\u00fcksek Darbe Dayan\u0131m\u0131"},"content":{"rendered":"<h2 id=\"product-overview\">\u00dcr\u00fcn Genel Bak\u0131\u015f\u0131<\/h2>\n<p>Teflon X ile benzersiz koruma ve verimlilik deneyimi ya\u015fay\u0131n <strong>UHMWPE Film<\/strong>\u00dcst\u00fcn \u015fok emilimi ve dinamik performans i\u00e7in titizlikle tasarlanm\u0131\u015f son teknoloji Ultra Y\u00fcksek Molek\u00fcler A\u011f\u0131rl\u0131kl\u0131 Polietilen (UHMWPE) \u00e7\u00f6z\u00fcm\u00fc. Bu y\u00fcksek etkili <strong>UHMWPE Film<\/strong> ABS polimerlerine g\u00f6re enerjiyi 6 kat daha etkili bir \u015fekilde emer, bu da onu \u015foklara, titre\u015fimlere ve darbelere kar\u015f\u0131 \u00e7atlama veya bozulma olmadan dayan\u0131kl\u0131l\u0131k gerektiren uygulamalar i\u00e7in tercih edilen se\u00e7enek haline getirir. Ultra d\u00fc\u015f\u00fck s\u00fcrt\u00fcnme katsay\u0131s\u0131 (0,05-0,15) ve ola\u011fan\u00fcst\u00fc kimyasal diren\u00e7 ile birle\u015fti\u011finde <strong>UHMWPE Film<\/strong> otomotiv bile\u015fenlerinde, makine par\u00e7alar\u0131nda ve end\u00fcstriyel kaplamalarda hizmet \u00f6mr\u00fcn\u00fc uzat\u0131r, a\u015f\u0131nmay\u0131 azalt\u0131r ve harici ya\u011flay\u0131c\u0131lara olan ihtiyac\u0131 ortadan kald\u0131r\u0131r.<\/p>\n<p>Teflon X&#039;ler <strong>UHMWPE Film<\/strong> S\u00fcrt\u00fcnmeyi ve enerji kayb\u0131n\u0131 en aza indiren kendinden ya\u011flama \u00f6zelliklerine sahipken, 3.000.000 g\/mol'\u00fc a\u015fan molek\u00fcler a\u011f\u0131rl\u0131klara dayanan do\u011fal toklu\u011fu, y\u00fcksek stresli ortamlarda geleneksel malzemelerden daha iyi performans g\u00f6stermesini sa\u011flar. 200\u00b0C kriyojenik esneklikten +80\u00b0C termal kararl\u0131l\u0131\u011fa kadar, bu hafif (0,93 g\/cm\u00b3 yo\u011funluk), toksik olmayan <strong>UHMWPE Film<\/strong> Asitler, alkaliler ve \u00e7\u00f6z\u00fcc\u00fclerden kaynaklanan korozyona kar\u015f\u0131 dayan\u0131kl\u0131d\u0131r, zorlu ko\u015fullarda geli\u015fir. D\u00fc\u015f\u00fck s\u00fcrt\u00fcnme ve y\u00fcksek darbe dayan\u0131m\u0131n\u0131n bir araya geldi\u011fi kayar mekanizmalar i\u00e7in idealdir. <strong>UHMWPE Film<\/strong> otomotiv, havac\u0131l\u0131k ve sanayi sekt\u00f6rlerinde inovasyonu te\u015fvik eder - \u00e7ok y\u00f6nl\u00fcl\u00fc\u011f\u00fcn\u00fc \u015fu adreste ke\u015ffedin <a href=\"https:\/\/teflonx.com\/tr\/\" target=\"_blank\" rel=\"noopener\">teflonx.com<\/a>.<\/p>\n<h2 id=\"key-features-and-benefits\">Temel \u00d6zellikler ve Avantajlar<\/h2>\n<p>Birinci s\u0131n\u0131f UHMWPE'den \u00fcretilen Teflon X'ler <strong>UHMWPE Film<\/strong> \u015fok emilimi, d\u00fc\u015f\u00fck s\u00fcrt\u00fcnmeli \u00e7al\u0131\u015fma ve uzun vadeli g\u00fcvenilirlik i\u00e7in optimize edilmi\u015f bu kritik \u00f6zellikleri sunar:<\/p>\n<ul>\n<li><strong>\u00dcst\u00fcn \u015eok Emilimi<\/strong>: Darbe enerjisini ABS polimerlerden 6 kat daha iyi emer, k\u0131r\u0131lmas\u0131z Izod mukavemeti ile a\u011f\u0131r \u015foklar\u0131, titre\u015fimleri ve d\u00fc\u015fmeleri deformasyon veya k\u0131r\u0131lma olmadan kar\u015f\u0131lar.<\/li>\n<li><strong>Ultra D\u00fc\u015f\u00fck S\u00fcrt\u00fcnme Katsay\u0131s\u0131<\/strong>: Kendinden ya\u011flamal\u0131 y\u00fczey (0,05-0,15 dinamik) kayma mekanizmalar\u0131nda s\u00fcrt\u00fcnmeyi, g\u00fcr\u00fclt\u00fcy\u00fc ve a\u015f\u0131nmay\u0131 azalt\u0131r, ya\u011flay\u0131c\u0131 i\u00e7ermeyen performans i\u00e7in PTFE ile kar\u015f\u0131la\u015ft\u0131r\u0131labilir.<\/li>\n<li><strong>Y\u00fcksek Darbe Dayan\u0131m\u0131<\/strong>: Termoplastikler aras\u0131nda en y\u00fcksek, d\u00fc\u015f\u00fck s\u0131cakl\u0131klarda bile toklu\u011fu koruyan, koruyucu bariyerler ve dinamik makine bile\u015fenleri i\u00e7in ideal.<\/li>\n<li><strong>Kimyasal Diren\u00e7<\/strong>: A\u015f\u0131nd\u0131r\u0131c\u0131 kimyasallara, neme (&lt;0,01% emilim) ve UV \u0131\u015f\u0131nlar\u0131na kar\u015f\u0131 inerttir, otomotiv s\u0131v\u0131lar\u0131, end\u00fcstriyel temizleyiciler ve zorlu ortamlarda dayan\u0131kl\u0131l\u0131k sa\u011flar.<\/li>\n<li><strong>A\u015f\u0131nma ve Y\u0131pranma Direnci<\/strong>: Karbon \u00e7eli\u011fine g\u00f6re 15 kata kadar daha dayan\u0131kl\u0131d\u0131r ve di\u015fliler, k\u0131lavuzlar ve konvey\u00f6r balatalar\u0131 gibi y\u00fcksek temasl\u0131 uygulamalarda kullan\u0131m \u00f6mr\u00fcn\u00fc uzat\u0131r.<\/li>\n<li><strong>Termal \u00c7ok Y\u00f6nl\u00fcl\u00fck<\/strong>: D\u00fc\u015f\u00fck termal genle\u015fme ile -200\u00b0C ila +80\u00b0C aras\u0131nda kararl\u0131d\u0131r, dalgal\u0131 s\u0131cakl\u0131k ko\u015fullar\u0131nda esnekli\u011fi ve b\u00fct\u00fcnl\u00fc\u011f\u00fc korur.<\/li>\n<li><strong>Hafif ve Sa\u011flam<\/strong>: Kolay entegrasyon i\u00e7in d\u00fc\u015f\u00fck yo\u011funluk, tamponlar ve \u00e7amurluklar gibi darbeye e\u011filimli kullan\u0131mlarda enerji da\u011f\u0131t\u0131m\u0131 i\u00e7in &gt;300% uzama.<\/li>\n<li><strong>\u00c7evre Dostu Uyumluluk<\/strong>: Toksik de\u011fildir, geri d\u00f6n\u00fc\u015ft\u00fcr\u00fclebilir ve FDA uyumludur, otomotiv ve medikale yak\u0131n end\u00fcstriyel uygulamalarda s\u00fcrd\u00fcr\u00fclebilir tasar\u0131mlar\u0131 destekler.<\/li>\n<\/ul>\n<p>Bu esnek <strong>UHMWPE Film<\/strong> d\u00fc\u015f\u00fck s\u00fcrt\u00fcnmeyi e\u015fsiz darbe korumas\u0131yla birle\u015ftirerek darbeye duyarl\u0131 sistemlerde devrim yarat\u0131r.<\/p>\n<h2 id=\"applications\">Uygulamalar<\/h2>\n<p>Teflon X&#039;ler <strong>UHMWPE Film<\/strong> sa\u011flam \u015fok emilimi ve sorunsuz \u00e7al\u0131\u015fma gerektiren ortamlar i\u00e7in \u00f6zel olarak tasarlanm\u0131\u015ft\u0131r ve \u00e7e\u015fitli sekt\u00f6rlerde performans\u0131 art\u0131r\u0131r:<\/p>\n<ul>\n<li><strong>Otomotiv Bile\u015fenleri<\/strong>: Titre\u015fim s\u00f6n\u00fcmleyiciler, tamponlar ve contalar, yol \u015foklar\u0131n\u0131 emmek ve montajlardaki g\u0131c\u0131rt\u0131lar\u0131 azaltmak i\u00e7in y\u00fcksek darbe dayan\u0131m\u0131 ve d\u00fc\u015f\u00fck s\u00fcrt\u00fcnmeden yararlan\u0131r.<\/li>\n<li><strong>Makine Par\u00e7alar\u0131<\/strong>: Kendinden ya\u011flama ve kimyasal direncin bak\u0131m ve ar\u0131za s\u00fcresini en aza indirdi\u011fi otomasyon hatlar\u0131nda a\u015f\u0131nma \u015feritleri, k\u0131lavuz raylar ve kayar mekanizmalar.<\/li>\n<li><strong>End\u00fcstriyel Astarlar<\/strong>: Madencilik ve lojistikte a\u015f\u0131nd\u0131r\u0131c\u0131 ak\u0131\u015flardan kaynaklanan yap\u0131\u015fmay\u0131 \u00f6nleyen ve darbeleri emen malzeme ta\u015f\u0131ma i\u00e7in oluk ve hazne kaplamalar\u0131.<\/li>\n<li><strong>Havac\u0131l\u0131k ve Savunma<\/strong>: Hafif z\u0131rh ve balistik katmanlar i\u00e7in koruyucu filmler, daha fazla g\u00fcvenlik i\u00e7in \u00fcst\u00fcn enerji emilimi ve d\u00fc\u015f\u00fck a\u011f\u0131rl\u0131k kullan\u0131r.<\/li>\n<li><strong>Denizcilik ve R\u0131ht\u0131m Uygulamalar\u0131<\/strong>: Yana\u015fma i\u00e7in d\u00fc\u015f\u00fck s\u00fcrt\u00fcnmeli y\u00fczeyler sa\u011flarken \u00e7iziklere, eziklere ve darbelere kar\u015f\u0131 dayan\u0131kl\u0131 \u00e7amurluk pedleri ve tekne astarlar\u0131.<\/li>\n<li><strong>\u015ei\u015feleme ve Ambalajlama<\/strong>: Y\u00fcksek h\u0131zl\u0131, tekrarlayan operasyonlarda y\u00fcksek a\u015f\u0131nma direnci ve \u015fok tolerans\u0131ndan yararlanan y\u0131ld\u0131z tekerlekler ve konvey\u00f6r k\u0131lavuzlar\u0131.<\/li>\n<\/ul>\n<p>Otomotiv esnekli\u011finden end\u00fcstriyel dayan\u0131kl\u0131l\u0131\u011fa kadar, bizim <strong>UHMWPE Film<\/strong> zorlu, hareket yo\u011fun roller i\u00e7in kan\u0131tlanm\u0131\u015f d\u00fc\u015f\u00fck s\u00fcrt\u00fcnmeli ve y\u00fcksek etkili \u00e7\u00f6z\u00fcmler sunar.<\/p>\n<h2 id=\"technical-specifications\">Teknik \u00d6zellikler<\/h2>\n<p>A\u015fa\u011f\u0131da Teflon X'ler i\u00e7in standart parametrelerin kapsaml\u0131 bir tablosu bulunmaktad\u0131r <strong>UHMWPE Film<\/strong>. \u00d6zel \u015fok emilimi ihtiya\u00e7lar\u0131 i\u00e7in g\u00fc\u00e7lendirilmi\u015f veya daha ince \u00f6l\u00e7\u00fcler gibi \u00f6zel varyantlar mevcuttur - \u00f6zel olarak tasarlanm\u0131\u015f \u00fcr\u00fcnler i\u00e7in bizimle ileti\u015fime ge\u00e7in <strong>UHMWPE Film<\/strong> konfig\u00fcrasyonlar.<\/p>\n<table>\n<thead>\n<tr>\n<th>M\u00fclk<\/th>\n<th>De\u011fer\/Aral\u0131k<\/th>\n<th>Test Standard\u0131\/Notlar<\/th>\n<\/tr>\n<\/thead>\n<tbody>\n<tr>\n<td>Malzeme T\u00fcr\u00fc<\/td>\n<td>Ultra Y\u00fcksek Molek\u00fcler A\u011f\u0131rl\u0131kl\u0131 Polietilen (UHMWPE)<\/td>\n<td>ASTM D4020<\/td>\n<\/tr>\n<tr>\n<td>Molek\u00fcler A\u011f\u0131rl\u0131k<\/td>\n<td>&gt;3.000.000 g\/mol<\/td>\n<td>Jel Permeasyon Kromatografisi<\/td>\n<\/tr>\n<tr>\n<td>Yo\u011funluk<\/td>\n<td>0,93 g\/cm\u00b3<\/td>\n<td>ASTM D792<\/td>\n<\/tr>\n<tr>\n<td>\u00c7ekme Akma Dayan\u0131m\u0131<\/td>\n<td>19,3-23 MPa<\/td>\n<td>ASTM D638<\/td>\n<\/tr>\n<tr>\n<td>Kopma Uzamas\u0131<\/td>\n<td>&gt;300%<\/td>\n<td>ASTM D638<\/td>\n<\/tr>\n<tr>\n<td>Shore D Sertlik<\/td>\n<td>60-65<\/td>\n<td>ASTM D2240<\/td>\n<\/tr>\n<tr>\n<td>Darbe Dayan\u0131m\u0131 (Izod)<\/td>\n<td>Mola Yok (\u00c7entiksiz)<\/td>\n<td>Termoplastikler aras\u0131nda en y\u00fcksek<\/td>\n<\/tr>\n<tr>\n<td>S\u00fcrt\u00fcnme Katsay\u0131s\u0131<\/td>\n<td>0,05-0,15 (Dinamik)<\/td>\n<td>PTFE ile kar\u015f\u0131la\u015ft\u0131r\u0131labilir<\/td>\n<\/tr>\n<tr>\n<td>A\u015f\u0131nma Direnci<\/td>\n<td>15x Karbon \u00c7elik<\/td>\n<td>Taber A\u015f\u0131nma Testi<\/td>\n<\/tr>\n<tr>\n<td>\u00c7al\u0131\u015fma S\u0131cakl\u0131\u011f\u0131<\/td>\n<td>-200\u00b0C ila +80\u00b0C<\/td>\n<td>S\u00fcrekli Kullan\u0131m<\/td>\n<\/tr>\n<tr>\n<td>Kimyasal Diren\u00e7<\/td>\n<td>M\u00fckemmel (Asitler, Alkaliler, \u00c7\u00f6z\u00fcc\u00fcler)<\/td>\n<td>Oksitleyici Asitler Hari\u00e7<\/td>\n<\/tr>\n<tr>\n<td>Su emilimi<\/td>\n<td>&lt;0,01% (24 saat)<\/td>\n<td>ASTM D570<\/td>\n<\/tr>\n<tr>\n<td>Kal\u0131nl\u0131k<\/td>\n<td>0,1-5 mm<\/td>\n<td>\u00d6zelle\u015ftirilebilir<\/td>\n<\/tr>\n<tr>\n<td>Geni\u015flik<\/td>\n<td>2 m'ye kadar<\/td>\n<td>Rulo veya Levha Format\u0131<\/td>\n<\/tr>\n<tr>\n<td>FDA Uyumlulu\u011fu<\/td>\n<td>Evet (Toksik Olmayan, G\u0131da ile Temas G\u00fcvenli)<\/td>\n<td>21 CFR 177.1520<\/td>\n<\/tr>\n<tr>\n<td>G\u00f6zeneklilik (Mikro G\u00f6zenekli)<\/td>\n<td>30-70% (Opsiyonel)<\/td>\n<td>Filtrasyon S\u0131n\u0131flar\u0131 \u0130\u00e7in<\/td>\n<\/tr>\n<tr>\n<td>Dielektrik Dayan\u0131m\u0131<\/td>\n<td>20-30 kV\/mm<\/td>\n<td>ASTM D149 (Levhalar i\u00e7in Tahmini)<\/td>\n<\/tr>\n<\/tbody>\n<\/table>\n<p><em>Not: De\u011ferler tipiktir ve i\u015fleme ve kaliteye ba\u011fl\u0131 olarak de\u011fi\u015febilir. Ayr\u0131nt\u0131l\u0131 veri sayfalar\u0131 i\u00e7in \u015fu adresi ziyaret edin <a href=\"https:\/\/teflonx.com\/tr\/\" target=\"_blank\" rel=\"noopener\">teflonx.com<\/a>.<\/em><\/p>\n<h2 id=\"why-choose-teflon-x-\">Neden Teflon X&#039;i Se\u00e7melisiniz?<\/h2>\n<p>Teflon X, geli\u015fmi\u015f polimer filmlerde \u00f6l\u00e7\u00fct\u00fc belirler, titizlikle test edilir <strong>UHMWPE Film<\/strong> rakiplerini geride b\u0131rakan ola\u011fan\u00fcst\u00fc \u015fok emilimi ve d\u00fc\u015f\u00fck s\u00fcrt\u00fcnme becerisi i\u00e7in. Bu y\u00fcksek performansl\u0131 <strong>UHMWPE Film<\/strong> tasar\u0131mlar\u0131n\u0131za sorunsuz bir \u015fekilde entegre olur, ABS'den 6 kat daha fazla darbe emerken a\u015f\u0131nma ve ya\u011flama ihtiya\u00e7lar\u0131n\u0131 azalt\u0131r, sonu\u00e7ta operasyonel tasarruf ve g\u00fcvenilirlik sa\u011flar. \u0130novasyon odakl\u0131 uzmanl\u0131\u011f\u0131m\u0131z, k\u00fcresel tedarik zincirimiz ve ki\u015fiselle\u015ftirilmi\u015f deste\u011fimizle desteklenen Teflon X, projelerinizi dayan\u0131kl\u0131 <strong>UHMWPE Film<\/strong> \u00e7\u00f6z\u00fcmler.<\/p>\n<p>Teflon X'in darbeye dayan\u0131kl\u0131 g\u00fcc\u00fcnden yararlan\u0131n <strong>UHMWPE Film<\/strong>-t\u00fcm \u00fcr\u00fcn yelpazemizi \u015fu adresten inceleyin <a href=\"https:\/\/teflonx.com\/tr\/\" target=\"_blank\" rel=\"noopener\">teflonx.com<\/a> veya bizim arac\u0131l\u0131\u011f\u0131m\u0131zla bilgi al\u0131n <a href=\"https:\/\/teflonx.com\/tr\/bize-ulasin\/\" target=\"_blank\" rel=\"noopener\">Bize Ula\u015f\u0131n sayfas\u0131<\/a>. \u00d6zel \u00f6neriler i\u00e7in e-posta g\u00f6nderin <a href=\"mailto:Allison.Ye@teflonx.com\" target=\"_blank\" rel=\"noopener\"><strong>Allison.Ye@teflonx.com<\/strong><\/a>.<\/p>\n<hr \/>","protected":false},"excerpt":{"rendered":"<p>UHMWPE Film, darbe enerjisini ABS polimerlerinden 6 kat daha etkili bir \u015fekilde emer ve bu da onu \u015fok emilimi i\u00e7in ideal hale getirir. D\u00fc\u015f\u00fck s\u00fcrt\u00fcnme katsay\u0131s\u0131 ve kimyasal direnci, otomotiv ve makine bile\u015fenlerinde hizmet \u00f6mr\u00fcn\u00fc uzat\u0131r. Kayar mekanizmalar ve end\u00fcstriyel astarlar i\u00e7in uygundur.<\/p>","protected":false},"featured_media":474,"comment_status":"open","ping_status":"closed","template":"","meta":{"site-sidebar-layout":"default","site-content-layout":"","ast-site-content-layout":"default","site-content-style":"default","site-sidebar-style":"default","ast-global-header-display":"","ast-banner-title-visibility":"","ast-main-header-display":"","ast-hfb-above-header-display":"","ast-hfb-below-header-display":"","ast-hfb-mobile-header-display":"","site-post-title":"","ast-breadcrumbs-content":"","ast-featured-img":"","footer-sml-layout":"","ast-disable-related-posts":"","theme-transparent-header-meta":"default","adv-header-id-meta":"","stick-header-meta":"","header-above-stick-meta":"","header-main-stick-meta":"","header-below-stick-meta":"","astra-migrate-meta-layouts":"set","ast-page-background-enabled":"default","ast-page-background-meta":{"desktop":{"background-color":"var(--ast-global-color-5)","background-image":"","background-repeat":"repeat","background-position":"center center","background-size":"auto","background-attachment":"scroll","background-type":"","background-media":"","overlay-type":"","overlay-color":"","overlay-opacity":"","overlay-gradient":""},"tablet":{"background-color":"","background-image":"","background-repeat":"repeat","background-position":"center center","background-size":"auto","background-attachment":"scroll","background-type":"","background-media":"","overlay-type":"","overlay-color":"","overlay-opacity":"","overlay-gradient":""},"mobile":{"background-color":"","background-image":"","background-repeat":"repeat","background-position":"center center","background-size":"auto","background-attachment":"scroll","background-type":"","background-media":"","overlay-type":"","overlay-color":"","overlay-opacity":"","overlay-gradient":""}},"ast-content-background-meta":{"desktop":{"background-color":"var(--ast-global-color-4)","background-image":"","background-repeat":"repeat","background-position":"center center","background-size":"auto","background-attachment":"scroll","background-type":"","background-media":"","overlay-type":"","overlay-color":"","overlay-opacity":"","overlay-gradient":""},"tablet":{"background-color":"var(--ast-global-color-4)","background-image":"","background-repeat":"repeat","background-position":"center center","background-size":"auto","background-attachment":"scroll","background-type":"","background-media":"","overlay-type":"","overlay-color":"","overlay-opacity":"","overlay-gradient":""},"mobile":{"background-color":"var(--ast-global-color-4)","background-image":"","background-repeat":"repeat","background-position":"center center","background-size":"auto","background-attachment":"scroll","background-type":"","background-media":"","overlay-type":"","overlay-color":"","overlay-opacity":"","overlay-gradient":""}}},"product_brand":[290],"product_cat":[502],"product_tag":[146,142,145,144,147,143],"class_list":{"0":"post-485","1":"product","2":"type-product","3":"status-publish","4":"has-post-thumbnail","6":"product_brand-teflon-x","7":"product_cat-uhmwpe-flim","8":"product_tag-uhmw-polyethylene-film","9":"product_tag-uhmwpe","10":"product_tag-uhmwpe-film","11":"product_tag-uhmwpe-menbrane","12":"product_tag-upe-film","13":"product_tag-upe-menbrane","14":"desktop-align-left","15":"tablet-align-left","16":"mobile-align-left","18":"first","19":"instock","20":"shipping-taxable","21":"product-type-simple"},"_links":{"self":[{"href":"https:\/\/teflonx.com\/tr\/wp-json\/wp\/v2\/product\/485","targetHints":{"allow":["GET"]}}],"collection":[{"href":"https:\/\/teflonx.com\/tr\/wp-json\/wp\/v2\/product"}],"about":[{"href":"https:\/\/teflonx.com\/tr\/wp-json\/wp\/v2\/types\/product"}],"replies":[{"embeddable":true,"href":"https:\/\/teflonx.com\/tr\/wp-json\/wp\/v2\/comments?post=485"}],"wp:featuredmedia":[{"embeddable":true,"href":"https:\/\/teflonx.com\/tr\/wp-json\/wp\/v2\/media\/474"}],"wp:attachment":[{"href":"https:\/\/teflonx.com\/tr\/wp-json\/wp\/v2\/media?parent=485"}],"wp:term":[{"taxonomy":"product_brand","embeddable":true,"href":"https:\/\/teflonx.com\/tr\/wp-json\/wp\/v2\/product_brand?post=485"},{"taxonomy":"product_cat","embeddable":true,"href":"https:\/\/teflonx.com\/tr\/wp-json\/wp\/v2\/product_cat?post=485"},{"taxonomy":"product_tag","embeddable":true,"href":"https:\/\/teflonx.com\/tr\/wp-json\/wp\/v2\/product_tag?post=485"}],"curies":[{"name":"wp","href":"https:\/\/api.w.org\/{rel}","templated":true}]}}