{"id":499,"date":"2025-04-01T16:09:45","date_gmt":"2025-04-01T16:09:45","guid":{"rendered":"https:\/\/teflonx.com\/?post_type=product&#038;p=499"},"modified":"2026-01-01T14:26:30","modified_gmt":"2026-01-01T14:26:30","slug":"tibbi-sinif-skived-ptfe-film","status":"publish","type":"product","link":"https:\/\/teflonx.com\/tr\/product\/tibbi-sinif-skived-ptfe-film\/","title":{"rendered":"Steril Filtrasyon ve \u0130mplant Kaplamalar\u0131 i\u00e7in T\u0131bbi S\u0131n\u0131f Kesilmi\u015f PTFE Film"},"content":{"rendered":"<div class=\"product-description\">\n<h2>Steril Filtrasyon ve \u0130mplant Kaplamalar\u0131 i\u00e7in T\u0131bbi S\u0131n\u0131f Skived PTFE Film<\/h2>\n<p>Ho\u015f geldiniz <strong>teflon X<\/strong>y\u00fcksek performansl\u0131 floropolimer \u00e7\u00f6z\u00fcmlerinde g\u00fcvenilir bir yenilik\u00e7idir. \u00d6nde gelen \u00fcr\u00fcnlerimizi sunmaktan gurur duyuyoruz <strong>T\u0131bbi S\u0131n\u0131f Skived PTFE Film<\/strong>sa\u011fl\u0131k, ila\u00e7 ve biyoteknoloji end\u00fcstrilerinin kritik talepleri i\u00e7in \u00f6zel olarak tasarlanm\u0131\u015f bir malzemedir. \u00dcst\u00fcn biyouyumlulu\u011fu hassas mikro g\u00f6zenekli yap\u0131larla birle\u015ftiren <strong>PTFE kesilmi\u015f film<\/strong> steril filtrasyon ve implante edilebilir cihazlarda g\u00fcvenlik ve g\u00fcvenilirlik standard\u0131n\u0131 belirler.<\/p>\n<h3>T\u0131bbi S\u0131n\u0131f Skived PTFE'ye Giri\u015f<\/h3>\n<p><strong>Skived film<\/strong> y\u00fcksek safl\u0131kta, sinterlenmi\u015f bir PTFE k\u00fct\u00fc\u011f\u00fcnden ince katmanlar\u0131n t\u0131ra\u015fland\u0131\u011f\u0131 titiz bir i\u015flemle \u00fcretilir. Bu teknik, ola\u011fan\u00fcst\u00fc homojenli\u011fe ve y\u00fczey d\u00fczg\u00fcnl\u00fc\u011f\u00fcne sahip bir malzeme olu\u015fturur. Standart end\u00fcstriyel s\u0131n\u0131flar\u0131n aksine, t\u0131bbi s\u0131n\u0131f <strong>PTFE kesilmi\u015f<\/strong> malzemeler, s\u0131k\u0131 temizlik ve safl\u0131k standartlar\u0131n\u0131 kar\u015f\u0131lad\u0131klar\u0131ndan emin olmak i\u00e7in kontroll\u00fc ortamlarda \u00fcretilmektedir.<\/p>\n<p>Teflon X olarak, t\u0131bbi uygulamalar\u0131n hataya yer b\u0131rakmad\u0131\u011f\u0131n\u0131 biliyoruz. Bizim <strong>skived PTFE<\/strong> insan dokusu ve agresif sterilizasyon i\u015flemleriyle uyumlu, kimyasal olarak inert, toksik olmayan bir bariyer sunarak d\u00fcnya \u00e7ap\u0131nda m\u00fchendisler ve t\u0131bbi cihaz \u00fcreticileri i\u00e7in tercih edilen bir malzeme haline getirir.<\/p>\n<h3>Temel \u00d6zellikler ve Biyouyumluluk<\/h3>\n<p>Bizim <strong>PTFE kesilmi\u015f film<\/strong> en zorlu ko\u015fullar alt\u0131nda performans g\u00f6sterecek \u015fekilde tasarlanm\u0131\u015ft\u0131r. T\u0131bbi uygulamalar i\u00e7in gerekli olan \u00f6zelliklerin benzersiz bir kombinasyonunu sunar:<\/p>\n<ul>\n<li><strong>E\u015fsiz Biyouyumluluk:<\/strong> Kimyasal olarak inert ve toksik olmayan malzeme, v\u00fccut s\u0131v\u0131lar\u0131 veya farmas\u00f6tik bile\u015fiklerle reaksiyona girmemesini sa\u011flar. Hassas biyolojik ortamlarla temas i\u00e7in idealdir.<\/li>\n<li><strong>Mikro G\u00f6zenekli Yap\u0131:<\/strong> Bu film, 0,02 ila 15 \u03bcm aras\u0131nda de\u011fi\u015fen kontroll\u00fc g\u00f6zenek boyutuyla bakteri ve partik\u00fcllere kar\u015f\u0131 etkili bir bariyer g\u00f6revi g\u00f6r\u00fcrken, steril paketleme ve filtreleme i\u00e7in \u00e7ok \u00f6nemli olan gaz tahliyesine izin verir.<\/li>\n<li><strong>FDA ve Mevzuata Uygunluk:<\/strong> Bizim <strong>yontulmu\u015f teflon<\/strong> (PTFE) malzemeler, g\u0131da ve ila\u00e7 temas\u0131 i\u00e7in FDA d\u00fczenlemelerine uygun olarak \u00fcretilir ve farmas\u00f6tik i\u015flemede g\u00fcvenli\u011fi sa\u011flar.<\/li>\n<li><strong>Sterilizasyon Stabilitesi:<\/strong> Film h\u0131zl\u0131 termal d\u00f6ng\u00fcye dayan\u0131r ve Otoklavlama, Etilen Oksit (EtO) ve Gama Radyasyonu dahil olmak \u00fczere t\u00fcm standart sterilizasyon y\u00f6ntemleriyle uyumludur.<\/li>\n<li><strong>UV ve Kimyasal Diren\u00e7:<\/strong> UV radyasyonuna ve neredeyse t\u00fcm kimyasallara kar\u015f\u0131 son derece dayan\u0131kl\u0131d\u0131r, sert dezenfektanlara maruz kald\u0131\u011f\u0131nda veya uzun s\u00fcre sakland\u0131\u011f\u0131nda bile uzun s\u00fcreli stabilite sa\u011flar.<\/li>\n<\/ul>\n<h3>Sa\u011fl\u0131k Hizmetlerinde Kritik Uygulamalar<\/h3>\n<p>\u00c7ok y\u00f6nl\u00fcl\u00fc\u011f\u00fc <strong>k\u0131rp\u0131lm\u0131\u015f film<\/strong> geni\u015f bir t\u0131bbi teknoloji yelpazesinde kullan\u0131lmas\u0131na olanak tan\u0131r:<\/p>\n<ul>\n<li><strong>\u0130mplant Kaplamalar\u0131:<\/strong> D\u00fc\u015f\u00fck s\u00fcrt\u00fcnme ve inert do\u011fas\u0131 nedeniyle, <strong>PTFE kesilmi\u015f<\/strong> katmanlar t\u0131bbi implantlar\u0131 kaplamak i\u00e7in kullan\u0131l\u0131r, s\u00fcrt\u00fcnmeyi azalt\u0131r ve doku yap\u0131\u015fmas\u0131n\u0131 veya ba\u011f\u0131\u015f\u0131kl\u0131k reddini \u00f6nler.<\/li>\n<li><strong>Steril Filtrasyon Sistemleri:<\/strong> Filmin mikro g\u00f6zenekli yap\u0131s\u0131, IV setlerdeki, d\u00f6n\u00fc\u015ft\u00fcr\u00fcc\u00fc koruyuculardaki ve idrar torbalar\u0131ndaki havaland\u0131rma filtreleri i\u00e7in m\u00fckemmeldir, s\u0131v\u0131lar\u0131 ve bakterileri engellerken havan\u0131n ge\u00e7mesine izin verir.<\/li>\n<li><strong>\u0130la\u00e7 Da\u011f\u0131t\u0131m Sistemleri:<\/strong> Transdermal bantlarda ve ila\u00e7 g\u00fcc\u00fcn\u00fc korumak i\u00e7in hassas kimyasal uyumlulu\u011fun gerekli oldu\u011fu di\u011fer ila\u00e7 da\u011f\u0131t\u0131m mekanizmalar\u0131nda kullan\u0131l\u0131r.<\/li>\n<li><strong>Te\u015fhis Ekipman\u0131:<\/strong> Numune kontaminasyonunun ortadan kald\u0131r\u0131lmas\u0131 gereken te\u015fhis makinelerinde y\u00fcksek safl\u0131kta bir conta veya s\u0131zd\u0131rmazl\u0131k g\u00f6revi g\u00f6r\u00fcr.<\/li>\n<\/ul>\n<h3>Teknik \u00d6zellikler<\/h3>\n<p>Medikal S\u0131n\u0131f\u0131m\u0131z i\u00e7in teknik parametreler a\u015fa\u011f\u0131dad\u0131r <strong>PTFE Kesilmi\u015f Film<\/strong>. Teflon X, \u00f6zel cihaz gereksinimlerinizi kar\u015f\u0131lamak i\u00e7in bu \u00f6zellikleri \u00f6zelle\u015ftirebilir.<\/p>\n<table style=\"width: 100%; border-collapse: collapse; margin-bottom: 20px;\" border=\"1\">\n<thead>\n<tr style=\"background-color: #f8f9fa;\">\n<th style=\"padding: 12px; text-align: left;\">M\u00fclk<\/th>\n<th style=\"padding: 12px; text-align: left;\">\u00d6zellikler \/ De\u011fer<\/th>\n<\/tr>\n<\/thead>\n<tbody>\n<tr>\n<td style=\"padding: 10px;\">Malzeme T\u00fcr\u00fc<\/td>\n<td style=\"padding: 10px;\">T\u0131bbi S\u0131n\u0131f Virgin PTFE<\/td>\n<\/tr>\n<tr>\n<td style=\"padding: 10px;\">G\u00f6zenek Boyutu Aral\u0131\u011f\u0131<\/td>\n<td style=\"padding: 10px;\">0,02 \u03bcm - 15 \u03bcm (\u00d6zelle\u015ftirilebilir g\u00f6zeneklilik)<\/td>\n<\/tr>\n<tr>\n<td style=\"padding: 10px;\">S\u0131cakl\u0131k Direnci<\/td>\n<td style=\"padding: 10px;\">-200\u00b0C ila +260\u00b0C (Otoklav alt\u0131nda kararl\u0131)<\/td>\n<\/tr>\n<tr>\n<td style=\"padding: 10px;\">Kal\u0131nl\u0131k<\/td>\n<td style=\"padding: 10px;\">0,001\u2033 ila 0,125\u2033 (0,025 mm - 3 mm)<\/td>\n<\/tr>\n<tr>\n<td style=\"padding: 10px;\">\u00c7ekme Dayan\u0131m\u0131<\/td>\n<td style=\"padding: 10px;\">\u2265 25 MPa (MD)<\/td>\n<\/tr>\n<tr>\n<td style=\"padding: 10px;\">Biyouyumluluk<\/td>\n<td style=\"padding: 10px;\">USP S\u0131n\u0131f VI Uyumlu, Sitotoksisite Testli<\/td>\n<\/tr>\n<tr>\n<td style=\"padding: 10px;\">Sterilizasyon Uyumlulu\u011fu<\/td>\n<td style=\"padding: 10px;\">Buhar (Otoklav), E-Beam, EtO, Gama<\/td>\n<\/tr>\n<tr>\n<td style=\"padding: 10px;\">Kimyasal Diren\u00e7<\/td>\n<td style=\"padding: 10px;\">pH 0-14'e kadar inert<\/td>\n<\/tr>\n<tr>\n<td style=\"padding: 10px;\">Su emilimi<\/td>\n<td style=\"padding: 10px;\">&lt; 0,01% (Hidrofobik)<\/td>\n<\/tr>\n<\/tbody>\n<\/table>\n<h3>Neden Teflon X ile \u0130\u015f Orta\u011f\u0131 Olmal\u0131s\u0131n\u0131z?<\/h3>\n<p>Kaynak sa\u011flarken <strong>yontulmu\u015f ptfe<\/strong> t\u0131bbi uygulamalar i\u00e7in kalite g\u00fcvencesi \u00e7ok \u00f6nemlidir. At <strong>teflon X<\/strong>her bir rulonun daha kaliteli olmas\u0131n\u0131 sa\u011flamak i\u00e7in titiz kalite kontrol \u00f6nlemleri uyguluyoruz. <strong>PTFE kesilmi\u015f film<\/strong> m\u00fchendisleriniz taraf\u0131ndan istenen tam kal\u0131nl\u0131k, g\u00f6zeneklilik ve safl\u0131k spesifikasyonlar\u0131n\u0131 kar\u015f\u0131lar.<\/p>\n<p>\u0130ster \u015fu \u015fekilde adland\u0131r\u0131n <strong>yontulmu\u015f teflon<\/strong> veya hassas PTFE bantlar i\u00e7in ekibimiz, yasal engelleri a\u015fman\u0131za yard\u0131mc\u0131 olmak i\u00e7in tam izlenebilirlik ve teknik destek sa\u011flar. \u00dcretim s\u00fcrecinize sorunsuz bir \u015fekilde entegre olabilmeniz i\u00e7in dilme, kal\u0131p kesim ve y\u00fczey i\u015fleme se\u00e7enekleri sunuyoruz.<\/p>\n<h3>Medikal \u00c7\u00f6z\u00fcmler \u0130\u00e7in Bize Ula\u015f\u0131n<\/h3>\n<p>Y\u00fcksek safl\u0131kta t\u0131bbi cihazlar\u0131n\u0131z\u0131n g\u00fcvenli\u011fini ve performans\u0131n\u0131 sa\u011flay\u0131n <strong>PTFE kesilmi\u015f film<\/strong> Numuneler, teknik veri sayfalar\u0131 veya \u00f6zel bir fiyat teklifi i\u00e7in bug\u00fcn \u00f6zel sat\u0131\u015f ekibimizle ileti\u015fime ge\u00e7in.<\/p>\n<p><strong>E-posta:<\/strong> <a href=\"mailto:allison.ye@teflonx.com\">allison.ye@teflonx.com<\/a><br \/>\n<strong>Teklif \u0130steyin:<\/strong> <a href=\"https:\/\/teflonx.com\/tr\/bize-ulasin\/\" target=\"_blank\" rel=\"noopener\">Teflon X Ekibi ile \u0130leti\u015fime Ge\u00e7in<\/a><br \/>\n<strong>Web Sitemizi Ziyaret Edin:<\/strong> <a href=\"https:\/\/teflonx.com\/tr\/\" target=\"_blank\" rel=\"noopener\">https:\/\/teflonx.com\/<\/a><\/p>\n<\/div>","protected":false},"excerpt":{"rendered":"<p>T\u0131bbi s\u0131n\u0131f Skived PTFE Film, biyouyumluluk ve mikro g\u00f6zenekli filtrasyonu (0,02\u201315 \u03bcm g\u00f6zenek boyutu) bir araya getirerek s\u0131k\u0131 farmas\u00f6tik standartlar\u0131 kar\u015f\u0131lar. Toksik olmayan malzeme, ila\u00e7 verme sistemlerinde ve implant kaplamalar\u0131nda kullan\u0131l\u0131r ve sterilizasyon alt\u0131nda kimyasal inertlik ve termal stabilite sa\u011flar.<br \/>\n<strong>Temel \u00d6zellikler<\/strong>: UV \u0131\u015f\u0131nlar\u0131na dayan\u0131kl\u0131d\u0131r, FDA uyumludur ve h\u0131zl\u0131 \u0131s\u0131l d\u00f6ng\u00fcye uyumludur.<\/p>","protected":false},"featured_media":495,"comment_status":"open","ping_status":"closed","template":"","meta":{"site-sidebar-layout":"default","site-content-layout":"","ast-site-content-layout":"default","site-content-style":"default","site-sidebar-style":"default","ast-global-header-display":"","ast-banner-title-visibility":"","ast-main-header-display":"","ast-hfb-above-header-display":"","ast-hfb-below-header-display":"","ast-hfb-mobile-header-display":"","site-post-title":"","ast-breadcrumbs-content":"","ast-featured-img":"","footer-sml-layout":"","ast-disable-related-posts":"","theme-transparent-header-meta":"default","adv-header-id-meta":"","stick-header-meta":"","header-above-stick-meta":"","header-main-stick-meta":"","header-below-stick-meta":"","astra-migrate-meta-layouts":"set","ast-page-background-enabled":"default","ast-page-background-meta":{"desktop":{"background-color":"var(--ast-global-color-5)","background-image":"","background-repeat":"repeat","background-position":"center center","background-size":"auto","background-attachment":"scroll","background-type":"","background-media":"","overlay-type":"","overlay-color":"","overlay-opacity":"","overlay-gradient":""},"tablet":{"background-color":"","background-image":"","background-repeat":"repeat","background-position":"center center","background-size":"auto","background-attachment":"scroll","background-type":"","background-media":"","overlay-type":"","overlay-color":"","overlay-opacity":"","overlay-gradient":""},"mobile":{"background-color":"","background-image":"","background-repeat":"repeat","background-position":"center center","background-size":"auto","background-attachment":"scroll","background-type":"","background-media":"","overlay-type":"","overlay-color":"","overlay-opacity":"","overlay-gradient":""}},"ast-content-background-meta":{"desktop":{"background-color":"var(--ast-global-color-4)","background-image":"","background-repeat":"repeat","background-position":"center center","background-size":"auto","background-attachment":"scroll","background-type":"","background-media":"","overlay-type":"","overlay-color":"","overlay-opacity":"","overlay-gradient":""},"tablet":{"background-color":"var(--ast-global-color-4)","background-image":"","background-repeat":"repeat","background-position":"center center","background-size":"auto","background-attachment":"scroll","background-type":"","background-media":"","overlay-type":"","overlay-color":"","overlay-opacity":"","overlay-gradient":""},"mobile":{"background-color":"var(--ast-global-color-4)","background-image":"","background-repeat":"repeat","background-position":"center center","background-size":"auto","background-attachment":"scroll","background-type":"","background-media":"","overlay-type":"","overlay-color":"","overlay-opacity":"","overlay-gradient":""}}},"product_brand":[290],"product_cat":[44],"product_tag":[152,148,151,149,150],"class_list":{"0":"post-499","1":"product","2":"type-product","3":"status-publish","4":"has-post-thumbnail","6":"product_brand-teflon-x","7":"product_cat-ptfe-film","8":"product_tag-ptfe-skived","9":"product_tag-ptfe-skived-film","10":"product_tag-skived-film","11":"product_tag-skived-ptfe","12":"product_tag-skived-teflon","13":"desktop-align-left","14":"tablet-align-left","15":"mobile-align-left","17":"first","18":"instock","19":"shipping-taxable","20":"product-type-simple"},"_links":{"self":[{"href":"https:\/\/teflonx.com\/tr\/wp-json\/wp\/v2\/product\/499","targetHints":{"allow":["GET"]}}],"collection":[{"href":"https:\/\/teflonx.com\/tr\/wp-json\/wp\/v2\/product"}],"about":[{"href":"https:\/\/teflonx.com\/tr\/wp-json\/wp\/v2\/types\/product"}],"replies":[{"embeddable":true,"href":"https:\/\/teflonx.com\/tr\/wp-json\/wp\/v2\/comments?post=499"}],"wp:featuredmedia":[{"embeddable":true,"href":"https:\/\/teflonx.com\/tr\/wp-json\/wp\/v2\/media\/495"}],"wp:attachment":[{"href":"https:\/\/teflonx.com\/tr\/wp-json\/wp\/v2\/media?parent=499"}],"wp:term":[{"taxonomy":"product_brand","embeddable":true,"href":"https:\/\/teflonx.com\/tr\/wp-json\/wp\/v2\/product_brand?post=499"},{"taxonomy":"product_cat","embeddable":true,"href":"https:\/\/teflonx.com\/tr\/wp-json\/wp\/v2\/product_cat?post=499"},{"taxonomy":"product_tag","embeddable":true,"href":"https:\/\/teflonx.com\/tr\/wp-json\/wp\/v2\/product_tag?post=499"}],"curies":[{"name":"wp","href":"https:\/\/api.w.org\/{rel}","templated":true}]}}