{"id":592,"date":"2025-04-08T13:41:49","date_gmt":"2025-04-08T13:41:49","guid":{"rendered":"https:\/\/teflonx.com\/?post_type=product&#038;p=592"},"modified":"2025-12-29T01:05:49","modified_gmt":"2025-12-29T01:05:49","slug":"ozel-ptfe-teflon-boru","status":"publish","type":"product","link":"https:\/\/teflonx.com\/tr\/product\/ozel-ptfe-teflon-boru\/","title":{"rendered":"\u00d6zel PTFE Teflon Boru | End\u00fcstriyel So\u011futma i\u00e7in Korozyona Dayan\u0131kl\u0131 Hortum"},"content":{"rendered":"<h2>\u00d6zel PTFE Teflon Boru | End\u00fcstriyel So\u011futma i\u00e7in Korozyona Dayan\u0131kl\u0131 Hortum<\/h2>\n<p>Ho\u015f geldiniz <strong><a href=\"https:\/\/teflonx.com\/tr\/\" target=\"_blank\" rel=\"noopener\">Teflon X<\/a><\/strong>, geli\u015fmi\u015f ak\u0131\u015fkan transfer teknolojilerinde k\u00fcresel bir liderdir. End\u00fcstriyel \u00fcretim ve g\u00fc\u00e7 elektroni\u011finin zorlu d\u00fcnyas\u0131nda, verimli termal y\u00f6netim, uzun \u00f6m\u00fcrl\u00fcl\u00fck ve performans\u0131n anahtar\u0131d\u0131r. Bizim <strong>\u00d6zel PTFE Teflon Hortumlar\u0131m\u0131z<\/strong> y\u00fcksek performansl\u0131 end\u00fcstriyel so\u011futma sistemlerinin temel dire\u011fi olarak hizmet etmek \u00fczere \u00f6zel olarak tasarlanm\u0131\u015ft\u0131r. Uzmanla\u015fm\u0131\u015f bir <strong>PTFE boru \u00fcreticisi<\/strong>\u00fcretici olarak, en zorlu operasyonel ortamlara dayanan hortumlar sunmak i\u00e7in malzeme bilimini hassas m\u00fchendislikle birle\u015ftiriyoruz.<\/p>\n<p>Standart kau\u00e7uk veya PVC hortumlar; agresif so\u011futuculara, a\u015f\u0131r\u0131 \u0131s\u0131ya veya s\u00fcrekli titre\u015fime maruz kald\u0131klar\u0131nda genellikle ar\u0131zalan\u0131r. Bizim <strong>PTFE astarl\u0131 hortum<\/strong> \u00e7\u00f6z\u00fcmlerimiz bu ar\u0131za noktalar\u0131n\u0131 ortadan kald\u0131rmak \u00fczere tasarlanm\u0131\u015ft\u0131r; makineler, kimyasal i\u015fleme ve yar\u0131 iletken so\u011futma uygulamalar\u0131 i\u00e7in bak\u0131m gerektirmeyen bir \u00e7\u00f6z\u00fcm sunar.<\/p>\n<h3>Politetrafloroetilen Avantaj\u0131<\/h3>\n<p>\u00dcr\u00fcn hatt\u0131m\u0131z\u0131n temelini y\u00fcksek kaliteli <strong>politetrafloroetilen boru<\/strong> (PTFE) olu\u015fturur. Bu malzeme, ola\u011fan\u00fcst\u00fc kimyasal atalet \u00f6zelli\u011fi ile bilinir. End\u00fcstriyel so\u011futma devrelerinde, s\u0131cakl\u0131\u011f\u0131 d\u00fczenlemek i\u00e7in deiyonize su ve glikol kar\u0131\u015f\u0131mlar\u0131ndan dielektrik s\u0131v\u0131lara kadar \u00e7e\u015fitli so\u011futucular kullan\u0131l\u0131r. Bizim <strong>ptfe teflon boru<\/strong> \u00fcr\u00fcn\u00fcm\u00fcz bu s\u0131v\u0131lara kar\u015f\u0131 tamamen reaktif de\u011fildir; so\u011futucunuzun saf kalmas\u0131n\u0131 ve hortumunuzun asla korozyona u\u011framamas\u0131n\u0131 veya bozulmamas\u0131n\u0131 sa\u011flar.<\/p>\n<p>Ayr\u0131ca, \u00fcr\u00fcn\u00fcn <strong>PTFE boru<\/strong> p\u00fcr\u00fczs\u00fcz i\u00e7 y\u00fczeyi, minimum s\u00fcrt\u00fcnme kayb\u0131 ile optimum ak\u0131\u015f h\u0131zlar\u0131n\u0131 sa\u011flar. Bu verimlilik, a\u015f\u0131r\u0131 \u0131s\u0131nmay\u0131 \u00f6nlemek i\u00e7in belirli bir ak\u0131\u015f h\u0131z\u0131n\u0131n korunmas\u0131n\u0131n gerekli oldu\u011fu g\u00fc\u00e7 elektroni\u011findeki s\u0131v\u0131 so\u011futma i\u00e7in kritiktir.<\/p>\n<h3>Takviyeli Dayan\u0131kl\u0131l\u0131k: Paslanmaz \u00c7elik \u00d6rg\u00fcl\u00fc Teflon Hortum<\/h3>\n<p>PTFE'nin kimyasal direnci e\u015fsiz olsa da, end\u00fcstriyel ortamlar genellikle ek mekanik dayan\u0131kl\u0131l\u0131k gerektirir. Bu nedenle, <strong>paslanmaz \u00e7elik \u00f6rg\u00fcl\u00fc teflon hortum<\/strong>se\u00e7ene\u011fini sunuyoruz. \u0130\u00e7 <strong>esnek ptfe boru<\/strong> k\u0131sm\u0131n\u0131 y\u00fcksek mukavemetli paslanmaz \u00e7elik bir \u00f6rg\u00fc ile sarmalayarak, hortumun bas\u0131n\u00e7 direncini \u00f6nemli \u00f6l\u00e7\u00fcde art\u0131r\u0131yoruz.<\/p>\n<p>Bu metal \u00f6rg\u00fc iki kritik i\u015flevi yerine getirir:<\/p>\n<ul>\n<li><strong>Bas\u0131n\u00e7 Muhafazas\u0131:<\/strong> Hortumun genle\u015fmeden veya patlamadan y\u00fcksek bas\u0131n\u00e7l\u0131 so\u011futucu sirk\u00fclasyonunu y\u00f6netmesine olanak tan\u0131r.<\/li>\n<li><strong>Fiziksel Koruma:<\/strong> \u0130\u00e7 <strong>teflon boru<\/strong> k\u0131sm\u0131n\u0131 fabrika ortamlar\u0131nda yayg\u0131n olan d\u0131\u015f a\u015f\u0131nmalardan, kesilmelerden ve \u00e7evresel y\u0131pranmalardan korur.<\/li>\n<\/ul>\n<h3>Teknik \u00d6zellikler<\/h3>\n<p>\u015eu anda <strong>Teflon X<\/strong>, \u015feffafl\u0131\u011fa ve hassasiyete inan\u0131yoruz. A\u015fa\u011f\u0131da, sisteminiz i\u00e7in m\u00fckemmel uyumu se\u00e7ebilmenizi sa\u011flayan standart ve \u00f6zel so\u011futma hortumlar\u0131m\u0131z\u0131n teknik parametreleri yer almaktad\u0131r.<\/p>\n<table style=\"border-collapse: collapse; width: 100%; border: 1px solid #ddd; margin-bottom: 25px;\">\n<tbody>\n<tr style=\"background-color: #f9f9f9;\">\n<td style=\"padding: 12px; border: 1px solid #ddd;\"><strong>Marka<\/strong><\/td>\n<td style=\"padding: 12px; border: 1px solid #ddd;\">Teflon X<\/td>\n<\/tr>\n<tr>\n<td style=\"padding: 12px; border: 1px solid #ddd;\"><strong>Malzeme<\/strong><\/td>\n<td style=\"padding: 12px; border: 1px solid #ddd;\">Ptfe \/ politetrafloroetilen<\/td>\n<\/tr>\n<tr style=\"background-color: #f9f9f9;\">\n<td style=\"padding: 12px; border: 1px solid #ddd;\"><strong>Boru \u0130\u00e7 \u00c7ap\u0131 (ID)<\/strong><\/td>\n<td style=\"padding: 12px; border: 1px solid #ddd;\">6.3 ~ 25.4mm<\/td>\n<\/tr>\n<tr>\n<td style=\"padding: 12px; border: 1px solid #ddd;\"><strong>S\u0131cakl\u0131k Aral\u0131\u011f\u0131<\/strong><\/td>\n<td style=\"padding: 12px; border: 1px solid #ddd;\">-70 ~ +260\u00b0C<\/td>\n<\/tr>\n<tr style=\"background-color: #f9f9f9;\">\n<td style=\"padding: 12px; border: 1px solid #ddd;\"><strong>\u00d6zellikler<\/strong><\/td>\n<td style=\"padding: 12px; border: 1px solid #ddd;\">Korozyon direnci, y\u00fcksek ve d\u00fc\u015f\u00fck s\u0131cakl\u0131k direnci, y\u00fcksek bas\u0131n\u00e7 direnci, yumu\u015fak<\/td>\n<\/tr>\n<\/tbody>\n<\/table>\n<h3>Rakipsiz Termal Kararl\u0131l\u0131k<\/h3>\n<p>End\u00fcstriyel makineler genellikle a\u015f\u0131r\u0131 termal d\u00f6ng\u00fclerde \u00e7al\u0131\u015f\u0131r. \u00dcr\u00fcnlerimizin temel bir avantaj\u0131 <strong>politetrafloroetilen boru<\/strong> geni\u015f \u00e7al\u0131\u015fma s\u0131cakl\u0131\u011f\u0131 aral\u0131\u011f\u0131d\u0131r. Spesifikasyonlarda belirtildi\u011fi gibi, \u00fcr\u00fcnlerimiz -70\u00b0C'den +260\u00b0C'ye kadar etkili bir \u015fekilde i\u015flev g\u00f6r\u00fcr. Bu, ayn\u0131 \u00fcr\u00fcn\u00fcn <strong>PTFE boru<\/strong> esnekli\u011fini kaybetmeden veya \u00e7atlamadan kriyojenik so\u011futma uygulamalar\u0131 ve y\u00fcksek s\u0131cakl\u0131kl\u0131 \u0131s\u0131 de\u011fi\u015fim s\u00fcre\u00e7leri i\u00e7in kullan\u0131labilece\u011fi anlam\u0131na gelir.<\/p>\n<h3>\u00d6zelle\u015ftirme ve Uyumluluk<\/h3>\n<p>Her end\u00fcstriyel kurulum benzersizdir. Bu nedenle <strong>Teflon X<\/strong> kapsaml\u0131 \u00f6zelle\u015ftirme se\u00e7enekleri sunar. \u0130ster belirli bir uzunlu\u011fa, ister \u00f6zel ba\u011flant\u0131 par\u00e7alar\u0131na veya g\u0131da ve ila\u00e7 i\u015fleme ekipmanlar\u0131 i\u00e7in FDA uyumlu s\u0131n\u0131flara ihtiyac\u0131n\u0131z olsun, tedarik edebiliriz.<\/p>\n<p>Bizim <strong>esnek ptfe boru<\/strong> parametrelerimizde \u201cyumu\u015fak\u201d olarak tan\u0131mlanm\u0131\u015ft\u0131r ve bu da esnekli\u011fini vurgular. Bu esneklik, karma\u015f\u0131k makinelerin veya elektronik kabinlerin i\u00e7indeki dar alanlarda kolay kuruluma olanak tan\u0131yarak kurulum s\u00fcresini azalt\u0131r ve ba\u011flant\u0131 noktalar\u0131ndaki gerilimi ortadan kald\u0131r\u0131r.<\/p>\n<h3>Neden Teflon X ile \u0130\u015f Orta\u011f\u0131 Olmal\u0131s\u0131n\u0131z?<\/h3>\n<p><strong>1. Malzeme Safl\u0131\u011f\u0131:<\/strong> \u00dcr\u00fcnlerimizi \u00fcretmek i\u00e7in yaln\u0131zca birinci s\u0131n\u0131f re\u00e7ineler kullan\u0131yoruz <strong>ptfe teflon boru<\/strong>, bu da tutarl\u0131 et kal\u0131nl\u0131\u011f\u0131 ve performans sa\u011flar.<br \/>\n<strong>2. M\u00fchendislik Deste\u011fi:<\/strong> Ekibimiz ak\u0131\u015fkanlar dinami\u011finin inceliklerini anlar ve do\u011fru se\u00e7imi yapman\u0131za yard\u0131mc\u0131 olabilir <strong>PTFE astarl\u0131 hortum<\/strong> \u00f6zel bas\u0131n\u00e7 ve s\u0131cakl\u0131k gereksinimleriniz i\u00e7in.<br \/>\n<strong>3. K\u00fcresel Standartlar:<\/strong> \u00dcretim s\u00fcre\u00e7lerimiz s\u0131k\u0131 kalite kontrol\u00fcne tabidir ve otomotivden kimyasal i\u015flemeye kadar \u00e7e\u015fitli sekt\u00f6rler i\u00e7in g\u00fcvenilir performans sa\u011flar.<\/p>\n<h3>Teklif \u0130\u00e7in Bizimle \u0130leti\u015fime Ge\u00e7in<\/h3>\n<p>End\u00fcstriyel so\u011futma sistemlerinizi \u015fu \u00fcr\u00fcnlerin dayan\u0131kl\u0131l\u0131\u011f\u0131 ve g\u00fcvenilirli\u011fi ile optimize edin: <strong>Teflon X<\/strong> \u00fcr\u00fcnleri. Proje gereksinimlerinizi g\u00f6r\u00fc\u015fmek i\u00e7in bug\u00fcn bizimle ileti\u015fime ge\u00e7in.<\/p>\n<p><strong>E-posta:<\/strong> <a href=\"mailto:allison.ye@teflonx.com\">allison.ye@teflonx.com<\/a><br \/>\n<strong>Web sitesi:<\/strong> <a href=\"https:\/\/teflonx.com\/tr\/\" target=\"_blank\" rel=\"noopener\">https:\/\/teflonx.com\/<\/a><br \/>\n<strong>\u0130leti\u015fim Sayfas\u0131:<\/strong> <a href=\"https:\/\/teflonx.com\/tr\/bize-ulasin\/\" target=\"_blank\" rel=\"noopener\">Buradan Teklif \u0130steyin<\/a><\/p>","protected":false},"excerpt":{"rendered":"<p>\u00d6zel PTFE Teflon borular\u0131, kimyasal inertlik ve termal stabilite sunarak end\u00fcstriyel so\u011futma sistemleri i\u00e7in tasarlanm\u0131\u015ft\u0131r. Metal \u00f6rg\u00fcl\u00fc se\u00e7enekler, makine ve g\u00fc\u00e7 elektroni\u011fi i\u00e7in s\u0131v\u0131 so\u011futma devrelerinde bas\u0131n\u00e7 direncini art\u0131r\u0131r. \u00c7e\u015fitli sekt\u00f6rler i\u00e7in FDA uyumlu s\u0131n\u0131flarda mevcuttur.<\/p>","protected":false},"featured_media":593,"comment_status":"open","ping_status":"closed","template":"","meta":{"site-sidebar-layout":"default","site-content-layout":"","ast-site-content-layout":"default","site-content-style":"default","site-sidebar-style":"default","ast-global-header-display":"","ast-banner-title-visibility":"","ast-main-header-display":"","ast-hfb-above-header-display":"","ast-hfb-below-header-display":"","ast-hfb-mobile-header-display":"","site-post-title":"","ast-breadcrumbs-content":"","ast-featured-img":"","footer-sml-layout":"","ast-disable-related-posts":"","theme-transparent-header-meta":"default","adv-header-id-meta":"","stick-header-meta":"","header-above-stick-meta":"","header-main-stick-meta":"","header-below-stick-meta":"","astra-migrate-meta-layouts":"set","ast-page-background-enabled":"default","ast-page-background-meta":{"desktop":{"background-color":"var(--ast-global-color-5)","background-image":"","background-repeat":"repeat","background-position":"center center","background-size":"auto","background-attachment":"scroll","background-type":"","background-media":"","overlay-type":"","overlay-color":"","overlay-opacity":"","overlay-gradient":""},"tablet":{"background-color":"","background-image":"","background-repeat":"repeat","background-position":"center center","background-size":"auto","background-attachment":"scroll","background-type":"","background-media":"","overlay-type":"","overlay-color":"","overlay-opacity":"","overlay-gradient":""},"mobile":{"background-color":"","background-image":"","background-repeat":"repeat","background-position":"center center","background-size":"auto","background-attachment":"scroll","background-type":"","background-media":"","overlay-type":"","overlay-color":"","overlay-opacity":"","overlay-gradient":""}},"ast-content-background-meta":{"desktop":{"background-color":"var(--ast-global-color-4)","background-image":"","background-repeat":"repeat","background-position":"center center","background-size":"auto","background-attachment":"scroll","background-type":"","background-media":"","overlay-type":"","overlay-color":"","overlay-opacity":"","overlay-gradient":""},"tablet":{"background-color":"var(--ast-global-color-4)","background-image":"","background-repeat":"repeat","background-position":"center center","background-size":"auto","background-attachment":"scroll","background-type":"","background-media":"","overlay-type":"","overlay-color":"","overlay-opacity":"","overlay-gradient":""},"mobile":{"background-color":"var(--ast-global-color-4)","background-image":"","background-repeat":"repeat","background-position":"center center","background-size":"auto","background-attachment":"scroll","background-type":"","background-media":"","overlay-type":"","overlay-color":"","overlay-opacity":"","overlay-gradient":""}}},"product_brand":[290],"product_cat":[40],"product_tag":[179,174,177,176,173,178,169,175],"class_list":{"0":"post-592","1":"product","2":"type-product","3":"status-publish","4":"has-post-thumbnail","6":"product_brand-teflon-x","7":"product_cat-ptfe-tubes","8":"product_tag-flexible-ptfe-tubing","9":"product_tag-polytetrafluoroethylene-tubing","10":"product_tag-ptfe-lined-hose","11":"product_tag-ptfe-teflon-tubing","12":"product_tag-ptfe-tube","13":"product_tag-ptfe-tube-manufacturer","14":"product_tag-stainless-steel-braided-teflon-hose","15":"product_tag-teflon-tubing","16":"desktop-align-left","17":"tablet-align-left","18":"mobile-align-left","20":"first","21":"instock","22":"shipping-taxable","23":"product-type-simple"},"_links":{"self":[{"href":"https:\/\/teflonx.com\/tr\/wp-json\/wp\/v2\/product\/592","targetHints":{"allow":["GET"]}}],"collection":[{"href":"https:\/\/teflonx.com\/tr\/wp-json\/wp\/v2\/product"}],"about":[{"href":"https:\/\/teflonx.com\/tr\/wp-json\/wp\/v2\/types\/product"}],"replies":[{"embeddable":true,"href":"https:\/\/teflonx.com\/tr\/wp-json\/wp\/v2\/comments?post=592"}],"wp:featuredmedia":[{"embeddable":true,"href":"https:\/\/teflonx.com\/tr\/wp-json\/wp\/v2\/media\/593"}],"wp:attachment":[{"href":"https:\/\/teflonx.com\/tr\/wp-json\/wp\/v2\/media?parent=592"}],"wp:term":[{"taxonomy":"product_brand","embeddable":true,"href":"https:\/\/teflonx.com\/tr\/wp-json\/wp\/v2\/product_brand?post=592"},{"taxonomy":"product_cat","embeddable":true,"href":"https:\/\/teflonx.com\/tr\/wp-json\/wp\/v2\/product_cat?post=592"},{"taxonomy":"product_tag","embeddable":true,"href":"https:\/\/teflonx.com\/tr\/wp-json\/wp\/v2\/product_tag?post=592"}],"curies":[{"name":"WP","href":"https:\/\/api.w.org\/{rel}","templated":true}]}}