{"id":657,"date":"2025-04-19T15:39:05","date_gmt":"2025-04-19T15:39:05","guid":{"rendered":"https:\/\/teflonx.com\/?post_type=product&#038;p=657"},"modified":"2026-01-01T14:55:32","modified_gmt":"2026-01-01T14:55:32","slug":"ptfe-yakit-hatti","status":"publish","type":"product","link":"https:\/\/teflonx.com\/tr\/product\/ptfe-yakit-hatti\/","title":{"rendered":"Kimyasal \u0130\u015fleme Tesisleri i\u00e7in PTFE Yak\u0131t Hatt\u0131"},"content":{"rendered":"<h2>Kimyasal \u0130\u015fleme Tesisleri i\u00e7in End\u00fcstriyel S\u0131n\u0131f PTFE Yak\u0131t Hatt\u0131<\/h2>\n<p>Kimyasal i\u015flemenin y\u00fcksek riskli ortam\u0131nda, s\u0131v\u0131 transfer sistemlerinizin b\u00fct\u00fcnl\u00fc\u011f\u00fc t\u00fcm operasyonunuzun g\u00fcvenli\u011fini ve verimlili\u011fini belirler. At <strong>teflon X<\/strong>en agresif end\u00fcstriyel ortamlara dayanacak \u015fekilde tasarlanm\u0131\u015f y\u00fcksek performansl\u0131 transfer \u00e7\u00f6z\u00fcmleri \u00fcretme konusunda uzman\u0131z. Bizim <strong>Kimyasal \u0130\u015fleme Tesisleri i\u00e7in PTFE Yak\u0131t Hatt\u0131<\/strong> a\u015f\u0131nd\u0131r\u0131c\u0131 kimyasallara, a\u015f\u0131r\u0131 s\u0131cakl\u0131klara ve mekanik strese kar\u015f\u0131 benzersiz diren\u00e7 sa\u011flamak \u00fczere tasarlanm\u0131\u015ft\u0131r.<\/p>\n<p>\u0130ster u\u00e7ucu solventler, ister konsantre asitler veya y\u00fcksek safl\u0131kta farmas\u00f6tik bile\u015fenler ta\u015f\u0131yor olun, geli\u015fmi\u015f <strong>ptfe oluklu yak\u0131t hortumu<\/strong> tesisinizin talep etti\u011fi g\u00fcvenilirli\u011fi sa\u011flar. Politetrafloroetilenin (PTFE) benzersiz \u00f6zelliklerini kullanarak, standart kau\u00e7uk veya metalik hortumlar\u0131n yeteneklerini \u00e7ok a\u015fan bir \u00e7\u00f6z\u00fcm sunuyoruz.<\/p>\n<h3>Teflon Yak\u0131t Hortumu Teknolojisi ile Rakipsiz Kimyasal Diren\u00e7<\/h3>\n<p>Kimya tesislerindeki ba\u015fl\u0131ca zorluk, transfer edilen ortamla reaksiyona girmeyen bir hortum malzemesi bulmakt\u0131r. Bizim <strong>teflon yak\u0131t hortumu<\/strong> neredeyse t\u00fcm end\u00fcstriyel kimyasallara, \u00e7\u00f6z\u00fcc\u00fclere ve a\u015f\u0131nd\u0131r\u0131c\u0131lara kar\u015f\u0131 kimyasal olarak inert olan birinci s\u0131n\u0131f i\u015flenmemi\u015f PTFE re\u00e7inelerinden yap\u0131lm\u0131\u015ft\u0131r. Hidroklorik ve S\u00fclf\u00fcrik asit gibi g\u00fc\u00e7l\u00fc asitlerden agresif bazlara ve hidrokarbonlara kadar <strong>PTFE yak\u0131t hatt\u0131<\/strong> s\u0131v\u0131n\u0131n saf kalmas\u0131n\u0131 ve hortum duvar\u0131n\u0131n sa\u011flam kalmas\u0131n\u0131 sa\u011flar.<\/p>\n<p>Bu kimyasal inertlik ayn\u0131 zamanda hortumlar\u0131m\u0131z\u0131n \u00e7ok ama\u00e7l\u0131 hatlar i\u00e7in ideal oldu\u011fu anlam\u0131na gelir. \u0130\u00e7 y\u00fczey yap\u0131\u015fmaz ve g\u00f6zeneksiz oldu\u011fundan, kolay temizlik ve sterilizasyon sa\u011flar. \u00c7apraz kontaminasyon riski olmadan bir kimyasal partisinden di\u011ferine ge\u00e7mek i\u00e7in genellikle tek gereken basit bir y\u0131kama i\u015flemidir; bu da parti i\u015fleme tesisleri i\u00e7in kritik bir \u00f6zelliktir.<\/p>\n<h3>Oluklu Yak\u0131t Borusu Tasar\u0131m\u0131n\u0131n Avantaj\u0131<\/h3>\n<p>Kimyasal tesislerdeki sert boru sistemleri genellikle termal genle\u015fme, a\u011f\u0131r pompalardan kaynaklanan titre\u015fim veya depolama tanklar\u0131n\u0131n \u00e7\u00f6kmesi nedeniyle ar\u0131zaya a\u00e7\u0131kt\u0131r. Bizim <strong>oluklu yak\u0131t borusu<\/strong> tasar\u0131m\u0131 bu mekanik zorluklar\u0131n \u00fcstesinden gelir. \u0130\u00e7 \u00e7ekirde\u011fin sarmal k\u0131vr\u0131m\u0131, hortum tertibat\u0131na ola\u011fan\u00fcst\u00fc esneklik kazand\u0131r\u0131r.<\/p>\n<p>Bu esneklik a\u015fa\u011f\u0131dakilere olanak tan\u0131r <strong>ptfe oluklu yak\u0131t hortumu<\/strong> y\u00fck h\u00fccreleri, pompalar ve reakt\u00f6rler gibi hassas ekipmanlar\u0131 stresten izole ederek bir titre\u015fim s\u00f6n\u00fcmleyici g\u00f6revi g\u00f6r\u00fcr. Ayr\u0131ca <strong>oluklu yak\u0131t borusu<\/strong> kendi kendini temizleme etkisi yarat\u0131r; spiral \u015fekli, partik\u00fcllerin veya viskoz malzemelerin \u00e7\u00f6kelmesini \u00f6nleyen ak\u0131\u015f t\u00fcrb\u00fclans\u0131n\u0131n korunmas\u0131na yard\u0131mc\u0131 olarak zorlu ortamlarda bile tutarl\u0131 ak\u0131\u015f h\u0131zlar\u0131 sa\u011flar.<\/p>\n<h3>Zorlu Ko\u015fullar Alt\u0131nda Dayan\u0131kl\u0131l\u0131k<\/h3>\n<p>G\u00fcvenlik her \u015feyden \u00f6nemlidir <strong>teflon X<\/strong>. \u0130\u00e7 PTFE astar\u0131 harici fiziksel hasarlardan korumak ve bas\u0131n\u00e7 tutma kapasitesini art\u0131rmak i\u00e7in hortumlar\u0131m\u0131z y\u00fcksek gerilimli paslanmaz \u00e7elik \u00f6rg\u00fclerle (SS304 veya SS316) g\u00fc\u00e7lendirilmi\u015ftir. A\u015f\u0131r\u0131 zorlu ortamlar i\u00e7in, talep \u00fczerine polimer \u00f6rg\u00fcler (Polipropilen veya PVDF gibi) veya yang\u0131n k\u0131l\u0131flar\u0131 da sunabiliriz.<\/p>\n<p>Bu sa\u011flam yap\u0131 sayesinde <strong>PTFE yak\u0131t hatt\u0131<\/strong> \u015fiddetli termal d\u00f6ng\u00fcye dayanmak i\u00e7in. Kimyasal reaksiyonlar genellikle h\u0131zl\u0131 s\u0131cakl\u0131k de\u011fi\u015fimlerini i\u00e7erir ve hortumlar\u0131m\u0131z kriyojenik s\u0131cakl\u0131klardan +260\u00b0C'ye kadar stabil ve esnek kal\u0131r. Bu, di\u011fer plastik hortumlarda s\u0131kl\u0131kla g\u00f6r\u00fclen \"so\u011fuk ak\u0131\u015f\" veya k\u0131r\u0131lganl\u0131\u011f\u0131 \u00f6nler.<\/p>\n<h3>Temel \u00d6zellikler ve Avantajlar<\/h3>\n<ul>\n<li><strong>Geni\u015f Kimyasal Uyumluluk:<\/strong> The <strong>teflon yak\u0131t hortumu<\/strong> Neredeyse t\u00fcm kimyasallar\u0131n (pH 0-14) sald\u0131r\u0131s\u0131na kar\u015f\u0131 diren\u00e7 g\u00f6stererek uzun hizmet \u00f6mr\u00fc ve d\u00fc\u015f\u00fck bak\u0131m maliyetleri sa\u011flar.<\/li>\n<li><strong>\u00dcst\u00fcn Esneklik:<\/strong> E\u015fsiz geometrisi <strong>oluklu yak\u0131t borusu<\/strong> b\u00fck\u00fclme olmadan dar b\u00fck\u00fclme yar\u0131\u00e7aplar\u0131na izin vererek dar tesis alanlar\u0131nda kurulumu kolayla\u015ft\u0131r\u0131r.<\/li>\n<li><strong>G\u00fcvenlik Uyumlulu\u011fu:<\/strong> \u0130letken olmayan s\u0131v\u0131lar\u0131 y\u00fcksek h\u0131zda aktar\u0131rken statik elektrik birikimini da\u011f\u0131tmak i\u00e7in anti-statik (karbon iletken) astarlar mevcuttur.<\/li>\n<li><strong>S\u0131cakl\u0131k Esnekli\u011fi:<\/strong> Mekanik \u00f6zelliklerini kaybetmeden a\u015f\u0131r\u0131 s\u0131cak veya donma ortamlar\u0131nda kusursuz \u00e7al\u0131\u015f\u0131r.<\/li>\n<li><strong>D\u00fc\u015f\u00fck S\u00fcrt\u00fcnme Katsay\u0131s\u0131:<\/strong> PTFE'nin p\u00fcr\u00fczs\u00fcz, yap\u0131\u015fmaz yap\u0131s\u0131, sistemdeki bas\u0131n\u00e7 d\u00fc\u015f\u00fc\u015flerini en aza indirerek pompalar i\u00e7in enerji verimlili\u011fini art\u0131r\u0131r.<\/li>\n<\/ul>\n<h3>Teknik \u00d6zellikler<\/h3>\n<p>Her kimya tesisinin kendine \u00f6zg\u00fc gereksinimleri oldu\u011funu biliyoruz. A\u015fa\u011f\u0131da End\u00fcstriyel Serilerimiz i\u00e7in standart \u00f6zellikler yer almaktad\u0131r <strong>ptfe oluklu yak\u0131t hortumu<\/strong>. \u00d6zel uzunluklar ve montajlar bizim uzmanl\u0131k alan\u0131m\u0131zd\u0131r.<\/p>\n<table style=\"border-collapse: collapse; width: 100%; border: 1px solid #dddddd;\" border=\"1\">\n<thead>\n<tr style=\"background-color: #f2f2f2;\">\n<th style=\"padding: 12px; text-align: left; border: 1px solid #dddddd;\">Parametre<\/th>\n<th style=\"padding: 12px; text-align: left; border: 1px solid #dddddd;\">\u015eartname Detaylar\u0131<\/th>\n<\/tr>\n<\/thead>\n<tbody>\n<tr>\n<td style=\"padding: 10px; border: 1px solid #dddddd;\"><strong>Astar Malzemesi<\/strong><\/td>\n<td style=\"padding: 10px; border: 1px solid #dddddd;\">Virgin PTFE (Beyaz) veya Anti-Statik \u0130letken PTFE (Siyah)<\/td>\n<\/tr>\n<tr>\n<td style=\"padding: 10px; border: 1px solid #dddddd;\"><strong>G\u00fc\u00e7lendirme<\/strong><\/td>\n<td style=\"padding: 10px; border: 1px solid #dddddd;\">Tek veya \u00c7ift Paslanmaz \u00c7elik \u00d6rg\u00fc (AISI 304\/316)<\/td>\n<\/tr>\n<tr>\n<td style=\"padding: 10px; border: 1px solid #dddddd;\"><strong>\u0130n\u015faat Tipi<\/strong><\/td>\n<td style=\"padding: 10px; border: 1px solid #dddddd;\">Helezonik <strong>oluklu yak\u0131t borusu<\/strong><\/td>\n<\/tr>\n<tr>\n<td style=\"padding: 10px; border: 1px solid #dddddd;\"><strong>S\u0131cakl\u0131k Aral\u0131\u011f\u0131<\/strong><\/td>\n<td style=\"padding: 10px; border: 1px solid #dddddd;\">-70\u00b0C ila +260\u00b0C (-94\u00b0F ila +500\u00b0F)<\/td>\n<\/tr>\n<tr>\n<td style=\"padding: 10px; border: 1px solid #dddddd;\"><strong>\u00c7ap Aral\u0131\u011f\u0131 (ID)<\/strong><\/td>\n<td style=\"padding: 10px; border: 1px solid #dddddd;\">1\/2\u2033 (DN15) ila 6\u2033 (DN150)<\/td>\n<\/tr>\n<tr>\n<td style=\"padding: 10px; border: 1px solid #dddddd;\"><strong>Vakum Derecesi<\/strong><\/td>\n<td style=\"padding: 10px; border: 1px solid #dddddd;\">Tam Vakum s\u0131n\u0131f\u0131 (belirli \u00e7aplara kadar)<\/td>\n<\/tr>\n<tr>\n<td style=\"padding: 10px; border: 1px solid #dddddd;\"><strong>Son Ba\u011flant\u0131 Par\u00e7alar\u0131<\/strong><\/td>\n<td style=\"padding: 10px; border: 1px solid #dddddd;\">Flan\u015fl\u0131 (ANSI 150\/300, DIN), Kamlok, Tri-Kelep\u00e7e, NPT\/BSP Di\u015fler<\/td>\n<\/tr>\n<\/tbody>\n<\/table>\n<h3>Kimyasal \u0130\u015fleme Uygulamalar\u0131<\/h3>\n<p>Bizim <strong>PTFE yak\u0131t hatt\u0131<\/strong> \u00fcr\u00fcnleri \u015fu anda a\u015fa\u011f\u0131dakiler de dahil olmak \u00fczere \u00e7ok \u00e7e\u015fitli end\u00fcstriyel uygulamalarda hizmet vermektedir:<\/p>\n<ul>\n<li>Vagonlar\u0131n ve tanker kamyonlar\u0131n\u0131n y\u00fcklenmesi ve bo\u015falt\u0131lmas\u0131.<\/li>\n<li>Tart\u0131m sistemleri ve y\u00fck h\u00fccreleri i\u00e7in esnek ba\u011flant\u0131lar.<\/li>\n<li>Is\u0131tma ceketleri i\u00e7in buhar transfer hatlar\u0131.<\/li>\n<li>Asitleme hatlar\u0131nda asit ve alkali transfer hatlar\u0131.<\/li>\n<li>Solvent geri kazan\u0131m sistemleri.<\/li>\n<\/ul>\n<h3>M\u00fchendislik Deste\u011fi i\u00e7in Bize Ula\u015f\u0131n<\/h3>\n<p>Tehlikeli kimyasal transferi i\u00e7in do\u011fru hortumu se\u00e7mek, g\u00fcvenli\u011fi ve karl\u0131l\u0131\u011f\u0131 etkileyen bir karard\u0131r. <strong>teflon X<\/strong> do\u011fru \u00fcr\u00fcn\u00fc se\u00e7menizi sa\u011flamak i\u00e7in kapsaml\u0131 m\u00fchendislik deste\u011fi sunar. <strong>teflon yak\u0131t hortumu<\/strong> \u00f6zel ortam ve bas\u0131n\u00e7 gereksinimleriniz i\u00e7in.<\/p>\n<p>\u00dcretim kabiliyetlerimiz hakk\u0131nda daha fazla bilgi edinmek i\u00e7in l\u00fctfen web sitemizi ziyaret edin <a href=\"https:\/\/teflonx.com\/tr\/\" target=\"_blank\" rel=\"noopener\">teflonx.com<\/a>. Acil yard\u0131m, fiyat teklifi veya \u00fcr\u00fcn katalo\u011fu talep etmek i\u00e7in l\u00fctfen <a href=\"https:\/\/teflonx.com\/tr\/bize-ulasin\/\" target=\"_blank\" rel=\"noopener\">\u0130leti\u015fim Sayfas\u0131<\/a> veya sat\u0131\u015f ekibimize do\u011frudan e-posta g\u00f6nderin <a href=\"mailto:allison.ye@teflonx.com\">allison.ye@teflonx.com<\/a>.<\/p>","protected":false},"excerpt":{"rendered":"<p>PTFE oluklu yak\u0131t hortumu olarak \u00fcretilen PTFE yak\u0131t hatt\u0131, kimyasal tesislerde a\u015f\u0131nd\u0131r\u0131c\u0131 s\u0131v\u0131lar\u0131n aktar\u0131lmas\u0131nda m\u00fckemmeldir. Kimyasal inertli\u011fi asitlere ve \u00e7\u00f6z\u00fcc\u00fclere kar\u015f\u0131 dayan\u0131kl\u0131d\u0131r. Oluklu yak\u0131t borusunun dayan\u0131kl\u0131 tasar\u0131m\u0131 y\u00fcksek bas\u0131n\u00e7lar\u0131 ve termal \u00e7evrimleri idare ederek g\u00fcvenilir, d\u00fc\u015f\u00fck s\u00fcrt\u00fcnmeli s\u0131v\u0131 aktar\u0131m\u0131 sa\u011flar.<\/p>","protected":false},"featured_media":645,"comment_status":"open","ping_status":"closed","template":"","meta":{"site-sidebar-layout":"default","site-content-layout":"","ast-site-content-layout":"default","site-content-style":"default","site-sidebar-style":"default","ast-global-header-display":"","ast-banner-title-visibility":"","ast-main-header-display":"","ast-hfb-above-header-display":"","ast-hfb-below-header-display":"","ast-hfb-mobile-header-display":"","site-post-title":"","ast-breadcrumbs-content":"","ast-featured-img":"","footer-sml-layout":"","ast-disable-related-posts":"","theme-transparent-header-meta":"default","adv-header-id-meta":"","stick-header-meta":"","header-above-stick-meta":"","header-main-stick-meta":"","header-below-stick-meta":"","astra-migrate-meta-layouts":"set","ast-page-background-enabled":"default","ast-page-background-meta":{"desktop":{"background-color":"var(--ast-global-color-5)","background-image":"","background-repeat":"repeat","background-position":"center center","background-size":"auto","background-attachment":"scroll","background-type":"","background-media":"","overlay-type":"","overlay-color":"","overlay-opacity":"","overlay-gradient":""},"tablet":{"background-color":"","background-image":"","background-repeat":"repeat","background-position":"center center","background-size":"auto","background-attachment":"scroll","background-type":"","background-media":"","overlay-type":"","overlay-color":"","overlay-opacity":"","overlay-gradient":""},"mobile":{"background-color":"","background-image":"","background-repeat":"repeat","background-position":"center center","background-size":"auto","background-attachment":"scroll","background-type":"","background-media":"","overlay-type":"","overlay-color":"","overlay-opacity":"","overlay-gradient":""}},"ast-content-background-meta":{"desktop":{"background-color":"var(--ast-global-color-4)","background-image":"","background-repeat":"repeat","background-position":"center center","background-size":"auto","background-attachment":"scroll","background-type":"","background-media":"","overlay-type":"","overlay-color":"","overlay-opacity":"","overlay-gradient":""},"tablet":{"background-color":"var(--ast-global-color-4)","background-image":"","background-repeat":"repeat","background-position":"center center","background-size":"auto","background-attachment":"scroll","background-type":"","background-media":"","overlay-type":"","overlay-color":"","overlay-opacity":"","overlay-gradient":""},"mobile":{"background-color":"var(--ast-global-color-4)","background-image":"","background-repeat":"repeat","background-position":"center center","background-size":"auto","background-attachment":"scroll","background-type":"","background-media":"","overlay-type":"","overlay-color":"","overlay-opacity":"","overlay-gradient":""}}},"product_brand":[290],"product_cat":[42],"product_tag":[221,219,220,49],"class_list":{"0":"post-657","1":"product","2":"type-product","3":"status-publish","4":"has-post-thumbnail","6":"product_brand-teflon-x","7":"product_cat-ptfe-corrugated-hoses","8":"product_tag-corrugated-fuel-tube","9":"product_tag-ptfe-corrugated-fuel-hose","10":"product_tag-ptfe-fuel-line","11":"product_tag-teflon-fuel-hose","12":"desktop-align-left","13":"tablet-align-left","14":"mobile-align-left","16":"first","17":"instock","18":"shipping-taxable","19":"product-type-simple"},"_links":{"self":[{"href":"https:\/\/teflonx.com\/tr\/wp-json\/wp\/v2\/product\/657","targetHints":{"allow":["GET"]}}],"collection":[{"href":"https:\/\/teflonx.com\/tr\/wp-json\/wp\/v2\/product"}],"about":[{"href":"https:\/\/teflonx.com\/tr\/wp-json\/wp\/v2\/types\/product"}],"replies":[{"embeddable":true,"href":"https:\/\/teflonx.com\/tr\/wp-json\/wp\/v2\/comments?post=657"}],"wp:featuredmedia":[{"embeddable":true,"href":"https:\/\/teflonx.com\/tr\/wp-json\/wp\/v2\/media\/645"}],"wp:attachment":[{"href":"https:\/\/teflonx.com\/tr\/wp-json\/wp\/v2\/media?parent=657"}],"wp:term":[{"taxonomy":"product_brand","embeddable":true,"href":"https:\/\/teflonx.com\/tr\/wp-json\/wp\/v2\/product_brand?post=657"},{"taxonomy":"product_cat","embeddable":true,"href":"https:\/\/teflonx.com\/tr\/wp-json\/wp\/v2\/product_cat?post=657"},{"taxonomy":"product_tag","embeddable":true,"href":"https:\/\/teflonx.com\/tr\/wp-json\/wp\/v2\/product_tag?post=657"}],"curies":[{"name":"wp","href":"https:\/\/api.w.org\/{rel}","templated":true}]}}