{"id":746,"date":"2025-05-18T10:01:44","date_gmt":"2025-05-18T10:01:44","guid":{"rendered":"https:\/\/teflonx.com\/?post_type=product&#038;p=746"},"modified":"2026-01-01T15:22:36","modified_gmt":"2026-01-01T15:22:36","slug":"premium-teflon-o-ring-ptfe-conta","status":"publish","type":"product","link":"https:\/\/teflonx.com\/tr\/product\/premium-teflon-o-ring-ptfe-conta\/","title":{"rendered":"Premium Teflon O Ring ve PTFE Conta | Kimyasal Diren\u00e7li Teflon S\u0131zd\u0131rmazl\u0131k"},"content":{"rendered":"<h2>Premium Teflon O-Ring &amp; PTFE Conta | Kimyasallara Dayan\u0131kl\u0131 Teflon S\u0131zd\u0131rmazl\u0131k<\/h2>\n<p>Ho\u015f geldiniz <strong>Teflon X<\/strong>, geli\u015fmi\u015f end\u00fcstriyel s\u0131zd\u0131rmazl\u0131k bile\u015fenleri i\u00e7in \u00f6zel orta\u011f\u0131n\u0131z. Safl\u0131k ve kimyasal direncin \u00e7ok \u00f6nemli oldu\u011fu ortamlarda, standart kau\u00e7uk contalar genellikle yetersiz kal\u0131r. Bizim <strong>Premium Teflon O-Ring<\/strong> Ve <strong>PTFE Conta<\/strong> koleksiyonumuz bu bo\u015flu\u011fu kapatmak i\u00e7in tasarlanm\u0131\u015ft\u0131r. Su ar\u0131tma, laboratuvar ara\u015ft\u0131rmalar\u0131 ve ak\u0131\u015fkan i\u015fleme gibi kritik uygulamalar i\u00e7in tasarlanan <strong>Teflon S\u0131zd\u0131rmazl\u0131k<\/strong> \u00e7\u00f6z\u00fcmlerimiz, operasyonlar\u0131n\u0131z\u0131n gerektirdi\u011fi g\u00fcvenli\u011fi ve g\u00fcvenilirli\u011fi sa\u011flar.<\/p>\n<p>Teflon X olarak, tek bir s\u0131z\u0131nt\u0131n\u0131n t\u00fcm sistemi tehlikeye atabilece\u011fini anl\u0131yoruz. Bu nedenle \u00fcretti\u011fimiz her bir <strong>PTFE Conta<\/strong> s\u0131k\u0131 bir kalite kontrol\u00fcnden ge\u00e7er. \u0130ster standart bir ANSI flan\u015f\u0131 ar\u0131yor olun, <strong>Teflon Conta<\/strong> ister \u00f6zelle\u015ftirilmi\u015f <strong>y\u00fcksek s\u0131cakl\u0131k o-ringleri<\/strong> termal i\u015fleme i\u00e7in olsun, bas\u0131n\u00e7 alt\u0131nda tutarl\u0131 performans sergileyen \u00fcr\u00fcnler sunuyoruz.<\/p>\n<h3>S\u0131zd\u0131rmazl\u0131\u011f\u0131n Arkas\u0131ndaki Bilim: Neden PTFE Se\u00e7ilmeli?<\/h3>\n<p>Yayg\u0131n olarak Teflon olarak bilinen Politetrafloroetilen (PTFE), benzersiz bir molek\u00fcler yap\u0131ya sahip, y\u00fcksek performansl\u0131 bir floropolimerdir. Karbon ve flor atomlar\u0131 aras\u0131ndaki g\u00fc\u00e7l\u00fc ba\u011f, onu var olan kimyasal olarak en dura\u011fan maddelerden biri yapar. Bir <strong>PTFE Conta<\/strong> kimyasal sald\u0131r\u0131lara kar\u015f\u0131 neredeyse ge\u00e7irimsiz bir bariyer olu\u015fturur.<\/p>\n<p>\u015ei\u015febilen, bozunabilen veya proses s\u0131v\u0131n\u0131za kirletici s\u0131zd\u0131rabilen elastomerik contalar\u0131n aksine, bir <strong>PTFE Conta<\/strong> stabil kal\u0131r. Bu tepkisizlik, ortam\u0131n safl\u0131\u011f\u0131n\u0131 koruman\u0131n esas oldu\u011fu su ar\u0131tma ve ila\u00e7 gibi end\u00fcstriler i\u00e7in hayati \u00f6nem ta\u015f\u0131r. Ayr\u0131ca \u00fcr\u00fcnlerimiz, m\u00fckemmel <strong>y\u00fcksek s\u0131cakl\u0131k o-ringleri<\/strong>, mekanik \u00f6zelliklerini kaybetmeden a\u015f\u0131r\u0131 termal d\u00f6ng\u00fclere dayanabilme \u00f6zelli\u011fine sahiptir.<\/p>\n<h3>Temel \u00d6zellikler ve Avantajlar<\/h3>\n<ul>\n<li><strong>Evrensel Kimyasal Diren\u00e7:<\/strong> Bizim <strong>Teflon Conta<\/strong> \u00fcr\u00fcnleri asitlere, bazlara, solventlere ve hidrokarbonlara kar\u015f\u0131 diren\u00e7lidir, bu da onlar\u0131 agresif ak\u0131\u015fkan ta\u015f\u0131ma i\u00e7in nihai \u00e7\u00f6z\u00fcm haline getirir.<\/li>\n<li><strong>Geni\u015f S\u0131cakl\u0131k Aral\u0131\u011f\u0131:<\/strong> \u00dcst d\u00fczey <strong>y\u00fcksek s\u0131cakl\u0131k o-ringleri<\/strong>, bu contalar kriyojenik s\u0131cakl\u0131klardan (-200\u00b0C) yo\u011fun \u0131s\u0131ya (+260\u00b0C \/ +500\u00b0F) kadar kusursuz \u00e7al\u0131\u015f\u0131r.<\/li>\n<li><strong>Yap\u0131\u015fmazl\u0131k ve D\u00fc\u015f\u00fck S\u00fcrt\u00fcnme:<\/strong> Malzemelerin do\u011fal kayganl\u0131\u011f\u0131 <strong>Teflon S\u0131zd\u0131rmazl\u0131k<\/strong> kolay kurulum sa\u011flar ve contan\u0131n kar\u015f\u0131 y\u00fczeylere yap\u0131\u015fmas\u0131n\u0131 \u00f6nleyerek bak\u0131m\u0131 kolayla\u015ft\u0131r\u0131r.<\/li>\n<li><strong>Ola\u011fan\u00fcst\u00fc Safl\u0131k:<\/strong> Saf <strong>PTFE Conta<\/strong> se\u00e7enekleri FDA uyumlu, toksik olmayan ve kokusuzdur; laboratuvar ekipmanlar\u0131 ve hassas s\u0131v\u0131 i\u015fleme i\u00e7in m\u00fckemmeldir.<\/li>\n<li><strong>S\u0131n\u0131rs\u0131z Raf \u00d6mr\u00fc:<\/strong> A <strong>PTFE Conta<\/strong> eskimez veya hava ko\u015fullar\u0131ndan etkilenmez. UV radyasyonuna, ozona ve oksidasyona kar\u015f\u0131 diren\u00e7lidir, bu da bozulma olmadan uzun s\u00fcreli depolamaya olanak tan\u0131r.<\/li>\n<\/ul>\n<h3>Teknik \u00d6zellikler<\/h3>\n<p>Makineleriniz i\u00e7in do\u011fru bile\u015feni se\u00e7ti\u011finizden emin olmak amac\u0131yla, <strong>Teflon O-Ring<\/strong> ve conta serimiz i\u00e7in ayr\u0131nt\u0131l\u0131 spesifikasyonlar sa\u011fl\u0131yoruz. Teflon X, hassas bir uyum sa\u011flamak i\u00e7in kat\u0131 \u00fcretim toleranslar\u0131na ba\u011fl\u0131 kal\u0131r.<\/p>\n<table style=\"width: 100%; border-collapse: collapse; border: 1px solid #e0e0e0; margin-bottom: 25px;\">\n<tbody>\n<tr style=\"background-color: #f7f7f7;\">\n<td style=\"padding: 12px; border: 1px solid #e0e0e0;\"><strong>Teknik \u00d6zellik<\/strong><\/td>\n<td style=\"padding: 12px; border: 1px solid #e0e0e0;\"><strong>\u00d6zellikler \/ De\u011fer<\/strong><\/td>\n<\/tr>\n<tr>\n<td style=\"padding: 12px; border: 1px solid #e0e0e0;\">Malzeme<\/td>\n<td style=\"padding: 12px; border: 1px solid #e0e0e0;\">Saf PTFE, Cam Dolgulu, Karbon Dolgulu, Bronz Dolgulu<\/td>\n<\/tr>\n<tr>\n<td style=\"padding: 12px; border: 1px solid #e0e0e0;\">S\u00fcrekli Servis S\u0131cakl\u0131\u011f\u0131<\/td>\n<td style=\"padding: 12px; border: 1px solid #e0e0e0;\">-200\u00b0C ila +260\u00b0C (-328\u00b0F ila +500\u00b0F)<\/td>\n<\/tr>\n<tr>\n<td style=\"padding: 12px; border: 1px solid #e0e0e0;\">Sertlik<\/td>\n<td style=\"padding: 12px; border: 1px solid #e0e0e0;\">55 \u2013 60 Shore D (Sert plastik hissi)<\/td>\n<\/tr>\n<tr>\n<td style=\"padding: 12px; border: 1px solid #e0e0e0;\">\u00c7ekme Dayan\u0131m\u0131<\/td>\n<td style=\"padding: 12px; border: 1px solid #e0e0e0;\">\u2265 25 MPa<\/td>\n<\/tr>\n<tr>\n<td style=\"padding: 12px; border: 1px solid #e0e0e0;\">Kopma Uzamas\u0131<\/td>\n<td style=\"padding: 12px; border: 1px solid #e0e0e0;\">\u2265 300%<\/td>\n<\/tr>\n<tr>\n<td style=\"padding: 12px; border: 1px solid #e0e0e0;\">S\u00fcrt\u00fcnme Katsay\u0131s\u0131<\/td>\n<td style=\"padding: 12px; border: 1px solid #e0e0e0;\">0,05 - 0,10 (Statik ve Dinamik)<\/td>\n<\/tr>\n<tr>\n<td style=\"padding: 12px; border: 1px solid #e0e0e0;\">Dielektrik Dayan\u0131m\u0131<\/td>\n<td style=\"padding: 12px; border: 1px solid #e0e0e0;\">M\u00fckemmel (\u00dcst\u00fcn elektriksel yal\u0131t\u0131m)<\/td>\n<\/tr>\n<\/tbody>\n<\/table>\n<h3>Birincil Uygulamalar<\/h3>\n<p>\u00c7ok y\u00f6nl\u00fcl\u00fc\u011f\u00fc <strong>Teflon S\u0131zd\u0131rmazl\u0131k<\/strong> \u00fcr\u00fcnlerimizin \u00e7ok \u00e7e\u015fitli end\u00fcstriyel sekt\u00f6rlerde \u00f6ne \u00e7\u0131kmas\u0131n\u0131 sa\u011flar. Bir <strong>PTFE Conta<\/strong> g\u00fcvenilirli\u011fin \u00f6d\u00fcn verilemez oldu\u011fu her durumda tercih edilen bile\u015fendir.<\/p>\n<ol>\n<li><strong>Su Ar\u0131tma ve Tuzdan Ar\u0131nd\u0131rma:<\/strong> Klora, salamuraya ve sert filtrasyon kimyasallar\u0131na dayan\u0131kl\u0131 olan <strong>PTFE Conta<\/strong> \u00fcr\u00fcnlerimiz, belediye ve end\u00fcstriyel su tesislerinde uzun hizmet \u00f6mr\u00fc sa\u011flar.<\/li>\n<li><strong>Laboratuvar Ekipmanlar\u0131:<\/strong> Analitik cihazlarda ve kimyasal reakt\u00f6rlerde saf bir <strong>Teflon Conta<\/strong> numunelerin \u00e7apraz kontaminasyonunu \u00f6nleyerek do\u011fru sonu\u00e7lar al\u0131nmas\u0131n\u0131 sa\u011flar.<\/li>\n<li><strong>Ak\u0131\u015fkan \u0130\u015fleme Makineleri:<\/strong> Dozaj pompalar\u0131ndan \u015fi\u015feleme hatlar\u0131na kadar s\u0131zd\u0131rmazl\u0131k elemanlar\u0131m\u0131z y\u00fcksek bas\u0131nca ve agresif temizleme d\u00f6ng\u00fclerine (CIP) dayan\u0131kl\u0131d\u0131r.<\/li>\n<li><strong>Kimyasal \u00dcretim:<\/strong> Konsantre asitlerin ve alkalilerin ta\u015f\u0131nmas\u0131, yaln\u0131zca bir <strong>PTFE Conta<\/strong> taraf\u0131ndan sa\u011flanabilen mutlak direnci gerektirir.<\/li>\n<li><strong>Termal Y\u00f6netim:<\/strong> G\u00fcvenilir <strong>y\u00fcksek s\u0131cakl\u0131k o-ringleri<\/strong>olarak \u00fcr\u00fcnlerimiz, kau\u00e7uk contalar\u0131n eriyece\u011fi veya ar\u0131zalanaca\u011f\u0131 \u0131s\u0131 e\u015fanj\u00f6rlerinde ve buhar sistemlerinde kullan\u0131l\u0131r.<\/li>\n<\/ol>\n<h3>Neden Teflon X ile \u0130\u015f Orta\u011f\u0131 Olmal\u0131s\u0131n\u0131z?<\/h3>\n<p>Teflon X bir tedarik\u00e7iden daha fazlas\u0131d\u0131r; s\u0131zd\u0131rmazl\u0131k zorluklar\u0131 i\u00e7in teknik kayna\u011f\u0131n\u0131z\u0131z. \u015eunun fark\u0131nday\u0131z: <strong>Teflon S\u0131zd\u0131rmazl\u0131k<\/strong> malzemenin kau\u00e7u\u011fa k\u0131yasla rijitli\u011fi nedeniyle \u00f6zel tasar\u0131m hususlar\u0131 gerektirir. Uzman ekibimiz kanal tasar\u0131m\u0131, malzeme se\u00e7imi (Saf vs. Dolgulu) ve \u00f6zel boyutland\u0131rma konular\u0131nda size yard\u0131mc\u0131 olmaya haz\u0131rd\u0131r.<\/p>\n<p>\u0130ster tek bir prototip <strong>PTFE Conta<\/strong> ister OEM \u00fcretimi i\u00e7in toplu bir <strong>y\u00fcksek s\u0131cakl\u0131k o-ringleri<\/strong> sipari\u015fine ihtiyac\u0131n\u0131z olsun, rekabet\u00e7i fiyatland\u0131rma ve h\u0131zl\u0131 teslimat s\u00fcreleri sunuyoruz. Tesisinizin sorunsuz ve g\u00fcvenli bir \u015fekilde \u00e7al\u0131\u015fmas\u0131n\u0131 sa\u011flamak i\u00e7in en y\u00fcksek kalitede <strong>Teflon Conta<\/strong> \u00e7\u00f6z\u00fcmleri sunmaya kendimizi adad\u0131k.<\/p>\n<h3>Teklif \u0130\u00e7in Bizimle \u0130leti\u015fime Ge\u00e7in<\/h3>\n<p>Operasyonlar\u0131n\u0131z\u0131 birinci s\u0131n\u0131f <strong>PTFE Conta<\/strong> teknolojisiyle g\u00fcvence alt\u0131na almaya haz\u0131r m\u0131s\u0131n\u0131z? Sat\u0131\u015f m\u00fchendislerimiz \u00f6zel uygulama ihtiya\u00e7lar\u0131n\u0131z\u0131 g\u00f6r\u00fc\u015fmek i\u00e7in haz\u0131rd\u0131r. D\u00fc\u015f\u00fck kaliteli contalarla yetinmeyin; Teflon X'in uzun vadeli g\u00fcvenilirli\u011fini se\u00e7in.<\/p>\n<p>T\u00fcm <strong>Teflon S\u0131zd\u0131rmazl\u0131k<\/strong> \u00fcr\u00fcn katalo\u011fumuz i\u00e7in l\u00fctfen web sitemizi ziyaret edin: <a href=\"https:\/\/teflonx.com\/tr\/\" target=\"_blank\" rel=\"noopener\">teflonx.com<\/a>. \u00d6zel bir teklif veya teknik veri sayfas\u0131 talep etmek i\u00e7in ileti\u015fim sayfam\u0131z \u00fczerinden bize ula\u015fman\u0131z yeterlidir.<\/p>\n<p style=\"text-align: center; margin-top: 40px; padding: 20px; background-color: #f9f9f9; border: 1px solid #eee;\"><strong>Bug\u00fcn Bizimle \u0130leti\u015fime Ge\u00e7in<\/strong><br \/>\n\u0130leti\u015fim Sayfam\u0131z\u0131 ziyaret edin: <a href=\"https:\/\/teflonx.com\/tr\/bize-ulasin\/\" target=\"_blank\" rel=\"noopener\">teflonx.com\/bize-ulasin\/<\/a><br \/>\nSat\u0131\u015f Ekibimize E-posta G\u00f6nderin: <a href=\"mailto:allison.ye@teflonx.com\">allison.ye@teflonx.com<\/a><\/p>","protected":false},"excerpt":{"rendered":"<p>Birinci s\u0131n\u0131f teflon o-ring ve ptfe conta, kimyasal ve end\u00fcstriyel kullan\u0131mlar i\u00e7in m\u00fckemmel teflon s\u0131zd\u0131rmazl\u0131k sa\u011flar. PTFE conta ve teflon conta, tepkime vermeme, esneklik ve uzun vadeli g\u00fcvenilirlik ile bilinir. Su ar\u0131tma, laboratuvar ekipman\u0131 ve s\u0131v\u0131 i\u015fleme makineleri i\u00e7in uygundur.<\/p>","protected":false},"featured_media":747,"comment_status":"open","ping_status":"closed","template":"","meta":{"site-sidebar-layout":"default","site-content-layout":"","ast-site-content-layout":"default","site-content-style":"default","site-sidebar-style":"default","ast-global-header-display":"","ast-banner-title-visibility":"","ast-main-header-display":"","ast-hfb-above-header-display":"","ast-hfb-below-header-display":"","ast-hfb-mobile-header-display":"","site-post-title":"","ast-breadcrumbs-content":"","ast-featured-img":"","footer-sml-layout":"","ast-disable-related-posts":"","theme-transparent-header-meta":"default","adv-header-id-meta":"","stick-header-meta":"","header-above-stick-meta":"","header-main-stick-meta":"","header-below-stick-meta":"","astra-migrate-meta-layouts":"set","ast-page-background-enabled":"default","ast-page-background-meta":{"desktop":{"background-color":"var(--ast-global-color-5)","background-image":"","background-repeat":"repeat","background-position":"center center","background-size":"auto","background-attachment":"scroll","background-type":"","background-media":"","overlay-type":"","overlay-color":"","overlay-opacity":"","overlay-gradient":""},"tablet":{"background-color":"","background-image":"","background-repeat":"repeat","background-position":"center center","background-size":"auto","background-attachment":"scroll","background-type":"","background-media":"","overlay-type":"","overlay-color":"","overlay-opacity":"","overlay-gradient":""},"mobile":{"background-color":"","background-image":"","background-repeat":"repeat","background-position":"center center","background-size":"auto","background-attachment":"scroll","background-type":"","background-media":"","overlay-type":"","overlay-color":"","overlay-opacity":"","overlay-gradient":""}},"ast-content-background-meta":{"desktop":{"background-color":"var(--ast-global-color-4)","background-image":"","background-repeat":"repeat","background-position":"center center","background-size":"auto","background-attachment":"scroll","background-type":"","background-media":"","overlay-type":"","overlay-color":"","overlay-opacity":"","overlay-gradient":""},"tablet":{"background-color":"var(--ast-global-color-4)","background-image":"","background-repeat":"repeat","background-position":"center center","background-size":"auto","background-attachment":"scroll","background-type":"","background-media":"","overlay-type":"","overlay-color":"","overlay-opacity":"","overlay-gradient":""},"mobile":{"background-color":"var(--ast-global-color-4)","background-image":"","background-repeat":"repeat","background-position":"center center","background-size":"auto","background-attachment":"scroll","background-type":"","background-media":"","overlay-type":"","overlay-color":"","overlay-opacity":"","overlay-gradient":""}}},"product_brand":[290],"product_cat":[43],"product_tag":[247,107,114,108,115],"class_list":{"0":"post-746","1":"product","2":"type-product","3":"status-publish","4":"has-post-thumbnail","6":"product_brand-teflon-x","7":"product_cat-ptfe-gaskets","8":"product_tag-high-temp-o-rings","9":"product_tag-ptfe-gasket","10":"product_tag-ptfe-seal","11":"product_tag-teflon-gasket","12":"product_tag-teflon-sealing","13":"desktop-align-left","14":"tablet-align-left","15":"mobile-align-left","17":"first","18":"instock","19":"shipping-taxable","20":"product-type-simple"},"_links":{"self":[{"href":"https:\/\/teflonx.com\/tr\/wp-json\/wp\/v2\/product\/746","targetHints":{"allow":["GET"]}}],"collection":[{"href":"https:\/\/teflonx.com\/tr\/wp-json\/wp\/v2\/product"}],"about":[{"href":"https:\/\/teflonx.com\/tr\/wp-json\/wp\/v2\/types\/product"}],"replies":[{"embeddable":true,"href":"https:\/\/teflonx.com\/tr\/wp-json\/wp\/v2\/comments?post=746"}],"wp:featuredmedia":[{"embeddable":true,"href":"https:\/\/teflonx.com\/tr\/wp-json\/wp\/v2\/media\/747"}],"wp:attachment":[{"href":"https:\/\/teflonx.com\/tr\/wp-json\/wp\/v2\/media?parent=746"}],"wp:term":[{"taxonomy":"product_brand","embeddable":true,"href":"https:\/\/teflonx.com\/tr\/wp-json\/wp\/v2\/product_brand?post=746"},{"taxonomy":"product_cat","embeddable":true,"href":"https:\/\/teflonx.com\/tr\/wp-json\/wp\/v2\/product_cat?post=746"},{"taxonomy":"product_tag","embeddable":true,"href":"https:\/\/teflonx.com\/tr\/wp-json\/wp\/v2\/product_tag?post=746"}],"curies":[{"name":"WP","href":"https:\/\/api.w.org\/{rel}","templated":true}]}}