{"id":823,"date":"2025-07-15T05:45:56","date_gmt":"2025-07-15T05:45:56","guid":{"rendered":"https:\/\/teflonx.com\/?post_type=product&#038;p=823"},"modified":"2025-07-15T05:45:57","modified_gmt":"2025-07-15T05:45:57","slug":"kimyasal-transfer-icin-yuksek-performansli-ic-duz-dis-oluklu-ptfe-boru","status":"publish","type":"product","link":"https:\/\/teflonx.com\/tr\/product\/kimyasal-transfer-icin-yuksek-performansli-ic-duz-dis-oluklu-ptfe-boru\/","title":{"rendered":"Kimyasal Transfer \u0130\u00e7in Y\u00fcksek Performansl\u0131 \u0130\u00e7 D\u00fcz D\u0131\u015f Oluklu PTFE Boru"},"content":{"rendered":"<h1 id=\"high-performance-inner-flat-outer-corrugated-ptfe-tube-for-chemical-transfer\">Kimyasal Transfer \u0130\u00e7in Y\u00fcksek Performansl\u0131 \u0130\u00e7 D\u00fcz D\u0131\u015f Oluklu PTFE Boru<\/h1>\n<p>Ho\u015f geldiniz <strong>teflon X<\/strong>, birinci s\u0131n\u0131f PTFE boru \u00e7\u00f6z\u00fcmleri i\u00e7in g\u00fcvendi\u011finiz kaynak. <strong>\u0130\u00e7i D\u00fcz Delikli D\u0131\u015f\u0131 Oluklu PTFE Boru<\/strong> Kimyasal transfer uygulamalar\u0131n\u0131n zorlu gereksinimlerini kar\u015f\u0131lamak \u00fczere tasarlanm\u0131\u015ft\u0131r. Daha fazla bilgi i\u00e7in web sitemizi ziyaret edin. <a href=\"https:\/\/teflonx.com\/tr\/\" target=\"_blank\" rel=\"noopener\">https:\/\/teflonx.com\/<\/a> veya bizimle ileti\u015fime ge\u00e7in <a href=\"https:\/\/teflonx.com\/tr\/bize-ulasin\/\" target=\"_blank\" rel=\"noopener\">https:\/\/teflonx.com\/contact-us\/<\/a>Ayr\u0131ca Allison.Ye@teflonx.com adresinden ekibimize do\u011frudan ula\u015fabilirsiniz.<\/p>\n<h2 id=\"product-overview\">\u00dcr\u00fcn Genel Bak\u0131\u015f\u0131<\/h2>\n<p>The <strong>\u0130\u00e7i D\u00fcz Delikli D\u0131\u015f\u0131 Oluklu PTFE Boru<\/strong> Teflon X, \u00fcst\u00fcn dayan\u0131kl\u0131l\u0131k, esneklik ve korozyon direnci i\u00e7in tasarlanm\u0131\u015f y\u00fcksek performansl\u0131 bir \u00e7\u00f6z\u00fcmd\u00fcr. Ayr\u0131ca \u015fu \u015fekilde de bilinir: <strong>\u0130\u00e7 D\u00fcz D\u0131\u015f Dalga Oluklu Boru<\/strong> veya <strong>PTFE \u0130\u00e7 D\u00fcz D\u0131\u015f Oluklu Boru<\/strong>Bu \u00fcr\u00fcn, s\u0131v\u0131 direncini en aza indiren ve verimli ak\u0131\u015f\u0131 garantileyen p\u00fcr\u00fczs\u00fcz bir i\u00e7 deli\u011fe sahiptir; d\u0131\u015ftaki oluklu tasar\u0131m ise yap\u0131sal b\u00fct\u00fcnl\u00fc\u011f\u00fcnden \u00f6d\u00fcn vermeden esnekli\u011fi ve b\u00fck\u00fclebilirli\u011fi art\u0131r\u0131r.<\/p>\n<p>Kimyasal i\u015fleme, ila\u00e7, g\u0131da ve i\u00e7ecek ve otomotiv gibi end\u00fcstriler i\u00e7in idealdir. <strong>\u0130\u00e7i D\u00fcz Delikli D\u0131\u015f\u0131 Oluklu PTFE Boru<\/strong> Agresif kimyasallar, y\u00fcksek s\u0131cakl\u0131klar ve bas\u0131n\u00e7larla ba\u015fa \u00e7\u0131kmada m\u00fckemmeldir. Yap\u0131\u015fmaz PTFE malzemesi kirlenmeyi ve birikmeyi \u00f6nleyerek y\u00fcksek safl\u0131ktaki uygulamalar i\u00e7in m\u00fckemmeldir. \u0130ster a\u015f\u0131nd\u0131r\u0131c\u0131 s\u0131v\u0131larla u\u011fra\u015f\u0131yor olun, ister g\u00fcvenilir s\u0131v\u0131 ta\u015f\u0131ma sistemlerine ihtiya\u00e7 duyuyor olun, <strong>PTFE \u0130\u00e7 D\u00fcz D\u0131\u015f Oluklu Boru<\/strong> e\u015fsiz bir performans sunar.<\/p>\n<h2 id=\"key-features-and-benefits\">Temel \u00d6zellikler ve Avantajlar<\/h2>\n<ul>\n<li><strong>Ola\u011fan\u00fcst\u00fc Korozyon Direnci<\/strong>: Y\u00fcksek kaliteli PTFE&#039;den \u00fcretilmi\u015ftir <strong>\u0130\u00e7 D\u00fcz D\u0131\u015f Dalga Oluklu Boru<\/strong> Sert kimyasallara kar\u015f\u0131 bozulmadan dayan\u0131kl\u0131d\u0131r.<\/li>\n<li><strong>P\u00fcr\u00fczs\u00fcz \u0130\u00e7 Delik<\/strong>: D\u00fcz i\u00e7 y\u00fczeyi <strong>\u0130\u00e7i D\u00fcz Delikli D\u0131\u015f\u0131 Oluklu PTFE Boru<\/strong> t\u00fcrb\u00fclans\u0131 ve bas\u0131n\u00e7 d\u00fc\u015f\u00fc\u015flerini azaltarak ak\u0131\u015fkan\u0131n d\u00fczg\u00fcn transferini sa\u011flar.<\/li>\n<li><strong>Oluklu D\u0131\u015f Tasar\u0131m<\/strong>: M\u00fckemmel esneklik ve b\u00fck\u00fclme direnci sa\u011flar, <strong>PTFE \u0130\u00e7 D\u00fcz D\u0131\u015f Oluklu Boru<\/strong> dar alanlarda kolayca b\u00fck\u00fclebilmek.<\/li>\n<li><strong>Y\u00fcksek Bas\u0131n\u00e7 ve S\u0131cakl\u0131k Tolerans\u0131<\/strong>: Zorlu ortamlara uygundur, b\u00fct\u00fcnl\u00fc\u011f\u00fcn\u00fc koruyarak a\u015f\u0131r\u0131 ko\u015fullara dayan\u0131kl\u0131d\u0131r.<\/li>\n<li><strong>Yap\u0131\u015fmaz ve Y\u00fcksek Safl\u0131kta<\/strong>: Maddelerin yap\u0131\u015fmas\u0131n\u0131 \u00f6nler, hijyenik ve temiz uygulamalar i\u00e7in idealdir.<\/li>\n<li><strong>\u00c7ok Y\u00f6nl\u00fc Uygulamalar<\/strong>: Kimyasal transfer, laboratuvar ekipmanlar\u0131, end\u00fcstriyel borular ve daha fazlas\u0131 i\u00e7in m\u00fckemmeldir. <strong>\u0130\u00e7i D\u00fcz Delikli D\u0131\u015f\u0131 Oluklu PTFE Boru<\/strong> g\u00fcvenilir \u00e7\u00f6z\u00fcmler arayan m\u00fchendisler i\u00e7in ideal bir se\u00e7imdir <strong>PTFE \u0130\u00e7 D\u00fcz D\u0131\u015f Oluklu Boru<\/strong>.<\/li>\n<\/ul>\n<p>Bizim <strong>\u0130\u00e7 D\u00fcz D\u0131\u015f Dalga Oluklu Boru<\/strong> Operasyonlar\u0131n\u0131zda uzun \u00f6m\u00fcr ve g\u00fcvenilirlik sa\u011flayarak en y\u00fcksek standartlarda \u00fcretilmi\u015ftir. <strong>\u0130\u00e7i D\u00fcz Delikli D\u0131\u015f\u0131 Oluklu PTFE Boru<\/strong> Sistem verimlili\u011finin artt\u0131\u011f\u0131n\u0131 ve bak\u0131m maliyetlerinin azald\u0131\u011f\u0131n\u0131 bildirdi.<\/p>\n<h2 id=\"technical-specifications\">Teknik \u00d6zellikler<\/h2>\n<p>A\u015fa\u011f\u0131da ayr\u0131nt\u0131l\u0131 bir parametre tablosu bulunmaktad\u0131r <strong>\u0130\u00e7i D\u00fcz Delikli D\u0131\u015f\u0131 Oluklu PTFE Boru<\/strong>Bu \u00f6zellikler, \u00e7e\u015fitli boyutlarda optimum performans\u0131 garantilemek i\u00e7in hassas m\u00fchendisli\u011fe dayanmaktad\u0131r.<\/p>\n<table>\n<thead>\n<tr>\n<th>Boyut (in\u00e7)<\/th>\n<th>\u0130\u00e7 \u00c7ap (mm)<\/th>\n<th>D\u0131\u015f \u00c7ap (mm)<\/th>\n<th>\u00c7al\u0131\u015fma Bas\u0131nc\u0131 (bar)<\/th>\n<th>Patlama Bas\u0131nc\u0131 (bar)<\/th>\n<th>B\u00fck\u00fclme Yar\u0131\u00e7ap\u0131 (mm)<\/th>\n<\/tr>\n<\/thead>\n<tbody>\n<tr>\n<td>1\/4&#8243;<\/td>\n<td>6,1\u00b10,3<\/td>\n<td>9,5\u00b10,3<\/td>\n<td>183<\/td>\n<td>551<\/td>\n<td>45<\/td>\n<\/tr>\n<tr>\n<td>5\/16&#8243;<\/td>\n<td>7,8\u00b10,3<\/td>\n<td>11,4\u00b10,3<\/td>\n<td>155<\/td>\n<td>466<\/td>\n<td>50<\/td>\n<\/tr>\n<tr>\n<td>3\/8&#8243;<\/td>\n<td>9,6\u00b10,3<\/td>\n<td>14.1\u00b10.3<\/td>\n<td>138<\/td>\n<td>414<\/td>\n<td>55<\/td>\n<\/tr>\n<tr>\n<td>1\/2&#8243;<\/td>\n<td>12,7\u00b10,3<\/td>\n<td>17,2\u00b10,3<\/td>\n<td>110<\/td>\n<td>331<\/td>\n<td>60<\/td>\n<\/tr>\n<tr>\n<td>5\/8&#8243;<\/td>\n<td>15,7\u00b10,3<\/td>\n<td>20,7\u00b10,3<\/td>\n<td>95<\/td>\n<td>286<\/td>\n<td>70<\/td>\n<\/tr>\n<tr>\n<td>3\/4&#8243;<\/td>\n<td>18,8\u00b10,3<\/td>\n<td>23,7\u00b10,3<\/td>\n<td>81<\/td>\n<td>245<\/td>\n<td>80<\/td>\n<\/tr>\n<tr>\n<td>1&#8243;<\/td>\n<td>25,4\u00b10,3<\/td>\n<td>29,0\u00b10,3<\/td>\n<td>70<\/td>\n<td>211<\/td>\n<td>135<\/td>\n<\/tr>\n<\/tbody>\n<\/table>\n<p><em>Not: Aksi belirtilmedik\u00e7e t\u00fcm \u00f6l\u00e7\u00fcler mm cinsindendir. Toleranslar ve de\u011ferler, \u00fcretim partilerine ba\u011fl\u0131 olarak biraz de\u011fi\u015fiklik g\u00f6sterebilir. \u00d6zel boyutlar veya ek \u00f6zellikler i\u00e7in l\u00fctfen Allison.Ye@teflonx.com adresinden bizimle ileti\u015fime ge\u00e7in.<\/em><\/p>\n<h2 id=\"applications\">Uygulamalar<\/h2>\n<p>The <strong>PTFE \u0130\u00e7 D\u00fcz D\u0131\u015f Oluklu Boru<\/strong> \u00e7ok y\u00f6nl\u00fcd\u00fcr ve \u015fu alanlarda yayg\u0131n olarak kullan\u0131l\u0131r:<\/p>\n<ul>\n<li>Asit, baz ve \u00e7\u00f6z\u00fcc\u00fclerin transferine y\u00f6nelik kimyasal i\u015fleme tesisleri.<\/li>\n<li>Steril s\u0131v\u0131 kullan\u0131m\u0131 i\u00e7in ila\u00e7 \u00fcretimi.<\/li>\n<li>Kirletici olmayan kanallara ihtiya\u00e7 duyan g\u0131da ve i\u00e7ecek end\u00fcstrileri.<\/li>\n<li>Otomotiv ve havac\u0131l\u0131kta yak\u0131t ve hidrolik hatlar\u0131 i\u00e7in.<\/li>\n<li>Hassas s\u0131v\u0131 kontrol\u00fc i\u00e7in laboratuvar ortamlar\u0131.<\/li>\n<\/ul>\n<p>Se\u00e7erek <strong>\u0130\u00e7i D\u00fcz Delikli D\u0131\u015f\u0131 Oluklu PTFE Boru<\/strong> Teflon X ile g\u00fcvenlik ve verimlilik a\u00e7\u0131s\u0131ndan end\u00fcstri standartlar\u0131na uyumu garanti alt\u0131na al\u0131rs\u0131n\u0131z.<\/p>\n<h2 id=\"why-choose-teflon-x-\">Neden Teflon X&#039;i Se\u00e7melisiniz?<\/h2>\n<p>\u015eu anda <strong>teflon X<\/strong>, yenilik\u00e7i PTFE \u00e7\u00f6z\u00fcmlerinde uzmanla\u015f\u0131yoruz <strong>\u0130\u00e7 D\u00fcz D\u0131\u015f Dalga Oluklu Boru<\/strong>Kalite ve m\u00fc\u015fteri memnuniyetine olan ba\u011fl\u0131l\u0131\u011f\u0131m\u0131z bizi farkl\u0131 k\u0131l\u0131yor. Web sitemizde daha fazla \u00fcr\u00fcn ke\u015ffedin: <a href=\"https:\/\/teflonx.com\/tr\/\" target=\"_blank\" rel=\"noopener\">https:\/\/teflonx.com\/<\/a>Sorular\u0131n\u0131z, \u00f6zelle\u015ftirme talepleriniz veya toplu sipari\u015fleriniz i\u00e7in ileti\u015fim sayfam\u0131z\u0131 ziyaret edin. <a href=\"https:\/\/teflonx.com\/tr\/bize-ulasin\/\" target=\"_blank\" rel=\"noopener\">https:\/\/teflonx.com\/contact-us\/<\/a> veya Allison.Ye@teflonx.com adresine e-posta g\u00f6nderin.<\/p>\n<p>E\u011fer bu konuda herhangi bir sorunuz varsa <strong>\u0130\u00e7i D\u00fcz Delikli D\u0131\u015f\u0131 Oluklu PTFE Boru<\/strong>, <strong>PTFE \u0130\u00e7 D\u00fcz D\u0131\u015f Oluklu Boru<\/strong>, veya di\u011fer \u00fcr\u00fcnler, ekibimiz size yard\u0131mc\u0131 olmak i\u00e7in burada!<\/p>","protected":false},"excerpt":{"rendered":"<p>\u0130\u00e7i D\u00fcz Delikli D\u0131\u015f\u0131 Oluklu PTFE Borumuz, zorlu kimyasal transfer uygulamalar\u0131 i\u00e7in ola\u011fan\u00fcst\u00fc dayan\u0131kl\u0131l\u0131k ve esneklik sunar. Bu \u0130\u00e7i D\u00fcz D\u0131\u015f\u0131 Dalgal\u0131 Oluklu Boru, d\u00fcz i\u00e7 katman\u0131 ve oluklu d\u0131\u015f tasar\u0131m\u0131 sayesinde minimum diren\u00e7le ak\u0131c\u0131 s\u0131v\u0131 ak\u0131\u015f\u0131 sa\u011flayarak \u00fcst\u00fcn korozyon direnci sa\u011flar.<\/p>\n<p>Zorlu ortamlar i\u00e7in ideal olan PTFE \u0130\u00e7 D\u00fcz D\u0131\u015f Oluklu Boru, agresif kimyasallar\u0131 bozulmadan ta\u015f\u0131mada m\u00fckemmeldir. Benzersiz yap\u0131s\u0131, y\u00fcksek bas\u0131n\u00e7 alt\u0131nda b\u00fct\u00fcnl\u00fc\u011f\u00fcn\u00fc korurken b\u00fck\u00fclebilirli\u011fi art\u0131r\u0131r.<\/p>\n<p>G\u00fcvenilirlik i\u00e7in tasarlanan bu PTFE K\u00f6r\u00fckl\u00fc Boru, i\u00e7 k\u0131sm\u0131 d\u00fcz ve d\u0131\u015f k\u0131sm\u0131 oluklu olup, yap\u0131\u015fmaz ve y\u00fcksek safl\u0131kta borular gerektiren end\u00fcstriler i\u00e7in m\u00fckemmeldir. \u0130\u00e7i D\u00fcz Delikli D\u0131\u015f\u0131 Oluklu PTFE Borunun tekrar tekrar kullan\u0131lmas\u0131, ak\u0131\u015fkan ta\u015f\u0131ma sistemlerinde optimum performans sa\u011flar.<\/p>","protected":false},"featured_media":824,"comment_status":"open","ping_status":"closed","template":"","meta":{"site-sidebar-layout":"default","site-content-layout":"","ast-site-content-layout":"default","site-content-style":"default","site-sidebar-style":"default","ast-global-header-display":"","ast-banner-title-visibility":"","ast-main-header-display":"","ast-hfb-above-header-display":"","ast-hfb-below-header-display":"","ast-hfb-mobile-header-display":"","site-post-title":"","ast-breadcrumbs-content":"","ast-featured-img":"","footer-sml-layout":"","ast-disable-related-posts":"","theme-transparent-header-meta":"default","adv-header-id-meta":"","stick-header-meta":"","header-above-stick-meta":"","header-main-stick-meta":"","header-below-stick-meta":"","astra-migrate-meta-layouts":"set","ast-page-background-enabled":"default","ast-page-background-meta":{"desktop":{"background-color":"var(--ast-global-color-5)","background-image":"","background-repeat":"repeat","background-position":"center center","background-size":"auto","background-attachment":"scroll","background-type":"","background-media":"","overlay-type":"","overlay-color":"","overlay-opacity":"","overlay-gradient":""},"tablet":{"background-color":"","background-image":"","background-repeat":"repeat","background-position":"center center","background-size":"auto","background-attachment":"scroll","background-type":"","background-media":"","overlay-type":"","overlay-color":"","overlay-opacity":"","overlay-gradient":""},"mobile":{"background-color":"","background-image":"","background-repeat":"repeat","background-position":"center center","background-size":"auto","background-attachment":"scroll","background-type":"","background-media":"","overlay-type":"","overlay-color":"","overlay-opacity":"","overlay-gradient":""}},"ast-content-background-meta":{"desktop":{"background-color":"var(--ast-global-color-4)","background-image":"","background-repeat":"repeat","background-position":"center center","background-size":"auto","background-attachment":"scroll","background-type":"","background-media":"","overlay-type":"","overlay-color":"","overlay-opacity":"","overlay-gradient":""},"tablet":{"background-color":"var(--ast-global-color-4)","background-image":"","background-repeat":"repeat","background-position":"center center","background-size":"auto","background-attachment":"scroll","background-type":"","background-media":"","overlay-type":"","overlay-color":"","overlay-opacity":"","overlay-gradient":""},"mobile":{"background-color":"var(--ast-global-color-4)","background-image":"","background-repeat":"repeat","background-position":"center center","background-size":"auto","background-attachment":"scroll","background-type":"","background-media":"","overlay-type":"","overlay-color":"","overlay-opacity":"","overlay-gradient":""}}},"product_brand":[290],"product_cat":[42],"product_tag":[291,292,293],"class_list":{"0":"post-823","1":"product","2":"type-product","3":"status-publish","4":"has-post-thumbnail","6":"product_brand-teflon-x","7":"product_cat-ptfe-corrugated-hoses","8":"product_tag-inner-smooth-bore-outer-corrugated-ptfe-tube","9":"product_tag-internal-flat-external-wave-corrugated-pipe","10":"product_tag-ptfe-inner-flat-outer-corrugated-tubing","11":"desktop-align-left","12":"tablet-align-left","13":"mobile-align-left","15":"first","16":"instock","17":"shipping-taxable","18":"product-type-simple"},"_links":{"self":[{"href":"https:\/\/teflonx.com\/tr\/wp-json\/wp\/v2\/product\/823","targetHints":{"allow":["GET"]}}],"collection":[{"href":"https:\/\/teflonx.com\/tr\/wp-json\/wp\/v2\/product"}],"about":[{"href":"https:\/\/teflonx.com\/tr\/wp-json\/wp\/v2\/types\/product"}],"replies":[{"embeddable":true,"href":"https:\/\/teflonx.com\/tr\/wp-json\/wp\/v2\/comments?post=823"}],"wp:featuredmedia":[{"embeddable":true,"href":"https:\/\/teflonx.com\/tr\/wp-json\/wp\/v2\/media\/824"}],"wp:attachment":[{"href":"https:\/\/teflonx.com\/tr\/wp-json\/wp\/v2\/media?parent=823"}],"wp:term":[{"taxonomy":"product_brand","embeddable":true,"href":"https:\/\/teflonx.com\/tr\/wp-json\/wp\/v2\/product_brand?post=823"},{"taxonomy":"product_cat","embeddable":true,"href":"https:\/\/teflonx.com\/tr\/wp-json\/wp\/v2\/product_cat?post=823"},{"taxonomy":"product_tag","embeddable":true,"href":"https:\/\/teflonx.com\/tr\/wp-json\/wp\/v2\/product_tag?post=823"}],"curies":[{"name":"wp","href":"https:\/\/api.w.org\/{rel}","templated":true}]}}