{"id":826,"date":"2025-07-15T06:25:44","date_gmt":"2025-07-15T06:25:44","guid":{"rendered":"https:\/\/teflonx.com\/?post_type=product&#038;p=826"},"modified":"2025-07-15T07:17:09","modified_gmt":"2025-07-15T07:17:09","slug":"endustriyel-sivi-tasima-icin-duz-delikli-oluklu-ptfe-borular","status":"publish","type":"product","link":"https:\/\/teflonx.com\/tr\/product\/endustriyel-sivi-tasima-icin-duz-delikli-oluklu-ptfe-borular\/","title":{"rendered":"End\u00fcstriyel S\u0131v\u0131 Ta\u015f\u0131ma \u0130\u00e7in D\u00fcz Delikli Oluklu PTFE Borular"},"content":{"rendered":"<h1 id=\"smooth-bore-corrugated-ptfe-tubing-for-industrial-fluid-handling\">End\u00fcstriyel S\u0131v\u0131 Ta\u015f\u0131ma \u0130\u00e7in D\u00fcz Delikli Oluklu PTFE Borular<\/h1>\n<p>Karma\u015f\u0131k ak\u0131\u015fkan transfer sistemleri i\u00e7in en iyi \u00e7\u00f6z\u00fcm\u00fc ke\u015ffedin <strong>D\u00fcz Delikli Oluklu PTFE Boru<\/strong> Teflon X&#039;ten. Bu yenilik\u00e7i \u00fcr\u00fcn, optimum ak\u0131\u015f i\u00e7in m\u00fckemmel p\u00fcr\u00fczs\u00fcz bir i\u00e7 y\u00fczeyi, ola\u011fan\u00fcst\u00fc esneklik i\u00e7in k\u0131vr\u0131ml\u0131 bir d\u0131\u015f katmanla ustal\u0131kla birle\u015ftiriyor. Zorlu end\u00fcstriyel ortamlar i\u00e7in tasarlanan \u00fcr\u00fcn\u00fcm\u00fcz, <strong>PTFE \u0130\u00e7 D\u00fcz D\u0131\u015f Oluklu Boru<\/strong> benzersiz kimyasal diren\u00e7, termal stabilite ve uzun vadeli g\u00fcvenilirlik sa\u011flar.<\/p>\n<p>Petrokimya i\u015fleme, g\u0131da ve i\u00e7ecek transferi veya ila\u00e7 \u00fcretimi gibi kritik uygulamalarda, benzersiz tasar\u0131m\u0131m\u0131z <strong>\u0130\u00e7 D\u00fcz D\u0131\u015f Dalga Oluklu Hortum<\/strong> \u00d6nemlidir. P\u00fcr\u00fczs\u00fcz boru, t\u00fcrb\u00fclans\u0131 en aza indirir, bas\u0131n\u00e7 d\u00fc\u015f\u00fc\u015f\u00fcn\u00fc azalt\u0131r ve kal\u0131nt\u0131 birikmesini \u00f6nleyerek temiz, verimli ve kendi kendini bo\u015faltan bir sistem sa\u011flar. Bu arada, oluklu d\u0131\u015f y\u00fczey, borular\u0131n dar alanlardan ve karma\u015f\u0131k yerle\u015fim d\u00fczenlerinden k\u0131vr\u0131lmadan veya yap\u0131sal b\u00fct\u00fcnl\u00fc\u011f\u00fcnden \u00f6d\u00fcn vermeden kolayca ge\u00e7irilmesini sa\u011flar.<\/p>\n<p>Saf PTFE yap\u0131s\u0131yla bu geli\u015fmi\u015f \u00e7e\u015fidi <strong>\u0130\u00e7i D\u00fcz Delikli D\u0131\u015f\u0131 Oluklu PTFE Boru<\/strong> Uzun \u00f6m\u00fcrl\u00fcl\u00fc\u011f\u00fc ve operasyonel m\u00fckemmelli\u011fi garanti eder. S\u0131v\u0131 i\u015fleme zorluklar\u0131 i\u00e7in y\u00fcksek performansl\u0131, d\u00fc\u015f\u00fck bak\u0131m gerektiren ve kurulumu kolay bir \u00e7\u00f6z\u00fcm arayan m\u00fchendisler ve operat\u00f6rler i\u00e7in \u00fcst\u00fcn bir se\u00e7imdir.<\/p>\n<h3 id=\"key-features\">Temel \u00d6zellikler<\/h3>\n<ul>\n<li><strong>Hibrit Tasar\u0131m:<\/strong> Laminar ak\u0131\u015f i\u00e7in p\u00fcr\u00fczs\u00fcz, yap\u0131\u015fmaz i\u00e7 deli\u011fe ve kolay montaj ve y\u00f6nlendirme i\u00e7in esnek oluklu d\u0131\u015f duvara sahiptir.<\/li>\n<li><strong>\u00dcst\u00fcn Malzeme:<\/strong> Asitlere, bazlara ve \u00e7\u00f6z\u00fcc\u00fclere kar\u015f\u0131 evrensel kimyasal diren\u00e7 sa\u011flayan 100% saf PTFE&#039;den \u00fcretilmi\u015ftir.<\/li>\n<li><strong>Geni\u015f S\u0131cakl\u0131k Aral\u0131\u011f\u0131:<\/strong> Genellikle -65\u00b0C ile 260\u00b0C (-85\u00b0F ile 500\u00b0F) aras\u0131ndaki a\u015f\u0131r\u0131 s\u0131cakl\u0131klarda g\u00fcvenilir performans g\u00f6sterir.<\/li>\n<li><strong>Geli\u015fmi\u015f Ak\u0131\u015f Verimlili\u011fi:<\/strong> Ayna gibi p\u00fcr\u00fczs\u00fcz i\u00e7 y\u00fczey, partik\u00fcllerin s\u0131k\u0131\u015fmas\u0131n\u0131 \u00f6nler ve s\u00fcrt\u00fcnmeyi azaltarak daha y\u00fcksek ak\u0131\u015f h\u0131zlar\u0131 ve basitle\u015ftirilmi\u015f temizlik (CIP\/SIP) sa\u011flar.<\/li>\n<li><strong>Ola\u011fan\u00fcst\u00fc Esneklik:<\/strong> K\u0131vr\u0131ml\u0131 d\u0131\u015f y\u00fczey, s\u0131k\u0131 bir b\u00fck\u00fclme yar\u0131\u00e7ap\u0131 sa\u011flayarak dinamik uygulamalar ve kompakt sistem tasar\u0131mlar\u0131 i\u00e7in idealdir.<\/li>\n<li><strong>Dayan\u0131kl\u0131l\u0131k ve Uzun \u00d6m\u00fcr:<\/strong> Gerilim \u00e7atlamas\u0131na, ya\u015flanmaya ve UV \u0131\u015f\u0131nlar\u0131na kar\u015f\u0131 y\u00fcksek diren\u00e7 g\u00f6stererek uzun ve g\u00fcvenilir bir hizmet \u00f6mr\u00fc sa\u011flar.<\/li>\n<\/ul>\n<h3 id=\"technical-specifications\">Teknik \u00d6zellikler<\/h3>\n<p>A\u015fa\u011f\u0131da \u00fcr\u00fcnlerimizin standart \u00f6zellikleri yer almaktad\u0131r <strong>D\u00fcz Delikli Oluklu PTFE Boru<\/strong>. \u00d6zel proje ihtiya\u00e7lar\u0131n\u0131z\u0131 kar\u015f\u0131lamak i\u00e7in talep \u00fczerine \u00f6zel boyutlar ve yap\u0131land\u0131rmalar mevcuttur.<\/p>\n<table>\n<thead>\n<tr>\n<th style=\"text-align: left;\">Boyut<\/th>\n<th style=\"text-align: left;\">ID (mm)<\/th>\n<th style=\"text-align: left;\">D\u0131\u015f \u00c7ap (mm)<\/th>\n<th style=\"text-align: left;\">\u00c7al\u0131\u015fma Bas\u0131nc\u0131 (bar)<\/th>\n<th style=\"text-align: left;\">Patlama Bas\u0131nc\u0131 (bar)<\/th>\n<th style=\"text-align: left;\">Min. B\u00fckme Yar\u0131\u00e7ap\u0131 (mm)<\/th>\n<\/tr>\n<\/thead>\n<tbody>\n<tr>\n<td style=\"text-align: left;\">1\/4&#8243;<\/td>\n<td style=\"text-align: left;\">6,1\u00b10,3<\/td>\n<td style=\"text-align: left;\">9,9\u00b10,3<\/td>\n<td style=\"text-align: left;\">183<\/td>\n<td style=\"text-align: left;\">551<\/td>\n<td style=\"text-align: left;\">45<\/td>\n<\/tr>\n<tr>\n<td style=\"text-align: left;\">5\/16&#8243;<\/td>\n<td style=\"text-align: left;\">7,8\u00b10,3<\/td>\n<td style=\"text-align: left;\">11,4\u00b10,3<\/td>\n<td style=\"text-align: left;\">155<\/td>\n<td style=\"text-align: left;\">466<\/td>\n<td style=\"text-align: left;\">50<\/td>\n<\/tr>\n<tr>\n<td style=\"text-align: left;\">3\/8&#8243;<\/td>\n<td style=\"text-align: left;\">9,6\u00b10,3<\/td>\n<td style=\"text-align: left;\">14.1\u00b10.3<\/td>\n<td style=\"text-align: left;\">138<\/td>\n<td style=\"text-align: left;\">414<\/td>\n<td style=\"text-align: left;\">55<\/td>\n<\/tr>\n<tr>\n<td style=\"text-align: left;\">1\/2&#8243;<\/td>\n<td style=\"text-align: left;\">12,7\u00b10,3<\/td>\n<td style=\"text-align: left;\">17,2\u00b10,3<\/td>\n<td style=\"text-align: left;\">110<\/td>\n<td style=\"text-align: left;\">331<\/td>\n<td style=\"text-align: left;\">60<\/td>\n<\/tr>\n<tr>\n<td style=\"text-align: left;\">5\/8&#8243;<\/td>\n<td style=\"text-align: left;\">15,7\u00b10,3<\/td>\n<td style=\"text-align: left;\">20,7\u00b10,3<\/td>\n<td style=\"text-align: left;\">95<\/td>\n<td style=\"text-align: left;\">286<\/td>\n<td style=\"text-align: left;\">70<\/td>\n<\/tr>\n<tr>\n<td style=\"text-align: left;\">3\/4&#8243;<\/td>\n<td style=\"text-align: left;\">18,8\u00b10,3<\/td>\n<td style=\"text-align: left;\">23,7\u00b10,3<\/td>\n<td style=\"text-align: left;\">81<\/td>\n<td style=\"text-align: left;\">245<\/td>\n<td style=\"text-align: left;\">80<\/td>\n<\/tr>\n<tr>\n<td style=\"text-align: left;\">1&#8243;<\/td>\n<td style=\"text-align: left;\">25,4\u00b10,3<\/td>\n<td style=\"text-align: left;\">29\u00b10,3<\/td>\n<td style=\"text-align: left;\">70<\/td>\n<td style=\"text-align: left;\">211<\/td>\n<td style=\"text-align: left;\">135<\/td>\n<\/tr>\n<\/tbody>\n<\/table>\n<h3 id=\"applications\">Uygulamalar<\/h3>\n<p>\u00c7ok y\u00f6nl\u00fcl\u00fc\u011f\u00fcm\u00fcz <strong>PTFE \u0130\u00e7 D\u00fcz D\u0131\u015f Oluklu Boru<\/strong> onu bir\u00e7ok sekt\u00f6rde tercih edilen se\u00e7enek haline getiriyor:<\/p>\n<ul>\n<li><strong>Kimyasal \u0130\u015fleme:<\/strong> A\u015f\u0131nd\u0131r\u0131c\u0131 kimyasallar\u0131n, asitlerin ve \u00e7\u00f6z\u00fcc\u00fclerin g\u00fcvenli bir \u015fekilde ta\u015f\u0131nmas\u0131.<\/li>\n<li><strong>\u0130la\u00e7 ve Biyoteknoloji:<\/strong> Kirletici olmayan ve sterilize edilebilir borulama gerektiren y\u00fcksek safl\u0131ktaki uygulamalar.<\/li>\n<li><strong>Yiyecek ve \u0130\u00e7ecek:<\/strong> Hijyen ve bula\u015fmama \u00f6zelliklerinin \u00f6nemli oldu\u011fu g\u0131da s\u0131n\u0131f\u0131 \u00fcr\u00fcnlerin i\u015flenmesi.<\/li>\n<li><strong>Yar\u0131 \u0130letken \u00dcretimi:<\/strong> Ultra saf su ve agresif temizlik maddelerinin ta\u015f\u0131nmas\u0131.<\/li>\n<li><strong>Otomotiv ve Havac\u0131l\u0131k:<\/strong> Esneklik ve dayan\u0131kl\u0131l\u0131k gerektiren yak\u0131t, so\u011futma s\u0131v\u0131lar\u0131 ve hidrolik sistemlerin ak\u0131\u015fkan hatlar\u0131nda kullan\u0131l\u0131r.<\/li>\n<li><strong>Laboratuvar ve Ara\u015ft\u0131rma:<\/strong> \u00c7ok y\u00f6nl\u00fc ve zorlu laboratuvar kurulumlar\u0131 i\u00e7in idealdir.<\/li>\n<\/ul>\n<h3 id=\"why-choose-teflon-x-\">Neden Teflon X&#039;i Se\u00e7melisiniz?<\/h3>\n<p>\u015eu anda <a href=\"https:\/\/teflonx.com\/tr\/\" target=\"_blank\" rel=\"noopener\">teflon X<\/a>, m\u00fchendislik m\u00fckemmelli\u011fine ve m\u00fc\u015fteri memnuniyetine adanm\u0131\u015f durumday\u0131z. <strong>\u0130\u00e7 D\u00fcz D\u0131\u015f Dalga Oluklu Hortum<\/strong> G\u00fcvenebilece\u011finiz tutarl\u0131 bir performans sunmak i\u00e7in s\u0131k\u0131 kalite kontrolleri alt\u0131nda \u00fcretilmektedir. M\u00fc\u015fterilerimizle i\u015f birli\u011fi yaparak, yaln\u0131zca bir \u00fcr\u00fcn de\u011fil, operasyonel ihtiya\u00e7lar\u0131na g\u00f6re uyarlanm\u0131\u015f eksiksiz bir \u00e7\u00f6z\u00fcm sunuyoruz.<\/p>\n<h3 id=\"contact-us-for-a-custom-quote\">\u00d6zel Bir Teklif \u0130\u00e7in Bizimle \u0130leti\u015fime Ge\u00e7in<\/h3>\n<p>Ak\u0131\u015fkan ta\u015f\u0131ma sisteminizi \u00fcst\u00fcn teknolojiyle geli\u015ftirmeye haz\u0131r m\u0131s\u0131n\u0131z? Detayl\u0131 bilgi, \u00f6zel boyut talepleri veya \u00f6zel uygulamalar\u0131n\u0131z\u0131 g\u00f6r\u00fc\u015fmek i\u00e7in l\u00fctfen uzman ekibimizle ileti\u015fime ge\u00e7in.<\/p>\n<p><strong>E-posta:<\/strong> <a href=\"mailto:Allison.Ye@teflonx.com\" target=\"_blank\" rel=\"noopener\">Allison.Ye@teflonx.com<\/a><\/p>\n<p><strong>\u0130leti\u015fim Sayfam\u0131z\u0131 ziyaret edin:<\/strong> <a href=\"https:\/\/teflonx.com\/tr\/bize-ulasin\/\" target=\"_blank\" rel=\"noopener\">https:\/\/teflonx.com\/contact-us\/<\/a><\/p>\n<p>\u0130zin vermek <strong>teflon X<\/strong> Y\u00fcksek performansl\u0131 PTFE \u00e7\u00f6z\u00fcmleri i\u00e7in g\u00fcvenilir orta\u011f\u0131n\u0131z olmak.<\/p>","protected":false},"excerpt":{"rendered":"<p>Verimli ak\u0131\u015f i\u00e7in d\u00fcz i\u00e7 y\u00fczeye ve end\u00fcstriyel s\u0131v\u0131 ta\u015f\u0131mada geli\u015fmi\u015f esneklik i\u00e7in oluklu d\u0131\u015f katmana sahip P\u00fcr\u00fczs\u00fcz Delikli Oluklu PTFE Boruyu ke\u015ffedin. Bu PTFE \u0130\u00e7 D\u00fcz D\u0131\u015f Oluklu Boru, e\u015fsiz kimyasal diren\u00e7 ve termal stabilite sa\u011flayarak g\u00fcvenilir performans i\u00e7in en iyi se\u00e7imdir.<\/p>\n<p>Petrokimya i\u015fleme gibi uygulamalarda, \u0130\u00e7 D\u00fcz D\u0131\u015f Dalga Oluklu Hortum t\u00fcrb\u00fclans\u0131 ve birikmeyi en aza indirerek temiz operasyonlar sa\u011flar.<\/p>\n<p>PTFE yap\u0131s\u0131yla, \u0130\u00e7i D\u00fcz Delikli D\u0131\u015f\u0131 Oluklu PTFE Borunun bu boru \u00e7e\u015fidi, uzun \u00f6m\u00fcrl\u00fc olmas\u0131 ve karma\u015f\u0131k sistemlerde kolay montaj\u0131 ile \u00f6ne \u00e7\u0131kmaktad\u0131r.<\/p>","protected":false},"featured_media":827,"comment_status":"open","ping_status":"closed","template":"","meta":{"site-sidebar-layout":"default","site-content-layout":"","ast-site-content-layout":"default","site-content-style":"default","site-sidebar-style":"default","ast-global-header-display":"","ast-banner-title-visibility":"","ast-main-header-display":"","ast-hfb-above-header-display":"","ast-hfb-below-header-display":"","ast-hfb-mobile-header-display":"","site-post-title":"","ast-breadcrumbs-content":"","ast-featured-img":"","footer-sml-layout":"","ast-disable-related-posts":"","theme-transparent-header-meta":"default","adv-header-id-meta":"","stick-header-meta":"","header-above-stick-meta":"","header-main-stick-meta":"","header-below-stick-meta":"","astra-migrate-meta-layouts":"set","ast-page-background-enabled":"default","ast-page-background-meta":{"desktop":{"background-color":"var(--ast-global-color-5)","background-image":"","background-repeat":"repeat","background-position":"center center","background-size":"auto","background-attachment":"scroll","background-type":"","background-media":"","overlay-type":"","overlay-color":"","overlay-opacity":"","overlay-gradient":""},"tablet":{"background-color":"","background-image":"","background-repeat":"repeat","background-position":"center center","background-size":"auto","background-attachment":"scroll","background-type":"","background-media":"","overlay-type":"","overlay-color":"","overlay-opacity":"","overlay-gradient":""},"mobile":{"background-color":"","background-image":"","background-repeat":"repeat","background-position":"center center","background-size":"auto","background-attachment":"scroll","background-type":"","background-media":"","overlay-type":"","overlay-color":"","overlay-opacity":"","overlay-gradient":""}},"ast-content-background-meta":{"desktop":{"background-color":"var(--ast-global-color-4)","background-image":"","background-repeat":"repeat","background-position":"center center","background-size":"auto","background-attachment":"scroll","background-type":"","background-media":"","overlay-type":"","overlay-color":"","overlay-opacity":"","overlay-gradient":""},"tablet":{"background-color":"var(--ast-global-color-4)","background-image":"","background-repeat":"repeat","background-position":"center center","background-size":"auto","background-attachment":"scroll","background-type":"","background-media":"","overlay-type":"","overlay-color":"","overlay-opacity":"","overlay-gradient":""},"mobile":{"background-color":"var(--ast-global-color-4)","background-image":"","background-repeat":"repeat","background-position":"center center","background-size":"auto","background-attachment":"scroll","background-type":"","background-media":"","overlay-type":"","overlay-color":"","overlay-opacity":"","overlay-gradient":""}}},"product_brand":[290],"product_cat":[42],"product_tag":[296,295,294],"class_list":{"0":"post-826","1":"product","2":"type-product","3":"status-publish","4":"has-post-thumbnail","6":"product_brand-teflon-x","7":"product_cat-ptfe-corrugated-hoses","8":"product_tag-internal-flat-external-wave-corrugated-hose","9":"product_tag-ptfe-inner-flat-outer-corrugated-pipe","10":"product_tag-smooth-bore-corrugated-ptfe-tubing","11":"desktop-align-left","12":"tablet-align-left","13":"mobile-align-left","15":"first","16":"instock","17":"shipping-taxable","18":"product-type-simple"},"_links":{"self":[{"href":"https:\/\/teflonx.com\/tr\/wp-json\/wp\/v2\/product\/826","targetHints":{"allow":["GET"]}}],"collection":[{"href":"https:\/\/teflonx.com\/tr\/wp-json\/wp\/v2\/product"}],"about":[{"href":"https:\/\/teflonx.com\/tr\/wp-json\/wp\/v2\/types\/product"}],"replies":[{"embeddable":true,"href":"https:\/\/teflonx.com\/tr\/wp-json\/wp\/v2\/comments?post=826"}],"wp:featuredmedia":[{"embeddable":true,"href":"https:\/\/teflonx.com\/tr\/wp-json\/wp\/v2\/media\/827"}],"wp:attachment":[{"href":"https:\/\/teflonx.com\/tr\/wp-json\/wp\/v2\/media?parent=826"}],"wp:term":[{"taxonomy":"product_brand","embeddable":true,"href":"https:\/\/teflonx.com\/tr\/wp-json\/wp\/v2\/product_brand?post=826"},{"taxonomy":"product_cat","embeddable":true,"href":"https:\/\/teflonx.com\/tr\/wp-json\/wp\/v2\/product_cat?post=826"},{"taxonomy":"product_tag","embeddable":true,"href":"https:\/\/teflonx.com\/tr\/wp-json\/wp\/v2\/product_tag?post=826"}],"curies":[{"name":"wp","href":"https:\/\/api.w.org\/{rel}","templated":true}]}}