{"id":829,"date":"2025-07-15T07:21:31","date_gmt":"2025-07-15T07:21:31","guid":{"rendered":"https:\/\/teflonx.com\/?post_type=product&#038;p=829"},"modified":"2025-07-15T07:21:33","modified_gmt":"2025-07-15T07:21:33","slug":"ptfe-koruklu-boru-ic-kismi-duz-dis-kismi-oluklu-ilac-kullanimi-icin","status":"publish","type":"product","link":"https:\/\/teflonx.com\/tr\/product\/ptfe-koruklu-boru-ic-kismi-duz-dis-kismi-oluklu-ilac-kullanimi-icin\/","title":{"rendered":"PTFE K\u00f6r\u00fck Borusu: \u0130\u00e7i D\u00fcz D\u0131\u015f\u0131 Oluklu \u0130la\u00e7 Kullan\u0131m\u0131 \u0130\u00e7in"},"content":{"rendered":"<h2><strong>PTFE K\u00f6r\u00fck Borusu: \u0130\u00e7i D\u00fcz D\u0131\u015f\u0131 Oluklu \u0130la\u00e7 Kullan\u0131m\u0131 \u0130\u00e7in<\/strong><\/h2>\n<p><strong>\u0130\u00e7 k\u0131sm\u0131 d\u00fcz, d\u0131\u015f k\u0131sm\u0131 oluklu tasar\u0131ma sahip PTFE K\u00f6r\u00fckl\u00fc Boru, farmas\u00f6tik uygulamalar i\u00e7in hijyenik ve kirletici olmayan bir performans sunar. \u0130\u00e7i P\u00fcr\u00fczs\u00fcz Delikli, D\u0131\u015f\u0131 Oluklu PTFE Boru, sert dezenfektanlara kar\u015f\u0131 diren\u00e7 g\u00f6sterirken, \u00fcr\u00fcn\u00fcn sorunsuz bir \u015fekilde aktar\u0131lmas\u0131n\u0131 sa\u011flar.<\/strong><\/p>\n<p><strong>Steril ortamlara uygun olan \u0130\u00e7 D\u00fcz D\u0131\u015f Dalga Oluklu Boru, ila\u00e7 \u00fcretim s\u00fcre\u00e7lerinde safl\u0131\u011f\u0131 korurken, mukavemetten \u00f6d\u00fcn vermeden esneklik sunar.<\/strong><\/p>\n<p><strong>Verimlili\u011fi art\u0131rmak i\u00e7in bu PTFE \u0130\u00e7 D\u00fcz D\u0131\u015f Oluklu Boruyu tercih edin; PTFE \u0130\u00e7 D\u00fcz D\u0131\u015f Oluklu Boruya benzer k\u00f6r\u00fck benzeri yap\u0131s\u0131, s\u0131k\u0131 end\u00fcstri standartlar\u0131na uyumu sa\u011flar.<\/strong><\/p>\n<p>Teflon X olarak, y\u00fcksek performansl\u0131 ak\u0131\u015fkan transfer \u00e7\u00f6z\u00fcmleri sa\u011flama konusunda uzmanla\u015f\u0131yoruz. <strong>PTFE K\u00f6r\u00fck Borusu<\/strong> \u0130la\u00e7, biyoteknoloji ve g\u0131da-i\u00e7ecek end\u00fcstrilerinin zorlu taleplerini kar\u015f\u0131lamak \u00fczere tasarlanm\u0131\u015ft\u0131r. Benzersiz yap\u0131s\u0131, engelsiz ak\u0131\u015f i\u00e7in m\u00fckemmel p\u00fcr\u00fczs\u00fcz bir i\u00e7 y\u00fczeye ve \u00fcst\u00fcn esneklik ve b\u00fck\u00fclme direnci i\u00e7in k\u0131vr\u0131ml\u0131 bir d\u0131\u015f y\u00fczeye sahiptir.<\/p>\n<hr \/>\n<h3 id=\"-key-features-benefits-\"><strong>Temel \u00d6zellikler ve Avantajlar<\/strong><\/h3>\n<ul>\n<li><strong>Hijyenik ve Kirletici Olmayan:<\/strong> Ultra p\u00fcr\u00fczs\u00fcz i\u00e7 deli\u011fimiz <strong>\u0130\u00e7i D\u00fcz Delikli D\u0131\u015f\u0131 Oluklu PTFE Boru<\/strong> Partik\u00fcl birikimini ve mikrobiyal kontaminasyonu \u00f6nleyerek \u00fcr\u00fcn safl\u0131\u011f\u0131n\u0131 garanti eder. Hijyenik uygulamalar i\u00e7in idealdir.<\/li>\n<li><strong>\u00dcst\u00fcn Esneklik:<\/strong> Oluklu &quot;k\u00f6r\u00fck&quot; tasar\u0131m\u0131 m\u00fckemmel bir b\u00fck\u00fclme yar\u0131\u00e7ap\u0131 sa\u011flayarak, karma\u015f\u0131k ve dar alanlarda k\u0131vr\u0131lma veya ak\u0131\u015f k\u0131s\u0131tlamas\u0131 riski olmadan kurulumu kolayla\u015ft\u0131r\u0131r.<\/li>\n<li><strong>Ola\u011fan\u00fcst\u00fc Kimyasal Diren\u00e7:<\/strong> 100% saf PTFE&#039;den \u00fcretilen bu boru, t\u00fcm yayg\u0131n kimyasallara, \u00e7\u00f6z\u00fcc\u00fclere ve agresif temizlik maddelerine (CIP\/SIP) kar\u015f\u0131 neredeyse etkisizdir ve uzun hizmet \u00f6mr\u00fc ve proses b\u00fct\u00fcnl\u00fc\u011f\u00fc sa\u011flar.<\/li>\n<li><strong>Geni\u015f S\u0131cakl\u0131k Aral\u0131\u011f\u0131:<\/strong> The <strong>PTFE K\u00f6r\u00fck Borusu<\/strong> kriyojenik seviyelerden y\u00fcksek s\u0131cakl\u0131klara kadar geni\u015f bir s\u0131cakl\u0131k yelpazesinde g\u00fcvenilir bir \u015fekilde performans g\u00f6sterir ve bu da onu \u00e7e\u015fitli i\u015fleme a\u015famalar\u0131 i\u00e7in uygun hale getirir.<\/li>\n<li><strong>Dayan\u0131kl\u0131 Yap\u0131:<\/strong> 304 paslanmaz \u00e7elik \u00f6rg\u00fcyle g\u00fc\u00e7lendirilmi\u015f bu <strong>\u0130\u00e7 D\u00fcz D\u0131\u015f Dalga Oluklu Boru<\/strong> m\u00fckemmel bas\u0131n\u00e7 direnci ve fiziksel dayan\u0131kl\u0131l\u0131k sunar, \u00e7ekirde\u011fi a\u015f\u0131nma ve d\u0131\u015f darbelerden korur.<\/li>\n<li><strong>Yap\u0131\u015fmaz Y\u00fczey:<\/strong> PTFE&#039;nin do\u011fal d\u00fc\u015f\u00fck s\u00fcrt\u00fcnme ve yap\u0131\u015fmazl\u0131k \u00f6zellikleri, tam drenaj\u0131 kolayla\u015ft\u0131r\u0131r ve temizleme i\u015flemlerini basitle\u015ftirir, b\u00f6ylece duru\u015f s\u00fcresini ve \u00e7apraz bula\u015fma risklerini azalt\u0131r.<\/li>\n<\/ul>\n<hr \/>\n<h3 id=\"-technical-specifications-\"><strong>Teknik \u00d6zellikler<\/strong><\/h3>\n<p>A\u015fa\u011f\u0131daki tablo 304 Paslanmaz \u00c7elik \u00d6rg\u00fcl\u00fc \u00fcr\u00fcnlerimizin standart \u00f6zelliklerini \u00f6zetlemektedir. <strong>PTFE K\u00f6r\u00fck Borusu<\/strong>\u00d6zel gereksinimlerinizi kar\u015f\u0131lamak i\u00e7in \u00f6zel boyutlar ve yap\u0131land\u0131rmalar mevcuttur.<\/p>\n<table>\n<thead>\n<tr>\n<th style=\"text-align: left;\">Boyut<\/th>\n<th style=\"text-align: left;\">\u0130\u00e7 \u00c7ap (mm)<\/th>\n<th style=\"text-align: left;\">D\u0131\u015f \u00c7ap (mm)<\/th>\n<th style=\"text-align: left;\">\u00c7al\u0131\u015fma Bas\u0131nc\u0131 (bar)<\/th>\n<th style=\"text-align: left;\">Patlama Bas\u0131nc\u0131 (bar)<\/th>\n<th style=\"text-align: left;\">Min. B\u00fckme Yar\u0131\u00e7ap\u0131 (mm)<\/th>\n<\/tr>\n<\/thead>\n<tbody>\n<tr>\n<td style=\"text-align: left;\">1\/4&#8243;<\/td>\n<td style=\"text-align: left;\">6,1\u00b10,3<\/td>\n<td style=\"text-align: left;\">9,9\u00b10,3<\/td>\n<td style=\"text-align: left;\">183<\/td>\n<td style=\"text-align: left;\">551<\/td>\n<td style=\"text-align: left;\">45<\/td>\n<\/tr>\n<tr>\n<td style=\"text-align: left;\">5\/16&#8243;<\/td>\n<td style=\"text-align: left;\">7,8\u00b10,3<\/td>\n<td style=\"text-align: left;\">11,4\u00b10,3<\/td>\n<td style=\"text-align: left;\">155<\/td>\n<td style=\"text-align: left;\">466<\/td>\n<td style=\"text-align: left;\">50<\/td>\n<\/tr>\n<tr>\n<td style=\"text-align: left;\">3\/8&#8243;<\/td>\n<td style=\"text-align: left;\">9,6\u00b10,3<\/td>\n<td style=\"text-align: left;\">14.1\u00b10.3<\/td>\n<td style=\"text-align: left;\">138<\/td>\n<td style=\"text-align: left;\">414<\/td>\n<td style=\"text-align: left;\">55<\/td>\n<\/tr>\n<tr>\n<td style=\"text-align: left;\">1\/2&#8243;<\/td>\n<td style=\"text-align: left;\">12,7\u00b10,3<\/td>\n<td style=\"text-align: left;\">17,2\u00b10,3<\/td>\n<td style=\"text-align: left;\">110<\/td>\n<td style=\"text-align: left;\">331<\/td>\n<td style=\"text-align: left;\">60<\/td>\n<\/tr>\n<tr>\n<td style=\"text-align: left;\">5\/8&#8243;<\/td>\n<td style=\"text-align: left;\">15,7\u00b10,3<\/td>\n<td style=\"text-align: left;\">20,7\u00b10,3<\/td>\n<td style=\"text-align: left;\">95<\/td>\n<td style=\"text-align: left;\">286<\/td>\n<td style=\"text-align: left;\">70<\/td>\n<\/tr>\n<tr>\n<td style=\"text-align: left;\">3\/4&#8243;<\/td>\n<td style=\"text-align: left;\">18,8\u00b10,3<\/td>\n<td style=\"text-align: left;\">23,7\u00b10,3<\/td>\n<td style=\"text-align: left;\">81<\/td>\n<td style=\"text-align: left;\">245<\/td>\n<td style=\"text-align: left;\">80<\/td>\n<\/tr>\n<tr>\n<td style=\"text-align: left;\">1&#8243;<\/td>\n<td style=\"text-align: left;\">25,4\u00b10,3<\/td>\n<td style=\"text-align: left;\">29\u00b10,3<\/td>\n<td style=\"text-align: left;\">70<\/td>\n<td style=\"text-align: left;\">211<\/td>\n<td style=\"text-align: left;\">135<\/td>\n<\/tr>\n<\/tbody>\n<\/table>\n<hr \/>\n<h3 id=\"-primary-applications-\"><strong>Birincil Uygulamalar<\/strong><\/h3>\n<p>Bu \u00e7ok y\u00f6nl\u00fc boru, a\u015fa\u011f\u0131dakiler de dahil olmak \u00fczere kritik uygulamalar i\u00e7in tercih edilen se\u00e7imdir:<\/p>\n<ul>\n<li><strong>\u0130la\u00e7 ve Biyoproses:<\/strong> Aktif farmas\u00f6tik bile\u015fenlerin (API), saf suyun (WFI) ve steril besiyerlerinin transferi.<\/li>\n<li><strong>Yiyecek ve \u0130\u00e7ecek:<\/strong> Hijyenin en \u00f6nemli oldu\u011fu viskoz s\u0131v\u0131lar, s\u00fct \u00fcr\u00fcnleri ve i\u00e7eceklerin i\u015flenmesi.<\/li>\n<li><strong>Kimyasal \u0130\u015fleme:<\/strong> A\u015f\u0131nd\u0131r\u0131c\u0131 asitlerin, bazlar\u0131n ve \u00e7\u00f6z\u00fcc\u00fclerin g\u00fcvenli transferi.<\/li>\n<li><strong>Kozmetikler:<\/strong> Losyonlar, kremler ve di\u011fer hassas form\u00fclasyonlar i\u00e7in \u00fcretim hatlar\u0131.<\/li>\n<li><strong>Laboratuvarlar ve Ara\u015ft\u0131rma:<\/strong> Analitik ve bilimsel ekipmanlar i\u00e7in y\u00fcksek safl\u0131kta ak\u0131\u015fkan hatlar\u0131.<\/li>\n<\/ul>\n<hr \/>\n<h3 id=\"-why-choose-teflon-x-\"><strong>Neden Teflon X&#039;i Se\u00e7melisiniz?<\/strong><\/h3>\n<p>Teflon X, geli\u015fmi\u015f boru \u00e7\u00f6z\u00fcmleri i\u00e7in g\u00fcvenilir orta\u011f\u0131n\u0131zd\u0131r. Uzman teknik destekle desteklenen en y\u00fcksek kalitede \u00fcr\u00fcnler sunmaya kararl\u0131y\u0131z. <strong>\u0130\u00e7i D\u00fcz Delikli D\u0131\u015f\u0131 Oluklu PTFE Boru<\/strong> end\u00fcstri standartlar\u0131n\u0131 a\u015facak \u015fekilde \u00fcretilmi\u015ftir, bu sayede hem g\u00fcvenilir hem de verimli bir \u00fcr\u00fcn elde edersiniz.<\/p>\n<h3 id=\"-request-a-quote-\"><strong>Teklif \u0130steyin<\/strong><\/h3>\n<p>Y\u00fcksek performans\u0131m\u0131zla operasyonlar\u0131n\u0131z\u0131 geli\u015ftirmeye haz\u0131r\u0131z <strong>PTFE K\u00f6r\u00fck Borusu<\/strong>? Uygulama ihtiya\u00e7lar\u0131n\u0131z\u0131 g\u00f6r\u00fc\u015fmek, numune talep etmek veya ki\u015fiselle\u015ftirilmi\u015f bir teklif almak i\u00e7in bug\u00fcn uzman ekibimizle ileti\u015fime ge\u00e7in.<\/p>\n<p><strong>\u0130leti\u015fim sayfam\u0131z\u0131 ziyaret edin:<\/strong> <strong><a href=\"https:\/\/teflonx.com\/tr\/bize-ulasin\/\" target=\"_blank\" rel=\"noopener\">https:\/\/teflonx.com\/contact-us\/<\/a><\/strong><\/p>\n<p><strong>Bize do\u011frudan e-posta g\u00f6nderin:<\/strong> <strong><a href=\"mailto:Allison.Ye@teflonx.com\" target=\"_blank\" rel=\"noopener\">Allison.Ye@teflonx.com<\/a><\/strong><\/p>\n<p>M\u00fckemmel \u00e7\u00f6z\u00fcm\u00fc bulman\u0131za yard\u0131mc\u0131 olmay\u0131 d\u00f6rt g\u00f6zle bekliyoruz <strong><a href=\"https:\/\/teflonx.com\/tr\/\" target=\"_blank\" rel=\"noopener\">https:\/\/teflonx.com\/<\/a><\/strong>.<\/p>","protected":false},"excerpt":{"rendered":"<p>\u0130\u00e7 k\u0131sm\u0131 d\u00fcz, d\u0131\u015f k\u0131sm\u0131 oluklu tasar\u0131ma sahip PTFE K\u00f6r\u00fckl\u00fc Boru, farmas\u00f6tik uygulamalar i\u00e7in hijyenik ve kirletici olmayan bir performans sunar. \u0130\u00e7i P\u00fcr\u00fczs\u00fcz Delikli D\u0131\u015f\u0131 Oluklu PTFE Boru, sert dezenfektanlara kar\u015f\u0131 diren\u00e7 g\u00f6sterirken, \u00fcr\u00fcn\u00fcn sorunsuz bir \u015fekilde aktar\u0131lmas\u0131n\u0131 sa\u011flar.<\/p>\n<p>Steril ortamlara uygun olan \u0130\u00e7 D\u00fcz D\u0131\u015f Dalga Oluklu Boru, ila\u00e7 \u00fcretim s\u00fcre\u00e7lerinde safl\u0131\u011f\u0131 korurken, mukavemetten \u00f6d\u00fcn vermeden esneklik sunar.<\/p>\n<p>Verimlili\u011fi art\u0131rmak i\u00e7in bu PTFE \u0130\u00e7 D\u00fcz D\u0131\u015f Oluklu Boruyu tercih edin; PTFE \u0130\u00e7 D\u00fcz D\u0131\u015f Oluklu Boruya benzer k\u00f6r\u00fck benzeri yap\u0131s\u0131, s\u0131k\u0131 end\u00fcstri standartlar\u0131na uyumu sa\u011flar.<\/p>","protected":false},"featured_media":830,"comment_status":"open","ping_status":"closed","template":"","meta":{"site-sidebar-layout":"default","site-content-layout":"","ast-site-content-layout":"default","site-content-style":"default","site-sidebar-style":"default","ast-global-header-display":"","ast-banner-title-visibility":"","ast-main-header-display":"","ast-hfb-above-header-display":"","ast-hfb-below-header-display":"","ast-hfb-mobile-header-display":"","site-post-title":"","ast-breadcrumbs-content":"","ast-featured-img":"","footer-sml-layout":"","ast-disable-related-posts":"","theme-transparent-header-meta":"default","adv-header-id-meta":"","stick-header-meta":"","header-above-stick-meta":"","header-main-stick-meta":"","header-below-stick-meta":"","astra-migrate-meta-layouts":"set","ast-page-background-enabled":"default","ast-page-background-meta":{"desktop":{"background-color":"var(--ast-global-color-5)","background-image":"","background-repeat":"repeat","background-position":"center center","background-size":"auto","background-attachment":"scroll","background-type":"","background-media":"","overlay-type":"","overlay-color":"","overlay-opacity":"","overlay-gradient":""},"tablet":{"background-color":"","background-image":"","background-repeat":"repeat","background-position":"center center","background-size":"auto","background-attachment":"scroll","background-type":"","background-media":"","overlay-type":"","overlay-color":"","overlay-opacity":"","overlay-gradient":""},"mobile":{"background-color":"","background-image":"","background-repeat":"repeat","background-position":"center center","background-size":"auto","background-attachment":"scroll","background-type":"","background-media":"","overlay-type":"","overlay-color":"","overlay-opacity":"","overlay-gradient":""}},"ast-content-background-meta":{"desktop":{"background-color":"var(--ast-global-color-4)","background-image":"","background-repeat":"repeat","background-position":"center center","background-size":"auto","background-attachment":"scroll","background-type":"","background-media":"","overlay-type":"","overlay-color":"","overlay-opacity":"","overlay-gradient":""},"tablet":{"background-color":"var(--ast-global-color-4)","background-image":"","background-repeat":"repeat","background-position":"center center","background-size":"auto","background-attachment":"scroll","background-type":"","background-media":"","overlay-type":"","overlay-color":"","overlay-opacity":"","overlay-gradient":""},"mobile":{"background-color":"var(--ast-global-color-4)","background-image":"","background-repeat":"repeat","background-position":"center center","background-size":"auto","background-attachment":"scroll","background-type":"","background-media":"","overlay-type":"","overlay-color":"","overlay-opacity":"","overlay-gradient":""}}},"product_brand":[290],"product_cat":[42],"product_tag":[291,292,297],"class_list":{"0":"post-829","1":"product","2":"type-product","3":"status-publish","4":"has-post-thumbnail","6":"product_brand-teflon-x","7":"product_cat-ptfe-corrugated-hoses","8":"product_tag-inner-smooth-bore-outer-corrugated-ptfe-tube","9":"product_tag-internal-flat-external-wave-corrugated-pipe","10":"product_tag-ptfe-bellows-tube","11":"desktop-align-left","12":"tablet-align-left","13":"mobile-align-left","15":"first","16":"instock","17":"shipping-taxable","18":"product-type-simple"},"_links":{"self":[{"href":"https:\/\/teflonx.com\/tr\/wp-json\/wp\/v2\/product\/829","targetHints":{"allow":["GET"]}}],"collection":[{"href":"https:\/\/teflonx.com\/tr\/wp-json\/wp\/v2\/product"}],"about":[{"href":"https:\/\/teflonx.com\/tr\/wp-json\/wp\/v2\/types\/product"}],"replies":[{"embeddable":true,"href":"https:\/\/teflonx.com\/tr\/wp-json\/wp\/v2\/comments?post=829"}],"wp:featuredmedia":[{"embeddable":true,"href":"https:\/\/teflonx.com\/tr\/wp-json\/wp\/v2\/media\/830"}],"wp:attachment":[{"href":"https:\/\/teflonx.com\/tr\/wp-json\/wp\/v2\/media?parent=829"}],"wp:term":[{"taxonomy":"product_brand","embeddable":true,"href":"https:\/\/teflonx.com\/tr\/wp-json\/wp\/v2\/product_brand?post=829"},{"taxonomy":"product_cat","embeddable":true,"href":"https:\/\/teflonx.com\/tr\/wp-json\/wp\/v2\/product_cat?post=829"},{"taxonomy":"product_tag","embeddable":true,"href":"https:\/\/teflonx.com\/tr\/wp-json\/wp\/v2\/product_tag?post=829"}],"curies":[{"name":"wp","href":"https:\/\/api.w.org\/{rel}","templated":true}]}}