{"id":831,"date":"2025-07-15T07:31:35","date_gmt":"2025-07-15T07:31:35","guid":{"rendered":"https:\/\/teflonx.com\/?post_type=product&#038;p=831"},"modified":"2025-07-19T02:43:09","modified_gmt":"2025-07-19T02:43:09","slug":"ic-puruzsuz-dis-oluklu-ptfe-boru","status":"publish","type":"product","link":"https:\/\/teflonx.com\/tr\/product\/ic-puruzsuz-dis-oluklu-ptfe-boru\/","title":{"rendered":"Y\u00fcksek S\u0131cakl\u0131kl\u0131 S\u0131v\u0131lar \u0130\u00e7in Dayan\u0131kl\u0131 \u0130\u00e7i P\u00fcr\u00fczs\u00fcz D\u0131\u015f\u0131 Oluklu PTFE Boru"},"content":{"rendered":"<h1 id=\"durable-inner-smooth-outer-corrugated-ptfe-pipe-for-high-temp-fluids\">Y\u00fcksek S\u0131cakl\u0131kl\u0131 S\u0131v\u0131lar \u0130\u00e7in Dayan\u0131kl\u0131 \u0130\u00e7i P\u00fcr\u00fczs\u00fcz D\u0131\u015f\u0131 Oluklu PTFE Boru<\/h1>\n<h2 id=\"product-overview\">\u00dcr\u00fcn Genel Bak\u0131\u015f\u0131<\/h2>\n<p>A\u015f\u0131r\u0131 ko\u015fullar i\u00e7in tasarlanm\u0131\u015f olan <strong>Dayan\u0131kl\u0131 \u0130\u00e7i P\u00fcr\u00fczs\u00fcz D\u0131\u015f\u0131 Oluklu PTFE Boru<\/strong> Kusursuz y\u00fcksek s\u0131cakl\u0131k s\u0131v\u0131 iletimi i\u00e7in d\u00fcz bir i\u00e7 deli\u011fe ve daha fazla dayan\u0131kl\u0131l\u0131k i\u00e7in oluklu bir d\u0131\u015f katmana sahiptir. Bu PTFE \u0130\u00e7 D\u00fcz D\u0131\u015f Oluklu Boru, termal bozulmaya ve kimyasal sald\u0131r\u0131lara kar\u015f\u0131 m\u00fckemmel diren\u00e7 g\u00f6stererek \u00e7e\u015fitli end\u00fcstriyel uygulamalar i\u00e7in g\u00fcvenilir bir se\u00e7imdir.<\/p>\n<p>\u0130\u00e7inde <strong>otomotiv<\/strong> Ve <strong>havac\u0131l\u0131k<\/strong> sekt\u00f6rler, <strong>\u0130\u00e7 D\u00fcz D\u0131\u015f Dalga Oluklu Hortum<\/strong> Bask\u0131 alt\u0131nda ola\u011fan\u00fcst\u00fc performans sa\u011flar. Bunu se\u00e7in <strong>\u0130\u00e7i D\u00fcz Delikli D\u0131\u015f\u0131 Oluklu PTFE Boru<\/strong> S\u0131cak ak\u0131\u015fkan sistemlerinde uzun vadeli g\u00fcvenilirlik sa\u011flayan sa\u011flaml\u0131\u011f\u0131 ve tasar\u0131m verimlili\u011fi nedeniyle bir varyantt\u0131r.<\/p>\n<h2 id=\"key-features\">Temel \u00d6zellikler<\/h2>\n<ul>\n<li><strong>Y\u00fcksek s\u0131cakl\u0131k direnci<\/strong>: A\u015f\u0131r\u0131 \u00e7al\u0131\u015fma ko\u015fullar\u0131na uygundur.<\/li>\n<li><strong>Kimyasal dayan\u0131kl\u0131l\u0131k<\/strong>: Agresif s\u0131v\u0131lara kar\u015f\u0131 bozulmadan dayanacak \u015fekilde tasarlanm\u0131\u015ft\u0131r.<\/li>\n<li><strong>Sa\u011flam yap\u0131<\/strong>: Oluklu d\u0131\u015f y\u00fczey dayan\u0131kl\u0131l\u0131\u011f\u0131 ve esnekli\u011fi art\u0131r\u0131r.<\/li>\n<li><strong>P\u00fcr\u00fczs\u00fcz i\u00e7 delik<\/strong>: Verimli ak\u0131\u015fkan ak\u0131\u015f\u0131n\u0131 kolayla\u015ft\u0131r\u0131r ve t\u00fcrb\u00fclans\u0131 en aza indirir.<\/li>\n<\/ul>\n<h2 id=\"technical-specifications\">Teknik \u00d6zellikler<\/h2>\n<table>\n<thead>\n<tr>\n<th style=\"text-align: center;\"><strong>Boyut (in\u00e7)<\/strong><\/th>\n<th style=\"text-align: center;\"><strong>\u0130\u00e7 \u00c7ap (mm)<\/strong><\/th>\n<th style=\"text-align: center;\"><strong>D\u0131\u015f \u00c7ap (mm)<\/strong><\/th>\n<th style=\"text-align: center;\"><strong>\u00c7al\u0131\u015fma Bas\u0131nc\u0131 (bar)<\/strong><\/th>\n<th style=\"text-align: center;\"><strong>Patlama Bas\u0131nc\u0131 (bar)<\/strong><\/th>\n<th style=\"text-align: center;\"><strong>Minimum B\u00fck\u00fclme Yar\u0131\u00e7ap\u0131 (mm)<\/strong><\/th>\n<\/tr>\n<\/thead>\n<tbody>\n<tr>\n<td style=\"text-align: center;\">1\/4&#8243;<\/td>\n<td style=\"text-align: center;\">6,1 \u00b1 0,3<\/td>\n<td style=\"text-align: center;\">9,9 \u00b1 0,3<\/td>\n<td style=\"text-align: center;\">183<\/td>\n<td style=\"text-align: center;\">551<\/td>\n<td style=\"text-align: center;\">45<\/td>\n<\/tr>\n<tr>\n<td style=\"text-align: center;\">5\/16&#8243;<\/td>\n<td style=\"text-align: center;\">7,8 \u00b1 0,3<\/td>\n<td style=\"text-align: center;\">11,4 \u00b1 0,3<\/td>\n<td style=\"text-align: center;\">155<\/td>\n<td style=\"text-align: center;\">466<\/td>\n<td style=\"text-align: center;\">50<\/td>\n<\/tr>\n<tr>\n<td style=\"text-align: center;\">3\/8&#8243;<\/td>\n<td style=\"text-align: center;\">9,6 \u00b1 0,3<\/td>\n<td style=\"text-align: center;\">14,1 \u00b1 0,3<\/td>\n<td style=\"text-align: center;\">138<\/td>\n<td style=\"text-align: center;\">414<\/td>\n<td style=\"text-align: center;\">55<\/td>\n<\/tr>\n<tr>\n<td style=\"text-align: center;\">1\/2&#8243;<\/td>\n<td style=\"text-align: center;\">12,7 \u00b1 0,3<\/td>\n<td style=\"text-align: center;\">17,2 \u00b1 0,3<\/td>\n<td style=\"text-align: center;\">110<\/td>\n<td style=\"text-align: center;\">331<\/td>\n<td style=\"text-align: center;\">60<\/td>\n<\/tr>\n<tr>\n<td style=\"text-align: center;\">5\/8&#8243;<\/td>\n<td style=\"text-align: center;\">15,7 \u00b1 0,3<\/td>\n<td style=\"text-align: center;\">20,7 \u00b1 0,3<\/td>\n<td style=\"text-align: center;\">95<\/td>\n<td style=\"text-align: center;\">286<\/td>\n<td style=\"text-align: center;\">70<\/td>\n<\/tr>\n<tr>\n<td style=\"text-align: center;\">3\/4&#8243;<\/td>\n<td style=\"text-align: center;\">18,8 \u00b1 0,3<\/td>\n<td style=\"text-align: center;\">23,7 \u00b1 0,3<\/td>\n<td style=\"text-align: center;\">81<\/td>\n<td style=\"text-align: center;\">245<\/td>\n<td style=\"text-align: center;\">80<\/td>\n<\/tr>\n<tr>\n<td style=\"text-align: center;\">1&#8243;<\/td>\n<td style=\"text-align: center;\">25,4 \u00b1 0,3<\/td>\n<td style=\"text-align: center;\">29 \u00b1 0,3<\/td>\n<td style=\"text-align: center;\">70<\/td>\n<td style=\"text-align: center;\">211<\/td>\n<td style=\"text-align: center;\">135<\/td>\n<\/tr>\n<\/tbody>\n<\/table>\n<p><em>Yukar\u0131daki \u00f6zellikler, standart \u0130\u00e7i D\u00fcz D\u0131\u015f\u0131 Oluklu PTFE Borumuzu temsil etmektedir. Daha b\u00fcy\u00fck \u00e7aplar, daha y\u00fcksek \u00e7al\u0131\u015fma bas\u0131n\u00e7lar\u0131, daha iyi diren\u00e7 kapasiteleri veya daha k\u00fc\u00e7\u00fck b\u00fck\u00fclme yar\u0131\u00e7aplar\u0131 i\u00e7in l\u00fctfen bizimle ileti\u015fime ge\u00e7in.<\/em><\/p>\n<h2 id=\"contact-us\">Bize Ula\u015f\u0131n<\/h2>\n<p>Daha fazla bilgi almak veya sipari\u015f vermek i\u00e7in l\u00fctfen \u015fu adresi ziyaret edin: <a href=\"https:\/\/teflonx.com\/tr\/bize-ulasin\/\" target=\"_blank\" rel=\"noopener\">\u0130leti\u015fim Sayfas\u0131<\/a> veya e-posta yoluyla bize ula\u015f\u0131n <a href=\"mailto:Allison.Ye@teflonx.com\" target=\"_blank\" rel=\"noopener\">Allison.Ye@teflonx.com<\/a>.<\/p>\n<p>\u00dcr\u00fcnlerimiz hakk\u0131nda daha fazla bilgi edinmek i\u00e7in: <a href=\"https:\/\/teflonx.com\/tr\/\" target=\"_blank\" rel=\"noopener\">teflon X<\/a>.<\/p>\n<hr \/>\n<p>Bu ayr\u0131nt\u0131l\u0131 bilgi, kapsaml\u0131 bir genel bak\u0131\u015f sa\u011flamay\u0131 ama\u00e7lamaktad\u0131r. <strong>\u0130\u00e7i D\u00fcz D\u0131\u015f\u0131 Oluklu PTFE Boru<\/strong>, optimum arama g\u00f6r\u00fcn\u00fcrl\u00fc\u011f\u00fc i\u00e7in anahtar kelime yo\u011funlu\u011funu korurken benzersiz \u00f6zelliklerini ve teknik \u00f6zelliklerini vurgular.<\/p>","protected":false},"excerpt":{"rendered":"<p>Zorlu ko\u015fullar i\u00e7in tasarlanan Dayan\u0131kl\u0131 \u0130\u00e7i D\u00fcz D\u0131\u015f\u0131 Oluklu PTFE Borumuz, y\u00fcksek s\u0131cakl\u0131ktaki s\u0131v\u0131lar\u0131n kusursuz bir \u015fekilde ta\u015f\u0131nmas\u0131 i\u00e7in d\u00fcz bir i\u00e7 deli\u011fe ve daha fazla dayan\u0131kl\u0131l\u0131k i\u00e7in oluklu bir d\u0131\u015f y\u00fczeye sahiptir. Bu PTFE \u0130\u00e7i D\u00fcz D\u0131\u015f\u0131 Oluklu Boru, termal bozulmaya ve kimyasal sald\u0131r\u0131lara kar\u015f\u0131 m\u00fckemmel diren\u00e7 g\u00f6sterir.<\/p>\n<p>Otomotiv ve havac\u0131l\u0131k sekt\u00f6rlerinde, \u0130\u00e7 D\u00fcz D\u0131\u015f Dalga Oluklu Hortum bas\u0131n\u00e7 alt\u0131nda g\u00fcvenilir performans sa\u011flar.<\/p>\n<p>Sa\u011flaml\u0131\u011f\u0131 nedeniyle \u0130\u00e7 D\u00fcz Delikli D\u0131\u015f Oluklu PTFE Borunun bu \u00e7e\u015fidini se\u00e7in; PTFE \u0130\u00e7 D\u00fcz D\u0131\u015f Oluklu Boru tasar\u0131m\u0131n\u0131 tekrarlamak, s\u0131cak ak\u0131\u015fkan sistemlerinde uzun vadeli verimlilik sa\u011flar.<\/p>","protected":false},"featured_media":832,"comment_status":"open","ping_status":"closed","template":"","meta":{"site-sidebar-layout":"default","site-content-layout":"","ast-site-content-layout":"default","site-content-style":"default","site-sidebar-style":"default","ast-global-header-display":"","ast-banner-title-visibility":"","ast-main-header-display":"","ast-hfb-above-header-display":"","ast-hfb-below-header-display":"","ast-hfb-mobile-header-display":"","site-post-title":"","ast-breadcrumbs-content":"","ast-featured-img":"","footer-sml-layout":"","ast-disable-related-posts":"","theme-transparent-header-meta":"default","adv-header-id-meta":"","stick-header-meta":"","header-above-stick-meta":"","header-main-stick-meta":"","header-below-stick-meta":"","astra-migrate-meta-layouts":"set","ast-page-background-enabled":"default","ast-page-background-meta":{"desktop":{"background-color":"var(--ast-global-color-5)","background-image":"","background-repeat":"repeat","background-position":"center center","background-size":"auto","background-attachment":"scroll","background-type":"","background-media":"","overlay-type":"","overlay-color":"","overlay-opacity":"","overlay-gradient":""},"tablet":{"background-color":"","background-image":"","background-repeat":"repeat","background-position":"center center","background-size":"auto","background-attachment":"scroll","background-type":"","background-media":"","overlay-type":"","overlay-color":"","overlay-opacity":"","overlay-gradient":""},"mobile":{"background-color":"","background-image":"","background-repeat":"repeat","background-position":"center center","background-size":"auto","background-attachment":"scroll","background-type":"","background-media":"","overlay-type":"","overlay-color":"","overlay-opacity":"","overlay-gradient":""}},"ast-content-background-meta":{"desktop":{"background-color":"var(--ast-global-color-4)","background-image":"","background-repeat":"repeat","background-position":"center center","background-size":"auto","background-attachment":"scroll","background-type":"","background-media":"","overlay-type":"","overlay-color":"","overlay-opacity":"","overlay-gradient":""},"tablet":{"background-color":"var(--ast-global-color-4)","background-image":"","background-repeat":"repeat","background-position":"center center","background-size":"auto","background-attachment":"scroll","background-type":"","background-media":"","overlay-type":"","overlay-color":"","overlay-opacity":"","overlay-gradient":""},"mobile":{"background-color":"var(--ast-global-color-4)","background-image":"","background-repeat":"repeat","background-position":"center center","background-size":"auto","background-attachment":"scroll","background-type":"","background-media":"","overlay-type":"","overlay-color":"","overlay-opacity":"","overlay-gradient":""}}},"product_brand":[290],"product_cat":[42],"product_tag":[298,296,299],"class_list":{"0":"post-831","1":"product","2":"type-product","3":"status-publish","4":"has-post-thumbnail","6":"product_brand-teflon-x","7":"product_cat-ptfe-corrugated-hoses","8":"product_tag-inner-smooth-outer-corrugated-ptfe-pipe","9":"product_tag-internal-flat-external-wave-corrugated-hose","10":"product_tag-ptfe-inner-flat-outer-corrugated-tube","11":"desktop-align-left","12":"tablet-align-left","13":"mobile-align-left","15":"first","16":"instock","17":"shipping-taxable","18":"product-type-simple"},"_links":{"self":[{"href":"https:\/\/teflonx.com\/tr\/wp-json\/wp\/v2\/product\/831","targetHints":{"allow":["GET"]}}],"collection":[{"href":"https:\/\/teflonx.com\/tr\/wp-json\/wp\/v2\/product"}],"about":[{"href":"https:\/\/teflonx.com\/tr\/wp-json\/wp\/v2\/types\/product"}],"replies":[{"embeddable":true,"href":"https:\/\/teflonx.com\/tr\/wp-json\/wp\/v2\/comments?post=831"}],"wp:featuredmedia":[{"embeddable":true,"href":"https:\/\/teflonx.com\/tr\/wp-json\/wp\/v2\/media\/832"}],"wp:attachment":[{"href":"https:\/\/teflonx.com\/tr\/wp-json\/wp\/v2\/media?parent=831"}],"wp:term":[{"taxonomy":"product_brand","embeddable":true,"href":"https:\/\/teflonx.com\/tr\/wp-json\/wp\/v2\/product_brand?post=831"},{"taxonomy":"product_cat","embeddable":true,"href":"https:\/\/teflonx.com\/tr\/wp-json\/wp\/v2\/product_cat?post=831"},{"taxonomy":"product_tag","embeddable":true,"href":"https:\/\/teflonx.com\/tr\/wp-json\/wp\/v2\/product_tag?post=831"}],"curies":[{"name":"wp","href":"https:\/\/api.w.org\/{rel}","templated":true}]}}