{"id":833,"date":"2025-07-15T08:01:37","date_gmt":"2025-07-15T08:01:37","guid":{"rendered":"https:\/\/teflonx.com\/?post_type=product&#038;p=833"},"modified":"2025-07-19T02:41:39","modified_gmt":"2025-07-19T02:41:39","slug":"ptfe-ic-duz-dis-oluklu-boru-3","status":"publish","type":"product","link":"https:\/\/teflonx.com\/tr\/product\/ptfe-ic-duz-dis-oluklu-boru-3\/","title":{"rendered":"G\u0131da \u0130\u015fleme \u0130\u00e7in Esnek PTFE \u0130\u00e7 D\u00fcz D\u0131\u015f Oluklu Boru"},"content":{"rendered":"<h1 id=\"flexible-ptfe-inner-flat-outer-corrugated-tubing-for-food-processing\">G\u0131da \u0130\u015fleme \u0130\u00e7in Esnek PTFE \u0130\u00e7 D\u00fcz D\u0131\u015f Oluklu Boru<\/h1>\n<p><strong>\u015eirket:<\/strong> teflon X<br \/>\n<strong>Web sitesi:<\/strong> <a href=\"https:\/\/teflonx.com\/tr\/\" target=\"_blank\" rel=\"noopener\">https:\/\/teflonx.com\/<\/a><br \/>\n<strong>\u0130leti\u015fim Sayfas\u0131:<\/strong> <a href=\"https:\/\/teflonx.com\/tr\/bize-ulasin\/\" target=\"_blank\" rel=\"noopener\">https:\/\/teflonx.com\/contact-us\/<\/a><br \/>\n<strong>E-posta:<\/strong> Allison.Ye@teflonx.com<\/p>\n<hr \/>\n<h2 id=\"product-description\">\u00dcr\u00fcn A\u00e7\u0131klamas\u0131<\/h2>\n<p>Teflon X&#039;ler <strong>Esnek PTFE \u0130\u00e7 D\u00fcz D\u0131\u015f Oluklu Boru<\/strong> G\u0131da i\u015fleme uygulamalar\u0131 i\u00e7in \u00f6zel olarak tasarlanm\u0131\u015f olup, hijyenik ve esnek s\u0131v\u0131 transferi i\u00e7in ideal bir \u00e7\u00f6z\u00fcm sunar. Bu boru, <strong>p\u00fcr\u00fczs\u00fcz i\u00e7 katman<\/strong> (\u0130\u00e7 P\u00fcr\u00fczs\u00fcz Delik) zahmetsiz temizli\u011fi kolayla\u015ft\u0131r\u0131r ve kal\u0131nt\u0131 birikimini azalt\u0131rken, <strong>oluklu d\u0131\u015f katman<\/strong> Esnekli\u011fi ve b\u00fck\u00fclebilirli\u011fi en \u00fcst d\u00fczeye \u00e7\u0131kar\u0131r, bu sayede karma\u015f\u0131k borulama d\u00fczenleri ve g\u0131da i\u015fleme hatlar\u0131ndaki s\u0131k hareketler i\u00e7in uygundur.<\/p>\n<p>Bizim <strong>Esnek PTFE \u0130\u00e7 D\u00fcz D\u0131\u015f Oluklu Boru<\/strong> Y\u00fcksek kaliteli PTFE&#039;den \u00fcretilmi\u015ftir, FDA uyumlulu\u011funu ve toksik olmayan, tats\u0131z g\u0131da, i\u00e7ecek ve di\u011fer hassas malzemelerin transferini garanti eder. <strong>PTFE K\u00f6r\u00fck Borusu<\/strong> Tasar\u0131m\u0131, viskoz veya yap\u0131\u015fkan malzemelerin ta\u015f\u0131nmas\u0131, aroma bozulmas\u0131n\u0131n \u00f6nlenmesi ve s\u0131k y\u0131kamalara dayan\u0131kl\u0131l\u0131k i\u00e7in m\u00fckemmeldir. T\u00fcp\u00fcn ola\u011fan\u00fcst\u00fc kimyasal direnci ve dayan\u0131kl\u0131l\u0131\u011f\u0131, onu zorlu ortamlar i\u00e7in g\u00fcvenilir bir se\u00e7im haline getirir.<\/p>\n<p>Dahil et <strong>\u0130\u00e7 D\u00fcz D\u0131\u015f Dalga Oluklu Boru<\/strong> \u00dcst\u00fcn hijyen standartlar\u0131 ve uzun \u00f6m\u00fcrl\u00fc performans i\u00e7in kurulumunuza entegre edin. Benzersiz yap\u0131s\u0131 kontaminasyon riskini en aza indirir, tekrarlanan sterilizasyonu destekler ve ola\u011fan\u00fcst\u00fc mekanik ve termal stabilite sa\u011flar.<\/p>\n<hr \/>\n<h2 id=\"key-features\">Temel \u00d6zellikler<\/h2>\n<ul>\n<li><strong>Malzeme:<\/strong> Y\u00fcksek safl\u0131kta PTFE (Politetrafloroetilen)<\/li>\n<li><strong>\u0130\u00e7 Y\u00fczey:<\/strong> Kolay temizlik ve daha az kal\u0131nt\u0131 i\u00e7in d\u00fcz, p\u00fcr\u00fczs\u00fcz delik<\/li>\n<li><strong>D\u0131\u015f Y\u00fczey:<\/strong> Maksimum esneklik ve k\u0131vr\u0131lma direnci i\u00e7in oluklu<\/li>\n<li><strong>Uyumluluk:<\/strong> FDA onayl\u0131, toksik olmayan ve g\u0131da g\u00fcvenli<\/li>\n<li><strong>S\u0131cakl\u0131k Dayan\u0131m\u0131:<\/strong> Geni\u015f bir s\u0131cakl\u0131k aral\u0131\u011f\u0131na uygundur<\/li>\n<li><strong>Kimyasal Diren\u00e7:<\/strong> \u00c7o\u011fu kimyasala, \u00e7\u00f6z\u00fcc\u00fcye ve temizlik maddesine kar\u015f\u0131 etkisizdir<\/li>\n<li><strong>Uygulamalar:<\/strong> G\u0131da i\u015fleme, i\u00e7ecek transferi, s\u00fct \u00fcr\u00fcnleri, ila\u00e7, kozmetik ve kimya end\u00fcstrileri<\/li>\n<\/ul>\n<hr \/>\n<h2 id=\"typical-applications\">Tipik Uygulamalar<\/h2>\n<ul>\n<li>G\u0131da ve i\u00e7ecek transfer hatlar\u0131<\/li>\n<li>S\u00fct ve s\u0131v\u0131 dolum ekipmanlar\u0131<\/li>\n<li>\u0130la\u00e7 ve kozmetik \u00fcretimi<\/li>\n<li>Kimyasal i\u015fleme ve laboratuvar kullan\u0131m\u0131<\/li>\n<li>Esnek, hijyenik ve korozyona dayan\u0131kl\u0131 borulama gerektiren her t\u00fcrl\u00fc sistem<\/li>\n<\/ul>\n<hr \/>\n<h2 id=\"technical-parameters\">Teknik Parametreler<\/h2>\n<table>\n<thead>\n<tr>\n<th>Boyut<\/th>\n<th>\u0130\u00e7 \u00c7ap (mm)<\/th>\n<th>D\u0131\u015f \u00c7ap (mm)<\/th>\n<th>\u00c7al\u0131\u015fma Bas\u0131nc\u0131 (bar)<\/th>\n<th>Patlama Bas\u0131nc\u0131 (bar)<\/th>\n<th>Min. B\u00fck\u00fclme Yar\u0131\u00e7ap\u0131 (mm)<\/th>\n<\/tr>\n<\/thead>\n<tbody>\n<tr>\n<td>1\/4&#8243;<\/td>\n<td>6,1\u00b10,3<\/td>\n<td>9,9\u00b10,3<\/td>\n<td>183<\/td>\n<td>551<\/td>\n<td>45<\/td>\n<\/tr>\n<tr>\n<td>5\/16&#8243;<\/td>\n<td>7,8\u00b10,3<\/td>\n<td>11,4\u00b10,3<\/td>\n<td>155<\/td>\n<td>466<\/td>\n<td>50<\/td>\n<\/tr>\n<tr>\n<td>3\/8&#8243;<\/td>\n<td>9,6\u00b10,3<\/td>\n<td>14.1\u00b10.3<\/td>\n<td>138<\/td>\n<td>414<\/td>\n<td>55<\/td>\n<\/tr>\n<tr>\n<td>1\/2&#8243;<\/td>\n<td>12,7\u00b10,3<\/td>\n<td>17,2\u00b10,3<\/td>\n<td>110<\/td>\n<td>331<\/td>\n<td>60<\/td>\n<\/tr>\n<tr>\n<td>5\/8&#8243;<\/td>\n<td>15,7\u00b10,3<\/td>\n<td>20,7\u00b10,3<\/td>\n<td>95<\/td>\n<td>286<\/td>\n<td>70<\/td>\n<\/tr>\n<tr>\n<td>3\/4&#8243;<\/td>\n<td>18,8\u00b10,3<\/td>\n<td>23,7\u00b10,3<\/td>\n<td>81<\/td>\n<td>245<\/td>\n<td>80<\/td>\n<\/tr>\n<tr>\n<td>1&#8243;<\/td>\n<td>25,4\u00b10,3<\/td>\n<td>29\u00b10,3<\/td>\n<td>70<\/td>\n<td>211<\/td>\n<td>135<\/td>\n<\/tr>\n<\/tbody>\n<\/table>\n<hr \/>\n<h2 id=\"why-choose-teflon-x-s-flexible-ptfe-inner-flat-outer-corrugated-tubing-\">Neden Teflon X&#039;in Esnek PTFE \u0130\u00e7 D\u00fcz D\u0131\u015f Oluklu Borular\u0131n\u0131 Se\u00e7melisiniz?<\/h2>\n<ul>\n<li><strong>\u00dcst\u00fcn Hijyen:<\/strong> P\u00fcr\u00fczs\u00fcz i\u00e7 delik, birikmeyi \u00f6nler ve h\u0131zl\u0131, etkili temizlik sa\u011flayarak g\u0131da g\u00fcvenli\u011fi y\u00f6netmeliklerine uygundur.<\/li>\n<li><strong>Geli\u015fmi\u015f Esneklik:<\/strong> Oluklu tasar\u0131m, ola\u011fan\u00fcst\u00fc esneklik sa\u011flayarak dar veya karma\u015f\u0131k alanlarda montaj\u0131 ve bak\u0131m\u0131 kolayla\u015ft\u0131r\u0131r.<\/li>\n<li><strong>Dayan\u0131kl\u0131l\u0131k ve G\u00fcvenlik:<\/strong> Kimyasallara, y\u00fcksek s\u0131cakl\u0131klara ve tekrarlanan sterilizasyonlara kar\u015f\u0131 y\u00fcksek direnci, uzun s\u00fcreli ve g\u00fcvenli bir \u00e7al\u0131\u015fma sa\u011flar.<\/li>\n<li><strong>\u00c7ok Y\u00f6nl\u00fc Uygulamalar:<\/strong> G\u0131da, i\u00e7ecek, ila\u00e7 ve kimya end\u00fcstrilerinde ve esnek, hijyenik hortum gerektiren her t\u00fcrl\u00fc ortamda kullan\u0131ma uygundur.<\/li>\n<\/ul>\n<hr \/>\n<h2 id=\"order-contact\">Sipari\u015f &amp; \u0130leti\u015fim<\/h2>\n<p>Hakk\u0131m\u0131zda daha fazla bilgi i\u00e7in <strong>Esnek PTFE \u0130\u00e7 D\u00fcz D\u0131\u015f Oluklu Boru<\/strong>, <strong>\u0130\u00e7i D\u00fcz Delikli D\u0131\u015f\u0131 Oluklu PTFE Boru<\/strong>, veya <strong>PTFE K\u00f6r\u00fck Borusu<\/strong> \u00c7\u00f6z\u00fcmlerimiz i\u00e7in l\u00fctfen sitemizi ziyaret edin <a href=\"https:\/\/teflonx.com\/tr\/bize-ulasin\/\" target=\"_blank\" rel=\"noopener\">Bize Ula\u015f\u0131n sayfas\u0131<\/a> veya do\u011frudan bize e-posta g\u00f6nderin <strong>Allison.Ye@teflonx.com<\/strong>.<\/p>\n<hr \/>\n<blockquote><p>G\u0131da i\u015fleme hatlar\u0131n\u0131z\u0131n en iyi ekipmanlarla donat\u0131ld\u0131\u011f\u0131ndan emin olun; g\u00fcvenilirlik, hijyen ve esneklik i\u00e7in Teflon X&#039;in Esnek PTFE \u0130\u00e7 D\u00fcz D\u0131\u015f Oluklu Borular\u0131n\u0131 se\u00e7in.<\/p><\/blockquote>","protected":false},"excerpt":{"rendered":"<p>Esnek PTFE \u0130\u00e7 D\u00fcz D\u0131\u015f Oluklu Borumuz, kolay temizlik i\u00e7in p\u00fcr\u00fczs\u00fcz bir i\u00e7 katman ve g\u0131da i\u015fleme hatlar\u0131nda esneklik i\u00e7in oluklu bir d\u0131\u015f katman ile tasarlanm\u0131\u015ft\u0131r. Bu \u0130\u00e7 D\u00fcz Delikli D\u0131\u015f Oluklu PTFE Boru, yenilebilir g\u0131dalar\u0131n ve i\u00e7eceklerin FDA uyumlu, toksik olmayan bir \u015fekilde aktar\u0131lmas\u0131n\u0131 sa\u011flar.<\/p>\n<p>Viskoz malzemelerin ta\u015f\u0131nmas\u0131 i\u00e7in m\u00fckemmel olan PTFE K\u00f6r\u00fckl\u00fc Boru \u00e7e\u015fidi, aroma kirlenmesini \u00f6nler ve s\u0131k y\u0131kamalara dayan\u0131kl\u0131d\u0131r.<\/p>\n<p>Bu \u0130\u00e7 D\u00fcz D\u0131\u015f Dalgal\u0131 Oluklu Boruyu kurulumunuza dahil edin; PTFE \u0130\u00e7 D\u00fcz D\u0131\u015f Oluklu Boru yap\u0131s\u0131 hijyen ve dayan\u0131kl\u0131l\u0131\u011f\u0131 garanti eder.<\/p>","protected":false},"featured_media":834,"comment_status":"open","ping_status":"closed","template":"","meta":{"site-sidebar-layout":"default","site-content-layout":"","ast-site-content-layout":"default","site-content-style":"default","site-sidebar-style":"default","ast-global-header-display":"","ast-banner-title-visibility":"","ast-main-header-display":"","ast-hfb-above-header-display":"","ast-hfb-below-header-display":"","ast-hfb-mobile-header-display":"","site-post-title":"","ast-breadcrumbs-content":"","ast-featured-img":"","footer-sml-layout":"","ast-disable-related-posts":"","theme-transparent-header-meta":"default","adv-header-id-meta":"","stick-header-meta":"","header-above-stick-meta":"","header-main-stick-meta":"","header-below-stick-meta":"","astra-migrate-meta-layouts":"set","ast-page-background-enabled":"default","ast-page-background-meta":{"desktop":{"background-color":"var(--ast-global-color-5)","background-image":"","background-repeat":"repeat","background-position":"center center","background-size":"auto","background-attachment":"scroll","background-type":"","background-media":"","overlay-type":"","overlay-color":"","overlay-opacity":"","overlay-gradient":""},"tablet":{"background-color":"","background-image":"","background-repeat":"repeat","background-position":"center center","background-size":"auto","background-attachment":"scroll","background-type":"","background-media":"","overlay-type":"","overlay-color":"","overlay-opacity":"","overlay-gradient":""},"mobile":{"background-color":"","background-image":"","background-repeat":"repeat","background-position":"center center","background-size":"auto","background-attachment":"scroll","background-type":"","background-media":"","overlay-type":"","overlay-color":"","overlay-opacity":"","overlay-gradient":""}},"ast-content-background-meta":{"desktop":{"background-color":"var(--ast-global-color-4)","background-image":"","background-repeat":"repeat","background-position":"center center","background-size":"auto","background-attachment":"scroll","background-type":"","background-media":"","overlay-type":"","overlay-color":"","overlay-opacity":"","overlay-gradient":""},"tablet":{"background-color":"var(--ast-global-color-4)","background-image":"","background-repeat":"repeat","background-position":"center center","background-size":"auto","background-attachment":"scroll","background-type":"","background-media":"","overlay-type":"","overlay-color":"","overlay-opacity":"","overlay-gradient":""},"mobile":{"background-color":"var(--ast-global-color-4)","background-image":"","background-repeat":"repeat","background-position":"center center","background-size":"auto","background-attachment":"scroll","background-type":"","background-media":"","overlay-type":"","overlay-color":"","overlay-opacity":"","overlay-gradient":""}}},"product_brand":[290],"product_cat":[42],"product_tag":[300,291,297],"class_list":{"0":"post-833","1":"product","2":"type-product","3":"status-publish","4":"has-post-thumbnail","6":"product_brand-teflon-x","7":"product_cat-ptfe-corrugated-hoses","8":"product_tag-flexible-ptfe-inner-flat-outer-corrugated-tubing","9":"product_tag-inner-smooth-bore-outer-corrugated-ptfe-tube","10":"product_tag-ptfe-bellows-tube","11":"desktop-align-left","12":"tablet-align-left","13":"mobile-align-left","15":"first","16":"instock","17":"shipping-taxable","18":"product-type-simple"},"_links":{"self":[{"href":"https:\/\/teflonx.com\/tr\/wp-json\/wp\/v2\/product\/833","targetHints":{"allow":["GET"]}}],"collection":[{"href":"https:\/\/teflonx.com\/tr\/wp-json\/wp\/v2\/product"}],"about":[{"href":"https:\/\/teflonx.com\/tr\/wp-json\/wp\/v2\/types\/product"}],"replies":[{"embeddable":true,"href":"https:\/\/teflonx.com\/tr\/wp-json\/wp\/v2\/comments?post=833"}],"wp:featuredmedia":[{"embeddable":true,"href":"https:\/\/teflonx.com\/tr\/wp-json\/wp\/v2\/media\/834"}],"wp:attachment":[{"href":"https:\/\/teflonx.com\/tr\/wp-json\/wp\/v2\/media?parent=833"}],"wp:term":[{"taxonomy":"product_brand","embeddable":true,"href":"https:\/\/teflonx.com\/tr\/wp-json\/wp\/v2\/product_brand?post=833"},{"taxonomy":"product_cat","embeddable":true,"href":"https:\/\/teflonx.com\/tr\/wp-json\/wp\/v2\/product_cat?post=833"},{"taxonomy":"product_tag","embeddable":true,"href":"https:\/\/teflonx.com\/tr\/wp-json\/wp\/v2\/product_tag?post=833"}],"curies":[{"name":"wp","href":"https:\/\/api.w.org\/{rel}","templated":true}]}}