{"id":835,"date":"2025-07-15T08:11:04","date_gmt":"2025-07-15T08:11:04","guid":{"rendered":"https:\/\/teflonx.com\/?post_type=product&#038;p=835"},"modified":"2025-07-19T02:40:47","modified_gmt":"2025-07-19T02:40:47","slug":"ic-duz-dis-oluklu-ptfe-hortum","status":"publish","type":"product","link":"https:\/\/teflonx.com\/tr\/product\/ic-duz-dis-oluklu-ptfe-hortum\/","title":{"rendered":"Laboratuvarlar \u0130\u00e7in Korozyona Dayan\u0131kl\u0131 \u0130\u00e7 D\u00fcz D\u0131\u015f Oluklu PTFE Hortum"},"content":{"rendered":"<h1 id=\"corrosion-resistant-inner-flat-outer-corrugated-ptfe-hose-for-labs\">Laboratuvarlar \u0130\u00e7in Korozyona Dayan\u0131kl\u0131 \u0130\u00e7 D\u00fcz D\u0131\u015f Oluklu PTFE Hortum<\/h1>\n<p><strong>\u015eirket:<\/strong> teflon X<br \/>\n<strong>Web sitesi:<\/strong> <a href=\"https:\/\/teflonx.com\/tr\/\" target=\"_blank\" rel=\"noopener\">https:\/\/teflonx.com\/<\/a><br \/>\n<strong>\u0130leti\u015fim Sayfas\u0131:<\/strong> <a href=\"https:\/\/teflonx.com\/tr\/bize-ulasin\/\" target=\"_blank\" rel=\"noopener\">https:\/\/teflonx.com\/contact-us\/<\/a><br \/>\n<strong>\u0130leti\u015fim E-postas\u0131:<\/strong> Allison.Ye@teflonx.com<\/p>\n<hr \/>\n<h2 id=\"product-overview\">\u00dcr\u00fcn Genel Bak\u0131\u015f\u0131<\/h2>\n<p>The <strong>Korozyona Dayan\u0131kl\u0131 \u0130\u00e7 D\u00fcz D\u0131\u015f Oluklu PTFE Hortum<\/strong> Hassasiyet, kimyasal diren\u00e7 ve esneklik gerektiren laboratuvar ortamlar\u0131 i\u00e7in \u00f6zel olarak tasarlanm\u0131\u015ft\u0131r. D\u00fcz (p\u00fcr\u00fczs\u00fcz delikli) i\u00e7 y\u00fczeye ve oluklu d\u0131\u015f yap\u0131ya sahip olan bu PTFE \u0130\u00e7 D\u00fcz D\u0131\u015f Oluklu Boru, ara\u015ft\u0131rma ve analiz laboratuvarlar\u0131ndaki s\u0131v\u0131 transfer uygulamalar\u0131 i\u00e7in en y\u00fcksek safl\u0131k ve g\u00fcvenilirlik seviyesini sa\u011flar.<\/p>\n<p>Bu <strong>Korozyona Dayan\u0131kl\u0131 \u0130\u00e7 D\u00fcz D\u0131\u015f Oluklu PTFE Hortum<\/strong> Asitlere, bazlara ve \u00e7\u00f6z\u00fcc\u00fclere kar\u015f\u0131 ola\u011fan\u00fcst\u00fc direnciyle \u00f6ne \u00e7\u0131kan bu \u00fcr\u00fcn, agresif kimyasallar\u0131n kirlenmeden veya bozulmadan ta\u015f\u0131nmas\u0131 i\u00e7in ideal bir se\u00e7imdir. Esnek, oluklu d\u0131\u015f y\u00fczeyi \u00fcst\u00fcn manevra kabiliyeti sunarak, dar laboratuvar alanlar\u0131nda bile kolay kurulum ve y\u00f6nlendirme sa\u011flar.<\/p>\n<hr \/>\n<h2 id=\"key-features\">Temel \u00d6zellikler<\/h2>\n<ul>\n<li><strong>\u00dcst\u00fcn Korozyon Direnci:<\/strong><br \/>\nKorozyona Dayan\u0131kl\u0131 \u0130\u00e7 D\u00fcz D\u0131\u015f Oluklu PTFE Hortum, neredeyse t\u00fcm kimyasal reaktiflere kar\u015f\u0131 e\u015fsiz diren\u00e7 sa\u011flayan y\u00fcksek kaliteli PTFE malzemeden \u00fcretilmi\u015ftir.<\/li>\n<li><strong>\u0130\u00e7 D\u00fcz (P\u00fcr\u00fczs\u00fcz Delik) Tasar\u0131m:<\/strong><br \/>\nD\u00fcz i\u00e7 y\u00fczey, s\u0131v\u0131 tutulmas\u0131n\u0131 en aza indirir, hassas iletimi sa\u011flar ve laboratuvar do\u011frulu\u011fu i\u00e7in kritik \u00f6neme sahip olan numune kontaminasyonunu \u00f6nler.<\/li>\n<li><strong>D\u0131\u015f Oluklu Yap\u0131:<\/strong><br \/>\nOluklu d\u0131\u015f katman hortumun esnekli\u011fini art\u0131r\u0131r ve kolay kullan\u0131m ve y\u00f6nlendirmeye olanak tan\u0131r, karma\u015f\u0131k laboratuvar kurulumlar\u0131 i\u00e7in m\u00fckemmeldir.<\/li>\n<li><strong>Numune B\u00fct\u00fcnl\u00fc\u011f\u00fcn\u00fc Korur:<\/strong><br \/>\nDahili D\u00fcz Harici Dalga Oluklu T\u00fcp tasar\u0131m\u0131, numunelerinizin transferler s\u0131ras\u0131nda kirlenmemi\u015f ve tutarl\u0131 kalmas\u0131n\u0131 sa\u011flar.<\/li>\n<li><strong>S\u0131cakl\u0131k ve Bas\u0131n\u00e7 Tolerans\u0131:<\/strong><br \/>\nLaboratuvar operasyonlar\u0131nda s\u0131kl\u0131kla kar\u015f\u0131la\u015f\u0131lan zorlu s\u0131cakl\u0131k ve bas\u0131n\u00e7 ko\u015fullar\u0131na dayanacak \u015fekilde tasarlanm\u0131\u015ft\u0131r.<\/li>\n<li><strong>Geni\u015f Boyut Aral\u0131\u011f\u0131:<\/strong><br \/>\n\u00c7e\u015fitli laboratuvar ekipmanlar\u0131na ve proses gereksinimlerine uyacak \u015fekilde \u00e7e\u015fitli \u00e7aplarda mevcuttur.<\/li>\n<\/ul>\n<hr \/>\n<h2 id=\"typical-applications\">Tipik Uygulamalar<\/h2>\n<ul>\n<li>Laboratuvar s\u0131v\u0131 transferi<\/li>\n<li>Asit ve solvent da\u011f\u0131t\u0131m hatlar\u0131<\/li>\n<li>\u0130la\u00e7 \u00fcretimi<\/li>\n<li>Kimyasal analiz ve i\u015fleme<\/li>\n<li>G\u0131da ve i\u00e7ecek laboratuvar\u0131 i\u015fleme<\/li>\n<li>Biyoteknolojik ara\u015ft\u0131rma tesisleri<\/li>\n<\/ul>\n<hr \/>\n<h2 id=\"technical-parameters\">Teknik Parametreler<\/h2>\n<p>A\u015fa\u011f\u0131da Korozyona Dayan\u0131kl\u0131 \u0130\u00e7 D\u00fcz D\u0131\u015f Oluklu PTFE Hortumumuza ait detayl\u0131 teknik parametre tablosu yer almaktad\u0131r:<\/p>\n<table>\n<thead>\n<tr>\n<th>Boyut<\/th>\n<th>\u0130\u00e7 \u00c7ap (mm)<\/th>\n<th>D\u0131\u015f \u00c7ap (mm)<\/th>\n<th>\u00c7al\u0131\u015fma Bas\u0131nc\u0131 (bar)<\/th>\n<th>Patlama Bas\u0131nc\u0131 (bar)<\/th>\n<th>Min. B\u00fck\u00fclme Yar\u0131\u00e7ap\u0131 (mm)<\/th>\n<\/tr>\n<\/thead>\n<tbody>\n<tr>\n<td>1\/4&#8243;<\/td>\n<td>6,1\u00b10,3<\/td>\n<td>9,9\u00b10,3<\/td>\n<td>183<\/td>\n<td>551<\/td>\n<td>45<\/td>\n<\/tr>\n<tr>\n<td>5\/16&#8243;<\/td>\n<td>7,8\u00b10,3<\/td>\n<td>11,4\u00b10,3<\/td>\n<td>155<\/td>\n<td>466<\/td>\n<td>50<\/td>\n<\/tr>\n<tr>\n<td>3\/8&#8243;<\/td>\n<td>9,6\u00b10,3<\/td>\n<td>14.1\u00b10.3<\/td>\n<td>138<\/td>\n<td>414<\/td>\n<td>55<\/td>\n<\/tr>\n<tr>\n<td>1\/2&#8243;<\/td>\n<td>12,7\u00b10,3<\/td>\n<td>17,2\u00b10,3<\/td>\n<td>110<\/td>\n<td>331<\/td>\n<td>60<\/td>\n<\/tr>\n<tr>\n<td>5\/8&#8243;<\/td>\n<td>15,7\u00b10,3<\/td>\n<td>20,7\u00b10,3<\/td>\n<td>95<\/td>\n<td>286<\/td>\n<td>70<\/td>\n<\/tr>\n<tr>\n<td>3\/4&#8243;<\/td>\n<td>18,8\u00b10,3<\/td>\n<td>23,7\u00b10,3<\/td>\n<td>81<\/td>\n<td>245<\/td>\n<td>80<\/td>\n<\/tr>\n<tr>\n<td>1&#8243;<\/td>\n<td>25,4\u00b10,3<\/td>\n<td>29\u00b10,3<\/td>\n<td>70<\/td>\n<td>211<\/td>\n<td>135<\/td>\n<\/tr>\n<\/tbody>\n<\/table>\n<hr \/>\n<h2 id=\"why-choose-teflon-x-s-corrosion-resistant-inner-flat-outer-corrugated-ptfe-hose-\">Neden Teflon X&#039;in Korozyona Dayan\u0131kl\u0131 \u0130\u00e7 D\u00fcz D\u0131\u015f Oluklu PTFE Hortumunu Se\u00e7melisiniz?<\/h2>\n<ul>\n<li><strong>G\u00fcvenilirlik:<\/strong> PTFE \u0130\u00e7 D\u00fcz D\u0131\u015f Oluklu Borumuz zorlu laboratuvar ko\u015fullar\u0131nda bile tutarl\u0131 sonu\u00e7lar ve uzun hizmet \u00f6mr\u00fc sa\u011flar.<\/li>\n<li><strong>\u00c7ok y\u00f6nl\u00fcl\u00fck:<\/strong> \u00c7ok \u00e7e\u015fitli laboratuvar ve end\u00fcstriyel uygulamalara uygundur.<\/li>\n<li><strong>Destek:<\/strong> Benzersiz gereksinimlerinize uyacak \u015fekilde \u00f6zel teknik destek ve \u00f6zelle\u015ftirme se\u00e7enekleri.<\/li>\n<\/ul>\n<hr \/>\n<h2 id=\"contact-us\">Bize Ula\u015f\u0131n<\/h2>\n<p>Daha fazla bilgi i\u00e7in <strong>Korozyona Dayan\u0131kl\u0131 \u0130\u00e7 D\u00fcz D\u0131\u015f Oluklu PTFE Hortum<\/strong>, \u00f6zel sipari\u015fler veya teknik destek i\u00e7in l\u00fctfen sitemizi ziyaret edin <a href=\"https:\/\/teflonx.com\/tr\/bize-ulasin\/\" target=\"_blank\" rel=\"noopener\">\u0130leti\u015fim Sayfas\u0131<\/a> veya bize e-posta g\u00f6nderin <strong>Allison.Ye@teflonx.com<\/strong>.<\/p>\n<p><strong>teflon X<\/strong> \u2013 Geli\u015fmi\u015f Laboratuvar Borulama \u00c7\u00f6z\u00fcmleri i\u00e7in G\u00fcvenilir Orta\u011f\u0131n\u0131z.<\/p>\n<hr \/>","protected":false},"excerpt":{"rendered":"<p>Korozyona Dayan\u0131kl\u0131 \u0130\u00e7 D\u00fcz D\u0131\u015f Oluklu PTFE Hortum, hassas laboratuvar s\u0131v\u0131s\u0131 iletimi i\u00e7in d\u00fcz bir i\u00e7 y\u00fczey ve manevra kabiliyeti i\u00e7in oluklu bir d\u0131\u015f y\u00fczey sunar. Bu PTFE \u0130\u00e7 D\u00fcz D\u0131\u015f Oluklu Boru, laboratuvar ortamlar\u0131nda asitlere ve \u00e7\u00f6z\u00fcc\u00fclere kar\u015f\u0131 \u00fcst\u00fcn diren\u00e7 sunar.<\/p>\n<p>Ara\u015ft\u0131rma tesisleri i\u00e7in olmazsa olmaz olan Dahili D\u00fcz D\u0131\u015f Dalga Oluklu T\u00fcp, transferler s\u0131ras\u0131nda numune b\u00fct\u00fcnl\u00fc\u011f\u00fcn\u00fc korur.<\/p>\n<p>Tutarl\u0131 sonu\u00e7lar i\u00e7in bu \u0130\u00e7 D\u00fcz Delikli D\u0131\u015f Oluklu PTFE Boruya g\u00fcvenin; PTFE \u0130\u00e7 D\u00fcz D\u0131\u015f Oluklu Boruyu yans\u0131tan tasar\u0131m\u0131, laboratuvar verimlili\u011fini art\u0131r\u0131r.<\/p>","protected":false},"featured_media":836,"comment_status":"open","ping_status":"closed","template":"","meta":{"site-sidebar-layout":"default","site-content-layout":"","ast-site-content-layout":"default","site-content-style":"default","site-sidebar-style":"default","ast-global-header-display":"","ast-banner-title-visibility":"","ast-main-header-display":"","ast-hfb-above-header-display":"","ast-hfb-below-header-display":"","ast-hfb-mobile-header-display":"","site-post-title":"","ast-breadcrumbs-content":"","ast-featured-img":"","footer-sml-layout":"","ast-disable-related-posts":"","theme-transparent-header-meta":"default","adv-header-id-meta":"","stick-header-meta":"","header-above-stick-meta":"","header-main-stick-meta":"","header-below-stick-meta":"","astra-migrate-meta-layouts":"set","ast-page-background-enabled":"default","ast-page-background-meta":{"desktop":{"background-color":"var(--ast-global-color-5)","background-image":"","background-repeat":"repeat","background-position":"center center","background-size":"auto","background-attachment":"scroll","background-type":"","background-media":"","overlay-type":"","overlay-color":"","overlay-opacity":"","overlay-gradient":""},"tablet":{"background-color":"","background-image":"","background-repeat":"repeat","background-position":"center center","background-size":"auto","background-attachment":"scroll","background-type":"","background-media":"","overlay-type":"","overlay-color":"","overlay-opacity":"","overlay-gradient":""},"mobile":{"background-color":"","background-image":"","background-repeat":"repeat","background-position":"center center","background-size":"auto","background-attachment":"scroll","background-type":"","background-media":"","overlay-type":"","overlay-color":"","overlay-opacity":"","overlay-gradient":""}},"ast-content-background-meta":{"desktop":{"background-color":"var(--ast-global-color-4)","background-image":"","background-repeat":"repeat","background-position":"center center","background-size":"auto","background-attachment":"scroll","background-type":"","background-media":"","overlay-type":"","overlay-color":"","overlay-opacity":"","overlay-gradient":""},"tablet":{"background-color":"var(--ast-global-color-4)","background-image":"","background-repeat":"repeat","background-position":"center center","background-size":"auto","background-attachment":"scroll","background-type":"","background-media":"","overlay-type":"","overlay-color":"","overlay-opacity":"","overlay-gradient":""},"mobile":{"background-color":"var(--ast-global-color-4)","background-image":"","background-repeat":"repeat","background-position":"center center","background-size":"auto","background-attachment":"scroll","background-type":"","background-media":"","overlay-type":"","overlay-color":"","overlay-opacity":"","overlay-gradient":""}}},"product_brand":[290],"product_cat":[42],"product_tag":[301,302,295],"class_list":{"0":"post-835","1":"product","2":"type-product","3":"status-publish","4":"has-post-thumbnail","6":"product_brand-teflon-x","7":"product_cat-ptfe-corrugated-hoses","8":"product_tag-corrosion-resistant-inner-flat-outer-corrugated-ptfe-hose","9":"product_tag-internal-flat-external-wave-corrugated-tube","10":"product_tag-ptfe-inner-flat-outer-corrugated-pipe","11":"desktop-align-left","12":"tablet-align-left","13":"mobile-align-left","15":"first","16":"instock","17":"shipping-taxable","18":"product-type-simple"},"_links":{"self":[{"href":"https:\/\/teflonx.com\/tr\/wp-json\/wp\/v2\/product\/835","targetHints":{"allow":["GET"]}}],"collection":[{"href":"https:\/\/teflonx.com\/tr\/wp-json\/wp\/v2\/product"}],"about":[{"href":"https:\/\/teflonx.com\/tr\/wp-json\/wp\/v2\/types\/product"}],"replies":[{"embeddable":true,"href":"https:\/\/teflonx.com\/tr\/wp-json\/wp\/v2\/comments?post=835"}],"wp:featuredmedia":[{"embeddable":true,"href":"https:\/\/teflonx.com\/tr\/wp-json\/wp\/v2\/media\/836"}],"wp:attachment":[{"href":"https:\/\/teflonx.com\/tr\/wp-json\/wp\/v2\/media?parent=835"}],"wp:term":[{"taxonomy":"product_brand","embeddable":true,"href":"https:\/\/teflonx.com\/tr\/wp-json\/wp\/v2\/product_brand?post=835"},{"taxonomy":"product_cat","embeddable":true,"href":"https:\/\/teflonx.com\/tr\/wp-json\/wp\/v2\/product_cat?post=835"},{"taxonomy":"product_tag","embeddable":true,"href":"https:\/\/teflonx.com\/tr\/wp-json\/wp\/v2\/product_tag?post=835"}],"curies":[{"name":"wp","href":"https:\/\/api.w.org\/{rel}","templated":true}]}}